{"id":23330,"date":"2025-11-20T13:27:39","date_gmt":"2025-11-20T13:27:39","guid":{"rendered":"https:\/\/www.ghostysky.com\/?post_type=product&#038;p=23330"},"modified":"2025-11-23T09:23:58","modified_gmt":"2025-11-23T09:23:58","slug":"dji-osmo-action-6-nd-filter-set","status":"publish","type":"product","link":"https:\/\/www.ghostysky.com\/es\/product\/dji-osmo-action-6-nd-filter-set\/","title":{"rendered":"Juego de filtros ND para DJI Osmo Action 6"},"content":{"rendered":"<h4>Caracter\u00edsticas clave<\/h4>\n<ul data-path-to-node=\"4\">\n<li>\n<p data-path-to-node=\"4,0,0\"><b><span class=\"citation-53\">Control de luz esencial:<\/span><\/b><span class=\"citation-53 citation-end-53\"> Incluye tres filtros de densidad neutra (ND) de alta calidad para reducir significativamente la luz que llega al sensor de la c\u00e1mara:<\/span><\/p>\n<ul data-path-to-node=\"4,0,1\">\n<li>\n<p data-path-to-node=\"4,0,1,0,0\"><b><span class=\"citation-52\">Filtro ND16 (4 pasos):<\/span><\/b><span class=\"citation-52 citation-end-52\"> Ideal para d\u00edas soleados.<\/span><\/p>\n<\/li>\n<li>\n<p data-path-to-node=\"4,0,1,1,0\"><b><span class=\"citation-51 citation-end-51\">Filtro ND32 (5 pasos):<sup class=\"superscript\" data-turn-source-index=\"5\">5<\/sup><\/span><\/b><span class=\"citation-50 citation-end-50\"> Ideal para entornos muy luminosos.<\/span><\/p>\n<\/li>\n<li>\n<p data-path-to-node=\"4,0,1,2,0\"><b><span class=\"citation-49\">Filtro ND64 (6 pasos):<\/span><\/b><span class=\"citation-49 citation-end-49\"> Perfecta para condiciones de luz extremadamente brillante como la nieve o el agua abierta.<\/span><\/p>\n<p>&nbsp;<\/li>\n<\/ul>\n<\/li>\n<li>\n<p data-path-to-node=\"4,1,0\"><b><span class=\"citation-48\">Desenfoque de movimiento cinematogr\u00e1fico:<\/span><\/b><span class=\"citation-48 citation-end-48\"> Al reducir la luz, estos filtros permiten utilizar una velocidad de obturaci\u00f3n m\u00e1s lenta, logrando as\u00ed el desenfoque de movimiento natural deseado en los v\u00eddeos, un sello distintivo del cine profesional.<\/span><\/p>\n<\/li>\n<li>\n<p data-path-to-node=\"4,2,0\"><b>Calidad superior del vidrio:<\/b><span class=\"citation-47\"> Los filtros est\u00e1n construidos con <\/span><b><span class=\"citation-47\">vidrio de alta resistencia<\/span><\/b><span class=\"citation-47\"> con un <\/span><b><span class=\"citation-47\">Recubrimiento AF<\/span><\/b><span class=\"citation-47 citation-end-47\">, ofreciendo una resistencia fiable contra ca\u00eddas, ara\u00f1azos y manchas, al tiempo que garantiza un rendimiento \u00f3ptico n\u00edtido.<\/span><\/p>\n<\/li>\n<li>\n<p data-path-to-node=\"4,3,0\"><b>Montaje sencillo a presi\u00f3n:<\/b><span class=\"citation-46 citation-end-46\"> Dise\u00f1ados para la acci\u00f3n en movimiento, los filtros cuentan con un pr\u00e1ctico sistema de montaje a presi\u00f3n.<\/span>\u00a0<span class=\"citation-45\">Se acoplan directamente sobre la tapa del objetivo de la c\u00e1mara, lo que requiere <\/span><b><span class=\"citation-45\">Sin herramientas<\/span><\/b><span class=\"citation-45\"> y mantener el rendimiento general de la c\u00e1mara <\/span><b><span class=\"citation-45\">impermeabilizaci\u00f3n<\/span><\/b><span class=\"citation-45 citation-end-45\">.<\/span><\/p>\n<\/li>\n<li>\n<p data-path-to-node=\"4,4,0\"><b><span class=\"citation-44\">Optimizado para entornos luminosos:<\/span><\/b><span class=\"citation-44 citation-end-44\"> Un elemento imprescindible para la fotograf\u00eda deportiva, la acci\u00f3n al aire libre y las tomas bajo la luz solar intensa, como en playas soleadas o laderas nevadas.<sup class=\"superscript\" data-turn-source-index=\"12\">12<\/sup><\/span><\/p>\n<div class=\"source-inline-chip-container ng-star-inserted\"><\/div>\n<p>&nbsp;<\/li>\n<\/ul>\n<h4>\u00bfQu\u00e9 hay en la caja?<\/h4>\n<ul data-path-to-node=\"7\">\n<li>\n<p data-path-to-node=\"7,0,0\"><span class=\"citation-43 citation-end-43\">1 filtro ND16<\/span><\/p>\n<\/li>\n<li>\n<p data-path-to-node=\"7,1,0\"><span class=\"citation-42 citation-end-42\">1 filtro ND32<\/span><\/p>\n<\/li>\n<li>\n<p data-path-to-node=\"7,2,0\"><span class=\"citation-41 citation-end-41\">1 filtro ND64<\/span><\/p>\n<\/li>\n<li>\n<p data-path-to-node=\"7,3,0\"><span class=\"citation-40 citation-end-40\">1 estuche para filtro ND Osmo Action 6<\/span><\/p>\n<\/li>\n<\/ul>","protected":false},"excerpt":{"rendered":"<p data-path-to-node=\"1\"><span class=\"citation-55\">Toma el control de tus grabaciones de acci\u00f3n en condiciones de mucha luz con el <\/span><b><span class=\"citation-55\">Juego de filtros ND para DJI Osmo Action 6<\/span><\/b><span class=\"citation-55 citation-end-55\">.<\/span> <span class=\"citation-54 citation-end-54\">Este kit de accesorios esenciales te permite controlar la entrada de luz, garantizando tomas perfectamente expuestas y el suave y natural desenfoque de movimiento necesario para una apariencia verdaderamente cinematogr\u00e1fica.<\/span><\/p>","protected":false},"featured_media":23333,"comment_status":"open","ping_status":"closed","template":"","meta":[],"product_brand":[1031],"product_cat":[37,1301,1302,29],"product_tag":[42,1303,1305],"class_list":{"0":"post-23330","1":"product","2":"type-product","3":"status-publish","4":"has-post-thumbnail","6":"product_brand-dji","7":"product_cat-dji","8":"product_cat-dji-handled","9":"product_cat-dji-osmo-action-6","10":"product_cat-drones","11":"product_tag-dji","12":"product_tag-osmo-action-6","13":"product_tag-osmo-action-6-accessories","15":"first","16":"outofstock","17":"taxable","18":"shipping-taxable","19":"purchasable","20":"product-type-simple"},"yoast_head":"<!-- This site is optimized with the Yoast SEO plugin v27.1.1 - https:\/\/yoast.com\/product\/yoast-seo-wordpress\/ -->\n<title>DJI Osmo Action 6 ND Filter Set - Ghostysky<\/title>\n<meta name=\"description\" content=\"Take control of your action footage in bright conditions with the DJI Osmo Action 6 ND Filter Set. This essential accessory kit empowers you to manage light intake, ensuring perfectly exposed shots and the smooth, natural motion blur needed for a truly cinematic look.\" \/>\n<meta name=\"robots\" content=\"index, follow, max-snippet:-1, max-image-preview:large, max-video-preview:-1\" \/>\n<link rel=\"canonical\" href=\"https:\/\/www.ghostysky.com\/es\/producto-2\/dji-osmo-action-6-nd-filter-set\/\" \/>\n<meta property=\"og:locale\" content=\"es_ES\" \/>\n<meta property=\"og:type\" content=\"article\" \/>\n<meta property=\"og:title\" content=\"DJI Osmo Action 6 ND Filter Set - Ghostysky\" \/>\n<meta property=\"og:description\" content=\"Take control of your action footage in bright conditions with the DJI Osmo Action 6 ND Filter Set. This essential accessory kit empowers you to manage light intake, ensuring perfectly exposed shots and the smooth, natural motion blur needed for a truly cinematic look.\" \/>\n<meta property=\"og:url\" content=\"https:\/\/www.ghostysky.com\/es\/producto-2\/dji-osmo-action-6-nd-filter-set\/\" \/>\n<meta property=\"og:site_name\" content=\"Ghostysky\" \/>\n<meta property=\"article:publisher\" content=\"https:\/\/www.facebook.com\/people\/Ghostysky\/100057676170234\/\" \/>\n<meta property=\"article:modified_time\" content=\"2025-11-23T09:23:58+00:00\" \/>\n<meta property=\"og:image\" content=\"https:\/\/www.ghostysky.com\/wp-content\/uploads\/2025\/11\/GH_DJI-Osmo-Action-6-ND-Filter-Set_1.jpg\" \/>\n\t<meta property=\"og:image:width\" content=\"800\" \/>\n\t<meta property=\"og:image:height\" content=\"800\" \/>\n\t<meta property=\"og:image:type\" content=\"image\/jpeg\" \/>\n<meta name=\"twitter:card\" content=\"summary_large_image\" \/>\n<meta name=\"twitter:site\" content=\"@Gh0stysky\" \/>\n<meta name=\"twitter:label1\" content=\"Tiempo de lectura\" \/>\n\t<meta name=\"twitter:data1\" content=\"2 minutos\" \/>\n<script type=\"application\/ld+json\" class=\"yoast-schema-graph\">{\"@context\":\"https:\/\/schema.org\",\"@graph\":[{\"@type\":\"WebPage\",\"@id\":\"https:\/\/www.ghostysky.com\/product\/dji-osmo-action-6-nd-filter-set\/\",\"url\":\"https:\/\/www.ghostysky.com\/product\/dji-osmo-action-6-nd-filter-set\/\",\"name\":\"DJI Osmo Action 6 ND Filter Set - Ghostysky\",\"isPartOf\":{\"@id\":\"https:\/\/www.ghostysky.com\/#website\"},\"primaryImageOfPage\":{\"@id\":\"https:\/\/www.ghostysky.com\/product\/dji-osmo-action-6-nd-filter-set\/#primaryimage\"},\"image\":{\"@id\":\"https:\/\/www.ghostysky.com\/product\/dji-osmo-action-6-nd-filter-set\/#primaryimage\"},\"thumbnailUrl\":\"https:\/\/www.ghostysky.com\/wp-content\/uploads\/2025\/11\/GH_DJI-Osmo-Action-6-ND-Filter-Set_1.jpg\",\"datePublished\":\"2025-11-20T13:27:39+00:00\",\"dateModified\":\"2025-11-23T09:23:58+00:00\",\"description\":\"Take control of your action footage in bright conditions with the DJI Osmo Action 6 ND Filter Set. This essential accessory kit empowers you to manage light intake, ensuring perfectly exposed shots and the smooth, natural motion blur needed for a truly cinematic look.\",\"breadcrumb\":{\"@id\":\"https:\/\/www.ghostysky.com\/product\/dji-osmo-action-6-nd-filter-set\/#breadcrumb\"},\"inLanguage\":\"es\",\"potentialAction\":[{\"@type\":\"ReadAction\",\"target\":[\"https:\/\/www.ghostysky.com\/product\/dji-osmo-action-6-nd-filter-set\/\"]}]},{\"@type\":\"ImageObject\",\"inLanguage\":\"es\",\"@id\":\"https:\/\/www.ghostysky.com\/product\/dji-osmo-action-6-nd-filter-set\/#primaryimage\",\"url\":\"https:\/\/www.ghostysky.com\/wp-content\/uploads\/2025\/11\/GH_DJI-Osmo-Action-6-ND-Filter-Set_1.jpg\",\"contentUrl\":\"https:\/\/www.ghostysky.com\/wp-content\/uploads\/2025\/11\/GH_DJI-Osmo-Action-6-ND-Filter-Set_1.jpg\",\"width\":800,\"height\":800},{\"@type\":\"BreadcrumbList\",\"@id\":\"https:\/\/www.ghostysky.com\/product\/dji-osmo-action-6-nd-filter-set\/#breadcrumb\",\"itemListElement\":[{\"@type\":\"ListItem\",\"position\":1,\"name\":\"Home\",\"item\":\"https:\/\/www.ghostysky.com\/\"},{\"@type\":\"ListItem\",\"position\":2,\"name\":\"Shop\",\"item\":\"https:\/\/www.ghostysky.com\/shop\/\"},{\"@type\":\"ListItem\",\"position\":3,\"name\":\"DJI Osmo Action 6 ND Filter Set\"}]},{\"@type\":\"WebSite\",\"@id\":\"https:\/\/www.ghostysky.com\/#website\",\"url\":\"https:\/\/www.ghostysky.com\/\",\"name\":\"Ghostysky\",\"description\":\"Delivering professional drones and services\",\"publisher\":{\"@id\":\"https:\/\/www.ghostysky.com\/#organization\"},\"potentialAction\":[{\"@type\":\"SearchAction\",\"target\":{\"@type\":\"EntryPoint\",\"urlTemplate\":\"https:\/\/www.ghostysky.com\/?s={search_term_string}\"},\"query-input\":{\"@type\":\"PropertyValueSpecification\",\"valueRequired\":true,\"valueName\":\"search_term_string\"}}],\"inLanguage\":\"es\"},{\"@type\":\"Organization\",\"@id\":\"https:\/\/www.ghostysky.com\/#organization\",\"name\":\"Ghostysky\",\"url\":\"https:\/\/www.ghostysky.com\/\",\"logo\":{\"@type\":\"ImageObject\",\"inLanguage\":\"es\",\"@id\":\"https:\/\/www.ghostysky.com\/#\/schema\/logo\/image\/\",\"url\":\"https:\/\/www.ghostysky.com\/wp-content\/uploads\/2020\/06\/cropped-ghostyskylogo_text_white2.png\",\"contentUrl\":\"https:\/\/www.ghostysky.com\/wp-content\/uploads\/2020\/06\/cropped-ghostyskylogo_text_white2.png\",\"width\":169,\"height\":56,\"caption\":\"Ghostysky\"},\"image\":{\"@id\":\"https:\/\/www.ghostysky.com\/#\/schema\/logo\/image\/\"},\"sameAs\":[\"https:\/\/www.facebook.com\/people\/Ghostysky\/100057676170234\/\",\"https:\/\/x.com\/Gh0stysky\",\"https:\/\/www.linkedin.com\/company\/34739653\",\"https:\/\/www.instagram.com\/gh0stysky\"]}]}<\/script>\n<!-- \/ Yoast SEO plugin. -->","yoast_head_json":{"title":"Juego de 6 filtros ND para DJI Osmo Action - Ghostysky","description":"Domina tus grabaciones de acci\u00f3n en condiciones de mucha luz con el juego de 6 filtros ND para DJI Osmo Action. Este kit de accesorios esencial te permite controlar la entrada de luz, garantizando tomas perfectamente expuestas y el suave y natural desenfoque de movimiento necesario para un aspecto verdaderamente cinematogr\u00e1fico.","robots":{"index":"index","follow":"follow","max-snippet":"max-snippet:-1","max-image-preview":"max-image-preview:large","max-video-preview":"max-video-preview:-1"},"canonical":"https:\/\/www.ghostysky.com\/es\/producto-2\/dji-osmo-action-6-nd-filter-set\/","og_locale":"es_ES","og_type":"article","og_title":"DJI Osmo Action 6 ND Filter Set - Ghostysky","og_description":"Take control of your action footage in bright conditions with the DJI Osmo Action 6 ND Filter Set. This essential accessory kit empowers you to manage light intake, ensuring perfectly exposed shots and the smooth, natural motion blur needed for a truly cinematic look.","og_url":"https:\/\/www.ghostysky.com\/es\/producto-2\/dji-osmo-action-6-nd-filter-set\/","og_site_name":"Ghostysky","article_publisher":"https:\/\/www.facebook.com\/people\/Ghostysky\/100057676170234\/","article_modified_time":"2025-11-23T09:23:58+00:00","og_image":[{"width":800,"height":800,"url":"https:\/\/www.ghostysky.com\/wp-content\/uploads\/2025\/11\/GH_DJI-Osmo-Action-6-ND-Filter-Set_1.jpg","type":"image\/jpeg"}],"twitter_card":"summary_large_image","twitter_site":"@Gh0stysky","twitter_misc":{"Tiempo de lectura":"2 minutos"},"schema":{"@context":"https:\/\/schema.org","@graph":[{"@type":"WebPage","@id":"https:\/\/www.ghostysky.com\/product\/dji-osmo-action-6-nd-filter-set\/","url":"https:\/\/www.ghostysky.com\/product\/dji-osmo-action-6-nd-filter-set\/","name":"Juego de 6 filtros ND para DJI Osmo Action - Ghostysky","isPartOf":{"@id":"https:\/\/www.ghostysky.com\/#website"},"primaryImageOfPage":{"@id":"https:\/\/www.ghostysky.com\/product\/dji-osmo-action-6-nd-filter-set\/#primaryimage"},"image":{"@id":"https:\/\/www.ghostysky.com\/product\/dji-osmo-action-6-nd-filter-set\/#primaryimage"},"thumbnailUrl":"https:\/\/www.ghostysky.com\/wp-content\/uploads\/2025\/11\/GH_DJI-Osmo-Action-6-ND-Filter-Set_1.jpg","datePublished":"2025-11-20T13:27:39+00:00","dateModified":"2025-11-23T09:23:58+00:00","description":"Domina tus grabaciones de acci\u00f3n en condiciones de mucha luz con el juego de 6 filtros ND para DJI Osmo Action. Este kit de accesorios esencial te permite controlar la entrada de luz, garantizando tomas perfectamente expuestas y el suave y natural desenfoque de movimiento necesario para un aspecto verdaderamente cinematogr\u00e1fico.","breadcrumb":{"@id":"https:\/\/www.ghostysky.com\/product\/dji-osmo-action-6-nd-filter-set\/#breadcrumb"},"inLanguage":"es","potentialAction":[{"@type":"ReadAction","target":["https:\/\/www.ghostysky.com\/product\/dji-osmo-action-6-nd-filter-set\/"]}]},{"@type":"ImageObject","inLanguage":"es","@id":"https:\/\/www.ghostysky.com\/product\/dji-osmo-action-6-nd-filter-set\/#primaryimage","url":"https:\/\/www.ghostysky.com\/wp-content\/uploads\/2025\/11\/GH_DJI-Osmo-Action-6-ND-Filter-Set_1.jpg","contentUrl":"https:\/\/www.ghostysky.com\/wp-content\/uploads\/2025\/11\/GH_DJI-Osmo-Action-6-ND-Filter-Set_1.jpg","width":800,"height":800},{"@type":"BreadcrumbList","@id":"https:\/\/www.ghostysky.com\/product\/dji-osmo-action-6-nd-filter-set\/#breadcrumb","itemListElement":[{"@type":"ListItem","position":1,"name":"Home","item":"https:\/\/www.ghostysky.com\/"},{"@type":"ListItem","position":2,"name":"Shop","item":"https:\/\/www.ghostysky.com\/shop\/"},{"@type":"ListItem","position":3,"name":"DJI Osmo Action 6 ND Filter Set"}]},{"@type":"WebSite","@id":"https:\/\/www.ghostysky.com\/#website","url":"https:\/\/www.ghostysky.com\/","name":"Ghostysky","description":"Entrega de drones y servicios profesionales","publisher":{"@id":"https:\/\/www.ghostysky.com\/#organization"},"potentialAction":[{"@type":"SearchAction","target":{"@type":"EntryPoint","urlTemplate":"https:\/\/www.ghostysky.com\/?s={search_term_string}"},"query-input":{"@type":"PropertyValueSpecification","valueRequired":true,"valueName":"search_term_string"}}],"inLanguage":"es"},{"@type":"Organization","@id":"https:\/\/www.ghostysky.com\/#organization","name":"Ghostysky","url":"https:\/\/www.ghostysky.com\/","logo":{"@type":"ImageObject","inLanguage":"es","@id":"https:\/\/www.ghostysky.com\/#\/schema\/logo\/image\/","url":"https:\/\/www.ghostysky.com\/wp-content\/uploads\/2020\/06\/cropped-ghostyskylogo_text_white2.png","contentUrl":"https:\/\/www.ghostysky.com\/wp-content\/uploads\/2020\/06\/cropped-ghostyskylogo_text_white2.png","width":169,"height":56,"caption":"Ghostysky"},"image":{"@id":"https:\/\/www.ghostysky.com\/#\/schema\/logo\/image\/"},"sameAs":["https:\/\/www.facebook.com\/people\/Ghostysky\/100057676170234\/","https:\/\/x.com\/Gh0stysky","https:\/\/www.linkedin.com\/company\/34739653","https:\/\/www.instagram.com\/gh0stysky"]}]}},"_links":{"self":[{"href":"https:\/\/www.ghostysky.com\/es\/wp-json\/wp\/v2\/product\/23330","targetHints":{"allow":["GET"]}}],"collection":[{"href":"https:\/\/www.ghostysky.com\/es\/wp-json\/wp\/v2\/product"}],"about":[{"href":"https:\/\/www.ghostysky.com\/es\/wp-json\/wp\/v2\/types\/product"}],"replies":[{"embeddable":true,"href":"https:\/\/www.ghostysky.com\/es\/wp-json\/wp\/v2\/comments?post=23330"}],"wp:featuredmedia":[{"embeddable":true,"href":"https:\/\/www.ghostysky.com\/es\/wp-json\/wp\/v2\/media\/23333"}],"wp:attachment":[{"href":"https:\/\/www.ghostysky.com\/es\/wp-json\/wp\/v2\/media?parent=23330"}],"wp:term":[{"taxonomy":"product_brand","embeddable":true,"href":"https:\/\/www.ghostysky.com\/es\/wp-json\/wp\/v2\/product_brand?post=23330"},{"taxonomy":"product_cat","embeddable":true,"href":"https:\/\/www.ghostysky.com\/es\/wp-json\/wp\/v2\/product_cat?post=23330"},{"taxonomy":"product_tag","embeddable":true,"href":"https:\/\/www.ghostysky.com\/es\/wp-json\/wp\/v2\/product_tag?post=23330"}],"curies":[{"name":"wp","href":"https:\/\/api.w.org\/{rel}","templated":true}]}}