{"id":23334,"date":"2025-11-20T13:38:19","date_gmt":"2025-11-20T13:38:19","guid":{"rendered":"https:\/\/www.ghostysky.com\/?post_type=product&#038;p=23334"},"modified":"2025-11-23T09:21:05","modified_gmt":"2025-11-23T09:21:05","slug":"dji-osmo-action-6-waterproof-case","status":"publish","type":"product","link":"https:\/\/www.ghostysky.com\/es\/product\/dji-osmo-action-6-waterproof-case\/","title":{"rendered":"Carcasa impermeable para DJI Osmo Action 6"},"content":{"rendered":"<h4>Caracter\u00edsticas clave<\/h4>\n<ul data-path-to-node=\"3\">\n<li>\n<p data-path-to-node=\"3,0,0\"><b><span class=\"citation-68\">Clasificaci\u00f3n de profundidad extrema:<\/span><\/b><span class=\"citation-68\"> Proporciona una protecci\u00f3n impermeable fiable para tu Osmo Action 6 hasta <\/span><b><span class=\"citation-68\">60 metros (197 pies)<\/span><\/b><span class=\"citation-68 citation-end-68\">, perfecto para el buceo y las actividades en aguas profundas.<\/span><\/p>\n<\/li>\n<li>\n<p data-path-to-node=\"3,1,0\"><b>Visibilidad cristalina:<\/b><span class=\"citation-67\"> El caso utiliza <\/span><b><span class=\"citation-67\">vidrio de alta resistencia<\/span><\/b><span class=\"citation-67 citation-end-67\"> sobre el objetivo para garantizar una visi\u00f3n clara, brillante y sin obst\u00e1culos para obtener v\u00eddeos y fotos de alta calidad.<\/span><\/p>\n<\/li>\n<li>\n<p data-path-to-node=\"3,2,0\"><b><span class=\"citation-66\">Control de condensaci\u00f3n:<\/span><\/b><span class=\"citation-66\"> Incluye <\/span><b><span class=\"citation-66\">seis pares de insertos antivaho<\/span><\/b><span class=\"citation-66 citation-end-66\"> Para evitar la acumulaci\u00f3n de condensaci\u00f3n dentro de la carcasa al cambiar de temperatura, garantizando as\u00ed una toma n\u00edtida en todo momento.<\/span><\/p>\n<\/li>\n<li>\n<p data-path-to-node=\"3,3,0\"><b><span class=\"citation-65\">Acceso completo a la c\u00e1mara:<\/span><\/b><span class=\"citation-65\"> Cuenta con botones mec\u00e1nicos que proporcionan <\/span><b><span class=\"citation-65\">acceso f\u00e1cil y natural<\/span><\/b><span class=\"citation-65 citation-end-65\"> a los controles del obturador y del modo de su c\u00e1mara, lo que permite un funcionamiento perfecto incluso bajo el agua.<\/span><\/p>\n<\/li>\n<li>\n<p data-path-to-node=\"3,4,0\"><b><span class=\"citation-64\">Integraci\u00f3n perfecta:<\/span><\/b><span class=\"citation-64\"> Dise\u00f1ado espec\u00edficamente para adaptarse perfectamente al Osmo Action 6, e incluye un <\/span><b><span class=\"citation-64\">montaje est\u00e1ndar de 2 clavijas<\/span><\/b><span class=\"citation-64 citation-end-64\"> en la parte inferior para facilitar la fijaci\u00f3n a empu\u00f1aduras, asas y otros accesorios de buceo.<\/span><\/p>\n<div class=\"source-inline-chip-container ng-star-inserted\"><\/div>\n<\/li>\n<\/ul>\n<p data-path-to-node=\"4\"><span class=\"citation-63 citation-end-63\">Ya sea que est\u00e9s explorando vibrantes arrecifes de coral, practicando snorkel o participando en intensos deportes acu\u00e1ticos, la carcasa impermeable DJI Osmo Action 6 es tu equipo esencial para grabar sin restricciones en aguas profundas.<\/span><\/p>","protected":false},"excerpt":{"rendered":"<p>Desata todo el potencial submarino de tu DJI Osmo Action 6 con la funci\u00f3n dedicada <b>Carcasa impermeable para DJI Osmo Action 6<\/b>Dise\u00f1ada para el entusiasta subacu\u00e1tico serio, esta carcasa resistente lleva su c\u00e1mara mucho m\u00e1s all\u00e1 de su impermeabilidad nativa, permiti\u00e9ndole capturar im\u00e1genes impresionantes y n\u00edtidas en las profundidades.<\/p>","protected":false},"featured_media":23337,"comment_status":"open","ping_status":"closed","template":"","meta":[],"product_brand":[1031],"product_cat":[37,1301,1302,29],"product_tag":[42,1306,1303,1305],"class_list":{"0":"post-23334","1":"product","2":"type-product","3":"status-publish","4":"has-post-thumbnail","6":"product_brand-dji","7":"product_cat-dji","8":"product_cat-dji-handled","9":"product_cat-dji-osmo-action-6","10":"product_cat-drones","11":"product_tag-dji","12":"product_tag-dji-osmo-action","13":"product_tag-osmo-action-6","14":"product_tag-osmo-action-6-accessories","16":"first","17":"outofstock","18":"taxable","19":"shipping-taxable","20":"purchasable","21":"product-type-simple"},"yoast_head":"<!-- This site is optimized with the Yoast SEO plugin v27.1.1 - https:\/\/yoast.com\/product\/yoast-seo-wordpress\/ -->\n<title>DJI Osmo Action 6 Waterproof Case - Ghostysky<\/title>\n<meta name=\"description\" content=\"Unlock the full underwater potential of your DJI Osmo Action 6 with the dedicated DJI Osmo Action 6 Waterproof Case. Designed for the serious underwater enthusiast, this rugged housing takes your camera far beyond its native waterproofing, allowing you to capture stunning, crystal-clear footage in the deep.\" \/>\n<meta name=\"robots\" content=\"index, follow, max-snippet:-1, max-image-preview:large, max-video-preview:-1\" \/>\n<link rel=\"canonical\" href=\"https:\/\/www.ghostysky.com\/es\/producto-2\/dji-osmo-action-6-waterproof-case\/\" \/>\n<meta property=\"og:locale\" content=\"es_ES\" \/>\n<meta property=\"og:type\" content=\"article\" \/>\n<meta property=\"og:title\" content=\"DJI Osmo Action 6 Waterproof Case - Ghostysky\" \/>\n<meta property=\"og:description\" content=\"Unlock the full underwater potential of your DJI Osmo Action 6 with the dedicated DJI Osmo Action 6 Waterproof Case. Designed for the serious underwater enthusiast, this rugged housing takes your camera far beyond its native waterproofing, allowing you to capture stunning, crystal-clear footage in the deep.\" \/>\n<meta property=\"og:url\" content=\"https:\/\/www.ghostysky.com\/es\/producto-2\/dji-osmo-action-6-waterproof-case\/\" \/>\n<meta property=\"og:site_name\" content=\"Ghostysky\" \/>\n<meta property=\"article:publisher\" content=\"https:\/\/www.facebook.com\/people\/Ghostysky\/100057676170234\/\" \/>\n<meta property=\"article:modified_time\" content=\"2025-11-23T09:21:05+00:00\" \/>\n<meta property=\"og:image\" content=\"https:\/\/www.ghostysky.com\/wp-content\/uploads\/2025\/11\/GH_DJI-Osmo-Action-6-Waterproof-Case_1.jpg\" \/>\n\t<meta property=\"og:image:width\" content=\"800\" \/>\n\t<meta property=\"og:image:height\" content=\"800\" \/>\n\t<meta property=\"og:image:type\" content=\"image\/jpeg\" \/>\n<meta name=\"twitter:card\" content=\"summary_large_image\" \/>\n<meta name=\"twitter:site\" content=\"@Gh0stysky\" \/>\n<meta name=\"twitter:label1\" content=\"Tiempo de lectura\" \/>\n\t<meta name=\"twitter:data1\" content=\"1 minuto\" \/>\n<script type=\"application\/ld+json\" class=\"yoast-schema-graph\">{\"@context\":\"https:\/\/schema.org\",\"@graph\":[{\"@type\":\"WebPage\",\"@id\":\"https:\/\/www.ghostysky.com\/product\/dji-osmo-action-6-waterproof-case\/\",\"url\":\"https:\/\/www.ghostysky.com\/product\/dji-osmo-action-6-waterproof-case\/\",\"name\":\"DJI Osmo Action 6 Waterproof Case - Ghostysky\",\"isPartOf\":{\"@id\":\"https:\/\/www.ghostysky.com\/#website\"},\"primaryImageOfPage\":{\"@id\":\"https:\/\/www.ghostysky.com\/product\/dji-osmo-action-6-waterproof-case\/#primaryimage\"},\"image\":{\"@id\":\"https:\/\/www.ghostysky.com\/product\/dji-osmo-action-6-waterproof-case\/#primaryimage\"},\"thumbnailUrl\":\"https:\/\/www.ghostysky.com\/wp-content\/uploads\/2025\/11\/GH_DJI-Osmo-Action-6-Waterproof-Case_1.jpg\",\"datePublished\":\"2025-11-20T13:38:19+00:00\",\"dateModified\":\"2025-11-23T09:21:05+00:00\",\"description\":\"Unlock the full underwater potential of your DJI Osmo Action 6 with the dedicated DJI Osmo Action 6 Waterproof Case. Designed for the serious underwater enthusiast, this rugged housing takes your camera far beyond its native waterproofing, allowing you to capture stunning, crystal-clear footage in the deep.\",\"breadcrumb\":{\"@id\":\"https:\/\/www.ghostysky.com\/product\/dji-osmo-action-6-waterproof-case\/#breadcrumb\"},\"inLanguage\":\"es\",\"potentialAction\":[{\"@type\":\"ReadAction\",\"target\":[\"https:\/\/www.ghostysky.com\/product\/dji-osmo-action-6-waterproof-case\/\"]}]},{\"@type\":\"ImageObject\",\"inLanguage\":\"es\",\"@id\":\"https:\/\/www.ghostysky.com\/product\/dji-osmo-action-6-waterproof-case\/#primaryimage\",\"url\":\"https:\/\/www.ghostysky.com\/wp-content\/uploads\/2025\/11\/GH_DJI-Osmo-Action-6-Waterproof-Case_1.jpg\",\"contentUrl\":\"https:\/\/www.ghostysky.com\/wp-content\/uploads\/2025\/11\/GH_DJI-Osmo-Action-6-Waterproof-Case_1.jpg\",\"width\":800,\"height\":800},{\"@type\":\"BreadcrumbList\",\"@id\":\"https:\/\/www.ghostysky.com\/product\/dji-osmo-action-6-waterproof-case\/#breadcrumb\",\"itemListElement\":[{\"@type\":\"ListItem\",\"position\":1,\"name\":\"Home\",\"item\":\"https:\/\/www.ghostysky.com\/\"},{\"@type\":\"ListItem\",\"position\":2,\"name\":\"Shop\",\"item\":\"https:\/\/www.ghostysky.com\/shop\/\"},{\"@type\":\"ListItem\",\"position\":3,\"name\":\"DJI Osmo Action 6 Waterproof Case\"}]},{\"@type\":\"WebSite\",\"@id\":\"https:\/\/www.ghostysky.com\/#website\",\"url\":\"https:\/\/www.ghostysky.com\/\",\"name\":\"Ghostysky\",\"description\":\"Delivering professional drones and services\",\"publisher\":{\"@id\":\"https:\/\/www.ghostysky.com\/#organization\"},\"potentialAction\":[{\"@type\":\"SearchAction\",\"target\":{\"@type\":\"EntryPoint\",\"urlTemplate\":\"https:\/\/www.ghostysky.com\/?s={search_term_string}\"},\"query-input\":{\"@type\":\"PropertyValueSpecification\",\"valueRequired\":true,\"valueName\":\"search_term_string\"}}],\"inLanguage\":\"es\"},{\"@type\":\"Organization\",\"@id\":\"https:\/\/www.ghostysky.com\/#organization\",\"name\":\"Ghostysky\",\"url\":\"https:\/\/www.ghostysky.com\/\",\"logo\":{\"@type\":\"ImageObject\",\"inLanguage\":\"es\",\"@id\":\"https:\/\/www.ghostysky.com\/#\/schema\/logo\/image\/\",\"url\":\"https:\/\/www.ghostysky.com\/wp-content\/uploads\/2020\/06\/cropped-ghostyskylogo_text_white2.png\",\"contentUrl\":\"https:\/\/www.ghostysky.com\/wp-content\/uploads\/2020\/06\/cropped-ghostyskylogo_text_white2.png\",\"width\":169,\"height\":56,\"caption\":\"Ghostysky\"},\"image\":{\"@id\":\"https:\/\/www.ghostysky.com\/#\/schema\/logo\/image\/\"},\"sameAs\":[\"https:\/\/www.facebook.com\/people\/Ghostysky\/100057676170234\/\",\"https:\/\/x.com\/Gh0stysky\",\"https:\/\/www.linkedin.com\/company\/34739653\",\"https:\/\/www.instagram.com\/gh0stysky\"]}]}<\/script>\n<!-- \/ Yoast SEO plugin. -->","yoast_head_json":{"title":"Carcasa impermeable para DJI Osmo Action 6 - Ghostysky","description":"Desata todo el potencial subacu\u00e1tico de tu DJI Osmo Action 6 con la carcasa impermeable espec\u00edfica para DJI Osmo Action 6. Dise\u00f1ada para los entusiastas subacu\u00e1ticos m\u00e1s exigentes, esta robusta carcasa lleva tu c\u00e1mara mucho m\u00e1s all\u00e1 de su resistencia al agua nativa, permiti\u00e9ndote capturar im\u00e1genes n\u00edtidas e impresionantes en las profundidades.","robots":{"index":"index","follow":"follow","max-snippet":"max-snippet:-1","max-image-preview":"max-image-preview:large","max-video-preview":"max-video-preview:-1"},"canonical":"https:\/\/www.ghostysky.com\/es\/producto-2\/dji-osmo-action-6-waterproof-case\/","og_locale":"es_ES","og_type":"article","og_title":"DJI Osmo Action 6 Waterproof Case - Ghostysky","og_description":"Unlock the full underwater potential of your DJI Osmo Action 6 with the dedicated DJI Osmo Action 6 Waterproof Case. Designed for the serious underwater enthusiast, this rugged housing takes your camera far beyond its native waterproofing, allowing you to capture stunning, crystal-clear footage in the deep.","og_url":"https:\/\/www.ghostysky.com\/es\/producto-2\/dji-osmo-action-6-waterproof-case\/","og_site_name":"Ghostysky","article_publisher":"https:\/\/www.facebook.com\/people\/Ghostysky\/100057676170234\/","article_modified_time":"2025-11-23T09:21:05+00:00","og_image":[{"width":800,"height":800,"url":"https:\/\/www.ghostysky.com\/wp-content\/uploads\/2025\/11\/GH_DJI-Osmo-Action-6-Waterproof-Case_1.jpg","type":"image\/jpeg"}],"twitter_card":"summary_large_image","twitter_site":"@Gh0stysky","twitter_misc":{"Tiempo de lectura":"1 minuto"},"schema":{"@context":"https:\/\/schema.org","@graph":[{"@type":"WebPage","@id":"https:\/\/www.ghostysky.com\/product\/dji-osmo-action-6-waterproof-case\/","url":"https:\/\/www.ghostysky.com\/product\/dji-osmo-action-6-waterproof-case\/","name":"Carcasa impermeable para DJI Osmo Action 6 - Ghostysky","isPartOf":{"@id":"https:\/\/www.ghostysky.com\/#website"},"primaryImageOfPage":{"@id":"https:\/\/www.ghostysky.com\/product\/dji-osmo-action-6-waterproof-case\/#primaryimage"},"image":{"@id":"https:\/\/www.ghostysky.com\/product\/dji-osmo-action-6-waterproof-case\/#primaryimage"},"thumbnailUrl":"https:\/\/www.ghostysky.com\/wp-content\/uploads\/2025\/11\/GH_DJI-Osmo-Action-6-Waterproof-Case_1.jpg","datePublished":"2025-11-20T13:38:19+00:00","dateModified":"2025-11-23T09:21:05+00:00","description":"Desata todo el potencial subacu\u00e1tico de tu DJI Osmo Action 6 con la carcasa impermeable espec\u00edfica para DJI Osmo Action 6. Dise\u00f1ada para los entusiastas subacu\u00e1ticos m\u00e1s exigentes, esta robusta carcasa lleva tu c\u00e1mara mucho m\u00e1s all\u00e1 de su resistencia al agua nativa, permiti\u00e9ndote capturar im\u00e1genes n\u00edtidas e impresionantes en las profundidades.","breadcrumb":{"@id":"https:\/\/www.ghostysky.com\/product\/dji-osmo-action-6-waterproof-case\/#breadcrumb"},"inLanguage":"es","potentialAction":[{"@type":"ReadAction","target":["https:\/\/www.ghostysky.com\/product\/dji-osmo-action-6-waterproof-case\/"]}]},{"@type":"ImageObject","inLanguage":"es","@id":"https:\/\/www.ghostysky.com\/product\/dji-osmo-action-6-waterproof-case\/#primaryimage","url":"https:\/\/www.ghostysky.com\/wp-content\/uploads\/2025\/11\/GH_DJI-Osmo-Action-6-Waterproof-Case_1.jpg","contentUrl":"https:\/\/www.ghostysky.com\/wp-content\/uploads\/2025\/11\/GH_DJI-Osmo-Action-6-Waterproof-Case_1.jpg","width":800,"height":800},{"@type":"BreadcrumbList","@id":"https:\/\/www.ghostysky.com\/product\/dji-osmo-action-6-waterproof-case\/#breadcrumb","itemListElement":[{"@type":"ListItem","position":1,"name":"Home","item":"https:\/\/www.ghostysky.com\/"},{"@type":"ListItem","position":2,"name":"Shop","item":"https:\/\/www.ghostysky.com\/shop\/"},{"@type":"ListItem","position":3,"name":"DJI Osmo Action 6 Waterproof Case"}]},{"@type":"WebSite","@id":"https:\/\/www.ghostysky.com\/#website","url":"https:\/\/www.ghostysky.com\/","name":"Ghostysky","description":"Entrega de drones y servicios profesionales","publisher":{"@id":"https:\/\/www.ghostysky.com\/#organization"},"potentialAction":[{"@type":"SearchAction","target":{"@type":"EntryPoint","urlTemplate":"https:\/\/www.ghostysky.com\/?s={search_term_string}"},"query-input":{"@type":"PropertyValueSpecification","valueRequired":true,"valueName":"search_term_string"}}],"inLanguage":"es"},{"@type":"Organization","@id":"https:\/\/www.ghostysky.com\/#organization","name":"Ghostysky","url":"https:\/\/www.ghostysky.com\/","logo":{"@type":"ImageObject","inLanguage":"es","@id":"https:\/\/www.ghostysky.com\/#\/schema\/logo\/image\/","url":"https:\/\/www.ghostysky.com\/wp-content\/uploads\/2020\/06\/cropped-ghostyskylogo_text_white2.png","contentUrl":"https:\/\/www.ghostysky.com\/wp-content\/uploads\/2020\/06\/cropped-ghostyskylogo_text_white2.png","width":169,"height":56,"caption":"Ghostysky"},"image":{"@id":"https:\/\/www.ghostysky.com\/#\/schema\/logo\/image\/"},"sameAs":["https:\/\/www.facebook.com\/people\/Ghostysky\/100057676170234\/","https:\/\/x.com\/Gh0stysky","https:\/\/www.linkedin.com\/company\/34739653","https:\/\/www.instagram.com\/gh0stysky"]}]}},"_links":{"self":[{"href":"https:\/\/www.ghostysky.com\/es\/wp-json\/wp\/v2\/product\/23334","targetHints":{"allow":["GET"]}}],"collection":[{"href":"https:\/\/www.ghostysky.com\/es\/wp-json\/wp\/v2\/product"}],"about":[{"href":"https:\/\/www.ghostysky.com\/es\/wp-json\/wp\/v2\/types\/product"}],"replies":[{"embeddable":true,"href":"https:\/\/www.ghostysky.com\/es\/wp-json\/wp\/v2\/comments?post=23334"}],"wp:featuredmedia":[{"embeddable":true,"href":"https:\/\/www.ghostysky.com\/es\/wp-json\/wp\/v2\/media\/23337"}],"wp:attachment":[{"href":"https:\/\/www.ghostysky.com\/es\/wp-json\/wp\/v2\/media?parent=23334"}],"wp:term":[{"taxonomy":"product_brand","embeddable":true,"href":"https:\/\/www.ghostysky.com\/es\/wp-json\/wp\/v2\/product_brand?post=23334"},{"taxonomy":"product_cat","embeddable":true,"href":"https:\/\/www.ghostysky.com\/es\/wp-json\/wp\/v2\/product_cat?post=23334"},{"taxonomy":"product_tag","embeddable":true,"href":"https:\/\/www.ghostysky.com\/es\/wp-json\/wp\/v2\/product_tag?post=23334"}],"curies":[{"name":"wp","href":"https:\/\/api.w.org\/{rel}","templated":true}]}}