{"id":23339,"date":"2025-11-20T13:39:48","date_gmt":"2025-11-20T13:39:48","guid":{"rendered":"https:\/\/www.ghostysky.com\/?post_type=product&#038;p=23339"},"modified":"2025-11-23T09:22:39","modified_gmt":"2025-11-23T09:22:39","slug":"dji-osmo-multifunctional-battery-case-3","status":"publish","type":"product","link":"https:\/\/www.ghostysky.com\/es\/product\/dji-osmo-multifunctional-battery-case-3\/","title":{"rendered":"Estuche multifuncional para bater\u00eda DJI Osmo 3"},"content":{"rendered":"<h4>Caracter\u00edsticas clave<\/h4>\n<ul data-path-to-node=\"3\">\n<li>\n<p data-path-to-node=\"3,0,0\"><b class=\"\">Triple potencia de carga:<\/b><span class=\"citation-75\"> Se carga de forma inteligente y r\u00e1pida hasta <\/span><b class=\"\"><span class=\"citation-75\">tres bater\u00edas Osmo Action Extreme<\/span><\/b><span class=\"citation-75 citation-end-75\"> en secuencia (primero el nivel de potencia m\u00e1s alto para maximizar la eficiencia del tiempo de carga).<\/span><\/p>\n<\/li>\n<li>\n<p data-path-to-node=\"3,1,0\"><b><span class=\"citation-74\">Bater\u00eda externa de doble funci\u00f3n:<\/span><\/b><span class=\"citation-74\"> Una vez insertadas las bater\u00edas, la carcasa puede transformarse en una <\/span><b class=\"\"><span class=\"citation-74\">bater\u00eda externa<\/span><\/b><span class=\"citation-74 citation-end-74\"> Para cargar otros dispositivos como tu smartphone o tableta a trav\u00e9s de su puerto USB-C, prolongando as\u00ed la vida \u00fatil de todos tus dispositivos esenciales cuando est\u00e1s fuera de casa.<\/span><\/p>\n<\/li>\n<li>\n<p data-path-to-node=\"3,2,0\"><b class=\"\">Almacenamiento seguro y organizado:<\/b><span class=\"citation-73\"> El estuche resistente est\u00e1 dise\u00f1ado para almacenar y proteger de forma segura. <\/span><b class=\"\"><span class=\"citation-73\">tres bater\u00edas Osmo Action Extreme<\/span><\/b><span class=\"citation-73\"> e incluye pr\u00e1cticas ranuras para <\/span><b class=\"\"><span class=\"citation-73\">dos tarjetas microSD<\/span><\/b><span class=\"citation-73 citation-end-73\">, manteniendo tu energ\u00eda y memoria organizadas en un solo lugar.<\/span><\/p>\n<\/li>\n<li>\n<p data-path-to-node=\"3,3,0\"><b><span class=\"citation-72\">Comprobaci\u00f3n instant\u00e1nea del estado:<\/span><\/b><span class=\"citation-72\"> Comprueba f\u00e1cilmente el nivel de carga actual de las bater\u00edas insertadas simplemente <\/span><b><span class=\"citation-72\">al presionar el bot\u00f3n de estado<\/span><\/b><span class=\"citation-72\"> o <\/span><b><span class=\"citation-72\">abriendo el caso<\/span><\/b><span class=\"citation-72 citation-end-72\">.<\/span> <span class=\"citation-71 citation-end-71 animating\">Los LED de estado dedicados indican claramente el porcentaje de carga de cada ranura.<\/span><\/p>\n<\/li>\n<li>\n<p data-path-to-node=\"3,4,0\"><b class=\"\">Puerto de carga universal:<\/b><span class=\"citation-70\"> Cuenta con una versatilidad <\/span><b class=\"\"><span class=\"citation-70\">Puerto USB-C<\/span><\/b><span class=\"citation-70 citation-end-70\"> tanto para la entrada (carga de la carcasa\/bater\u00edas) como para la salida (funci\u00f3n de bater\u00eda externa).<\/span><\/p>\n<\/li>\n<\/ul>\n<h4>Especificaciones de un vistazo<\/h4>\n<table data-path-to-node=\"6\">\n<thead>\n<tr>\n<td><strong>Caracter\u00edstica<\/strong><\/td>\n<td><strong>Detalle<\/strong><\/td>\n<\/tr>\n<\/thead>\n<tbody>\n<tr>\n<td data-path-to-node=\"6,1,0,0\"><b>Capacidad<\/b><\/td>\n<td data-path-to-node=\"6,1,1,0\">Almacena y carga 3 bater\u00edas Osmo Action Extreme<\/td>\n<\/tr>\n<tr>\n<td data-path-to-node=\"6,2,0,0\"><b>Almacenamiento<\/b><\/td>\n<td data-path-to-node=\"6,2,1,0\">2 ranuras para tarjetas microSD<\/td>\n<\/tr>\n<tr>\n<td data-path-to-node=\"6,3,0,0\"><b>Puertos de E\/S<\/b><\/td>\n<td data-path-to-node=\"6,3,1,0\">1 x USB-C (Entrada\/Salida)<\/td>\n<\/tr>\n<tr>\n<td data-path-to-node=\"6,4,0,0\"><b>Funcionalidad<\/b><\/td>\n<td data-path-to-node=\"6,4,1,0\">Cargador, estuche de almacenamiento, bater\u00eda externa<\/td>\n<\/tr>\n<tr>\n<td data-path-to-node=\"6,5,0,0\"><b>Compatibilidad<\/b><\/td>\n<td data-path-to-node=\"6,5,1,0\">Osmo Action 3, Osmo Action 4 y otros modelos Osmo Action compatibles.<\/td>\n<\/tr>\n<\/tbody>\n<\/table>\n<p data-path-to-node=\"7\"><span class=\"\">Mant\u00e9n tu equipo completamente cargado y listo para la acci\u00f3n con este indispensable,<\/span><span class=\"\"> \u00a1Estuche para bater\u00eda ideal para viajes!<\/span><\/p>","protected":false},"excerpt":{"rendered":"<p><span class=\"\">No te pierdas ni un solo tiro por culpa de una bater\u00eda descargada.<\/span><span class=\"\"> El <\/span><b class=\"\">Estuche multifuncional para bater\u00eda DJI Osmo 3<\/b><span class=\"\"> es el accesorio esencial para cualquier usuario de la c\u00e1mara de acci\u00f3n Osmo,<\/span><span class=\"\"> que ofrece un formato compacto,<\/span><span class=\"\"> soluci\u00f3n integral para la carga,<\/span><span class=\"\"> almacenamiento,<\/span><span class=\"\"> y energ\u00eda port\u00e1til.<\/span><\/p>","protected":false},"featured_media":23342,"comment_status":"open","ping_status":"closed","template":"","meta":[],"product_brand":[1031],"product_cat":[37,1301,1302,29],"product_tag":[42,1306,1303,1305],"class_list":{"0":"post-23339","1":"product","2":"type-product","3":"status-publish","4":"has-post-thumbnail","6":"product_brand-dji","7":"product_cat-dji","8":"product_cat-dji-handled","9":"product_cat-dji-osmo-action-6","10":"product_cat-drones","11":"product_tag-dji","12":"product_tag-dji-osmo-action","13":"product_tag-osmo-action-6","14":"product_tag-osmo-action-6-accessories","16":"first","17":"outofstock","18":"taxable","19":"shipping-taxable","20":"purchasable","21":"product-type-simple"},"yoast_head":"<!-- This site is optimized with the Yoast SEO plugin v27.1.1 - https:\/\/yoast.com\/product\/yoast-seo-wordpress\/ -->\n<title>DJI Osmo Multifunctional Battery Case 3 - Ghostysky<\/title>\n<meta name=\"description\" content=\"Never miss a shot due to a dead battery. The DJI Osmo Multifunctional Battery Case 3 is the essential accessory for any Osmo action camera user, offering a compact, all-in-one solution for charging, storage, and portable power.\" \/>\n<meta name=\"robots\" content=\"index, follow, max-snippet:-1, max-image-preview:large, max-video-preview:-1\" \/>\n<link rel=\"canonical\" href=\"https:\/\/www.ghostysky.com\/es\/producto-2\/dji-osmo-multifunctional-battery-case-3\/\" \/>\n<meta property=\"og:locale\" content=\"es_ES\" \/>\n<meta property=\"og:type\" content=\"article\" \/>\n<meta property=\"og:title\" content=\"DJI Osmo Multifunctional Battery Case 3 - Ghostysky\" \/>\n<meta property=\"og:description\" content=\"Never miss a shot due to a dead battery. The DJI Osmo Multifunctional Battery Case 3 is the essential accessory for any Osmo action camera user, offering a compact, all-in-one solution for charging, storage, and portable power.\" \/>\n<meta property=\"og:url\" content=\"https:\/\/www.ghostysky.com\/es\/producto-2\/dji-osmo-multifunctional-battery-case-3\/\" \/>\n<meta property=\"og:site_name\" content=\"Ghostysky\" \/>\n<meta property=\"article:publisher\" content=\"https:\/\/www.facebook.com\/people\/Ghostysky\/100057676170234\/\" \/>\n<meta property=\"article:modified_time\" content=\"2025-11-23T09:22:39+00:00\" \/>\n<meta property=\"og:image\" content=\"https:\/\/www.ghostysky.com\/wp-content\/uploads\/2025\/11\/GH_DJI-Osmo-Multifunctional-Battery-Case-3_1.jpg\" \/>\n\t<meta property=\"og:image:width\" content=\"800\" \/>\n\t<meta property=\"og:image:height\" content=\"800\" \/>\n\t<meta property=\"og:image:type\" content=\"image\/jpeg\" \/>\n<meta name=\"twitter:card\" content=\"summary_large_image\" \/>\n<meta name=\"twitter:site\" content=\"@Gh0stysky\" \/>\n<meta name=\"twitter:label1\" content=\"Tiempo de lectura\" \/>\n\t<meta name=\"twitter:data1\" content=\"2 minutos\" \/>\n<script type=\"application\/ld+json\" class=\"yoast-schema-graph\">{\"@context\":\"https:\/\/schema.org\",\"@graph\":[{\"@type\":\"WebPage\",\"@id\":\"https:\/\/www.ghostysky.com\/product\/dji-osmo-multifunctional-battery-case-3\/\",\"url\":\"https:\/\/www.ghostysky.com\/product\/dji-osmo-multifunctional-battery-case-3\/\",\"name\":\"DJI Osmo Multifunctional Battery Case 3 - Ghostysky\",\"isPartOf\":{\"@id\":\"https:\/\/www.ghostysky.com\/#website\"},\"primaryImageOfPage\":{\"@id\":\"https:\/\/www.ghostysky.com\/product\/dji-osmo-multifunctional-battery-case-3\/#primaryimage\"},\"image\":{\"@id\":\"https:\/\/www.ghostysky.com\/product\/dji-osmo-multifunctional-battery-case-3\/#primaryimage\"},\"thumbnailUrl\":\"https:\/\/www.ghostysky.com\/wp-content\/uploads\/2025\/11\/GH_DJI-Osmo-Multifunctional-Battery-Case-3_1.jpg\",\"datePublished\":\"2025-11-20T13:39:48+00:00\",\"dateModified\":\"2025-11-23T09:22:39+00:00\",\"description\":\"Never miss a shot due to a dead battery. The DJI Osmo Multifunctional Battery Case 3 is the essential accessory for any Osmo action camera user, offering a compact, all-in-one solution for charging, storage, and portable power.\",\"breadcrumb\":{\"@id\":\"https:\/\/www.ghostysky.com\/product\/dji-osmo-multifunctional-battery-case-3\/#breadcrumb\"},\"inLanguage\":\"es\",\"potentialAction\":[{\"@type\":\"ReadAction\",\"target\":[\"https:\/\/www.ghostysky.com\/product\/dji-osmo-multifunctional-battery-case-3\/\"]}]},{\"@type\":\"ImageObject\",\"inLanguage\":\"es\",\"@id\":\"https:\/\/www.ghostysky.com\/product\/dji-osmo-multifunctional-battery-case-3\/#primaryimage\",\"url\":\"https:\/\/www.ghostysky.com\/wp-content\/uploads\/2025\/11\/GH_DJI-Osmo-Multifunctional-Battery-Case-3_1.jpg\",\"contentUrl\":\"https:\/\/www.ghostysky.com\/wp-content\/uploads\/2025\/11\/GH_DJI-Osmo-Multifunctional-Battery-Case-3_1.jpg\",\"width\":800,\"height\":800},{\"@type\":\"BreadcrumbList\",\"@id\":\"https:\/\/www.ghostysky.com\/product\/dji-osmo-multifunctional-battery-case-3\/#breadcrumb\",\"itemListElement\":[{\"@type\":\"ListItem\",\"position\":1,\"name\":\"Home\",\"item\":\"https:\/\/www.ghostysky.com\/\"},{\"@type\":\"ListItem\",\"position\":2,\"name\":\"Shop\",\"item\":\"https:\/\/www.ghostysky.com\/shop\/\"},{\"@type\":\"ListItem\",\"position\":3,\"name\":\"DJI Osmo Multifunctional Battery Case 3\"}]},{\"@type\":\"WebSite\",\"@id\":\"https:\/\/www.ghostysky.com\/#website\",\"url\":\"https:\/\/www.ghostysky.com\/\",\"name\":\"Ghostysky\",\"description\":\"Delivering professional drones and services\",\"publisher\":{\"@id\":\"https:\/\/www.ghostysky.com\/#organization\"},\"potentialAction\":[{\"@type\":\"SearchAction\",\"target\":{\"@type\":\"EntryPoint\",\"urlTemplate\":\"https:\/\/www.ghostysky.com\/?s={search_term_string}\"},\"query-input\":{\"@type\":\"PropertyValueSpecification\",\"valueRequired\":true,\"valueName\":\"search_term_string\"}}],\"inLanguage\":\"es\"},{\"@type\":\"Organization\",\"@id\":\"https:\/\/www.ghostysky.com\/#organization\",\"name\":\"Ghostysky\",\"url\":\"https:\/\/www.ghostysky.com\/\",\"logo\":{\"@type\":\"ImageObject\",\"inLanguage\":\"es\",\"@id\":\"https:\/\/www.ghostysky.com\/#\/schema\/logo\/image\/\",\"url\":\"https:\/\/www.ghostysky.com\/wp-content\/uploads\/2020\/06\/cropped-ghostyskylogo_text_white2.png\",\"contentUrl\":\"https:\/\/www.ghostysky.com\/wp-content\/uploads\/2020\/06\/cropped-ghostyskylogo_text_white2.png\",\"width\":169,\"height\":56,\"caption\":\"Ghostysky\"},\"image\":{\"@id\":\"https:\/\/www.ghostysky.com\/#\/schema\/logo\/image\/\"},\"sameAs\":[\"https:\/\/www.facebook.com\/people\/Ghostysky\/100057676170234\/\",\"https:\/\/x.com\/Gh0stysky\",\"https:\/\/www.linkedin.com\/company\/34739653\",\"https:\/\/www.instagram.com\/gh0stysky\"]}]}<\/script>\n<!-- \/ Yoast SEO plugin. -->","yoast_head_json":{"title":"Estuche multifuncional para bater\u00eda DJI Osmo 3 - Ghostysky","description":"No te pierdas ni una sola toma por quedarte sin bater\u00eda. La funda multifuncional para bater\u00eda DJI Osmo 3 es el accesorio esencial para cualquier usuario de la c\u00e1mara de acci\u00f3n Osmo, ya que ofrece una soluci\u00f3n compacta e integral para cargar, almacenar y proporcionar energ\u00eda port\u00e1til.","robots":{"index":"index","follow":"follow","max-snippet":"max-snippet:-1","max-image-preview":"max-image-preview:large","max-video-preview":"max-video-preview:-1"},"canonical":"https:\/\/www.ghostysky.com\/es\/producto-2\/dji-osmo-multifunctional-battery-case-3\/","og_locale":"es_ES","og_type":"article","og_title":"DJI Osmo Multifunctional Battery Case 3 - Ghostysky","og_description":"Never miss a shot due to a dead battery. The DJI Osmo Multifunctional Battery Case 3 is the essential accessory for any Osmo action camera user, offering a compact, all-in-one solution for charging, storage, and portable power.","og_url":"https:\/\/www.ghostysky.com\/es\/producto-2\/dji-osmo-multifunctional-battery-case-3\/","og_site_name":"Ghostysky","article_publisher":"https:\/\/www.facebook.com\/people\/Ghostysky\/100057676170234\/","article_modified_time":"2025-11-23T09:22:39+00:00","og_image":[{"width":800,"height":800,"url":"https:\/\/www.ghostysky.com\/wp-content\/uploads\/2025\/11\/GH_DJI-Osmo-Multifunctional-Battery-Case-3_1.jpg","type":"image\/jpeg"}],"twitter_card":"summary_large_image","twitter_site":"@Gh0stysky","twitter_misc":{"Tiempo de lectura":"2 minutos"},"schema":{"@context":"https:\/\/schema.org","@graph":[{"@type":"WebPage","@id":"https:\/\/www.ghostysky.com\/product\/dji-osmo-multifunctional-battery-case-3\/","url":"https:\/\/www.ghostysky.com\/product\/dji-osmo-multifunctional-battery-case-3\/","name":"Estuche multifuncional para bater\u00eda DJI Osmo 3 - Ghostysky","isPartOf":{"@id":"https:\/\/www.ghostysky.com\/#website"},"primaryImageOfPage":{"@id":"https:\/\/www.ghostysky.com\/product\/dji-osmo-multifunctional-battery-case-3\/#primaryimage"},"image":{"@id":"https:\/\/www.ghostysky.com\/product\/dji-osmo-multifunctional-battery-case-3\/#primaryimage"},"thumbnailUrl":"https:\/\/www.ghostysky.com\/wp-content\/uploads\/2025\/11\/GH_DJI-Osmo-Multifunctional-Battery-Case-3_1.jpg","datePublished":"2025-11-20T13:39:48+00:00","dateModified":"2025-11-23T09:22:39+00:00","description":"No te pierdas ni una sola toma por quedarte sin bater\u00eda. La funda multifuncional para bater\u00eda DJI Osmo 3 es el accesorio esencial para cualquier usuario de la c\u00e1mara de acci\u00f3n Osmo, ya que ofrece una soluci\u00f3n compacta e integral para cargar, almacenar y proporcionar energ\u00eda port\u00e1til.","breadcrumb":{"@id":"https:\/\/www.ghostysky.com\/product\/dji-osmo-multifunctional-battery-case-3\/#breadcrumb"},"inLanguage":"es","potentialAction":[{"@type":"ReadAction","target":["https:\/\/www.ghostysky.com\/product\/dji-osmo-multifunctional-battery-case-3\/"]}]},{"@type":"ImageObject","inLanguage":"es","@id":"https:\/\/www.ghostysky.com\/product\/dji-osmo-multifunctional-battery-case-3\/#primaryimage","url":"https:\/\/www.ghostysky.com\/wp-content\/uploads\/2025\/11\/GH_DJI-Osmo-Multifunctional-Battery-Case-3_1.jpg","contentUrl":"https:\/\/www.ghostysky.com\/wp-content\/uploads\/2025\/11\/GH_DJI-Osmo-Multifunctional-Battery-Case-3_1.jpg","width":800,"height":800},{"@type":"BreadcrumbList","@id":"https:\/\/www.ghostysky.com\/product\/dji-osmo-multifunctional-battery-case-3\/#breadcrumb","itemListElement":[{"@type":"ListItem","position":1,"name":"Home","item":"https:\/\/www.ghostysky.com\/"},{"@type":"ListItem","position":2,"name":"Shop","item":"https:\/\/www.ghostysky.com\/shop\/"},{"@type":"ListItem","position":3,"name":"DJI Osmo Multifunctional Battery Case 3"}]},{"@type":"WebSite","@id":"https:\/\/www.ghostysky.com\/#website","url":"https:\/\/www.ghostysky.com\/","name":"Ghostysky","description":"Entrega de drones y servicios profesionales","publisher":{"@id":"https:\/\/www.ghostysky.com\/#organization"},"potentialAction":[{"@type":"SearchAction","target":{"@type":"EntryPoint","urlTemplate":"https:\/\/www.ghostysky.com\/?s={search_term_string}"},"query-input":{"@type":"PropertyValueSpecification","valueRequired":true,"valueName":"search_term_string"}}],"inLanguage":"es"},{"@type":"Organization","@id":"https:\/\/www.ghostysky.com\/#organization","name":"Ghostysky","url":"https:\/\/www.ghostysky.com\/","logo":{"@type":"ImageObject","inLanguage":"es","@id":"https:\/\/www.ghostysky.com\/#\/schema\/logo\/image\/","url":"https:\/\/www.ghostysky.com\/wp-content\/uploads\/2020\/06\/cropped-ghostyskylogo_text_white2.png","contentUrl":"https:\/\/www.ghostysky.com\/wp-content\/uploads\/2020\/06\/cropped-ghostyskylogo_text_white2.png","width":169,"height":56,"caption":"Ghostysky"},"image":{"@id":"https:\/\/www.ghostysky.com\/#\/schema\/logo\/image\/"},"sameAs":["https:\/\/www.facebook.com\/people\/Ghostysky\/100057676170234\/","https:\/\/x.com\/Gh0stysky","https:\/\/www.linkedin.com\/company\/34739653","https:\/\/www.instagram.com\/gh0stysky"]}]}},"_links":{"self":[{"href":"https:\/\/www.ghostysky.com\/es\/wp-json\/wp\/v2\/product\/23339","targetHints":{"allow":["GET"]}}],"collection":[{"href":"https:\/\/www.ghostysky.com\/es\/wp-json\/wp\/v2\/product"}],"about":[{"href":"https:\/\/www.ghostysky.com\/es\/wp-json\/wp\/v2\/types\/product"}],"replies":[{"embeddable":true,"href":"https:\/\/www.ghostysky.com\/es\/wp-json\/wp\/v2\/comments?post=23339"}],"wp:featuredmedia":[{"embeddable":true,"href":"https:\/\/www.ghostysky.com\/es\/wp-json\/wp\/v2\/media\/23342"}],"wp:attachment":[{"href":"https:\/\/www.ghostysky.com\/es\/wp-json\/wp\/v2\/media?parent=23339"}],"wp:term":[{"taxonomy":"product_brand","embeddable":true,"href":"https:\/\/www.ghostysky.com\/es\/wp-json\/wp\/v2\/product_brand?post=23339"},{"taxonomy":"product_cat","embeddable":true,"href":"https:\/\/www.ghostysky.com\/es\/wp-json\/wp\/v2\/product_cat?post=23339"},{"taxonomy":"product_tag","embeddable":true,"href":"https:\/\/www.ghostysky.com\/es\/wp-json\/wp\/v2\/product_tag?post=23339"}],"curies":[{"name":"wp","href":"https:\/\/api.w.org\/{rel}","templated":true}]}}