{"id":23344,"date":"2025-11-20T13:48:17","date_gmt":"2025-11-20T13:48:17","guid":{"rendered":"https:\/\/www.ghostysky.com\/?post_type=product&#038;p=23344"},"modified":"2025-11-23T09:22:13","modified_gmt":"2025-11-23T09:22:13","slug":"dji-osmo-action-dual-direction-mini-handlebar-mount","status":"publish","type":"product","link":"https:\/\/www.ghostysky.com\/es\/product\/dji-osmo-action-dual-direction-mini-handlebar-mount\/","title":{"rendered":"Soporte de manillar mini de doble direcci\u00f3n para DJI Osmo Action"},"content":{"rendered":"<h4>Caracter\u00edsticas clave<\/h4>\n<ul data-path-to-node=\"3\">\n<li>\n<p data-path-to-node=\"3,0,0\"><b>Adaptador de liberaci\u00f3n r\u00e1pida bidireccional:<\/b><span class=\"citation-102 citation-end-102\"> Acopla y desacopla tu c\u00e1mara sin esfuerzo en segundos.<\/span> <span class=\"citation-101\">El dise\u00f1o bidireccional permite montar la c\u00e1mara mirando hacia adelante <\/span><b><span class=\"citation-101\">hacia adelante o hacia atr\u00e1s<\/span><\/b><span class=\"citation-101 citation-end-101\"> para perspectivas de disparo vers\u00e1tiles.<\/span><\/p>\n<\/li>\n<li>\n<p data-path-to-node=\"3,1,0\"><b><span class=\"citation-100\">Dise\u00f1o de r\u00f3tula flexible:<\/span><\/b><span class=\"citation-100 citation-end-100\"> Logra el \u00e1ngulo de disparo perfecto con ajustes suaves y sobre la marcha.<\/span> <span class=\"citation-99\">La cabeza de r\u00f3tula ofrece <\/span><b><span class=\"citation-99\">Rotaci\u00f3n e inclinaci\u00f3n de 360\u00b0<\/span><\/b><span class=\"citation-99 citation-end-99\">, asegur\u00e1ndote de que puedas planificar tu recorrido exactamente como lo deseas, sin importar el terreno.<\/span><\/p>\n<\/li>\n<li>\n<p data-path-to-node=\"3,2,0\"><b><span class=\"citation-98\">Agarre seguro y estable:<\/span><\/b><span class=\"citation-98\"> La robusta abrazadera del manillar proporciona una <\/span><b><span class=\"citation-98\">agarre fuerte y seguro<\/span><\/b><span class=\"citation-98 citation-end-98\">, manteniendo la c\u00e1mara estable incluso en caminos accidentados y senderos llenos de baches.<\/span><\/p>\n<\/li>\n<li>\n<p data-path-to-node=\"3,3,0\"><b><span class=\"citation-97\">Compacto y ligero:<\/span><\/b><span class=\"citation-97\"> Solo pesaje <\/span><b><span class=\"citation-97\">94 g<\/span><\/b><span class=\"citation-97 citation-end-97\"> Con un dise\u00f1o compacto, este soporte mantiene tu equipo ordenado y no a\u00f1ade volumen innecesario, lo que lo hace ideal para ciclismo de carretera y urbano.<\/span><\/p>\n<div class=\"source-inline-chip-container ng-star-inserted\"><\/div>\n<\/li>\n<\/ul>\n<h4>\u00a1Consigue la foto!<\/h4>\n<p data-path-to-node=\"5\">Ya sea que est\u00e9s grabando un recorrido panor\u00e1mico en bicicleta, documentando tu viaje diario al trabajo o enfrent\u00e1ndote a un exigente sendero de bicicleta de monta\u00f1a, el soporte de manillar mini de doble direcci\u00f3n te garantiza capturar im\u00e1genes POV (punto de vista) estables y de alta calidad con una facilidad y flexibilidad incomparables.<\/p>\n<ul data-path-to-node=\"7\">\n<li>\n<p data-path-to-node=\"7,0,0\"><b><span class=\"citation-96\">En la caja:<\/span><\/b><span class=\"citation-96 citation-end-96\"> 1 soporte de manillar mini bidireccional Osmo Action<\/span><\/p>\n<\/li>\n<li>\n<p data-path-to-node=\"7,1,0\"><b>Compatibilidad:<\/b> Dise\u00f1ado para su uso con c\u00e1maras compatibles de la serie DJI Osmo Action (por ejemplo, Osmo Action 6, Osmo Action 5 Pro, Osmo Action 4, Osmo Action 3, Osmo Nano).<\/p>\n<\/li>\n<\/ul>","protected":false},"excerpt":{"rendered":"<p>Mejora tus v\u00eddeos de ciclismo con el <b>Soporte de manillar mini de doble direcci\u00f3n para DJI Osmo Action<\/b>. <span class=\"citation-103 citation-end-103\">Dise\u00f1ado para los amantes de la acci\u00f3n, este soporte compacto y seguro permite acoplar f\u00e1cilmente tu c\u00e1mara Osmo Action a cualquier manillar est\u00e1ndar, transformando tus paseos en bicicleta, desplazamientos diarios o aventuras en la monta\u00f1a en una cautivadora experiencia cinematogr\u00e1fica.<\/span><\/p>","protected":false},"featured_media":23349,"comment_status":"open","ping_status":"closed","template":"","meta":[],"product_brand":[1031],"product_cat":[37,1301,1302,29],"product_tag":[42,1306,1303,1305],"class_list":{"0":"post-23344","1":"product","2":"type-product","3":"status-publish","4":"has-post-thumbnail","6":"product_brand-dji","7":"product_cat-dji","8":"product_cat-dji-handled","9":"product_cat-dji-osmo-action-6","10":"product_cat-drones","11":"product_tag-dji","12":"product_tag-dji-osmo-action","13":"product_tag-osmo-action-6","14":"product_tag-osmo-action-6-accessories","16":"first","17":"outofstock","18":"taxable","19":"shipping-taxable","20":"purchasable","21":"product-type-simple"},"yoast_head":"<!-- This site is optimized with the Yoast SEO plugin v27.1.1 - https:\/\/yoast.com\/product\/yoast-seo-wordpress\/ -->\n<title>DJI Osmo Action Dual-Direction Mini Handlebar Mount - Ghostysky<\/title>\n<meta name=\"description\" content=\"Elevate your cycling footage with the DJI Osmo Action Dual-Direction Mini Handlebar Mount. Designed for action enthusiasts, this compact and secure mount makes it simple to attach your Osmo Action camera to any standard handlebar, transforming your bike ride, commute, or trail adventure into a captivating cinematic experience.\" \/>\n<meta name=\"robots\" content=\"index, follow, max-snippet:-1, max-image-preview:large, max-video-preview:-1\" \/>\n<link rel=\"canonical\" href=\"https:\/\/www.ghostysky.com\/es\/producto-2\/dji-osmo-action-dual-direction-mini-handlebar-mount\/\" \/>\n<meta property=\"og:locale\" content=\"es_ES\" \/>\n<meta property=\"og:type\" content=\"article\" \/>\n<meta property=\"og:title\" content=\"DJI Osmo Action Dual-Direction Mini Handlebar Mount - Ghostysky\" \/>\n<meta property=\"og:description\" content=\"Elevate your cycling footage with the DJI Osmo Action Dual-Direction Mini Handlebar Mount. Designed for action enthusiasts, this compact and secure mount makes it simple to attach your Osmo Action camera to any standard handlebar, transforming your bike ride, commute, or trail adventure into a captivating cinematic experience.\" \/>\n<meta property=\"og:url\" content=\"https:\/\/www.ghostysky.com\/es\/producto-2\/dji-osmo-action-dual-direction-mini-handlebar-mount\/\" \/>\n<meta property=\"og:site_name\" content=\"Ghostysky\" \/>\n<meta property=\"article:publisher\" content=\"https:\/\/www.facebook.com\/people\/Ghostysky\/100057676170234\/\" \/>\n<meta property=\"article:modified_time\" content=\"2025-11-23T09:22:13+00:00\" \/>\n<meta property=\"og:image\" content=\"https:\/\/www.ghostysky.com\/wp-content\/uploads\/2025\/11\/GH_DJI-Osmo-Action-Dual-Direction-Mini-Handlebar-Mount_1.jpg\" \/>\n\t<meta property=\"og:image:width\" content=\"800\" \/>\n\t<meta property=\"og:image:height\" content=\"800\" \/>\n\t<meta property=\"og:image:type\" content=\"image\/jpeg\" \/>\n<meta name=\"twitter:card\" content=\"summary_large_image\" \/>\n<meta name=\"twitter:site\" content=\"@Gh0stysky\" \/>\n<meta name=\"twitter:label1\" content=\"Tiempo de lectura\" \/>\n\t<meta name=\"twitter:data1\" content=\"2 minutos\" \/>\n<script type=\"application\/ld+json\" class=\"yoast-schema-graph\">{\"@context\":\"https:\/\/schema.org\",\"@graph\":[{\"@type\":\"WebPage\",\"@id\":\"https:\/\/www.ghostysky.com\/product\/dji-osmo-action-dual-direction-mini-handlebar-mount\/\",\"url\":\"https:\/\/www.ghostysky.com\/product\/dji-osmo-action-dual-direction-mini-handlebar-mount\/\",\"name\":\"DJI Osmo Action Dual-Direction Mini Handlebar Mount - Ghostysky\",\"isPartOf\":{\"@id\":\"https:\/\/www.ghostysky.com\/#website\"},\"primaryImageOfPage\":{\"@id\":\"https:\/\/www.ghostysky.com\/product\/dji-osmo-action-dual-direction-mini-handlebar-mount\/#primaryimage\"},\"image\":{\"@id\":\"https:\/\/www.ghostysky.com\/product\/dji-osmo-action-dual-direction-mini-handlebar-mount\/#primaryimage\"},\"thumbnailUrl\":\"https:\/\/www.ghostysky.com\/wp-content\/uploads\/2025\/11\/GH_DJI-Osmo-Action-Dual-Direction-Mini-Handlebar-Mount_1.jpg\",\"datePublished\":\"2025-11-20T13:48:17+00:00\",\"dateModified\":\"2025-11-23T09:22:13+00:00\",\"description\":\"Elevate your cycling footage with the DJI Osmo Action Dual-Direction Mini Handlebar Mount. Designed for action enthusiasts, this compact and secure mount makes it simple to attach your Osmo Action camera to any standard handlebar, transforming your bike ride, commute, or trail adventure into a captivating cinematic experience.\",\"breadcrumb\":{\"@id\":\"https:\/\/www.ghostysky.com\/product\/dji-osmo-action-dual-direction-mini-handlebar-mount\/#breadcrumb\"},\"inLanguage\":\"es\",\"potentialAction\":[{\"@type\":\"ReadAction\",\"target\":[\"https:\/\/www.ghostysky.com\/product\/dji-osmo-action-dual-direction-mini-handlebar-mount\/\"]}]},{\"@type\":\"ImageObject\",\"inLanguage\":\"es\",\"@id\":\"https:\/\/www.ghostysky.com\/product\/dji-osmo-action-dual-direction-mini-handlebar-mount\/#primaryimage\",\"url\":\"https:\/\/www.ghostysky.com\/wp-content\/uploads\/2025\/11\/GH_DJI-Osmo-Action-Dual-Direction-Mini-Handlebar-Mount_1.jpg\",\"contentUrl\":\"https:\/\/www.ghostysky.com\/wp-content\/uploads\/2025\/11\/GH_DJI-Osmo-Action-Dual-Direction-Mini-Handlebar-Mount_1.jpg\",\"width\":800,\"height\":800},{\"@type\":\"BreadcrumbList\",\"@id\":\"https:\/\/www.ghostysky.com\/product\/dji-osmo-action-dual-direction-mini-handlebar-mount\/#breadcrumb\",\"itemListElement\":[{\"@type\":\"ListItem\",\"position\":1,\"name\":\"Home\",\"item\":\"https:\/\/www.ghostysky.com\/\"},{\"@type\":\"ListItem\",\"position\":2,\"name\":\"Shop\",\"item\":\"https:\/\/www.ghostysky.com\/shop\/\"},{\"@type\":\"ListItem\",\"position\":3,\"name\":\"DJI Osmo Action Dual-Direction Mini Handlebar Mount\"}]},{\"@type\":\"WebSite\",\"@id\":\"https:\/\/www.ghostysky.com\/#website\",\"url\":\"https:\/\/www.ghostysky.com\/\",\"name\":\"Ghostysky\",\"description\":\"Delivering professional drones and services\",\"publisher\":{\"@id\":\"https:\/\/www.ghostysky.com\/#organization\"},\"potentialAction\":[{\"@type\":\"SearchAction\",\"target\":{\"@type\":\"EntryPoint\",\"urlTemplate\":\"https:\/\/www.ghostysky.com\/?s={search_term_string}\"},\"query-input\":{\"@type\":\"PropertyValueSpecification\",\"valueRequired\":true,\"valueName\":\"search_term_string\"}}],\"inLanguage\":\"es\"},{\"@type\":\"Organization\",\"@id\":\"https:\/\/www.ghostysky.com\/#organization\",\"name\":\"Ghostysky\",\"url\":\"https:\/\/www.ghostysky.com\/\",\"logo\":{\"@type\":\"ImageObject\",\"inLanguage\":\"es\",\"@id\":\"https:\/\/www.ghostysky.com\/#\/schema\/logo\/image\/\",\"url\":\"https:\/\/www.ghostysky.com\/wp-content\/uploads\/2020\/06\/cropped-ghostyskylogo_text_white2.png\",\"contentUrl\":\"https:\/\/www.ghostysky.com\/wp-content\/uploads\/2020\/06\/cropped-ghostyskylogo_text_white2.png\",\"width\":169,\"height\":56,\"caption\":\"Ghostysky\"},\"image\":{\"@id\":\"https:\/\/www.ghostysky.com\/#\/schema\/logo\/image\/\"},\"sameAs\":[\"https:\/\/www.facebook.com\/people\/Ghostysky\/100057676170234\/\",\"https:\/\/x.com\/Gh0stysky\",\"https:\/\/www.linkedin.com\/company\/34739653\",\"https:\/\/www.instagram.com\/gh0stysky\"]}]}<\/script>\n<!-- \/ Yoast SEO plugin. -->","yoast_head_json":{"title":"Soporte de manillar mini bidireccional para DJI Osmo Action - Ghostysky","description":"Mejora tus v\u00eddeos de ciclismo con el soporte de manillar bidireccional DJI Osmo Action Mini. Dise\u00f1ado para los amantes de la acci\u00f3n, este soporte compacto y seguro permite acoplar f\u00e1cilmente tu c\u00e1mara Osmo Action a cualquier manillar est\u00e1ndar, transformando tus paseos en bici, desplazamientos diarios o aventuras en la monta\u00f1a en una experiencia cinematogr\u00e1fica cautivadora.","robots":{"index":"index","follow":"follow","max-snippet":"max-snippet:-1","max-image-preview":"max-image-preview:large","max-video-preview":"max-video-preview:-1"},"canonical":"https:\/\/www.ghostysky.com\/es\/producto-2\/dji-osmo-action-dual-direction-mini-handlebar-mount\/","og_locale":"es_ES","og_type":"article","og_title":"DJI Osmo Action Dual-Direction Mini Handlebar Mount - Ghostysky","og_description":"Elevate your cycling footage with the DJI Osmo Action Dual-Direction Mini Handlebar Mount. Designed for action enthusiasts, this compact and secure mount makes it simple to attach your Osmo Action camera to any standard handlebar, transforming your bike ride, commute, or trail adventure into a captivating cinematic experience.","og_url":"https:\/\/www.ghostysky.com\/es\/producto-2\/dji-osmo-action-dual-direction-mini-handlebar-mount\/","og_site_name":"Ghostysky","article_publisher":"https:\/\/www.facebook.com\/people\/Ghostysky\/100057676170234\/","article_modified_time":"2025-11-23T09:22:13+00:00","og_image":[{"width":800,"height":800,"url":"https:\/\/www.ghostysky.com\/wp-content\/uploads\/2025\/11\/GH_DJI-Osmo-Action-Dual-Direction-Mini-Handlebar-Mount_1.jpg","type":"image\/jpeg"}],"twitter_card":"summary_large_image","twitter_site":"@Gh0stysky","twitter_misc":{"Tiempo de lectura":"2 minutos"},"schema":{"@context":"https:\/\/schema.org","@graph":[{"@type":"WebPage","@id":"https:\/\/www.ghostysky.com\/product\/dji-osmo-action-dual-direction-mini-handlebar-mount\/","url":"https:\/\/www.ghostysky.com\/product\/dji-osmo-action-dual-direction-mini-handlebar-mount\/","name":"Soporte de manillar mini bidireccional para DJI Osmo Action - Ghostysky","isPartOf":{"@id":"https:\/\/www.ghostysky.com\/#website"},"primaryImageOfPage":{"@id":"https:\/\/www.ghostysky.com\/product\/dji-osmo-action-dual-direction-mini-handlebar-mount\/#primaryimage"},"image":{"@id":"https:\/\/www.ghostysky.com\/product\/dji-osmo-action-dual-direction-mini-handlebar-mount\/#primaryimage"},"thumbnailUrl":"https:\/\/www.ghostysky.com\/wp-content\/uploads\/2025\/11\/GH_DJI-Osmo-Action-Dual-Direction-Mini-Handlebar-Mount_1.jpg","datePublished":"2025-11-20T13:48:17+00:00","dateModified":"2025-11-23T09:22:13+00:00","description":"Mejora tus v\u00eddeos de ciclismo con el soporte de manillar bidireccional DJI Osmo Action Mini. Dise\u00f1ado para los amantes de la acci\u00f3n, este soporte compacto y seguro permite acoplar f\u00e1cilmente tu c\u00e1mara Osmo Action a cualquier manillar est\u00e1ndar, transformando tus paseos en bici, desplazamientos diarios o aventuras en la monta\u00f1a en una experiencia cinematogr\u00e1fica cautivadora.","breadcrumb":{"@id":"https:\/\/www.ghostysky.com\/product\/dji-osmo-action-dual-direction-mini-handlebar-mount\/#breadcrumb"},"inLanguage":"es","potentialAction":[{"@type":"ReadAction","target":["https:\/\/www.ghostysky.com\/product\/dji-osmo-action-dual-direction-mini-handlebar-mount\/"]}]},{"@type":"ImageObject","inLanguage":"es","@id":"https:\/\/www.ghostysky.com\/product\/dji-osmo-action-dual-direction-mini-handlebar-mount\/#primaryimage","url":"https:\/\/www.ghostysky.com\/wp-content\/uploads\/2025\/11\/GH_DJI-Osmo-Action-Dual-Direction-Mini-Handlebar-Mount_1.jpg","contentUrl":"https:\/\/www.ghostysky.com\/wp-content\/uploads\/2025\/11\/GH_DJI-Osmo-Action-Dual-Direction-Mini-Handlebar-Mount_1.jpg","width":800,"height":800},{"@type":"BreadcrumbList","@id":"https:\/\/www.ghostysky.com\/product\/dji-osmo-action-dual-direction-mini-handlebar-mount\/#breadcrumb","itemListElement":[{"@type":"ListItem","position":1,"name":"Home","item":"https:\/\/www.ghostysky.com\/"},{"@type":"ListItem","position":2,"name":"Shop","item":"https:\/\/www.ghostysky.com\/shop\/"},{"@type":"ListItem","position":3,"name":"DJI Osmo Action Dual-Direction Mini Handlebar Mount"}]},{"@type":"WebSite","@id":"https:\/\/www.ghostysky.com\/#website","url":"https:\/\/www.ghostysky.com\/","name":"Ghostysky","description":"Entrega de drones y servicios profesionales","publisher":{"@id":"https:\/\/www.ghostysky.com\/#organization"},"potentialAction":[{"@type":"SearchAction","target":{"@type":"EntryPoint","urlTemplate":"https:\/\/www.ghostysky.com\/?s={search_term_string}"},"query-input":{"@type":"PropertyValueSpecification","valueRequired":true,"valueName":"search_term_string"}}],"inLanguage":"es"},{"@type":"Organization","@id":"https:\/\/www.ghostysky.com\/#organization","name":"Ghostysky","url":"https:\/\/www.ghostysky.com\/","logo":{"@type":"ImageObject","inLanguage":"es","@id":"https:\/\/www.ghostysky.com\/#\/schema\/logo\/image\/","url":"https:\/\/www.ghostysky.com\/wp-content\/uploads\/2020\/06\/cropped-ghostyskylogo_text_white2.png","contentUrl":"https:\/\/www.ghostysky.com\/wp-content\/uploads\/2020\/06\/cropped-ghostyskylogo_text_white2.png","width":169,"height":56,"caption":"Ghostysky"},"image":{"@id":"https:\/\/www.ghostysky.com\/#\/schema\/logo\/image\/"},"sameAs":["https:\/\/www.facebook.com\/people\/Ghostysky\/100057676170234\/","https:\/\/x.com\/Gh0stysky","https:\/\/www.linkedin.com\/company\/34739653","https:\/\/www.instagram.com\/gh0stysky"]}]}},"_links":{"self":[{"href":"https:\/\/www.ghostysky.com\/es\/wp-json\/wp\/v2\/product\/23344","targetHints":{"allow":["GET"]}}],"collection":[{"href":"https:\/\/www.ghostysky.com\/es\/wp-json\/wp\/v2\/product"}],"about":[{"href":"https:\/\/www.ghostysky.com\/es\/wp-json\/wp\/v2\/types\/product"}],"replies":[{"embeddable":true,"href":"https:\/\/www.ghostysky.com\/es\/wp-json\/wp\/v2\/comments?post=23344"}],"wp:featuredmedia":[{"embeddable":true,"href":"https:\/\/www.ghostysky.com\/es\/wp-json\/wp\/v2\/media\/23349"}],"wp:attachment":[{"href":"https:\/\/www.ghostysky.com\/es\/wp-json\/wp\/v2\/media?parent=23344"}],"wp:term":[{"taxonomy":"product_brand","embeddable":true,"href":"https:\/\/www.ghostysky.com\/es\/wp-json\/wp\/v2\/product_brand?post=23344"},{"taxonomy":"product_cat","embeddable":true,"href":"https:\/\/www.ghostysky.com\/es\/wp-json\/wp\/v2\/product_cat?post=23344"},{"taxonomy":"product_tag","embeddable":true,"href":"https:\/\/www.ghostysky.com\/es\/wp-json\/wp\/v2\/product_tag?post=23344"}],"curies":[{"name":"wp","href":"https:\/\/api.w.org\/{rel}","templated":true}]}}