{"id":23354,"date":"2025-11-20T22:37:01","date_gmt":"2025-11-20T22:37:01","guid":{"rendered":"https:\/\/www.ghostysky.com\/?post_type=product&#038;p=23354"},"modified":"2025-11-23T09:17:48","modified_gmt":"2025-11-23T09:17:48","slug":"dji-osmo-action-dual-direction-mini-extension-rod","status":"publish","type":"product","link":"https:\/\/www.ghostysky.com\/es\/product\/dji-osmo-action-dual-direction-mini-extension-rod\/","title":{"rendered":"Varilla de extensi\u00f3n mini bidireccional para DJI Osmo Action"},"content":{"rendered":"<h4>Caracter\u00edsticas clave<\/h4>\n<ul data-path-to-node=\"3\">\n<li>\n<p data-path-to-node=\"3,0,0\"><b><span class=\"citation-302\">Ultracompacto y port\u00e1til:<\/span><\/b><span class=\"citation-302 citation-end-302\"> Dise\u00f1ada para caber en la palma de la mano cuando est\u00e1 plegada, se adapta f\u00e1cilmente a tu bolsillo o bolso, lo que la hace perfecta para viajes y sesiones fotogr\u00e1ficas en movimiento.<\/span><\/p>\n<\/li>\n<li>\n<p data-path-to-node=\"3,1,0\"><b><span class=\"citation-301\">Extensi\u00f3n de cuatro secciones:<\/span><\/b><span class=\"citation-301 citation-end-301\"> Se extiende r\u00e1pidamente a trav\u00e9s de cuatro secciones para brindarte el alcance adicional que necesitas para selfies din\u00e1micas, fotos grupales y \u00e1ngulos \u00fanicos.<\/span><\/p>\n<\/li>\n<li>\n<p data-path-to-node=\"3,2,0\"><b>Tr\u00edpode incorporado:<\/b><span class=\"citation-300 citation-end-300\"> La parte inferior cuenta con un tr\u00edpode integrado y estable, que permite colocar la c\u00e1mara de forma segura para realizar v\u00eddeos en c\u00e1mara r\u00e1pida, tomas est\u00e1ticas o videoblogs con manos libres.<\/span><\/p>\n<\/li>\n<li>\n<p data-path-to-node=\"3,3,0\"><b><span class=\"citation-299\">Ajustes r\u00e1pidos de \u00e1ngulo:<\/span><\/b><span class=\"citation-299\"> Un flexible <\/span><b><span class=\"citation-299\">dise\u00f1o de r\u00f3tula<\/span><\/b><span class=\"citation-299 citation-end-299\"> El soporte superior permite un ajuste r\u00e1pido y c\u00f3modo del \u00e1ngulo de la c\u00e1mara sin interrumpir el flujo creativo.<\/span><\/p>\n<\/li>\n<li>\n<p data-path-to-node=\"3,4,0\"><b><span class=\"citation-298\">Agarre c\u00f3modo:<\/span><\/b><span class=\"citation-298 citation-end-298\"> Dise\u00f1ado ergon\u00f3micamente para un agarre c\u00f3modo, incluso durante largas sesiones de grabaci\u00f3n al capturar deportes recreativos o vlogs.<\/span><\/p>\n<\/li>\n<li>\n<p data-path-to-node=\"3,5,0\"><b>Montaje bidireccional:<\/b><span class=\"citation-297 citation-end-297\"> Cuenta con compatibilidad con el sistema de liberaci\u00f3n r\u00e1pida bidireccional del Osmo Action, lo que garantiza una fijaci\u00f3n r\u00e1pida y segura.<\/span><\/p>\n<\/li>\n<\/ul>\n<h4>Especificaciones (Aproximadas)<\/h4>\n<table data-path-to-node=\"5\">\n<thead>\n<tr>\n<td><strong>Especificaci\u00f3n<\/strong><\/td>\n<td><strong>Detalle<\/strong><\/td>\n<\/tr>\n<\/thead>\n<tbody>\n<tr>\n<td data-path-to-node=\"5,1,0,0\"><b>Longitud colapsada<\/b><\/td>\n<td data-path-to-node=\"5,1,1,0\"><span class=\"math-inline\" data-math=\"156.9 \\text{ mm}\">156,9 mm<\/span> (aprox. <span class=\"math-inline\" data-math=\"6.2 \\text{ in}\">6,2 pulgadas<\/span>)<\/td>\n<\/tr>\n<tr>\n<td data-path-to-node=\"5,2,0,0\"><b>Longitud extendida<\/b><\/td>\n<td data-path-to-node=\"5,2,1,0\"><span class=\"math-inline\" data-math=\"384.6 \\text{ mm}\">384,6 mm<\/span> (aprox. <span class=\"math-inline\" data-math=\"15.1 \\text{ in}\">15,1 pulgadas<\/span>)<\/td>\n<\/tr>\n<tr>\n<td data-path-to-node=\"5,3,0,0\"><b>Di\u00e1metro<\/b><\/td>\n<td data-path-to-node=\"5,3,1,0\"><span class=\"math-inline\" data-math=\"29 \\text{ mm}\">29 mm<\/span> (aprox. <span class=\"math-inline\" data-math=\"1.1 \\text{ in}\">1.1 en<\/span>)<\/td>\n<\/tr>\n<tr>\n<td data-path-to-node=\"5,4,0,0\"><b>Peso<\/b><\/td>\n<td data-path-to-node=\"5,4,1,0\"><span class=\"math-inline\" data-math=\"113 \\text{ g}\">113 g<\/span> (aprox. <span class=\"math-inline\" data-math=\"4 \\text{ oz}\">4 onzas<\/span>)<\/td>\n<\/tr>\n<\/tbody>\n<\/table>\n<h3>Ideal para<\/h3>\n<ul data-path-to-node=\"7\">\n<li>\n<p data-path-to-node=\"7,0,0\"><b><span class=\"citation-296\">Vlogueros<\/span><\/b><span class=\"citation-296 citation-end-296\"> Buscando una extensi\u00f3n r\u00e1pida y estable para tomas a mano alzada.<\/span><\/p>\n<\/li>\n<li>\n<p data-path-to-node=\"7,1,0\"><b>Entusiastas de la acci\u00f3n<\/b> Necesitaba un agarre fiable y un mini tr\u00edpode para diversas situaciones.<\/p>\n<\/li>\n<li>\n<p data-path-to-node=\"7,2,0\"><b><span class=\"citation-295 interactive-span-hovered\">Viajeros<\/span><\/b><span class=\"citation-295 citation-end-295 interactive-span-hovered\"> quienes valoran los accesorios compactos y multifuncionales<\/span><\/p>\n<\/li>\n<\/ul>","protected":false},"excerpt":{"rendered":"<p>Captura tu mundo desde nuevas perspectivas con el <b>Varilla de extensi\u00f3n mini bidireccional para DJI Osmo Action<\/b>. <span class=\"citation-303 citation-end-303\">Este accesorio del tama\u00f1o de la palma de la mano, que combina portabilidad y funcionalidad, es el compa\u00f1ero ideal para vlogging, tomas de acci\u00f3n y filmaci\u00f3n con manos libres.<\/span><\/p>","protected":false},"featured_media":23357,"comment_status":"open","ping_status":"closed","template":"","meta":[],"product_brand":[1031],"product_cat":[37,1301,1302,29],"product_tag":[42,1306,1303,1305],"class_list":{"0":"post-23354","1":"product","2":"type-product","3":"status-publish","4":"has-post-thumbnail","6":"product_brand-dji","7":"product_cat-dji","8":"product_cat-dji-handled","9":"product_cat-dji-osmo-action-6","10":"product_cat-drones","11":"product_tag-dji","12":"product_tag-dji-osmo-action","13":"product_tag-osmo-action-6","14":"product_tag-osmo-action-6-accessories","16":"first","17":"outofstock","18":"taxable","19":"shipping-taxable","20":"purchasable","21":"product-type-simple"},"yoast_head":"<!-- This site is optimized with the Yoast SEO plugin v27.1.1 - https:\/\/yoast.com\/product\/yoast-seo-wordpress\/ -->\n<title>DJI Osmo Action Dual-Direction Mini Extension Rod - Ghostysky<\/title>\n<meta name=\"description\" content=\"Capture your world from new perspectives with the DJI Osmo Action Dual-Direction Mini Extension Rod. Combining portability with functionality, this palm-sized accessory is your ideal companion for vlogging, action shots, and hands-free filming.\" \/>\n<meta name=\"robots\" content=\"index, follow, max-snippet:-1, max-image-preview:large, max-video-preview:-1\" \/>\n<link rel=\"canonical\" href=\"https:\/\/www.ghostysky.com\/es\/producto-2\/dji-osmo-action-dual-direction-mini-extension-rod\/\" \/>\n<meta property=\"og:locale\" content=\"es_ES\" \/>\n<meta property=\"og:type\" content=\"article\" \/>\n<meta property=\"og:title\" content=\"DJI Osmo Action Dual-Direction Mini Extension Rod - Ghostysky\" \/>\n<meta property=\"og:description\" content=\"Capture your world from new perspectives with the DJI Osmo Action Dual-Direction Mini Extension Rod. Combining portability with functionality, this palm-sized accessory is your ideal companion for vlogging, action shots, and hands-free filming.\" \/>\n<meta property=\"og:url\" content=\"https:\/\/www.ghostysky.com\/es\/producto-2\/dji-osmo-action-dual-direction-mini-extension-rod\/\" \/>\n<meta property=\"og:site_name\" content=\"Ghostysky\" \/>\n<meta property=\"article:publisher\" content=\"https:\/\/www.facebook.com\/people\/Ghostysky\/100057676170234\/\" \/>\n<meta property=\"article:modified_time\" content=\"2025-11-23T09:17:48+00:00\" \/>\n<meta property=\"og:image\" content=\"https:\/\/www.ghostysky.com\/wp-content\/uploads\/2025\/11\/GH_DJI-Osmo-Action-Dual-Direction-Mini-Extension-Rod_1.jpg\" \/>\n\t<meta property=\"og:image:width\" content=\"800\" \/>\n\t<meta property=\"og:image:height\" content=\"800\" \/>\n\t<meta property=\"og:image:type\" content=\"image\/jpeg\" \/>\n<meta name=\"twitter:card\" content=\"summary_large_image\" \/>\n<meta name=\"twitter:site\" content=\"@Gh0stysky\" \/>\n<meta name=\"twitter:label1\" content=\"Tiempo de lectura\" \/>\n\t<meta name=\"twitter:data1\" content=\"2 minutos\" \/>\n<script type=\"application\/ld+json\" class=\"yoast-schema-graph\">{\"@context\":\"https:\/\/schema.org\",\"@graph\":[{\"@type\":\"WebPage\",\"@id\":\"https:\/\/www.ghostysky.com\/product\/dji-osmo-action-dual-direction-mini-extension-rod\/\",\"url\":\"https:\/\/www.ghostysky.com\/product\/dji-osmo-action-dual-direction-mini-extension-rod\/\",\"name\":\"DJI Osmo Action Dual-Direction Mini Extension Rod - Ghostysky\",\"isPartOf\":{\"@id\":\"https:\/\/www.ghostysky.com\/#website\"},\"primaryImageOfPage\":{\"@id\":\"https:\/\/www.ghostysky.com\/product\/dji-osmo-action-dual-direction-mini-extension-rod\/#primaryimage\"},\"image\":{\"@id\":\"https:\/\/www.ghostysky.com\/product\/dji-osmo-action-dual-direction-mini-extension-rod\/#primaryimage\"},\"thumbnailUrl\":\"https:\/\/www.ghostysky.com\/wp-content\/uploads\/2025\/11\/GH_DJI-Osmo-Action-Dual-Direction-Mini-Extension-Rod_1.jpg\",\"datePublished\":\"2025-11-20T22:37:01+00:00\",\"dateModified\":\"2025-11-23T09:17:48+00:00\",\"description\":\"Capture your world from new perspectives with the DJI Osmo Action Dual-Direction Mini Extension Rod. Combining portability with functionality, this palm-sized accessory is your ideal companion for vlogging, action shots, and hands-free filming.\",\"breadcrumb\":{\"@id\":\"https:\/\/www.ghostysky.com\/product\/dji-osmo-action-dual-direction-mini-extension-rod\/#breadcrumb\"},\"inLanguage\":\"es\",\"potentialAction\":[{\"@type\":\"ReadAction\",\"target\":[\"https:\/\/www.ghostysky.com\/product\/dji-osmo-action-dual-direction-mini-extension-rod\/\"]}]},{\"@type\":\"ImageObject\",\"inLanguage\":\"es\",\"@id\":\"https:\/\/www.ghostysky.com\/product\/dji-osmo-action-dual-direction-mini-extension-rod\/#primaryimage\",\"url\":\"https:\/\/www.ghostysky.com\/wp-content\/uploads\/2025\/11\/GH_DJI-Osmo-Action-Dual-Direction-Mini-Extension-Rod_1.jpg\",\"contentUrl\":\"https:\/\/www.ghostysky.com\/wp-content\/uploads\/2025\/11\/GH_DJI-Osmo-Action-Dual-Direction-Mini-Extension-Rod_1.jpg\",\"width\":800,\"height\":800},{\"@type\":\"BreadcrumbList\",\"@id\":\"https:\/\/www.ghostysky.com\/product\/dji-osmo-action-dual-direction-mini-extension-rod\/#breadcrumb\",\"itemListElement\":[{\"@type\":\"ListItem\",\"position\":1,\"name\":\"Home\",\"item\":\"https:\/\/www.ghostysky.com\/\"},{\"@type\":\"ListItem\",\"position\":2,\"name\":\"Shop\",\"item\":\"https:\/\/www.ghostysky.com\/shop\/\"},{\"@type\":\"ListItem\",\"position\":3,\"name\":\"DJI Osmo Action Dual-Direction Mini Extension Rod\"}]},{\"@type\":\"WebSite\",\"@id\":\"https:\/\/www.ghostysky.com\/#website\",\"url\":\"https:\/\/www.ghostysky.com\/\",\"name\":\"Ghostysky\",\"description\":\"Delivering professional drones and services\",\"publisher\":{\"@id\":\"https:\/\/www.ghostysky.com\/#organization\"},\"potentialAction\":[{\"@type\":\"SearchAction\",\"target\":{\"@type\":\"EntryPoint\",\"urlTemplate\":\"https:\/\/www.ghostysky.com\/?s={search_term_string}\"},\"query-input\":{\"@type\":\"PropertyValueSpecification\",\"valueRequired\":true,\"valueName\":\"search_term_string\"}}],\"inLanguage\":\"es\"},{\"@type\":\"Organization\",\"@id\":\"https:\/\/www.ghostysky.com\/#organization\",\"name\":\"Ghostysky\",\"url\":\"https:\/\/www.ghostysky.com\/\",\"logo\":{\"@type\":\"ImageObject\",\"inLanguage\":\"es\",\"@id\":\"https:\/\/www.ghostysky.com\/#\/schema\/logo\/image\/\",\"url\":\"https:\/\/www.ghostysky.com\/wp-content\/uploads\/2020\/06\/cropped-ghostyskylogo_text_white2.png\",\"contentUrl\":\"https:\/\/www.ghostysky.com\/wp-content\/uploads\/2020\/06\/cropped-ghostyskylogo_text_white2.png\",\"width\":169,\"height\":56,\"caption\":\"Ghostysky\"},\"image\":{\"@id\":\"https:\/\/www.ghostysky.com\/#\/schema\/logo\/image\/\"},\"sameAs\":[\"https:\/\/www.facebook.com\/people\/Ghostysky\/100057676170234\/\",\"https:\/\/x.com\/Gh0stysky\",\"https:\/\/www.linkedin.com\/company\/34739653\",\"https:\/\/www.instagram.com\/gh0stysky\"]}]}<\/script>\n<!-- \/ Yoast SEO plugin. -->","yoast_head_json":{"title":"Mini varilla de extensi\u00f3n bidireccional para DJI Osmo Action - Ghostysky","description":"Captura tu mundo desde nuevas perspectivas con la mini barra de extensi\u00f3n bidireccional para DJI Osmo Action. Este accesorio de tama\u00f1o compacto, que combina portabilidad y funcionalidad, es el compa\u00f1ero ideal para vlogging, tomas de acci\u00f3n y grabaci\u00f3n con manos libres.","robots":{"index":"index","follow":"follow","max-snippet":"max-snippet:-1","max-image-preview":"max-image-preview:large","max-video-preview":"max-video-preview:-1"},"canonical":"https:\/\/www.ghostysky.com\/es\/producto-2\/dji-osmo-action-dual-direction-mini-extension-rod\/","og_locale":"es_ES","og_type":"article","og_title":"DJI Osmo Action Dual-Direction Mini Extension Rod - Ghostysky","og_description":"Capture your world from new perspectives with the DJI Osmo Action Dual-Direction Mini Extension Rod. Combining portability with functionality, this palm-sized accessory is your ideal companion for vlogging, action shots, and hands-free filming.","og_url":"https:\/\/www.ghostysky.com\/es\/producto-2\/dji-osmo-action-dual-direction-mini-extension-rod\/","og_site_name":"Ghostysky","article_publisher":"https:\/\/www.facebook.com\/people\/Ghostysky\/100057676170234\/","article_modified_time":"2025-11-23T09:17:48+00:00","og_image":[{"width":800,"height":800,"url":"https:\/\/www.ghostysky.com\/wp-content\/uploads\/2025\/11\/GH_DJI-Osmo-Action-Dual-Direction-Mini-Extension-Rod_1.jpg","type":"image\/jpeg"}],"twitter_card":"summary_large_image","twitter_site":"@Gh0stysky","twitter_misc":{"Tiempo de lectura":"2 minutos"},"schema":{"@context":"https:\/\/schema.org","@graph":[{"@type":"WebPage","@id":"https:\/\/www.ghostysky.com\/product\/dji-osmo-action-dual-direction-mini-extension-rod\/","url":"https:\/\/www.ghostysky.com\/product\/dji-osmo-action-dual-direction-mini-extension-rod\/","name":"Mini varilla de extensi\u00f3n bidireccional para DJI Osmo Action - Ghostysky","isPartOf":{"@id":"https:\/\/www.ghostysky.com\/#website"},"primaryImageOfPage":{"@id":"https:\/\/www.ghostysky.com\/product\/dji-osmo-action-dual-direction-mini-extension-rod\/#primaryimage"},"image":{"@id":"https:\/\/www.ghostysky.com\/product\/dji-osmo-action-dual-direction-mini-extension-rod\/#primaryimage"},"thumbnailUrl":"https:\/\/www.ghostysky.com\/wp-content\/uploads\/2025\/11\/GH_DJI-Osmo-Action-Dual-Direction-Mini-Extension-Rod_1.jpg","datePublished":"2025-11-20T22:37:01+00:00","dateModified":"2025-11-23T09:17:48+00:00","description":"Captura tu mundo desde nuevas perspectivas con la mini barra de extensi\u00f3n bidireccional para DJI Osmo Action. Este accesorio de tama\u00f1o compacto, que combina portabilidad y funcionalidad, es el compa\u00f1ero ideal para vlogging, tomas de acci\u00f3n y grabaci\u00f3n con manos libres.","breadcrumb":{"@id":"https:\/\/www.ghostysky.com\/product\/dji-osmo-action-dual-direction-mini-extension-rod\/#breadcrumb"},"inLanguage":"es","potentialAction":[{"@type":"ReadAction","target":["https:\/\/www.ghostysky.com\/product\/dji-osmo-action-dual-direction-mini-extension-rod\/"]}]},{"@type":"ImageObject","inLanguage":"es","@id":"https:\/\/www.ghostysky.com\/product\/dji-osmo-action-dual-direction-mini-extension-rod\/#primaryimage","url":"https:\/\/www.ghostysky.com\/wp-content\/uploads\/2025\/11\/GH_DJI-Osmo-Action-Dual-Direction-Mini-Extension-Rod_1.jpg","contentUrl":"https:\/\/www.ghostysky.com\/wp-content\/uploads\/2025\/11\/GH_DJI-Osmo-Action-Dual-Direction-Mini-Extension-Rod_1.jpg","width":800,"height":800},{"@type":"BreadcrumbList","@id":"https:\/\/www.ghostysky.com\/product\/dji-osmo-action-dual-direction-mini-extension-rod\/#breadcrumb","itemListElement":[{"@type":"ListItem","position":1,"name":"Home","item":"https:\/\/www.ghostysky.com\/"},{"@type":"ListItem","position":2,"name":"Shop","item":"https:\/\/www.ghostysky.com\/shop\/"},{"@type":"ListItem","position":3,"name":"DJI Osmo Action Dual-Direction Mini Extension Rod"}]},{"@type":"WebSite","@id":"https:\/\/www.ghostysky.com\/#website","url":"https:\/\/www.ghostysky.com\/","name":"Ghostysky","description":"Entrega de drones y servicios profesionales","publisher":{"@id":"https:\/\/www.ghostysky.com\/#organization"},"potentialAction":[{"@type":"SearchAction","target":{"@type":"EntryPoint","urlTemplate":"https:\/\/www.ghostysky.com\/?s={search_term_string}"},"query-input":{"@type":"PropertyValueSpecification","valueRequired":true,"valueName":"search_term_string"}}],"inLanguage":"es"},{"@type":"Organization","@id":"https:\/\/www.ghostysky.com\/#organization","name":"Ghostysky","url":"https:\/\/www.ghostysky.com\/","logo":{"@type":"ImageObject","inLanguage":"es","@id":"https:\/\/www.ghostysky.com\/#\/schema\/logo\/image\/","url":"https:\/\/www.ghostysky.com\/wp-content\/uploads\/2020\/06\/cropped-ghostyskylogo_text_white2.png","contentUrl":"https:\/\/www.ghostysky.com\/wp-content\/uploads\/2020\/06\/cropped-ghostyskylogo_text_white2.png","width":169,"height":56,"caption":"Ghostysky"},"image":{"@id":"https:\/\/www.ghostysky.com\/#\/schema\/logo\/image\/"},"sameAs":["https:\/\/www.facebook.com\/people\/Ghostysky\/100057676170234\/","https:\/\/x.com\/Gh0stysky","https:\/\/www.linkedin.com\/company\/34739653","https:\/\/www.instagram.com\/gh0stysky"]}]}},"_links":{"self":[{"href":"https:\/\/www.ghostysky.com\/es\/wp-json\/wp\/v2\/product\/23354","targetHints":{"allow":["GET"]}}],"collection":[{"href":"https:\/\/www.ghostysky.com\/es\/wp-json\/wp\/v2\/product"}],"about":[{"href":"https:\/\/www.ghostysky.com\/es\/wp-json\/wp\/v2\/types\/product"}],"replies":[{"embeddable":true,"href":"https:\/\/www.ghostysky.com\/es\/wp-json\/wp\/v2\/comments?post=23354"}],"wp:featuredmedia":[{"embeddable":true,"href":"https:\/\/www.ghostysky.com\/es\/wp-json\/wp\/v2\/media\/23357"}],"wp:attachment":[{"href":"https:\/\/www.ghostysky.com\/es\/wp-json\/wp\/v2\/media?parent=23354"}],"wp:term":[{"taxonomy":"product_brand","embeddable":true,"href":"https:\/\/www.ghostysky.com\/es\/wp-json\/wp\/v2\/product_brand?post=23354"},{"taxonomy":"product_cat","embeddable":true,"href":"https:\/\/www.ghostysky.com\/es\/wp-json\/wp\/v2\/product_cat?post=23354"},{"taxonomy":"product_tag","embeddable":true,"href":"https:\/\/www.ghostysky.com\/es\/wp-json\/wp\/v2\/product_tag?post=23354"}],"curies":[{"name":"wp","href":"https:\/\/api.w.org\/{rel}","templated":true}]}}