{"id":23358,"date":"2025-11-20T22:56:13","date_gmt":"2025-11-20T22:56:13","guid":{"rendered":"https:\/\/www.ghostysky.com\/?post_type=product&#038;p=23358"},"modified":"2025-11-23T09:16:58","modified_gmt":"2025-11-23T09:16:58","slug":"dji-osmo-1-5m-extension-rod-kit-dual-quick-release","status":"publish","type":"product","link":"https:\/\/www.ghostysky.com\/es\/product\/dji-osmo-1-5m-extension-rod-kit-dual-quick-release\/","title":{"rendered":"Kit de varilla de extensi\u00f3n DJI Osmo de 1,5 m (doble sistema de liberaci\u00f3n r\u00e1pida)"},"content":{"rendered":"<h4>Caracter\u00edsticas clave<\/h4>\n<ul data-path-to-node=\"4\">\n<li>\n<p data-path-to-node=\"4,0,0\"><b>Alcance telesc\u00f3pico:<\/b><span class=\"citation-326\"> La barra es ajustable desde una posici\u00f3n compacta <\/span><b><span class=\"citation-326\">0,3 metros<\/span><\/b><span class=\"citation-326 citation-end-326\"> (aprox.<\/span> <span class=\"citation-325\">11,8 pulgadas) hasta su m\u00e1xima extensi\u00f3n <\/span><b><span class=\"citation-325\">1,5 metros<\/span><\/b><span class=\"citation-325 citation-end-325\"> (aprox.<\/span> 4,9 pies), lo que le brinda una flexibilidad significativa para tomas desde \u00e1ngulos altos o selfies grupales.<\/p>\n<\/li>\n<li>\n<p data-path-to-node=\"4,1,0\"><b>Doble sistema de liberaci\u00f3n r\u00e1pida:<\/b><span class=\"citation-324\"> El incluido <\/span><b><span class=\"citation-324\">Adaptador de montaje de liberaci\u00f3n r\u00e1pida bidireccional<\/span><\/b><span class=\"citation-324 citation-end-324\"> Permite acoplar y desacoplar tu c\u00e1mara de acci\u00f3n Osmo con incre\u00edble rapidez, asegurando que no te pierdas ninguna toma al cambiar de configuraci\u00f3n.<\/span><\/p>\n<\/li>\n<li>\n<p data-path-to-node=\"4,2,0\"><b><span class=\"citation-323\">Expansi\u00f3n de accesorios:<\/span><\/b><span class=\"citation-323\"> Un est\u00e1ndar <\/span><b><span class=\"citation-323\">orificio roscado de 1\/4 de pulgada<\/span><\/b><span class=\"citation-323 citation-end-323\"> La base de la varilla permite acoplar accesorios como tr\u00edpodes, ampliando as\u00ed las opciones de montaje y disparo.<\/span><\/p>\n<\/li>\n<li>\n<p data-path-to-node=\"4,3,0\"><b><span class=\"citation-322\">Compacto y port\u00e1til:<\/span><\/b><span class=\"citation-322\"> Cuando est\u00e1 plegada, la varilla mide justo <\/span><b><span class=\"citation-322\">227 mm<\/span><\/b><span class=\"citation-322 citation-end-322\"> (aprox.<\/span> <span class=\"citation-321\">8,9 pulgadas) y pesa apenas <\/span><b><span class=\"citation-321\">160 g<\/span><\/b><span class=\"citation-321 citation-end-321\">, lo que la hace muy f\u00e1cil de transportar para cualquier aventura o videoblog de viajes.<\/span><\/p>\n<\/li>\n<li>\n<p data-path-to-node=\"4,4,0\"><b><span class=\"citation-320\">Agarre c\u00f3modo:<\/span><\/b><span class=\"citation-320\"> Con un di\u00e1metro delgado de <\/span><b><span class=\"citation-320\">26,6 mm<\/span><\/b><span class=\"citation-320 citation-end-320\">La empu\u00f1adura es c\u00f3moda y segura, incluso durante sesiones de tiro prolongadas.<\/span><\/p>\n<div class=\"source-inline-chip-container ng-star-inserted\"><\/div>\n<\/li>\n<\/ul>\n<h4>En el cuadro<\/h4>\n<p data-path-to-node=\"7\">El kit incluye todo lo necesario para su uso inmediato:<\/p>\n<ul data-path-to-node=\"8\">\n<li>\n<p data-path-to-node=\"8,0,0\"><span class=\"citation-319 citation-end-319\">Varilla de extensi\u00f3n Osmo de 1,5 m<\/span><\/p>\n<\/li>\n<li>\n<p data-path-to-node=\"8,1,0\"><span class=\"citation-318 citation-end-318\">Soporte adaptador de liberaci\u00f3n r\u00e1pida bidireccional Osmo<\/span><\/p>\n<\/li>\n<li>\n<p data-path-to-node=\"8,2,0\"><span class=\"citation-317 citation-end-317\">Tornillo de bloqueo Osmo<\/span><\/p>\n<\/li>\n<\/ul>\n<p data-path-to-node=\"9\"><span class=\"citation-316 citation-end-316\">Captura escenas m\u00e1s amplias, perspectivas \u00fanicas y autorretratos perfectos con este accesorio esencial para tu c\u00e1mara de acci\u00f3n DJI Osmo compatible.<\/span><\/p>","protected":false},"excerpt":{"rendered":"<p data-path-to-node=\"1\">Mejora tu perspectiva y captura selfies sin esfuerzo y \u00e1ngulos creativos con el <b>Kit de varilla de extensi\u00f3n DJI Osmo de 1,5 m<\/b>. <span class=\"citation-327 citation-end-327\">Dise\u00f1ada para ofrecer comodidad y versatilidad, esta varilla telesc\u00f3pica y ligera extiende el alcance de tu c\u00e1mara para desbloquear nuevas posibilidades de disparo.<\/span><\/p>","protected":false},"featured_media":23360,"comment_status":"open","ping_status":"closed","template":"","meta":[],"product_brand":[1031],"product_cat":[37,1301,1302,29],"product_tag":[42,1306,1303,1305],"class_list":{"0":"post-23358","1":"product","2":"type-product","3":"status-publish","4":"has-post-thumbnail","6":"product_brand-dji","7":"product_cat-dji","8":"product_cat-dji-handled","9":"product_cat-dji-osmo-action-6","10":"product_cat-drones","11":"product_tag-dji","12":"product_tag-dji-osmo-action","13":"product_tag-osmo-action-6","14":"product_tag-osmo-action-6-accessories","16":"first","17":"outofstock","18":"taxable","19":"shipping-taxable","20":"purchasable","21":"product-type-simple"},"yoast_head":"<!-- This site is optimized with the Yoast SEO plugin v27.1.1 - https:\/\/yoast.com\/product\/yoast-seo-wordpress\/ -->\n<title>DJI Osmo 1.5m Extension Rod Kit (Dual Quick-Release) - Ghostysky<\/title>\n<meta name=\"description\" content=\"Elevate your perspective and capture effortless selfies and creative angles with the DJI Osmo 1.5m Extension Rod Kit. Designed for convenience and versatility, this lightweight, telescopic rod extends your camera&#039;s reach to unlock new shooting possibilities.\" \/>\n<meta name=\"robots\" content=\"index, follow, max-snippet:-1, max-image-preview:large, max-video-preview:-1\" \/>\n<link rel=\"canonical\" href=\"https:\/\/www.ghostysky.com\/es\/producto-2\/dji-osmo-1-5m-extension-rod-kit-dual-quick-release\/\" \/>\n<meta property=\"og:locale\" content=\"es_ES\" \/>\n<meta property=\"og:type\" content=\"article\" \/>\n<meta property=\"og:title\" content=\"DJI Osmo 1.5m Extension Rod Kit (Dual Quick-Release) - Ghostysky\" \/>\n<meta property=\"og:description\" content=\"Elevate your perspective and capture effortless selfies and creative angles with the DJI Osmo 1.5m Extension Rod Kit. Designed for convenience and versatility, this lightweight, telescopic rod extends your camera&#039;s reach to unlock new shooting possibilities.\" \/>\n<meta property=\"og:url\" content=\"https:\/\/www.ghostysky.com\/es\/producto-2\/dji-osmo-1-5m-extension-rod-kit-dual-quick-release\/\" \/>\n<meta property=\"og:site_name\" content=\"Ghostysky\" \/>\n<meta property=\"article:publisher\" content=\"https:\/\/www.facebook.com\/people\/Ghostysky\/100057676170234\/\" \/>\n<meta property=\"article:modified_time\" content=\"2025-11-23T09:16:58+00:00\" \/>\n<meta property=\"og:image\" content=\"https:\/\/www.ghostysky.com\/wp-content\/uploads\/2025\/11\/GH_DJI-Osmo-1.5m-Extension-Rod-Kit-Dual-Quick-Release_1.jpg\" \/>\n\t<meta property=\"og:image:width\" content=\"800\" \/>\n\t<meta property=\"og:image:height\" content=\"800\" \/>\n\t<meta property=\"og:image:type\" content=\"image\/jpeg\" \/>\n<meta name=\"twitter:card\" content=\"summary_large_image\" \/>\n<meta name=\"twitter:site\" content=\"@Gh0stysky\" \/>\n<meta name=\"twitter:label1\" content=\"Tiempo de lectura\" \/>\n\t<meta name=\"twitter:data1\" content=\"2 minutos\" \/>\n<script type=\"application\/ld+json\" class=\"yoast-schema-graph\">{\"@context\":\"https:\/\/schema.org\",\"@graph\":[{\"@type\":\"WebPage\",\"@id\":\"https:\/\/www.ghostysky.com\/product\/dji-osmo-1-5m-extension-rod-kit-dual-quick-release\/\",\"url\":\"https:\/\/www.ghostysky.com\/product\/dji-osmo-1-5m-extension-rod-kit-dual-quick-release\/\",\"name\":\"DJI Osmo 1.5m Extension Rod Kit (Dual Quick-Release) - Ghostysky\",\"isPartOf\":{\"@id\":\"https:\/\/www.ghostysky.com\/#website\"},\"primaryImageOfPage\":{\"@id\":\"https:\/\/www.ghostysky.com\/product\/dji-osmo-1-5m-extension-rod-kit-dual-quick-release\/#primaryimage\"},\"image\":{\"@id\":\"https:\/\/www.ghostysky.com\/product\/dji-osmo-1-5m-extension-rod-kit-dual-quick-release\/#primaryimage\"},\"thumbnailUrl\":\"https:\/\/www.ghostysky.com\/wp-content\/uploads\/2025\/11\/GH_DJI-Osmo-1.5m-Extension-Rod-Kit-Dual-Quick-Release_1.jpg\",\"datePublished\":\"2025-11-20T22:56:13+00:00\",\"dateModified\":\"2025-11-23T09:16:58+00:00\",\"description\":\"Elevate your perspective and capture effortless selfies and creative angles with the DJI Osmo 1.5m Extension Rod Kit. Designed for convenience and versatility, this lightweight, telescopic rod extends your camera's reach to unlock new shooting possibilities.\",\"breadcrumb\":{\"@id\":\"https:\/\/www.ghostysky.com\/product\/dji-osmo-1-5m-extension-rod-kit-dual-quick-release\/#breadcrumb\"},\"inLanguage\":\"es\",\"potentialAction\":[{\"@type\":\"ReadAction\",\"target\":[\"https:\/\/www.ghostysky.com\/product\/dji-osmo-1-5m-extension-rod-kit-dual-quick-release\/\"]}]},{\"@type\":\"ImageObject\",\"inLanguage\":\"es\",\"@id\":\"https:\/\/www.ghostysky.com\/product\/dji-osmo-1-5m-extension-rod-kit-dual-quick-release\/#primaryimage\",\"url\":\"https:\/\/www.ghostysky.com\/wp-content\/uploads\/2025\/11\/GH_DJI-Osmo-1.5m-Extension-Rod-Kit-Dual-Quick-Release_1.jpg\",\"contentUrl\":\"https:\/\/www.ghostysky.com\/wp-content\/uploads\/2025\/11\/GH_DJI-Osmo-1.5m-Extension-Rod-Kit-Dual-Quick-Release_1.jpg\",\"width\":800,\"height\":800},{\"@type\":\"BreadcrumbList\",\"@id\":\"https:\/\/www.ghostysky.com\/product\/dji-osmo-1-5m-extension-rod-kit-dual-quick-release\/#breadcrumb\",\"itemListElement\":[{\"@type\":\"ListItem\",\"position\":1,\"name\":\"Home\",\"item\":\"https:\/\/www.ghostysky.com\/\"},{\"@type\":\"ListItem\",\"position\":2,\"name\":\"Shop\",\"item\":\"https:\/\/www.ghostysky.com\/shop\/\"},{\"@type\":\"ListItem\",\"position\":3,\"name\":\"DJI Osmo 1.5m Extension Rod Kit (Dual Quick-Release)\"}]},{\"@type\":\"WebSite\",\"@id\":\"https:\/\/www.ghostysky.com\/#website\",\"url\":\"https:\/\/www.ghostysky.com\/\",\"name\":\"Ghostysky\",\"description\":\"Delivering professional drones and services\",\"publisher\":{\"@id\":\"https:\/\/www.ghostysky.com\/#organization\"},\"potentialAction\":[{\"@type\":\"SearchAction\",\"target\":{\"@type\":\"EntryPoint\",\"urlTemplate\":\"https:\/\/www.ghostysky.com\/?s={search_term_string}\"},\"query-input\":{\"@type\":\"PropertyValueSpecification\",\"valueRequired\":true,\"valueName\":\"search_term_string\"}}],\"inLanguage\":\"es\"},{\"@type\":\"Organization\",\"@id\":\"https:\/\/www.ghostysky.com\/#organization\",\"name\":\"Ghostysky\",\"url\":\"https:\/\/www.ghostysky.com\/\",\"logo\":{\"@type\":\"ImageObject\",\"inLanguage\":\"es\",\"@id\":\"https:\/\/www.ghostysky.com\/#\/schema\/logo\/image\/\",\"url\":\"https:\/\/www.ghostysky.com\/wp-content\/uploads\/2020\/06\/cropped-ghostyskylogo_text_white2.png\",\"contentUrl\":\"https:\/\/www.ghostysky.com\/wp-content\/uploads\/2020\/06\/cropped-ghostyskylogo_text_white2.png\",\"width\":169,\"height\":56,\"caption\":\"Ghostysky\"},\"image\":{\"@id\":\"https:\/\/www.ghostysky.com\/#\/schema\/logo\/image\/\"},\"sameAs\":[\"https:\/\/www.facebook.com\/people\/Ghostysky\/100057676170234\/\",\"https:\/\/x.com\/Gh0stysky\",\"https:\/\/www.linkedin.com\/company\/34739653\",\"https:\/\/www.instagram.com\/gh0stysky\"]}]}<\/script>\n<!-- \/ Yoast SEO plugin. -->","yoast_head_json":{"title":"Kit de extensi\u00f3n de varilla de 1,5 m para DJI Osmo (doble sistema de liberaci\u00f3n r\u00e1pida) - Ghostysky","description":"Ampl\u00eda tu perspectiva y captura selfies sin esfuerzo y \u00e1ngulos creativos con el kit de extensi\u00f3n de 1,5 m para DJI Osmo. Dise\u00f1ado para ofrecer comodidad y versatilidad, este ligero tubo telesc\u00f3pico extiende el alcance de tu c\u00e1mara para que descubras nuevas posibilidades de grabaci\u00f3n.","robots":{"index":"index","follow":"follow","max-snippet":"max-snippet:-1","max-image-preview":"max-image-preview:large","max-video-preview":"max-video-preview:-1"},"canonical":"https:\/\/www.ghostysky.com\/es\/producto-2\/dji-osmo-1-5m-extension-rod-kit-dual-quick-release\/","og_locale":"es_ES","og_type":"article","og_title":"DJI Osmo 1.5m Extension Rod Kit (Dual Quick-Release) - Ghostysky","og_description":"Elevate your perspective and capture effortless selfies and creative angles with the DJI Osmo 1.5m Extension Rod Kit. Designed for convenience and versatility, this lightweight, telescopic rod extends your camera's reach to unlock new shooting possibilities.","og_url":"https:\/\/www.ghostysky.com\/es\/producto-2\/dji-osmo-1-5m-extension-rod-kit-dual-quick-release\/","og_site_name":"Ghostysky","article_publisher":"https:\/\/www.facebook.com\/people\/Ghostysky\/100057676170234\/","article_modified_time":"2025-11-23T09:16:58+00:00","og_image":[{"width":800,"height":800,"url":"https:\/\/www.ghostysky.com\/wp-content\/uploads\/2025\/11\/GH_DJI-Osmo-1.5m-Extension-Rod-Kit-Dual-Quick-Release_1.jpg","type":"image\/jpeg"}],"twitter_card":"summary_large_image","twitter_site":"@Gh0stysky","twitter_misc":{"Tiempo de lectura":"2 minutos"},"schema":{"@context":"https:\/\/schema.org","@graph":[{"@type":"WebPage","@id":"https:\/\/www.ghostysky.com\/product\/dji-osmo-1-5m-extension-rod-kit-dual-quick-release\/","url":"https:\/\/www.ghostysky.com\/product\/dji-osmo-1-5m-extension-rod-kit-dual-quick-release\/","name":"Kit de extensi\u00f3n de varilla de 1,5 m para DJI Osmo (doble sistema de liberaci\u00f3n r\u00e1pida) - Ghostysky","isPartOf":{"@id":"https:\/\/www.ghostysky.com\/#website"},"primaryImageOfPage":{"@id":"https:\/\/www.ghostysky.com\/product\/dji-osmo-1-5m-extension-rod-kit-dual-quick-release\/#primaryimage"},"image":{"@id":"https:\/\/www.ghostysky.com\/product\/dji-osmo-1-5m-extension-rod-kit-dual-quick-release\/#primaryimage"},"thumbnailUrl":"https:\/\/www.ghostysky.com\/wp-content\/uploads\/2025\/11\/GH_DJI-Osmo-1.5m-Extension-Rod-Kit-Dual-Quick-Release_1.jpg","datePublished":"2025-11-20T22:56:13+00:00","dateModified":"2025-11-23T09:16:58+00:00","description":"Ampl\u00eda tu perspectiva y captura selfies sin esfuerzo y \u00e1ngulos creativos con el kit de extensi\u00f3n de 1,5 m para DJI Osmo. Dise\u00f1ado para ofrecer comodidad y versatilidad, este ligero tubo telesc\u00f3pico extiende el alcance de tu c\u00e1mara para que descubras nuevas posibilidades de grabaci\u00f3n.","breadcrumb":{"@id":"https:\/\/www.ghostysky.com\/product\/dji-osmo-1-5m-extension-rod-kit-dual-quick-release\/#breadcrumb"},"inLanguage":"es","potentialAction":[{"@type":"ReadAction","target":["https:\/\/www.ghostysky.com\/product\/dji-osmo-1-5m-extension-rod-kit-dual-quick-release\/"]}]},{"@type":"ImageObject","inLanguage":"es","@id":"https:\/\/www.ghostysky.com\/product\/dji-osmo-1-5m-extension-rod-kit-dual-quick-release\/#primaryimage","url":"https:\/\/www.ghostysky.com\/wp-content\/uploads\/2025\/11\/GH_DJI-Osmo-1.5m-Extension-Rod-Kit-Dual-Quick-Release_1.jpg","contentUrl":"https:\/\/www.ghostysky.com\/wp-content\/uploads\/2025\/11\/GH_DJI-Osmo-1.5m-Extension-Rod-Kit-Dual-Quick-Release_1.jpg","width":800,"height":800},{"@type":"BreadcrumbList","@id":"https:\/\/www.ghostysky.com\/product\/dji-osmo-1-5m-extension-rod-kit-dual-quick-release\/#breadcrumb","itemListElement":[{"@type":"ListItem","position":1,"name":"Home","item":"https:\/\/www.ghostysky.com\/"},{"@type":"ListItem","position":2,"name":"Shop","item":"https:\/\/www.ghostysky.com\/shop\/"},{"@type":"ListItem","position":3,"name":"DJI Osmo 1.5m Extension Rod Kit (Dual Quick-Release)"}]},{"@type":"WebSite","@id":"https:\/\/www.ghostysky.com\/#website","url":"https:\/\/www.ghostysky.com\/","name":"Ghostysky","description":"Entrega de drones y servicios profesionales","publisher":{"@id":"https:\/\/www.ghostysky.com\/#organization"},"potentialAction":[{"@type":"SearchAction","target":{"@type":"EntryPoint","urlTemplate":"https:\/\/www.ghostysky.com\/?s={search_term_string}"},"query-input":{"@type":"PropertyValueSpecification","valueRequired":true,"valueName":"search_term_string"}}],"inLanguage":"es"},{"@type":"Organization","@id":"https:\/\/www.ghostysky.com\/#organization","name":"Ghostysky","url":"https:\/\/www.ghostysky.com\/","logo":{"@type":"ImageObject","inLanguage":"es","@id":"https:\/\/www.ghostysky.com\/#\/schema\/logo\/image\/","url":"https:\/\/www.ghostysky.com\/wp-content\/uploads\/2020\/06\/cropped-ghostyskylogo_text_white2.png","contentUrl":"https:\/\/www.ghostysky.com\/wp-content\/uploads\/2020\/06\/cropped-ghostyskylogo_text_white2.png","width":169,"height":56,"caption":"Ghostysky"},"image":{"@id":"https:\/\/www.ghostysky.com\/#\/schema\/logo\/image\/"},"sameAs":["https:\/\/www.facebook.com\/people\/Ghostysky\/100057676170234\/","https:\/\/x.com\/Gh0stysky","https:\/\/www.linkedin.com\/company\/34739653","https:\/\/www.instagram.com\/gh0stysky"]}]}},"_links":{"self":[{"href":"https:\/\/www.ghostysky.com\/es\/wp-json\/wp\/v2\/product\/23358","targetHints":{"allow":["GET"]}}],"collection":[{"href":"https:\/\/www.ghostysky.com\/es\/wp-json\/wp\/v2\/product"}],"about":[{"href":"https:\/\/www.ghostysky.com\/es\/wp-json\/wp\/v2\/types\/product"}],"replies":[{"embeddable":true,"href":"https:\/\/www.ghostysky.com\/es\/wp-json\/wp\/v2\/comments?post=23358"}],"wp:featuredmedia":[{"embeddable":true,"href":"https:\/\/www.ghostysky.com\/es\/wp-json\/wp\/v2\/media\/23360"}],"wp:attachment":[{"href":"https:\/\/www.ghostysky.com\/es\/wp-json\/wp\/v2\/media?parent=23358"}],"wp:term":[{"taxonomy":"product_brand","embeddable":true,"href":"https:\/\/www.ghostysky.com\/es\/wp-json\/wp\/v2\/product_brand?post=23358"},{"taxonomy":"product_cat","embeddable":true,"href":"https:\/\/www.ghostysky.com\/es\/wp-json\/wp\/v2\/product_cat?post=23358"},{"taxonomy":"product_tag","embeddable":true,"href":"https:\/\/www.ghostysky.com\/es\/wp-json\/wp\/v2\/product_tag?post=23358"}],"curies":[{"name":"wp","href":"https:\/\/api.w.org\/{rel}","templated":true}]}}