{"id":23361,"date":"2025-11-23T09:04:41","date_gmt":"2025-11-23T09:04:41","guid":{"rendered":"https:\/\/www.ghostysky.com\/?post_type=product&#038;p=23361"},"modified":"2025-11-23T09:16:04","modified_gmt":"2025-11-23T09:16:04","slug":"dji-osmo-action-6-glass-lens-cover","status":"publish","type":"product","link":"https:\/\/www.ghostysky.com\/es\/product\/dji-osmo-action-6-glass-lens-cover\/","title":{"rendered":"Cubierta de lente de cristal para DJI Osmo Action 6"},"content":{"rendered":"<h4>Caracter\u00edsticas y beneficios clave<\/h4>\n<ul data-path-to-node=\"3\">\n<li>\n<p data-path-to-node=\"3,0,0\"><b><span class=\"citation-343\">Vidrio de alta resistencia:<\/span><\/b><span class=\"citation-343\"> Fabricada con vidrio duradero y de alta resistencia, esta cubierta est\u00e1 dise\u00f1ada para resistir <\/span><b><span class=\"citation-343\">ca\u00eddas y ara\u00f1azos<\/span><\/b><span class=\"citation-343 citation-end-343\">, ofreciendo una defensa superior contra los peligros de los entornos de disparos llenos de acci\u00f3n.<\/span><\/p>\n<\/li>\n<li>\n<p data-path-to-node=\"3,1,0\"><b>Recubrimiento AF hidrof\u00f3bico:<\/b><span class=\"citation-342\"> Con un exterior <\/span><b><span class=\"citation-342\">Revestimiento hidrof\u00f3bico AF (antihuellas)<\/span><\/b><span class=\"citation-342 citation-end-342\">Las gotas de agua se acumulan y se deslizan r\u00e1pidamente.<\/span> <span class=\"citation-341 citation-end-341\">Esto mantiene su lente limpio al disparar bajo la lluvia, cerca del agua o al lidiar con roc\u00edo, lo que garantiza im\u00e1genes limpias y sin obstrucciones.<\/span><\/p>\n<\/li>\n<li>\n<p data-path-to-node=\"3,2,0\"><b><span class=\"citation-340\">Protecci\u00f3n confiable de lentes:<\/span><\/b><span class=\"citation-340 citation-end-340\"> Proporciona una capa crucial de defensa para el elemento frontal de la c\u00e1mara, manteniendo la claridad \u00f3ptica a largo plazo de su Osmo Action 6.<\/span><\/p>\n<\/li>\n<li>\n<p data-path-to-node=\"3,3,0\"><b><span class=\"citation-339\">Integraci\u00f3n perfecta:<\/span><\/b><span class=\"citation-339\"> Dise\u00f1ado espec\u00edficamente para la DJI Osmo Action 6, se enrosca f\u00e1cilmente en la lente y es compatible para su uso con el accesorio opcional <\/span><b><span class=\"citation-339\">Estuche impermeable<\/span><\/b><span class=\"citation-339 citation-end-339\"> y otros accesorios montados en la parte frontal, como filtros ND y la lente FOV Boost.<\/span><\/p>\n<\/li>\n<li>\n<p data-path-to-node=\"3,4,0\"><b><span class=\"citation-338\">Ligero y compacto:<\/span><\/b><span class=\"citation-338\"> Con un peso m\u00ednimo de tan solo <\/span><b><span class=\"citation-338\">10 gramos<\/span><\/b><span class=\"citation-338 citation-end-338\"> y sus dimensiones compactas (37,9 \u00d7 37,9 \u00d7 7,2 mm), pr\u00e1cticamente no a\u00f1ade volumen a la configuraci\u00f3n de su c\u00e1mara.<\/span><\/p>\n<\/li>\n<\/ul>\n<h4>Especificaciones<\/h4>\n<table data-path-to-node=\"5\">\n<thead>\n<tr>\n<td><strong>Atributo<\/strong><\/td>\n<td><strong>Detalle<\/strong><\/td>\n<\/tr>\n<\/thead>\n<tbody>\n<tr>\n<td data-path-to-node=\"5,1,0,0\"><b>Compatibilidad<\/b><\/td>\n<td data-path-to-node=\"5,1,1,0\">DJI Osmo Action 6<\/td>\n<\/tr>\n<tr>\n<td data-path-to-node=\"5,2,0,0\"><b>Material<\/b><\/td>\n<td data-path-to-node=\"5,2,1,0\">Vidrio de alta resistencia<\/td>\n<\/tr>\n<tr>\n<td data-path-to-node=\"5,3,0,0\"><b>Revestimiento<\/b><\/td>\n<td data-path-to-node=\"5,3,1,0\">AF externo (hidrof\u00f3bico)<\/td>\n<\/tr>\n<tr>\n<td data-path-to-node=\"5,4,0,0\"><b>Peso<\/b><\/td>\n<td data-path-to-node=\"5,4,1,0\">10 gramos<\/td>\n<\/tr>\n<tr>\n<td data-path-to-node=\"5,5,0,0\"><b>Dimensiones<\/b><\/td>\n<td data-path-to-node=\"5,5,1,0\">37,9 \u00d7 37,9 \u00d7 7,2 mm (largo \u00d7 ancho \u00d7 alto)<\/td>\n<\/tr>\n<tr>\n<td data-path-to-node=\"5,6,0,0\"><b>Montaje<\/b><\/td>\n<td data-path-to-node=\"5,6,1,0\">Atornillable<\/td>\n<\/tr>\n<\/tbody>\n<\/table>\n<p data-path-to-node=\"6\"><span class=\"citation-337 citation-end-337\">Mantenga sus im\u00e1genes n\u00edtidas y su lente a salvo de los elementos y accidentes con este accesorio esencial para la DJI Osmo Action 6.<\/span><\/p>","protected":false},"excerpt":{"rendered":"<p><span class=\"citation-345\">Proteja su lente DJI Osmo Action 6 con el <\/span><b><span class=\"citation-345\">Cubierta de lente de cristal para DJI Osmo Action 6<\/span><\/b><span class=\"citation-345 citation-end-345\">, un accesorio de alta resistencia dise\u00f1ado para la acci\u00f3n m\u00e1s exigente.<\/span> <span class=\"citation-344 citation-end-344\">Esta cubierta de repuesto o reemplazo brinda protecci\u00f3n confiable y resistente sin sacrificar la calidad de la imagen, lo que garantiza que sus aventuras se capturen con detalles impecables.<\/span><\/p>","protected":false},"featured_media":23364,"comment_status":"open","ping_status":"closed","template":"","meta":[],"product_brand":[1031],"product_cat":[37,1301,1302,29],"product_tag":[42,1306,1305],"class_list":{"0":"post-23361","1":"product","2":"type-product","3":"status-publish","4":"has-post-thumbnail","6":"product_brand-dji","7":"product_cat-dji","8":"product_cat-dji-handled","9":"product_cat-dji-osmo-action-6","10":"product_cat-drones","11":"product_tag-dji","12":"product_tag-dji-osmo-action","13":"product_tag-osmo-action-6-accessories","15":"first","16":"outofstock","17":"taxable","18":"shipping-taxable","19":"purchasable","20":"product-type-simple"},"yoast_head":"<!-- This site is optimized with the Yoast SEO plugin v27.1.1 - https:\/\/yoast.com\/product\/yoast-seo-wordpress\/ -->\n<title>DJI Osmo Action 6 Glass Lens Cover - Ghostysky<\/title>\n<meta name=\"description\" content=\"Safeguard your DJI Osmo Action 6 lens with the DJI Osmo Action 6 Glass Lens Cover, a high-strength accessory engineered for the most demanding action. This replacement or spare cover provides reliable, rugged protection without sacrificing image quality, ensuring your adventures are captured in pristine detail.\" \/>\n<meta name=\"robots\" content=\"index, follow, max-snippet:-1, max-image-preview:large, max-video-preview:-1\" \/>\n<link rel=\"canonical\" href=\"https:\/\/www.ghostysky.com\/es\/producto-2\/dji-osmo-action-6-glass-lens-cover\/\" \/>\n<meta property=\"og:locale\" content=\"es_ES\" \/>\n<meta property=\"og:type\" content=\"article\" \/>\n<meta property=\"og:title\" content=\"DJI Osmo Action 6 Glass Lens Cover - Ghostysky\" \/>\n<meta property=\"og:description\" content=\"Safeguard your DJI Osmo Action 6 lens with the DJI Osmo Action 6 Glass Lens Cover, a high-strength accessory engineered for the most demanding action. This replacement or spare cover provides reliable, rugged protection without sacrificing image quality, ensuring your adventures are captured in pristine detail.\" \/>\n<meta property=\"og:url\" content=\"https:\/\/www.ghostysky.com\/es\/producto-2\/dji-osmo-action-6-glass-lens-cover\/\" \/>\n<meta property=\"og:site_name\" content=\"Ghostysky\" \/>\n<meta property=\"article:publisher\" content=\"https:\/\/www.facebook.com\/people\/Ghostysky\/100057676170234\/\" \/>\n<meta property=\"article:modified_time\" content=\"2025-11-23T09:16:04+00:00\" \/>\n<meta property=\"og:image\" content=\"https:\/\/www.ghostysky.com\/wp-content\/uploads\/2025\/11\/GH_DJI-Osmo-Action-6-Glass-Lens-Cover_1.jpg\" \/>\n\t<meta property=\"og:image:width\" content=\"800\" \/>\n\t<meta property=\"og:image:height\" content=\"800\" \/>\n\t<meta property=\"og:image:type\" content=\"image\/jpeg\" \/>\n<meta name=\"twitter:card\" content=\"summary_large_image\" \/>\n<meta name=\"twitter:site\" content=\"@Gh0stysky\" \/>\n<meta name=\"twitter:label1\" content=\"Tiempo de lectura\" \/>\n\t<meta name=\"twitter:data1\" content=\"2 minutos\" \/>\n<script type=\"application\/ld+json\" class=\"yoast-schema-graph\">{\"@context\":\"https:\/\/schema.org\",\"@graph\":[{\"@type\":\"WebPage\",\"@id\":\"https:\/\/www.ghostysky.com\/product\/dji-osmo-action-6-glass-lens-cover\/\",\"url\":\"https:\/\/www.ghostysky.com\/product\/dji-osmo-action-6-glass-lens-cover\/\",\"name\":\"DJI Osmo Action 6 Glass Lens Cover - Ghostysky\",\"isPartOf\":{\"@id\":\"https:\/\/www.ghostysky.com\/#website\"},\"primaryImageOfPage\":{\"@id\":\"https:\/\/www.ghostysky.com\/product\/dji-osmo-action-6-glass-lens-cover\/#primaryimage\"},\"image\":{\"@id\":\"https:\/\/www.ghostysky.com\/product\/dji-osmo-action-6-glass-lens-cover\/#primaryimage\"},\"thumbnailUrl\":\"https:\/\/www.ghostysky.com\/wp-content\/uploads\/2025\/11\/GH_DJI-Osmo-Action-6-Glass-Lens-Cover_1.jpg\",\"datePublished\":\"2025-11-23T09:04:41+00:00\",\"dateModified\":\"2025-11-23T09:16:04+00:00\",\"description\":\"Safeguard your DJI Osmo Action 6 lens with the DJI Osmo Action 6 Glass Lens Cover, a high-strength accessory engineered for the most demanding action. This replacement or spare cover provides reliable, rugged protection without sacrificing image quality, ensuring your adventures are captured in pristine detail.\",\"breadcrumb\":{\"@id\":\"https:\/\/www.ghostysky.com\/product\/dji-osmo-action-6-glass-lens-cover\/#breadcrumb\"},\"inLanguage\":\"es\",\"potentialAction\":[{\"@type\":\"ReadAction\",\"target\":[\"https:\/\/www.ghostysky.com\/product\/dji-osmo-action-6-glass-lens-cover\/\"]}]},{\"@type\":\"ImageObject\",\"inLanguage\":\"es\",\"@id\":\"https:\/\/www.ghostysky.com\/product\/dji-osmo-action-6-glass-lens-cover\/#primaryimage\",\"url\":\"https:\/\/www.ghostysky.com\/wp-content\/uploads\/2025\/11\/GH_DJI-Osmo-Action-6-Glass-Lens-Cover_1.jpg\",\"contentUrl\":\"https:\/\/www.ghostysky.com\/wp-content\/uploads\/2025\/11\/GH_DJI-Osmo-Action-6-Glass-Lens-Cover_1.jpg\",\"width\":800,\"height\":800},{\"@type\":\"BreadcrumbList\",\"@id\":\"https:\/\/www.ghostysky.com\/product\/dji-osmo-action-6-glass-lens-cover\/#breadcrumb\",\"itemListElement\":[{\"@type\":\"ListItem\",\"position\":1,\"name\":\"Home\",\"item\":\"https:\/\/www.ghostysky.com\/\"},{\"@type\":\"ListItem\",\"position\":2,\"name\":\"Shop\",\"item\":\"https:\/\/www.ghostysky.com\/shop\/\"},{\"@type\":\"ListItem\",\"position\":3,\"name\":\"DJI Osmo Action 6 Glass Lens Cover\"}]},{\"@type\":\"WebSite\",\"@id\":\"https:\/\/www.ghostysky.com\/#website\",\"url\":\"https:\/\/www.ghostysky.com\/\",\"name\":\"Ghostysky\",\"description\":\"Delivering professional drones and services\",\"publisher\":{\"@id\":\"https:\/\/www.ghostysky.com\/#organization\"},\"potentialAction\":[{\"@type\":\"SearchAction\",\"target\":{\"@type\":\"EntryPoint\",\"urlTemplate\":\"https:\/\/www.ghostysky.com\/?s={search_term_string}\"},\"query-input\":{\"@type\":\"PropertyValueSpecification\",\"valueRequired\":true,\"valueName\":\"search_term_string\"}}],\"inLanguage\":\"es\"},{\"@type\":\"Organization\",\"@id\":\"https:\/\/www.ghostysky.com\/#organization\",\"name\":\"Ghostysky\",\"url\":\"https:\/\/www.ghostysky.com\/\",\"logo\":{\"@type\":\"ImageObject\",\"inLanguage\":\"es\",\"@id\":\"https:\/\/www.ghostysky.com\/#\/schema\/logo\/image\/\",\"url\":\"https:\/\/www.ghostysky.com\/wp-content\/uploads\/2020\/06\/cropped-ghostyskylogo_text_white2.png\",\"contentUrl\":\"https:\/\/www.ghostysky.com\/wp-content\/uploads\/2020\/06\/cropped-ghostyskylogo_text_white2.png\",\"width\":169,\"height\":56,\"caption\":\"Ghostysky\"},\"image\":{\"@id\":\"https:\/\/www.ghostysky.com\/#\/schema\/logo\/image\/\"},\"sameAs\":[\"https:\/\/www.facebook.com\/people\/Ghostysky\/100057676170234\/\",\"https:\/\/x.com\/Gh0stysky\",\"https:\/\/www.linkedin.com\/company\/34739653\",\"https:\/\/www.instagram.com\/gh0stysky\"]}]}<\/script>\n<!-- \/ Yoast SEO plugin. -->","yoast_head_json":{"title":"Cubierta de lente de cristal para DJI Osmo Action 6 - Ghostysky","description":"Protege la lente de tu DJI Osmo Action 6 con la cubierta de vidrio para lente de DJI Osmo Action 6, un accesorio de alta resistencia dise\u00f1ado para las acciones m\u00e1s exigentes. Esta cubierta de repuesto proporciona una protecci\u00f3n fiable y robusta sin sacrificar la calidad de imagen, garantizando que tus aventuras se capturen con detalles impecables.","robots":{"index":"index","follow":"follow","max-snippet":"max-snippet:-1","max-image-preview":"max-image-preview:large","max-video-preview":"max-video-preview:-1"},"canonical":"https:\/\/www.ghostysky.com\/es\/producto-2\/dji-osmo-action-6-glass-lens-cover\/","og_locale":"es_ES","og_type":"article","og_title":"DJI Osmo Action 6 Glass Lens Cover - Ghostysky","og_description":"Safeguard your DJI Osmo Action 6 lens with the DJI Osmo Action 6 Glass Lens Cover, a high-strength accessory engineered for the most demanding action. This replacement or spare cover provides reliable, rugged protection without sacrificing image quality, ensuring your adventures are captured in pristine detail.","og_url":"https:\/\/www.ghostysky.com\/es\/producto-2\/dji-osmo-action-6-glass-lens-cover\/","og_site_name":"Ghostysky","article_publisher":"https:\/\/www.facebook.com\/people\/Ghostysky\/100057676170234\/","article_modified_time":"2025-11-23T09:16:04+00:00","og_image":[{"width":800,"height":800,"url":"https:\/\/www.ghostysky.com\/wp-content\/uploads\/2025\/11\/GH_DJI-Osmo-Action-6-Glass-Lens-Cover_1.jpg","type":"image\/jpeg"}],"twitter_card":"summary_large_image","twitter_site":"@Gh0stysky","twitter_misc":{"Tiempo de lectura":"2 minutos"},"schema":{"@context":"https:\/\/schema.org","@graph":[{"@type":"WebPage","@id":"https:\/\/www.ghostysky.com\/product\/dji-osmo-action-6-glass-lens-cover\/","url":"https:\/\/www.ghostysky.com\/product\/dji-osmo-action-6-glass-lens-cover\/","name":"Cubierta de lente de cristal para DJI Osmo Action 6 - Ghostysky","isPartOf":{"@id":"https:\/\/www.ghostysky.com\/#website"},"primaryImageOfPage":{"@id":"https:\/\/www.ghostysky.com\/product\/dji-osmo-action-6-glass-lens-cover\/#primaryimage"},"image":{"@id":"https:\/\/www.ghostysky.com\/product\/dji-osmo-action-6-glass-lens-cover\/#primaryimage"},"thumbnailUrl":"https:\/\/www.ghostysky.com\/wp-content\/uploads\/2025\/11\/GH_DJI-Osmo-Action-6-Glass-Lens-Cover_1.jpg","datePublished":"2025-11-23T09:04:41+00:00","dateModified":"2025-11-23T09:16:04+00:00","description":"Protege la lente de tu DJI Osmo Action 6 con la cubierta de vidrio para lente de DJI Osmo Action 6, un accesorio de alta resistencia dise\u00f1ado para las acciones m\u00e1s exigentes. Esta cubierta de repuesto proporciona una protecci\u00f3n fiable y robusta sin sacrificar la calidad de imagen, garantizando que tus aventuras se capturen con detalles impecables.","breadcrumb":{"@id":"https:\/\/www.ghostysky.com\/product\/dji-osmo-action-6-glass-lens-cover\/#breadcrumb"},"inLanguage":"es","potentialAction":[{"@type":"ReadAction","target":["https:\/\/www.ghostysky.com\/product\/dji-osmo-action-6-glass-lens-cover\/"]}]},{"@type":"ImageObject","inLanguage":"es","@id":"https:\/\/www.ghostysky.com\/product\/dji-osmo-action-6-glass-lens-cover\/#primaryimage","url":"https:\/\/www.ghostysky.com\/wp-content\/uploads\/2025\/11\/GH_DJI-Osmo-Action-6-Glass-Lens-Cover_1.jpg","contentUrl":"https:\/\/www.ghostysky.com\/wp-content\/uploads\/2025\/11\/GH_DJI-Osmo-Action-6-Glass-Lens-Cover_1.jpg","width":800,"height":800},{"@type":"BreadcrumbList","@id":"https:\/\/www.ghostysky.com\/product\/dji-osmo-action-6-glass-lens-cover\/#breadcrumb","itemListElement":[{"@type":"ListItem","position":1,"name":"Home","item":"https:\/\/www.ghostysky.com\/"},{"@type":"ListItem","position":2,"name":"Shop","item":"https:\/\/www.ghostysky.com\/shop\/"},{"@type":"ListItem","position":3,"name":"DJI Osmo Action 6 Glass Lens Cover"}]},{"@type":"WebSite","@id":"https:\/\/www.ghostysky.com\/#website","url":"https:\/\/www.ghostysky.com\/","name":"Ghostysky","description":"Entrega de drones y servicios profesionales","publisher":{"@id":"https:\/\/www.ghostysky.com\/#organization"},"potentialAction":[{"@type":"SearchAction","target":{"@type":"EntryPoint","urlTemplate":"https:\/\/www.ghostysky.com\/?s={search_term_string}"},"query-input":{"@type":"PropertyValueSpecification","valueRequired":true,"valueName":"search_term_string"}}],"inLanguage":"es"},{"@type":"Organization","@id":"https:\/\/www.ghostysky.com\/#organization","name":"Ghostysky","url":"https:\/\/www.ghostysky.com\/","logo":{"@type":"ImageObject","inLanguage":"es","@id":"https:\/\/www.ghostysky.com\/#\/schema\/logo\/image\/","url":"https:\/\/www.ghostysky.com\/wp-content\/uploads\/2020\/06\/cropped-ghostyskylogo_text_white2.png","contentUrl":"https:\/\/www.ghostysky.com\/wp-content\/uploads\/2020\/06\/cropped-ghostyskylogo_text_white2.png","width":169,"height":56,"caption":"Ghostysky"},"image":{"@id":"https:\/\/www.ghostysky.com\/#\/schema\/logo\/image\/"},"sameAs":["https:\/\/www.facebook.com\/people\/Ghostysky\/100057676170234\/","https:\/\/x.com\/Gh0stysky","https:\/\/www.linkedin.com\/company\/34739653","https:\/\/www.instagram.com\/gh0stysky"]}]}},"_links":{"self":[{"href":"https:\/\/www.ghostysky.com\/es\/wp-json\/wp\/v2\/product\/23361","targetHints":{"allow":["GET"]}}],"collection":[{"href":"https:\/\/www.ghostysky.com\/es\/wp-json\/wp\/v2\/product"}],"about":[{"href":"https:\/\/www.ghostysky.com\/es\/wp-json\/wp\/v2\/types\/product"}],"replies":[{"embeddable":true,"href":"https:\/\/www.ghostysky.com\/es\/wp-json\/wp\/v2\/comments?post=23361"}],"wp:featuredmedia":[{"embeddable":true,"href":"https:\/\/www.ghostysky.com\/es\/wp-json\/wp\/v2\/media\/23364"}],"wp:attachment":[{"href":"https:\/\/www.ghostysky.com\/es\/wp-json\/wp\/v2\/media?parent=23361"}],"wp:term":[{"taxonomy":"product_brand","embeddable":true,"href":"https:\/\/www.ghostysky.com\/es\/wp-json\/wp\/v2\/product_brand?post=23361"},{"taxonomy":"product_cat","embeddable":true,"href":"https:\/\/www.ghostysky.com\/es\/wp-json\/wp\/v2\/product_cat?post=23361"},{"taxonomy":"product_tag","embeddable":true,"href":"https:\/\/www.ghostysky.com\/es\/wp-json\/wp\/v2\/product_tag?post=23361"}],"curies":[{"name":"wp","href":"https:\/\/api.w.org\/{rel}","templated":true}]}}