{"id":23365,"date":"2025-11-23T09:11:57","date_gmt":"2025-11-23T09:11:57","guid":{"rendered":"https:\/\/www.ghostysky.com\/?post_type=product&#038;p=23365"},"modified":"2025-11-23T09:15:15","modified_gmt":"2025-11-23T09:15:15","slug":"dji-osmo-adhesive-base-kit-dual-quick-release","status":"publish","type":"product","link":"https:\/\/www.ghostysky.com\/es\/product\/dji-osmo-adhesive-base-kit-dual-quick-release\/","title":{"rendered":"Kit de base adhesiva para DJI Osmo (doble liberaci\u00f3n r\u00e1pida)"},"content":{"rendered":"<h4>Caracter\u00edsticas clave<\/h4>\n<ul data-path-to-node=\"5\">\n<li>\n<p data-path-to-node=\"5,0,0\"><b>Apego seguro y fuerte:<\/b><span class=\"citation-377\"> El <\/span><b><span class=\"citation-377\">Base adhesiva plana<\/span><\/b><span class=\"citation-377 citation-end-377\"> Cuenta con una amplia \u00e1rea con potente cinta adhesiva 3M, dise\u00f1ada para fijar de forma segura su c\u00e1mara a superficies planas como tablas de surf, tablas de snowboard, cascos, tableros de autom\u00f3viles y m\u00e1s.<\/span> <span class=\"citation-376 citation-end-376\">Se mantiene firmemente en su lugar incluso durante actividades extremas.<\/span><\/p>\n<\/li>\n<li>\n<p data-path-to-node=\"5,1,0\"><b>Liberaci\u00f3n r\u00e1pida de doble direcci\u00f3n:<\/b><span class=\"citation-375\"> El incluido <\/span><b><span class=\"citation-375\">Adaptador de montaje de liberaci\u00f3n r\u00e1pida bidireccional<\/span><\/b><span class=\"citation-375 citation-end-375\"> Permite una conexi\u00f3n y desconexi\u00f3n incre\u00edblemente r\u00e1pida de la c\u00e1mara, lo que facilita cambiar posiciones o mover la c\u00e1mara entre soportes en segundos.<\/span><\/p>\n<\/li>\n<li>\n<p data-path-to-node=\"5,2,0\"><b>Estabilidad mejorada:<\/b><span class=\"citation-374\"> El soporte adaptador de liberaci\u00f3n r\u00e1pida incluye un clip de posicionamiento para <\/span><b><span class=\"citation-374\">resistencia al impacto mejorada<\/span><\/b><span class=\"citation-374 citation-end-374\"> y una fuerza conectiva m\u00e1s fuerte, perfecta para mantener la estabilidad en escenarios din\u00e1micos y de alta vibraci\u00f3n.<\/span><\/p>\n<\/li>\n<li>\n<p data-path-to-node=\"5,3,0\"><b>Montaje vers\u00e1til:<\/b><span class=\"citation-373 citation-end-373\"> Ideal para una amplia gama de deportes y escenarios de aventura donde se necesita un montaje fijo y plano.<\/span><\/p>\n<\/li>\n<\/ul>\n<h4>\u00bfQu\u00e9 hay en la caja?<\/h4>\n<p data-path-to-node=\"8\"><span class=\"citation-372 citation-end-372\">El kit incluye todo lo necesario para un montaje seguro en una superficie plana:<\/span><\/p>\n<ul data-path-to-node=\"9\">\n<li>\n<p data-path-to-node=\"9,0,0\"><b><span class=\"citation-371\">1x Soporte adaptador de liberaci\u00f3n r\u00e1pida de doble direcci\u00f3n Osmo<\/span><\/b><\/p>\n<\/li>\n<li>\n<p data-path-to-node=\"9,1,0\"><b><span class=\"citation-370\">1 base adhesiva plana para Osmo<\/span><\/b><span class=\"citation-370 citation-end-370\">\u00a0<\/span><\/p>\n<\/li>\n<li>\n<p data-path-to-node=\"9,2,0\"><b><span class=\"citation-369\">1x tornillo de bloqueo Osmo<\/span><\/b><\/p>\n<p>&nbsp;<\/li>\n<\/ul>\n<h4>Consejo de uso importante<\/h4>\n<p data-path-to-node=\"12\"><span class=\"citation-368 citation-end-368\">Para un rendimiento \u00f3ptimo y una uni\u00f3n segura, la temperatura de fijaci\u00f3n ideal para la base adhesiva est\u00e1 entre <\/span><span class=\"math-inline\" data-math=\"-10^\\circ \\text{C}\">-10\u00ba C<\/span><span class=\"citation-367 citation-end-367\"> y <\/span><span class=\"math-inline\" data-math=\"40^\\circ \\text{C}\">40\u00ba C<\/span><span class=\"citation-366 citation-end-366\"> (<\/span><span class=\"math-inline\" data-math=\"14^\\circ \\text{F}\">14\u00ba F <\/span><span class=\"citation-365 citation-end-365\">a <\/span><span class=\"math-inline\" data-math=\"104^\\circ \\text{F}\">104\u00ba F<\/span><span class=\"citation-364 citation-end-364\">).<\/span>\u00a0Aseg\u00farese de que la superficie est\u00e9 limpia y <b>No lo fije a superficies curvas<\/b>. <span class=\"citation-363 citation-end-363\">Se recomienda presionar firmemente durante 10 segundos despu\u00e9s de la aplicaci\u00f3n y dejar reposar durante 30 minutos antes de usar.<\/span><\/p>","protected":false},"excerpt":{"rendered":"<p data-path-to-node=\"1\">\u00a1Captura tus momentos m\u00e1s intensos con confianza! <span class=\"citation-379\">El <\/span><b><span class=\"citation-379\">Kit de base adhesiva plana para DJI Osmo (liberaci\u00f3n r\u00e1pida de doble direcci\u00f3n)<\/span><\/b><span class=\"citation-379 citation-end-379\"> es el accesorio esencial para montar de forma segura su c\u00e1mara Osmo Action en superficies planas durante actividades de alta intensidad.<\/span><\/p>\n<p data-path-to-node=\"2\"><span class=\"citation-378 citation-end-378\">Este kit proporciona una fijaci\u00f3n fuerte y confiable y la flexibilidad del sistema de liberaci\u00f3n r\u00e1pida de DJI, asegurando que tu c\u00e1mara permanezca en su lugar ya sea que est\u00e9s esquiando en las pistas o atrapando una ola.<\/span><\/p>","protected":false},"featured_media":23367,"comment_status":"open","ping_status":"closed","template":"","meta":[],"product_brand":[1031],"product_cat":[37,1301,1302,29],"product_tag":[42,1306,1305],"class_list":{"0":"post-23365","1":"product","2":"type-product","3":"status-publish","4":"has-post-thumbnail","6":"product_brand-dji","7":"product_cat-dji","8":"product_cat-dji-handled","9":"product_cat-dji-osmo-action-6","10":"product_cat-drones","11":"product_tag-dji","12":"product_tag-dji-osmo-action","13":"product_tag-osmo-action-6-accessories","15":"first","16":"outofstock","17":"taxable","18":"shipping-taxable","19":"purchasable","20":"product-type-simple"},"yoast_head":"<!-- This site is optimized with the Yoast SEO plugin v27.4 - https:\/\/yoast.com\/product\/yoast-seo-wordpress\/ -->\n<title>DJI Osmo Adhesive Base Kit (Dual Quick Release) - Ghostysky<\/title>\n<meta name=\"description\" content=\"Capture your most intense moments with confidence! The DJI Osmo Flat Adhesive Base Kit (Dual-Direction Quick-Release) is the essential accessory for securely mounting your Osmo Action camera on flat surfaces during high-intensity activities.This kit provides a strong, reliable attachment and the flexibility of DJI&#039;s quick-release system, ensuring your camera stays put whether you&#039;re shredding the slopes or catching a wave.\" \/>\n<meta name=\"robots\" content=\"index, follow, max-snippet:-1, max-image-preview:large, max-video-preview:-1\" \/>\n<link rel=\"canonical\" href=\"https:\/\/www.ghostysky.com\/es\/producto-2\/dji-osmo-adhesive-base-kit-dual-quick-release\/\" \/>\n<meta property=\"og:locale\" content=\"es_ES\" \/>\n<meta property=\"og:type\" content=\"article\" \/>\n<meta property=\"og:title\" content=\"DJI Osmo Adhesive Base Kit (Dual Quick Release) - Ghostysky\" \/>\n<meta property=\"og:description\" content=\"Capture your most intense moments with confidence! The DJI Osmo Flat Adhesive Base Kit (Dual-Direction Quick-Release) is the essential accessory for securely mounting your Osmo Action camera on flat surfaces during high-intensity activities.This kit provides a strong, reliable attachment and the flexibility of DJI&#039;s quick-release system, ensuring your camera stays put whether you&#039;re shredding the slopes or catching a wave.\" \/>\n<meta property=\"og:url\" content=\"https:\/\/www.ghostysky.com\/es\/producto-2\/dji-osmo-adhesive-base-kit-dual-quick-release\/\" \/>\n<meta property=\"og:site_name\" content=\"Ghostysky\" \/>\n<meta property=\"article:publisher\" content=\"https:\/\/www.facebook.com\/people\/Ghostysky\/100057676170234\/\" \/>\n<meta property=\"article:modified_time\" content=\"2025-11-23T09:15:15+00:00\" \/>\n<meta property=\"og:image\" content=\"https:\/\/www.ghostysky.com\/wp-content\/uploads\/2025\/11\/GH_DJI-Osmo-Adhesive-Base-Kit-Dual-Quick-Release_1.jpg\" \/>\n\t<meta property=\"og:image:width\" content=\"800\" \/>\n\t<meta property=\"og:image:height\" content=\"800\" \/>\n\t<meta property=\"og:image:type\" content=\"image\/jpeg\" \/>\n<meta name=\"twitter:card\" content=\"summary_large_image\" \/>\n<meta name=\"twitter:site\" content=\"@Gh0stysky\" \/>\n<meta name=\"twitter:label1\" content=\"Tiempo de lectura\" \/>\n\t<meta name=\"twitter:data1\" content=\"2 minutos\" \/>\n<script type=\"application\/ld+json\" class=\"yoast-schema-graph\">{\"@context\":\"https:\\\/\\\/schema.org\",\"@graph\":[{\"@type\":\"WebPage\",\"@id\":\"https:\\\/\\\/www.ghostysky.com\\\/product\\\/dji-osmo-adhesive-base-kit-dual-quick-release\\\/\",\"url\":\"https:\\\/\\\/www.ghostysky.com\\\/product\\\/dji-osmo-adhesive-base-kit-dual-quick-release\\\/\",\"name\":\"DJI Osmo Adhesive Base Kit (Dual Quick Release) - Ghostysky\",\"isPartOf\":{\"@id\":\"https:\\\/\\\/www.ghostysky.com\\\/#website\"},\"primaryImageOfPage\":{\"@id\":\"https:\\\/\\\/www.ghostysky.com\\\/product\\\/dji-osmo-adhesive-base-kit-dual-quick-release\\\/#primaryimage\"},\"image\":{\"@id\":\"https:\\\/\\\/www.ghostysky.com\\\/product\\\/dji-osmo-adhesive-base-kit-dual-quick-release\\\/#primaryimage\"},\"thumbnailUrl\":\"https:\\\/\\\/www.ghostysky.com\\\/wp-content\\\/uploads\\\/2025\\\/11\\\/GH_DJI-Osmo-Adhesive-Base-Kit-Dual-Quick-Release_1.jpg\",\"datePublished\":\"2025-11-23T09:11:57+00:00\",\"dateModified\":\"2025-11-23T09:15:15+00:00\",\"description\":\"Capture your most intense moments with confidence! The DJI Osmo Flat Adhesive Base Kit (Dual-Direction Quick-Release) is the essential accessory for securely mounting your Osmo Action camera on flat surfaces during high-intensity activities.This kit provides a strong, reliable attachment and the flexibility of DJI's quick-release system, ensuring your camera stays put whether you're shredding the slopes or catching a wave.\",\"breadcrumb\":{\"@id\":\"https:\\\/\\\/www.ghostysky.com\\\/product\\\/dji-osmo-adhesive-base-kit-dual-quick-release\\\/#breadcrumb\"},\"inLanguage\":\"es\",\"potentialAction\":[{\"@type\":\"ReadAction\",\"target\":[\"https:\\\/\\\/www.ghostysky.com\\\/product\\\/dji-osmo-adhesive-base-kit-dual-quick-release\\\/\"]}]},{\"@type\":\"ImageObject\",\"inLanguage\":\"es\",\"@id\":\"https:\\\/\\\/www.ghostysky.com\\\/product\\\/dji-osmo-adhesive-base-kit-dual-quick-release\\\/#primaryimage\",\"url\":\"https:\\\/\\\/www.ghostysky.com\\\/wp-content\\\/uploads\\\/2025\\\/11\\\/GH_DJI-Osmo-Adhesive-Base-Kit-Dual-Quick-Release_1.jpg\",\"contentUrl\":\"https:\\\/\\\/www.ghostysky.com\\\/wp-content\\\/uploads\\\/2025\\\/11\\\/GH_DJI-Osmo-Adhesive-Base-Kit-Dual-Quick-Release_1.jpg\",\"width\":800,\"height\":800},{\"@type\":\"BreadcrumbList\",\"@id\":\"https:\\\/\\\/www.ghostysky.com\\\/product\\\/dji-osmo-adhesive-base-kit-dual-quick-release\\\/#breadcrumb\",\"itemListElement\":[{\"@type\":\"ListItem\",\"position\":1,\"name\":\"Home\",\"item\":\"https:\\\/\\\/www.ghostysky.com\\\/\"},{\"@type\":\"ListItem\",\"position\":2,\"name\":\"Shop\",\"item\":\"https:\\\/\\\/www.ghostysky.com\\\/shop\\\/\"},{\"@type\":\"ListItem\",\"position\":3,\"name\":\"DJI Osmo Adhesive Base Kit (Dual Quick Release)\"}]},{\"@type\":\"WebSite\",\"@id\":\"https:\\\/\\\/www.ghostysky.com\\\/#website\",\"url\":\"https:\\\/\\\/www.ghostysky.com\\\/\",\"name\":\"Ghostysky\",\"description\":\"Delivering professional drones and robotics solutions\",\"publisher\":{\"@id\":\"https:\\\/\\\/www.ghostysky.com\\\/#organization\"},\"potentialAction\":[{\"@type\":\"SearchAction\",\"target\":{\"@type\":\"EntryPoint\",\"urlTemplate\":\"https:\\\/\\\/www.ghostysky.com\\\/?s={search_term_string}\"},\"query-input\":{\"@type\":\"PropertyValueSpecification\",\"valueRequired\":true,\"valueName\":\"search_term_string\"}}],\"inLanguage\":\"es\"},{\"@type\":\"Organization\",\"@id\":\"https:\\\/\\\/www.ghostysky.com\\\/#organization\",\"name\":\"Ghostysky\",\"url\":\"https:\\\/\\\/www.ghostysky.com\\\/\",\"logo\":{\"@type\":\"ImageObject\",\"inLanguage\":\"es\",\"@id\":\"https:\\\/\\\/www.ghostysky.com\\\/#\\\/schema\\\/logo\\\/image\\\/\",\"url\":\"https:\\\/\\\/www.ghostysky.com\\\/wp-content\\\/uploads\\\/2020\\\/06\\\/cropped-ghostyskylogo_text_white2.png\",\"contentUrl\":\"https:\\\/\\\/www.ghostysky.com\\\/wp-content\\\/uploads\\\/2020\\\/06\\\/cropped-ghostyskylogo_text_white2.png\",\"width\":169,\"height\":56,\"caption\":\"Ghostysky\"},\"image\":{\"@id\":\"https:\\\/\\\/www.ghostysky.com\\\/#\\\/schema\\\/logo\\\/image\\\/\"},\"sameAs\":[\"https:\\\/\\\/www.facebook.com\\\/people\\\/Ghostysky\\\/100057676170234\\\/\",\"https:\\\/\\\/x.com\\\/Gh0stysky\",\"https:\\\/\\\/www.linkedin.com\\\/company\\\/34739653\",\"https:\\\/\\\/www.instagram.com\\\/gh0stysky\"]}]}<\/script>\n<!-- \/ Yoast SEO plugin. -->","yoast_head_json":{"title":"Kit de base adhesiva para DJI Osmo (doble liberaci\u00f3n r\u00e1pida) - Ghostysky","description":"\u00a1Captura tus momentos m\u00e1s intensos con confianza! El kit de base adhesiva plana DJI Osmo (liberaci\u00f3n r\u00e1pida bidireccional) es el accesorio esencial para montar de forma segura tu c\u00e1mara Osmo Action en superficies planas durante actividades de alta intensidad. Este kit ofrece una fijaci\u00f3n resistente y fiable, y la flexibilidad del sistema de liberaci\u00f3n r\u00e1pida de DJI, garantizando que tu c\u00e1mara se mantenga en su sitio, ya sea que est\u00e9s esquiando o surfeando.","robots":{"index":"index","follow":"follow","max-snippet":"max-snippet:-1","max-image-preview":"max-image-preview:large","max-video-preview":"max-video-preview:-1"},"canonical":"https:\/\/www.ghostysky.com\/es\/producto-2\/dji-osmo-adhesive-base-kit-dual-quick-release\/","og_locale":"es_ES","og_type":"article","og_title":"DJI Osmo Adhesive Base Kit (Dual Quick Release) - Ghostysky","og_description":"Capture your most intense moments with confidence! The DJI Osmo Flat Adhesive Base Kit (Dual-Direction Quick-Release) is the essential accessory for securely mounting your Osmo Action camera on flat surfaces during high-intensity activities.This kit provides a strong, reliable attachment and the flexibility of DJI's quick-release system, ensuring your camera stays put whether you're shredding the slopes or catching a wave.","og_url":"https:\/\/www.ghostysky.com\/es\/producto-2\/dji-osmo-adhesive-base-kit-dual-quick-release\/","og_site_name":"Ghostysky","article_publisher":"https:\/\/www.facebook.com\/people\/Ghostysky\/100057676170234\/","article_modified_time":"2025-11-23T09:15:15+00:00","og_image":[{"width":800,"height":800,"url":"https:\/\/www.ghostysky.com\/wp-content\/uploads\/2025\/11\/GH_DJI-Osmo-Adhesive-Base-Kit-Dual-Quick-Release_1.jpg","type":"image\/jpeg"}],"twitter_card":"summary_large_image","twitter_site":"@Gh0stysky","twitter_misc":{"Tiempo de lectura":"2 minutos"},"schema":{"@context":"https:\/\/schema.org","@graph":[{"@type":"WebPage","@id":"https:\/\/www.ghostysky.com\/product\/dji-osmo-adhesive-base-kit-dual-quick-release\/","url":"https:\/\/www.ghostysky.com\/product\/dji-osmo-adhesive-base-kit-dual-quick-release\/","name":"Kit de base adhesiva para DJI Osmo (doble liberaci\u00f3n r\u00e1pida) - Ghostysky","isPartOf":{"@id":"https:\/\/www.ghostysky.com\/#website"},"primaryImageOfPage":{"@id":"https:\/\/www.ghostysky.com\/product\/dji-osmo-adhesive-base-kit-dual-quick-release\/#primaryimage"},"image":{"@id":"https:\/\/www.ghostysky.com\/product\/dji-osmo-adhesive-base-kit-dual-quick-release\/#primaryimage"},"thumbnailUrl":"https:\/\/www.ghostysky.com\/wp-content\/uploads\/2025\/11\/GH_DJI-Osmo-Adhesive-Base-Kit-Dual-Quick-Release_1.jpg","datePublished":"2025-11-23T09:11:57+00:00","dateModified":"2025-11-23T09:15:15+00:00","description":"\u00a1Captura tus momentos m\u00e1s intensos con confianza! El kit de base adhesiva plana DJI Osmo (liberaci\u00f3n r\u00e1pida bidireccional) es el accesorio esencial para montar de forma segura tu c\u00e1mara Osmo Action en superficies planas durante actividades de alta intensidad. Este kit ofrece una fijaci\u00f3n resistente y fiable, y la flexibilidad del sistema de liberaci\u00f3n r\u00e1pida de DJI, garantizando que tu c\u00e1mara se mantenga en su sitio, ya sea que est\u00e9s esquiando o surfeando.","breadcrumb":{"@id":"https:\/\/www.ghostysky.com\/product\/dji-osmo-adhesive-base-kit-dual-quick-release\/#breadcrumb"},"inLanguage":"es","potentialAction":[{"@type":"ReadAction","target":["https:\/\/www.ghostysky.com\/product\/dji-osmo-adhesive-base-kit-dual-quick-release\/"]}]},{"@type":"ImageObject","inLanguage":"es","@id":"https:\/\/www.ghostysky.com\/product\/dji-osmo-adhesive-base-kit-dual-quick-release\/#primaryimage","url":"https:\/\/www.ghostysky.com\/wp-content\/uploads\/2025\/11\/GH_DJI-Osmo-Adhesive-Base-Kit-Dual-Quick-Release_1.jpg","contentUrl":"https:\/\/www.ghostysky.com\/wp-content\/uploads\/2025\/11\/GH_DJI-Osmo-Adhesive-Base-Kit-Dual-Quick-Release_1.jpg","width":800,"height":800},{"@type":"BreadcrumbList","@id":"https:\/\/www.ghostysky.com\/product\/dji-osmo-adhesive-base-kit-dual-quick-release\/#breadcrumb","itemListElement":[{"@type":"ListItem","position":1,"name":"Home","item":"https:\/\/www.ghostysky.com\/"},{"@type":"ListItem","position":2,"name":"Shop","item":"https:\/\/www.ghostysky.com\/shop\/"},{"@type":"ListItem","position":3,"name":"DJI Osmo Adhesive Base Kit (Dual Quick Release)"}]},{"@type":"WebSite","@id":"https:\/\/www.ghostysky.com\/#website","url":"https:\/\/www.ghostysky.com\/","name":"Ghostysky","description":"Ofrecemos soluciones profesionales de drones y rob\u00f3tica.","publisher":{"@id":"https:\/\/www.ghostysky.com\/#organization"},"potentialAction":[{"@type":"SearchAction","target":{"@type":"EntryPoint","urlTemplate":"https:\/\/www.ghostysky.com\/?s={search_term_string}"},"query-input":{"@type":"PropertyValueSpecification","valueRequired":true,"valueName":"search_term_string"}}],"inLanguage":"es"},{"@type":"Organization","@id":"https:\/\/www.ghostysky.com\/#organization","name":"Ghostysky","url":"https:\/\/www.ghostysky.com\/","logo":{"@type":"ImageObject","inLanguage":"es","@id":"https:\/\/www.ghostysky.com\/#\/schema\/logo\/image\/","url":"https:\/\/www.ghostysky.com\/wp-content\/uploads\/2020\/06\/cropped-ghostyskylogo_text_white2.png","contentUrl":"https:\/\/www.ghostysky.com\/wp-content\/uploads\/2020\/06\/cropped-ghostyskylogo_text_white2.png","width":169,"height":56,"caption":"Ghostysky"},"image":{"@id":"https:\/\/www.ghostysky.com\/#\/schema\/logo\/image\/"},"sameAs":["https:\/\/www.facebook.com\/people\/Ghostysky\/100057676170234\/","https:\/\/x.com\/Gh0stysky","https:\/\/www.linkedin.com\/company\/34739653","https:\/\/www.instagram.com\/gh0stysky"]}]}},"_links":{"self":[{"href":"https:\/\/www.ghostysky.com\/es\/wp-json\/wp\/v2\/product\/23365","targetHints":{"allow":["GET"]}}],"collection":[{"href":"https:\/\/www.ghostysky.com\/es\/wp-json\/wp\/v2\/product"}],"about":[{"href":"https:\/\/www.ghostysky.com\/es\/wp-json\/wp\/v2\/types\/product"}],"replies":[{"embeddable":true,"href":"https:\/\/www.ghostysky.com\/es\/wp-json\/wp\/v2\/comments?post=23365"}],"version-history":[{"count":0,"href":"https:\/\/www.ghostysky.com\/es\/wp-json\/wp\/v2\/product\/23365\/revisions"}],"wp:featuredmedia":[{"embeddable":true,"href":"https:\/\/www.ghostysky.com\/es\/wp-json\/wp\/v2\/media\/23367"}],"wp:attachment":[{"href":"https:\/\/www.ghostysky.com\/es\/wp-json\/wp\/v2\/media?parent=23365"}],"wp:term":[{"taxonomy":"product_brand","embeddable":true,"href":"https:\/\/www.ghostysky.com\/es\/wp-json\/wp\/v2\/product_brand?post=23365"},{"taxonomy":"product_cat","embeddable":true,"href":"https:\/\/www.ghostysky.com\/es\/wp-json\/wp\/v2\/product_cat?post=23365"},{"taxonomy":"product_tag","embeddable":true,"href":"https:\/\/www.ghostysky.com\/es\/wp-json\/wp\/v2\/product_tag?post=23365"}],"curies":[{"name":"wp","href":"https:\/\/api.w.org\/{rel}","templated":true}]}}