{"id":23385,"date":"2025-11-25T16:45:36","date_gmt":"2025-11-25T16:45:36","guid":{"rendered":"https:\/\/www.ghostysky.com\/?post_type=product&#038;p=23385"},"modified":"2025-11-27T14:49:23","modified_gmt":"2025-11-27T14:49:23","slug":"swellpro-sd4-waterproof-drone","status":"publish","type":"product","link":"https:\/\/www.ghostysky.com\/es\/product\/swellpro-sd4-waterproof-drone\/","title":{"rendered":"Dron impermeable Swellpro SD4+"},"content":{"rendered":"<h4>Caracter\u00edsticas clave para un rendimiento inigualable<\/h4>\n<ul data-path-to-node=\"4\">\n<li>\n<p data-path-to-node=\"4,0,0\"><b>Impermeabilizaci\u00f3n de grado mar\u00edtimo:<\/b><\/p>\n<ul data-path-to-node=\"4,0,1\">\n<li>\n<p data-path-to-node=\"4,0,1,0,0\"><b><span class=\"citation-24\">Dise\u00f1o IP67 SeaShield\u2122:<\/span><\/b><span class=\"citation-24 citation-end-24\"> Completamente sellado y dise\u00f1ado para resistir la inmersi\u00f3n total en agua salada, arena, lluvia y roc\u00edo marino corrosivo, lo que garantiza la m\u00e1xima durabilidad interna.<\/span><\/p>\n<\/li>\n<li>\n<p data-path-to-node=\"4,0,1,1,0\"><b>PowerFlip\u2122 Autoadrizado:<\/b><span class=\"citation-23 citation-end-23\"> Si el dron aterriza boca abajo en el agua, se da vuelta autom\u00e1ticamente, lo que permite una recuperaci\u00f3n segura y un relanzamiento instant\u00e1neo desde el agua.<\/span><\/p>\n<\/li>\n<li>\n<p data-path-to-node=\"4,0,1,2,0\"><b><span class=\"citation-22\">Dise\u00f1o de flotaci\u00f3n segura:<\/span><\/b><span class=\"citation-22 citation-end-22\"> La flotabilidad incorporada garantiza que el dron siempre flote de forma segura en la superficie del agua.<\/span><\/p>\n<div class=\"source-inline-chip-container ng-star-inserted\"><\/div>\n<\/li>\n<\/ul>\n<\/li>\n<li>\n<p data-path-to-node=\"4,1,0\"><b>Vuelo y control mejorados:<\/b><\/p>\n<ul data-path-to-node=\"4,1,1\">\n<li>\n<p data-path-to-node=\"4,1,1,0,0\"><b><span class=\"citation-21\">Nuevo sistema GNSS:<\/span><\/b><span class=\"citation-21\"> Caracter\u00edsticas <\/span><b><span class=\"citation-21\">sin calibraci\u00f3n<\/span><\/b><span class=\"citation-21 citation-end-21\"> necesario para lanzamientos m\u00e1s r\u00e1pidos y confiables, incluso al despegar desde un bote o la superficie del agua.<\/span><\/p>\n<\/li>\n<li>\n<p data-path-to-node=\"4,1,1,1,0\"><b>Largo alcance de transmisi\u00f3n:<\/b><span class=\"citation-20\"> Ofrece hasta <\/span><b><span class=\"citation-20\">7 KIL\u00d3METROS<\/span><\/b><span class=\"citation-20 citation-end-20\"> de transmisi\u00f3n de im\u00e1genes confiables y se\u00f1al de control, ampliando su alcance operativo.<\/span><\/p>\n<\/li>\n<li>\n<p data-path-to-node=\"4,1,1,2,0\"><b><span class=\"citation-19\">Propulsi\u00f3n potente:<\/span><\/b><span class=\"citation-19 citation-end-19\"> Capaz de volar con seguridad en vientos fuertes (hasta 18 m\/s, estado del mar 5).<\/span><\/p>\n<div class=\"source-inline-chip-container ng-star-inserted\"><\/div>\n<\/li>\n<\/ul>\n<\/li>\n<li>\n<p data-path-to-node=\"4,2,0\"><b>Sistema de carga \u00fatil vers\u00e1til:<\/b><\/p>\n<ul data-path-to-node=\"4,2,1\">\n<li>\n<p data-path-to-node=\"4,2,1,0,0\"><b>Carga \u00fatil m\u00e1xima de 2 kg:<\/b><span class=\"citation-18 citation-end-18\"> Manipule cargas pesadas para tareas profesionales o transporte cebos importantes para pesca de larga distancia.<\/span><\/p>\n<\/li>\n<li>\n<p data-path-to-node=\"4,2,1,1,0\"><b>Dise\u00f1o modular:<\/b> Admite una amplia gama de cargas \u00fatiles intercambiables y de conexi\u00f3n r\u00e1pida, que incluyen:<\/p>\n<ul data-path-to-node=\"4,2,1,1,1\">\n<li>\n<p data-path-to-node=\"4,2,1,1,1,0,0\"><span class=\"citation-17\">Alta resoluci\u00f3n <\/span><b><span class=\"citation-17\">C\u00e1maras con card\u00e1n 4K\/48MP<\/span><\/b><span class=\"citation-17 citation-end-17\"> para obtener im\u00e1genes y mapas n\u00edtidos.<\/span><\/p>\n<\/li>\n<li>\n<p data-path-to-node=\"4,2,1,1,1,1,0\"><b><span class=\"citation-16\">Mecanismos de liberaci\u00f3n de carga \u00fatil dual<\/span><\/b><span class=\"citation-16 citation-end-16\"> para m\u00faltiples lanzamientos en un solo vuelo (por ejemplo, cebo o suministros de rescate).<\/span><\/p>\n<\/li>\n<li>\n<p data-path-to-node=\"4,2,1,1,1,2,0\"><span class=\"citation-15\">Accesorios opcionales como el <\/span><b><span class=\"citation-15\">Meg\u00e1fono<\/span><\/b><span class=\"citation-15\"> para comunicaci\u00f3n remota o <\/span><b><span class=\"citation-15\">Sonar submarino<\/span><\/b><span class=\"citation-15 citation-end-15\"> para la detecci\u00f3n de peces y fondo marino en tiempo real.<\/span><\/p>\n<\/li>\n<\/ul>\n<\/li>\n<\/ul>\n<\/li>\n<li>\n<p data-path-to-node=\"4,3,0\"><b>Controlador intuitivo R03:<\/b><\/p>\n<ul data-path-to-node=\"4,3,1\">\n<li>\n<p data-path-to-node=\"4,3,1,0,0\"><b><span class=\"citation-14\">Pantalla t\u00e1ctil Android de 5,5 pulgadas:<\/span><\/b><span class=\"citation-14 citation-end-14\"> Pantalla de alto brillo (700 nits) para una visibilidad clara incluso bajo la luz solar directa.<\/span><\/p>\n<\/li>\n<li>\n<p data-path-to-node=\"4,3,1,1,0\"><b>Compatible con manos mojadas:<\/b><span class=\"citation-13 citation-end-13\"> La pantalla permite un funcionamiento preciso incluso con las manos mojadas.<\/span><\/p>\n<\/li>\n<\/ul>\n<\/li>\n<li><strong>Dentro de la caja:<\/strong>\n<ul data-path-to-node=\"4\">\n<li>1x aeronave SD4+<\/li>\n<li>1 mando a distancia.<\/li>\n<li>1x bater\u00eda de vuelo<\/li>\n<li>2x H\u00e9lices (par)<\/li>\n<li>1x cargador<\/li>\n<li>1x estuche de transporte<\/li>\n<li>1x Gu\u00eda r\u00e1pida y manual de usuario<\/li>\n<\/ul>\n<\/li>\n<\/ul>\n<p data-path-to-node=\"5\">El SwellPro SD4+ no es solo un dron: es una plataforma a\u00e9rea anfibia lista para misiones que redefine lo que un dron comercial puede lograr sobre y cerca del agua.<\/p>","protected":false},"excerpt":{"rendered":"<p data-path-to-node=\"1\"><span class=\"citation-25\">El <\/span><b><span class=\"citation-25\">SwellPro SD4+ (SplashDrone 4+ \/ SD4+ Enterprise)<\/span><\/b><span class=\"citation-25 citation-end-25\"> es el dron profesional de \u00faltima generaci\u00f3n, para todo tipo de clima y terreno, dise\u00f1ado espec\u00edficamente para un funcionamiento confiable en los entornos marinos m\u00e1s hostiles y exigentes donde los drones est\u00e1ndar simplemente fallan.<\/span><\/p>\n<p data-path-to-node=\"2\">Basado en el legado de SwellPro como pionero de los drones a prueba de agua, el SD4+ presenta una estabilidad mejorada, un mayor alcance y un sistema de carga \u00fatil modular altamente vers\u00e1til, lo que lo convierte en la herramienta perfecta para <b>pesca, b\u00fasqueda y rescate (SAR), vigilancia mar\u00edtima, monitoreo ambiental e inspecci\u00f3n industrial.<\/b><\/p>","protected":false},"featured_media":23390,"comment_status":"open","ping_status":"closed","template":"","meta":[],"product_brand":[1310],"product_cat":[303,278],"product_tag":[1311,279],"class_list":{"0":"post-23385","1":"product","2":"type-product","3":"status-publish","4":"has-post-thumbnail","6":"product_brand-swellpro","7":"product_cat-drones-sweellpro","8":"product_cat-swellpro","9":"product_tag-sd4-drone","10":"product_tag-swellpro","12":"first","13":"onbackorder","14":"taxable","15":"shipping-taxable","16":"purchasable","17":"product-type-simple"},"yoast_head":"<!-- This site is optimized with the Yoast SEO plugin v27.4 - https:\/\/yoast.com\/product\/yoast-seo-wordpress\/ -->\n<title>Swellpro SD4+ Waterproof drone - Ghostysky<\/title>\n<meta name=\"description\" content=\"The SwellPro SD4+ (SplashDrone 4+ \/ SD4+ Enterprise) is the next-generation, all-weather, and all-terrain professional drone, specifically engineered for reliable operation in the harshest marine and demanding environments where standard drones simply fail.Built on SwellPro&#039;s legacy as the pioneer of waterproof drones, the SD4+ features enhanced stability, longer range, and a highly versatile modular payload system, making it the perfect tool for fishing, search and rescue (SAR), maritime surveillance, environmental monitoring, and industrial inspection.\" \/>\n<meta name=\"robots\" content=\"index, follow, max-snippet:-1, max-image-preview:large, max-video-preview:-1\" \/>\n<link rel=\"canonical\" href=\"https:\/\/www.ghostysky.com\/es\/producto-2\/swellpro-sd4-waterproof-drone\/\" \/>\n<meta property=\"og:locale\" content=\"es_ES\" \/>\n<meta property=\"og:type\" content=\"article\" \/>\n<meta property=\"og:title\" content=\"Swellpro SD4+ Waterproof drone - Ghostysky\" \/>\n<meta property=\"og:description\" content=\"The SwellPro SD4+ (SplashDrone 4+ \/ SD4+ Enterprise) is the next-generation, all-weather, and all-terrain professional drone, specifically engineered for reliable operation in the harshest marine and demanding environments where standard drones simply fail.Built on SwellPro&#039;s legacy as the pioneer of waterproof drones, the SD4+ features enhanced stability, longer range, and a highly versatile modular payload system, making it the perfect tool for fishing, search and rescue (SAR), maritime surveillance, environmental monitoring, and industrial inspection.\" \/>\n<meta property=\"og:url\" content=\"https:\/\/www.ghostysky.com\/es\/producto-2\/swellpro-sd4-waterproof-drone\/\" \/>\n<meta property=\"og:site_name\" content=\"Ghostysky\" \/>\n<meta property=\"article:publisher\" content=\"https:\/\/www.facebook.com\/people\/Ghostysky\/100057676170234\/\" \/>\n<meta property=\"article:modified_time\" content=\"2025-11-27T14:49:23+00:00\" \/>\n<meta property=\"og:image\" content=\"https:\/\/www.ghostysky.com\/wp-content\/uploads\/2025\/11\/GH_Swellpro_SD4_Drone_1.webp\" \/>\n\t<meta property=\"og:image:width\" content=\"700\" \/>\n\t<meta property=\"og:image:height\" content=\"700\" \/>\n\t<meta property=\"og:image:type\" content=\"image\/webp\" \/>\n<meta name=\"twitter:card\" content=\"summary_large_image\" \/>\n<meta name=\"twitter:site\" content=\"@Gh0stysky\" \/>\n<meta name=\"twitter:label1\" content=\"Tiempo de lectura\" \/>\n\t<meta name=\"twitter:data1\" content=\"2 minutos\" \/>\n<script type=\"application\/ld+json\" class=\"yoast-schema-graph\">{\"@context\":\"https:\\\/\\\/schema.org\",\"@graph\":[{\"@type\":\"WebPage\",\"@id\":\"https:\\\/\\\/www.ghostysky.com\\\/product\\\/swellpro-sd4-waterproof-drone\\\/\",\"url\":\"https:\\\/\\\/www.ghostysky.com\\\/product\\\/swellpro-sd4-waterproof-drone\\\/\",\"name\":\"Swellpro SD4+ Waterproof drone - Ghostysky\",\"isPartOf\":{\"@id\":\"https:\\\/\\\/www.ghostysky.com\\\/#website\"},\"primaryImageOfPage\":{\"@id\":\"https:\\\/\\\/www.ghostysky.com\\\/product\\\/swellpro-sd4-waterproof-drone\\\/#primaryimage\"},\"image\":{\"@id\":\"https:\\\/\\\/www.ghostysky.com\\\/product\\\/swellpro-sd4-waterproof-drone\\\/#primaryimage\"},\"thumbnailUrl\":\"https:\\\/\\\/www.ghostysky.com\\\/wp-content\\\/uploads\\\/2025\\\/11\\\/GH_Swellpro_SD4_Drone_1.webp\",\"datePublished\":\"2025-11-25T16:45:36+00:00\",\"dateModified\":\"2025-11-27T14:49:23+00:00\",\"description\":\"The SwellPro SD4+ (SplashDrone 4+ \\\/ SD4+ Enterprise) is the next-generation, all-weather, and all-terrain professional drone, specifically engineered for reliable operation in the harshest marine and demanding environments where standard drones simply fail.Built on SwellPro's legacy as the pioneer of waterproof drones, the SD4+ features enhanced stability, longer range, and a highly versatile modular payload system, making it the perfect tool for fishing, search and rescue (SAR), maritime surveillance, environmental monitoring, and industrial inspection.\",\"breadcrumb\":{\"@id\":\"https:\\\/\\\/www.ghostysky.com\\\/product\\\/swellpro-sd4-waterproof-drone\\\/#breadcrumb\"},\"inLanguage\":\"es\",\"potentialAction\":[{\"@type\":\"ReadAction\",\"target\":[\"https:\\\/\\\/www.ghostysky.com\\\/product\\\/swellpro-sd4-waterproof-drone\\\/\"]}]},{\"@type\":\"ImageObject\",\"inLanguage\":\"es\",\"@id\":\"https:\\\/\\\/www.ghostysky.com\\\/product\\\/swellpro-sd4-waterproof-drone\\\/#primaryimage\",\"url\":\"https:\\\/\\\/www.ghostysky.com\\\/wp-content\\\/uploads\\\/2025\\\/11\\\/GH_Swellpro_SD4_Drone_1.webp\",\"contentUrl\":\"https:\\\/\\\/www.ghostysky.com\\\/wp-content\\\/uploads\\\/2025\\\/11\\\/GH_Swellpro_SD4_Drone_1.webp\",\"width\":700,\"height\":700},{\"@type\":\"BreadcrumbList\",\"@id\":\"https:\\\/\\\/www.ghostysky.com\\\/product\\\/swellpro-sd4-waterproof-drone\\\/#breadcrumb\",\"itemListElement\":[{\"@type\":\"ListItem\",\"position\":1,\"name\":\"Home\",\"item\":\"https:\\\/\\\/www.ghostysky.com\\\/\"},{\"@type\":\"ListItem\",\"position\":2,\"name\":\"Shop\",\"item\":\"https:\\\/\\\/www.ghostysky.com\\\/shop\\\/\"},{\"@type\":\"ListItem\",\"position\":3,\"name\":\"Swellpro SD4+ Waterproof drone\"}]},{\"@type\":\"WebSite\",\"@id\":\"https:\\\/\\\/www.ghostysky.com\\\/#website\",\"url\":\"https:\\\/\\\/www.ghostysky.com\\\/\",\"name\":\"Ghostysky\",\"description\":\"Delivering professional drones and services\",\"publisher\":{\"@id\":\"https:\\\/\\\/www.ghostysky.com\\\/#organization\"},\"potentialAction\":[{\"@type\":\"SearchAction\",\"target\":{\"@type\":\"EntryPoint\",\"urlTemplate\":\"https:\\\/\\\/www.ghostysky.com\\\/?s={search_term_string}\"},\"query-input\":{\"@type\":\"PropertyValueSpecification\",\"valueRequired\":true,\"valueName\":\"search_term_string\"}}],\"inLanguage\":\"es\"},{\"@type\":\"Organization\",\"@id\":\"https:\\\/\\\/www.ghostysky.com\\\/#organization\",\"name\":\"Ghostysky\",\"url\":\"https:\\\/\\\/www.ghostysky.com\\\/\",\"logo\":{\"@type\":\"ImageObject\",\"inLanguage\":\"es\",\"@id\":\"https:\\\/\\\/www.ghostysky.com\\\/#\\\/schema\\\/logo\\\/image\\\/\",\"url\":\"https:\\\/\\\/www.ghostysky.com\\\/wp-content\\\/uploads\\\/2020\\\/06\\\/cropped-ghostyskylogo_text_white2.png\",\"contentUrl\":\"https:\\\/\\\/www.ghostysky.com\\\/wp-content\\\/uploads\\\/2020\\\/06\\\/cropped-ghostyskylogo_text_white2.png\",\"width\":169,\"height\":56,\"caption\":\"Ghostysky\"},\"image\":{\"@id\":\"https:\\\/\\\/www.ghostysky.com\\\/#\\\/schema\\\/logo\\\/image\\\/\"},\"sameAs\":[\"https:\\\/\\\/www.facebook.com\\\/people\\\/Ghostysky\\\/100057676170234\\\/\",\"https:\\\/\\\/x.com\\\/Gh0stysky\",\"https:\\\/\\\/www.linkedin.com\\\/company\\\/34739653\",\"https:\\\/\\\/www.instagram.com\\\/gh0stysky\"]}]}<\/script>\n<!-- \/ Yoast SEO plugin. -->","yoast_head_json":{"title":"Dron impermeable Swellpro SD4+ - Ghostysky","description":"El SwellPro SD4+ (SplashDrone 4+ \/ SD4+ Enterprise) es el dron profesional todoterreno y para todo clima de \u00faltima generaci\u00f3n, dise\u00f1ado espec\u00edficamente para un funcionamiento confiable en los entornos marinos m\u00e1s hostiles y exigentes donde los drones est\u00e1ndar simplemente fallan. Construido sobre el legado de SwellPro como pionero de los drones a prueba de agua, el SD4+ presenta una estabilidad mejorada, un mayor alcance y un sistema de carga \u00fatil modular altamente vers\u00e1til, lo que lo convierte en la herramienta perfecta para pesca, b\u00fasqueda y rescate (SAR), vigilancia mar\u00edtima, monitoreo ambiental e inspecci\u00f3n industrial.","robots":{"index":"index","follow":"follow","max-snippet":"max-snippet:-1","max-image-preview":"max-image-preview:large","max-video-preview":"max-video-preview:-1"},"canonical":"https:\/\/www.ghostysky.com\/es\/producto-2\/swellpro-sd4-waterproof-drone\/","og_locale":"es_ES","og_type":"article","og_title":"Swellpro SD4+ Waterproof drone - Ghostysky","og_description":"The SwellPro SD4+ (SplashDrone 4+ \/ SD4+ Enterprise) is the next-generation, all-weather, and all-terrain professional drone, specifically engineered for reliable operation in the harshest marine and demanding environments where standard drones simply fail.Built on SwellPro's legacy as the pioneer of waterproof drones, the SD4+ features enhanced stability, longer range, and a highly versatile modular payload system, making it the perfect tool for fishing, search and rescue (SAR), maritime surveillance, environmental monitoring, and industrial inspection.","og_url":"https:\/\/www.ghostysky.com\/es\/producto-2\/swellpro-sd4-waterproof-drone\/","og_site_name":"Ghostysky","article_publisher":"https:\/\/www.facebook.com\/people\/Ghostysky\/100057676170234\/","article_modified_time":"2025-11-27T14:49:23+00:00","og_image":[{"width":700,"height":700,"url":"https:\/\/www.ghostysky.com\/wp-content\/uploads\/2025\/11\/GH_Swellpro_SD4_Drone_1.webp","type":"image\/webp"}],"twitter_card":"summary_large_image","twitter_site":"@Gh0stysky","twitter_misc":{"Tiempo de lectura":"2 minutos"},"schema":{"@context":"https:\/\/schema.org","@graph":[{"@type":"WebPage","@id":"https:\/\/www.ghostysky.com\/product\/swellpro-sd4-waterproof-drone\/","url":"https:\/\/www.ghostysky.com\/product\/swellpro-sd4-waterproof-drone\/","name":"Dron impermeable Swellpro SD4+ - Ghostysky","isPartOf":{"@id":"https:\/\/www.ghostysky.com\/#website"},"primaryImageOfPage":{"@id":"https:\/\/www.ghostysky.com\/product\/swellpro-sd4-waterproof-drone\/#primaryimage"},"image":{"@id":"https:\/\/www.ghostysky.com\/product\/swellpro-sd4-waterproof-drone\/#primaryimage"},"thumbnailUrl":"https:\/\/www.ghostysky.com\/wp-content\/uploads\/2025\/11\/GH_Swellpro_SD4_Drone_1.webp","datePublished":"2025-11-25T16:45:36+00:00","dateModified":"2025-11-27T14:49:23+00:00","description":"El SwellPro SD4+ (SplashDrone 4+ \/ SD4+ Enterprise) es el dron profesional todoterreno y para todo clima de \u00faltima generaci\u00f3n, dise\u00f1ado espec\u00edficamente para un funcionamiento confiable en los entornos marinos m\u00e1s hostiles y exigentes donde los drones est\u00e1ndar simplemente fallan. Construido sobre el legado de SwellPro como pionero de los drones a prueba de agua, el SD4+ presenta una estabilidad mejorada, un mayor alcance y un sistema de carga \u00fatil modular altamente vers\u00e1til, lo que lo convierte en la herramienta perfecta para pesca, b\u00fasqueda y rescate (SAR), vigilancia mar\u00edtima, monitoreo ambiental e inspecci\u00f3n industrial.","breadcrumb":{"@id":"https:\/\/www.ghostysky.com\/product\/swellpro-sd4-waterproof-drone\/#breadcrumb"},"inLanguage":"es","potentialAction":[{"@type":"ReadAction","target":["https:\/\/www.ghostysky.com\/product\/swellpro-sd4-waterproof-drone\/"]}]},{"@type":"ImageObject","inLanguage":"es","@id":"https:\/\/www.ghostysky.com\/product\/swellpro-sd4-waterproof-drone\/#primaryimage","url":"https:\/\/www.ghostysky.com\/wp-content\/uploads\/2025\/11\/GH_Swellpro_SD4_Drone_1.webp","contentUrl":"https:\/\/www.ghostysky.com\/wp-content\/uploads\/2025\/11\/GH_Swellpro_SD4_Drone_1.webp","width":700,"height":700},{"@type":"BreadcrumbList","@id":"https:\/\/www.ghostysky.com\/product\/swellpro-sd4-waterproof-drone\/#breadcrumb","itemListElement":[{"@type":"ListItem","position":1,"name":"Home","item":"https:\/\/www.ghostysky.com\/"},{"@type":"ListItem","position":2,"name":"Shop","item":"https:\/\/www.ghostysky.com\/shop\/"},{"@type":"ListItem","position":3,"name":"Swellpro SD4+ Waterproof drone"}]},{"@type":"WebSite","@id":"https:\/\/www.ghostysky.com\/#website","url":"https:\/\/www.ghostysky.com\/","name":"Ghostysky","description":"Entrega de drones y servicios profesionales","publisher":{"@id":"https:\/\/www.ghostysky.com\/#organization"},"potentialAction":[{"@type":"SearchAction","target":{"@type":"EntryPoint","urlTemplate":"https:\/\/www.ghostysky.com\/?s={search_term_string}"},"query-input":{"@type":"PropertyValueSpecification","valueRequired":true,"valueName":"search_term_string"}}],"inLanguage":"es"},{"@type":"Organization","@id":"https:\/\/www.ghostysky.com\/#organization","name":"Ghostysky","url":"https:\/\/www.ghostysky.com\/","logo":{"@type":"ImageObject","inLanguage":"es","@id":"https:\/\/www.ghostysky.com\/#\/schema\/logo\/image\/","url":"https:\/\/www.ghostysky.com\/wp-content\/uploads\/2020\/06\/cropped-ghostyskylogo_text_white2.png","contentUrl":"https:\/\/www.ghostysky.com\/wp-content\/uploads\/2020\/06\/cropped-ghostyskylogo_text_white2.png","width":169,"height":56,"caption":"Ghostysky"},"image":{"@id":"https:\/\/www.ghostysky.com\/#\/schema\/logo\/image\/"},"sameAs":["https:\/\/www.facebook.com\/people\/Ghostysky\/100057676170234\/","https:\/\/x.com\/Gh0stysky","https:\/\/www.linkedin.com\/company\/34739653","https:\/\/www.instagram.com\/gh0stysky"]}]}},"_links":{"self":[{"href":"https:\/\/www.ghostysky.com\/es\/wp-json\/wp\/v2\/product\/23385","targetHints":{"allow":["GET"]}}],"collection":[{"href":"https:\/\/www.ghostysky.com\/es\/wp-json\/wp\/v2\/product"}],"about":[{"href":"https:\/\/www.ghostysky.com\/es\/wp-json\/wp\/v2\/types\/product"}],"replies":[{"embeddable":true,"href":"https:\/\/www.ghostysky.com\/es\/wp-json\/wp\/v2\/comments?post=23385"}],"version-history":[{"count":1,"href":"https:\/\/www.ghostysky.com\/es\/wp-json\/wp\/v2\/product\/23385\/revisions"}],"predecessor-version":[{"id":24189,"href":"https:\/\/www.ghostysky.com\/es\/wp-json\/wp\/v2\/product\/23385\/revisions\/24189"}],"wp:featuredmedia":[{"embeddable":true,"href":"https:\/\/www.ghostysky.com\/es\/wp-json\/wp\/v2\/media\/23390"}],"wp:attachment":[{"href":"https:\/\/www.ghostysky.com\/es\/wp-json\/wp\/v2\/media?parent=23385"}],"wp:term":[{"taxonomy":"product_brand","embeddable":true,"href":"https:\/\/www.ghostysky.com\/es\/wp-json\/wp\/v2\/product_brand?post=23385"},{"taxonomy":"product_cat","embeddable":true,"href":"https:\/\/www.ghostysky.com\/es\/wp-json\/wp\/v2\/product_cat?post=23385"},{"taxonomy":"product_tag","embeddable":true,"href":"https:\/\/www.ghostysky.com\/es\/wp-json\/wp\/v2\/product_tag?post=23385"}],"curies":[{"name":"wp","href":"https:\/\/api.w.org\/{rel}","templated":true}]}}