{"id":23391,"date":"2025-11-25T16:51:19","date_gmt":"2025-11-25T16:51:19","guid":{"rendered":"https:\/\/www.ghostysky.com\/?post_type=product&#038;p=23391"},"modified":"2025-11-27T14:49:45","modified_gmt":"2025-11-27T14:49:45","slug":"swellpro-g03h-waterproof-4k-gimbal-camera","status":"publish","type":"product","link":"https:\/\/www.ghostysky.com\/es\/product\/swellpro-g03h-waterproof-4k-gimbal-camera\/","title":{"rendered":"C\u00e1mara con card\u00e1n 4K impermeable SwellPro G03H"},"content":{"rendered":"<h4>Caracter\u00edsticas clave<\/h4>\n<ul data-path-to-node=\"3\">\n<li>\n<p data-path-to-node=\"3,0,0\"><b><span class=\"citation-51\">M\u00e1xima claridad:<\/span><\/b><span class=\"citation-51 citation-end-51\"> Capture impresionantes im\u00e1genes fijas de ultra alta resoluci\u00f3n de 48 MP (8000 \u00d7 6000), perfectas para proyectos de mapeo, topograf\u00eda e inspecci\u00f3n detallados.<\/span><\/p>\n<\/li>\n<li>\n<p data-path-to-node=\"3,1,0\"><b><span class=\"citation-50\">Rendimiento de v\u00eddeo superior:<\/span><\/b><span class=\"citation-50\"> Graba im\u00e1genes cinematogr\u00e1ficas ultra fluidas con <\/span><b><span class=\"citation-50\">V\u00eddeo 4K UHD a 60 fps<\/span><\/b><span class=\"citation-50\"> y a\u00fan <\/span><b><span class=\"citation-50\">Modos 5.7K<\/span><\/b><span class=\"citation-50 citation-end-50\">.<\/span><\/p>\n<\/li>\n<li>\n<p data-path-to-node=\"3,2,0\"><b><span class=\"citation-49\">Sensor y \u00f3ptica avanzados:<\/span><\/b><span class=\"citation-49\"> Impulsado por un alto rendimiento <\/span><b><span class=\"citation-49\">Sensor CMOS de SONY<\/span><\/b><span class=\"citation-49\"> (1\/2\u2033) y un brillante <\/span><b><span class=\"citation-49\">apertura f\/2.2<\/span><\/b><span class=\"citation-49 citation-end-49\"> Lente, ofrece un rango din\u00e1mico superior, un rendimiento mejorado con poca luz y detalles m\u00e1s n\u00edtidos en condiciones dif\u00edciles.<\/span><\/p>\n<\/li>\n<li>\n<p data-path-to-node=\"3,3,0\"><b>Estabilidad s\u00f3lida como una roca:<\/b><span class=\"citation-48\"> La c\u00e1mara resistente al agua est\u00e1 montada sobre un soporte de alta capacidad de respuesta. <\/span><b><span class=\"citation-48\">card\u00e1n mec\u00e1nico de 3 ejes<\/span><\/b><span class=\"citation-48\"> combinado con <\/span><b><span class=\"citation-48\">Estabilizaci\u00f3n electr\u00f3nica de imagen (EIS)<\/span><\/b><span class=\"citation-48 citation-end-48\">, lo que garantiza im\u00e1genes estables y sin borrosidad incluso cuando el dron se desplaza con vientos fuertes o condiciones dif\u00edciles.<\/span><\/p>\n<\/li>\n<li>\n<p data-path-to-node=\"3,4,0\"><b>Capacidad de zoom digital:<\/b><span class=\"citation-47\"> Utilice hasta <\/span><b><span class=\"citation-47\">Zoom de recorte digital 7x<\/span><\/b><span class=\"citation-47 citation-end-47\"> en la base de imagen de 48MP, lo que permite una inspecci\u00f3n m\u00e1s cercana de los objetivos sin volar el dron a una proximidad peligrosa.<\/span><\/p>\n<\/li>\n<li>\n<p data-path-to-node=\"3,5,0\"><b>Fiabilidad en todo tipo de clima:<\/b><span class=\"citation-46 citation-end-46\"> El dise\u00f1o resistente al agua y anticorrosi\u00f3n lo hace confiable para usar en agua salada, lluvia y nieve, garantizando im\u00e1genes claras tanto arriba como debajo del agua.<\/span><\/p>\n<\/li>\n<\/ul>\n<p data-path-to-node=\"4\">\n<h4>Ideal para<\/h4>\n<ul data-path-to-node=\"5\">\n<li>\n<p data-path-to-node=\"5,0,0\"><b>Topograf\u00eda y cartograf\u00eda:<\/b><span class=\"citation-45 citation-end-45\"> Logre detalles y precisi\u00f3n excepcionales con fotograf\u00edas de 48 MP para an\u00e1lisis posterior y procesamiento de datos.<\/span><\/p>\n<\/li>\n<li>\n<p data-path-to-node=\"5,1,0\"><b><span class=\"citation-44\">Operaciones marinas y subacu\u00e1ticas:<\/span><\/b><span class=\"citation-44 citation-end-44\"> Su dise\u00f1o resistente al agua es esencial para filmar, inspeccionar y realizar operaciones cerca o sobre el agua.<\/span><\/p>\n<\/li>\n<li>\n<p data-path-to-node=\"5,2,0\"><b>Inspecciones Industriales:<\/b><span class=\"citation-43 citation-end-43\"> Inspeccione de forma segura puentes, torres, estructuras marinas y otros activos de dif\u00edcil acceso con una claridad superior.<\/span><\/p>\n<\/li>\n<li>\n<p data-path-to-node=\"5,3,0\"><b><span class=\"citation-42\">B\u00fasqueda y rescate (SAR):<\/span><\/b><span class=\"citation-42 citation-end-42\"> La combinaci\u00f3n de zoom de alta resoluci\u00f3n y rendimiento con poca luz mejora la identificaci\u00f3n y la cobertura en misiones cr\u00edticas.<\/span><\/p>\n<\/li>\n<li>\n<p data-path-to-node=\"5,4,0\"><b>Filmaci\u00f3n cinematogr\u00e1fica:<\/b><span class=\"citation-41 citation-end-41\"> Capture videos a\u00e9reos fluidos y de calidad profesional para vide\u00f3grafos y creadores en entornos costeros o en cualquier clima.<\/span><\/p>\n<div class=\"source-inline-chip-container ng-star-inserted\"><\/div>\n<\/li>\n<\/ul>\n<p data-path-to-node=\"6\"><span class=\"citation-40 citation-end-40\">La G03H es m\u00e1s que una simple c\u00e1mara; es un potente sistema de im\u00e1genes de precisi\u00f3n que ampl\u00eda significativamente la capacidad operativa y la calidad de sus misiones SplashDrone 4+.<\/span><\/p>","protected":false},"excerpt":{"rendered":"<p><span class=\"citation-53\">El SwellPro G03H es un sistema de sonido profesional y totalmente... <\/span><b><span class=\"citation-53\">c\u00e1mara con card\u00e1n resistente al agua<\/span><\/b><span class=\"citation-53\"> Dise\u00f1ado espec\u00edficamente para el <\/span><b><span class=\"citation-53\">Drone SwellPro SplashDrone 4+<\/span><\/b><span class=\"citation-53 citation-end-53\">.<\/span> <span class=\"citation-52 citation-end-52\">Dise\u00f1ado para capturar im\u00e1genes impresionantes, estables y de alta resoluci\u00f3n en los entornos h\u00famedos y marinos m\u00e1s exigentes, el G03H es una herramienta indispensable tanto para profesionales como para aventureros.<\/span><\/p>","protected":false},"featured_media":23395,"comment_status":"open","ping_status":"closed","template":"","meta":[],"product_brand":[1310],"product_cat":[304,278],"product_tag":[],"class_list":{"0":"post-23391","1":"product","2":"type-product","3":"status-publish","4":"has-post-thumbnail","6":"product_brand-swellpro","7":"product_cat-cameras-sweelpro","8":"product_cat-swellpro","10":"first","11":"onbackorder","12":"taxable","13":"shipping-taxable","14":"purchasable","15":"product-type-simple"},"yoast_head":"<!-- This site is optimized with the Yoast SEO plugin v27.1.1 - https:\/\/yoast.com\/product\/yoast-seo-wordpress\/ -->\n<title>SwellPro G03H Waterproof 4K Gimbal Camera - Ghostysky<\/title>\n<meta name=\"description\" content=\"The SwellPro G03H is a professional-grade, fully waterproof gimbal camera designed specifically for the SwellPro SplashDrone 4+. Engineered to capture stunning, stable, and high-resolution imagery in the most demanding wet and marine environments, the G03H is an indispensable tool for professionals and adventurers alike.\" \/>\n<meta name=\"robots\" content=\"index, follow, max-snippet:-1, max-image-preview:large, max-video-preview:-1\" \/>\n<link rel=\"canonical\" href=\"https:\/\/www.ghostysky.com\/es\/producto-2\/swellpro-g03h-waterproof-4k-gimbal-camera\/\" \/>\n<meta property=\"og:locale\" content=\"es_ES\" \/>\n<meta property=\"og:type\" content=\"article\" \/>\n<meta property=\"og:title\" content=\"SwellPro G03H Waterproof 4K Gimbal Camera - Ghostysky\" \/>\n<meta property=\"og:description\" content=\"The SwellPro G03H is a professional-grade, fully waterproof gimbal camera designed specifically for the SwellPro SplashDrone 4+. Engineered to capture stunning, stable, and high-resolution imagery in the most demanding wet and marine environments, the G03H is an indispensable tool for professionals and adventurers alike.\" \/>\n<meta property=\"og:url\" content=\"https:\/\/www.ghostysky.com\/es\/producto-2\/swellpro-g03h-waterproof-4k-gimbal-camera\/\" \/>\n<meta property=\"og:site_name\" content=\"Ghostysky\" \/>\n<meta property=\"article:publisher\" content=\"https:\/\/www.facebook.com\/people\/Ghostysky\/100057676170234\/\" \/>\n<meta property=\"article:modified_time\" content=\"2025-11-27T14:49:45+00:00\" \/>\n<meta property=\"og:image\" content=\"https:\/\/www.ghostysky.com\/wp-content\/uploads\/2025\/11\/GH_Swellpro_G03H_1.jpeg\" \/>\n\t<meta property=\"og:image:width\" content=\"450\" \/>\n\t<meta property=\"og:image:height\" content=\"450\" \/>\n\t<meta property=\"og:image:type\" content=\"image\/jpeg\" \/>\n<meta name=\"twitter:card\" content=\"summary_large_image\" \/>\n<meta name=\"twitter:site\" content=\"@Gh0stysky\" \/>\n<meta name=\"twitter:label1\" content=\"Tiempo de lectura\" \/>\n\t<meta name=\"twitter:data1\" content=\"2 minutos\" \/>\n<script type=\"application\/ld+json\" class=\"yoast-schema-graph\">{\"@context\":\"https:\/\/schema.org\",\"@graph\":[{\"@type\":\"WebPage\",\"@id\":\"https:\/\/www.ghostysky.com\/product\/swellpro-g03h-waterproof-4k-gimbal-camera\/\",\"url\":\"https:\/\/www.ghostysky.com\/product\/swellpro-g03h-waterproof-4k-gimbal-camera\/\",\"name\":\"SwellPro G03H Waterproof 4K Gimbal Camera - Ghostysky\",\"isPartOf\":{\"@id\":\"https:\/\/www.ghostysky.com\/#website\"},\"primaryImageOfPage\":{\"@id\":\"https:\/\/www.ghostysky.com\/product\/swellpro-g03h-waterproof-4k-gimbal-camera\/#primaryimage\"},\"image\":{\"@id\":\"https:\/\/www.ghostysky.com\/product\/swellpro-g03h-waterproof-4k-gimbal-camera\/#primaryimage\"},\"thumbnailUrl\":\"https:\/\/www.ghostysky.com\/wp-content\/uploads\/2025\/11\/GH_Swellpro_G03H_1.jpeg\",\"datePublished\":\"2025-11-25T16:51:19+00:00\",\"dateModified\":\"2025-11-27T14:49:45+00:00\",\"description\":\"The SwellPro G03H is a professional-grade, fully waterproof gimbal camera designed specifically for the SwellPro SplashDrone 4+. Engineered to capture stunning, stable, and high-resolution imagery in the most demanding wet and marine environments, the G03H is an indispensable tool for professionals and adventurers alike.\",\"breadcrumb\":{\"@id\":\"https:\/\/www.ghostysky.com\/product\/swellpro-g03h-waterproof-4k-gimbal-camera\/#breadcrumb\"},\"inLanguage\":\"es\",\"potentialAction\":[{\"@type\":\"ReadAction\",\"target\":[\"https:\/\/www.ghostysky.com\/product\/swellpro-g03h-waterproof-4k-gimbal-camera\/\"]}]},{\"@type\":\"ImageObject\",\"inLanguage\":\"es\",\"@id\":\"https:\/\/www.ghostysky.com\/product\/swellpro-g03h-waterproof-4k-gimbal-camera\/#primaryimage\",\"url\":\"https:\/\/www.ghostysky.com\/wp-content\/uploads\/2025\/11\/GH_Swellpro_G03H_1.jpeg\",\"contentUrl\":\"https:\/\/www.ghostysky.com\/wp-content\/uploads\/2025\/11\/GH_Swellpro_G03H_1.jpeg\",\"width\":450,\"height\":450},{\"@type\":\"BreadcrumbList\",\"@id\":\"https:\/\/www.ghostysky.com\/product\/swellpro-g03h-waterproof-4k-gimbal-camera\/#breadcrumb\",\"itemListElement\":[{\"@type\":\"ListItem\",\"position\":1,\"name\":\"Home\",\"item\":\"https:\/\/www.ghostysky.com\/\"},{\"@type\":\"ListItem\",\"position\":2,\"name\":\"Shop\",\"item\":\"https:\/\/www.ghostysky.com\/shop\/\"},{\"@type\":\"ListItem\",\"position\":3,\"name\":\"SwellPro G03H Waterproof 4K Gimbal Camera\"}]},{\"@type\":\"WebSite\",\"@id\":\"https:\/\/www.ghostysky.com\/#website\",\"url\":\"https:\/\/www.ghostysky.com\/\",\"name\":\"Ghostysky\",\"description\":\"Delivering professional drones and services\",\"publisher\":{\"@id\":\"https:\/\/www.ghostysky.com\/#organization\"},\"potentialAction\":[{\"@type\":\"SearchAction\",\"target\":{\"@type\":\"EntryPoint\",\"urlTemplate\":\"https:\/\/www.ghostysky.com\/?s={search_term_string}\"},\"query-input\":{\"@type\":\"PropertyValueSpecification\",\"valueRequired\":true,\"valueName\":\"search_term_string\"}}],\"inLanguage\":\"es\"},{\"@type\":\"Organization\",\"@id\":\"https:\/\/www.ghostysky.com\/#organization\",\"name\":\"Ghostysky\",\"url\":\"https:\/\/www.ghostysky.com\/\",\"logo\":{\"@type\":\"ImageObject\",\"inLanguage\":\"es\",\"@id\":\"https:\/\/www.ghostysky.com\/#\/schema\/logo\/image\/\",\"url\":\"https:\/\/www.ghostysky.com\/wp-content\/uploads\/2020\/06\/cropped-ghostyskylogo_text_white2.png\",\"contentUrl\":\"https:\/\/www.ghostysky.com\/wp-content\/uploads\/2020\/06\/cropped-ghostyskylogo_text_white2.png\",\"width\":169,\"height\":56,\"caption\":\"Ghostysky\"},\"image\":{\"@id\":\"https:\/\/www.ghostysky.com\/#\/schema\/logo\/image\/\"},\"sameAs\":[\"https:\/\/www.facebook.com\/people\/Ghostysky\/100057676170234\/\",\"https:\/\/x.com\/Gh0stysky\",\"https:\/\/www.linkedin.com\/company\/34739653\",\"https:\/\/www.instagram.com\/gh0stysky\"]}]}<\/script>\n<!-- \/ Yoast SEO plugin. -->","yoast_head_json":{"title":"C\u00e1mara con estabilizador 4K impermeable SwellPro G03H - Ghostysky","description":"La SwellPro G03H es una c\u00e1mara con estabilizador de calidad profesional, totalmente impermeable, dise\u00f1ada espec\u00edficamente para el SwellPro SplashDrone 4+. Dise\u00f1ada para capturar im\u00e1genes impresionantes, estables y de alta resoluci\u00f3n en los entornos h\u00famedos y marinos m\u00e1s exigentes, la G03H es una herramienta indispensable tanto para profesionales como para aventureros.","robots":{"index":"index","follow":"follow","max-snippet":"max-snippet:-1","max-image-preview":"max-image-preview:large","max-video-preview":"max-video-preview:-1"},"canonical":"https:\/\/www.ghostysky.com\/es\/producto-2\/swellpro-g03h-waterproof-4k-gimbal-camera\/","og_locale":"es_ES","og_type":"article","og_title":"SwellPro G03H Waterproof 4K Gimbal Camera - Ghostysky","og_description":"The SwellPro G03H is a professional-grade, fully waterproof gimbal camera designed specifically for the SwellPro SplashDrone 4+. Engineered to capture stunning, stable, and high-resolution imagery in the most demanding wet and marine environments, the G03H is an indispensable tool for professionals and adventurers alike.","og_url":"https:\/\/www.ghostysky.com\/es\/producto-2\/swellpro-g03h-waterproof-4k-gimbal-camera\/","og_site_name":"Ghostysky","article_publisher":"https:\/\/www.facebook.com\/people\/Ghostysky\/100057676170234\/","article_modified_time":"2025-11-27T14:49:45+00:00","og_image":[{"width":450,"height":450,"url":"https:\/\/www.ghostysky.com\/wp-content\/uploads\/2025\/11\/GH_Swellpro_G03H_1.jpeg","type":"image\/jpeg"}],"twitter_card":"summary_large_image","twitter_site":"@Gh0stysky","twitter_misc":{"Tiempo de lectura":"2 minutos"},"schema":{"@context":"https:\/\/schema.org","@graph":[{"@type":"WebPage","@id":"https:\/\/www.ghostysky.com\/product\/swellpro-g03h-waterproof-4k-gimbal-camera\/","url":"https:\/\/www.ghostysky.com\/product\/swellpro-g03h-waterproof-4k-gimbal-camera\/","name":"C\u00e1mara con estabilizador 4K impermeable SwellPro G03H - Ghostysky","isPartOf":{"@id":"https:\/\/www.ghostysky.com\/#website"},"primaryImageOfPage":{"@id":"https:\/\/www.ghostysky.com\/product\/swellpro-g03h-waterproof-4k-gimbal-camera\/#primaryimage"},"image":{"@id":"https:\/\/www.ghostysky.com\/product\/swellpro-g03h-waterproof-4k-gimbal-camera\/#primaryimage"},"thumbnailUrl":"https:\/\/www.ghostysky.com\/wp-content\/uploads\/2025\/11\/GH_Swellpro_G03H_1.jpeg","datePublished":"2025-11-25T16:51:19+00:00","dateModified":"2025-11-27T14:49:45+00:00","description":"La SwellPro G03H es una c\u00e1mara con estabilizador de calidad profesional, totalmente impermeable, dise\u00f1ada espec\u00edficamente para el SwellPro SplashDrone 4+. Dise\u00f1ada para capturar im\u00e1genes impresionantes, estables y de alta resoluci\u00f3n en los entornos h\u00famedos y marinos m\u00e1s exigentes, la G03H es una herramienta indispensable tanto para profesionales como para aventureros.","breadcrumb":{"@id":"https:\/\/www.ghostysky.com\/product\/swellpro-g03h-waterproof-4k-gimbal-camera\/#breadcrumb"},"inLanguage":"es","potentialAction":[{"@type":"ReadAction","target":["https:\/\/www.ghostysky.com\/product\/swellpro-g03h-waterproof-4k-gimbal-camera\/"]}]},{"@type":"ImageObject","inLanguage":"es","@id":"https:\/\/www.ghostysky.com\/product\/swellpro-g03h-waterproof-4k-gimbal-camera\/#primaryimage","url":"https:\/\/www.ghostysky.com\/wp-content\/uploads\/2025\/11\/GH_Swellpro_G03H_1.jpeg","contentUrl":"https:\/\/www.ghostysky.com\/wp-content\/uploads\/2025\/11\/GH_Swellpro_G03H_1.jpeg","width":450,"height":450},{"@type":"BreadcrumbList","@id":"https:\/\/www.ghostysky.com\/product\/swellpro-g03h-waterproof-4k-gimbal-camera\/#breadcrumb","itemListElement":[{"@type":"ListItem","position":1,"name":"Home","item":"https:\/\/www.ghostysky.com\/"},{"@type":"ListItem","position":2,"name":"Shop","item":"https:\/\/www.ghostysky.com\/shop\/"},{"@type":"ListItem","position":3,"name":"SwellPro G03H Waterproof 4K Gimbal Camera"}]},{"@type":"WebSite","@id":"https:\/\/www.ghostysky.com\/#website","url":"https:\/\/www.ghostysky.com\/","name":"Ghostysky","description":"Entrega de drones y servicios profesionales","publisher":{"@id":"https:\/\/www.ghostysky.com\/#organization"},"potentialAction":[{"@type":"SearchAction","target":{"@type":"EntryPoint","urlTemplate":"https:\/\/www.ghostysky.com\/?s={search_term_string}"},"query-input":{"@type":"PropertyValueSpecification","valueRequired":true,"valueName":"search_term_string"}}],"inLanguage":"es"},{"@type":"Organization","@id":"https:\/\/www.ghostysky.com\/#organization","name":"Ghostysky","url":"https:\/\/www.ghostysky.com\/","logo":{"@type":"ImageObject","inLanguage":"es","@id":"https:\/\/www.ghostysky.com\/#\/schema\/logo\/image\/","url":"https:\/\/www.ghostysky.com\/wp-content\/uploads\/2020\/06\/cropped-ghostyskylogo_text_white2.png","contentUrl":"https:\/\/www.ghostysky.com\/wp-content\/uploads\/2020\/06\/cropped-ghostyskylogo_text_white2.png","width":169,"height":56,"caption":"Ghostysky"},"image":{"@id":"https:\/\/www.ghostysky.com\/#\/schema\/logo\/image\/"},"sameAs":["https:\/\/www.facebook.com\/people\/Ghostysky\/100057676170234\/","https:\/\/x.com\/Gh0stysky","https:\/\/www.linkedin.com\/company\/34739653","https:\/\/www.instagram.com\/gh0stysky"]}]}},"_links":{"self":[{"href":"https:\/\/www.ghostysky.com\/es\/wp-json\/wp\/v2\/product\/23391","targetHints":{"allow":["GET"]}}],"collection":[{"href":"https:\/\/www.ghostysky.com\/es\/wp-json\/wp\/v2\/product"}],"about":[{"href":"https:\/\/www.ghostysky.com\/es\/wp-json\/wp\/v2\/types\/product"}],"replies":[{"embeddable":true,"href":"https:\/\/www.ghostysky.com\/es\/wp-json\/wp\/v2\/comments?post=23391"}],"wp:featuredmedia":[{"embeddable":true,"href":"https:\/\/www.ghostysky.com\/es\/wp-json\/wp\/v2\/media\/23395"}],"wp:attachment":[{"href":"https:\/\/www.ghostysky.com\/es\/wp-json\/wp\/v2\/media?parent=23391"}],"wp:term":[{"taxonomy":"product_brand","embeddable":true,"href":"https:\/\/www.ghostysky.com\/es\/wp-json\/wp\/v2\/product_brand?post=23391"},{"taxonomy":"product_cat","embeddable":true,"href":"https:\/\/www.ghostysky.com\/es\/wp-json\/wp\/v2\/product_cat?post=23391"},{"taxonomy":"product_tag","embeddable":true,"href":"https:\/\/www.ghostysky.com\/es\/wp-json\/wp\/v2\/product_tag?post=23391"}],"curies":[{"name":"wp","href":"https:\/\/api.w.org\/{rel}","templated":true}]}}