{"id":23396,"date":"2025-11-25T16:59:46","date_gmt":"2025-11-25T16:59:46","guid":{"rendered":"https:\/\/www.ghostysky.com\/?post_type=product&#038;p=23396"},"modified":"2025-11-27T14:50:03","modified_gmt":"2025-11-27T14:50:03","slug":"splashdrone-4-plus-sd4-4500mah-intelligent-battery","status":"publish","type":"product","link":"https:\/\/www.ghostysky.com\/es\/product\/splashdrone-4-plus-sd4-4500mah-intelligent-battery\/","title":{"rendered":"Bater\u00eda inteligente de 4500 mAh para SplashDrone 4 Plus (SD4+)"},"content":{"rendered":"<h3>Caracter\u00edsticas y beneficios clave<\/h3>\n<ul data-path-to-node=\"3\">\n<li>\n<p data-path-to-node=\"3,0,0\"><b>Resistencia optimizada:<\/b><span class=\"citation-73\"> El <\/span><b><span class=\"citation-73\">4500 mAh<\/span><\/b><span class=\"citation-73\"> capacidad, <\/span><b><span class=\"citation-73\">Bater\u00eda de pol\u00edmero de litio 6S<\/span><\/b><span class=\"citation-73\"> La bater\u00eda inteligente proporciona la energ\u00eda robusta necesaria para alcanzar hasta <\/span><b><span class=\"citation-73\">28 minutos<\/span><\/b><span class=\"citation-73 citation-end-73\"> de tiempo de vuelo (en condiciones ideales), lo que le da m\u00e1s tiempo para b\u00fasqueda, rescate, pesca o vigilancia.<\/span><\/p>\n<\/li>\n<li>\n<p data-path-to-node=\"3,1,0\"><b>Sistema integrado de gesti\u00f3n de bater\u00edas (BMS):<\/b><span class=\"citation-72\"> Un microprocesador interno supervisa y gestiona activamente la salud de la bater\u00eda, garantizando <\/span><b><span class=\"citation-72\">Seguridad, longevidad y rendimiento confiable<\/span><\/b><span class=\"citation-72 citation-end-72\">.<\/span><\/p>\n<ul data-path-to-node=\"3,1,1\">\n<li>\n<p data-path-to-node=\"3,1,1,0,0\"><b>Monitoreo en tiempo real:<\/b><span class=\"citation-71 citation-end-71\"> Realiza un seguimiento de los niveles de potencia y proporciona alertas en tiempo real.<\/span><\/p>\n<\/li>\n<li>\n<p data-path-to-node=\"3,1,1,1,0\"><b><span class=\"citation-70\">Proteccion:<\/span><\/b><span class=\"citation-70\"> Caracter\u00edsticas incorporadas <\/span><b><span class=\"citation-70\">Protecci\u00f3n contra sobrecarga, subdescarga y sobrecalentamiento<\/span><\/b><span class=\"citation-70 citation-end-70\">.<\/span><\/p>\n<\/li>\n<li>\n<p data-path-to-node=\"3,1,1,2,0\"><b>Gesti\u00f3n de la salud:<\/b><span class=\"citation-69 citation-end-69\"> La carga de equilibrio integrada y el mantenimiento de almacenamiento inteligente prolongan la vida \u00fatil de la bater\u00eda.<\/span><\/p>\n<\/li>\n<\/ul>\n<\/li>\n<li>\n<p data-path-to-node=\"3,2,0\"><b>Salida de potencia estable:<\/b> Con un establo <b>Tensi\u00f3n nominal de 25,2 V<\/b>La bater\u00eda suministra energ\u00eda constante a los motores SD4+ y a los sistemas electr\u00f3nicos para un vuelo suave y confiable, incluso en entornos dif\u00edciles.<\/p>\n<\/li>\n<li>\n<p data-path-to-node=\"3,3,0\"><b><span class=\"citation-68\">Dise\u00f1o de deslizamiento r\u00e1pido:<\/span><\/b><span class=\"citation-68\"> Dise\u00f1ado para la eficiencia, el dise\u00f1o personalizado permite <\/span><b><span class=\"citation-68\">Instalaci\u00f3n y reemplazo r\u00e1pidos y sin cables<\/span><\/b><span class=\"citation-68 citation-end-68\">, minimizando el tiempo de inactividad y permiti\u00e9ndole volver a estar en el aire r\u00e1pidamente.<\/span><\/p>\n<\/li>\n<li>\n<p data-path-to-node=\"3,4,0\"><b>Uso duradero y de amplio alcance:<\/b><span class=\"citation-67 citation-end-67\"> Dise\u00f1ado para funcionar eficazmente en un amplio rango de temperaturas, desde <sup class=\"superscript\" data-turn-source-index=\"9\">9<\/sup><\/span><b><span class=\"math-inline\" data-math=\"-10^\\circ \\text{C}\">$-10^\\circ \\text{C}$<\/span><span class=\"citation-66 citation-end-66\"> a <sup class=\"superscript\" data-turn-source-index=\"10\">10<\/sup><\/span><span class=\"math-inline\" data-math=\"60^\\circ \\text{C}\">$60^\\circ \\text{C}$<\/span><\/b><span class=\"citation-65 citation-end-65\"> (descarga), esta bater\u00eda est\u00e1 lista para su implementaci\u00f3n en diversos entornos extremos.<\/span><\/p>\n<div class=\"source-inline-chip-container ng-star-inserted\"><\/div>\n<p>&nbsp;<\/li>\n<\/ul>\n<h3>Especificaciones de un vistazo<\/h3>\n<table data-path-to-node=\"6\">\n<thead>\n<tr>\n<td><strong>Caracter\u00edstica<\/strong><\/td>\n<td><strong>Detalle<\/strong><\/td>\n<\/tr>\n<\/thead>\n<tbody>\n<tr>\n<td><span data-path-to-node=\"6,1,0,0\"><b>Capacidad nominal<\/b><\/span><\/td>\n<td><span data-path-to-node=\"6,1,1,0\"><span class=\"math-inline\" data-math=\"4500 \\text{mAh}\">4500 mAh<\/span><\/span><\/td>\n<\/tr>\n<tr>\n<td><span data-path-to-node=\"6,2,0,0\"><b>Sector energ\u00e9tico<\/b><\/span><\/td>\n<td><span data-path-to-node=\"6,2,1,0\"><span class=\"math-inline\" data-math=\"99.9 \\text{Wh}\">99,9 Wh<\/span><\/span><\/td>\n<\/tr>\n<tr>\n<td><span data-path-to-node=\"6,3,0,0\"><b>Tipo<\/b><\/span><\/td>\n<td><span data-path-to-node=\"6,3,1,0\">LiPo 6S inteligente<\/span><\/td>\n<\/tr>\n<tr>\n<td><span data-path-to-node=\"6,4,0,0\"><b>Tensi\u00f3n nominal<\/b><\/span><\/td>\n<td><span data-path-to-node=\"6,4,1,0\"><span class=\"math-inline\" data-math=\"25.2 \\text{V}\">25,2 V<\/span><\/span><\/td>\n<\/tr>\n<tr>\n<td><span data-path-to-node=\"6,5,0,0\"><b>Tiempo m\u00e1ximo de vuelo<\/b><\/span><\/td>\n<td><span data-path-to-node=\"6,5,1,0\">Arriba a <span class=\"math-inline\" data-math=\"28 \\text{ minutes}\">28 minutos<\/span><\/span><\/td>\n<\/tr>\n<tr>\n<td><span data-path-to-node=\"6,6,0,0\"><b>Peso<\/b><\/span><\/td>\n<td><span data-path-to-node=\"6,6,1,0\"><span class=\"math-inline\" data-math=\"820 \\text{g}\">820 gramos<\/span> (<span class=\"math-inline\" data-math=\"\\pm 5 \\text{g}\">+-5 g<\/span>)<\/span><\/td>\n<\/tr>\n<tr>\n<td><span data-path-to-node=\"6,7,0,0\"><b>Tiempo de carga<\/b><\/span><\/td>\n<td><span data-path-to-node=\"6,7,1,0\"><span class=\"math-inline\" data-math=\"\\approx 120 \\text{ minutes}\">aproximadamente 120 minutos<\/span><\/span><\/td>\n<\/tr>\n<tr>\n<td><span data-path-to-node=\"6,8,0,0\"><b>Corriente m\u00e1xima de carga<\/b><\/span><\/td>\n<td><span data-path-to-node=\"6,8,1,0\"><span class=\"math-inline\" data-math=\"8 \\text{A}\">8 A<\/span><\/span><\/td>\n<\/tr>\n<tr>\n<td><span data-path-to-node=\"6,9,0,0\"><b>Compatibilidad<\/b><\/span><\/td>\n<td><span data-path-to-node=\"6,9,1,0\">SplashDrone 4 Plus (SD4+)<\/span><\/td>\n<\/tr>\n<\/tbody>\n<\/table>\n<p data-path-to-node=\"7\">No dejes que las limitaciones de potencia interrumpan tu misi\u00f3n. Equipa tu SplashDrone 4 Plus con... <b>Bater\u00eda inteligente de 4500 mAh<\/b> y ampl\u00ede su alcance, maximice su tiempo de actividad y aborde con confianza sus tareas en las condiciones m\u00e1s duras.<\/p>\n<p data-path-to-node=\"8\">\u00bfQuieres saber cu\u00e1l es el cargador oficial para esta bater\u00eda o d\u00f3nde comprarla?<\/p>","protected":false},"excerpt":{"rendered":"<p><span class=\"citation-75\">Maximice la capacidad operativa de su dron a prueba de agua con el sistema de alto rendimiento dise\u00f1ado a medida. <\/span><b><span class=\"citation-75\">Bater\u00eda inteligente de 4500 mAh para SplashDrone 4 Plus (SD4+)<\/span><\/b><span class=\"citation-75 citation-end-75\">.<\/span> <span class=\"citation-74 citation-end-74\">Dise\u00f1ada espec\u00edficamente para la plataforma SD4+, esta fuente de energ\u00eda ofrece un rendimiento confiable y constante para misiones mar\u00edtimas y para todo clima exigentes.<\/span><\/p>","protected":false},"featured_media":23400,"comment_status":"open","ping_status":"closed","template":"","meta":[],"product_brand":[1310],"product_cat":[305,278],"product_tag":[1312,279],"class_list":{"0":"post-23396","1":"product","2":"type-product","3":"status-publish","4":"has-post-thumbnail","6":"product_brand-swellpro","7":"product_cat-accessories-swellpro","8":"product_cat-swellpro","9":"product_tag-sd4-accessories","10":"product_tag-swellpro","12":"first","13":"onbackorder","14":"taxable","15":"shipping-taxable","16":"purchasable","17":"product-type-simple"},"yoast_head":"<!-- This site is optimized with the Yoast SEO plugin v27.1.1 - https:\/\/yoast.com\/product\/yoast-seo-wordpress\/ -->\n<title>SplashDrone 4 Plus (SD4+) 4500mAh Intelligent Battery - Ghostysky<\/title>\n<meta name=\"description\" content=\"Maximize the operational capability of your waterproof drone with the high-performance, custom-engineered SplashDrone 4 Plus (SD4+) 4500mAh Intelligent Battery. Designed specifically for the SD4+ platform, this power source delivers reliable, consistent performance for demanding maritime and all-weather missions.\" \/>\n<meta name=\"robots\" content=\"index, follow, max-snippet:-1, max-image-preview:large, max-video-preview:-1\" \/>\n<link rel=\"canonical\" href=\"https:\/\/www.ghostysky.com\/es\/producto-2\/splashdrone-4-plus-sd4-4500mah-intelligent-battery\/\" \/>\n<meta property=\"og:locale\" content=\"es_ES\" \/>\n<meta property=\"og:type\" content=\"article\" \/>\n<meta property=\"og:title\" content=\"SplashDrone 4 Plus (SD4+) 4500mAh Intelligent Battery - Ghostysky\" \/>\n<meta property=\"og:description\" content=\"Maximize the operational capability of your waterproof drone with the high-performance, custom-engineered SplashDrone 4 Plus (SD4+) 4500mAh Intelligent Battery. Designed specifically for the SD4+ platform, this power source delivers reliable, consistent performance for demanding maritime and all-weather missions.\" \/>\n<meta property=\"og:url\" content=\"https:\/\/www.ghostysky.com\/es\/producto-2\/splashdrone-4-plus-sd4-4500mah-intelligent-battery\/\" \/>\n<meta property=\"og:site_name\" content=\"Ghostysky\" \/>\n<meta property=\"article:publisher\" content=\"https:\/\/www.facebook.com\/people\/Ghostysky\/100057676170234\/\" \/>\n<meta property=\"article:modified_time\" content=\"2025-11-27T14:50:03+00:00\" \/>\n<meta property=\"og:image\" content=\"https:\/\/www.ghostysky.com\/wp-content\/uploads\/2025\/11\/GH_SplashDrone-4-Plus-SD4-Drone-4500mAh-Intelligen-Battery_1.webp\" \/>\n\t<meta property=\"og:image:width\" content=\"700\" \/>\n\t<meta property=\"og:image:height\" content=\"700\" \/>\n\t<meta property=\"og:image:type\" content=\"image\/webp\" \/>\n<meta name=\"twitter:card\" content=\"summary_large_image\" \/>\n<meta name=\"twitter:site\" content=\"@Gh0stysky\" \/>\n<meta name=\"twitter:label1\" content=\"Tiempo de lectura\" \/>\n\t<meta name=\"twitter:data1\" content=\"2 minutos\" \/>\n<script type=\"application\/ld+json\" class=\"yoast-schema-graph\">{\"@context\":\"https:\/\/schema.org\",\"@graph\":[{\"@type\":\"WebPage\",\"@id\":\"https:\/\/www.ghostysky.com\/product\/splashdrone-4-plus-sd4-4500mah-intelligent-battery\/\",\"url\":\"https:\/\/www.ghostysky.com\/product\/splashdrone-4-plus-sd4-4500mah-intelligent-battery\/\",\"name\":\"SplashDrone 4 Plus (SD4+) 4500mAh Intelligent Battery - Ghostysky\",\"isPartOf\":{\"@id\":\"https:\/\/www.ghostysky.com\/#website\"},\"primaryImageOfPage\":{\"@id\":\"https:\/\/www.ghostysky.com\/product\/splashdrone-4-plus-sd4-4500mah-intelligent-battery\/#primaryimage\"},\"image\":{\"@id\":\"https:\/\/www.ghostysky.com\/product\/splashdrone-4-plus-sd4-4500mah-intelligent-battery\/#primaryimage\"},\"thumbnailUrl\":\"https:\/\/www.ghostysky.com\/wp-content\/uploads\/2025\/11\/GH_SplashDrone-4-Plus-SD4-Drone-4500mAh-Intelligen-Battery_1.webp\",\"datePublished\":\"2025-11-25T16:59:46+00:00\",\"dateModified\":\"2025-11-27T14:50:03+00:00\",\"description\":\"Maximize the operational capability of your waterproof drone with the high-performance, custom-engineered SplashDrone 4 Plus (SD4+) 4500mAh Intelligent Battery. Designed specifically for the SD4+ platform, this power source delivers reliable, consistent performance for demanding maritime and all-weather missions.\",\"breadcrumb\":{\"@id\":\"https:\/\/www.ghostysky.com\/product\/splashdrone-4-plus-sd4-4500mah-intelligent-battery\/#breadcrumb\"},\"inLanguage\":\"es\",\"potentialAction\":[{\"@type\":\"ReadAction\",\"target\":[\"https:\/\/www.ghostysky.com\/product\/splashdrone-4-plus-sd4-4500mah-intelligent-battery\/\"]}]},{\"@type\":\"ImageObject\",\"inLanguage\":\"es\",\"@id\":\"https:\/\/www.ghostysky.com\/product\/splashdrone-4-plus-sd4-4500mah-intelligent-battery\/#primaryimage\",\"url\":\"https:\/\/www.ghostysky.com\/wp-content\/uploads\/2025\/11\/GH_SplashDrone-4-Plus-SD4-Drone-4500mAh-Intelligen-Battery_1.webp\",\"contentUrl\":\"https:\/\/www.ghostysky.com\/wp-content\/uploads\/2025\/11\/GH_SplashDrone-4-Plus-SD4-Drone-4500mAh-Intelligen-Battery_1.webp\",\"width\":700,\"height\":700},{\"@type\":\"BreadcrumbList\",\"@id\":\"https:\/\/www.ghostysky.com\/product\/splashdrone-4-plus-sd4-4500mah-intelligent-battery\/#breadcrumb\",\"itemListElement\":[{\"@type\":\"ListItem\",\"position\":1,\"name\":\"Home\",\"item\":\"https:\/\/www.ghostysky.com\/\"},{\"@type\":\"ListItem\",\"position\":2,\"name\":\"Shop\",\"item\":\"https:\/\/www.ghostysky.com\/shop\/\"},{\"@type\":\"ListItem\",\"position\":3,\"name\":\"SplashDrone 4 Plus (SD4+) 4500mAh Intelligent Battery\"}]},{\"@type\":\"WebSite\",\"@id\":\"https:\/\/www.ghostysky.com\/#website\",\"url\":\"https:\/\/www.ghostysky.com\/\",\"name\":\"Ghostysky\",\"description\":\"Delivering professional drones and services\",\"publisher\":{\"@id\":\"https:\/\/www.ghostysky.com\/#organization\"},\"potentialAction\":[{\"@type\":\"SearchAction\",\"target\":{\"@type\":\"EntryPoint\",\"urlTemplate\":\"https:\/\/www.ghostysky.com\/?s={search_term_string}\"},\"query-input\":{\"@type\":\"PropertyValueSpecification\",\"valueRequired\":true,\"valueName\":\"search_term_string\"}}],\"inLanguage\":\"es\"},{\"@type\":\"Organization\",\"@id\":\"https:\/\/www.ghostysky.com\/#organization\",\"name\":\"Ghostysky\",\"url\":\"https:\/\/www.ghostysky.com\/\",\"logo\":{\"@type\":\"ImageObject\",\"inLanguage\":\"es\",\"@id\":\"https:\/\/www.ghostysky.com\/#\/schema\/logo\/image\/\",\"url\":\"https:\/\/www.ghostysky.com\/wp-content\/uploads\/2020\/06\/cropped-ghostyskylogo_text_white2.png\",\"contentUrl\":\"https:\/\/www.ghostysky.com\/wp-content\/uploads\/2020\/06\/cropped-ghostyskylogo_text_white2.png\",\"width\":169,\"height\":56,\"caption\":\"Ghostysky\"},\"image\":{\"@id\":\"https:\/\/www.ghostysky.com\/#\/schema\/logo\/image\/\"},\"sameAs\":[\"https:\/\/www.facebook.com\/people\/Ghostysky\/100057676170234\/\",\"https:\/\/x.com\/Gh0stysky\",\"https:\/\/www.linkedin.com\/company\/34739653\",\"https:\/\/www.instagram.com\/gh0stysky\"]}]}<\/script>\n<!-- \/ Yoast SEO plugin. -->","yoast_head_json":{"title":"Bater\u00eda inteligente de 4500 mAh para SplashDrone 4 Plus (SD4+) - Ghostysky","description":"Maximice la capacidad operativa de su dron resistente al agua con la bater\u00eda inteligente de alto rendimiento y dise\u00f1o personalizado SplashDrone 4 Plus (SD4+) de 4500 mAh. Dise\u00f1ada espec\u00edficamente para la plataforma SD4+, esta fuente de alimentaci\u00f3n ofrece un rendimiento fiable y constante para misiones mar\u00edtimas exigentes y en cualquier condici\u00f3n clim\u00e1tica.","robots":{"index":"index","follow":"follow","max-snippet":"max-snippet:-1","max-image-preview":"max-image-preview:large","max-video-preview":"max-video-preview:-1"},"canonical":"https:\/\/www.ghostysky.com\/es\/producto-2\/splashdrone-4-plus-sd4-4500mah-intelligent-battery\/","og_locale":"es_ES","og_type":"article","og_title":"SplashDrone 4 Plus (SD4+) 4500mAh Intelligent Battery - Ghostysky","og_description":"Maximize the operational capability of your waterproof drone with the high-performance, custom-engineered SplashDrone 4 Plus (SD4+) 4500mAh Intelligent Battery. Designed specifically for the SD4+ platform, this power source delivers reliable, consistent performance for demanding maritime and all-weather missions.","og_url":"https:\/\/www.ghostysky.com\/es\/producto-2\/splashdrone-4-plus-sd4-4500mah-intelligent-battery\/","og_site_name":"Ghostysky","article_publisher":"https:\/\/www.facebook.com\/people\/Ghostysky\/100057676170234\/","article_modified_time":"2025-11-27T14:50:03+00:00","og_image":[{"width":700,"height":700,"url":"https:\/\/www.ghostysky.com\/wp-content\/uploads\/2025\/11\/GH_SplashDrone-4-Plus-SD4-Drone-4500mAh-Intelligen-Battery_1.webp","type":"image\/webp"}],"twitter_card":"summary_large_image","twitter_site":"@Gh0stysky","twitter_misc":{"Tiempo de lectura":"2 minutos"},"schema":{"@context":"https:\/\/schema.org","@graph":[{"@type":"WebPage","@id":"https:\/\/www.ghostysky.com\/product\/splashdrone-4-plus-sd4-4500mah-intelligent-battery\/","url":"https:\/\/www.ghostysky.com\/product\/splashdrone-4-plus-sd4-4500mah-intelligent-battery\/","name":"Bater\u00eda inteligente de 4500 mAh para SplashDrone 4 Plus (SD4+) - Ghostysky","isPartOf":{"@id":"https:\/\/www.ghostysky.com\/#website"},"primaryImageOfPage":{"@id":"https:\/\/www.ghostysky.com\/product\/splashdrone-4-plus-sd4-4500mah-intelligent-battery\/#primaryimage"},"image":{"@id":"https:\/\/www.ghostysky.com\/product\/splashdrone-4-plus-sd4-4500mah-intelligent-battery\/#primaryimage"},"thumbnailUrl":"https:\/\/www.ghostysky.com\/wp-content\/uploads\/2025\/11\/GH_SplashDrone-4-Plus-SD4-Drone-4500mAh-Intelligen-Battery_1.webp","datePublished":"2025-11-25T16:59:46+00:00","dateModified":"2025-11-27T14:50:03+00:00","description":"Maximice la capacidad operativa de su dron resistente al agua con la bater\u00eda inteligente de alto rendimiento y dise\u00f1o personalizado SplashDrone 4 Plus (SD4+) de 4500 mAh. Dise\u00f1ada espec\u00edficamente para la plataforma SD4+, esta fuente de alimentaci\u00f3n ofrece un rendimiento fiable y constante para misiones mar\u00edtimas exigentes y en cualquier condici\u00f3n clim\u00e1tica.","breadcrumb":{"@id":"https:\/\/www.ghostysky.com\/product\/splashdrone-4-plus-sd4-4500mah-intelligent-battery\/#breadcrumb"},"inLanguage":"es","potentialAction":[{"@type":"ReadAction","target":["https:\/\/www.ghostysky.com\/product\/splashdrone-4-plus-sd4-4500mah-intelligent-battery\/"]}]},{"@type":"ImageObject","inLanguage":"es","@id":"https:\/\/www.ghostysky.com\/product\/splashdrone-4-plus-sd4-4500mah-intelligent-battery\/#primaryimage","url":"https:\/\/www.ghostysky.com\/wp-content\/uploads\/2025\/11\/GH_SplashDrone-4-Plus-SD4-Drone-4500mAh-Intelligen-Battery_1.webp","contentUrl":"https:\/\/www.ghostysky.com\/wp-content\/uploads\/2025\/11\/GH_SplashDrone-4-Plus-SD4-Drone-4500mAh-Intelligen-Battery_1.webp","width":700,"height":700},{"@type":"BreadcrumbList","@id":"https:\/\/www.ghostysky.com\/product\/splashdrone-4-plus-sd4-4500mah-intelligent-battery\/#breadcrumb","itemListElement":[{"@type":"ListItem","position":1,"name":"Home","item":"https:\/\/www.ghostysky.com\/"},{"@type":"ListItem","position":2,"name":"Shop","item":"https:\/\/www.ghostysky.com\/shop\/"},{"@type":"ListItem","position":3,"name":"SplashDrone 4 Plus (SD4+) 4500mAh Intelligent Battery"}]},{"@type":"WebSite","@id":"https:\/\/www.ghostysky.com\/#website","url":"https:\/\/www.ghostysky.com\/","name":"Ghostysky","description":"Entrega de drones y servicios profesionales","publisher":{"@id":"https:\/\/www.ghostysky.com\/#organization"},"potentialAction":[{"@type":"SearchAction","target":{"@type":"EntryPoint","urlTemplate":"https:\/\/www.ghostysky.com\/?s={search_term_string}"},"query-input":{"@type":"PropertyValueSpecification","valueRequired":true,"valueName":"search_term_string"}}],"inLanguage":"es"},{"@type":"Organization","@id":"https:\/\/www.ghostysky.com\/#organization","name":"Ghostysky","url":"https:\/\/www.ghostysky.com\/","logo":{"@type":"ImageObject","inLanguage":"es","@id":"https:\/\/www.ghostysky.com\/#\/schema\/logo\/image\/","url":"https:\/\/www.ghostysky.com\/wp-content\/uploads\/2020\/06\/cropped-ghostyskylogo_text_white2.png","contentUrl":"https:\/\/www.ghostysky.com\/wp-content\/uploads\/2020\/06\/cropped-ghostyskylogo_text_white2.png","width":169,"height":56,"caption":"Ghostysky"},"image":{"@id":"https:\/\/www.ghostysky.com\/#\/schema\/logo\/image\/"},"sameAs":["https:\/\/www.facebook.com\/people\/Ghostysky\/100057676170234\/","https:\/\/x.com\/Gh0stysky","https:\/\/www.linkedin.com\/company\/34739653","https:\/\/www.instagram.com\/gh0stysky"]}]}},"_links":{"self":[{"href":"https:\/\/www.ghostysky.com\/es\/wp-json\/wp\/v2\/product\/23396","targetHints":{"allow":["GET"]}}],"collection":[{"href":"https:\/\/www.ghostysky.com\/es\/wp-json\/wp\/v2\/product"}],"about":[{"href":"https:\/\/www.ghostysky.com\/es\/wp-json\/wp\/v2\/types\/product"}],"replies":[{"embeddable":true,"href":"https:\/\/www.ghostysky.com\/es\/wp-json\/wp\/v2\/comments?post=23396"}],"wp:featuredmedia":[{"embeddable":true,"href":"https:\/\/www.ghostysky.com\/es\/wp-json\/wp\/v2\/media\/23400"}],"wp:attachment":[{"href":"https:\/\/www.ghostysky.com\/es\/wp-json\/wp\/v2\/media?parent=23396"}],"wp:term":[{"taxonomy":"product_brand","embeddable":true,"href":"https:\/\/www.ghostysky.com\/es\/wp-json\/wp\/v2\/product_brand?post=23396"},{"taxonomy":"product_cat","embeddable":true,"href":"https:\/\/www.ghostysky.com\/es\/wp-json\/wp\/v2\/product_cat?post=23396"},{"taxonomy":"product_tag","embeddable":true,"href":"https:\/\/www.ghostysky.com\/es\/wp-json\/wp\/v2\/product_tag?post=23396"}],"curies":[{"name":"wp","href":"https:\/\/api.w.org\/{rel}","templated":true}]}}