{"id":23408,"date":"2025-11-26T10:50:08","date_gmt":"2025-11-26T10:50:08","guid":{"rendered":"https:\/\/www.ghostysky.com\/?post_type=product&#038;p=23408"},"modified":"2025-11-26T10:50:27","modified_gmt":"2025-11-26T10:50:27","slug":"geosun-gs-200g","status":"publish","type":"product","link":"https:\/\/www.ghostysky.com\/es\/product\/geosun-gs-200g\/","title":{"rendered":"Geosun GS-200G"},"content":{"rendered":"<h4>Caracter\u00edsticas clave<\/h4>\n<ul data-path-to-node=\"6\">\n<li>\n<p data-path-to-node=\"6,0,0\"><b><span class=\"citation-30\">Ultraligero y port\u00e1til:<\/span><\/b><span class=\"citation-30\"> Solo pesaje <\/span><b><span class=\"citation-30\">1,0 kilogramos<\/span><\/b><span class=\"citation-30 citation-end-30\">Su tama\u00f1o compacto lo hace excepcionalmente f\u00e1cil de manipular durante per\u00edodos prolongados y de implementar en \u00e1reas de dif\u00edcil acceso.<\/span><\/p>\n<\/li>\n<li>\n<p data-path-to-node=\"6,1,0\"><b><span class=\"citation-29\">Tecnolog\u00eda SLAM de alta precisi\u00f3n:<\/span><\/b><span class=\"citation-29\"> Desarrollado con tecnolog\u00eda avanzada <\/span><b><span class=\"citation-29\">SLAM (Localizaci\u00f3n y mapeo simult\u00e1neos)<\/span><\/b><span class=\"citation-29\"> algoritmos y el <\/span><b><span class=\"citation-29\">Livox Mid-360<\/span><\/b><span class=\"citation-29 citation-end-29\"> Sensor l\u00e1ser, captura nubes de puntos 3D de cobertura total con alta estabilidad y precisi\u00f3n.<\/span><\/p>\n<\/li>\n<li>\n<p data-path-to-node=\"6,2,0\"><b>Versatilidad para interiores y exteriores:<\/b><span class=\"citation-28\"> Proporciona una adquisici\u00f3n de datos fiable y precisa tanto en <\/span><b><span class=\"citation-28\">GNSS disponible<\/span><\/b><span class=\"citation-28\"> (GPS, GLONASS, Galileo, BDS) y <\/span><b><span class=\"citation-28\">GNSS denegado<\/span><\/b><span class=\"citation-28 citation-end-28\"> entornos, como interiores, estacionamientos subterr\u00e1neos y densos ca\u00f1ones urbanos.<\/span><\/p>\n<\/li>\n<li>\n<p data-path-to-node=\"6,3,0\"><b>Alta precisi\u00f3n:<\/b><span class=\"citation-27 citation-end-27\"> Consiga una calidad de medici\u00f3n excepcional con una precisi\u00f3n relativa de <\/span><span class=\"math-inline\" data-math=\"\\le 1 \\text{ cm}\">\u00a01 cent\u00edmetro<\/span><span class=\"citation-26 citation-end-26\"> y una precisi\u00f3n absoluta de<\/span><span class=\"math-inline\" data-math=\"\\le 5 \\text{ cm}\"> 5 cent\u00edmetros<\/span><span class=\"citation-25 citation-end-25\">.<\/span><\/p>\n<\/li>\n<li>\n<p data-path-to-node=\"6,4,0\"><b>Im\u00e1genes integradas:<\/b><span class=\"citation-24\"> Equipado con <\/span><b><span class=\"citation-24\">dos c\u00e1maras de 20 MP<\/span><\/b><span class=\"citation-24 citation-end-24\"> que capturan im\u00e1genes sincronizadas en el tiempo con un <\/span><span class=\"math-inline\" data-math=\"200^\\circ\">200\u00ba<\/span><span class=\"citation-23 citation-end-23\"> Campo de visi\u00f3n (FOV) para crear nubes de puntos coloreadas.<\/span><\/p>\n<\/li>\n<li>\n<p data-path-to-node=\"6,5,0\"><b>Modos de mapeo flexibles:<\/b><span class=\"citation-22\"> Admite m\u00faltiples modos de funcionamiento, incluidos <\/span><b><span class=\"citation-22\">SLAM, RTK-SLAM y PPK-SLAM<\/span><\/b><span class=\"citation-22 citation-end-22\"> para m\u00e1xima flexibilidad y eficiencia.<\/span><\/p>\n<\/li>\n<li>\n<p data-path-to-node=\"6,6,0\"><b><span class=\"citation-21\">Compatibilidad multiplataforma:<\/span><\/b><span class=\"citation-21\"> Aunque est\u00e1 dise\u00f1ado como un sistema port\u00e1til, tambi\u00e9n se puede montar en un <\/span><b><span class=\"citation-21\">mochila<\/span><\/b><span class=\"citation-21\"> u otro <\/span><b><span class=\"citation-21\">Plataformas de bricolaje<\/span><\/b><span class=\"citation-21 citation-end-21\"> Para adaptarse a diversas necesidades del proyecto.<\/span><\/p>\n<\/li>\n<\/ul>\n<h4><\/h4>\n<h4>Especificaciones t\u00e9cnicas destacadas<\/h4>\n<table data-path-to-node=\"8\">\n<thead>\n<tr>\n<td><strong>Atributo<\/strong><\/td>\n<td><strong>Detalle<\/strong><\/td>\n<\/tr>\n<\/thead>\n<tbody>\n<tr>\n<td><span data-path-to-node=\"8,1,0,0\"><b>Peso<\/b><\/span><\/td>\n<td><span data-path-to-node=\"8,1,1,0\"><span class=\"math-inline\" data-math=\"1.0 \\text{ kg}\">1,0 kilogramos<\/span><\/span><\/td>\n<\/tr>\n<tr>\n<td><span data-path-to-node=\"8,2,0,0\"><b>Dimensiones<\/b><\/span><\/td>\n<td><span data-path-to-node=\"8,2,1,0\"><span class=\"math-inline\" data-math=\"16.5 \\times 12.0 \\times 32.4 \\text{ cm}\">16,5 x 12,0 x 32,4 cent\u00edmetros<\/span><\/span><\/td>\n<\/tr>\n<tr>\n<td><span data-path-to-node=\"8,3,0,0\"><b>Precisi\u00f3n relativa<\/b><\/span><\/td>\n<td><span data-path-to-node=\"8,3,1,0\"><span class=\"math-inline\" data-math=\"\\le 1 \\text{ cm}\">\u00a0+- 1 cm<\/span><\/span><\/td>\n<\/tr>\n<tr>\n<td><span data-path-to-node=\"8,4,0,0\"><b>Precisi\u00f3n absoluta<\/b><\/span><\/td>\n<td><span data-path-to-node=\"8,4,1,0\"><span class=\"math-inline\" data-math=\"\\le 5 \\text{ cm}\">\u00a0+- 5 cent\u00edmetros<\/span><\/span><\/td>\n<\/tr>\n<tr>\n<td><span data-path-to-node=\"8,5,0,0\"><b>Tasa de puntos<\/b><\/span><\/td>\n<td><span data-path-to-node=\"8,5,1,0\"><span class=\"math-inline\" data-math=\"200,000 \\text{ points\/sec}\">200.000 puntos\/seg<\/span>\u00a0(Eco \u00fanico)<\/span><\/td>\n<\/tr>\n<tr>\n<td><span data-path-to-node=\"8,6,0,0\"><b>M\u00e9todo de escaneo<\/b><\/span><\/td>\n<td><span data-path-to-node=\"8,6,1,0\">Escaneo no repetitivo<\/span><\/td>\n<\/tr>\n<tr>\n<td><span data-path-to-node=\"8,7,0,0\"><b>Campo de visi\u00f3n horizontal<\/b><\/span><\/td>\n<td><span data-path-to-node=\"8,7,1,0\"><span class=\"math-inline\" data-math=\"360^\\circ\">360\u00ba<\/span><\/span><\/td>\n<\/tr>\n<tr>\n<td><span data-path-to-node=\"8,8,0,0\"><b>P\u00edxeles de la c\u00e1mara<\/b><\/span><\/td>\n<td><span data-path-to-node=\"8,8,1,0\"><span class=\"math-inline\" data-math=\"2 \\times 20 \\text{ MP}\">2 x 20 MP<\/span><\/span><\/td>\n<\/tr>\n<tr>\n<td><span data-path-to-node=\"8,9,0,0\"><b>Almacenamiento<\/b><\/span><\/td>\n<td><span data-path-to-node=\"8,9,1,0\"><span class=\"math-inline\" data-math=\"128 \\text{ GB}\">128 GB <\/span>Tarjeta MicroSD<\/span><\/td>\n<\/tr>\n<tr>\n<td><span data-path-to-node=\"8,10,0,0\"><b>Temperatura de operaci\u00f3n<\/b><\/span><\/td>\n<td><span data-path-to-node=\"8,10,1,0\"><span class=\"math-inline\" data-math=\"-20^\\circ \\text{C} \\text{ to } +55^\\circ \\text{C}\">-20 \u00baC a + 55 \u00baC<\/span><\/span><\/td>\n<\/tr>\n<\/tbody>\n<\/table>\n<h3><\/h3>\n<h3>Aplicaciones ideales<\/h3>\n<p data-path-to-node=\"10\">El GS-200G est\u00e1 dise\u00f1ado para una amplia gama de aplicaciones profesionales, que incluyen:<\/p>\n<ul data-path-to-node=\"11\">\n<li>\n<p data-path-to-node=\"11,0,0\"><b>Topograf\u00eda y cartograf\u00eda urbana<\/b><\/p>\n<\/li>\n<li>\n<p data-path-to-node=\"11,1,0\"><b><span class=\"citation-20\">Inspecci\u00f3n de infraestructura<\/span><\/b><span class=\"citation-20 citation-end-20\"> (Puentes, T\u00faneles, Carreteras)<\/span><\/p>\n<\/li>\n<li>\n<p data-path-to-node=\"11,2,0\"><b><span class=\"citation-19\">Modelado de gemelos digitales<\/span><\/b><span class=\"citation-19 citation-end-19\"> y gesti\u00f3n de activos<\/span><\/p>\n<\/li>\n<li>\n<p data-path-to-node=\"11,3,0\"><b><span class=\"citation-18\">Mapeo de interiores<\/span><\/b><span class=\"citation-18 citation-end-18\"> (F\u00e1bricas, Edificios, Almacenes)<\/span><\/p>\n<\/li>\n<li>\n<p data-path-to-node=\"11,4,0\"><b>Levantamiento topogr\u00e1fico<\/b> y medici\u00f3n de movimiento de tierras<\/p>\n<\/li>\n<li>\n<p data-path-to-node=\"11,5,0\"><b>Topograf\u00eda de cuevas y subterr\u00e1neos<\/b><\/p>\n<\/li>\n<\/ul>\n<p data-path-to-node=\"12\"><span class=\"citation-17\">El Geosun GS-200G ofrece un equilibrio excepcional de <\/span><b><span class=\"citation-17\">costo, rendimiento y portabilidad<\/span><\/b><span class=\"citation-17 citation-end-17\">, lo que lo convierte en el sistema b\u00e1sico o secundario perfecto para los profesionales modernos de topograf\u00eda y cartograf\u00eda 3D.<\/span><\/p>","protected":false},"excerpt":{"rendered":"<p><span class=\"citation-32\">El <\/span><b><span class=\"citation-32\">Geosun GS-200G<\/span><\/b><span class=\"citation-32 citation-end-32\"> es un sistema LiDAR port\u00e1til de \u00faltima generaci\u00f3n y alto rendimiento dise\u00f1ado para brindar precisi\u00f3n y movilidad a sus proyectos de mapeo.<\/span> <span class=\"citation-31 citation-end-31\">Con un dise\u00f1o ultraliviano y compacto, el GS-200G es la herramienta ideal para profesionales que buscan datos de nubes de puntos 3D de alta precisi\u00f3n en pr\u00e1cticamente cualquier entorno.<\/span><\/p>","protected":false},"featured_media":23060,"comment_status":"open","ping_status":"closed","template":"","meta":[],"product_brand":[1280],"product_cat":[650,705],"product_tag":[651,1279,1313,653,401],"class_list":{"0":"post-23408","1":"product","2":"type-product","3":"status-publish","4":"has-post-thumbnail","6":"product_brand-geosun","7":"product_cat-geosun","8":"product_cat-sensors","9":"product_tag-geosun","10":"product_tag-geosun-slam","11":"product_tag-gs-200g","12":"product_tag-handheld-lidar-scanner","13":"product_tag-lidar","15":"first","16":"onbackorder","17":"taxable","18":"shipping-taxable","19":"product-type-simple"},"yoast_head":"<!-- This site is optimized with the Yoast SEO plugin v27.1.1 - https:\/\/yoast.com\/product\/yoast-seo-wordpress\/ -->\n<title>Geosun GS-200G - Ghostysky<\/title>\n<meta name=\"description\" content=\"The Geosun GS-200G is a next-generation, high-performance handheld LiDAR system designed to bring precision and mobility to your mapping projects. Featuring an ultra-lightweight and compact design, the GS-200G is the ideal tool for professionals seeking high-accuracy 3D point cloud data in virtually any environment.\" \/>\n<meta name=\"robots\" content=\"index, follow, max-snippet:-1, max-image-preview:large, max-video-preview:-1\" \/>\n<link rel=\"canonical\" href=\"https:\/\/www.ghostysky.com\/es\/producto-2\/geosun-gs-200g\/\" \/>\n<meta property=\"og:locale\" content=\"es_ES\" \/>\n<meta property=\"og:type\" content=\"article\" \/>\n<meta property=\"og:title\" content=\"Geosun GS-200G - Ghostysky\" \/>\n<meta property=\"og:description\" content=\"The Geosun GS-200G is a next-generation, high-performance handheld LiDAR system designed to bring precision and mobility to your mapping projects. Featuring an ultra-lightweight and compact design, the GS-200G is the ideal tool for professionals seeking high-accuracy 3D point cloud data in virtually any environment.\" \/>\n<meta property=\"og:url\" content=\"https:\/\/www.ghostysky.com\/es\/producto-2\/geosun-gs-200g\/\" \/>\n<meta property=\"og:site_name\" content=\"Ghostysky\" \/>\n<meta property=\"article:publisher\" content=\"https:\/\/www.facebook.com\/people\/Ghostysky\/100057676170234\/\" \/>\n<meta property=\"article:modified_time\" content=\"2025-11-26T10:50:27+00:00\" \/>\n<meta property=\"og:image\" content=\"https:\/\/www.ghostysky.com\/wp-content\/uploads\/2025\/11\/GH_Geosun_GS200G_1.webp\" \/>\n\t<meta property=\"og:image:width\" content=\"800\" \/>\n\t<meta property=\"og:image:height\" content=\"800\" \/>\n\t<meta property=\"og:image:type\" content=\"image\/webp\" \/>\n<meta name=\"twitter:card\" content=\"summary_large_image\" \/>\n<meta name=\"twitter:site\" content=\"@Gh0stysky\" \/>\n<meta name=\"twitter:label1\" content=\"Tiempo de lectura\" \/>\n\t<meta name=\"twitter:data1\" content=\"2 minutos\" \/>\n<script type=\"application\/ld+json\" class=\"yoast-schema-graph\">{\"@context\":\"https:\/\/schema.org\",\"@graph\":[{\"@type\":\"WebPage\",\"@id\":\"https:\/\/www.ghostysky.com\/product\/geosun-gs-200g\/\",\"url\":\"https:\/\/www.ghostysky.com\/product\/geosun-gs-200g\/\",\"name\":\"Geosun GS-200G - Ghostysky\",\"isPartOf\":{\"@id\":\"https:\/\/www.ghostysky.com\/#website\"},\"primaryImageOfPage\":{\"@id\":\"https:\/\/www.ghostysky.com\/product\/geosun-gs-200g\/#primaryimage\"},\"image\":{\"@id\":\"https:\/\/www.ghostysky.com\/product\/geosun-gs-200g\/#primaryimage\"},\"thumbnailUrl\":\"https:\/\/www.ghostysky.com\/wp-content\/uploads\/2025\/11\/GH_Geosun_GS200G_1.webp\",\"datePublished\":\"2025-11-26T10:50:08+00:00\",\"dateModified\":\"2025-11-26T10:50:27+00:00\",\"description\":\"The Geosun GS-200G is a next-generation, high-performance handheld LiDAR system designed to bring precision and mobility to your mapping projects. Featuring an ultra-lightweight and compact design, the GS-200G is the ideal tool for professionals seeking high-accuracy 3D point cloud data in virtually any environment.\",\"breadcrumb\":{\"@id\":\"https:\/\/www.ghostysky.com\/product\/geosun-gs-200g\/#breadcrumb\"},\"inLanguage\":\"es\",\"potentialAction\":[{\"@type\":\"ReadAction\",\"target\":[\"https:\/\/www.ghostysky.com\/product\/geosun-gs-200g\/\"]}]},{\"@type\":\"ImageObject\",\"inLanguage\":\"es\",\"@id\":\"https:\/\/www.ghostysky.com\/product\/geosun-gs-200g\/#primaryimage\",\"url\":\"https:\/\/www.ghostysky.com\/wp-content\/uploads\/2025\/11\/GH_Geosun_GS200G_1.webp\",\"contentUrl\":\"https:\/\/www.ghostysky.com\/wp-content\/uploads\/2025\/11\/GH_Geosun_GS200G_1.webp\",\"width\":800,\"height\":800},{\"@type\":\"BreadcrumbList\",\"@id\":\"https:\/\/www.ghostysky.com\/product\/geosun-gs-200g\/#breadcrumb\",\"itemListElement\":[{\"@type\":\"ListItem\",\"position\":1,\"name\":\"Home\",\"item\":\"https:\/\/www.ghostysky.com\/\"},{\"@type\":\"ListItem\",\"position\":2,\"name\":\"Shop\",\"item\":\"https:\/\/www.ghostysky.com\/shop\/\"},{\"@type\":\"ListItem\",\"position\":3,\"name\":\"Geosun GS-200G\"}]},{\"@type\":\"WebSite\",\"@id\":\"https:\/\/www.ghostysky.com\/#website\",\"url\":\"https:\/\/www.ghostysky.com\/\",\"name\":\"Ghostysky\",\"description\":\"Delivering professional drones and services\",\"publisher\":{\"@id\":\"https:\/\/www.ghostysky.com\/#organization\"},\"potentialAction\":[{\"@type\":\"SearchAction\",\"target\":{\"@type\":\"EntryPoint\",\"urlTemplate\":\"https:\/\/www.ghostysky.com\/?s={search_term_string}\"},\"query-input\":{\"@type\":\"PropertyValueSpecification\",\"valueRequired\":true,\"valueName\":\"search_term_string\"}}],\"inLanguage\":\"es\"},{\"@type\":\"Organization\",\"@id\":\"https:\/\/www.ghostysky.com\/#organization\",\"name\":\"Ghostysky\",\"url\":\"https:\/\/www.ghostysky.com\/\",\"logo\":{\"@type\":\"ImageObject\",\"inLanguage\":\"es\",\"@id\":\"https:\/\/www.ghostysky.com\/#\/schema\/logo\/image\/\",\"url\":\"https:\/\/www.ghostysky.com\/wp-content\/uploads\/2020\/06\/cropped-ghostyskylogo_text_white2.png\",\"contentUrl\":\"https:\/\/www.ghostysky.com\/wp-content\/uploads\/2020\/06\/cropped-ghostyskylogo_text_white2.png\",\"width\":169,\"height\":56,\"caption\":\"Ghostysky\"},\"image\":{\"@id\":\"https:\/\/www.ghostysky.com\/#\/schema\/logo\/image\/\"},\"sameAs\":[\"https:\/\/www.facebook.com\/people\/Ghostysky\/100057676170234\/\",\"https:\/\/x.com\/Gh0stysky\",\"https:\/\/www.linkedin.com\/company\/34739653\",\"https:\/\/www.instagram.com\/gh0stysky\"]}]}<\/script>\n<!-- \/ Yoast SEO plugin. -->","yoast_head_json":{"title":"Geosun GS-200G - Ghostysky","description":"El Geosun GS-200G es un sistema LiDAR port\u00e1til de \u00faltima generaci\u00f3n y alto rendimiento, dise\u00f1ado para aportar precisi\u00f3n y movilidad a sus proyectos cartogr\u00e1ficos. Con un dise\u00f1o ultraligero y compacto, el GS-200G es la herramienta ideal para profesionales que buscan datos de nubes de puntos 3D de alta precisi\u00f3n en pr\u00e1cticamente cualquier entorno.","robots":{"index":"index","follow":"follow","max-snippet":"max-snippet:-1","max-image-preview":"max-image-preview:large","max-video-preview":"max-video-preview:-1"},"canonical":"https:\/\/www.ghostysky.com\/es\/producto-2\/geosun-gs-200g\/","og_locale":"es_ES","og_type":"article","og_title":"Geosun GS-200G - Ghostysky","og_description":"The Geosun GS-200G is a next-generation, high-performance handheld LiDAR system designed to bring precision and mobility to your mapping projects. Featuring an ultra-lightweight and compact design, the GS-200G is the ideal tool for professionals seeking high-accuracy 3D point cloud data in virtually any environment.","og_url":"https:\/\/www.ghostysky.com\/es\/producto-2\/geosun-gs-200g\/","og_site_name":"Ghostysky","article_publisher":"https:\/\/www.facebook.com\/people\/Ghostysky\/100057676170234\/","article_modified_time":"2025-11-26T10:50:27+00:00","og_image":[{"width":800,"height":800,"url":"https:\/\/www.ghostysky.com\/wp-content\/uploads\/2025\/11\/GH_Geosun_GS200G_1.webp","type":"image\/webp"}],"twitter_card":"summary_large_image","twitter_site":"@Gh0stysky","twitter_misc":{"Tiempo de lectura":"2 minutos"},"schema":{"@context":"https:\/\/schema.org","@graph":[{"@type":"WebPage","@id":"https:\/\/www.ghostysky.com\/product\/geosun-gs-200g\/","url":"https:\/\/www.ghostysky.com\/product\/geosun-gs-200g\/","name":"Geosun GS-200G - Ghostysky","isPartOf":{"@id":"https:\/\/www.ghostysky.com\/#website"},"primaryImageOfPage":{"@id":"https:\/\/www.ghostysky.com\/product\/geosun-gs-200g\/#primaryimage"},"image":{"@id":"https:\/\/www.ghostysky.com\/product\/geosun-gs-200g\/#primaryimage"},"thumbnailUrl":"https:\/\/www.ghostysky.com\/wp-content\/uploads\/2025\/11\/GH_Geosun_GS200G_1.webp","datePublished":"2025-11-26T10:50:08+00:00","dateModified":"2025-11-26T10:50:27+00:00","description":"El Geosun GS-200G es un sistema LiDAR port\u00e1til de \u00faltima generaci\u00f3n y alto rendimiento, dise\u00f1ado para aportar precisi\u00f3n y movilidad a sus proyectos cartogr\u00e1ficos. Con un dise\u00f1o ultraligero y compacto, el GS-200G es la herramienta ideal para profesionales que buscan datos de nubes de puntos 3D de alta precisi\u00f3n en pr\u00e1cticamente cualquier entorno.","breadcrumb":{"@id":"https:\/\/www.ghostysky.com\/product\/geosun-gs-200g\/#breadcrumb"},"inLanguage":"es","potentialAction":[{"@type":"ReadAction","target":["https:\/\/www.ghostysky.com\/product\/geosun-gs-200g\/"]}]},{"@type":"ImageObject","inLanguage":"es","@id":"https:\/\/www.ghostysky.com\/product\/geosun-gs-200g\/#primaryimage","url":"https:\/\/www.ghostysky.com\/wp-content\/uploads\/2025\/11\/GH_Geosun_GS200G_1.webp","contentUrl":"https:\/\/www.ghostysky.com\/wp-content\/uploads\/2025\/11\/GH_Geosun_GS200G_1.webp","width":800,"height":800},{"@type":"BreadcrumbList","@id":"https:\/\/www.ghostysky.com\/product\/geosun-gs-200g\/#breadcrumb","itemListElement":[{"@type":"ListItem","position":1,"name":"Home","item":"https:\/\/www.ghostysky.com\/"},{"@type":"ListItem","position":2,"name":"Shop","item":"https:\/\/www.ghostysky.com\/shop\/"},{"@type":"ListItem","position":3,"name":"Geosun GS-200G"}]},{"@type":"WebSite","@id":"https:\/\/www.ghostysky.com\/#website","url":"https:\/\/www.ghostysky.com\/","name":"Ghostysky","description":"Entrega de drones y servicios profesionales","publisher":{"@id":"https:\/\/www.ghostysky.com\/#organization"},"potentialAction":[{"@type":"SearchAction","target":{"@type":"EntryPoint","urlTemplate":"https:\/\/www.ghostysky.com\/?s={search_term_string}"},"query-input":{"@type":"PropertyValueSpecification","valueRequired":true,"valueName":"search_term_string"}}],"inLanguage":"es"},{"@type":"Organization","@id":"https:\/\/www.ghostysky.com\/#organization","name":"Ghostysky","url":"https:\/\/www.ghostysky.com\/","logo":{"@type":"ImageObject","inLanguage":"es","@id":"https:\/\/www.ghostysky.com\/#\/schema\/logo\/image\/","url":"https:\/\/www.ghostysky.com\/wp-content\/uploads\/2020\/06\/cropped-ghostyskylogo_text_white2.png","contentUrl":"https:\/\/www.ghostysky.com\/wp-content\/uploads\/2020\/06\/cropped-ghostyskylogo_text_white2.png","width":169,"height":56,"caption":"Ghostysky"},"image":{"@id":"https:\/\/www.ghostysky.com\/#\/schema\/logo\/image\/"},"sameAs":["https:\/\/www.facebook.com\/people\/Ghostysky\/100057676170234\/","https:\/\/x.com\/Gh0stysky","https:\/\/www.linkedin.com\/company\/34739653","https:\/\/www.instagram.com\/gh0stysky"]}]}},"_links":{"self":[{"href":"https:\/\/www.ghostysky.com\/es\/wp-json\/wp\/v2\/product\/23408","targetHints":{"allow":["GET"]}}],"collection":[{"href":"https:\/\/www.ghostysky.com\/es\/wp-json\/wp\/v2\/product"}],"about":[{"href":"https:\/\/www.ghostysky.com\/es\/wp-json\/wp\/v2\/types\/product"}],"replies":[{"embeddable":true,"href":"https:\/\/www.ghostysky.com\/es\/wp-json\/wp\/v2\/comments?post=23408"}],"wp:featuredmedia":[{"embeddable":true,"href":"https:\/\/www.ghostysky.com\/es\/wp-json\/wp\/v2\/media\/23060"}],"wp:attachment":[{"href":"https:\/\/www.ghostysky.com\/es\/wp-json\/wp\/v2\/media?parent=23408"}],"wp:term":[{"taxonomy":"product_brand","embeddable":true,"href":"https:\/\/www.ghostysky.com\/es\/wp-json\/wp\/v2\/product_brand?post=23408"},{"taxonomy":"product_cat","embeddable":true,"href":"https:\/\/www.ghostysky.com\/es\/wp-json\/wp\/v2\/product_cat?post=23408"},{"taxonomy":"product_tag","embeddable":true,"href":"https:\/\/www.ghostysky.com\/es\/wp-json\/wp\/v2\/product_tag?post=23408"}],"curies":[{"name":"wp","href":"https:\/\/api.w.org\/{rel}","templated":true}]}}