{"id":23566,"date":"2025-12-15T16:20:40","date_gmt":"2025-12-15T16:20:40","guid":{"rendered":"https:\/\/www.ghostysky.com\/?post_type=product&#038;p=23566"},"modified":"2025-12-15T16:42:14","modified_gmt":"2025-12-15T16:42:14","slug":"polypen-rp-410-uvis","status":"publish","type":"product","link":"https:\/\/www.ghostysky.com\/es\/product\/polypen-rp-410-uvis\/","title":{"rendered":"PolyPen RP 410 UVIS"},"content":{"rendered":"<h4 data-path-to-node=\"2\">Caracter\u00edsticas y funcionalidades clave<\/h4>\n<ul data-path-to-node=\"3\">\n<li>\n<p data-path-to-node=\"3,0,0\"><b>Medici\u00f3n de reflectancia espectral:<\/b><span class=\"citation-46 citation-end-46\"> El PolyPen RP 410 incorpora una l\u00e1mpara incandescente de xen\u00f3n interna para emitir luz (380 a 1050 nm) y mide la reflectancia espectral de la superficie de una hoja.<\/span><\/p>\n<\/li>\n<li>\n<p data-path-to-node=\"3,1,0\"><b><span class=\"citation-45\">C\u00e1lculo autom\u00e1tico del \u00edndice:<\/span><\/b><span class=\"citation-45\"> El firmware del dispositivo calcula autom\u00e1ticamente una amplia gama de valores de uso com\u00fan. <\/span><b><span class=\"citation-45\">\u00edndices de reflectancia<\/span><\/b><span class=\"citation-45 citation-end-45\"> (\u00edndices de vegetaci\u00f3n y estr\u00e9s), tales como:<\/span><\/p>\n<ul data-path-to-node=\"3,1,1\">\n<li>\n<p data-path-to-node=\"3,1,1,0,0\"><b>\u00cdndice de vegetaci\u00f3n de diferencia normalizada (NDVI):<\/b> <span class=\"math-inline\" data-math=\"NDVI = (R_{NIR} - R_{RED}) \/ (R_{NIR} + R_{RED})\">NDVI = (R_{NIR} \u2013 R_{RED}) \/ (R_{NIR} + R_{RED})<\/span><\/p>\n<\/li>\n<li>\n<p data-path-to-node=\"3,1,1,1,0\"><b><span class=\"citation-44 citation-end-44\">\u00cdndice de reflectancia fotoqu\u00edmica (PRI)<\/span><\/b><\/p>\n<\/li>\n<li>\n<p data-path-to-node=\"3,1,1,2,0\"><b><span class=\"citation-43 citation-end-43\">\u00cdndice de clorofila pigmentada normalizado (NPCI)<\/span><\/b><\/p>\n<\/li>\n<li>\n<p data-path-to-node=\"3,1,1,3,0\">\u2026y muchos otros (por ejemplo, \u00edndice de relaci\u00f3n simple, \u00edndices de reflectancia de antocianina, \u00edndices de Carter).<\/p>\n<\/li>\n<\/ul>\n<\/li>\n<li>\n<p data-path-to-node=\"3,2,0\"><b>Detecci\u00f3n de estr\u00e9s:<\/b> Al monitorear los cambios en el contenido de pigmentos (como una disminuci\u00f3n de clorofila o un aumento de flavonoides\/antocianinas), el dispositivo puede detectar <b>deficiencias de nutrientes<\/b> o <b>estr\u00e9s por sequ\u00eda<\/b> en las plantas mucho antes de que los s\u00edntomas sean visibles a simple vista.<\/p>\n<\/li>\n<li>\n<p data-path-to-node=\"3,3,0\"><b>Personalizaci\u00f3n:<\/b> Permite el c\u00e1lculo de \u00edndices definidos a medida, posibilitando aplicaciones de investigaci\u00f3n especializadas.<\/p>\n<\/li>\n<\/ul>\n<h3 data-path-to-node=\"4\"><\/h3>\n<h4 data-path-to-node=\"4\"><a href=\"https:\/\/psi.cz\/support\/downloads\/hd001\/polp001\/RP_2024.pdf\/open\">Especificaciones t\u00e9cnicas (PolyPen RP 410 UVIS\/NIR)<\/a><\/h4>\n<table data-path-to-node=\"5\">\n<thead>\n<tr>\n<td><strong>Especificaci\u00f3n<\/strong><\/td>\n<td><strong>PolyPen RP 410 UVIS<\/strong><\/td>\n<td><strong>PolyPen RP 410 NIR<\/strong><\/td>\n<\/tr>\n<\/thead>\n<tbody>\n<tr>\n<td><span data-path-to-node=\"5,1,0,0\"><b>Rango espectral<\/b><\/span><\/td>\n<td><span data-path-to-node=\"5,1,1,0\">380 nm \u2013 790 nm<\/span><\/td>\n<td><span data-path-to-node=\"5,1,2,0\">640 nm \u2013 1050 nm<\/span><\/td>\n<\/tr>\n<tr>\n<td><span data-path-to-node=\"5,2,0,0\"><b>Respuesta espectral de medio ancho<\/b><\/span><\/td>\n<td><span data-path-to-node=\"5,2,1,0\">8 nm<\/span><\/td>\n<td><span data-path-to-node=\"5,2,2,0\">8 nm<\/span><\/td>\n<\/tr>\n<tr>\n<td><span data-path-to-node=\"5,3,0,0\"><b>Velocidad de escaneo<\/b><\/span><\/td>\n<td><span data-path-to-node=\"5,3,1,0\">Aproximadamente 100 ms (casi instant\u00e1neo)<\/span><\/td>\n<td><\/td>\n<\/tr>\n<tr>\n<td><span data-path-to-node=\"5,4,0,0\"><b>Registro de datos<\/b><\/span><\/td>\n<td><span data-path-to-node=\"5,4,1,0\">La memoria interna almacena hasta 4.000 mediciones (espectros completos)<\/span><\/td>\n<td><\/td>\n<\/tr>\n<tr>\n<td><span data-path-to-node=\"5,5,0,0\"><b>Fuente de luz<\/b><\/span><\/td>\n<td><span data-path-to-node=\"5,5,1,0\">L\u00e1mpara incandescente de xen\u00f3n interna<\/span><\/td>\n<td><\/td>\n<\/tr>\n<tr>\n<td><span data-path-to-node=\"5,6,0,0\"><b>Mostrar<\/b><\/span><\/td>\n<td><span data-path-to-node=\"5,6,1,0\">Pantalla t\u00e1ctil (240 x 320 p\u00edxeles) para visualizaci\u00f3n instant\u00e1nea de datos<\/span><\/td>\n<td><\/td>\n<\/tr>\n<tr>\n<td><span data-path-to-node=\"5,7,0,0\"><b>Portabilidad<\/b><\/span><\/td>\n<td><span data-path-to-node=\"5,7,1,0\">Carcasa port\u00e1til, robusta y a prueba de salpicaduras<\/span><\/td>\n<td><\/td>\n<\/tr>\n<tr>\n<td><span data-path-to-node=\"5,8,0,0\"><b>Conectividad<\/b><\/span><\/td>\n<td><span data-path-to-node=\"5,8,1,0\">USB 2.0 para transferencia de datos de PC<\/span><\/td>\n<td><\/td>\n<\/tr>\n<tr>\n<td><span data-path-to-node=\"5,9,0,0\"><b>Ubicaci\u00f3n<\/b><\/span><\/td>\n<td><span data-path-to-node=\"5,9,1,0\">Incorporado <b>M\u00f3dulo GPS<\/b> para mediciones de georreferenciaci\u00f3n<\/span><\/td>\n<td><\/td>\n<\/tr>\n<tr>\n<td><span data-path-to-node=\"5,10,0,0\"><b>Duraci\u00f3n de la bater\u00eda<\/b><\/span><\/td>\n<td><span data-path-to-node=\"5,10,1,0\">Bater\u00eda recargable de iones de litio, hasta 48 horas de funcionamiento t\u00edpico<\/span><\/td>\n<td><\/td>\n<\/tr>\n<tr>\n<td><span data-path-to-node=\"5,11,0,0\"><b>Portamuestras<\/b><\/span><\/td>\n<td><span data-path-to-node=\"5,11,1,0\">Clip mec\u00e1nico para hojas para una medici\u00f3n sencilla y no destructiva<\/span><\/td>\n<td><\/td>\n<\/tr>\n<\/tbody>\n<\/table>\n<h4 data-path-to-node=\"6\"><\/h4>\n<h4 data-path-to-node=\"6\">Aplicaciones ideales<\/h4>\n<p data-path-to-node=\"7\">El PolyPen RP 410 es un instrumento ideal para:<\/p>\n<ul data-path-to-node=\"8\">\n<li>\n<p data-path-to-node=\"8,0,0\"><b>Investigaci\u00f3n en biolog\u00eda y fisiolog\u00eda vegetal<\/b><\/p>\n<\/li>\n<li>\n<p data-path-to-node=\"8,1,0\"><b><span class=\"citation-42\">Monitoreo temprano del estr\u00e9s<\/span><\/b><span class=\"citation-42 citation-end-42\"> (Estado nutricional y h\u00eddrico)<\/span><\/p>\n<\/li>\n<li>\n<p data-path-to-node=\"8,2,0\"><b>Agricultura de precisi\u00f3n<\/b> y <b>Gesti\u00f3n de cultivos<\/b><\/p>\n<\/li>\n<li>\n<p data-path-to-node=\"8,3,0\"><b>Ecolog\u00eda<\/b> y <b>Monitoreo ambiental<\/b><\/p>\n<\/li>\n<li>\n<p data-path-to-node=\"8,4,0\"><b>Cribado de plantas<\/b> y <b>Estudios de campo<\/b><\/p>\n<\/li>\n<\/ul>","protected":false},"excerpt":{"rendered":"<p data-path-to-node=\"0\"><span class=\"citation-47\">El <\/span><b><span class=\"citation-47\">L\u00e1piz de polietileno RP 410<\/span><\/b><span class=\"citation-47\"> de PSI (Photon Systems Instruments) es un espectrorradi\u00f3metro port\u00e1til sofisticado, dise\u00f1ado principalmente como <\/span><b><span class=\"citation-47\">Analizador de hojas<\/span><\/b><span class=\"citation-47 citation-end-47\"> para la medici\u00f3n no destructiva de la reflectancia espectral en hojas y otras muestras planas.<\/span><\/p>\n<p data-path-to-node=\"1\">Es una herramienta esencial para la ciencia vegetal, la agricultura, la horticultura y la investigaci\u00f3n ecol\u00f3gica, que proporciona datos r\u00e1pidos, port\u00e1tiles y precisos para la evaluaci\u00f3n del estado fisiol\u00f3gico y de la salud de las plantas.<\/p>","protected":false},"featured_media":23563,"comment_status":"open","ping_status":"closed","template":"","meta":[],"product_brand":[1319],"product_cat":[1317,1318,705],"product_tag":[1320,1322],"class_list":{"0":"post-23566","1":"product","2":"type-product","3":"status-publish","4":"has-post-thumbnail","6":"product_brand-polypen","7":"product_cat-handheld-sensors","8":"product_cat-polypen","9":"product_cat-sensors","10":"product_tag-polypen","11":"product_tag-rp410-uvis","13":"first","14":"outofstock","15":"taxable","16":"shipping-taxable","17":"purchasable","18":"product-type-simple"},"yoast_head":"<!-- This site is optimized with the Yoast SEO plugin v27.1.1 - https:\/\/yoast.com\/product\/yoast-seo-wordpress\/ -->\n<title>PolyPen RP 410 UVIS - Ghostysky<\/title>\n<meta name=\"description\" content=\"The PolyPen RP 410 by PSI (Photon Systems Instruments) is a sophisticated, handheld spectroradiometer primarily designed as a Leaf Analyzer for the non-destructive measurement of spectral reflectance on leaves and other planar samples.It is an essential tool for plant science, agriculture, horticulture, and ecological research, providing rapid, portable, and precise data for plant health and physiological status assessment.\" \/>\n<meta name=\"robots\" content=\"index, follow, max-snippet:-1, max-image-preview:large, max-video-preview:-1\" \/>\n<link rel=\"canonical\" href=\"https:\/\/www.ghostysky.com\/es\/producto-2\/polypen-rp-410-uvis\/\" \/>\n<meta property=\"og:locale\" content=\"es_ES\" \/>\n<meta property=\"og:type\" content=\"article\" \/>\n<meta property=\"og:title\" content=\"PolyPen RP 410 UVIS - Ghostysky\" \/>\n<meta property=\"og:description\" content=\"The PolyPen RP 410 by PSI (Photon Systems Instruments) is a sophisticated, handheld spectroradiometer primarily designed as a Leaf Analyzer for the non-destructive measurement of spectral reflectance on leaves and other planar samples.It is an essential tool for plant science, agriculture, horticulture, and ecological research, providing rapid, portable, and precise data for plant health and physiological status assessment.\" \/>\n<meta property=\"og:url\" content=\"https:\/\/www.ghostysky.com\/es\/producto-2\/polypen-rp-410-uvis\/\" \/>\n<meta property=\"og:site_name\" content=\"Ghostysky\" \/>\n<meta property=\"article:publisher\" content=\"https:\/\/www.facebook.com\/people\/Ghostysky\/100057676170234\/\" \/>\n<meta property=\"article:modified_time\" content=\"2025-12-15T16:42:14+00:00\" \/>\n<meta property=\"og:image\" content=\"https:\/\/www.ghostysky.com\/wp-content\/uploads\/2025\/12\/GH_polypen-rp-410_1.jpg\" \/>\n\t<meta property=\"og:image:width\" content=\"458\" \/>\n\t<meta property=\"og:image:height\" content=\"458\" \/>\n\t<meta property=\"og:image:type\" content=\"image\/jpeg\" \/>\n<meta name=\"twitter:card\" content=\"summary_large_image\" \/>\n<meta name=\"twitter:site\" content=\"@Gh0stysky\" \/>\n<meta name=\"twitter:label1\" content=\"Tiempo de lectura\" \/>\n\t<meta name=\"twitter:data1\" content=\"2 minutos\" \/>\n<script type=\"application\/ld+json\" class=\"yoast-schema-graph\">{\"@context\":\"https:\/\/schema.org\",\"@graph\":[{\"@type\":\"WebPage\",\"@id\":\"https:\/\/www.ghostysky.com\/product\/polypen-rp-410-uvis\/\",\"url\":\"https:\/\/www.ghostysky.com\/product\/polypen-rp-410-uvis\/\",\"name\":\"PolyPen RP 410 UVIS - Ghostysky\",\"isPartOf\":{\"@id\":\"https:\/\/www.ghostysky.com\/#website\"},\"primaryImageOfPage\":{\"@id\":\"https:\/\/www.ghostysky.com\/product\/polypen-rp-410-uvis\/#primaryimage\"},\"image\":{\"@id\":\"https:\/\/www.ghostysky.com\/product\/polypen-rp-410-uvis\/#primaryimage\"},\"thumbnailUrl\":\"https:\/\/www.ghostysky.com\/wp-content\/uploads\/2025\/12\/GH_polypen-rp-410_1.jpg\",\"datePublished\":\"2025-12-15T16:20:40+00:00\",\"dateModified\":\"2025-12-15T16:42:14+00:00\",\"description\":\"The PolyPen RP 410 by PSI (Photon Systems Instruments) is a sophisticated, handheld spectroradiometer primarily designed as a Leaf Analyzer for the non-destructive measurement of spectral reflectance on leaves and other planar samples.It is an essential tool for plant science, agriculture, horticulture, and ecological research, providing rapid, portable, and precise data for plant health and physiological status assessment.\",\"breadcrumb\":{\"@id\":\"https:\/\/www.ghostysky.com\/product\/polypen-rp-410-uvis\/#breadcrumb\"},\"inLanguage\":\"es\",\"potentialAction\":[{\"@type\":\"ReadAction\",\"target\":[\"https:\/\/www.ghostysky.com\/product\/polypen-rp-410-uvis\/\"]}]},{\"@type\":\"ImageObject\",\"inLanguage\":\"es\",\"@id\":\"https:\/\/www.ghostysky.com\/product\/polypen-rp-410-uvis\/#primaryimage\",\"url\":\"https:\/\/www.ghostysky.com\/wp-content\/uploads\/2025\/12\/GH_polypen-rp-410_1.jpg\",\"contentUrl\":\"https:\/\/www.ghostysky.com\/wp-content\/uploads\/2025\/12\/GH_polypen-rp-410_1.jpg\",\"width\":458,\"height\":458},{\"@type\":\"BreadcrumbList\",\"@id\":\"https:\/\/www.ghostysky.com\/product\/polypen-rp-410-uvis\/#breadcrumb\",\"itemListElement\":[{\"@type\":\"ListItem\",\"position\":1,\"name\":\"Home\",\"item\":\"https:\/\/www.ghostysky.com\/\"},{\"@type\":\"ListItem\",\"position\":2,\"name\":\"Shop\",\"item\":\"https:\/\/www.ghostysky.com\/shop\/\"},{\"@type\":\"ListItem\",\"position\":3,\"name\":\"PolyPen RP 410 UVIS\"}]},{\"@type\":\"WebSite\",\"@id\":\"https:\/\/www.ghostysky.com\/#website\",\"url\":\"https:\/\/www.ghostysky.com\/\",\"name\":\"Ghostysky\",\"description\":\"Delivering professional drones and services\",\"publisher\":{\"@id\":\"https:\/\/www.ghostysky.com\/#organization\"},\"potentialAction\":[{\"@type\":\"SearchAction\",\"target\":{\"@type\":\"EntryPoint\",\"urlTemplate\":\"https:\/\/www.ghostysky.com\/?s={search_term_string}\"},\"query-input\":{\"@type\":\"PropertyValueSpecification\",\"valueRequired\":true,\"valueName\":\"search_term_string\"}}],\"inLanguage\":\"es\"},{\"@type\":\"Organization\",\"@id\":\"https:\/\/www.ghostysky.com\/#organization\",\"name\":\"Ghostysky\",\"url\":\"https:\/\/www.ghostysky.com\/\",\"logo\":{\"@type\":\"ImageObject\",\"inLanguage\":\"es\",\"@id\":\"https:\/\/www.ghostysky.com\/#\/schema\/logo\/image\/\",\"url\":\"https:\/\/www.ghostysky.com\/wp-content\/uploads\/2020\/06\/cropped-ghostyskylogo_text_white2.png\",\"contentUrl\":\"https:\/\/www.ghostysky.com\/wp-content\/uploads\/2020\/06\/cropped-ghostyskylogo_text_white2.png\",\"width\":169,\"height\":56,\"caption\":\"Ghostysky\"},\"image\":{\"@id\":\"https:\/\/www.ghostysky.com\/#\/schema\/logo\/image\/\"},\"sameAs\":[\"https:\/\/www.facebook.com\/people\/Ghostysky\/100057676170234\/\",\"https:\/\/x.com\/Gh0stysky\",\"https:\/\/www.linkedin.com\/company\/34739653\",\"https:\/\/www.instagram.com\/gh0stysky\"]}]}<\/script>\n<!-- \/ Yoast SEO plugin. -->","yoast_head_json":{"title":"PolyPen RP 410 UVIS - Ghostysky","description":"El PolyPen RP 410 de PSI (Photon Systems Instruments) es un espectrofot\u00f3metro port\u00e1til sofisticado, dise\u00f1ado principalmente como analizador de hojas para la medici\u00f3n no destructiva de la reflectancia espectral en hojas y otras muestras planas. Es una herramienta esencial para la ciencia vegetal, la agricultura, la horticultura y la investigaci\u00f3n ecol\u00f3gica, que proporciona datos r\u00e1pidos, port\u00e1tiles y precisos para la evaluaci\u00f3n del estado fisiol\u00f3gico y de la salud de las plantas.","robots":{"index":"index","follow":"follow","max-snippet":"max-snippet:-1","max-image-preview":"max-image-preview:large","max-video-preview":"max-video-preview:-1"},"canonical":"https:\/\/www.ghostysky.com\/es\/producto-2\/polypen-rp-410-uvis\/","og_locale":"es_ES","og_type":"article","og_title":"PolyPen RP 410 UVIS - Ghostysky","og_description":"The PolyPen RP 410 by PSI (Photon Systems Instruments) is a sophisticated, handheld spectroradiometer primarily designed as a Leaf Analyzer for the non-destructive measurement of spectral reflectance on leaves and other planar samples.It is an essential tool for plant science, agriculture, horticulture, and ecological research, providing rapid, portable, and precise data for plant health and physiological status assessment.","og_url":"https:\/\/www.ghostysky.com\/es\/producto-2\/polypen-rp-410-uvis\/","og_site_name":"Ghostysky","article_publisher":"https:\/\/www.facebook.com\/people\/Ghostysky\/100057676170234\/","article_modified_time":"2025-12-15T16:42:14+00:00","og_image":[{"width":458,"height":458,"url":"https:\/\/www.ghostysky.com\/wp-content\/uploads\/2025\/12\/GH_polypen-rp-410_1.jpg","type":"image\/jpeg"}],"twitter_card":"summary_large_image","twitter_site":"@Gh0stysky","twitter_misc":{"Tiempo de lectura":"2 minutos"},"schema":{"@context":"https:\/\/schema.org","@graph":[{"@type":"WebPage","@id":"https:\/\/www.ghostysky.com\/product\/polypen-rp-410-uvis\/","url":"https:\/\/www.ghostysky.com\/product\/polypen-rp-410-uvis\/","name":"PolyPen RP 410 UVIS - Ghostysky","isPartOf":{"@id":"https:\/\/www.ghostysky.com\/#website"},"primaryImageOfPage":{"@id":"https:\/\/www.ghostysky.com\/product\/polypen-rp-410-uvis\/#primaryimage"},"image":{"@id":"https:\/\/www.ghostysky.com\/product\/polypen-rp-410-uvis\/#primaryimage"},"thumbnailUrl":"https:\/\/www.ghostysky.com\/wp-content\/uploads\/2025\/12\/GH_polypen-rp-410_1.jpg","datePublished":"2025-12-15T16:20:40+00:00","dateModified":"2025-12-15T16:42:14+00:00","description":"El PolyPen RP 410 de PSI (Photon Systems Instruments) es un espectrofot\u00f3metro port\u00e1til sofisticado, dise\u00f1ado principalmente como analizador de hojas para la medici\u00f3n no destructiva de la reflectancia espectral en hojas y otras muestras planas. Es una herramienta esencial para la ciencia vegetal, la agricultura, la horticultura y la investigaci\u00f3n ecol\u00f3gica, que proporciona datos r\u00e1pidos, port\u00e1tiles y precisos para la evaluaci\u00f3n del estado fisiol\u00f3gico y de la salud de las plantas.","breadcrumb":{"@id":"https:\/\/www.ghostysky.com\/product\/polypen-rp-410-uvis\/#breadcrumb"},"inLanguage":"es","potentialAction":[{"@type":"ReadAction","target":["https:\/\/www.ghostysky.com\/product\/polypen-rp-410-uvis\/"]}]},{"@type":"ImageObject","inLanguage":"es","@id":"https:\/\/www.ghostysky.com\/product\/polypen-rp-410-uvis\/#primaryimage","url":"https:\/\/www.ghostysky.com\/wp-content\/uploads\/2025\/12\/GH_polypen-rp-410_1.jpg","contentUrl":"https:\/\/www.ghostysky.com\/wp-content\/uploads\/2025\/12\/GH_polypen-rp-410_1.jpg","width":458,"height":458},{"@type":"BreadcrumbList","@id":"https:\/\/www.ghostysky.com\/product\/polypen-rp-410-uvis\/#breadcrumb","itemListElement":[{"@type":"ListItem","position":1,"name":"Home","item":"https:\/\/www.ghostysky.com\/"},{"@type":"ListItem","position":2,"name":"Shop","item":"https:\/\/www.ghostysky.com\/shop\/"},{"@type":"ListItem","position":3,"name":"PolyPen RP 410 UVIS"}]},{"@type":"WebSite","@id":"https:\/\/www.ghostysky.com\/#website","url":"https:\/\/www.ghostysky.com\/","name":"Ghostysky","description":"Entrega de drones y servicios profesionales","publisher":{"@id":"https:\/\/www.ghostysky.com\/#organization"},"potentialAction":[{"@type":"SearchAction","target":{"@type":"EntryPoint","urlTemplate":"https:\/\/www.ghostysky.com\/?s={search_term_string}"},"query-input":{"@type":"PropertyValueSpecification","valueRequired":true,"valueName":"search_term_string"}}],"inLanguage":"es"},{"@type":"Organization","@id":"https:\/\/www.ghostysky.com\/#organization","name":"Ghostysky","url":"https:\/\/www.ghostysky.com\/","logo":{"@type":"ImageObject","inLanguage":"es","@id":"https:\/\/www.ghostysky.com\/#\/schema\/logo\/image\/","url":"https:\/\/www.ghostysky.com\/wp-content\/uploads\/2020\/06\/cropped-ghostyskylogo_text_white2.png","contentUrl":"https:\/\/www.ghostysky.com\/wp-content\/uploads\/2020\/06\/cropped-ghostyskylogo_text_white2.png","width":169,"height":56,"caption":"Ghostysky"},"image":{"@id":"https:\/\/www.ghostysky.com\/#\/schema\/logo\/image\/"},"sameAs":["https:\/\/www.facebook.com\/people\/Ghostysky\/100057676170234\/","https:\/\/x.com\/Gh0stysky","https:\/\/www.linkedin.com\/company\/34739653","https:\/\/www.instagram.com\/gh0stysky"]}]}},"_links":{"self":[{"href":"https:\/\/www.ghostysky.com\/es\/wp-json\/wp\/v2\/product\/23566","targetHints":{"allow":["GET"]}}],"collection":[{"href":"https:\/\/www.ghostysky.com\/es\/wp-json\/wp\/v2\/product"}],"about":[{"href":"https:\/\/www.ghostysky.com\/es\/wp-json\/wp\/v2\/types\/product"}],"replies":[{"embeddable":true,"href":"https:\/\/www.ghostysky.com\/es\/wp-json\/wp\/v2\/comments?post=23566"}],"wp:featuredmedia":[{"embeddable":true,"href":"https:\/\/www.ghostysky.com\/es\/wp-json\/wp\/v2\/media\/23563"}],"wp:attachment":[{"href":"https:\/\/www.ghostysky.com\/es\/wp-json\/wp\/v2\/media?parent=23566"}],"wp:term":[{"taxonomy":"product_brand","embeddable":true,"href":"https:\/\/www.ghostysky.com\/es\/wp-json\/wp\/v2\/product_brand?post=23566"},{"taxonomy":"product_cat","embeddable":true,"href":"https:\/\/www.ghostysky.com\/es\/wp-json\/wp\/v2\/product_cat?post=23566"},{"taxonomy":"product_tag","embeddable":true,"href":"https:\/\/www.ghostysky.com\/es\/wp-json\/wp\/v2\/product_tag?post=23566"}],"curies":[{"name":"wp","href":"https:\/\/api.w.org\/{rel}","templated":true}]}}