{"id":23648,"date":"2026-01-10T10:38:16","date_gmt":"2026-01-10T10:38:16","guid":{"rendered":"https:\/\/www.ghostysky.com\/?post_type=product&#038;p=23648"},"modified":"2026-01-10T11:02:25","modified_gmt":"2026-01-10T11:02:25","slug":"unitree-r1-charger","status":"publish","type":"product","link":"https:\/\/www.ghostysky.com\/es\/product\/unitree-r1-charger\/","title":{"rendered":"Cargador Unitree R1"},"content":{"rendered":"<h4 data-path-to-node=\"5\"><b data-path-to-node=\"5\" data-index-in-node=\"0\">Caracter\u00edsticas clave<\/b><\/h4>\n<ul data-path-to-node=\"6\">\n<li>\n<p data-path-to-node=\"6,0,0\"><b data-path-to-node=\"6,0,0\" data-index-in-node=\"0\">Gesti\u00f3n inteligente de la carga:<\/b> Cuenta con un protocolo de comunicaci\u00f3n integrado que interact\u00faa con el BMS (sistema de gesti\u00f3n de bater\u00eda) de la bater\u00eda para evitar la sobrecarga y garantizar la longevidad de la celda.<\/p>\n<\/li>\n<li>\n<p data-path-to-node=\"6,1,0\"><b data-path-to-node=\"6,1,0\" data-index-in-node=\"0\">Compatibilidad de voltaje global:<\/b> Admite un amplio rango de entrada (<span class=\"math-inline\" data-math=\"100V\" data-index-in-node=\"59\">$100V$<\/span>\u2013<span class=\"math-inline\" data-math=\"240V\" data-index-in-node=\"64\">$240V$<\/span>), lo que lo hace utilizable en varias regiones sin necesidad de convertidores de voltaje externos.<\/p>\n<\/li>\n<li>\n<p data-path-to-node=\"6,2,0\"><b data-path-to-node=\"6,2,0\" data-index-in-node=\"0\">Compacto y port\u00e1til:<\/b> Compartido con la filosof\u00eda del R1 de ser \u201cultraliviano\u201d, el cargador es lo suficientemente peque\u00f1o como para caber en una mochila est\u00e1ndar o en el estuche de transporte dedicado del R1.<\/p>\n<\/li>\n<li>\n<p data-path-to-node=\"6,3,0\"><b data-path-to-node=\"6,3,0\" data-index-in-node=\"0\">Indicadores de estado:<\/b> Los indicadores LED incorporados proporcionan informaci\u00f3n en tiempo real sobre el estado de carga (por ejemplo, cargando, completamente cargado o error).<\/p>\n<\/li>\n<\/ul>\n<h4 data-path-to-node=\"7\"><b data-path-to-node=\"7\" data-index-in-node=\"0\">Especificaciones t\u00e9cnicas<\/b><\/h4>\n<table data-path-to-node=\"8\">\n<thead>\n<tr>\n<td><strong>Caracter\u00edstica<\/strong><\/td>\n<td><strong>Especificaci\u00f3n<\/strong><\/td>\n<\/tr>\n<\/thead>\n<tbody>\n<tr>\n<td><span data-path-to-node=\"8,1,0,0\"><b data-path-to-node=\"8,1,0,0\" data-index-in-node=\"0\">Potencia de entrada<\/b><\/span><\/td>\n<td><span data-path-to-node=\"8,1,1,0\"><span class=\"math-inline\" data-math=\"100\" data-index-in-node=\"0\">100<\/span>\u2013<span class=\"math-inline\" data-math=\"240V\" data-index-in-node=\"4\">240 V<\/span> ~ <span class=\"math-inline\" data-math=\"50\/60Hz\" data-index-in-node=\"11\">50\/60 Hz<\/span><\/span><\/td>\n<\/tr>\n<tr>\n<td><span data-path-to-node=\"8,2,0,0\"><b data-path-to-node=\"8,2,0,0\" data-index-in-node=\"0\">Voltaje de salida<\/b><\/span><\/td>\n<td><span data-path-to-node=\"8,2,1,0\"><span class=\"math-inline\" data-math=\"37.8V\" data-index-in-node=\"0\">37,8 V<\/span>\u00a0(Voltaje de carga final)<\/span><\/td>\n<\/tr>\n<tr>\n<td><span data-path-to-node=\"8,3,0,0\"><b data-path-to-node=\"8,3,0,0\" data-index-in-node=\"0\">Potencia nominal<\/b><\/span><\/td>\n<td><span data-path-to-node=\"8,3,1,0\">Aprox. <span class=\"math-inline\" data-math=\"32.4V\" data-index-in-node=\"8\">32,4 V<\/span> \/ <span class=\"math-inline\" data-math=\"4A\" data-index-in-node=\"16\">4A<\/span>\u2013<span class=\"math-inline\" data-math=\"5A\" data-index-in-node=\"19\">5A<\/span><\/span><\/td>\n<\/tr>\n<tr>\n<td><span data-path-to-node=\"8,4,0,0\"><b data-path-to-node=\"8,4,0,0\" data-index-in-node=\"0\">Tiempo de carga<\/b><\/span><\/td>\n<td><span data-path-to-node=\"8,4,1,0\">Aprox. <span class=\"math-inline\" data-math=\"1.5\" data-index-in-node=\"8\">1.5<\/span>\u2013<span class=\"math-inline\" data-math=\"2\" data-index-in-node=\"12\">2<\/span>\u00a0horas (bater\u00eda est\u00e1ndar)<\/span><\/td>\n<\/tr>\n<tr>\n<td><span data-path-to-node=\"8,5,0,0\"><b data-path-to-node=\"8,5,0,0\" data-index-in-node=\"0\">Tipo de conector<\/b><\/span><\/td>\n<td><span data-path-to-node=\"8,5,1,0\">Enchufe de aviaci\u00f3n multipines patentado<\/span><\/td>\n<\/tr>\n<tr>\n<td><span data-path-to-node=\"8,6,0,0\"><b data-path-to-node=\"8,6,0,0\" data-index-in-node=\"0\">Certificaciones de seguridad<\/b><\/span><\/td>\n<td><span data-path-to-node=\"8,6,1,0\">Protecci\u00f3n contra sobretensi\u00f3n, sobrecorriente, cortocircuito y temperatura.<\/span><\/td>\n<\/tr>\n<\/tbody>\n<\/table>\n<h3 data-path-to-node=\"9\"><b data-path-to-node=\"9\" data-index-in-node=\"0\">Uso y mantenimiento<\/b><\/h3>\n<p data-path-to-node=\"10\">Para garantizar la mayor vida \u00fatil posible de la bater\u00eda de su Unitree R1:<\/p>\n<ol start=\"1\" data-path-to-node=\"11\">\n<li>\n<p data-path-to-node=\"11,0,0\"><b data-path-to-node=\"11,0,0\" data-index-in-node=\"0\">Ambiente:<\/b> Cargue siempre en un lugar fresco y seco (<span class=\"math-inline\" data-math=\"0\\text{\u00b0C}\" data-index-in-node=\"49\">0\u00b0C<\/span> a <span class=\"math-inline\" data-math=\"40\\text{\u00b0C}\" data-index-in-node=\"63\">40\u00b0C<\/span>).<\/p>\n<\/li>\n<li>\n<p data-path-to-node=\"11,1,0\"><b data-path-to-node=\"11,1,0\" data-index-in-node=\"0\">Originalidad:<\/b> Utilice \u00fanicamente el cargador oficial de Unitree; las fuentes de alimentaci\u00f3n de terceros pueden activar la protecci\u00f3n del hardware del robot o da\u00f1ar los componentes sensibles. <span class=\"math-inline\" data-math=\"PMSM\" data-index-in-node=\"147\">PMSM<\/span>\u00a0motores conjuntos.<\/p>\n<\/li>\n<li>\n<p data-path-to-node=\"11,2,0\"><b data-path-to-node=\"11,2,0\" data-index-in-node=\"0\">Almacenamiento:<\/b> Si el robot no se utiliza durante un per\u00edodo prolongado, se recomienda cargar la bater\u00eda aproximadamente <span class=\"math-inline\" data-math=\"50\\%\" data-index-in-node=\"106\">50% <\/span>y utilice el modo de mantenimiento del cargador si est\u00e1 disponible.<\/p>\n<\/li>\n<\/ol>","protected":false},"excerpt":{"rendered":"<p data-path-to-node=\"4\">El cargador Unitree R1 proporciona una fuente de alimentaci\u00f3n estable y eficiente para la bater\u00eda de iones de litio de alta capacidad del R1. Dise\u00f1ado con un enfoque en la simplicidad &quot;plug-and-play&quot;, permite a investigadores y desarrolladores minimizar el tiempo de inactividad entre pruebas rob\u00f3ticas.<\/p>","protected":false},"featured_media":23649,"comment_status":"open","ping_status":"closed","template":"","meta":[],"product_brand":[1087],"product_cat":[1038,1037,1102],"product_tag":[1088,1325,1113],"class_list":{"0":"post-23648","1":"product","2":"type-product","3":"status-publish","4":"has-post-thumbnail","6":"product_brand-unitree","7":"product_cat-humanoid","8":"product_cat-robotics","9":"product_cat-unitree-hum-accessories","10":"product_tag-unitree","11":"product_tag-unitree-r1-accessories","12":"product_tag-unitree-r1-series","14":"first","15":"onbackorder","16":"taxable","17":"shipping-taxable","18":"product-type-simple"},"yoast_head":"<!-- This site is optimized with the Yoast SEO plugin v27.4 - https:\/\/yoast.com\/product\/yoast-seo-wordpress\/ -->\n<title>Unitree R1 Charger - Ghostysky<\/title>\n<meta name=\"description\" content=\"The Unitree R1 Charger provides a stable and efficient power source for the R1\u2019s high-capacity lithium-ion battery. Designed with a focus on &quot;plug-and-play&quot; simplicity, it allows researchers and developers to minimize downtime between robot trials.\" \/>\n<meta name=\"robots\" content=\"index, follow, max-snippet:-1, max-image-preview:large, max-video-preview:-1\" \/>\n<link rel=\"canonical\" href=\"https:\/\/www.ghostysky.com\/es\/producto-2\/unitree-r1-charger\/\" \/>\n<meta property=\"og:locale\" content=\"es_ES\" \/>\n<meta property=\"og:type\" content=\"article\" \/>\n<meta property=\"og:title\" content=\"Unitree R1 Charger - Ghostysky\" \/>\n<meta property=\"og:description\" content=\"The Unitree R1 Charger provides a stable and efficient power source for the R1\u2019s high-capacity lithium-ion battery. Designed with a focus on &quot;plug-and-play&quot; simplicity, it allows researchers and developers to minimize downtime between robot trials.\" \/>\n<meta property=\"og:url\" content=\"https:\/\/www.ghostysky.com\/es\/producto-2\/unitree-r1-charger\/\" \/>\n<meta property=\"og:site_name\" content=\"Ghostysky\" \/>\n<meta property=\"article:publisher\" content=\"https:\/\/www.facebook.com\/people\/Ghostysky\/100057676170234\/\" \/>\n<meta property=\"article:modified_time\" content=\"2026-01-10T11:02:25+00:00\" \/>\n<meta property=\"og:image\" content=\"https:\/\/www.ghostysky.com\/wp-content\/uploads\/2026\/01\/GH_Unitreer1_Charger_1.jpg\" \/>\n\t<meta property=\"og:image:width\" content=\"225\" \/>\n\t<meta property=\"og:image:height\" content=\"225\" \/>\n\t<meta property=\"og:image:type\" content=\"image\/jpeg\" \/>\n<meta name=\"twitter:card\" content=\"summary_large_image\" \/>\n<meta name=\"twitter:site\" content=\"@Gh0stysky\" \/>\n<meta name=\"twitter:label1\" content=\"Tiempo de lectura\" \/>\n\t<meta name=\"twitter:data1\" content=\"2 minutos\" \/>\n<script type=\"application\/ld+json\" class=\"yoast-schema-graph\">{\"@context\":\"https:\\\/\\\/schema.org\",\"@graph\":[{\"@type\":\"WebPage\",\"@id\":\"https:\\\/\\\/www.ghostysky.com\\\/product\\\/unitree-r1-charger\\\/\",\"url\":\"https:\\\/\\\/www.ghostysky.com\\\/product\\\/unitree-r1-charger\\\/\",\"name\":\"Unitree R1 Charger - Ghostysky\",\"isPartOf\":{\"@id\":\"https:\\\/\\\/www.ghostysky.com\\\/#website\"},\"primaryImageOfPage\":{\"@id\":\"https:\\\/\\\/www.ghostysky.com\\\/product\\\/unitree-r1-charger\\\/#primaryimage\"},\"image\":{\"@id\":\"https:\\\/\\\/www.ghostysky.com\\\/product\\\/unitree-r1-charger\\\/#primaryimage\"},\"thumbnailUrl\":\"https:\\\/\\\/www.ghostysky.com\\\/wp-content\\\/uploads\\\/2026\\\/01\\\/GH_Unitreer1_Charger_1.jpg\",\"datePublished\":\"2026-01-10T10:38:16+00:00\",\"dateModified\":\"2026-01-10T11:02:25+00:00\",\"description\":\"The Unitree R1 Charger provides a stable and efficient power source for the R1\u2019s high-capacity lithium-ion battery. Designed with a focus on \\\"plug-and-play\\\" simplicity, it allows researchers and developers to minimize downtime between robot trials.\",\"breadcrumb\":{\"@id\":\"https:\\\/\\\/www.ghostysky.com\\\/product\\\/unitree-r1-charger\\\/#breadcrumb\"},\"inLanguage\":\"es\",\"potentialAction\":[{\"@type\":\"ReadAction\",\"target\":[\"https:\\\/\\\/www.ghostysky.com\\\/product\\\/unitree-r1-charger\\\/\"]}]},{\"@type\":\"ImageObject\",\"inLanguage\":\"es\",\"@id\":\"https:\\\/\\\/www.ghostysky.com\\\/product\\\/unitree-r1-charger\\\/#primaryimage\",\"url\":\"https:\\\/\\\/www.ghostysky.com\\\/wp-content\\\/uploads\\\/2026\\\/01\\\/GH_Unitreer1_Charger_1.jpg\",\"contentUrl\":\"https:\\\/\\\/www.ghostysky.com\\\/wp-content\\\/uploads\\\/2026\\\/01\\\/GH_Unitreer1_Charger_1.jpg\",\"width\":225,\"height\":225},{\"@type\":\"BreadcrumbList\",\"@id\":\"https:\\\/\\\/www.ghostysky.com\\\/product\\\/unitree-r1-charger\\\/#breadcrumb\",\"itemListElement\":[{\"@type\":\"ListItem\",\"position\":1,\"name\":\"Home\",\"item\":\"https:\\\/\\\/www.ghostysky.com\\\/\"},{\"@type\":\"ListItem\",\"position\":2,\"name\":\"Shop\",\"item\":\"https:\\\/\\\/www.ghostysky.com\\\/shop\\\/\"},{\"@type\":\"ListItem\",\"position\":3,\"name\":\"Unitree R1 Charger\"}]},{\"@type\":\"WebSite\",\"@id\":\"https:\\\/\\\/www.ghostysky.com\\\/#website\",\"url\":\"https:\\\/\\\/www.ghostysky.com\\\/\",\"name\":\"Ghostysky\",\"description\":\"Delivering professional drones and services\",\"publisher\":{\"@id\":\"https:\\\/\\\/www.ghostysky.com\\\/#organization\"},\"potentialAction\":[{\"@type\":\"SearchAction\",\"target\":{\"@type\":\"EntryPoint\",\"urlTemplate\":\"https:\\\/\\\/www.ghostysky.com\\\/?s={search_term_string}\"},\"query-input\":{\"@type\":\"PropertyValueSpecification\",\"valueRequired\":true,\"valueName\":\"search_term_string\"}}],\"inLanguage\":\"es\"},{\"@type\":\"Organization\",\"@id\":\"https:\\\/\\\/www.ghostysky.com\\\/#organization\",\"name\":\"Ghostysky\",\"url\":\"https:\\\/\\\/www.ghostysky.com\\\/\",\"logo\":{\"@type\":\"ImageObject\",\"inLanguage\":\"es\",\"@id\":\"https:\\\/\\\/www.ghostysky.com\\\/#\\\/schema\\\/logo\\\/image\\\/\",\"url\":\"https:\\\/\\\/www.ghostysky.com\\\/wp-content\\\/uploads\\\/2020\\\/06\\\/cropped-ghostyskylogo_text_white2.png\",\"contentUrl\":\"https:\\\/\\\/www.ghostysky.com\\\/wp-content\\\/uploads\\\/2020\\\/06\\\/cropped-ghostyskylogo_text_white2.png\",\"width\":169,\"height\":56,\"caption\":\"Ghostysky\"},\"image\":{\"@id\":\"https:\\\/\\\/www.ghostysky.com\\\/#\\\/schema\\\/logo\\\/image\\\/\"},\"sameAs\":[\"https:\\\/\\\/www.facebook.com\\\/people\\\/Ghostysky\\\/100057676170234\\\/\",\"https:\\\/\\\/x.com\\\/Gh0stysky\",\"https:\\\/\\\/www.linkedin.com\\\/company\\\/34739653\",\"https:\\\/\\\/www.instagram.com\\\/gh0stysky\"]}]}<\/script>\n<!-- \/ Yoast SEO plugin. -->","yoast_head_json":{"title":"Cargador Unitree R1 - Ghostysky","description":"El cargador Unitree R1 proporciona una fuente de alimentaci\u00f3n estable y eficiente para la bater\u00eda de iones de litio de alta capacidad del R1. Dise\u00f1ado con un enfoque en la simplicidad &quot;plug-and-play&quot;, permite a investigadores y desarrolladores minimizar el tiempo de inactividad entre pruebas rob\u00f3ticas.","robots":{"index":"index","follow":"follow","max-snippet":"max-snippet:-1","max-image-preview":"max-image-preview:large","max-video-preview":"max-video-preview:-1"},"canonical":"https:\/\/www.ghostysky.com\/es\/producto-2\/unitree-r1-charger\/","og_locale":"es_ES","og_type":"article","og_title":"Unitree R1 Charger - Ghostysky","og_description":"The Unitree R1 Charger provides a stable and efficient power source for the R1\u2019s high-capacity lithium-ion battery. Designed with a focus on \"plug-and-play\" simplicity, it allows researchers and developers to minimize downtime between robot trials.","og_url":"https:\/\/www.ghostysky.com\/es\/producto-2\/unitree-r1-charger\/","og_site_name":"Ghostysky","article_publisher":"https:\/\/www.facebook.com\/people\/Ghostysky\/100057676170234\/","article_modified_time":"2026-01-10T11:02:25+00:00","og_image":[{"width":225,"height":225,"url":"https:\/\/www.ghostysky.com\/wp-content\/uploads\/2026\/01\/GH_Unitreer1_Charger_1.jpg","type":"image\/jpeg"}],"twitter_card":"summary_large_image","twitter_site":"@Gh0stysky","twitter_misc":{"Tiempo de lectura":"2 minutos"},"schema":{"@context":"https:\/\/schema.org","@graph":[{"@type":"WebPage","@id":"https:\/\/www.ghostysky.com\/product\/unitree-r1-charger\/","url":"https:\/\/www.ghostysky.com\/product\/unitree-r1-charger\/","name":"Cargador Unitree R1 - Ghostysky","isPartOf":{"@id":"https:\/\/www.ghostysky.com\/#website"},"primaryImageOfPage":{"@id":"https:\/\/www.ghostysky.com\/product\/unitree-r1-charger\/#primaryimage"},"image":{"@id":"https:\/\/www.ghostysky.com\/product\/unitree-r1-charger\/#primaryimage"},"thumbnailUrl":"https:\/\/www.ghostysky.com\/wp-content\/uploads\/2026\/01\/GH_Unitreer1_Charger_1.jpg","datePublished":"2026-01-10T10:38:16+00:00","dateModified":"2026-01-10T11:02:25+00:00","description":"El cargador Unitree R1 proporciona una fuente de alimentaci\u00f3n estable y eficiente para la bater\u00eda de iones de litio de alta capacidad del R1. Dise\u00f1ado con un enfoque en la simplicidad &quot;plug-and-play&quot;, permite a investigadores y desarrolladores minimizar el tiempo de inactividad entre pruebas rob\u00f3ticas.","breadcrumb":{"@id":"https:\/\/www.ghostysky.com\/product\/unitree-r1-charger\/#breadcrumb"},"inLanguage":"es","potentialAction":[{"@type":"ReadAction","target":["https:\/\/www.ghostysky.com\/product\/unitree-r1-charger\/"]}]},{"@type":"ImageObject","inLanguage":"es","@id":"https:\/\/www.ghostysky.com\/product\/unitree-r1-charger\/#primaryimage","url":"https:\/\/www.ghostysky.com\/wp-content\/uploads\/2026\/01\/GH_Unitreer1_Charger_1.jpg","contentUrl":"https:\/\/www.ghostysky.com\/wp-content\/uploads\/2026\/01\/GH_Unitreer1_Charger_1.jpg","width":225,"height":225},{"@type":"BreadcrumbList","@id":"https:\/\/www.ghostysky.com\/product\/unitree-r1-charger\/#breadcrumb","itemListElement":[{"@type":"ListItem","position":1,"name":"Home","item":"https:\/\/www.ghostysky.com\/"},{"@type":"ListItem","position":2,"name":"Shop","item":"https:\/\/www.ghostysky.com\/shop\/"},{"@type":"ListItem","position":3,"name":"Unitree R1 Charger"}]},{"@type":"WebSite","@id":"https:\/\/www.ghostysky.com\/#website","url":"https:\/\/www.ghostysky.com\/","name":"Ghostysky","description":"Entrega de drones y servicios profesionales","publisher":{"@id":"https:\/\/www.ghostysky.com\/#organization"},"potentialAction":[{"@type":"SearchAction","target":{"@type":"EntryPoint","urlTemplate":"https:\/\/www.ghostysky.com\/?s={search_term_string}"},"query-input":{"@type":"PropertyValueSpecification","valueRequired":true,"valueName":"search_term_string"}}],"inLanguage":"es"},{"@type":"Organization","@id":"https:\/\/www.ghostysky.com\/#organization","name":"Ghostysky","url":"https:\/\/www.ghostysky.com\/","logo":{"@type":"ImageObject","inLanguage":"es","@id":"https:\/\/www.ghostysky.com\/#\/schema\/logo\/image\/","url":"https:\/\/www.ghostysky.com\/wp-content\/uploads\/2020\/06\/cropped-ghostyskylogo_text_white2.png","contentUrl":"https:\/\/www.ghostysky.com\/wp-content\/uploads\/2020\/06\/cropped-ghostyskylogo_text_white2.png","width":169,"height":56,"caption":"Ghostysky"},"image":{"@id":"https:\/\/www.ghostysky.com\/#\/schema\/logo\/image\/"},"sameAs":["https:\/\/www.facebook.com\/people\/Ghostysky\/100057676170234\/","https:\/\/x.com\/Gh0stysky","https:\/\/www.linkedin.com\/company\/34739653","https:\/\/www.instagram.com\/gh0stysky"]}]}},"_links":{"self":[{"href":"https:\/\/www.ghostysky.com\/es\/wp-json\/wp\/v2\/product\/23648","targetHints":{"allow":["GET"]}}],"collection":[{"href":"https:\/\/www.ghostysky.com\/es\/wp-json\/wp\/v2\/product"}],"about":[{"href":"https:\/\/www.ghostysky.com\/es\/wp-json\/wp\/v2\/types\/product"}],"replies":[{"embeddable":true,"href":"https:\/\/www.ghostysky.com\/es\/wp-json\/wp\/v2\/comments?post=23648"}],"version-history":[{"count":0,"href":"https:\/\/www.ghostysky.com\/es\/wp-json\/wp\/v2\/product\/23648\/revisions"}],"wp:featuredmedia":[{"embeddable":true,"href":"https:\/\/www.ghostysky.com\/es\/wp-json\/wp\/v2\/media\/23649"}],"wp:attachment":[{"href":"https:\/\/www.ghostysky.com\/es\/wp-json\/wp\/v2\/media?parent=23648"}],"wp:term":[{"taxonomy":"product_brand","embeddable":true,"href":"https:\/\/www.ghostysky.com\/es\/wp-json\/wp\/v2\/product_brand?post=23648"},{"taxonomy":"product_cat","embeddable":true,"href":"https:\/\/www.ghostysky.com\/es\/wp-json\/wp\/v2\/product_cat?post=23648"},{"taxonomy":"product_tag","embeddable":true,"href":"https:\/\/www.ghostysky.com\/es\/wp-json\/wp\/v2\/product_tag?post=23648"}],"curies":[{"name":"wp","href":"https:\/\/api.w.org\/{rel}","templated":true}]}}