{"id":23650,"date":"2026-01-10T10:48:09","date_gmt":"2026-01-10T10:48:09","guid":{"rendered":"https:\/\/www.ghostysky.com\/?post_type=product&#038;p=23650"},"modified":"2026-01-10T11:03:15","modified_gmt":"2026-01-10T11:03:15","slug":"unitree-r1-brainco-bionic-dexterous-hand-revo-2-basic-version","status":"publish","type":"product","link":"https:\/\/www.ghostysky.com\/es\/product\/unitree-r1-brainco-bionic-dexterous-hand-revo-2-basic-version\/","title":{"rendered":"Unitree R1 BrainCo Bionic Dexterous Hand Revo 2 Versi\u00f3n b\u00e1sica"},"content":{"rendered":"<h4 data-path-to-node=\"3\"><b data-path-to-node=\"3\" data-index-in-node=\"0\">Caracter\u00edsticas clave<\/b><\/h4>\n<ul data-path-to-node=\"4\">\n<li>\n<p data-path-to-node=\"4,0,0\"><b data-path-to-node=\"4,0,0\" data-index-in-node=\"0\"><span class=\"citation-66\">Dise\u00f1o bi\u00f3nico ultraligero:<\/span><\/b><span class=\"citation-66\"> Solo pesaje <\/span><b data-path-to-node=\"4,0,0\" data-index-in-node=\"47\"><span class=\"citation-66\">383 gramos<\/span><\/b><span class=\"citation-66 citation-end-66\"> (aprox.\u00a0<\/span><span class=\"citation-65 citation-end-65\">el peso de seis huevos), la mano es 20% m\u00e1s liviana que la de muchos competidores de la industria, lo que reduce la carga inercial en las articulaciones del brazo del robot.<\/span><\/p>\n<\/li>\n<li>\n<p data-path-to-node=\"4,1,0\"><b data-path-to-node=\"4,1,0\" data-index-in-node=\"0\"><span class=\"citation-64\">Alta carga \u00fatil y fuerza de agarre:<\/span><\/b><span class=\"citation-64\"> A pesar de su tama\u00f1o compacto, ofrece un potente <\/span><b data-path-to-node=\"4,1,0\" data-index-in-node=\"76\"><span class=\"citation-64\">Fuerza de agarre de 50 N<\/span><\/b><span class=\"citation-64\"> y puede soportar una carga est\u00e1tica de hasta <\/span><b data-path-to-node=\"4,1,0\" data-index-in-node=\"130\"><span class=\"citation-64\">20 kilos<\/span><\/b><span class=\"citation-64 citation-end-64\">, lo que le permite manipular objetos cotidianos pesados, como una jarra de agua llena.<\/span><\/p>\n<\/li>\n<li>\n<p data-path-to-node=\"4,2,0\"><b data-path-to-node=\"4,2,0\" data-index-in-node=\"0\"><span class=\"citation-63\">Actuaci\u00f3n de precisi\u00f3n:<\/span><\/b><span class=\"citation-63\"> Caracter\u00edsticas <\/span><b data-path-to-node=\"4,2,0\" data-index-in-node=\"30\"><span class=\"citation-63\">11 grados de libertad (PdL)<\/span><\/b><span class=\"citation-63\"> con <\/span><b data-path-to-node=\"4,2,0\" data-index-in-node=\"63\"><span class=\"citation-63\">6 articulaciones activas<\/span><\/b><span class=\"citation-63 citation-end-63\">, lo que permite gestos complejos y un agarre adaptativo.<\/span> <span class=\"citation-62\">Logra una precisi\u00f3n de repetici\u00f3n de <\/span><b data-path-to-node=\"4,2,0\" data-index-in-node=\"162\"><span class=\"citation-62\">0,1\u00b0<\/span><\/b><span class=\"citation-62 citation-end-62\"> para tareas de motricidad fina.<\/span><\/p>\n<\/li>\n<li>\n<p data-path-to-node=\"4,3,0\"><b data-path-to-node=\"4,3,0\" data-index-in-node=\"0\"><span class=\"citation-61\">Ergonom\u00eda a escala humana:<\/span><\/b><span class=\"citation-61 citation-end-61\"> Con 16 cm de longitud, coincide con el tama\u00f1o de una mano adulta promedio, lo que garantiza que puede interactuar con herramientas y entornos dise\u00f1ados para humanos.<\/span><\/p>\n<\/li>\n<\/ul>\n<h4 data-path-to-node=\"6\"><b data-path-to-node=\"6\" data-index-in-node=\"0\">Especificaciones t\u00e9cnicas<\/b><\/h4>\n<table data-path-to-node=\"7\">\n<thead>\n<tr>\n<td><strong>Par\u00e1metro<\/strong><\/td>\n<td><strong>Especificaci\u00f3n<\/strong><\/td>\n<\/tr>\n<\/thead>\n<tbody>\n<tr>\n<td><span data-path-to-node=\"7,1,0,0\"><b data-path-to-node=\"7,1,0,0\" data-index-in-node=\"0\">Modelo<\/b><\/span><\/td>\n<td><span data-path-to-node=\"7,1,1,0\">BrainCo Revo 2 B\u00e1sico<\/span><\/td>\n<\/tr>\n<tr>\n<td><span data-path-to-node=\"7,2,0,0\"><b data-path-to-node=\"7,2,0,0\" data-index-in-node=\"0\">Peso<\/b><\/span><\/td>\n<td><span data-path-to-node=\"7,2,1,0\">~383 gramos<\/span><\/td>\n<\/tr>\n<tr>\n<td><span data-path-to-node=\"7,3,0,0\"><b data-path-to-node=\"7,3,0,0\" data-index-in-node=\"0\">Dimensiones<\/b><\/span><\/td>\n<td><span data-path-to-node=\"7,3,1,0\">160 mm x 76 mm<\/span><\/td>\n<\/tr>\n<tr>\n<td><span data-path-to-node=\"7,4,0,0\"><b data-path-to-node=\"7,4,0,0\" data-index-in-node=\"0\">Grados de libertad (GdL)<\/b><\/span><\/td>\n<td><span data-path-to-node=\"7,4,1,0\">11 (6 articulaciones activas)<\/span><\/td>\n<\/tr>\n<tr>\n<td><span data-path-to-node=\"7,5,0,0\"><b data-path-to-node=\"7,5,0,0\" data-index-in-node=\"0\">Fuerza de agarre de poder<\/b><\/span><\/td>\n<td><span data-path-to-node=\"7,5,1,0\"><span class=\"math-inline\" data-math=\"\\geq 50\" data-index-in-node=\"0\">&gt;= 50<\/span>\u00a0norte<\/span><\/td>\n<\/tr>\n<tr>\n<td><span data-path-to-node=\"7,6,0,0\"><b data-path-to-node=\"7,6,0,0\" data-index-in-node=\"0\">Fuerza de pinzamiento de los dedos<\/b><\/span><\/td>\n<td><span data-path-to-node=\"7,6,1,0\"><span class=\"math-inline\" data-math=\"\\geq 15\" data-index-in-node=\"0\">&gt;= 15<\/span>\u00a0norte<\/span><\/td>\n<\/tr>\n<tr>\n<td><span data-path-to-node=\"7,7,0,0\"><b data-path-to-node=\"7,7,0,0\" data-index-in-node=\"0\">Carga est\u00e1tica m\u00e1xima<\/b><\/span><\/td>\n<td><span data-path-to-node=\"7,7,1,0\">20 kilos<\/span><\/td>\n<\/tr>\n<tr>\n<td><span data-path-to-node=\"7,8,0,0\"><b data-path-to-node=\"7,8,0,0\" data-index-in-node=\"0\">Precisi\u00f3n de repetici\u00f3n<\/b><\/span><\/td>\n<td><span data-path-to-node=\"7,8,1,0\">0,1\u00b0<\/span><\/td>\n<\/tr>\n<tr>\n<td><span data-path-to-node=\"7,9,0,0\"><b data-path-to-node=\"7,9,0,0\" data-index-in-node=\"0\">Ruido de funcionamiento<\/b><\/span><\/td>\n<td><span data-path-to-node=\"7,9,1,0\"><span class=\"math-inline\" data-math=\"\\leq 50\" data-index-in-node=\"0\">&lt;= 50<\/span>\u00a0dB<\/span><\/td>\n<\/tr>\n<tr>\n<td><span data-path-to-node=\"7,10,0,0\"><b data-path-to-node=\"7,10,0,0\" data-index-in-node=\"0\">Comunicaci\u00f3n<\/b><\/span><\/td>\n<td><span data-path-to-node=\"7,10,1,0\">RS485, CAN-FD<\/span><\/td>\n<\/tr>\n<tr>\n<td><span data-path-to-node=\"7,11,0,0\"><b data-path-to-node=\"7,11,0,0\" data-index-in-node=\"0\">Rango de voltaje<\/b><\/span><\/td>\n<td><span data-path-to-node=\"7,11,1,0\">9 V \u2013 28 V<\/span><\/td>\n<\/tr>\n<\/tbody>\n<\/table>\n<hr data-path-to-node=\"8\" \/>\n<h4 data-path-to-node=\"9\"><b data-path-to-node=\"9\" data-index-in-node=\"0\">Comparaci\u00f3n: versiones b\u00e1sica y Pro\/Touch<\/b><\/h4>\n<p data-path-to-node=\"10\">El <b data-path-to-node=\"10\" data-index-in-node=\"4\">Versi\u00f3n b\u00e1sica<\/b> Est\u00e1 optimizado para el movimiento y la fuerza. <span class=\"citation-60 citation-end-60\">Si bien admite control de posici\u00f3n, velocidad y corriente, carece de ciertas funciones avanzadas que se encuentran en las versiones superiores:<\/span><\/p>\n<ul data-path-to-node=\"11\">\n<li>\n<p data-path-to-node=\"11,0,0\"><b data-path-to-node=\"11,0,0\" data-index-in-node=\"0\"><span class=\"citation-59\">Comunicaci\u00f3n:<\/span><\/b><span class=\"citation-59\"> Usos b\u00e1sicos RS485\/CAN-FD; las versiones Pro\/Touch agregan <\/span><b data-path-to-node=\"11,0,0\" data-index-in-node=\"67\"><span class=\"citation-59\">EtherCAT<\/span><\/b><span class=\"citation-59 citation-end-59\"> apoyo.<\/span><\/p>\n<\/li>\n<li>\n<p data-path-to-node=\"11,1,0\"><b data-path-to-node=\"11,1,0\" data-index-in-node=\"0\">Retroalimentaci\u00f3n t\u00e1ctil:<\/b> La versi\u00f3n b\u00e1sica no <b data-path-to-node=\"11,1,0\" data-index-in-node=\"41\">no<\/b> incluye el sistema de percepci\u00f3n t\u00e1ctil 3D (detecci\u00f3n de presi\u00f3n, fricci\u00f3n y direcci\u00f3n de fuerza) que se encuentra en el <b data-path-to-node=\"11,1,0\" data-index-in-node=\"149\">Revo 2 Touch<\/b>.<\/p>\n<\/li>\n<li>\n<p data-path-to-node=\"11,2,0\"><b data-path-to-node=\"11,2,0\" data-index-in-node=\"0\">Voltaje:<\/b> La versi\u00f3n b\u00e1sica funciona hasta 28 V, mientras que las versiones Pro\/Touch admiten un rango m\u00e1s amplio de hasta 64 V.<\/p>\n<\/li>\n<\/ul>\n<h4 data-path-to-node=\"12\"><b data-path-to-node=\"12\" data-index-in-node=\"0\">Aplicaciones ideales<\/b><\/h4>\n<ul data-path-to-node=\"13\">\n<li>\n<p data-path-to-node=\"13,0,0\"><b data-path-to-node=\"13,0,0\" data-index-in-node=\"0\"><span class=\"citation-58\">Investigaci\u00f3n sobre humanoides:<\/span><\/b><span class=\"citation-58 citation-end-58\"> Desarrollar la locomoci\u00f3n y el equilibrio al transportar objetos.<\/span><\/p>\n<\/li>\n<li>\n<p data-path-to-node=\"13,1,0\"><b data-path-to-node=\"13,1,0\" data-index-in-node=\"0\">Rob\u00f3tica de servicio:<\/b> Tareas sencillas de recogida y colocaci\u00f3n en entornos dom\u00e9sticos o de laboratorio.<\/p>\n<\/li>\n<li>\n<p data-path-to-node=\"13,2,0\"><b data-path-to-node=\"13,2,0\" data-index-in-node=\"0\">Educaci\u00f3n:<\/b> Ense\u00f1anza de cinem\u00e1tica y control bi\u00f3nico a nivel universitario.<\/p>\n<\/li>\n<li>\n<p data-path-to-node=\"13,3,0\"><b data-path-to-node=\"13,3,0\" data-index-in-node=\"0\">Entrenamiento de IA:<\/b><span class=\"citation-57 citation-end-57\"> Utilizando el aprendizaje de refuerzo para dominar gestos de agarre similares a los humanos.<\/span><\/p>\n<\/li>\n<\/ul>","protected":false},"excerpt":{"rendered":"<p class=\"first-token\" data-path-to-node=\"0\"><span class=\"\">El <\/span><b class=\"\" data-path-to-node=\"0\" data-index-in-node=\"4\">Mano diestra bi\u00f3nica Unitree R1 BrainCo Revo 2 (versi\u00f3n b\u00e1sica)<\/b><span class=\"\"> es de alto rendimiento,<\/span><span class=\"\"> Efector final rob\u00f3tico a escala humana dise\u00f1ado para la integraci\u00f3n con las plataformas humanoides Unitree R1 y G1.<\/span><span class=\"\"> Desarrollado por <\/span><b class=\"\" data-path-to-node=\"0\" data-index-in-node=\"209\">BrainCo<\/b><span class=\"\"> (l\u00edder en BCI y tecnolog\u00eda prot\u00e9sica),<\/span><span class=\"\"> El Revo 2 est\u00e1 dise\u00f1ado para imitar la forma y la funcionalidad de una mano humana,<\/span><span class=\"\"> priorizando una alta relaci\u00f3n potencia-peso y un control preciso.<\/span><\/p>\n<p data-path-to-node=\"1\"><span class=\"\">La \u201cVersi\u00f3n b\u00e1sica\u201d sirve como punto de entrada accesible para investigadores y desarrolladores que requieren manipulaci\u00f3n bi\u00f3nica sin la detecci\u00f3n t\u00e1ctil multimodal avanzada que se encuentra en los modelos \u201ct\u00e1ctiles\u201d de nivel superior.<\/span><\/p>","protected":false},"featured_media":21985,"comment_status":"open","ping_status":"closed","template":"","meta":[],"product_brand":[1087],"product_cat":[1038,1037,1102],"product_tag":[1088,1325,1113],"class_list":{"0":"post-23650","1":"product","2":"type-product","3":"status-publish","4":"has-post-thumbnail","6":"product_brand-unitree","7":"product_cat-humanoid","8":"product_cat-robotics","9":"product_cat-unitree-hum-accessories","10":"product_tag-unitree","11":"product_tag-unitree-r1-accessories","12":"product_tag-unitree-r1-series","14":"first","15":"onbackorder","16":"taxable","17":"shipping-taxable","18":"product-type-simple"},"yoast_head":"<!-- This site is optimized with the Yoast SEO plugin v27.1.1 - https:\/\/yoast.com\/product\/yoast-seo-wordpress\/ -->\n<title>Unitree R1 BrainCo Bionic Dexterous Hand Revo 2 Basic Version - Ghostysky<\/title>\n<meta name=\"description\" content=\"The Unitree R1 BrainCo Bionic Dexterous Hand Revo 2 (Basic Version) is a high-performance, human-scale robotic end-effector designed for integration with the Unitree R1 and G1 humanoid platforms. Developed by BrainCo (a leader in BCI and prosthetic technology), the Revo 2 is engineered to mimic the form and functionality of a human hand, prioritizing a high power-to-weight ratio and precise control.The &quot;Basic Version&quot; serves as the accessible entry point for researchers and developers who require bionic manipulation without the advanced multimodal tactile sensing found in the higher-tier &quot;Touch&quot; models.\" \/>\n<meta name=\"robots\" content=\"index, follow, max-snippet:-1, max-image-preview:large, max-video-preview:-1\" \/>\n<link rel=\"canonical\" href=\"https:\/\/www.ghostysky.com\/es\/producto-2\/unitree-r1-brainco-bionic-dexterous-hand-revo-2-basic-version\/\" \/>\n<meta property=\"og:locale\" content=\"es_ES\" \/>\n<meta property=\"og:type\" content=\"article\" \/>\n<meta property=\"og:title\" content=\"Unitree R1 BrainCo Bionic Dexterous Hand Revo 2 Basic Version - Ghostysky\" \/>\n<meta property=\"og:description\" content=\"The Unitree R1 BrainCo Bionic Dexterous Hand Revo 2 (Basic Version) is a high-performance, human-scale robotic end-effector designed for integration with the Unitree R1 and G1 humanoid platforms. Developed by BrainCo (a leader in BCI and prosthetic technology), the Revo 2 is engineered to mimic the form and functionality of a human hand, prioritizing a high power-to-weight ratio and precise control.The &quot;Basic Version&quot; serves as the accessible entry point for researchers and developers who require bionic manipulation without the advanced multimodal tactile sensing found in the higher-tier &quot;Touch&quot; models.\" \/>\n<meta property=\"og:url\" content=\"https:\/\/www.ghostysky.com\/es\/producto-2\/unitree-r1-brainco-bionic-dexterous-hand-revo-2-basic-version\/\" \/>\n<meta property=\"og:site_name\" content=\"Ghostysky\" \/>\n<meta property=\"article:publisher\" content=\"https:\/\/www.facebook.com\/people\/Ghostysky\/100057676170234\/\" \/>\n<meta property=\"article:modified_time\" content=\"2026-01-10T11:03:15+00:00\" \/>\n<meta property=\"og:image\" content=\"https:\/\/www.ghostysky.com\/wp-content\/uploads\/2025\/10\/GH_Unitree.svg_logo_1.png\" \/>\n\t<meta property=\"og:image:width\" content=\"2560\" \/>\n\t<meta property=\"og:image:height\" content=\"577\" \/>\n\t<meta property=\"og:image:type\" content=\"image\/png\" \/>\n<meta name=\"twitter:card\" content=\"summary_large_image\" \/>\n<meta name=\"twitter:site\" content=\"@Gh0stysky\" \/>\n<meta name=\"twitter:label1\" content=\"Tiempo de lectura\" \/>\n\t<meta name=\"twitter:data1\" content=\"2 minutos\" \/>\n<script type=\"application\/ld+json\" class=\"yoast-schema-graph\">{\"@context\":\"https:\/\/schema.org\",\"@graph\":[{\"@type\":\"WebPage\",\"@id\":\"https:\/\/www.ghostysky.com\/product\/unitree-r1-brainco-bionic-dexterous-hand-revo-2-basic-version\/\",\"url\":\"https:\/\/www.ghostysky.com\/product\/unitree-r1-brainco-bionic-dexterous-hand-revo-2-basic-version\/\",\"name\":\"Unitree R1 BrainCo Bionic Dexterous Hand Revo 2 Basic Version - Ghostysky\",\"isPartOf\":{\"@id\":\"https:\/\/www.ghostysky.com\/#website\"},\"primaryImageOfPage\":{\"@id\":\"https:\/\/www.ghostysky.com\/product\/unitree-r1-brainco-bionic-dexterous-hand-revo-2-basic-version\/#primaryimage\"},\"image\":{\"@id\":\"https:\/\/www.ghostysky.com\/product\/unitree-r1-brainco-bionic-dexterous-hand-revo-2-basic-version\/#primaryimage\"},\"thumbnailUrl\":\"https:\/\/www.ghostysky.com\/wp-content\/uploads\/2025\/10\/GH_Unitree.svg_logo_1.png\",\"datePublished\":\"2026-01-10T10:48:09+00:00\",\"dateModified\":\"2026-01-10T11:03:15+00:00\",\"description\":\"The Unitree R1 BrainCo Bionic Dexterous Hand Revo 2 (Basic Version) is a high-performance, human-scale robotic end-effector designed for integration with the Unitree R1 and G1 humanoid platforms. Developed by BrainCo (a leader in BCI and prosthetic technology), the Revo 2 is engineered to mimic the form and functionality of a human hand, prioritizing a high power-to-weight ratio and precise control.The \\\"Basic Version\\\" serves as the accessible entry point for researchers and developers who require bionic manipulation without the advanced multimodal tactile sensing found in the higher-tier \\\"Touch\\\" models.\",\"breadcrumb\":{\"@id\":\"https:\/\/www.ghostysky.com\/product\/unitree-r1-brainco-bionic-dexterous-hand-revo-2-basic-version\/#breadcrumb\"},\"inLanguage\":\"es\",\"potentialAction\":[{\"@type\":\"ReadAction\",\"target\":[\"https:\/\/www.ghostysky.com\/product\/unitree-r1-brainco-bionic-dexterous-hand-revo-2-basic-version\/\"]}]},{\"@type\":\"ImageObject\",\"inLanguage\":\"es\",\"@id\":\"https:\/\/www.ghostysky.com\/product\/unitree-r1-brainco-bionic-dexterous-hand-revo-2-basic-version\/#primaryimage\",\"url\":\"https:\/\/www.ghostysky.com\/wp-content\/uploads\/2025\/10\/GH_Unitree.svg_logo_1.png\",\"contentUrl\":\"https:\/\/www.ghostysky.com\/wp-content\/uploads\/2025\/10\/GH_Unitree.svg_logo_1.png\",\"width\":2560,\"height\":577},{\"@type\":\"BreadcrumbList\",\"@id\":\"https:\/\/www.ghostysky.com\/product\/unitree-r1-brainco-bionic-dexterous-hand-revo-2-basic-version\/#breadcrumb\",\"itemListElement\":[{\"@type\":\"ListItem\",\"position\":1,\"name\":\"Home\",\"item\":\"https:\/\/www.ghostysky.com\/\"},{\"@type\":\"ListItem\",\"position\":2,\"name\":\"Shop\",\"item\":\"https:\/\/www.ghostysky.com\/shop\/\"},{\"@type\":\"ListItem\",\"position\":3,\"name\":\"Unitree R1 BrainCo Bionic Dexterous Hand Revo 2 Basic Version\"}]},{\"@type\":\"WebSite\",\"@id\":\"https:\/\/www.ghostysky.com\/#website\",\"url\":\"https:\/\/www.ghostysky.com\/\",\"name\":\"Ghostysky\",\"description\":\"Delivering professional drones and services\",\"publisher\":{\"@id\":\"https:\/\/www.ghostysky.com\/#organization\"},\"potentialAction\":[{\"@type\":\"SearchAction\",\"target\":{\"@type\":\"EntryPoint\",\"urlTemplate\":\"https:\/\/www.ghostysky.com\/?s={search_term_string}\"},\"query-input\":{\"@type\":\"PropertyValueSpecification\",\"valueRequired\":true,\"valueName\":\"search_term_string\"}}],\"inLanguage\":\"es\"},{\"@type\":\"Organization\",\"@id\":\"https:\/\/www.ghostysky.com\/#organization\",\"name\":\"Ghostysky\",\"url\":\"https:\/\/www.ghostysky.com\/\",\"logo\":{\"@type\":\"ImageObject\",\"inLanguage\":\"es\",\"@id\":\"https:\/\/www.ghostysky.com\/#\/schema\/logo\/image\/\",\"url\":\"https:\/\/www.ghostysky.com\/wp-content\/uploads\/2020\/06\/cropped-ghostyskylogo_text_white2.png\",\"contentUrl\":\"https:\/\/www.ghostysky.com\/wp-content\/uploads\/2020\/06\/cropped-ghostyskylogo_text_white2.png\",\"width\":169,\"height\":56,\"caption\":\"Ghostysky\"},\"image\":{\"@id\":\"https:\/\/www.ghostysky.com\/#\/schema\/logo\/image\/\"},\"sameAs\":[\"https:\/\/www.facebook.com\/people\/Ghostysky\/100057676170234\/\",\"https:\/\/x.com\/Gh0stysky\",\"https:\/\/www.linkedin.com\/company\/34739653\",\"https:\/\/www.instagram.com\/gh0stysky\"]}]}<\/script>\n<!-- \/ Yoast SEO plugin. -->","yoast_head_json":{"title":"Mano diestra bi\u00f3nica Unitree R1 BrainCo Revo 2, versi\u00f3n b\u00e1sica - Ghostysky","description":"La Mano Bi\u00f3nica Diestra Unitree R1 BrainCo Revo 2 (Versi\u00f3n B\u00e1sica) es un efector final rob\u00f3tico de alto rendimiento a escala humana, dise\u00f1ado para integrarse con las plataformas humanoides Unitree R1 y G1. Desarrollada por BrainCo (l\u00edder en BCI y tecnolog\u00eda prot\u00e9sica), la Revo 2 est\u00e1 dise\u00f1ada para imitar la forma y la funcionalidad de una mano humana, priorizando una alta relaci\u00f3n potencia-peso y un control preciso. La &quot;Versi\u00f3n B\u00e1sica&quot; sirve como punto de acceso accesible para investigadores y desarrolladores que requieren manipulaci\u00f3n bi\u00f3nica sin la detecci\u00f3n t\u00e1ctil multimodal avanzada de los modelos t\u00e1ctiles de gama alta.","robots":{"index":"index","follow":"follow","max-snippet":"max-snippet:-1","max-image-preview":"max-image-preview:large","max-video-preview":"max-video-preview:-1"},"canonical":"https:\/\/www.ghostysky.com\/es\/producto-2\/unitree-r1-brainco-bionic-dexterous-hand-revo-2-basic-version\/","og_locale":"es_ES","og_type":"article","og_title":"Unitree R1 BrainCo Bionic Dexterous Hand Revo 2 Basic Version - Ghostysky","og_description":"The Unitree R1 BrainCo Bionic Dexterous Hand Revo 2 (Basic Version) is a high-performance, human-scale robotic end-effector designed for integration with the Unitree R1 and G1 humanoid platforms. Developed by BrainCo (a leader in BCI and prosthetic technology), the Revo 2 is engineered to mimic the form and functionality of a human hand, prioritizing a high power-to-weight ratio and precise control.The \"Basic Version\" serves as the accessible entry point for researchers and developers who require bionic manipulation without the advanced multimodal tactile sensing found in the higher-tier \"Touch\" models.","og_url":"https:\/\/www.ghostysky.com\/es\/producto-2\/unitree-r1-brainco-bionic-dexterous-hand-revo-2-basic-version\/","og_site_name":"Ghostysky","article_publisher":"https:\/\/www.facebook.com\/people\/Ghostysky\/100057676170234\/","article_modified_time":"2026-01-10T11:03:15+00:00","og_image":[{"width":2560,"height":577,"url":"https:\/\/www.ghostysky.com\/wp-content\/uploads\/2025\/10\/GH_Unitree.svg_logo_1.png","type":"image\/png"}],"twitter_card":"summary_large_image","twitter_site":"@Gh0stysky","twitter_misc":{"Tiempo de lectura":"2 minutos"},"schema":{"@context":"https:\/\/schema.org","@graph":[{"@type":"WebPage","@id":"https:\/\/www.ghostysky.com\/product\/unitree-r1-brainco-bionic-dexterous-hand-revo-2-basic-version\/","url":"https:\/\/www.ghostysky.com\/product\/unitree-r1-brainco-bionic-dexterous-hand-revo-2-basic-version\/","name":"Mano diestra bi\u00f3nica Unitree R1 BrainCo Revo 2, versi\u00f3n b\u00e1sica - Ghostysky","isPartOf":{"@id":"https:\/\/www.ghostysky.com\/#website"},"primaryImageOfPage":{"@id":"https:\/\/www.ghostysky.com\/product\/unitree-r1-brainco-bionic-dexterous-hand-revo-2-basic-version\/#primaryimage"},"image":{"@id":"https:\/\/www.ghostysky.com\/product\/unitree-r1-brainco-bionic-dexterous-hand-revo-2-basic-version\/#primaryimage"},"thumbnailUrl":"https:\/\/www.ghostysky.com\/wp-content\/uploads\/2025\/10\/GH_Unitree.svg_logo_1.png","datePublished":"2026-01-10T10:48:09+00:00","dateModified":"2026-01-10T11:03:15+00:00","description":"La Mano Bi\u00f3nica Diestra Unitree R1 BrainCo Revo 2 (Versi\u00f3n B\u00e1sica) es un efector final rob\u00f3tico de alto rendimiento a escala humana, dise\u00f1ado para integrarse con las plataformas humanoides Unitree R1 y G1. Desarrollada por BrainCo (l\u00edder en BCI y tecnolog\u00eda prot\u00e9sica), la Revo 2 est\u00e1 dise\u00f1ada para imitar la forma y la funcionalidad de una mano humana, priorizando una alta relaci\u00f3n potencia-peso y un control preciso. La &quot;Versi\u00f3n B\u00e1sica&quot; sirve como punto de acceso accesible para investigadores y desarrolladores que requieren manipulaci\u00f3n bi\u00f3nica sin la detecci\u00f3n t\u00e1ctil multimodal avanzada de los modelos t\u00e1ctiles de gama alta.","breadcrumb":{"@id":"https:\/\/www.ghostysky.com\/product\/unitree-r1-brainco-bionic-dexterous-hand-revo-2-basic-version\/#breadcrumb"},"inLanguage":"es","potentialAction":[{"@type":"ReadAction","target":["https:\/\/www.ghostysky.com\/product\/unitree-r1-brainco-bionic-dexterous-hand-revo-2-basic-version\/"]}]},{"@type":"ImageObject","inLanguage":"es","@id":"https:\/\/www.ghostysky.com\/product\/unitree-r1-brainco-bionic-dexterous-hand-revo-2-basic-version\/#primaryimage","url":"https:\/\/www.ghostysky.com\/wp-content\/uploads\/2025\/10\/GH_Unitree.svg_logo_1.png","contentUrl":"https:\/\/www.ghostysky.com\/wp-content\/uploads\/2025\/10\/GH_Unitree.svg_logo_1.png","width":2560,"height":577},{"@type":"BreadcrumbList","@id":"https:\/\/www.ghostysky.com\/product\/unitree-r1-brainco-bionic-dexterous-hand-revo-2-basic-version\/#breadcrumb","itemListElement":[{"@type":"ListItem","position":1,"name":"Home","item":"https:\/\/www.ghostysky.com\/"},{"@type":"ListItem","position":2,"name":"Shop","item":"https:\/\/www.ghostysky.com\/shop\/"},{"@type":"ListItem","position":3,"name":"Unitree R1 BrainCo Bionic Dexterous Hand Revo 2 Basic Version"}]},{"@type":"WebSite","@id":"https:\/\/www.ghostysky.com\/#website","url":"https:\/\/www.ghostysky.com\/","name":"Ghostysky","description":"Entrega de drones y servicios profesionales","publisher":{"@id":"https:\/\/www.ghostysky.com\/#organization"},"potentialAction":[{"@type":"SearchAction","target":{"@type":"EntryPoint","urlTemplate":"https:\/\/www.ghostysky.com\/?s={search_term_string}"},"query-input":{"@type":"PropertyValueSpecification","valueRequired":true,"valueName":"search_term_string"}}],"inLanguage":"es"},{"@type":"Organization","@id":"https:\/\/www.ghostysky.com\/#organization","name":"Ghostysky","url":"https:\/\/www.ghostysky.com\/","logo":{"@type":"ImageObject","inLanguage":"es","@id":"https:\/\/www.ghostysky.com\/#\/schema\/logo\/image\/","url":"https:\/\/www.ghostysky.com\/wp-content\/uploads\/2020\/06\/cropped-ghostyskylogo_text_white2.png","contentUrl":"https:\/\/www.ghostysky.com\/wp-content\/uploads\/2020\/06\/cropped-ghostyskylogo_text_white2.png","width":169,"height":56,"caption":"Ghostysky"},"image":{"@id":"https:\/\/www.ghostysky.com\/#\/schema\/logo\/image\/"},"sameAs":["https:\/\/www.facebook.com\/people\/Ghostysky\/100057676170234\/","https:\/\/x.com\/Gh0stysky","https:\/\/www.linkedin.com\/company\/34739653","https:\/\/www.instagram.com\/gh0stysky"]}]}},"_links":{"self":[{"href":"https:\/\/www.ghostysky.com\/es\/wp-json\/wp\/v2\/product\/23650","targetHints":{"allow":["GET"]}}],"collection":[{"href":"https:\/\/www.ghostysky.com\/es\/wp-json\/wp\/v2\/product"}],"about":[{"href":"https:\/\/www.ghostysky.com\/es\/wp-json\/wp\/v2\/types\/product"}],"replies":[{"embeddable":true,"href":"https:\/\/www.ghostysky.com\/es\/wp-json\/wp\/v2\/comments?post=23650"}],"wp:featuredmedia":[{"embeddable":true,"href":"https:\/\/www.ghostysky.com\/es\/wp-json\/wp\/v2\/media\/21985"}],"wp:attachment":[{"href":"https:\/\/www.ghostysky.com\/es\/wp-json\/wp\/v2\/media?parent=23650"}],"wp:term":[{"taxonomy":"product_brand","embeddable":true,"href":"https:\/\/www.ghostysky.com\/es\/wp-json\/wp\/v2\/product_brand?post=23650"},{"taxonomy":"product_cat","embeddable":true,"href":"https:\/\/www.ghostysky.com\/es\/wp-json\/wp\/v2\/product_cat?post=23650"},{"taxonomy":"product_tag","embeddable":true,"href":"https:\/\/www.ghostysky.com\/es\/wp-json\/wp\/v2\/product_tag?post=23650"}],"curies":[{"name":"wp","href":"https:\/\/api.w.org\/{rel}","templated":true}]}}