{"id":23655,"date":"2026-01-10T11:11:56","date_gmt":"2026-01-10T11:11:56","guid":{"rendered":"https:\/\/www.ghostysky.com\/?post_type=product&#038;p=23655"},"modified":"2026-01-10T11:22:16","modified_gmt":"2026-01-10T11:22:16","slug":"unitree-h2","status":"publish","type":"product","link":"https:\/\/www.ghostysky.com\/es\/product\/unitree-h2\/","title":{"rendered":"Unitree H2"},"content":{"rendered":"<h4 data-path-to-node=\"3\">Especificaciones t\u00e9cnicas clave<\/h4>\n<table data-path-to-node=\"4\">\n<thead>\n<tr>\n<td><strong>Caracter\u00edstica<\/strong><\/td>\n<td><strong>Especificaci\u00f3n<\/strong><\/td>\n<\/tr>\n<\/thead>\n<tbody>\n<tr>\n<td><span data-path-to-node=\"4,1,0,0\"><b data-path-to-node=\"4,1,0,0\" data-index-in-node=\"0\">Altura<\/b><\/span><\/td>\n<td><span data-path-to-node=\"4,1,1,0\">182 cm (6\u2032 0\u2033)<\/span><\/td>\n<\/tr>\n<tr>\n<td><span data-path-to-node=\"4,2,0,0\"><b data-path-to-node=\"4,2,0,0\" data-index-in-node=\"0\">Peso<\/b><\/span><\/td>\n<td><span data-path-to-node=\"4,2,1,0\">~70 kg (154 libras)<\/span><\/td>\n<\/tr>\n<tr>\n<td><span data-path-to-node=\"4,3,0,0\"><b data-path-to-node=\"4,3,0,0\" data-index-in-node=\"0\">Grados de libertad<\/b><\/span><\/td>\n<td><span data-path-to-node=\"4,3,1,0\">31 articulaciones (6 por pierna, 7 por brazo, 3 de cintura, 2 de cuello)<\/span><\/td>\n<\/tr>\n<tr>\n<td><span data-path-to-node=\"4,4,0,0\"><b data-path-to-node=\"4,4,0,0\" data-index-in-node=\"0\">Par m\u00e1ximo<\/b><\/span><\/td>\n<td><span data-path-to-node=\"4,4,1,0\">360 Nm (piernas) \/ 120 Nm (brazos)<\/span><\/td>\n<\/tr>\n<tr>\n<td><span data-path-to-node=\"4,5,0,0\"><b data-path-to-node=\"4,5,0,0\" data-index-in-node=\"0\">Carga \u00fatil<\/b><\/span><\/td>\n<td><span data-path-to-node=\"4,5,1,0\">7 kg nominal \/ 15-21 kg pico (por brazo)<\/span><\/td>\n<\/tr>\n<tr>\n<td><span data-path-to-node=\"4,6,0,0\"><b data-path-to-node=\"4,6,0,0\" data-index-in-node=\"0\">Duraci\u00f3n de la bater\u00eda<\/b><\/span><\/td>\n<td><span data-path-to-node=\"4,6,1,0\">~3 horas (0,97 kWh \/ 15 Ah)<\/span><\/td>\n<\/tr>\n<tr>\n<td><span data-path-to-node=\"4,7,0,0\"><b data-path-to-node=\"4,7,0,0\" data-index-in-node=\"0\">Computaci\u00f3n<\/b><\/span><\/td>\n<td><span data-path-to-node=\"4,7,1,0\">Intel Core i5\/i7 + NVIDIA Jetson Orin opcional (2070 TOPS)<\/span><\/td>\n<\/tr>\n<tr>\n<td><span data-path-to-node=\"4,8,0,0\"><b data-path-to-node=\"4,8,0,0\" data-index-in-node=\"0\">Conectividad<\/b><\/span><\/td>\n<td><span data-path-to-node=\"4,8,1,0\">Wi-Fi 6, Bluetooth 5.2<\/span><\/td>\n<\/tr>\n<\/tbody>\n<\/table>\n<p>&nbsp;<\/p>\n<h4 data-path-to-node=\"6\">Capacidades y caracter\u00edsticas principales<\/h4>\n<ul data-path-to-node=\"7\">\n<li>\n<p data-path-to-node=\"7,0,0\"><b data-path-to-node=\"7,0,0\" data-index-in-node=\"0\">Agilidad din\u00e1mica:<\/b><span class=\"citation-143\"> El H2 ha ganado atenci\u00f3n viral por sus capacidades de &quot;artes marciales&quot;, incluidas <\/span><b data-path-to-node=\"7,0,0\" data-index-in-node=\"98\"><span class=\"citation-143\">patadas giratorias de 360 grados<\/span><\/b><span class=\"citation-143 citation-end-143\">, volteretas hacia atr\u00e1s y golpear bolsas de arena de 60 kg manteniendo un equilibrio perfecto.<\/span><\/p>\n<\/li>\n<li>\n<p data-path-to-node=\"7,1,0\"><b data-path-to-node=\"7,1,0\" data-index-in-node=\"0\">Est\u00e9tica bi\u00f3nica:<\/b><span class=\"citation-142 citation-end-142\"> A diferencia del aspecto industrial \u201crob\u00f3tico\u201d del H1, el H2 presenta un rostro plateado, elegante y similar al humano y una carrocer\u00eda refinada, cuyo objetivo es hacerlo m\u00e1s accesible para funciones de hospitalidad y servicio.<\/span><\/p>\n<\/li>\n<li>\n<p data-path-to-node=\"7,2,0\"><b data-path-to-node=\"7,2,0\" data-index-in-node=\"0\"><span class=\"citation-141\">Articulaci\u00f3n avanzada:<\/span><\/b><span class=\"citation-141 citation-end-141\"> Con 7 grados de libertad por brazo y una cintura de 3 grados de libertad, el H2 puede realizar gestos matizados y tareas basadas en el alcance con las que los modelos anteriores ten\u00edan dificultades.<\/span><\/p>\n<\/li>\n<li>\n<p data-path-to-node=\"7,3,0\"><b data-path-to-node=\"7,3,0\" data-index-in-node=\"0\"><span class=\"citation-140\">IA y percepci\u00f3n:<\/span><\/b><span class=\"citation-140 citation-end-140\"> Est\u00e1 equipado con un sistema de c\u00e1mara de profundidad binocular y un conjunto de micr\u00f3fonos para interacci\u00f3n de voz.<sup class=\"superscript\" data-turn-source-index=\"7\">7<\/sup><\/span> <span class=\"citation-139 citation-end-139\">Sus m\u00f3dulos de alto rendimiento admiten modelos de IA a gran escala para la navegaci\u00f3n en tiempo real y el reconocimiento de gestos.<\/span><\/p>\n<\/li>\n<\/ul>\n<h4 data-path-to-node=\"8\">H2 vs. H1: \u00bfQu\u00e9 ha cambiado?<\/h4>\n<ol start=\"1\" data-path-to-node=\"9\">\n<li>\n<p data-path-to-node=\"9,0,0\"><b data-path-to-node=\"9,0,0\" data-index-in-node=\"0\">Velocidad vs. <span class=\"citation-138\">Habilidad:<\/span><\/b><span class=\"citation-138\"> El H1 rompi\u00f3 r\u00e9cords mundiales de velocidad (3,3 m\/s), pero el H2 prioriza <\/span><b data-path-to-node=\"9,0,0\" data-index-in-node=\"88\"><span class=\"citation-138\">torsi\u00f3n y destreza<\/span><\/b><span class=\"citation-138 citation-end-138\">, movi\u00e9ndose a una velocidad m\u00e1s estable de &lt;2 m\/s.<\/span><\/p>\n<\/li>\n<li>\n<p data-path-to-node=\"9,1,0\"><b data-path-to-node=\"9,1,0\" data-index-in-node=\"0\">Cuello y cintura:<\/b><span class=\"citation-137 citation-end-137\"> El H2 agrega un cuello de 2 grados de libertad y una cintura de 3 grados de libertad altamente flexible, lo que le permite mirar a su alrededor y girar su torso como un humano.<\/span><\/p>\n<\/li>\n<li>\n<p data-path-to-node=\"9,2,0\"><b data-path-to-node=\"9,2,0\" data-index-in-node=\"0\"><span class=\"citation-136\">Resistencia:<\/span><\/b><span class=\"citation-136 citation-end-136\"> Un sistema de bater\u00eda de mayor voltaje (75,6 V) proporciona una mejor eficiencia del motor y ventanas operativas m\u00e1s prolongadas.<\/span><\/p>\n<\/li>\n<\/ol>","protected":false},"excerpt":{"rendered":"<p data-path-to-node=\"0\"><span class=\"citation-146\">El <\/span><b data-path-to-node=\"0\" data-index-in-node=\"4\"><span class=\"citation-146\">Unitree H2<\/span><\/b><span class=\"citation-146 citation-end-146\"> (a menudo denominado por la empresa como \u201cDestiny Awakening\u201d) es el \u00faltimo robot humanoide de tama\u00f1o completo estrella de Unitree.<\/span> <span class=\"citation-145\">Presentado a finales de 2025, el H2 marca un giro significativo desde la velocidad pura de su predecesor, el H1, hacia <\/span><b data-path-to-node=\"0\" data-index-in-node=\"239\"><span class=\"citation-145 citation-end-145\">Fluidez, expresi\u00f3n humana y manipulaci\u00f3n compleja.<\/span><\/b><\/p>\n<p data-path-to-node=\"0\"><span class=\"citation-146\">El <\/span><b data-path-to-node=\"0\" data-index-in-node=\"4\"><span class=\"citation-146\">Unitree H2<\/span><\/b><span class=\"citation-146 citation-end-146\"> (a menudo denominado por la empresa como \u201cDestiny Awakening\u201d) es el \u00faltimo robot humanoide de tama\u00f1o completo estrella de Unitree.<\/span> <span class=\"citation-145\">Presentado a finales de 2025, el H2 marca un giro significativo desde la velocidad pura de su predecesor, el H1, hacia <\/span><b data-path-to-node=\"0\" data-index-in-node=\"239\"><span class=\"citation-145 citation-end-145\">Fluidez, expresi\u00f3n similar a la humana y manipulaci\u00f3n compleja<\/span><\/b><span class=\"citation-144 citation-end-144\">.<\/span><\/p>","protected":false},"featured_media":23657,"comment_status":"open","ping_status":"closed","template":"","meta":[],"product_brand":[1087],"product_cat":[1038,1037,1103],"product_tag":[1088,1327,1326],"class_list":{"0":"post-23655","1":"product","2":"type-product","3":"status-publish","4":"has-post-thumbnail","6":"product_brand-unitree","7":"product_cat-humanoid","8":"product_cat-robotics","9":"product_cat-unitree-hum-robots","10":"product_tag-unitree","11":"product_tag-unitree-h2-robots","12":"product_tag-unitree-h2-series","14":"first","15":"onbackorder","16":"taxable","17":"shipping-taxable","18":"purchasable","19":"product-type-simple"},"yoast_head":"<!-- This site is optimized with the Yoast SEO plugin v27.1.1 - https:\/\/yoast.com\/product\/yoast-seo-wordpress\/ -->\n<title>Unitree H2 - Ghostysky<\/title>\n<meta name=\"description\" content=\"The Unitree H2 (often referred to by the company as &quot;Destiny Awakening&quot;) is Unitree\u2019s latest flagship full-sized humanoid robot. Unveiled in late 2025, the H2 marks a significant pivot from the raw speed of its predecessor, the H1, toward fluidity, human-like expression, and complex manipulation.+1Standing at roughly 1.8 meters tall, the H2 is designed to operate in human environments, with a focus on service, research, and high-end industrial tasks.\" \/>\n<meta name=\"robots\" content=\"index, follow, max-snippet:-1, max-image-preview:large, max-video-preview:-1\" \/>\n<link rel=\"canonical\" href=\"https:\/\/www.ghostysky.com\/es\/producto-2\/unitree-h2\/\" \/>\n<meta property=\"og:locale\" content=\"es_ES\" \/>\n<meta property=\"og:type\" content=\"article\" \/>\n<meta property=\"og:title\" content=\"Unitree H2 - Ghostysky\" \/>\n<meta property=\"og:description\" content=\"The Unitree H2 (often referred to by the company as &quot;Destiny Awakening&quot;) is Unitree\u2019s latest flagship full-sized humanoid robot. Unveiled in late 2025, the H2 marks a significant pivot from the raw speed of its predecessor, the H1, toward fluidity, human-like expression, and complex manipulation.+1Standing at roughly 1.8 meters tall, the H2 is designed to operate in human environments, with a focus on service, research, and high-end industrial tasks.\" \/>\n<meta property=\"og:url\" content=\"https:\/\/www.ghostysky.com\/es\/producto-2\/unitree-h2\/\" \/>\n<meta property=\"og:site_name\" content=\"Ghostysky\" \/>\n<meta property=\"article:publisher\" content=\"https:\/\/www.facebook.com\/people\/Ghostysky\/100057676170234\/\" \/>\n<meta property=\"article:modified_time\" content=\"2026-01-10T11:22:16+00:00\" \/>\n<meta property=\"og:image\" content=\"https:\/\/www.ghostysky.com\/wp-content\/uploads\/2026\/01\/GH_Unitree_H2.jpg\" \/>\n\t<meta property=\"og:image:width\" content=\"560\" \/>\n\t<meta property=\"og:image:height\" content=\"560\" \/>\n\t<meta property=\"og:image:type\" content=\"image\/jpeg\" \/>\n<meta name=\"twitter:card\" content=\"summary_large_image\" \/>\n<meta name=\"twitter:site\" content=\"@Gh0stysky\" \/>\n<meta name=\"twitter:label1\" content=\"Tiempo de lectura\" \/>\n\t<meta name=\"twitter:data1\" content=\"2 minutos\" \/>\n<script type=\"application\/ld+json\" class=\"yoast-schema-graph\">{\"@context\":\"https:\/\/schema.org\",\"@graph\":[{\"@type\":\"WebPage\",\"@id\":\"https:\/\/www.ghostysky.com\/product\/unitree-h2\/\",\"url\":\"https:\/\/www.ghostysky.com\/product\/unitree-h2\/\",\"name\":\"Unitree H2 - Ghostysky\",\"isPartOf\":{\"@id\":\"https:\/\/www.ghostysky.com\/#website\"},\"primaryImageOfPage\":{\"@id\":\"https:\/\/www.ghostysky.com\/product\/unitree-h2\/#primaryimage\"},\"image\":{\"@id\":\"https:\/\/www.ghostysky.com\/product\/unitree-h2\/#primaryimage\"},\"thumbnailUrl\":\"https:\/\/www.ghostysky.com\/wp-content\/uploads\/2026\/01\/GH_Unitree_H2.jpg\",\"datePublished\":\"2026-01-10T11:11:56+00:00\",\"dateModified\":\"2026-01-10T11:22:16+00:00\",\"description\":\"The Unitree H2 (often referred to by the company as \\\"Destiny Awakening\\\") is Unitree\u2019s latest flagship full-sized humanoid robot. Unveiled in late 2025, the H2 marks a significant pivot from the raw speed of its predecessor, the H1, toward fluidity, human-like expression, and complex manipulation.+1Standing at roughly 1.8 meters tall, the H2 is designed to operate in human environments, with a focus on service, research, and high-end industrial tasks.\",\"breadcrumb\":{\"@id\":\"https:\/\/www.ghostysky.com\/product\/unitree-h2\/#breadcrumb\"},\"inLanguage\":\"es\",\"potentialAction\":[{\"@type\":\"ReadAction\",\"target\":[\"https:\/\/www.ghostysky.com\/product\/unitree-h2\/\"]}]},{\"@type\":\"ImageObject\",\"inLanguage\":\"es\",\"@id\":\"https:\/\/www.ghostysky.com\/product\/unitree-h2\/#primaryimage\",\"url\":\"https:\/\/www.ghostysky.com\/wp-content\/uploads\/2026\/01\/GH_Unitree_H2.jpg\",\"contentUrl\":\"https:\/\/www.ghostysky.com\/wp-content\/uploads\/2026\/01\/GH_Unitree_H2.jpg\",\"width\":560,\"height\":560},{\"@type\":\"BreadcrumbList\",\"@id\":\"https:\/\/www.ghostysky.com\/product\/unitree-h2\/#breadcrumb\",\"itemListElement\":[{\"@type\":\"ListItem\",\"position\":1,\"name\":\"Home\",\"item\":\"https:\/\/www.ghostysky.com\/\"},{\"@type\":\"ListItem\",\"position\":2,\"name\":\"Shop\",\"item\":\"https:\/\/www.ghostysky.com\/shop\/\"},{\"@type\":\"ListItem\",\"position\":3,\"name\":\"Unitree H2\"}]},{\"@type\":\"WebSite\",\"@id\":\"https:\/\/www.ghostysky.com\/#website\",\"url\":\"https:\/\/www.ghostysky.com\/\",\"name\":\"Ghostysky\",\"description\":\"Delivering professional drones and services\",\"publisher\":{\"@id\":\"https:\/\/www.ghostysky.com\/#organization\"},\"potentialAction\":[{\"@type\":\"SearchAction\",\"target\":{\"@type\":\"EntryPoint\",\"urlTemplate\":\"https:\/\/www.ghostysky.com\/?s={search_term_string}\"},\"query-input\":{\"@type\":\"PropertyValueSpecification\",\"valueRequired\":true,\"valueName\":\"search_term_string\"}}],\"inLanguage\":\"es\"},{\"@type\":\"Organization\",\"@id\":\"https:\/\/www.ghostysky.com\/#organization\",\"name\":\"Ghostysky\",\"url\":\"https:\/\/www.ghostysky.com\/\",\"logo\":{\"@type\":\"ImageObject\",\"inLanguage\":\"es\",\"@id\":\"https:\/\/www.ghostysky.com\/#\/schema\/logo\/image\/\",\"url\":\"https:\/\/www.ghostysky.com\/wp-content\/uploads\/2020\/06\/cropped-ghostyskylogo_text_white2.png\",\"contentUrl\":\"https:\/\/www.ghostysky.com\/wp-content\/uploads\/2020\/06\/cropped-ghostyskylogo_text_white2.png\",\"width\":169,\"height\":56,\"caption\":\"Ghostysky\"},\"image\":{\"@id\":\"https:\/\/www.ghostysky.com\/#\/schema\/logo\/image\/\"},\"sameAs\":[\"https:\/\/www.facebook.com\/people\/Ghostysky\/100057676170234\/\",\"https:\/\/x.com\/Gh0stysky\",\"https:\/\/www.linkedin.com\/company\/34739653\",\"https:\/\/www.instagram.com\/gh0stysky\"]}]}<\/script>\n<!-- \/ Yoast SEO plugin. -->","yoast_head_json":{"title":"Unitree H2 - Cielo fantasmal","description":"El Unitree H2 (al que la compa\u00f1\u00eda suele llamar &quot;Despertar del Destino&quot;) es el \u00faltimo robot humanoide insignia de Unitree. Presentado a finales de 2025, el H2 marca un cambio significativo respecto a la velocidad de su predecesor, el H1, hacia la fluidez, la expresi\u00f3n similar a la humana y la manipulaci\u00f3n compleja. Con una altura aproximada de 1,8 metros, el H2 est\u00e1 dise\u00f1ado para operar en entornos humanos, con un enfoque en el servicio, la investigaci\u00f3n y las tareas industriales de alta gama.","robots":{"index":"index","follow":"follow","max-snippet":"max-snippet:-1","max-image-preview":"max-image-preview:large","max-video-preview":"max-video-preview:-1"},"canonical":"https:\/\/www.ghostysky.com\/es\/producto-2\/unitree-h2\/","og_locale":"es_ES","og_type":"article","og_title":"Unitree H2 - Ghostysky","og_description":"The Unitree H2 (often referred to by the company as \"Destiny Awakening\") is Unitree\u2019s latest flagship full-sized humanoid robot. Unveiled in late 2025, the H2 marks a significant pivot from the raw speed of its predecessor, the H1, toward fluidity, human-like expression, and complex manipulation.+1Standing at roughly 1.8 meters tall, the H2 is designed to operate in human environments, with a focus on service, research, and high-end industrial tasks.","og_url":"https:\/\/www.ghostysky.com\/es\/producto-2\/unitree-h2\/","og_site_name":"Ghostysky","article_publisher":"https:\/\/www.facebook.com\/people\/Ghostysky\/100057676170234\/","article_modified_time":"2026-01-10T11:22:16+00:00","og_image":[{"width":560,"height":560,"url":"https:\/\/www.ghostysky.com\/wp-content\/uploads\/2026\/01\/GH_Unitree_H2.jpg","type":"image\/jpeg"}],"twitter_card":"summary_large_image","twitter_site":"@Gh0stysky","twitter_misc":{"Tiempo de lectura":"2 minutos"},"schema":{"@context":"https:\/\/schema.org","@graph":[{"@type":"WebPage","@id":"https:\/\/www.ghostysky.com\/product\/unitree-h2\/","url":"https:\/\/www.ghostysky.com\/product\/unitree-h2\/","name":"Unitree H2 - Cielo fantasmal","isPartOf":{"@id":"https:\/\/www.ghostysky.com\/#website"},"primaryImageOfPage":{"@id":"https:\/\/www.ghostysky.com\/product\/unitree-h2\/#primaryimage"},"image":{"@id":"https:\/\/www.ghostysky.com\/product\/unitree-h2\/#primaryimage"},"thumbnailUrl":"https:\/\/www.ghostysky.com\/wp-content\/uploads\/2026\/01\/GH_Unitree_H2.jpg","datePublished":"2026-01-10T11:11:56+00:00","dateModified":"2026-01-10T11:22:16+00:00","description":"El Unitree H2 (al que la compa\u00f1\u00eda suele llamar &quot;Despertar del Destino&quot;) es el \u00faltimo robot humanoide insignia de Unitree. Presentado a finales de 2025, el H2 marca un cambio significativo respecto a la velocidad de su predecesor, el H1, hacia la fluidez, la expresi\u00f3n similar a la humana y la manipulaci\u00f3n compleja. Con una altura aproximada de 1,8 metros, el H2 est\u00e1 dise\u00f1ado para operar en entornos humanos, con un enfoque en el servicio, la investigaci\u00f3n y las tareas industriales de alta gama.","breadcrumb":{"@id":"https:\/\/www.ghostysky.com\/product\/unitree-h2\/#breadcrumb"},"inLanguage":"es","potentialAction":[{"@type":"ReadAction","target":["https:\/\/www.ghostysky.com\/product\/unitree-h2\/"]}]},{"@type":"ImageObject","inLanguage":"es","@id":"https:\/\/www.ghostysky.com\/product\/unitree-h2\/#primaryimage","url":"https:\/\/www.ghostysky.com\/wp-content\/uploads\/2026\/01\/GH_Unitree_H2.jpg","contentUrl":"https:\/\/www.ghostysky.com\/wp-content\/uploads\/2026\/01\/GH_Unitree_H2.jpg","width":560,"height":560},{"@type":"BreadcrumbList","@id":"https:\/\/www.ghostysky.com\/product\/unitree-h2\/#breadcrumb","itemListElement":[{"@type":"ListItem","position":1,"name":"Home","item":"https:\/\/www.ghostysky.com\/"},{"@type":"ListItem","position":2,"name":"Shop","item":"https:\/\/www.ghostysky.com\/shop\/"},{"@type":"ListItem","position":3,"name":"Unitree H2"}]},{"@type":"WebSite","@id":"https:\/\/www.ghostysky.com\/#website","url":"https:\/\/www.ghostysky.com\/","name":"Ghostysky","description":"Entrega de drones y servicios profesionales","publisher":{"@id":"https:\/\/www.ghostysky.com\/#organization"},"potentialAction":[{"@type":"SearchAction","target":{"@type":"EntryPoint","urlTemplate":"https:\/\/www.ghostysky.com\/?s={search_term_string}"},"query-input":{"@type":"PropertyValueSpecification","valueRequired":true,"valueName":"search_term_string"}}],"inLanguage":"es"},{"@type":"Organization","@id":"https:\/\/www.ghostysky.com\/#organization","name":"Ghostysky","url":"https:\/\/www.ghostysky.com\/","logo":{"@type":"ImageObject","inLanguage":"es","@id":"https:\/\/www.ghostysky.com\/#\/schema\/logo\/image\/","url":"https:\/\/www.ghostysky.com\/wp-content\/uploads\/2020\/06\/cropped-ghostyskylogo_text_white2.png","contentUrl":"https:\/\/www.ghostysky.com\/wp-content\/uploads\/2020\/06\/cropped-ghostyskylogo_text_white2.png","width":169,"height":56,"caption":"Ghostysky"},"image":{"@id":"https:\/\/www.ghostysky.com\/#\/schema\/logo\/image\/"},"sameAs":["https:\/\/www.facebook.com\/people\/Ghostysky\/100057676170234\/","https:\/\/x.com\/Gh0stysky","https:\/\/www.linkedin.com\/company\/34739653","https:\/\/www.instagram.com\/gh0stysky"]}]}},"_links":{"self":[{"href":"https:\/\/www.ghostysky.com\/es\/wp-json\/wp\/v2\/product\/23655","targetHints":{"allow":["GET"]}}],"collection":[{"href":"https:\/\/www.ghostysky.com\/es\/wp-json\/wp\/v2\/product"}],"about":[{"href":"https:\/\/www.ghostysky.com\/es\/wp-json\/wp\/v2\/types\/product"}],"replies":[{"embeddable":true,"href":"https:\/\/www.ghostysky.com\/es\/wp-json\/wp\/v2\/comments?post=23655"}],"wp:featuredmedia":[{"embeddable":true,"href":"https:\/\/www.ghostysky.com\/es\/wp-json\/wp\/v2\/media\/23657"}],"wp:attachment":[{"href":"https:\/\/www.ghostysky.com\/es\/wp-json\/wp\/v2\/media?parent=23655"}],"wp:term":[{"taxonomy":"product_brand","embeddable":true,"href":"https:\/\/www.ghostysky.com\/es\/wp-json\/wp\/v2\/product_brand?post=23655"},{"taxonomy":"product_cat","embeddable":true,"href":"https:\/\/www.ghostysky.com\/es\/wp-json\/wp\/v2\/product_cat?post=23655"},{"taxonomy":"product_tag","embeddable":true,"href":"https:\/\/www.ghostysky.com\/es\/wp-json\/wp\/v2\/product_tag?post=23655"}],"curies":[{"name":"wp","href":"https:\/\/api.w.org\/{rel}","templated":true}]}}