{"id":23658,"date":"2026-01-10T11:13:11","date_gmt":"2026-01-10T11:13:11","guid":{"rendered":"https:\/\/www.ghostysky.com\/?post_type=product&#038;p=23658"},"modified":"2026-01-10T11:23:04","modified_gmt":"2026-01-10T11:23:04","slug":"unitree-h2-edu","status":"publish","type":"product","link":"https:\/\/www.ghostysky.com\/es\/product\/unitree-h2-edu\/","title":{"rendered":"Unitree H2 Educaci\u00f3n"},"content":{"rendered":"<h4 data-path-to-node=\"3\">Especificaciones b\u00e1sicas<\/h4>\n<p data-path-to-node=\"4\"><span class=\"citation-193 citation-end-193\">H2 Edu es una plataforma a escala humana dise\u00f1ada para operar en entornos creados para personas.<\/span><\/p>\n<table data-path-to-node=\"5\">\n<thead>\n<tr>\n<td><strong>Caracter\u00edstica<\/strong><\/td>\n<td><strong>Especificaci\u00f3n<\/strong><\/td>\n<\/tr>\n<\/thead>\n<tbody>\n<tr>\n<td><span data-path-to-node=\"5,1,0,0\"><b data-path-to-node=\"5,1,0,0\" data-index-in-node=\"0\">Altura<\/b><\/span><\/td>\n<td><span data-path-to-node=\"5,1,1,0\">182 cm (~6 pies)<\/span><\/td>\n<\/tr>\n<tr>\n<td><span data-path-to-node=\"5,2,0,0\"><b data-path-to-node=\"5,2,0,0\" data-index-in-node=\"0\">Peso<\/b><\/span><\/td>\n<td><span data-path-to-node=\"5,2,1,0\">~70 kg (incluida la bater\u00eda)<\/span><\/td>\n<\/tr>\n<tr>\n<td><span data-path-to-node=\"5,3,0,0\"><b data-path-to-node=\"5,3,0,0\" data-index-in-node=\"0\">Grados de libertad (DOF)<\/b><\/span><\/td>\n<td><span data-path-to-node=\"5,3,1,0\"><b data-path-to-node=\"5,3,1,0\" data-index-in-node=\"0\">31<\/b> (Cabeza: 2, Cintura: 3, Brazos: 7\u00d72, Piernas: 6\u00d72)<\/span><\/td>\n<\/tr>\n<tr>\n<td><span data-path-to-node=\"5,4,0,0\"><b data-path-to-node=\"5,4,0,0\" data-index-in-node=\"0\">Par m\u00e1ximo<\/b><\/span><\/td>\n<td><span data-path-to-node=\"5,4,1,0\">Articulaciones de las piernas: <b data-path-to-node=\"5,4,1,0\" data-index-in-node=\"12\">360 Nm<\/b> \/Articulaciones del brazo: <b data-path-to-node=\"5,4,1,0\" data-index-in-node=\"33\">120 Nm<\/b><\/span><\/td>\n<\/tr>\n<tr>\n<td><span data-path-to-node=\"5,5,0,0\"><b data-path-to-node=\"5,5,0,0\" data-index-in-node=\"0\">Potencia de c\u00f3mputo<\/b><\/span><\/td>\n<td><span data-path-to-node=\"5,5,1,0\">2070 TOPS (compatible con NVIDIA Jetson AGX Thor)<\/span><\/td>\n<\/tr>\n<tr>\n<td><span data-path-to-node=\"5,6,0,0\"><b data-path-to-node=\"5,6,0,0\" data-index-in-node=\"0\">Duraci\u00f3n de la bater\u00eda<\/b><\/span><\/td>\n<td><span data-path-to-node=\"5,6,1,0\">~2\u20133 horas (bater\u00eda de 0,972 kWh de reemplazo r\u00e1pido)<\/span><\/td>\n<\/tr>\n<tr>\n<td><span data-path-to-node=\"5,7,0,0\"><b data-path-to-node=\"5,7,0,0\" data-index-in-node=\"0\">Conectividad<\/b><\/span><\/td>\n<td><span data-path-to-node=\"5,7,1,0\">Wi-Fi 6, Bluetooth 5.2<\/span><\/td>\n<\/tr>\n<\/tbody>\n<\/table>\n<p>&nbsp;<\/p>\n<h4 data-path-to-node=\"7\">Caracter\u00edsticas principales e innovaciones<\/h4>\n<h4 data-path-to-node=\"8\">1. <span class=\"citation-192 citation-end-192\">Articulaci\u00f3n y movimiento avanzados<\/span><\/h4>\n<p data-path-to-node=\"9\"><span class=\"citation-191 citation-end-191\">El H2 Edu presenta una importante revisi\u00f3n de hardware en comparaci\u00f3n con el H1.<\/span> <span class=\"citation-190\">Incluye un <\/span><b data-path-to-node=\"9\" data-index-in-node=\"80\"><span class=\"citation-190\">Cintura serial de 3 grados de libertad<\/span><\/b><span class=\"citation-190\"> y un <\/span><b data-path-to-node=\"9\" data-index-in-node=\"105\"><span class=\"citation-190\">Cuello articulado de 2 grados de libertad<\/span><\/b><span class=\"citation-190 citation-end-190\">, lo que le permite gui\u00f1ar y ladear la cabeza para una percepci\u00f3n din\u00e1mica. <\/span><span class=\"citation-189 citation-end-189\">Esto permite que el robot rastree objetos o personas sin rotar todo su torso, lo que lo hace significativamente m\u00e1s \u201crealista\u201d.<\/span><\/p>\n<h4 data-path-to-node=\"10\">2. <span class=\"citation-188 citation-end-188\">Actuaci\u00f3n de alta precisi\u00f3n<\/span><\/h4>\n<p data-path-to-node=\"11\"><span class=\"citation-187 citation-end-187\">Al utilizar los motores de alto torque patentados de Unitree y un sistema impulsado por tendones \u201ccuasi-serial\u201d en las patas, el H2 Edu logra una baja inercia.<sup class=\"superscript\" data-turn-source-index=\"10\">10<\/sup><\/span> <span class=\"citation-186 citation-end-186\">Esto le permite realizar movimientos complejos y de alto impacto, como patadas de artes marciales, volteretas hacia atr\u00e1s y patadas giratorias de 360 grados, manteniendo al mismo tiempo una estabilidad perfecta al aterrizar.<\/span><\/p>\n<h4 data-path-to-node=\"12\">3. Plataforma de desarrollo abierto \u201cEdu\u201d<\/h4>\n<p data-path-to-node=\"13\"><span class=\"citation-185\">A diferencia de la versi\u00f3n para el consumidor, la <\/span><b data-path-to-node=\"13\" data-index-in-node=\"33\"><span class=\"citation-185\">Edici\u00f3n educativa<\/span><\/b><span class=\"citation-185 citation-end-185\"> Est\u00e1 dise\u00f1ado para el desarrollo secundario:<\/span><\/p>\n<ul data-path-to-node=\"14\">\n<li>\n<p data-path-to-node=\"14,0,0\"><b data-path-to-node=\"14,0,0\" data-index-in-node=\"0\">Acceso completo al SDK:<\/b><span class=\"citation-184 citation-end-184\"> Admite C\/C++ y Python para control de movimiento personalizado y algoritmos de IA.<\/span><\/p>\n<\/li>\n<li>\n<p data-path-to-node=\"14,1,0\"><b data-path-to-node=\"14,1,0\" data-index-in-node=\"0\"><span class=\"citation-183\">Integraci\u00f3n de sensores:<\/span><\/b><span class=\"citation-183 citation-end-183\"> Equipado con c\u00e1maras binoculares de doble ojo y LiDAR 3D para una visi\u00f3n ambiental de 360 grados.<\/span><\/p>\n<\/li>\n<li>\n<p data-path-to-node=\"14,2,0\"><b data-path-to-node=\"14,2,0\" data-index-in-node=\"0\"><span class=\"citation-182\">Listo para simulaci\u00f3n:<\/span><\/b><span class=\"citation-182 citation-end-182\"> Dise\u00f1ado para ser \u201ccompatible con RL\u201d (aprendizaje por refuerzo), lo que facilita el entrenamiento de comportamientos en gemelos digitales y su implementaci\u00f3n en el robot f\u00edsico.<\/span><\/p>\n<\/li>\n<\/ul>\n<h4 data-path-to-node=\"15\">4. Dise\u00f1o centrado en el ser humano<\/h4>\n<p data-path-to-node=\"16\"><span class=\"citation-181 citation-end-181\">El H2 presenta un rostro bi\u00f3nico con rasgos definidos (ojos, nariz, labios) y est\u00e1 dise\u00f1ado para usar ropa humana.<sup class=\"superscript\" data-turn-source-index=\"16\">16<\/sup><\/span> Esto lo convierte en una plataforma ideal para la investigaci\u00f3n en rob\u00f3tica social, donde la apariencia del robot y la comunicaci\u00f3n no verbal son fundamentales para la aceptaci\u00f3n del usuario.<\/p>\n<p>&nbsp;<\/p>\n<h4 data-path-to-node=\"18\">Aplicaciones espec\u00edficas<\/h4>\n<ul data-path-to-node=\"19\">\n<li>\n<p data-path-to-node=\"19,0,0\"><b data-path-to-node=\"19,0,0\" data-index-in-node=\"0\">Investigaci\u00f3n en rob\u00f3tica avanzada:<\/b><span class=\"citation-180 citation-end-180\"> Explorando la locomoci\u00f3n b\u00edpeda, el control del equilibrio y la respuesta a las colisiones.<\/span><\/p>\n<\/li>\n<li>\n<p data-path-to-node=\"19,1,0\"><b data-path-to-node=\"19,1,0\" data-index-in-node=\"0\">IA y aprendizaje autom\u00e1tico:<\/b> Actuar como anfitri\u00f3n f\u00edsico para modelos de lenguaje grandes (LLM) e investigaci\u00f3n en visi\u00f3n por computadora.<\/p>\n<\/li>\n<li>\n<p data-path-to-node=\"19,2,0\"><b data-path-to-node=\"19,2,0\" data-index-in-node=\"0\"><span class=\"citation-179\">Servicio y Log\u00edstica:<\/span><\/b><span class=\"citation-179 citation-end-179\"> Prueba de manipulaci\u00f3n, clasificaci\u00f3n y navegaci\u00f3n de objetos en espacios de trabajo centrados en el ser humano.<\/span><\/p>\n<\/li>\n<\/ul>\n<blockquote data-path-to-node=\"20\">\n<p data-path-to-node=\"20,0\">\n<\/blockquote>","protected":false},"excerpt":{"rendered":"<p data-path-to-node=\"0\"><span class=\"citation-196\">El <\/span><b data-path-to-node=\"0\" data-index-in-node=\"4\"><span class=\"citation-196\">Unitree H2 Educaci\u00f3n<\/span><\/b><span class=\"citation-196 citation-end-196\"> es un robot humanoide de tama\u00f1o completo, orientado a la investigaci\u00f3n, dise\u00f1ado como la contraparte de desarrollo abierto de la plataforma H2 \u201cDestiny Awakening\u201d.<\/span> <span class=\"citation-195 citation-end-195\">Bas\u00e1ndose en las bases del H1 y G1, el H2 Edu cambia el enfoque de la velocidad pura a la destreza humana, el movimiento expresivo y la investigaci\u00f3n avanzada en inteligencia artificial.<\/span><\/p>\n<p data-path-to-node=\"1\"><span class=\"citation-194 citation-end-194\">Con una est\u00e9tica bi\u00f3nica y articulaciones altamente articuladas, est\u00e1 dise\u00f1ado espec\u00edficamente para universidades, laboratorios de IA y desarrolladores que trabajan en la pr\u00f3xima generaci\u00f3n de interacci\u00f3n humano-robot (HRI).<\/span><\/p>","protected":false},"featured_media":23657,"comment_status":"open","ping_status":"closed","template":"","meta":[],"product_brand":[1087],"product_cat":[1038,1037,1103],"product_tag":[1088,1327,1326],"class_list":{"0":"post-23658","1":"product","2":"type-product","3":"status-publish","4":"has-post-thumbnail","6":"product_brand-unitree","7":"product_cat-humanoid","8":"product_cat-robotics","9":"product_cat-unitree-hum-robots","10":"product_tag-unitree","11":"product_tag-unitree-h2-robots","12":"product_tag-unitree-h2-series","14":"first","15":"onbackorder","16":"taxable","17":"shipping-taxable","18":"purchasable","19":"product-type-simple"},"yoast_head":"<!-- This site is optimized with the Yoast SEO plugin v27.4 - https:\/\/yoast.com\/product\/yoast-seo-wordpress\/ -->\n<title>Unitree H2 Edu - Ghostysky<\/title>\n<meta name=\"description\" content=\"The Unitree H2 Edu is a full-sized, research-oriented humanoid robot designed as the open-development counterpart to the H2 &quot;Destiny Awakening&quot; platform. Building on the foundations of the H1 and G1, the H2 Edu shifts focus from raw speed to human-like dexterity, expressive motion, and advanced AI research.With a bionic aesthetic and highly articulated joints, it is specifically built for universities, AI labs, and developers working on the next generation of human-robot interaction (HRI).\" \/>\n<meta name=\"robots\" content=\"index, follow, max-snippet:-1, max-image-preview:large, max-video-preview:-1\" \/>\n<link rel=\"canonical\" href=\"https:\/\/www.ghostysky.com\/es\/producto-2\/unitree-h2-edu\/\" \/>\n<meta property=\"og:locale\" content=\"es_ES\" \/>\n<meta property=\"og:type\" content=\"article\" \/>\n<meta property=\"og:title\" content=\"Unitree H2 Edu - Ghostysky\" \/>\n<meta property=\"og:description\" content=\"The Unitree H2 Edu is a full-sized, research-oriented humanoid robot designed as the open-development counterpart to the H2 &quot;Destiny Awakening&quot; platform. Building on the foundations of the H1 and G1, the H2 Edu shifts focus from raw speed to human-like dexterity, expressive motion, and advanced AI research.With a bionic aesthetic and highly articulated joints, it is specifically built for universities, AI labs, and developers working on the next generation of human-robot interaction (HRI).\" \/>\n<meta property=\"og:url\" content=\"https:\/\/www.ghostysky.com\/es\/producto-2\/unitree-h2-edu\/\" \/>\n<meta property=\"og:site_name\" content=\"Ghostysky\" \/>\n<meta property=\"article:publisher\" content=\"https:\/\/www.facebook.com\/people\/Ghostysky\/100057676170234\/\" \/>\n<meta property=\"article:modified_time\" content=\"2026-01-10T11:23:04+00:00\" \/>\n<meta property=\"og:image\" content=\"https:\/\/www.ghostysky.com\/wp-content\/uploads\/2026\/01\/GH_Unitree_H2.jpg\" \/>\n\t<meta property=\"og:image:width\" content=\"560\" \/>\n\t<meta property=\"og:image:height\" content=\"560\" \/>\n\t<meta property=\"og:image:type\" content=\"image\/jpeg\" \/>\n<meta name=\"twitter:card\" content=\"summary_large_image\" \/>\n<meta name=\"twitter:site\" content=\"@Gh0stysky\" \/>\n<meta name=\"twitter:label1\" content=\"Tiempo de lectura\" \/>\n\t<meta name=\"twitter:data1\" content=\"2 minutos\" \/>\n<script type=\"application\/ld+json\" class=\"yoast-schema-graph\">{\"@context\":\"https:\\\/\\\/schema.org\",\"@graph\":[{\"@type\":\"WebPage\",\"@id\":\"https:\\\/\\\/www.ghostysky.com\\\/product\\\/unitree-h2-edu\\\/\",\"url\":\"https:\\\/\\\/www.ghostysky.com\\\/product\\\/unitree-h2-edu\\\/\",\"name\":\"Unitree H2 Edu - Ghostysky\",\"isPartOf\":{\"@id\":\"https:\\\/\\\/www.ghostysky.com\\\/#website\"},\"primaryImageOfPage\":{\"@id\":\"https:\\\/\\\/www.ghostysky.com\\\/product\\\/unitree-h2-edu\\\/#primaryimage\"},\"image\":{\"@id\":\"https:\\\/\\\/www.ghostysky.com\\\/product\\\/unitree-h2-edu\\\/#primaryimage\"},\"thumbnailUrl\":\"https:\\\/\\\/www.ghostysky.com\\\/wp-content\\\/uploads\\\/2026\\\/01\\\/GH_Unitree_H2.jpg\",\"datePublished\":\"2026-01-10T11:13:11+00:00\",\"dateModified\":\"2026-01-10T11:23:04+00:00\",\"description\":\"The Unitree H2 Edu is a full-sized, research-oriented humanoid robot designed as the open-development counterpart to the H2 \\\"Destiny Awakening\\\" platform. Building on the foundations of the H1 and G1, the H2 Edu shifts focus from raw speed to human-like dexterity, expressive motion, and advanced AI research.With a bionic aesthetic and highly articulated joints, it is specifically built for universities, AI labs, and developers working on the next generation of human-robot interaction (HRI).\",\"breadcrumb\":{\"@id\":\"https:\\\/\\\/www.ghostysky.com\\\/product\\\/unitree-h2-edu\\\/#breadcrumb\"},\"inLanguage\":\"es\",\"potentialAction\":[{\"@type\":\"ReadAction\",\"target\":[\"https:\\\/\\\/www.ghostysky.com\\\/product\\\/unitree-h2-edu\\\/\"]}]},{\"@type\":\"ImageObject\",\"inLanguage\":\"es\",\"@id\":\"https:\\\/\\\/www.ghostysky.com\\\/product\\\/unitree-h2-edu\\\/#primaryimage\",\"url\":\"https:\\\/\\\/www.ghostysky.com\\\/wp-content\\\/uploads\\\/2026\\\/01\\\/GH_Unitree_H2.jpg\",\"contentUrl\":\"https:\\\/\\\/www.ghostysky.com\\\/wp-content\\\/uploads\\\/2026\\\/01\\\/GH_Unitree_H2.jpg\",\"width\":560,\"height\":560},{\"@type\":\"BreadcrumbList\",\"@id\":\"https:\\\/\\\/www.ghostysky.com\\\/product\\\/unitree-h2-edu\\\/#breadcrumb\",\"itemListElement\":[{\"@type\":\"ListItem\",\"position\":1,\"name\":\"Home\",\"item\":\"https:\\\/\\\/www.ghostysky.com\\\/\"},{\"@type\":\"ListItem\",\"position\":2,\"name\":\"Shop\",\"item\":\"https:\\\/\\\/www.ghostysky.com\\\/shop\\\/\"},{\"@type\":\"ListItem\",\"position\":3,\"name\":\"Unitree H2 Edu\"}]},{\"@type\":\"WebSite\",\"@id\":\"https:\\\/\\\/www.ghostysky.com\\\/#website\",\"url\":\"https:\\\/\\\/www.ghostysky.com\\\/\",\"name\":\"Ghostysky\",\"description\":\"Delivering professional drones and services\",\"publisher\":{\"@id\":\"https:\\\/\\\/www.ghostysky.com\\\/#organization\"},\"potentialAction\":[{\"@type\":\"SearchAction\",\"target\":{\"@type\":\"EntryPoint\",\"urlTemplate\":\"https:\\\/\\\/www.ghostysky.com\\\/?s={search_term_string}\"},\"query-input\":{\"@type\":\"PropertyValueSpecification\",\"valueRequired\":true,\"valueName\":\"search_term_string\"}}],\"inLanguage\":\"es\"},{\"@type\":\"Organization\",\"@id\":\"https:\\\/\\\/www.ghostysky.com\\\/#organization\",\"name\":\"Ghostysky\",\"url\":\"https:\\\/\\\/www.ghostysky.com\\\/\",\"logo\":{\"@type\":\"ImageObject\",\"inLanguage\":\"es\",\"@id\":\"https:\\\/\\\/www.ghostysky.com\\\/#\\\/schema\\\/logo\\\/image\\\/\",\"url\":\"https:\\\/\\\/www.ghostysky.com\\\/wp-content\\\/uploads\\\/2020\\\/06\\\/cropped-ghostyskylogo_text_white2.png\",\"contentUrl\":\"https:\\\/\\\/www.ghostysky.com\\\/wp-content\\\/uploads\\\/2020\\\/06\\\/cropped-ghostyskylogo_text_white2.png\",\"width\":169,\"height\":56,\"caption\":\"Ghostysky\"},\"image\":{\"@id\":\"https:\\\/\\\/www.ghostysky.com\\\/#\\\/schema\\\/logo\\\/image\\\/\"},\"sameAs\":[\"https:\\\/\\\/www.facebook.com\\\/people\\\/Ghostysky\\\/100057676170234\\\/\",\"https:\\\/\\\/x.com\\\/Gh0stysky\",\"https:\\\/\\\/www.linkedin.com\\\/company\\\/34739653\",\"https:\\\/\\\/www.instagram.com\\\/gh0stysky\"]}]}<\/script>\n<!-- \/ Yoast SEO plugin. -->","yoast_head_json":{"title":"Unitree H2 Edu - Ghostysky","description":"El Unitree H2 Edu es un robot humanoide de tama\u00f1o real, orientado a la investigaci\u00f3n, dise\u00f1ado como la contraparte de desarrollo abierto de la plataforma H2 &quot;Despertar del Destino&quot;. Basado en los cimientos del H1 y el G1, el H2 Edu cambia el enfoque de la velocidad bruta a la destreza similar a la humana, el movimiento expresivo y la investigaci\u00f3n avanzada en IA. Con una est\u00e9tica bi\u00f3nica y articulaciones altamente articuladas, est\u00e1 dise\u00f1ado espec\u00edficamente para universidades, laboratorios de IA y desarrolladores que trabajan en la pr\u00f3xima generaci\u00f3n de interacci\u00f3n humano-robot (HRI).","robots":{"index":"index","follow":"follow","max-snippet":"max-snippet:-1","max-image-preview":"max-image-preview:large","max-video-preview":"max-video-preview:-1"},"canonical":"https:\/\/www.ghostysky.com\/es\/producto-2\/unitree-h2-edu\/","og_locale":"es_ES","og_type":"article","og_title":"Unitree H2 Edu - Ghostysky","og_description":"The Unitree H2 Edu is a full-sized, research-oriented humanoid robot designed as the open-development counterpart to the H2 \"Destiny Awakening\" platform. Building on the foundations of the H1 and G1, the H2 Edu shifts focus from raw speed to human-like dexterity, expressive motion, and advanced AI research.With a bionic aesthetic and highly articulated joints, it is specifically built for universities, AI labs, and developers working on the next generation of human-robot interaction (HRI).","og_url":"https:\/\/www.ghostysky.com\/es\/producto-2\/unitree-h2-edu\/","og_site_name":"Ghostysky","article_publisher":"https:\/\/www.facebook.com\/people\/Ghostysky\/100057676170234\/","article_modified_time":"2026-01-10T11:23:04+00:00","og_image":[{"width":560,"height":560,"url":"https:\/\/www.ghostysky.com\/wp-content\/uploads\/2026\/01\/GH_Unitree_H2.jpg","type":"image\/jpeg"}],"twitter_card":"summary_large_image","twitter_site":"@Gh0stysky","twitter_misc":{"Tiempo de lectura":"2 minutos"},"schema":{"@context":"https:\/\/schema.org","@graph":[{"@type":"WebPage","@id":"https:\/\/www.ghostysky.com\/product\/unitree-h2-edu\/","url":"https:\/\/www.ghostysky.com\/product\/unitree-h2-edu\/","name":"Unitree H2 Edu - Ghostysky","isPartOf":{"@id":"https:\/\/www.ghostysky.com\/#website"},"primaryImageOfPage":{"@id":"https:\/\/www.ghostysky.com\/product\/unitree-h2-edu\/#primaryimage"},"image":{"@id":"https:\/\/www.ghostysky.com\/product\/unitree-h2-edu\/#primaryimage"},"thumbnailUrl":"https:\/\/www.ghostysky.com\/wp-content\/uploads\/2026\/01\/GH_Unitree_H2.jpg","datePublished":"2026-01-10T11:13:11+00:00","dateModified":"2026-01-10T11:23:04+00:00","description":"El Unitree H2 Edu es un robot humanoide de tama\u00f1o real, orientado a la investigaci\u00f3n, dise\u00f1ado como la contraparte de desarrollo abierto de la plataforma H2 &quot;Despertar del Destino&quot;. Basado en los cimientos del H1 y el G1, el H2 Edu cambia el enfoque de la velocidad bruta a la destreza similar a la humana, el movimiento expresivo y la investigaci\u00f3n avanzada en IA. Con una est\u00e9tica bi\u00f3nica y articulaciones altamente articuladas, est\u00e1 dise\u00f1ado espec\u00edficamente para universidades, laboratorios de IA y desarrolladores que trabajan en la pr\u00f3xima generaci\u00f3n de interacci\u00f3n humano-robot (HRI).","breadcrumb":{"@id":"https:\/\/www.ghostysky.com\/product\/unitree-h2-edu\/#breadcrumb"},"inLanguage":"es","potentialAction":[{"@type":"ReadAction","target":["https:\/\/www.ghostysky.com\/product\/unitree-h2-edu\/"]}]},{"@type":"ImageObject","inLanguage":"es","@id":"https:\/\/www.ghostysky.com\/product\/unitree-h2-edu\/#primaryimage","url":"https:\/\/www.ghostysky.com\/wp-content\/uploads\/2026\/01\/GH_Unitree_H2.jpg","contentUrl":"https:\/\/www.ghostysky.com\/wp-content\/uploads\/2026\/01\/GH_Unitree_H2.jpg","width":560,"height":560},{"@type":"BreadcrumbList","@id":"https:\/\/www.ghostysky.com\/product\/unitree-h2-edu\/#breadcrumb","itemListElement":[{"@type":"ListItem","position":1,"name":"Home","item":"https:\/\/www.ghostysky.com\/"},{"@type":"ListItem","position":2,"name":"Shop","item":"https:\/\/www.ghostysky.com\/shop\/"},{"@type":"ListItem","position":3,"name":"Unitree H2 Edu"}]},{"@type":"WebSite","@id":"https:\/\/www.ghostysky.com\/#website","url":"https:\/\/www.ghostysky.com\/","name":"Ghostysky","description":"Entrega de drones y servicios profesionales","publisher":{"@id":"https:\/\/www.ghostysky.com\/#organization"},"potentialAction":[{"@type":"SearchAction","target":{"@type":"EntryPoint","urlTemplate":"https:\/\/www.ghostysky.com\/?s={search_term_string}"},"query-input":{"@type":"PropertyValueSpecification","valueRequired":true,"valueName":"search_term_string"}}],"inLanguage":"es"},{"@type":"Organization","@id":"https:\/\/www.ghostysky.com\/#organization","name":"Ghostysky","url":"https:\/\/www.ghostysky.com\/","logo":{"@type":"ImageObject","inLanguage":"es","@id":"https:\/\/www.ghostysky.com\/#\/schema\/logo\/image\/","url":"https:\/\/www.ghostysky.com\/wp-content\/uploads\/2020\/06\/cropped-ghostyskylogo_text_white2.png","contentUrl":"https:\/\/www.ghostysky.com\/wp-content\/uploads\/2020\/06\/cropped-ghostyskylogo_text_white2.png","width":169,"height":56,"caption":"Ghostysky"},"image":{"@id":"https:\/\/www.ghostysky.com\/#\/schema\/logo\/image\/"},"sameAs":["https:\/\/www.facebook.com\/people\/Ghostysky\/100057676170234\/","https:\/\/x.com\/Gh0stysky","https:\/\/www.linkedin.com\/company\/34739653","https:\/\/www.instagram.com\/gh0stysky"]}]}},"_links":{"self":[{"href":"https:\/\/www.ghostysky.com\/es\/wp-json\/wp\/v2\/product\/23658","targetHints":{"allow":["GET"]}}],"collection":[{"href":"https:\/\/www.ghostysky.com\/es\/wp-json\/wp\/v2\/product"}],"about":[{"href":"https:\/\/www.ghostysky.com\/es\/wp-json\/wp\/v2\/types\/product"}],"replies":[{"embeddable":true,"href":"https:\/\/www.ghostysky.com\/es\/wp-json\/wp\/v2\/comments?post=23658"}],"version-history":[{"count":0,"href":"https:\/\/www.ghostysky.com\/es\/wp-json\/wp\/v2\/product\/23658\/revisions"}],"wp:featuredmedia":[{"embeddable":true,"href":"https:\/\/www.ghostysky.com\/es\/wp-json\/wp\/v2\/media\/23657"}],"wp:attachment":[{"href":"https:\/\/www.ghostysky.com\/es\/wp-json\/wp\/v2\/media?parent=23658"}],"wp:term":[{"taxonomy":"product_brand","embeddable":true,"href":"https:\/\/www.ghostysky.com\/es\/wp-json\/wp\/v2\/product_brand?post=23658"},{"taxonomy":"product_cat","embeddable":true,"href":"https:\/\/www.ghostysky.com\/es\/wp-json\/wp\/v2\/product_cat?post=23658"},{"taxonomy":"product_tag","embeddable":true,"href":"https:\/\/www.ghostysky.com\/es\/wp-json\/wp\/v2\/product_tag?post=23658"}],"curies":[{"name":"wp","href":"https:\/\/api.w.org\/{rel}","templated":true}]}}