{"id":23659,"date":"2026-01-10T11:28:47","date_gmt":"2026-01-10T11:28:47","guid":{"rendered":"https:\/\/www.ghostysky.com\/?post_type=product&#038;p=23659"},"modified":"2026-01-10T12:27:43","modified_gmt":"2026-01-10T12:27:43","slug":"unitree-h2-dual-hand-remote-controller","status":"publish","type":"product","link":"https:\/\/www.ghostysky.com\/es\/product\/unitree-h2-dual-hand-remote-controller\/","title":{"rendered":"Mando a distancia de dos manos Unitree H2"},"content":{"rendered":"<h4 data-path-to-node=\"6\"><b data-path-to-node=\"6\" data-index-in-node=\"0\">Caracter\u00edsticas clave<\/b><\/h4>\n<ul data-path-to-node=\"7\">\n<li>\n<p data-path-to-node=\"7,0,0\"><b data-path-to-node=\"7,0,0\" data-index-in-node=\"0\">Disposici\u00f3n de joystick dual de precisi\u00f3n:<\/b> Cuenta con joysticks de efecto Hall de alta resoluci\u00f3n para un control suave y proporcional sobre la marcha, la velocidad y la rotaci\u00f3n direccional del robot.<\/p>\n<\/li>\n<li>\n<p data-path-to-node=\"7,1,0\"><b data-path-to-node=\"7,1,0\" data-index-in-node=\"0\">Interfaz t\u00e1ctil multibot\u00f3n:<\/b> Equipado con una amplia gama de botones programables, disparadores de hombro y conmutadores especializados para cambiar entre modos de movimiento preestablecidos (por ejemplo, caminar, subir escaleras, bailar o posturas de combate).<\/p>\n<\/li>\n<li>\n<p data-path-to-node=\"7,2,0\"><b data-path-to-node=\"7,2,0\" data-index-in-node=\"0\">Modo de comunicaci\u00f3n dual:<\/b> Utiliza tanto un largo alcance <b data-path-to-node=\"7,2,0\" data-index-in-node=\"52\">M\u00f3dulo de transmisi\u00f3n de datos de 2,4 GHz<\/b> para operaciones al aire libre\/industriales y <b data-path-to-node=\"7,2,0\" data-index-in-node=\"122\">Bluetooth 5.2<\/b> Para emparejamiento y configuraci\u00f3n de corto alcance.<\/p>\n<\/li>\n<li>\n<p data-path-to-node=\"7,3,0\"><b data-path-to-node=\"7,3,0\" data-index-in-node=\"0\">Retroalimentaci\u00f3n en tiempo real:<\/b> Incluye un motor de vibraci\u00f3n incorporado y un zumbador ac\u00fastico para proporcionar retroalimentaci\u00f3n h\u00e1ptica y de audio, alertando al operador sobre el estado del sistema o sobre obst\u00e1culos ambientales.<\/p>\n<\/li>\n<li>\n<p data-path-to-node=\"7,4,0\"><b data-path-to-node=\"7,4,0\" data-index-in-node=\"0\">Dise\u00f1o ergon\u00f3mico bimanual:<\/b> El agarre aerodin\u00e1mico y antideslizante est\u00e1 dise\u00f1ado para un uso prolongado, lo que reduce la fatiga de la mano durante sesiones de investigaci\u00f3n complejas o inspecciones industriales.<\/p>\n<\/li>\n<li>\n<p data-path-to-node=\"7,5,0\"><b data-path-to-node=\"7,5,0\" data-index-in-node=\"0\">Integraci\u00f3n con tel\u00e9fonos inteligentes:<\/b> Incluye un soporte seguro para sostener un dispositivo m\u00f3vil, lo que permite al operador ver una transmisi\u00f3n en primera persona (FPV) en vivo desde las c\u00e1maras binoculares del robot a trav\u00e9s de la aplicaci\u00f3n Unitree.<\/p>\n<\/li>\n<\/ul>\n<p>&nbsp;<\/p>\n<h4 data-path-to-node=\"9\"><b data-path-to-node=\"9\" data-index-in-node=\"0\">Especificaciones t\u00e9cnicas<\/b><\/h4>\n<table data-path-to-node=\"10\">\n<thead>\n<tr>\n<td><strong>Caracter\u00edstica<\/strong><\/td>\n<td><strong>Detalles<\/strong><\/td>\n<\/tr>\n<\/thead>\n<tbody>\n<tr>\n<td><span data-path-to-node=\"10,1,0,0\"><b data-path-to-node=\"10,1,0,0\" data-index-in-node=\"0\">Distancia de control<\/b><\/span><\/td>\n<td><span data-path-to-node=\"10,1,1,0\"><span class=\"math-inline\" data-math=\"&gt;100\" data-index-in-node=\"0\">&gt;100<\/span>\u00a0metros (Entorno Abierto)<\/span><\/td>\n<\/tr>\n<tr>\n<td><span data-path-to-node=\"10,2,0,0\"><b data-path-to-node=\"10,2,0,0\" data-index-in-node=\"0\">Duraci\u00f3n de la bater\u00eda<\/b><\/span><\/td>\n<td><span data-path-to-node=\"10,2,1,0\">Aproximadamente <span class=\"math-inline\" data-math=\"4.5\" data-index-in-node=\"14\">4.5<\/span> a <span class=\"math-inline\" data-math=\"5\" data-index-in-node=\"21\">5<\/span>\u00a0horas<\/span><\/td>\n<\/tr>\n<tr>\n<td><span data-path-to-node=\"10,3,0,0\"><b data-path-to-node=\"10,3,0,0\" data-index-in-node=\"0\">Capacidad de la bater\u00eda<\/b><\/span><\/td>\n<td><span data-path-to-node=\"10,3,1,0\"><span class=\"math-inline\" data-math=\"2500\" data-index-in-node=\"0\">2500<\/span>\u00a0Bater\u00eda de litio de mAh<\/span><\/td>\n<\/tr>\n<tr>\n<td><span data-path-to-node=\"10,4,0,0\"><b data-path-to-node=\"10,4,0,0\" data-index-in-node=\"0\">Cargando<\/b><\/span><\/td>\n<td><span data-path-to-node=\"10,4,1,0\"><span class=\"math-inline\" data-math=\"5.0\" data-index-in-node=\"0\">5.0<\/span>V \/ <span class=\"math-inline\" data-math=\"2\" data-index-in-node=\"7\">2<\/span>A (a trav\u00e9s de USB-C)<\/span><\/td>\n<\/tr>\n<tr>\n<td><span data-path-to-node=\"10,5,0,0\"><b data-path-to-node=\"10,5,0,0\" data-index-in-node=\"0\">Frecuencia<\/b><\/span><\/td>\n<td><span data-path-to-node=\"10,5,1,0\"><span class=\"math-inline\" data-math=\"2.4\" data-index-in-node=\"0\">2.4<\/span>\u00a0GHz<\/span><\/td>\n<\/tr>\n<tr>\n<td><span data-path-to-node=\"10,6,0,0\"><b data-path-to-node=\"10,6,0,0\" data-index-in-node=\"0\">Conectividad<\/b><\/span><\/td>\n<td><span data-path-to-node=\"10,6,1,0\">M\u00f3dulo de transmisi\u00f3n de datos \/ Bluetooth 5.2<\/span><\/td>\n<\/tr>\n<tr>\n<td><span data-path-to-node=\"10,7,0,0\"><b data-path-to-node=\"10,7,0,0\" data-index-in-node=\"0\">Controles<\/b><\/span><\/td>\n<td><span data-path-to-node=\"10,7,1,0\">2 joysticks, m\u00e1s de 12 botones, 4 gatillos de hombro<\/span><\/td>\n<\/tr>\n<tr>\n<td><span data-path-to-node=\"10,8,0,0\"><b data-path-to-node=\"10,8,0,0\" data-index-in-node=\"0\">Compatibilidad<\/b><\/span><\/td>\n<td><span data-path-to-node=\"10,8,1,0\">Unitree H2, H2 EDU (compatible con versiones anteriores de H1-2)<\/span><\/td>\n<\/tr>\n<\/tbody>\n<\/table>\n<p>&nbsp;<\/p>\n<h4 data-path-to-node=\"12\"><b data-path-to-node=\"12\" data-index-in-node=\"0\">Ideal para:<\/b><\/h4>\n<ul data-path-to-node=\"13\">\n<li>\n<p data-path-to-node=\"13,0,0\"><b data-path-to-node=\"13,0,0\" data-index-in-node=\"0\">Instituciones de I+D:<\/b> Prueba de algoritmos de equilibrio b\u00edpedo y marcha en tiempo real.<\/p>\n<\/li>\n<li>\n<p data-path-to-node=\"13,1,0\"><b data-path-to-node=\"13,1,0\" data-index-in-node=\"0\">Inspecci\u00f3n Industrial:<\/b> Guiar manualmente al robot a trav\u00e9s de dise\u00f1os complejos de almacenes o instalaciones.<\/p>\n<\/li>\n<li>\n<p data-path-to-node=\"13,2,0\"><b data-path-to-node=\"13,2,0\" data-index-in-node=\"0\">Demostraciones:<\/b> Orquestando movimientos fluidos y realistas para exposiciones o roles de experiencia de marca.<\/p>\n<\/li>\n<\/ul>","protected":false},"excerpt":{"rendered":"<p>Dise\u00f1ado para adaptarse a la avanzada arquitectura de 31 grados de libertad (GDL) del humanoide H2, el control remoto de doble mano H2 act\u00faa como puente principal entre el operador humano y la m\u00e1quina. A diferencia de los mandos de juego est\u00e1ndar, est\u00e1 dise\u00f1ado para los requisitos de movimiento din\u00e1mico y de alto par de los robots humanoides a gran escala, como realizar maniobras de artes marciales, desplazarse por terrenos complejos o manejar h\u00e1bilmente los brazos.<\/p>","protected":false},"featured_media":23660,"comment_status":"open","ping_status":"closed","template":"","meta":[],"product_brand":[1087],"product_cat":[1038,1037,1102],"product_tag":[1088,1328,1329,1326],"class_list":{"0":"post-23659","1":"product","2":"type-product","3":"status-publish","4":"has-post-thumbnail","6":"product_brand-unitree","7":"product_cat-humanoid","8":"product_cat-robotics","9":"product_cat-unitree-hum-accessories","10":"product_tag-unitree","11":"product_tag-unitree-h2","12":"product_tag-unitree-h2-accessories","13":"product_tag-unitree-h2-series","15":"first","16":"onbackorder","17":"taxable","18":"shipping-taxable","19":"purchasable","20":"product-type-simple"},"yoast_head":"<!-- This site is optimized with the Yoast SEO plugin v27.1.1 - https:\/\/yoast.com\/product\/yoast-seo-wordpress\/ -->\n<title>Unitree H2 Dual Hand Remote Controller - Ghostysky<\/title>\n<meta name=\"description\" content=\"Designed to match the advanced 31-DOF (Degrees of Freedom) architecture of the H2 humanoid, the H2 Dual Hand Remote Controller serves as the primary bridge between the human operator and the machine. Unlike standard gamepad controllers, it is engineered for the high-torque, dynamic movement requirements of full-scale humanoid robots, such as performing martial arts maneuvers, navigating complex terrains, or managing dexterous arm manipulation.\" \/>\n<meta name=\"robots\" content=\"index, follow, max-snippet:-1, max-image-preview:large, max-video-preview:-1\" \/>\n<link rel=\"canonical\" href=\"https:\/\/www.ghostysky.com\/es\/producto-2\/unitree-h2-dual-hand-remote-controller\/\" \/>\n<meta property=\"og:locale\" content=\"es_ES\" \/>\n<meta property=\"og:type\" content=\"article\" \/>\n<meta property=\"og:title\" content=\"Unitree H2 Dual Hand Remote Controller - Ghostysky\" \/>\n<meta property=\"og:description\" content=\"Designed to match the advanced 31-DOF (Degrees of Freedom) architecture of the H2 humanoid, the H2 Dual Hand Remote Controller serves as the primary bridge between the human operator and the machine. Unlike standard gamepad controllers, it is engineered for the high-torque, dynamic movement requirements of full-scale humanoid robots, such as performing martial arts maneuvers, navigating complex terrains, or managing dexterous arm manipulation.\" \/>\n<meta property=\"og:url\" content=\"https:\/\/www.ghostysky.com\/es\/producto-2\/unitree-h2-dual-hand-remote-controller\/\" \/>\n<meta property=\"og:site_name\" content=\"Ghostysky\" \/>\n<meta property=\"article:publisher\" content=\"https:\/\/www.facebook.com\/people\/Ghostysky\/100057676170234\/\" \/>\n<meta property=\"article:modified_time\" content=\"2026-01-10T12:27:43+00:00\" \/>\n<meta property=\"og:image\" content=\"https:\/\/www.ghostysky.com\/wp-content\/uploads\/2026\/01\/GH_Unitree-H2-Dual-Hand-Remote-Controller.webp\" \/>\n\t<meta property=\"og:image:width\" content=\"1000\" \/>\n\t<meta property=\"og:image:height\" content=\"1000\" \/>\n\t<meta property=\"og:image:type\" content=\"image\/webp\" \/>\n<meta name=\"twitter:card\" content=\"summary_large_image\" \/>\n<meta name=\"twitter:site\" content=\"@Gh0stysky\" \/>\n<meta name=\"twitter:label1\" content=\"Tiempo de lectura\" \/>\n\t<meta name=\"twitter:data1\" content=\"2 minutos\" \/>\n<script type=\"application\/ld+json\" class=\"yoast-schema-graph\">{\"@context\":\"https:\/\/schema.org\",\"@graph\":[{\"@type\":\"WebPage\",\"@id\":\"https:\/\/www.ghostysky.com\/product\/unitree-h2-dual-hand-remote-controller\/\",\"url\":\"https:\/\/www.ghostysky.com\/product\/unitree-h2-dual-hand-remote-controller\/\",\"name\":\"Unitree H2 Dual Hand Remote Controller - Ghostysky\",\"isPartOf\":{\"@id\":\"https:\/\/www.ghostysky.com\/#website\"},\"primaryImageOfPage\":{\"@id\":\"https:\/\/www.ghostysky.com\/product\/unitree-h2-dual-hand-remote-controller\/#primaryimage\"},\"image\":{\"@id\":\"https:\/\/www.ghostysky.com\/product\/unitree-h2-dual-hand-remote-controller\/#primaryimage\"},\"thumbnailUrl\":\"https:\/\/www.ghostysky.com\/wp-content\/uploads\/2026\/01\/GH_Unitree-H2-Dual-Hand-Remote-Controller.webp\",\"datePublished\":\"2026-01-10T11:28:47+00:00\",\"dateModified\":\"2026-01-10T12:27:43+00:00\",\"description\":\"Designed to match the advanced 31-DOF (Degrees of Freedom) architecture of the H2 humanoid, the H2 Dual Hand Remote Controller serves as the primary bridge between the human operator and the machine. Unlike standard gamepad controllers, it is engineered for the high-torque, dynamic movement requirements of full-scale humanoid robots, such as performing martial arts maneuvers, navigating complex terrains, or managing dexterous arm manipulation.\",\"breadcrumb\":{\"@id\":\"https:\/\/www.ghostysky.com\/product\/unitree-h2-dual-hand-remote-controller\/#breadcrumb\"},\"inLanguage\":\"es\",\"potentialAction\":[{\"@type\":\"ReadAction\",\"target\":[\"https:\/\/www.ghostysky.com\/product\/unitree-h2-dual-hand-remote-controller\/\"]}]},{\"@type\":\"ImageObject\",\"inLanguage\":\"es\",\"@id\":\"https:\/\/www.ghostysky.com\/product\/unitree-h2-dual-hand-remote-controller\/#primaryimage\",\"url\":\"https:\/\/www.ghostysky.com\/wp-content\/uploads\/2026\/01\/GH_Unitree-H2-Dual-Hand-Remote-Controller.webp\",\"contentUrl\":\"https:\/\/www.ghostysky.com\/wp-content\/uploads\/2026\/01\/GH_Unitree-H2-Dual-Hand-Remote-Controller.webp\",\"width\":1000,\"height\":1000},{\"@type\":\"BreadcrumbList\",\"@id\":\"https:\/\/www.ghostysky.com\/product\/unitree-h2-dual-hand-remote-controller\/#breadcrumb\",\"itemListElement\":[{\"@type\":\"ListItem\",\"position\":1,\"name\":\"Home\",\"item\":\"https:\/\/www.ghostysky.com\/\"},{\"@type\":\"ListItem\",\"position\":2,\"name\":\"Shop\",\"item\":\"https:\/\/www.ghostysky.com\/shop\/\"},{\"@type\":\"ListItem\",\"position\":3,\"name\":\"Unitree H2 Dual Hand Remote Controller\"}]},{\"@type\":\"WebSite\",\"@id\":\"https:\/\/www.ghostysky.com\/#website\",\"url\":\"https:\/\/www.ghostysky.com\/\",\"name\":\"Ghostysky\",\"description\":\"Delivering professional drones and services\",\"publisher\":{\"@id\":\"https:\/\/www.ghostysky.com\/#organization\"},\"potentialAction\":[{\"@type\":\"SearchAction\",\"target\":{\"@type\":\"EntryPoint\",\"urlTemplate\":\"https:\/\/www.ghostysky.com\/?s={search_term_string}\"},\"query-input\":{\"@type\":\"PropertyValueSpecification\",\"valueRequired\":true,\"valueName\":\"search_term_string\"}}],\"inLanguage\":\"es\"},{\"@type\":\"Organization\",\"@id\":\"https:\/\/www.ghostysky.com\/#organization\",\"name\":\"Ghostysky\",\"url\":\"https:\/\/www.ghostysky.com\/\",\"logo\":{\"@type\":\"ImageObject\",\"inLanguage\":\"es\",\"@id\":\"https:\/\/www.ghostysky.com\/#\/schema\/logo\/image\/\",\"url\":\"https:\/\/www.ghostysky.com\/wp-content\/uploads\/2020\/06\/cropped-ghostyskylogo_text_white2.png\",\"contentUrl\":\"https:\/\/www.ghostysky.com\/wp-content\/uploads\/2020\/06\/cropped-ghostyskylogo_text_white2.png\",\"width\":169,\"height\":56,\"caption\":\"Ghostysky\"},\"image\":{\"@id\":\"https:\/\/www.ghostysky.com\/#\/schema\/logo\/image\/\"},\"sameAs\":[\"https:\/\/www.facebook.com\/people\/Ghostysky\/100057676170234\/\",\"https:\/\/x.com\/Gh0stysky\",\"https:\/\/www.linkedin.com\/company\/34739653\",\"https:\/\/www.instagram.com\/gh0stysky\"]}]}<\/script>\n<!-- \/ Yoast SEO plugin. -->","yoast_head_json":{"title":"Mando a distancia de dos manos Unitree H2 - Ghostysky","description":"Dise\u00f1ado para adaptarse a la avanzada arquitectura de 31 grados de libertad (GDL) del humanoide H2, el control remoto de doble mano H2 act\u00faa como puente principal entre el operador humano y la m\u00e1quina. A diferencia de los mandos de juego est\u00e1ndar, est\u00e1 dise\u00f1ado para los requisitos de movimiento din\u00e1mico y de alto par de los robots humanoides a gran escala, como realizar maniobras de artes marciales, desplazarse por terrenos complejos o manejar h\u00e1bilmente los brazos.","robots":{"index":"index","follow":"follow","max-snippet":"max-snippet:-1","max-image-preview":"max-image-preview:large","max-video-preview":"max-video-preview:-1"},"canonical":"https:\/\/www.ghostysky.com\/es\/producto-2\/unitree-h2-dual-hand-remote-controller\/","og_locale":"es_ES","og_type":"article","og_title":"Unitree H2 Dual Hand Remote Controller - Ghostysky","og_description":"Designed to match the advanced 31-DOF (Degrees of Freedom) architecture of the H2 humanoid, the H2 Dual Hand Remote Controller serves as the primary bridge between the human operator and the machine. Unlike standard gamepad controllers, it is engineered for the high-torque, dynamic movement requirements of full-scale humanoid robots, such as performing martial arts maneuvers, navigating complex terrains, or managing dexterous arm manipulation.","og_url":"https:\/\/www.ghostysky.com\/es\/producto-2\/unitree-h2-dual-hand-remote-controller\/","og_site_name":"Ghostysky","article_publisher":"https:\/\/www.facebook.com\/people\/Ghostysky\/100057676170234\/","article_modified_time":"2026-01-10T12:27:43+00:00","og_image":[{"width":1000,"height":1000,"url":"https:\/\/www.ghostysky.com\/wp-content\/uploads\/2026\/01\/GH_Unitree-H2-Dual-Hand-Remote-Controller.webp","type":"image\/webp"}],"twitter_card":"summary_large_image","twitter_site":"@Gh0stysky","twitter_misc":{"Tiempo de lectura":"2 minutos"},"schema":{"@context":"https:\/\/schema.org","@graph":[{"@type":"WebPage","@id":"https:\/\/www.ghostysky.com\/product\/unitree-h2-dual-hand-remote-controller\/","url":"https:\/\/www.ghostysky.com\/product\/unitree-h2-dual-hand-remote-controller\/","name":"Mando a distancia de dos manos Unitree H2 - Ghostysky","isPartOf":{"@id":"https:\/\/www.ghostysky.com\/#website"},"primaryImageOfPage":{"@id":"https:\/\/www.ghostysky.com\/product\/unitree-h2-dual-hand-remote-controller\/#primaryimage"},"image":{"@id":"https:\/\/www.ghostysky.com\/product\/unitree-h2-dual-hand-remote-controller\/#primaryimage"},"thumbnailUrl":"https:\/\/www.ghostysky.com\/wp-content\/uploads\/2026\/01\/GH_Unitree-H2-Dual-Hand-Remote-Controller.webp","datePublished":"2026-01-10T11:28:47+00:00","dateModified":"2026-01-10T12:27:43+00:00","description":"Dise\u00f1ado para adaptarse a la avanzada arquitectura de 31 grados de libertad (GDL) del humanoide H2, el control remoto de doble mano H2 act\u00faa como puente principal entre el operador humano y la m\u00e1quina. A diferencia de los mandos de juego est\u00e1ndar, est\u00e1 dise\u00f1ado para los requisitos de movimiento din\u00e1mico y de alto par de los robots humanoides a gran escala, como realizar maniobras de artes marciales, desplazarse por terrenos complejos o manejar h\u00e1bilmente los brazos.","breadcrumb":{"@id":"https:\/\/www.ghostysky.com\/product\/unitree-h2-dual-hand-remote-controller\/#breadcrumb"},"inLanguage":"es","potentialAction":[{"@type":"ReadAction","target":["https:\/\/www.ghostysky.com\/product\/unitree-h2-dual-hand-remote-controller\/"]}]},{"@type":"ImageObject","inLanguage":"es","@id":"https:\/\/www.ghostysky.com\/product\/unitree-h2-dual-hand-remote-controller\/#primaryimage","url":"https:\/\/www.ghostysky.com\/wp-content\/uploads\/2026\/01\/GH_Unitree-H2-Dual-Hand-Remote-Controller.webp","contentUrl":"https:\/\/www.ghostysky.com\/wp-content\/uploads\/2026\/01\/GH_Unitree-H2-Dual-Hand-Remote-Controller.webp","width":1000,"height":1000},{"@type":"BreadcrumbList","@id":"https:\/\/www.ghostysky.com\/product\/unitree-h2-dual-hand-remote-controller\/#breadcrumb","itemListElement":[{"@type":"ListItem","position":1,"name":"Home","item":"https:\/\/www.ghostysky.com\/"},{"@type":"ListItem","position":2,"name":"Shop","item":"https:\/\/www.ghostysky.com\/shop\/"},{"@type":"ListItem","position":3,"name":"Unitree H2 Dual Hand Remote Controller"}]},{"@type":"WebSite","@id":"https:\/\/www.ghostysky.com\/#website","url":"https:\/\/www.ghostysky.com\/","name":"Ghostysky","description":"Entrega de drones y servicios profesionales","publisher":{"@id":"https:\/\/www.ghostysky.com\/#organization"},"potentialAction":[{"@type":"SearchAction","target":{"@type":"EntryPoint","urlTemplate":"https:\/\/www.ghostysky.com\/?s={search_term_string}"},"query-input":{"@type":"PropertyValueSpecification","valueRequired":true,"valueName":"search_term_string"}}],"inLanguage":"es"},{"@type":"Organization","@id":"https:\/\/www.ghostysky.com\/#organization","name":"Ghostysky","url":"https:\/\/www.ghostysky.com\/","logo":{"@type":"ImageObject","inLanguage":"es","@id":"https:\/\/www.ghostysky.com\/#\/schema\/logo\/image\/","url":"https:\/\/www.ghostysky.com\/wp-content\/uploads\/2020\/06\/cropped-ghostyskylogo_text_white2.png","contentUrl":"https:\/\/www.ghostysky.com\/wp-content\/uploads\/2020\/06\/cropped-ghostyskylogo_text_white2.png","width":169,"height":56,"caption":"Ghostysky"},"image":{"@id":"https:\/\/www.ghostysky.com\/#\/schema\/logo\/image\/"},"sameAs":["https:\/\/www.facebook.com\/people\/Ghostysky\/100057676170234\/","https:\/\/x.com\/Gh0stysky","https:\/\/www.linkedin.com\/company\/34739653","https:\/\/www.instagram.com\/gh0stysky"]}]}},"_links":{"self":[{"href":"https:\/\/www.ghostysky.com\/es\/wp-json\/wp\/v2\/product\/23659","targetHints":{"allow":["GET"]}}],"collection":[{"href":"https:\/\/www.ghostysky.com\/es\/wp-json\/wp\/v2\/product"}],"about":[{"href":"https:\/\/www.ghostysky.com\/es\/wp-json\/wp\/v2\/types\/product"}],"replies":[{"embeddable":true,"href":"https:\/\/www.ghostysky.com\/es\/wp-json\/wp\/v2\/comments?post=23659"}],"wp:featuredmedia":[{"embeddable":true,"href":"https:\/\/www.ghostysky.com\/es\/wp-json\/wp\/v2\/media\/23660"}],"wp:attachment":[{"href":"https:\/\/www.ghostysky.com\/es\/wp-json\/wp\/v2\/media?parent=23659"}],"wp:term":[{"taxonomy":"product_brand","embeddable":true,"href":"https:\/\/www.ghostysky.com\/es\/wp-json\/wp\/v2\/product_brand?post=23659"},{"taxonomy":"product_cat","embeddable":true,"href":"https:\/\/www.ghostysky.com\/es\/wp-json\/wp\/v2\/product_cat?post=23659"},{"taxonomy":"product_tag","embeddable":true,"href":"https:\/\/www.ghostysky.com\/es\/wp-json\/wp\/v2\/product_tag?post=23659"}],"curies":[{"name":"wp","href":"https:\/\/api.w.org\/{rel}","templated":true}]}}