{"id":23661,"date":"2026-01-10T11:30:21","date_gmt":"2026-01-10T11:30:21","guid":{"rendered":"https:\/\/www.ghostysky.com\/?post_type=product&#038;p=23661"},"modified":"2026-01-10T12:28:36","modified_gmt":"2026-01-10T12:28:36","slug":"unitree-h2-battery-single-battery","status":"publish","type":"product","link":"https:\/\/www.ghostysky.com\/es\/product\/unitree-h2-battery-single-battery\/","title":{"rendered":"Bater\u00eda Unitree H2 (bater\u00eda individual)"},"content":{"rendered":"<h4 data-path-to-node=\"3\">Caracter\u00edsticas clave<\/h4>\n<ul data-path-to-node=\"4\">\n<li>\n<p data-path-to-node=\"4,0,0\"><b data-path-to-node=\"4,0,0\" data-index-in-node=\"0\"><span class=\"citation-227\">Alta densidad energ\u00e9tica:<\/span><\/b><span class=\"citation-227\"> Con un <\/span><b data-path-to-node=\"4,0,0\" data-index-in-node=\"28\"><span class=\"citation-227\">0,972 kWh<\/span><\/b><span class=\"citation-227 citation-end-227\"> capacidad, esta bater\u00eda ofrece una de las mejores relaciones potencia-peso de su clase, soportando las robustas articulaciones de las patas de 360 Nm del robot.<\/span><\/p>\n<\/li>\n<li>\n<p data-path-to-node=\"4,1,0\"><b data-path-to-node=\"4,1,0\" data-index-in-node=\"0\"><span class=\"citation-226\">Dise\u00f1o de liberaci\u00f3n r\u00e1pida:<\/span><\/b><span class=\"citation-226 citation-end-226\"> Dise\u00f1ado para cambios r\u00e1pidos, lo que permite a los usuarios minimizar el tiempo de inactividad durante experimentos de larga duraci\u00f3n o misiones de campo.<\/span><\/p>\n<\/li>\n<li>\n<p data-path-to-node=\"4,2,0\"><b data-path-to-node=\"4,2,0\" data-index-in-node=\"0\">BMS inteligente:<\/b><span class=\"citation-225\"> Cuenta con un desarrollo propio <\/span><b data-path-to-node=\"4,2,0\" data-index-in-node=\"43\"><span class=\"citation-225\">Sistema de gesti\u00f3n de bater\u00edas (BMS)<\/span><\/b><span class=\"citation-225 citation-end-225\"> que proporciona monitoreo de salud en tiempo real, equilibrio celular y protecci\u00f3n de seguridad seis veces mayor.<\/span><\/p>\n<\/li>\n<li>\n<p data-path-to-node=\"4,3,0\"><b data-path-to-node=\"4,3,0\" data-index-in-node=\"0\"><span class=\"citation-224\">Tiempo de ejecuci\u00f3n extendido:<\/span><\/b><span class=\"citation-224\"> Una sola bater\u00eda soporta aproximadamente <\/span><b data-path-to-node=\"4,3,0\" data-index-in-node=\"58\"><span class=\"citation-224\">3 horas<\/span><\/b><span class=\"citation-224 citation-end-224\"> de funcionamiento continuo (dependiendo de la intensidad de las tareas).<\/span><\/p>\n<\/li>\n<li>\n<p data-path-to-node=\"4,4,0\"><b data-path-to-node=\"4,4,0\" data-index-in-node=\"0\"><span class=\"citation-223\">Estabilidad de alto voltaje:<\/span><\/b><span class=\"citation-223\"> Operando en un <\/span><b data-path-to-node=\"4,4,0\" data-index-in-node=\"39\"><span class=\"citation-223\">75,6 V<\/span><\/b><span class=\"citation-223 citation-end-223\"> voltaje del sistema, proporciona la corriente constante necesaria para movimientos explosivos como saltar o correr.<\/span><\/p>\n<div class=\"source-inline-chip-container ng-star-inserted\"><\/div>\n<\/li>\n<\/ul>\n<h4 data-path-to-node=\"6\">Especificaciones t\u00e9cnicas<\/h4>\n<table data-path-to-node=\"7\">\n<thead>\n<tr>\n<td><strong>Par\u00e1metro<\/strong><\/td>\n<td><strong>Especificaci\u00f3n<\/strong><\/td>\n<\/tr>\n<\/thead>\n<tbody>\n<tr>\n<td><span data-path-to-node=\"7,1,0,0\"><b data-path-to-node=\"7,1,0,0\" data-index-in-node=\"0\">Capacidad nominal<\/b><\/span><\/td>\n<td><span data-path-to-node=\"7,1,1,0\">15.000 mAh (15 Ah)<\/span><\/td>\n<\/tr>\n<tr>\n<td><span data-path-to-node=\"7,2,0,0\"><b data-path-to-node=\"7,2,0,0\" data-index-in-node=\"0\">Energ\u00eda total<\/b><\/span><\/td>\n<td><span data-path-to-node=\"7,2,1,0\">0,972 kWh<\/span><\/td>\n<\/tr>\n<tr>\n<td><span data-path-to-node=\"7,3,0,0\"><b data-path-to-node=\"7,3,0,0\" data-index-in-node=\"0\">Voltaje del sistema<\/b><\/span><\/td>\n<td><span data-path-to-node=\"7,3,1,0\">75,6 V<\/span><\/td>\n<\/tr>\n<tr>\n<td><span data-path-to-node=\"7,4,0,0\"><b data-path-to-node=\"7,4,0,0\" data-index-in-node=\"0\">Tiempo de ejecuci\u00f3n<\/b><\/span><\/td>\n<td><span data-path-to-node=\"7,4,1,0\">~3 horas (uso est\u00e1ndar)<\/span><\/td>\n<\/tr>\n<tr>\n<td><span data-path-to-node=\"7,5,0,0\"><b data-path-to-node=\"7,5,0,0\" data-index-in-node=\"0\">Certificaciones de seguridad<\/b><\/span><\/td>\n<td><span data-path-to-node=\"7,5,1,0\">IEC 62133-2 \/ IS 16046 (Parte 2)<\/span><\/td>\n<\/tr>\n<tr>\n<td><span data-path-to-node=\"7,6,0,0\"><b data-path-to-node=\"7,6,0,0\" data-index-in-node=\"0\">Funciones de protecci\u00f3n<\/b><\/span><\/td>\n<td><span data-path-to-node=\"7,6,1,0\">Sobrecarga, Sobredescarga, Cortocircuito, Temperatura, Sobretensi\u00f3n<\/span><\/td>\n<\/tr>\n<tr>\n<td><span data-path-to-node=\"7,7,0,0\"><b data-path-to-node=\"7,7,0,0\" data-index-in-node=\"0\">Cargando<\/b><\/span><\/td>\n<td><span data-path-to-node=\"7,7,1,0\">Admite carga r\u00e1pida de alta corriente<\/span><\/td>\n<\/tr>\n<\/tbody>\n<\/table>\n<p>&nbsp;<\/p>\n<h4 data-path-to-node=\"9\">\u00bfPor qu\u00e9 elegir la bater\u00eda oficial H2?<\/h4>\n<p data-path-to-node=\"10\">A diferencia de los paquetes de iones de litio gen\u00e9ricos, la bater\u00eda Unitree H2 est\u00e1 fabricada con <b data-path-to-node=\"10\" data-index-in-node=\"71\">c\u00e9lulas de grado industrial<\/b> Optimizado para los patrones espec\u00edficos de consumo de corriente de la locomoci\u00f3n humanoide. Su pantalla de energ\u00eda integrada permite verificaciones instant\u00e1neas del estado, mientras que la arquitectura &quot;Despertar del Destino&quot; garantiza que pueda soportar las demandas t\u00e9rmicas de los potentes m\u00f3dulos de computaci\u00f3n Intel\/NVIDIA integrados en el H2.<\/p>","protected":false},"excerpt":{"rendered":"<p data-path-to-node=\"0\"><span class=\"citation-229\">El <\/span><b data-path-to-node=\"0\" data-index-in-node=\"4\"><span class=\"citation-229\">Bater\u00eda Unitree H2<\/span><\/b><span class=\"citation-229 citation-end-229\"> es el n\u00facleo de energ\u00eda de alto rendimiento dise\u00f1ado espec\u00edficamente para el robot humanoide H2.<\/span> Dise\u00f1ado para \u201cDestiny Awakening\u201d, este paquete de bater\u00eda \u00fanico proporciona la energ\u00eda de alta densidad necesaria para alimentar los 31 grados de libertad del robot y sus motores de alto torque.<\/p>\n<p data-path-to-node=\"1\"><span class=\"citation-228 citation-end-228\">Ya sea que est\u00e9 realizando investigaciones complejas, capacitaci\u00f3n en IA o inspecciones industriales, esta bater\u00eda garantiza que su H2 permanezca operativo con una fuente de energ\u00eda confiable y de liberaci\u00f3n r\u00e1pida.<\/span><\/p>","protected":false},"featured_media":21985,"comment_status":"open","ping_status":"closed","template":"","meta":[],"product_brand":[1087],"product_cat":[1038,1037,1102],"product_tag":[1088,1328,1329,1326],"class_list":{"0":"post-23661","1":"product","2":"type-product","3":"status-publish","4":"has-post-thumbnail","6":"product_brand-unitree","7":"product_cat-humanoid","8":"product_cat-robotics","9":"product_cat-unitree-hum-accessories","10":"product_tag-unitree","11":"product_tag-unitree-h2","12":"product_tag-unitree-h2-accessories","13":"product_tag-unitree-h2-series","15":"first","16":"onbackorder","17":"taxable","18":"shipping-taxable","19":"purchasable","20":"product-type-simple"},"yoast_head":"<!-- This site is optimized with the Yoast SEO plugin v27.4 - https:\/\/yoast.com\/product\/yoast-seo-wordpress\/ -->\n<title>Unitree H2 Battery (Single Battery) - Ghostysky<\/title>\n<meta name=\"description\" content=\"The Unitree H2 Battery is the high-performance energy core designed specifically for the H2 humanoid robot. Engineered for &quot;Destiny Awakening,&quot; this single battery pack provides the high-density power required to fuel the robot\u2019s 31 degrees of freedom and its high-torque motors.Whether you are performing complex research, AI training, or industrial inspections, this battery ensures your H2 remains operational with a reliable, quick-release power source.\" \/>\n<meta name=\"robots\" content=\"index, follow, max-snippet:-1, max-image-preview:large, max-video-preview:-1\" \/>\n<link rel=\"canonical\" href=\"https:\/\/www.ghostysky.com\/es\/producto-2\/unitree-h2-battery-single-battery\/\" \/>\n<meta property=\"og:locale\" content=\"es_ES\" \/>\n<meta property=\"og:type\" content=\"article\" \/>\n<meta property=\"og:title\" content=\"Unitree H2 Battery (Single Battery) - Ghostysky\" \/>\n<meta property=\"og:description\" content=\"The Unitree H2 Battery is the high-performance energy core designed specifically for the H2 humanoid robot. Engineered for &quot;Destiny Awakening,&quot; this single battery pack provides the high-density power required to fuel the robot\u2019s 31 degrees of freedom and its high-torque motors.Whether you are performing complex research, AI training, or industrial inspections, this battery ensures your H2 remains operational with a reliable, quick-release power source.\" \/>\n<meta property=\"og:url\" content=\"https:\/\/www.ghostysky.com\/es\/producto-2\/unitree-h2-battery-single-battery\/\" \/>\n<meta property=\"og:site_name\" content=\"Ghostysky\" \/>\n<meta property=\"article:publisher\" content=\"https:\/\/www.facebook.com\/people\/Ghostysky\/100057676170234\/\" \/>\n<meta property=\"article:modified_time\" content=\"2026-01-10T12:28:36+00:00\" \/>\n<meta property=\"og:image\" content=\"https:\/\/www.ghostysky.com\/wp-content\/uploads\/2025\/10\/GH_Unitree.svg_logo_1.png\" \/>\n\t<meta property=\"og:image:width\" content=\"2560\" \/>\n\t<meta property=\"og:image:height\" content=\"577\" \/>\n\t<meta property=\"og:image:type\" content=\"image\/png\" \/>\n<meta name=\"twitter:card\" content=\"summary_large_image\" \/>\n<meta name=\"twitter:site\" content=\"@Gh0stysky\" \/>\n<meta name=\"twitter:label1\" content=\"Tiempo de lectura\" \/>\n\t<meta name=\"twitter:data1\" content=\"2 minutos\" \/>\n<script type=\"application\/ld+json\" class=\"yoast-schema-graph\">{\"@context\":\"https:\\\/\\\/schema.org\",\"@graph\":[{\"@type\":\"WebPage\",\"@id\":\"https:\\\/\\\/www.ghostysky.com\\\/product\\\/unitree-h2-battery-single-battery\\\/\",\"url\":\"https:\\\/\\\/www.ghostysky.com\\\/product\\\/unitree-h2-battery-single-battery\\\/\",\"name\":\"Unitree H2 Battery (Single Battery) - Ghostysky\",\"isPartOf\":{\"@id\":\"https:\\\/\\\/www.ghostysky.com\\\/#website\"},\"primaryImageOfPage\":{\"@id\":\"https:\\\/\\\/www.ghostysky.com\\\/product\\\/unitree-h2-battery-single-battery\\\/#primaryimage\"},\"image\":{\"@id\":\"https:\\\/\\\/www.ghostysky.com\\\/product\\\/unitree-h2-battery-single-battery\\\/#primaryimage\"},\"thumbnailUrl\":\"https:\\\/\\\/www.ghostysky.com\\\/wp-content\\\/uploads\\\/2025\\\/10\\\/GH_Unitree.svg_logo_1.png\",\"datePublished\":\"2026-01-10T11:30:21+00:00\",\"dateModified\":\"2026-01-10T12:28:36+00:00\",\"description\":\"The Unitree H2 Battery is the high-performance energy core designed specifically for the H2 humanoid robot. Engineered for \\\"Destiny Awakening,\\\" this single battery pack provides the high-density power required to fuel the robot\u2019s 31 degrees of freedom and its high-torque motors.Whether you are performing complex research, AI training, or industrial inspections, this battery ensures your H2 remains operational with a reliable, quick-release power source.\",\"breadcrumb\":{\"@id\":\"https:\\\/\\\/www.ghostysky.com\\\/product\\\/unitree-h2-battery-single-battery\\\/#breadcrumb\"},\"inLanguage\":\"es\",\"potentialAction\":[{\"@type\":\"ReadAction\",\"target\":[\"https:\\\/\\\/www.ghostysky.com\\\/product\\\/unitree-h2-battery-single-battery\\\/\"]}]},{\"@type\":\"ImageObject\",\"inLanguage\":\"es\",\"@id\":\"https:\\\/\\\/www.ghostysky.com\\\/product\\\/unitree-h2-battery-single-battery\\\/#primaryimage\",\"url\":\"https:\\\/\\\/www.ghostysky.com\\\/wp-content\\\/uploads\\\/2025\\\/10\\\/GH_Unitree.svg_logo_1.png\",\"contentUrl\":\"https:\\\/\\\/www.ghostysky.com\\\/wp-content\\\/uploads\\\/2025\\\/10\\\/GH_Unitree.svg_logo_1.png\",\"width\":2560,\"height\":577},{\"@type\":\"BreadcrumbList\",\"@id\":\"https:\\\/\\\/www.ghostysky.com\\\/product\\\/unitree-h2-battery-single-battery\\\/#breadcrumb\",\"itemListElement\":[{\"@type\":\"ListItem\",\"position\":1,\"name\":\"Home\",\"item\":\"https:\\\/\\\/www.ghostysky.com\\\/\"},{\"@type\":\"ListItem\",\"position\":2,\"name\":\"Shop\",\"item\":\"https:\\\/\\\/www.ghostysky.com\\\/shop\\\/\"},{\"@type\":\"ListItem\",\"position\":3,\"name\":\"Unitree H2 Battery (Single Battery)\"}]},{\"@type\":\"WebSite\",\"@id\":\"https:\\\/\\\/www.ghostysky.com\\\/#website\",\"url\":\"https:\\\/\\\/www.ghostysky.com\\\/\",\"name\":\"Ghostysky\",\"description\":\"Delivering professional drones and services\",\"publisher\":{\"@id\":\"https:\\\/\\\/www.ghostysky.com\\\/#organization\"},\"potentialAction\":[{\"@type\":\"SearchAction\",\"target\":{\"@type\":\"EntryPoint\",\"urlTemplate\":\"https:\\\/\\\/www.ghostysky.com\\\/?s={search_term_string}\"},\"query-input\":{\"@type\":\"PropertyValueSpecification\",\"valueRequired\":true,\"valueName\":\"search_term_string\"}}],\"inLanguage\":\"es\"},{\"@type\":\"Organization\",\"@id\":\"https:\\\/\\\/www.ghostysky.com\\\/#organization\",\"name\":\"Ghostysky\",\"url\":\"https:\\\/\\\/www.ghostysky.com\\\/\",\"logo\":{\"@type\":\"ImageObject\",\"inLanguage\":\"es\",\"@id\":\"https:\\\/\\\/www.ghostysky.com\\\/#\\\/schema\\\/logo\\\/image\\\/\",\"url\":\"https:\\\/\\\/www.ghostysky.com\\\/wp-content\\\/uploads\\\/2020\\\/06\\\/cropped-ghostyskylogo_text_white2.png\",\"contentUrl\":\"https:\\\/\\\/www.ghostysky.com\\\/wp-content\\\/uploads\\\/2020\\\/06\\\/cropped-ghostyskylogo_text_white2.png\",\"width\":169,\"height\":56,\"caption\":\"Ghostysky\"},\"image\":{\"@id\":\"https:\\\/\\\/www.ghostysky.com\\\/#\\\/schema\\\/logo\\\/image\\\/\"},\"sameAs\":[\"https:\\\/\\\/www.facebook.com\\\/people\\\/Ghostysky\\\/100057676170234\\\/\",\"https:\\\/\\\/x.com\\\/Gh0stysky\",\"https:\\\/\\\/www.linkedin.com\\\/company\\\/34739653\",\"https:\\\/\\\/www.instagram.com\\\/gh0stysky\"]}]}<\/script>\n<!-- \/ Yoast SEO plugin. -->","yoast_head_json":{"title":"Bater\u00eda Unitree H2 (bater\u00eda individual) - Ghostysky","description":"La bater\u00eda Unitree H2 es el n\u00facleo de energ\u00eda de alto rendimiento dise\u00f1ado espec\u00edficamente para el robot humanoide H2. Dise\u00f1ada para el &quot;Despertar del Destino&quot;, esta bater\u00eda proporciona la energ\u00eda de alta densidad necesaria para alimentar los 31 grados de libertad del robot y sus motores de alto par. Ya sea que est\u00e9 realizando investigaciones complejas, entrenamiento de IA o inspecciones industriales, esta bater\u00eda garantiza que su H2 se mantenga operativo con una fuente de energ\u00eda confiable y de liberaci\u00f3n r\u00e1pida.","robots":{"index":"index","follow":"follow","max-snippet":"max-snippet:-1","max-image-preview":"max-image-preview:large","max-video-preview":"max-video-preview:-1"},"canonical":"https:\/\/www.ghostysky.com\/es\/producto-2\/unitree-h2-battery-single-battery\/","og_locale":"es_ES","og_type":"article","og_title":"Unitree H2 Battery (Single Battery) - Ghostysky","og_description":"The Unitree H2 Battery is the high-performance energy core designed specifically for the H2 humanoid robot. Engineered for \"Destiny Awakening,\" this single battery pack provides the high-density power required to fuel the robot\u2019s 31 degrees of freedom and its high-torque motors.Whether you are performing complex research, AI training, or industrial inspections, this battery ensures your H2 remains operational with a reliable, quick-release power source.","og_url":"https:\/\/www.ghostysky.com\/es\/producto-2\/unitree-h2-battery-single-battery\/","og_site_name":"Ghostysky","article_publisher":"https:\/\/www.facebook.com\/people\/Ghostysky\/100057676170234\/","article_modified_time":"2026-01-10T12:28:36+00:00","og_image":[{"width":2560,"height":577,"url":"https:\/\/www.ghostysky.com\/wp-content\/uploads\/2025\/10\/GH_Unitree.svg_logo_1.png","type":"image\/png"}],"twitter_card":"summary_large_image","twitter_site":"@Gh0stysky","twitter_misc":{"Tiempo de lectura":"2 minutos"},"schema":{"@context":"https:\/\/schema.org","@graph":[{"@type":"WebPage","@id":"https:\/\/www.ghostysky.com\/product\/unitree-h2-battery-single-battery\/","url":"https:\/\/www.ghostysky.com\/product\/unitree-h2-battery-single-battery\/","name":"Bater\u00eda Unitree H2 (bater\u00eda individual) - Ghostysky","isPartOf":{"@id":"https:\/\/www.ghostysky.com\/#website"},"primaryImageOfPage":{"@id":"https:\/\/www.ghostysky.com\/product\/unitree-h2-battery-single-battery\/#primaryimage"},"image":{"@id":"https:\/\/www.ghostysky.com\/product\/unitree-h2-battery-single-battery\/#primaryimage"},"thumbnailUrl":"https:\/\/www.ghostysky.com\/wp-content\/uploads\/2025\/10\/GH_Unitree.svg_logo_1.png","datePublished":"2026-01-10T11:30:21+00:00","dateModified":"2026-01-10T12:28:36+00:00","description":"La bater\u00eda Unitree H2 es el n\u00facleo de energ\u00eda de alto rendimiento dise\u00f1ado espec\u00edficamente para el robot humanoide H2. Dise\u00f1ada para el &quot;Despertar del Destino&quot;, esta bater\u00eda proporciona la energ\u00eda de alta densidad necesaria para alimentar los 31 grados de libertad del robot y sus motores de alto par. Ya sea que est\u00e9 realizando investigaciones complejas, entrenamiento de IA o inspecciones industriales, esta bater\u00eda garantiza que su H2 se mantenga operativo con una fuente de energ\u00eda confiable y de liberaci\u00f3n r\u00e1pida.","breadcrumb":{"@id":"https:\/\/www.ghostysky.com\/product\/unitree-h2-battery-single-battery\/#breadcrumb"},"inLanguage":"es","potentialAction":[{"@type":"ReadAction","target":["https:\/\/www.ghostysky.com\/product\/unitree-h2-battery-single-battery\/"]}]},{"@type":"ImageObject","inLanguage":"es","@id":"https:\/\/www.ghostysky.com\/product\/unitree-h2-battery-single-battery\/#primaryimage","url":"https:\/\/www.ghostysky.com\/wp-content\/uploads\/2025\/10\/GH_Unitree.svg_logo_1.png","contentUrl":"https:\/\/www.ghostysky.com\/wp-content\/uploads\/2025\/10\/GH_Unitree.svg_logo_1.png","width":2560,"height":577},{"@type":"BreadcrumbList","@id":"https:\/\/www.ghostysky.com\/product\/unitree-h2-battery-single-battery\/#breadcrumb","itemListElement":[{"@type":"ListItem","position":1,"name":"Home","item":"https:\/\/www.ghostysky.com\/"},{"@type":"ListItem","position":2,"name":"Shop","item":"https:\/\/www.ghostysky.com\/shop\/"},{"@type":"ListItem","position":3,"name":"Unitree H2 Battery (Single Battery)"}]},{"@type":"WebSite","@id":"https:\/\/www.ghostysky.com\/#website","url":"https:\/\/www.ghostysky.com\/","name":"Ghostysky","description":"Entrega de drones y servicios profesionales","publisher":{"@id":"https:\/\/www.ghostysky.com\/#organization"},"potentialAction":[{"@type":"SearchAction","target":{"@type":"EntryPoint","urlTemplate":"https:\/\/www.ghostysky.com\/?s={search_term_string}"},"query-input":{"@type":"PropertyValueSpecification","valueRequired":true,"valueName":"search_term_string"}}],"inLanguage":"es"},{"@type":"Organization","@id":"https:\/\/www.ghostysky.com\/#organization","name":"Ghostysky","url":"https:\/\/www.ghostysky.com\/","logo":{"@type":"ImageObject","inLanguage":"es","@id":"https:\/\/www.ghostysky.com\/#\/schema\/logo\/image\/","url":"https:\/\/www.ghostysky.com\/wp-content\/uploads\/2020\/06\/cropped-ghostyskylogo_text_white2.png","contentUrl":"https:\/\/www.ghostysky.com\/wp-content\/uploads\/2020\/06\/cropped-ghostyskylogo_text_white2.png","width":169,"height":56,"caption":"Ghostysky"},"image":{"@id":"https:\/\/www.ghostysky.com\/#\/schema\/logo\/image\/"},"sameAs":["https:\/\/www.facebook.com\/people\/Ghostysky\/100057676170234\/","https:\/\/x.com\/Gh0stysky","https:\/\/www.linkedin.com\/company\/34739653","https:\/\/www.instagram.com\/gh0stysky"]}]}},"_links":{"self":[{"href":"https:\/\/www.ghostysky.com\/es\/wp-json\/wp\/v2\/product\/23661","targetHints":{"allow":["GET"]}}],"collection":[{"href":"https:\/\/www.ghostysky.com\/es\/wp-json\/wp\/v2\/product"}],"about":[{"href":"https:\/\/www.ghostysky.com\/es\/wp-json\/wp\/v2\/types\/product"}],"replies":[{"embeddable":true,"href":"https:\/\/www.ghostysky.com\/es\/wp-json\/wp\/v2\/comments?post=23661"}],"wp:featuredmedia":[{"embeddable":true,"href":"https:\/\/www.ghostysky.com\/es\/wp-json\/wp\/v2\/media\/21985"}],"wp:attachment":[{"href":"https:\/\/www.ghostysky.com\/es\/wp-json\/wp\/v2\/media?parent=23661"}],"wp:term":[{"taxonomy":"product_brand","embeddable":true,"href":"https:\/\/www.ghostysky.com\/es\/wp-json\/wp\/v2\/product_brand?post=23661"},{"taxonomy":"product_cat","embeddable":true,"href":"https:\/\/www.ghostysky.com\/es\/wp-json\/wp\/v2\/product_cat?post=23661"},{"taxonomy":"product_tag","embeddable":true,"href":"https:\/\/www.ghostysky.com\/es\/wp-json\/wp\/v2\/product_tag?post=23661"}],"curies":[{"name":"wp","href":"https:\/\/api.w.org\/{rel}","templated":true}]}}