{"id":23668,"date":"2026-01-10T11:40:17","date_gmt":"2026-01-10T11:40:17","guid":{"rendered":"https:\/\/www.ghostysky.com\/?post_type=product&#038;p=23668"},"modified":"2026-01-10T12:29:29","modified_gmt":"2026-01-10T12:29:29","slug":"unitree-h2-charger","status":"publish","type":"product","link":"https:\/\/www.ghostysky.com\/es\/product\/unitree-h2-charger\/","title":{"rendered":"Cargador Unitree H2"},"content":{"rendered":"<h4 data-path-to-node=\"2\">Caracter\u00edsticas y especificaciones clave<\/h4>\n<p data-path-to-node=\"3\">El cargador H2 est\u00e1 dise\u00f1ado para satisfacer las importantes necesidades energ\u00e9ticas de un robot humanoide a escala real. A diferencia de los cargadores cuadr\u00fapedos m\u00e1s peque\u00f1os, ofrece mayor voltaje y potencia para garantizar la recarga eficiente de la bater\u00eda de 75,6 V.<\/p>\n<h4 data-path-to-node=\"4\">Rendimiento t\u00e9cnico<\/h4>\n<ul data-path-to-node=\"5\">\n<li>\n<p data-path-to-node=\"5,0,0\"><b data-path-to-node=\"5,0,0\" data-index-in-node=\"0\"><span class=\"citation-240\">Soporte de voltaje:<\/span><\/b><span class=\"citation-240\"> Optimizado para el H2 <\/span><b data-path-to-node=\"5,0,0\" data-index-in-node=\"40\"><span class=\"citation-240\">75,6 V<\/span><\/b><span class=\"citation-240 citation-end-240\"> Sistema de bater\u00eda de iones de litio (m\u00e1ximo).<\/span><\/p>\n<\/li>\n<li>\n<p data-path-to-node=\"5,1,0\"><b data-path-to-node=\"5,1,0\" data-index-in-node=\"0\">Carga r\u00e1pida:<\/b><span class=\"citation-239\"> Capaz de recargar el robot <\/span><b data-path-to-node=\"5,1,0\" data-index-in-node=\"50\"><span class=\"citation-239\">0,972 kWh (15 Ah)<\/span><\/b><span class=\"citation-239\"> bater\u00eda en aproximadamente <\/span><b data-path-to-node=\"5,1,0\" data-index-in-node=\"92\"><span class=\"citation-239\">2,5 a 3 horas<\/span><\/b><span class=\"citation-239 citation-end-239\">, significativamente m\u00e1s r\u00e1pido que los cargadores de consumo est\u00e1ndar.<\/span><\/p>\n<\/li>\n<li>\n<p data-path-to-node=\"5,2,0\"><b data-path-to-node=\"5,2,0\" data-index-in-node=\"0\">Compatibilidad de entrada:<\/b> Rango de entrada universal de <b data-path-to-node=\"5,2,0\" data-index-in-node=\"46\">100 V \u2013 240 V CA<\/b>, lo que permite un uso sin problemas en varias regiones internacionales.<\/p>\n<\/li>\n<\/ul>\n<h4 data-path-to-node=\"6\">Sistema de protecci\u00f3n inteligente<\/h4>\n<p data-path-to-node=\"7\">Para proteger la longevidad de la bater\u00eda H2 de alto valor, el cargador incluye un protocolo de seguridad de \u201c\u00f3ctuple\u201d:<\/p>\n<ul data-path-to-node=\"8\">\n<li>\n<p data-path-to-node=\"8,0,0\"><b data-path-to-node=\"8,0,0\" data-index-in-node=\"0\">Protecci\u00f3n contra sobrecarga y sobredescarga:<\/b> Previene la degradaci\u00f3n celular por picos o ca\u00eddas de voltaje.<\/p>\n<\/li>\n<li>\n<p data-path-to-node=\"8,1,0\"><b data-path-to-node=\"8,1,0\" data-index-in-node=\"0\">Monitoreo de temperatura:<\/b> Ajusta o detiene autom\u00e1ticamente la carga si las temperaturas internas exceden los l\u00edmites seguros.<\/p>\n<\/li>\n<li>\n<p data-path-to-node=\"8,2,0\"><b data-path-to-node=\"8,2,0\" data-index-in-node=\"0\">Protecci\u00f3n contra cortocircuitos y corriente:<\/b> Protege contra fallas el\u00e9ctricas durante la transmisi\u00f3n de alta potencia.<\/p>\n<\/li>\n<li>\n<p data-path-to-node=\"8,3,0\"><b data-path-to-node=\"8,3,0\" data-index-in-node=\"0\">Carga equilibrada:<\/b> Garantiza que cada celda dentro del paquete de 15 Ah alcance la misma capacidad para un funcionamiento estable del robot.<\/p>\n<\/li>\n<\/ul>\n<h4 data-path-to-node=\"9\">Dise\u00f1o industrial<\/h4>\n<ul data-path-to-node=\"10\">\n<li>\n<p data-path-to-node=\"10,0,0\"><b data-path-to-node=\"10,0,0\" data-index-in-node=\"0\">Portabilidad:<\/b> A pesar de su alto rendimiento, el cargador mantiene un formato compacto para facilitar su transporte entre laboratorios o lugares de trabajo.<\/p>\n<\/li>\n<li>\n<p data-path-to-node=\"10,1,0\"><b data-path-to-node=\"10,1,0\" data-index-in-node=\"0\">Indicadores LED:<\/b> Se\u00f1ales visuales simples brindan actualizaciones de estado en tiempo real sobre el progreso de carga y el estado de la bater\u00eda.<\/p>\n<\/li>\n<li>\n<p data-path-to-node=\"10,2,0\"><b data-path-to-node=\"10,2,0\" data-index-in-node=\"0\">Conectividad inteligente:<\/b> Dise\u00f1ado para interactuar con el sistema de gesti\u00f3n de bater\u00eda (BMS) integrado del H2 para realizar registros de datos y controles de estado precisos.<\/p>\n<\/li>\n<\/ul>\n<p>&nbsp;<\/p>\n<h4 data-path-to-node=\"12\">Escenarios de uso<\/h4>\n<ul data-path-to-node=\"13\">\n<li>\n<p data-path-to-node=\"13,0,0\"><b data-path-to-node=\"13,0,0\" data-index-in-node=\"0\">Investigaci\u00f3n y educaci\u00f3n:<\/b> Ideal para laboratorios que requieren tiempos de respuesta r\u00e1pidos entre ejecuciones de prueba.<\/p>\n<\/li>\n<li>\n<p data-path-to-node=\"13,1,0\"><b data-path-to-node=\"13,1,0\" data-index-in-node=\"0\">Mantenimiento Industrial:<\/b> Garantiza que el H2 pueda permanecer operativo durante su tiempo de ejecuci\u00f3n de aproximadamente 3 horas a lo largo de varios turnos.<\/p>\n<\/li>\n<li>\n<p data-path-to-node=\"13,2,0\"><b data-path-to-node=\"13,2,0\" data-index-in-node=\"0\">Despliegue de campo:<\/b> La amplia entrada de voltaje lo convierte en una herramienta vers\u00e1til para realizar demostraciones del H2 en varios entornos globales.<\/p>\n<\/li>\n<\/ul>\n<blockquote data-path-to-node=\"14\">\n<p data-path-to-node=\"14,0\"><b data-path-to-node=\"14,0\" data-index-in-node=\"0\">Nota:<\/b> Para obtener la mejor vida \u00fatil de la bater\u00eda, se recomienda utilizar \u00fanicamente el cargador oficial Unitree H2, ya que el sistema de alimentaci\u00f3n de alto voltaje del H2 no es compatible con los cargadores dise\u00f1ados para los modelos Unitree Go2 o H1.<\/p>\n<\/blockquote>","protected":false},"excerpt":{"rendered":"<p data-path-to-node=\"0\">El <b data-path-to-node=\"0\" data-index-in-node=\"4\">Cargador Unitree H2<\/b> Es una soluci\u00f3n de carga de alto rendimiento dise\u00f1ada espec\u00edficamente para el robot humanoide Unitree H2. Dise\u00f1ado para soportar la bater\u00eda de litio de alta capacidad de 15 Ah del robot, este cargador se centra en la velocidad, la seguridad y la fiabilidad para minimizar el tiempo de inactividad en aplicaciones de investigaci\u00f3n e industriales.<\/p>","protected":false},"featured_media":23649,"comment_status":"open","ping_status":"closed","template":"","meta":[],"product_brand":[1087],"product_cat":[1038,1037,1102],"product_tag":[1088,1328,1329,1326],"class_list":{"0":"post-23668","1":"product","2":"type-product","3":"status-publish","4":"has-post-thumbnail","6":"product_brand-unitree","7":"product_cat-humanoid","8":"product_cat-robotics","9":"product_cat-unitree-hum-accessories","10":"product_tag-unitree","11":"product_tag-unitree-h2","12":"product_tag-unitree-h2-accessories","13":"product_tag-unitree-h2-series","15":"first","16":"onbackorder","17":"taxable","18":"shipping-taxable","19":"purchasable","20":"product-type-simple"},"yoast_head":"<!-- This site is optimized with the Yoast SEO plugin v27.1.1 - https:\/\/yoast.com\/product\/yoast-seo-wordpress\/ -->\n<title>Unitree H2 Charger - Ghostysky<\/title>\n<meta name=\"description\" content=\"The Unitree H2 Charger is a high-performance charging solution specifically engineered for the Unitree H2 humanoid robot. Designed to support the robot\u2019s high-capacity 15Ah lithium battery, this charger focuses on speed, safety, and reliability to minimize downtime for research and industrial applications.\" \/>\n<meta name=\"robots\" content=\"index, follow, max-snippet:-1, max-image-preview:large, max-video-preview:-1\" \/>\n<link rel=\"canonical\" href=\"https:\/\/www.ghostysky.com\/es\/producto-2\/unitree-h2-charger\/\" \/>\n<meta property=\"og:locale\" content=\"es_ES\" \/>\n<meta property=\"og:type\" content=\"article\" \/>\n<meta property=\"og:title\" content=\"Unitree H2 Charger - Ghostysky\" \/>\n<meta property=\"og:description\" content=\"The Unitree H2 Charger is a high-performance charging solution specifically engineered for the Unitree H2 humanoid robot. Designed to support the robot\u2019s high-capacity 15Ah lithium battery, this charger focuses on speed, safety, and reliability to minimize downtime for research and industrial applications.\" \/>\n<meta property=\"og:url\" content=\"https:\/\/www.ghostysky.com\/es\/producto-2\/unitree-h2-charger\/\" \/>\n<meta property=\"og:site_name\" content=\"Ghostysky\" \/>\n<meta property=\"article:publisher\" content=\"https:\/\/www.facebook.com\/people\/Ghostysky\/100057676170234\/\" \/>\n<meta property=\"article:modified_time\" content=\"2026-01-10T12:29:29+00:00\" \/>\n<meta property=\"og:image\" content=\"https:\/\/www.ghostysky.com\/wp-content\/uploads\/2026\/01\/GH_Unitreer1_Charger_1.jpg\" \/>\n\t<meta property=\"og:image:width\" content=\"225\" \/>\n\t<meta property=\"og:image:height\" content=\"225\" \/>\n\t<meta property=\"og:image:type\" content=\"image\/jpeg\" \/>\n<meta name=\"twitter:card\" content=\"summary_large_image\" \/>\n<meta name=\"twitter:site\" content=\"@Gh0stysky\" \/>\n<meta name=\"twitter:label1\" content=\"Tiempo de lectura\" \/>\n\t<meta name=\"twitter:data1\" content=\"2 minutos\" \/>\n<script type=\"application\/ld+json\" class=\"yoast-schema-graph\">{\"@context\":\"https:\/\/schema.org\",\"@graph\":[{\"@type\":\"WebPage\",\"@id\":\"https:\/\/www.ghostysky.com\/product\/unitree-h2-charger\/\",\"url\":\"https:\/\/www.ghostysky.com\/product\/unitree-h2-charger\/\",\"name\":\"Unitree H2 Charger - Ghostysky\",\"isPartOf\":{\"@id\":\"https:\/\/www.ghostysky.com\/#website\"},\"primaryImageOfPage\":{\"@id\":\"https:\/\/www.ghostysky.com\/product\/unitree-h2-charger\/#primaryimage\"},\"image\":{\"@id\":\"https:\/\/www.ghostysky.com\/product\/unitree-h2-charger\/#primaryimage\"},\"thumbnailUrl\":\"https:\/\/www.ghostysky.com\/wp-content\/uploads\/2026\/01\/GH_Unitreer1_Charger_1.jpg\",\"datePublished\":\"2026-01-10T11:40:17+00:00\",\"dateModified\":\"2026-01-10T12:29:29+00:00\",\"description\":\"The Unitree H2 Charger is a high-performance charging solution specifically engineered for the Unitree H2 humanoid robot. Designed to support the robot\u2019s high-capacity 15Ah lithium battery, this charger focuses on speed, safety, and reliability to minimize downtime for research and industrial applications.\",\"breadcrumb\":{\"@id\":\"https:\/\/www.ghostysky.com\/product\/unitree-h2-charger\/#breadcrumb\"},\"inLanguage\":\"es\",\"potentialAction\":[{\"@type\":\"ReadAction\",\"target\":[\"https:\/\/www.ghostysky.com\/product\/unitree-h2-charger\/\"]}]},{\"@type\":\"ImageObject\",\"inLanguage\":\"es\",\"@id\":\"https:\/\/www.ghostysky.com\/product\/unitree-h2-charger\/#primaryimage\",\"url\":\"https:\/\/www.ghostysky.com\/wp-content\/uploads\/2026\/01\/GH_Unitreer1_Charger_1.jpg\",\"contentUrl\":\"https:\/\/www.ghostysky.com\/wp-content\/uploads\/2026\/01\/GH_Unitreer1_Charger_1.jpg\",\"width\":225,\"height\":225},{\"@type\":\"BreadcrumbList\",\"@id\":\"https:\/\/www.ghostysky.com\/product\/unitree-h2-charger\/#breadcrumb\",\"itemListElement\":[{\"@type\":\"ListItem\",\"position\":1,\"name\":\"Home\",\"item\":\"https:\/\/www.ghostysky.com\/\"},{\"@type\":\"ListItem\",\"position\":2,\"name\":\"Shop\",\"item\":\"https:\/\/www.ghostysky.com\/shop\/\"},{\"@type\":\"ListItem\",\"position\":3,\"name\":\"Unitree H2 Charger\"}]},{\"@type\":\"WebSite\",\"@id\":\"https:\/\/www.ghostysky.com\/#website\",\"url\":\"https:\/\/www.ghostysky.com\/\",\"name\":\"Ghostysky\",\"description\":\"Delivering professional drones and services\",\"publisher\":{\"@id\":\"https:\/\/www.ghostysky.com\/#organization\"},\"potentialAction\":[{\"@type\":\"SearchAction\",\"target\":{\"@type\":\"EntryPoint\",\"urlTemplate\":\"https:\/\/www.ghostysky.com\/?s={search_term_string}\"},\"query-input\":{\"@type\":\"PropertyValueSpecification\",\"valueRequired\":true,\"valueName\":\"search_term_string\"}}],\"inLanguage\":\"es\"},{\"@type\":\"Organization\",\"@id\":\"https:\/\/www.ghostysky.com\/#organization\",\"name\":\"Ghostysky\",\"url\":\"https:\/\/www.ghostysky.com\/\",\"logo\":{\"@type\":\"ImageObject\",\"inLanguage\":\"es\",\"@id\":\"https:\/\/www.ghostysky.com\/#\/schema\/logo\/image\/\",\"url\":\"https:\/\/www.ghostysky.com\/wp-content\/uploads\/2020\/06\/cropped-ghostyskylogo_text_white2.png\",\"contentUrl\":\"https:\/\/www.ghostysky.com\/wp-content\/uploads\/2020\/06\/cropped-ghostyskylogo_text_white2.png\",\"width\":169,\"height\":56,\"caption\":\"Ghostysky\"},\"image\":{\"@id\":\"https:\/\/www.ghostysky.com\/#\/schema\/logo\/image\/\"},\"sameAs\":[\"https:\/\/www.facebook.com\/people\/Ghostysky\/100057676170234\/\",\"https:\/\/x.com\/Gh0stysky\",\"https:\/\/www.linkedin.com\/company\/34739653\",\"https:\/\/www.instagram.com\/gh0stysky\"]}]}<\/script>\n<!-- \/ Yoast SEO plugin. -->","yoast_head_json":{"title":"Cargador Unitree H2 - Ghostysky","description":"El cargador Unitree H2 es una soluci\u00f3n de carga de alto rendimiento dise\u00f1ada espec\u00edficamente para el robot humanoide Unitree H2. Dise\u00f1ado para soportar la bater\u00eda de litio de alta capacidad de 15 Ah del robot, este cargador se centra en la velocidad, la seguridad y la fiabilidad para minimizar el tiempo de inactividad en aplicaciones industriales y de investigaci\u00f3n.","robots":{"index":"index","follow":"follow","max-snippet":"max-snippet:-1","max-image-preview":"max-image-preview:large","max-video-preview":"max-video-preview:-1"},"canonical":"https:\/\/www.ghostysky.com\/es\/producto-2\/unitree-h2-charger\/","og_locale":"es_ES","og_type":"article","og_title":"Unitree H2 Charger - Ghostysky","og_description":"The Unitree H2 Charger is a high-performance charging solution specifically engineered for the Unitree H2 humanoid robot. Designed to support the robot\u2019s high-capacity 15Ah lithium battery, this charger focuses on speed, safety, and reliability to minimize downtime for research and industrial applications.","og_url":"https:\/\/www.ghostysky.com\/es\/producto-2\/unitree-h2-charger\/","og_site_name":"Ghostysky","article_publisher":"https:\/\/www.facebook.com\/people\/Ghostysky\/100057676170234\/","article_modified_time":"2026-01-10T12:29:29+00:00","og_image":[{"width":225,"height":225,"url":"https:\/\/www.ghostysky.com\/wp-content\/uploads\/2026\/01\/GH_Unitreer1_Charger_1.jpg","type":"image\/jpeg"}],"twitter_card":"summary_large_image","twitter_site":"@Gh0stysky","twitter_misc":{"Tiempo de lectura":"2 minutos"},"schema":{"@context":"https:\/\/schema.org","@graph":[{"@type":"WebPage","@id":"https:\/\/www.ghostysky.com\/product\/unitree-h2-charger\/","url":"https:\/\/www.ghostysky.com\/product\/unitree-h2-charger\/","name":"Cargador Unitree H2 - Ghostysky","isPartOf":{"@id":"https:\/\/www.ghostysky.com\/#website"},"primaryImageOfPage":{"@id":"https:\/\/www.ghostysky.com\/product\/unitree-h2-charger\/#primaryimage"},"image":{"@id":"https:\/\/www.ghostysky.com\/product\/unitree-h2-charger\/#primaryimage"},"thumbnailUrl":"https:\/\/www.ghostysky.com\/wp-content\/uploads\/2026\/01\/GH_Unitreer1_Charger_1.jpg","datePublished":"2026-01-10T11:40:17+00:00","dateModified":"2026-01-10T12:29:29+00:00","description":"El cargador Unitree H2 es una soluci\u00f3n de carga de alto rendimiento dise\u00f1ada espec\u00edficamente para el robot humanoide Unitree H2. Dise\u00f1ado para soportar la bater\u00eda de litio de alta capacidad de 15 Ah del robot, este cargador se centra en la velocidad, la seguridad y la fiabilidad para minimizar el tiempo de inactividad en aplicaciones industriales y de investigaci\u00f3n.","breadcrumb":{"@id":"https:\/\/www.ghostysky.com\/product\/unitree-h2-charger\/#breadcrumb"},"inLanguage":"es","potentialAction":[{"@type":"ReadAction","target":["https:\/\/www.ghostysky.com\/product\/unitree-h2-charger\/"]}]},{"@type":"ImageObject","inLanguage":"es","@id":"https:\/\/www.ghostysky.com\/product\/unitree-h2-charger\/#primaryimage","url":"https:\/\/www.ghostysky.com\/wp-content\/uploads\/2026\/01\/GH_Unitreer1_Charger_1.jpg","contentUrl":"https:\/\/www.ghostysky.com\/wp-content\/uploads\/2026\/01\/GH_Unitreer1_Charger_1.jpg","width":225,"height":225},{"@type":"BreadcrumbList","@id":"https:\/\/www.ghostysky.com\/product\/unitree-h2-charger\/#breadcrumb","itemListElement":[{"@type":"ListItem","position":1,"name":"Home","item":"https:\/\/www.ghostysky.com\/"},{"@type":"ListItem","position":2,"name":"Shop","item":"https:\/\/www.ghostysky.com\/shop\/"},{"@type":"ListItem","position":3,"name":"Unitree H2 Charger"}]},{"@type":"WebSite","@id":"https:\/\/www.ghostysky.com\/#website","url":"https:\/\/www.ghostysky.com\/","name":"Ghostysky","description":"Entrega de drones y servicios profesionales","publisher":{"@id":"https:\/\/www.ghostysky.com\/#organization"},"potentialAction":[{"@type":"SearchAction","target":{"@type":"EntryPoint","urlTemplate":"https:\/\/www.ghostysky.com\/?s={search_term_string}"},"query-input":{"@type":"PropertyValueSpecification","valueRequired":true,"valueName":"search_term_string"}}],"inLanguage":"es"},{"@type":"Organization","@id":"https:\/\/www.ghostysky.com\/#organization","name":"Ghostysky","url":"https:\/\/www.ghostysky.com\/","logo":{"@type":"ImageObject","inLanguage":"es","@id":"https:\/\/www.ghostysky.com\/#\/schema\/logo\/image\/","url":"https:\/\/www.ghostysky.com\/wp-content\/uploads\/2020\/06\/cropped-ghostyskylogo_text_white2.png","contentUrl":"https:\/\/www.ghostysky.com\/wp-content\/uploads\/2020\/06\/cropped-ghostyskylogo_text_white2.png","width":169,"height":56,"caption":"Ghostysky"},"image":{"@id":"https:\/\/www.ghostysky.com\/#\/schema\/logo\/image\/"},"sameAs":["https:\/\/www.facebook.com\/people\/Ghostysky\/100057676170234\/","https:\/\/x.com\/Gh0stysky","https:\/\/www.linkedin.com\/company\/34739653","https:\/\/www.instagram.com\/gh0stysky"]}]}},"_links":{"self":[{"href":"https:\/\/www.ghostysky.com\/es\/wp-json\/wp\/v2\/product\/23668","targetHints":{"allow":["GET"]}}],"collection":[{"href":"https:\/\/www.ghostysky.com\/es\/wp-json\/wp\/v2\/product"}],"about":[{"href":"https:\/\/www.ghostysky.com\/es\/wp-json\/wp\/v2\/types\/product"}],"replies":[{"embeddable":true,"href":"https:\/\/www.ghostysky.com\/es\/wp-json\/wp\/v2\/comments?post=23668"}],"wp:featuredmedia":[{"embeddable":true,"href":"https:\/\/www.ghostysky.com\/es\/wp-json\/wp\/v2\/media\/23649"}],"wp:attachment":[{"href":"https:\/\/www.ghostysky.com\/es\/wp-json\/wp\/v2\/media?parent=23668"}],"wp:term":[{"taxonomy":"product_brand","embeddable":true,"href":"https:\/\/www.ghostysky.com\/es\/wp-json\/wp\/v2\/product_brand?post=23668"},{"taxonomy":"product_cat","embeddable":true,"href":"https:\/\/www.ghostysky.com\/es\/wp-json\/wp\/v2\/product_cat?post=23668"},{"taxonomy":"product_tag","embeddable":true,"href":"https:\/\/www.ghostysky.com\/es\/wp-json\/wp\/v2\/product_tag?post=23668"}],"curies":[{"name":"wp","href":"https:\/\/api.w.org\/{rel}","templated":true}]}}