{"id":23675,"date":"2026-01-11T08:49:34","date_gmt":"2026-01-11T08:49:34","guid":{"rendered":"https:\/\/www.ghostysky.com\/?post_type=product&#038;p=23675"},"modified":"2026-01-11T09:23:21","modified_gmt":"2026-01-11T09:23:21","slug":"unitree-go2-enterprise-ent-1","status":"publish","type":"product","link":"https:\/\/www.ghostysky.com\/es\/product\/unitree-go2-enterprise-ent-1\/","title":{"rendered":"Unitree Go2 Enterprise (U1)"},"content":{"rendered":"<h4 data-path-to-node=\"2\">Caracter\u00edsticas profesionales clave<\/h4>\n<h4 data-path-to-node=\"3\">1. <span class=\"citation-534 citation-end-534\">Comunicaci\u00f3n de respaldo dual<\/span><\/h4>\n<p data-path-to-node=\"4\"><span class=\"citation-533 citation-end-533\">A diferencia de los modelos de consumo, el U1 est\u00e1 dise\u00f1ado para brindar confiabilidad en situaciones de misi\u00f3n cr\u00edtica.<\/span> <span class=\"citation-532\">Incluye un <\/span><b data-path-to-node=\"4\" data-index-in-node=\"88\"><span class=\"citation-532\">sistema de comunicaci\u00f3n de doble enlace<\/span><\/b><span class=\"citation-532 citation-end-532\">:<\/span><\/p>\n<ul data-path-to-node=\"5\">\n<li>\n<p data-path-to-node=\"5,0,0\"><b data-path-to-node=\"5,0,0\" data-index-in-node=\"0\"><span class=\"citation-531\">Enlace principal:<\/span><\/b><span class=\"citation-531 citation-end-531\"> Telemetr\u00eda y control remoto de alta velocidad 5.8G.<\/span><\/p>\n<\/li>\n<li>\n<p data-path-to-node=\"5,1,0\"><b data-path-to-node=\"5,1,0\" data-index-in-node=\"0\"><span class=\"citation-530\">Enlace de respaldo:<\/span><\/b><span class=\"citation-530 citation-end-530\"> All-Netcom 4G (incluida eSIM incorporada), lo que garantiza que el robot permanezca accesible incluso en entornos complejos o a largas distancias donde el Wi-Fi podr\u00eda fallar.<\/span><\/p>\n<\/li>\n<\/ul>\n<h4 data-path-to-node=\"6\">2. Monitoreo visual de alta definici\u00f3n<\/h4>\n<p data-path-to-node=\"7\"><span class=\"citation-529 citation-end-529\">El U1 est\u00e1 optimizado para vigilancia e inspecci\u00f3n con un conjunto visual mejorado:<\/span><\/p>\n<ul data-path-to-node=\"8\">\n<li>\n<p data-path-to-node=\"8,0,0\"><b data-path-to-node=\"8,0,0\" data-index-in-node=\"0\"><span class=\"citation-528\">Sistema de doble c\u00e1mara:<\/span><\/b><span class=\"citation-528 citation-end-528\"> Resoluci\u00f3n de alta definici\u00f3n 1080P con una vista gran angular de 120\u00b0.<\/span><\/p>\n<\/li>\n<li>\n<p data-path-to-node=\"8,1,0\"><b data-path-to-node=\"8,1,0\" data-index-in-node=\"0\">Baja latencia:<\/b><span class=\"citation-527\"> El retardo de transmisi\u00f3n de la imagen es tan bajo como <\/span><b data-path-to-node=\"8,1,0\" data-index-in-node=\"51\"><span class=\"citation-527\">180 ms<\/span><\/b><span class=\"citation-527 citation-end-527\">, lo que permite un pilotaje preciso en tiempo real.<\/span><\/p>\n<\/li>\n<li>\n<p data-path-to-node=\"8,2,0\"><b data-path-to-node=\"8,2,0\" data-index-in-node=\"0\"><span class=\"citation-526\">Operaciones nocturnas:<\/span><\/b><span class=\"citation-526 citation-end-526\"> Equipado con cuatro luces de relleno de alto brillo para mantener la visibilidad en \u00e1reas oscuras o sin iluminaci\u00f3n.<\/span><\/p>\n<\/li>\n<\/ul>\n<h4 data-path-to-node=\"9\">3. Percepci\u00f3n avanzada e IA<\/h4>\n<ul data-path-to-node=\"10\">\n<li>\n<p data-path-to-node=\"10,0,0\"><b data-path-to-node=\"10,0,0\" data-index-in-node=\"0\"><span class=\"citation-525\">LiDAR ultra ancho 4D:<\/span><\/b><span class=\"citation-525 citation-end-525\"> El LiDAR L1 patentado de Unitree proporciona una percepci\u00f3n hemisf\u00e9rica de 360\u00b0 x 90\u00b0, lo que le permite detectar obst\u00e1culos a una distancia de hasta 0,05 m y navegar por terrenos complejos de forma aut\u00f3noma.<\/span><\/p>\n<\/li>\n<li>\n<p data-path-to-node=\"10,1,0\"><b data-path-to-node=\"10,1,0\" data-index-in-node=\"0\"><span class=\"citation-524\">Integraci\u00f3n GPT:<\/span><\/b><span class=\"citation-524 citation-end-524\"> Impulsada por una CPU de alto rendimiento de 8 n\u00facleos, la serie Go2 utiliza \u201cInteligencia incorporada\u201d, lo que permite una mejor comprensi\u00f3n del entorno y la interacci\u00f3n por voz.<\/span><\/p>\n<p>&nbsp;<\/li>\n<\/ul>\n<h4 data-path-to-node=\"12\">Especificaciones t\u00e9cnicas<\/h4>\n<table data-path-to-node=\"13\">\n<thead>\n<tr>\n<td><strong>Caracter\u00edstica<\/strong><\/td>\n<td><strong>Especificaci\u00f3n<\/strong><\/td>\n<\/tr>\n<\/thead>\n<tbody>\n<tr>\n<td><span data-path-to-node=\"13,1,0,0\"><b data-path-to-node=\"13,1,0,0\" data-index-in-node=\"0\">M\u00e1xima velocidad<\/b><\/span><\/td>\n<td><span data-path-to-node=\"13,1,1,0\">2,5 m\/s a 3,7 m\/s (depende del modelo; U1 normalmente ~1,7 m\/s a 3,5 m\/s)<\/span><\/td>\n<\/tr>\n<tr>\n<td><span data-path-to-node=\"13,2,0,0\"><b data-path-to-node=\"13,2,0,0\" data-index-in-node=\"0\">Capacidad de carga \u00fatil<\/b><\/span><\/td>\n<td><span data-path-to-node=\"13,2,1,0\">Aprox. 8 kg (l\u00edmite m\u00e1ximo ~10\u201312 kg)<\/span><\/td>\n<\/tr>\n<tr>\n<td><span data-path-to-node=\"13,3,0,0\"><b data-path-to-node=\"13,3,0,0\" data-index-in-node=\"0\">Duraci\u00f3n de la bater\u00eda<\/b><\/span><\/td>\n<td><span data-path-to-node=\"13,3,1,0\">1 a 2 horas (8000 mAh est\u00e1ndar) o 2 a 4 horas (15 000 mAh opcional)<\/span><\/td>\n<\/tr>\n<tr>\n<td><span data-path-to-node=\"13,4,0,0\"><b data-path-to-node=\"13,4,0,0\" data-index-in-node=\"0\">Capacidad de escalada<\/b><\/span><\/td>\n<td><span data-path-to-node=\"13,4,1,0\">Pendiente m\u00e1xima de 40\u00b0; altura del obst\u00e1culo de ~16 cm<\/span><\/td>\n<\/tr>\n<tr>\n<td><span data-path-to-node=\"13,5,0,0\"><b data-path-to-node=\"13,5,0,0\" data-index-in-node=\"0\">Peso<\/b><\/span><\/td>\n<td><span data-path-to-node=\"13,5,1,0\">~15 kg (incluida la bater\u00eda)<\/span><\/td>\n<\/tr>\n<tr>\n<td><span data-path-to-node=\"13,6,0,0\"><b data-path-to-node=\"13,6,0,0\" data-index-in-node=\"0\">Conectividad<\/b><\/span><\/td>\n<td><span data-path-to-node=\"13,6,1,0\">Wi-Fi 6, Bluetooth 5.2, 4G\/5G, 5.8G Control remoto<\/span><\/td>\n<\/tr>\n<tr>\n<td><span data-path-to-node=\"13,7,0,0\"><b data-path-to-node=\"13,7,0,0\" data-index-in-node=\"0\">Control remoto<\/b><\/span><\/td>\n<td><span data-path-to-node=\"13,7,1,0\">Controlador port\u00e1til con pantalla HD integrada<\/span><\/td>\n<\/tr>\n<\/tbody>\n<\/table>\n<p>&nbsp;<\/p>\n<h4 data-path-to-node=\"15\">Aplicaciones industriales<\/h4>\n<p data-path-to-node=\"16\">El <b data-path-to-node=\"16\" data-index-in-node=\"4\">U1<\/b> es un modelo de \u201ccaballo de batalla\u201d que se utiliza a menudo para:<\/p>\n<ul data-path-to-node=\"17\">\n<li>\n<p data-path-to-node=\"17,0,0\"><b data-path-to-node=\"17,0,0\" data-index-in-node=\"0\"><span class=\"citation-523\">Seguridad y patrullaje:<\/span><\/b><span class=\"citation-523 citation-end-523\"> Monitoreo automatizado de almacenes o cercos perimetrales.<\/span><\/p>\n<\/li>\n<li>\n<p data-path-to-node=\"17,1,0\"><b data-path-to-node=\"17,1,0\" data-index-in-node=\"0\">Inspecci\u00f3n:<\/b> Atravesar entornos peligrosos (como subestaciones el\u00e9ctricas) donde los robots con ruedas no pueden llegar.<\/p>\n<\/li>\n<li>\n<p data-path-to-node=\"17,2,0\"><b data-path-to-node=\"17,2,0\" data-index-in-node=\"0\"><span class=\"citation-522\">B\u00fasqueda y rescate:<\/span><\/b><span class=\"citation-522 citation-end-522\"> Transmisi\u00f3n de v\u00eddeo en tiempo real desde ruinas o espacios reducidos durante la recuperaci\u00f3n ante desastres.<\/span><\/p>\n<\/li>\n<li>\n<p data-path-to-node=\"17,3,0\"><b data-path-to-node=\"17,3,0\" data-index-in-node=\"0\">Seguridad p\u00fablica:<\/b><span class=\"citation-521 citation-end-521\"> Sirve como puesto de observaci\u00f3n m\u00f3vil para servicios de emergencia.<\/span><\/p>\n<div class=\"source-inline-chip-container ng-star-inserted\"><b data-path-to-node=\"19,0\" data-index-in-node=\"0\">Nota:<\/b><span class=\"citation-520\"> La versi\u00f3n U1 normalmente lo hace <\/span><b data-path-to-node=\"19,0\" data-index-in-node=\"36\"><span class=\"citation-520\">no<\/span><\/b><span class=\"citation-520 citation-end-520\"> Incluye la c\u00e1mara de profundidad (RealSense) que se encuentra en los modelos EDU y no admite la adici\u00f3n de un servomanipulador (brazo rob\u00f3tico).<sup class=\"superscript\" data-turn-source-index=\"16\">16<\/sup><\/span> Si necesita un desarrollo secundario o un brazo rob\u00f3tico, el <b data-path-to-node=\"19,0\" data-index-in-node=\"232\">Go2 EDU<\/b> Generalmente se recomienda esta versi\u00f3n.<\/div>\n<\/li>\n<\/ul>","protected":false},"excerpt":{"rendered":"<p><span class=\"citation-535\">El <\/span><b data-path-to-node=\"0\" data-index-in-node=\"4\"><span class=\"citation-535\">Unitree Go2 Enterprise (U1)<\/span><\/b><span class=\"citation-535 citation-end-535\"> es un robot cuadr\u00fapedo bi\u00f3nico de alto rendimiento dise\u00f1ado espec\u00edficamente para aplicaciones industriales, seguridad p\u00fablica e investigaci\u00f3n profesional.<\/span> Posicionado como el nivel de entrada de la serie \u201cEnterprise\u201d, el U1 equilibra la agilidad con herramientas de comunicaci\u00f3n especializadas y capacidades de monitoreo de alta definici\u00f3n.<\/p>","protected":false},"featured_media":23676,"comment_status":"open","ping_status":"closed","template":"","meta":[],"product_brand":[1087],"product_cat":[1039,1037,1085],"product_tag":[1088,1092,1089,1090],"class_list":{"0":"post-23675","1":"product","2":"type-product","3":"status-publish","4":"has-post-thumbnail","6":"product_brand-unitree","7":"product_cat-quadruped","8":"product_cat-robotics","9":"product_cat-unitree-quad-robots","10":"product_tag-unitree","11":"product_tag-unitree-go2-series","12":"product_tag-unitree-quadruped","13":"product_tag-unitree-quadruped-robots","15":"first","16":"onbackorder","17":"taxable","18":"shipping-taxable","19":"purchasable","20":"product-type-simple"},"yoast_head":"<!-- This site is optimized with the Yoast SEO plugin v27.4 - https:\/\/yoast.com\/product\/yoast-seo-wordpress\/ -->\n<title>Unitree Go2 Enterprise (U1) - Ghostysky<\/title>\n<meta name=\"description\" content=\"The Unitree Go2 Enterprise (U1) is a high-performance, bionic quadruped robot specifically engineered for industrial applications, public safety, and professional research. Positioned as the entry-tier of the &quot;Enterprise&quot; series, the U1 balances agility with specialized communication tools and high-definition monitoring capabilities.\" \/>\n<meta name=\"robots\" content=\"index, follow, max-snippet:-1, max-image-preview:large, max-video-preview:-1\" \/>\n<link rel=\"canonical\" href=\"https:\/\/www.ghostysky.com\/es\/producto-2\/unitree-go2-enterprise-ent-1\/\" \/>\n<meta property=\"og:locale\" content=\"es_ES\" \/>\n<meta property=\"og:type\" content=\"article\" \/>\n<meta property=\"og:title\" content=\"Unitree Go2 Enterprise (U1) - Ghostysky\" \/>\n<meta property=\"og:description\" content=\"The Unitree Go2 Enterprise (U1) is a high-performance, bionic quadruped robot specifically engineered for industrial applications, public safety, and professional research. Positioned as the entry-tier of the &quot;Enterprise&quot; series, the U1 balances agility with specialized communication tools and high-definition monitoring capabilities.\" \/>\n<meta property=\"og:url\" content=\"https:\/\/www.ghostysky.com\/es\/producto-2\/unitree-go2-enterprise-ent-1\/\" \/>\n<meta property=\"og:site_name\" content=\"Ghostysky\" \/>\n<meta property=\"article:publisher\" content=\"https:\/\/www.facebook.com\/people\/Ghostysky\/100057676170234\/\" \/>\n<meta property=\"article:modified_time\" content=\"2026-01-11T09:23:21+00:00\" \/>\n<meta property=\"og:image\" content=\"https:\/\/www.ghostysky.com\/wp-content\/uploads\/2026\/01\/GH_Unitree_GO2_Ent_Ver.jpg\" \/>\n\t<meta property=\"og:image:width\" content=\"800\" \/>\n\t<meta property=\"og:image:height\" content=\"800\" \/>\n\t<meta property=\"og:image:type\" content=\"image\/jpeg\" \/>\n<meta name=\"twitter:card\" content=\"summary_large_image\" \/>\n<meta name=\"twitter:site\" content=\"@Gh0stysky\" \/>\n<meta name=\"twitter:label1\" content=\"Tiempo de lectura\" \/>\n\t<meta name=\"twitter:data1\" content=\"2 minutos\" \/>\n<script type=\"application\/ld+json\" class=\"yoast-schema-graph\">{\"@context\":\"https:\\\/\\\/schema.org\",\"@graph\":[{\"@type\":\"WebPage\",\"@id\":\"https:\\\/\\\/www.ghostysky.com\\\/product\\\/unitree-go2-enterprise-ent-1\\\/\",\"url\":\"https:\\\/\\\/www.ghostysky.com\\\/product\\\/unitree-go2-enterprise-ent-1\\\/\",\"name\":\"Unitree Go2 Enterprise (U1) - Ghostysky\",\"isPartOf\":{\"@id\":\"https:\\\/\\\/www.ghostysky.com\\\/#website\"},\"primaryImageOfPage\":{\"@id\":\"https:\\\/\\\/www.ghostysky.com\\\/product\\\/unitree-go2-enterprise-ent-1\\\/#primaryimage\"},\"image\":{\"@id\":\"https:\\\/\\\/www.ghostysky.com\\\/product\\\/unitree-go2-enterprise-ent-1\\\/#primaryimage\"},\"thumbnailUrl\":\"https:\\\/\\\/www.ghostysky.com\\\/wp-content\\\/uploads\\\/2026\\\/01\\\/GH_Unitree_GO2_Ent_Ver.jpg\",\"datePublished\":\"2026-01-11T08:49:34+00:00\",\"dateModified\":\"2026-01-11T09:23:21+00:00\",\"description\":\"The Unitree Go2 Enterprise (U1) is a high-performance, bionic quadruped robot specifically engineered for industrial applications, public safety, and professional research. Positioned as the entry-tier of the \\\"Enterprise\\\" series, the U1 balances agility with specialized communication tools and high-definition monitoring capabilities.\",\"breadcrumb\":{\"@id\":\"https:\\\/\\\/www.ghostysky.com\\\/product\\\/unitree-go2-enterprise-ent-1\\\/#breadcrumb\"},\"inLanguage\":\"es\",\"potentialAction\":[{\"@type\":\"ReadAction\",\"target\":[\"https:\\\/\\\/www.ghostysky.com\\\/product\\\/unitree-go2-enterprise-ent-1\\\/\"]}]},{\"@type\":\"ImageObject\",\"inLanguage\":\"es\",\"@id\":\"https:\\\/\\\/www.ghostysky.com\\\/product\\\/unitree-go2-enterprise-ent-1\\\/#primaryimage\",\"url\":\"https:\\\/\\\/www.ghostysky.com\\\/wp-content\\\/uploads\\\/2026\\\/01\\\/GH_Unitree_GO2_Ent_Ver.jpg\",\"contentUrl\":\"https:\\\/\\\/www.ghostysky.com\\\/wp-content\\\/uploads\\\/2026\\\/01\\\/GH_Unitree_GO2_Ent_Ver.jpg\",\"width\":800,\"height\":800},{\"@type\":\"BreadcrumbList\",\"@id\":\"https:\\\/\\\/www.ghostysky.com\\\/product\\\/unitree-go2-enterprise-ent-1\\\/#breadcrumb\",\"itemListElement\":[{\"@type\":\"ListItem\",\"position\":1,\"name\":\"Home\",\"item\":\"https:\\\/\\\/www.ghostysky.com\\\/\"},{\"@type\":\"ListItem\",\"position\":2,\"name\":\"Shop\",\"item\":\"https:\\\/\\\/www.ghostysky.com\\\/shop\\\/\"},{\"@type\":\"ListItem\",\"position\":3,\"name\":\"Unitree Go2 Enterprise (U1)\"}]},{\"@type\":\"WebSite\",\"@id\":\"https:\\\/\\\/www.ghostysky.com\\\/#website\",\"url\":\"https:\\\/\\\/www.ghostysky.com\\\/\",\"name\":\"Ghostysky\",\"description\":\"Delivering professional drones and robotics solutions\",\"publisher\":{\"@id\":\"https:\\\/\\\/www.ghostysky.com\\\/#organization\"},\"potentialAction\":[{\"@type\":\"SearchAction\",\"target\":{\"@type\":\"EntryPoint\",\"urlTemplate\":\"https:\\\/\\\/www.ghostysky.com\\\/?s={search_term_string}\"},\"query-input\":{\"@type\":\"PropertyValueSpecification\",\"valueRequired\":true,\"valueName\":\"search_term_string\"}}],\"inLanguage\":\"es\"},{\"@type\":\"Organization\",\"@id\":\"https:\\\/\\\/www.ghostysky.com\\\/#organization\",\"name\":\"Ghostysky\",\"url\":\"https:\\\/\\\/www.ghostysky.com\\\/\",\"logo\":{\"@type\":\"ImageObject\",\"inLanguage\":\"es\",\"@id\":\"https:\\\/\\\/www.ghostysky.com\\\/#\\\/schema\\\/logo\\\/image\\\/\",\"url\":\"https:\\\/\\\/www.ghostysky.com\\\/wp-content\\\/uploads\\\/2020\\\/06\\\/cropped-ghostyskylogo_text_white2.png\",\"contentUrl\":\"https:\\\/\\\/www.ghostysky.com\\\/wp-content\\\/uploads\\\/2020\\\/06\\\/cropped-ghostyskylogo_text_white2.png\",\"width\":169,\"height\":56,\"caption\":\"Ghostysky\"},\"image\":{\"@id\":\"https:\\\/\\\/www.ghostysky.com\\\/#\\\/schema\\\/logo\\\/image\\\/\"},\"sameAs\":[\"https:\\\/\\\/www.facebook.com\\\/people\\\/Ghostysky\\\/100057676170234\\\/\",\"https:\\\/\\\/x.com\\\/Gh0stysky\",\"https:\\\/\\\/www.linkedin.com\\\/company\\\/34739653\",\"https:\\\/\\\/www.instagram.com\\\/gh0stysky\"]}]}<\/script>\n<!-- \/ Yoast SEO plugin. -->","yoast_head_json":{"title":"Unitree Go2 Enterprise (U1) - Ghostysky","description":"El Unitree Go2 Enterprise (U1) es un robot cuadr\u00fapedo bi\u00f3nico de alto rendimiento, dise\u00f1ado espec\u00edficamente para aplicaciones industriales, seguridad p\u00fablica e investigaci\u00f3n profesional. Considerado el nivel b\u00e1sico de la serie &quot;Enterprise&quot;, el U1 combina agilidad con herramientas de comunicaci\u00f3n especializadas y capacidades de monitoreo de alta definici\u00f3n.","robots":{"index":"index","follow":"follow","max-snippet":"max-snippet:-1","max-image-preview":"max-image-preview:large","max-video-preview":"max-video-preview:-1"},"canonical":"https:\/\/www.ghostysky.com\/es\/producto-2\/unitree-go2-enterprise-ent-1\/","og_locale":"es_ES","og_type":"article","og_title":"Unitree Go2 Enterprise (U1) - Ghostysky","og_description":"The Unitree Go2 Enterprise (U1) is a high-performance, bionic quadruped robot specifically engineered for industrial applications, public safety, and professional research. Positioned as the entry-tier of the \"Enterprise\" series, the U1 balances agility with specialized communication tools and high-definition monitoring capabilities.","og_url":"https:\/\/www.ghostysky.com\/es\/producto-2\/unitree-go2-enterprise-ent-1\/","og_site_name":"Ghostysky","article_publisher":"https:\/\/www.facebook.com\/people\/Ghostysky\/100057676170234\/","article_modified_time":"2026-01-11T09:23:21+00:00","og_image":[{"width":800,"height":800,"url":"https:\/\/www.ghostysky.com\/wp-content\/uploads\/2026\/01\/GH_Unitree_GO2_Ent_Ver.jpg","type":"image\/jpeg"}],"twitter_card":"summary_large_image","twitter_site":"@Gh0stysky","twitter_misc":{"Tiempo de lectura":"2 minutos"},"schema":{"@context":"https:\/\/schema.org","@graph":[{"@type":"WebPage","@id":"https:\/\/www.ghostysky.com\/product\/unitree-go2-enterprise-ent-1\/","url":"https:\/\/www.ghostysky.com\/product\/unitree-go2-enterprise-ent-1\/","name":"Unitree Go2 Enterprise (U1) - Ghostysky","isPartOf":{"@id":"https:\/\/www.ghostysky.com\/#website"},"primaryImageOfPage":{"@id":"https:\/\/www.ghostysky.com\/product\/unitree-go2-enterprise-ent-1\/#primaryimage"},"image":{"@id":"https:\/\/www.ghostysky.com\/product\/unitree-go2-enterprise-ent-1\/#primaryimage"},"thumbnailUrl":"https:\/\/www.ghostysky.com\/wp-content\/uploads\/2026\/01\/GH_Unitree_GO2_Ent_Ver.jpg","datePublished":"2026-01-11T08:49:34+00:00","dateModified":"2026-01-11T09:23:21+00:00","description":"El Unitree Go2 Enterprise (U1) es un robot cuadr\u00fapedo bi\u00f3nico de alto rendimiento, dise\u00f1ado espec\u00edficamente para aplicaciones industriales, seguridad p\u00fablica e investigaci\u00f3n profesional. Considerado el nivel b\u00e1sico de la serie &quot;Enterprise&quot;, el U1 combina agilidad con herramientas de comunicaci\u00f3n especializadas y capacidades de monitoreo de alta definici\u00f3n.","breadcrumb":{"@id":"https:\/\/www.ghostysky.com\/product\/unitree-go2-enterprise-ent-1\/#breadcrumb"},"inLanguage":"es","potentialAction":[{"@type":"ReadAction","target":["https:\/\/www.ghostysky.com\/product\/unitree-go2-enterprise-ent-1\/"]}]},{"@type":"ImageObject","inLanguage":"es","@id":"https:\/\/www.ghostysky.com\/product\/unitree-go2-enterprise-ent-1\/#primaryimage","url":"https:\/\/www.ghostysky.com\/wp-content\/uploads\/2026\/01\/GH_Unitree_GO2_Ent_Ver.jpg","contentUrl":"https:\/\/www.ghostysky.com\/wp-content\/uploads\/2026\/01\/GH_Unitree_GO2_Ent_Ver.jpg","width":800,"height":800},{"@type":"BreadcrumbList","@id":"https:\/\/www.ghostysky.com\/product\/unitree-go2-enterprise-ent-1\/#breadcrumb","itemListElement":[{"@type":"ListItem","position":1,"name":"Home","item":"https:\/\/www.ghostysky.com\/"},{"@type":"ListItem","position":2,"name":"Shop","item":"https:\/\/www.ghostysky.com\/shop\/"},{"@type":"ListItem","position":3,"name":"Unitree Go2 Enterprise (U1)"}]},{"@type":"WebSite","@id":"https:\/\/www.ghostysky.com\/#website","url":"https:\/\/www.ghostysky.com\/","name":"Ghostysky","description":"Ofrecemos soluciones profesionales de drones y rob\u00f3tica.","publisher":{"@id":"https:\/\/www.ghostysky.com\/#organization"},"potentialAction":[{"@type":"SearchAction","target":{"@type":"EntryPoint","urlTemplate":"https:\/\/www.ghostysky.com\/?s={search_term_string}"},"query-input":{"@type":"PropertyValueSpecification","valueRequired":true,"valueName":"search_term_string"}}],"inLanguage":"es"},{"@type":"Organization","@id":"https:\/\/www.ghostysky.com\/#organization","name":"Ghostysky","url":"https:\/\/www.ghostysky.com\/","logo":{"@type":"ImageObject","inLanguage":"es","@id":"https:\/\/www.ghostysky.com\/#\/schema\/logo\/image\/","url":"https:\/\/www.ghostysky.com\/wp-content\/uploads\/2020\/06\/cropped-ghostyskylogo_text_white2.png","contentUrl":"https:\/\/www.ghostysky.com\/wp-content\/uploads\/2020\/06\/cropped-ghostyskylogo_text_white2.png","width":169,"height":56,"caption":"Ghostysky"},"image":{"@id":"https:\/\/www.ghostysky.com\/#\/schema\/logo\/image\/"},"sameAs":["https:\/\/www.facebook.com\/people\/Ghostysky\/100057676170234\/","https:\/\/x.com\/Gh0stysky","https:\/\/www.linkedin.com\/company\/34739653","https:\/\/www.instagram.com\/gh0stysky"]}]}},"_links":{"self":[{"href":"https:\/\/www.ghostysky.com\/es\/wp-json\/wp\/v2\/product\/23675","targetHints":{"allow":["GET"]}}],"collection":[{"href":"https:\/\/www.ghostysky.com\/es\/wp-json\/wp\/v2\/product"}],"about":[{"href":"https:\/\/www.ghostysky.com\/es\/wp-json\/wp\/v2\/types\/product"}],"replies":[{"embeddable":true,"href":"https:\/\/www.ghostysky.com\/es\/wp-json\/wp\/v2\/comments?post=23675"}],"version-history":[{"count":0,"href":"https:\/\/www.ghostysky.com\/es\/wp-json\/wp\/v2\/product\/23675\/revisions"}],"wp:featuredmedia":[{"embeddable":true,"href":"https:\/\/www.ghostysky.com\/es\/wp-json\/wp\/v2\/media\/23676"}],"wp:attachment":[{"href":"https:\/\/www.ghostysky.com\/es\/wp-json\/wp\/v2\/media?parent=23675"}],"wp:term":[{"taxonomy":"product_brand","embeddable":true,"href":"https:\/\/www.ghostysky.com\/es\/wp-json\/wp\/v2\/product_brand?post=23675"},{"taxonomy":"product_cat","embeddable":true,"href":"https:\/\/www.ghostysky.com\/es\/wp-json\/wp\/v2\/product_cat?post=23675"},{"taxonomy":"product_tag","embeddable":true,"href":"https:\/\/www.ghostysky.com\/es\/wp-json\/wp\/v2\/product_tag?post=23675"}],"curies":[{"name":"wp","href":"https:\/\/api.w.org\/{rel}","templated":true}]}}