{"id":23685,"date":"2026-01-11T09:40:16","date_gmt":"2026-01-11T09:40:16","guid":{"rendered":"https:\/\/www.ghostysky.com\/?post_type=product&#038;p=23685"},"modified":"2026-01-11T09:53:10","modified_gmt":"2026-01-11T09:53:10","slug":"unitree-g1d","status":"publish","type":"product","link":"https:\/\/www.ghostysky.com\/es\/product\/unitree-g1d\/","title":{"rendered":"Unitree G1D"},"content":{"rendered":"<h4 data-path-to-node=\"3\">Caracter\u00edsticas y especificaciones clave<\/h4>\n<table data-path-to-node=\"4\">\n<thead>\n<tr>\n<td><strong>Caracter\u00edstica<\/strong><\/td>\n<td><strong>Especificaci\u00f3n<\/strong><\/td>\n<\/tr>\n<\/thead>\n<tbody>\n<tr>\n<td><span data-path-to-node=\"4,1,0,0\"><b data-path-to-node=\"4,1,0,0\" data-index-in-node=\"0\">Movilidad<\/b><\/span><\/td>\n<td><span data-path-to-node=\"4,1,1,0\">Base con ruedas (transmisi\u00f3n diferencial)<\/span><\/td>\n<\/tr>\n<tr>\n<td><span data-path-to-node=\"4,2,0,0\"><b data-path-to-node=\"4,2,0,0\" data-index-in-node=\"0\">Rango de altura<\/b><\/span><\/td>\n<td><span data-path-to-node=\"4,2,1,0\">Ajustable desde <b data-path-to-node=\"4,2,1,0\" data-index-in-node=\"16\">1260 mm a 1680 mm<\/b><\/span><\/td>\n<\/tr>\n<tr>\n<td><span data-path-to-node=\"4,3,0,0\"><b data-path-to-node=\"4,3,0,0\" data-index-in-node=\"0\">M\u00e1xima velocidad<\/b><\/span><\/td>\n<td><span data-path-to-node=\"4,3,1,0\"><b data-path-to-node=\"4,3,1,0\" data-index-in-node=\"0\">1,5 m\/s<\/b> (Versi\u00f3n insignia)<\/span><\/td>\n<\/tr>\n<tr>\n<td><span data-path-to-node=\"4,4,0,0\"><b data-path-to-node=\"4,4,0,0\" data-index-in-node=\"0\">Grados de libertad<\/b><\/span><\/td>\n<td><span data-path-to-node=\"4,4,1,0\">17 (est\u00e1ndar) a 19 (buque insignia), excluyendo los efectores finales<\/span><\/td>\n<\/tr>\n<tr>\n<td><span data-path-to-node=\"4,5,0,0\"><b data-path-to-node=\"4,5,0,0\" data-index-in-node=\"0\">Computaci\u00f3n de IA<\/b><\/span><\/td>\n<td><span data-path-to-node=\"4,5,1,0\"><b data-path-to-node=\"4,5,1,0\" data-index-in-node=\"0\">NVIDIA Jetson Orin NX<\/b> (hasta 100 TOPS)<\/span><\/td>\n<\/tr>\n<tr>\n<td><span data-path-to-node=\"4,6,0,0\"><b data-path-to-node=\"4,6,0,0\" data-index-in-node=\"0\">Carga \u00fatil<\/b><\/span><\/td>\n<td><span data-path-to-node=\"4,6,1,0\">Aprox. <b data-path-to-node=\"4,6,1,0\" data-index-in-node=\"8\">3 kg por brazo<\/b><\/span><\/td>\n<\/tr>\n<tr>\n<td><span data-path-to-node=\"4,7,0,0\"><b data-path-to-node=\"4,7,0,0\" data-index-in-node=\"0\">Duraci\u00f3n de la bater\u00eda<\/b><\/span><\/td>\n<td><span data-path-to-node=\"4,7,1,0\">Arriba a <b data-path-to-node=\"4,7,1,0\" data-index-in-node=\"6\">6 horas<\/b> (Versi\u00f3n insignia)<\/span><\/td>\n<\/tr>\n<\/tbody>\n<\/table>\n<h4 data-path-to-node=\"5\">1. Dise\u00f1o modular h\u00edbrido<\/h4>\n<p data-path-to-node=\"6\"><span class=\"citation-665 citation-end-665\">El G1-D cuenta con un cuerpo superior ajustable en altura, lo que le permite adaptarse a diversos entornos de trabajo, desde clasificaci\u00f3n de bajo nivel hasta inspecciones de estantes altos.<sup class=\"superscript\" data-turn-source-index=\"4\">4<\/sup><\/span> <span class=\"citation-664 citation-end-664\">Su base con ruedas proporciona una estabilidad y un tiempo de funcionamiento superiores en comparaci\u00f3n con sus contrapartes b\u00edpedas, lo que la hace ideal para tareas de larga duraci\u00f3n en almacenes o laboratorios.<\/span><\/p>\n<h4 data-path-to-node=\"7\">2. Manipulaci\u00f3n avanzada<\/h4>\n<p data-path-to-node=\"8\">El robot es compatible con la gama de manos diestras de Unitree, que incluye:<\/p>\n<ul data-path-to-node=\"9\">\n<li>\n<p data-path-to-node=\"9,0,0\"><b data-path-to-node=\"9,0,0\" data-index-in-node=\"0\">Dex3-1:<\/b><span class=\"citation-663 citation-end-663\"> Mano de tres dedos con control h\u00edbrido de fuerza-posici\u00f3n.<\/span><\/p>\n<\/li>\n<li>\n<p data-path-to-node=\"9,1,0\"><b data-path-to-node=\"9,1,0\" data-index-in-node=\"0\"><span class=\"citation-662\">Sensores t\u00e1ctiles:<\/span><\/b><span class=\"citation-662 citation-end-662\"> Matrices opcionales para el manejo delicado de objetos.<\/span><\/p>\n<\/li>\n<li>\n<p data-path-to-node=\"9,2,0\"><b data-path-to-node=\"9,2,0\" data-index-in-node=\"0\"><span class=\"citation-661\">Manos de cinco dedos:<\/span><\/b><span class=\"citation-661 citation-end-661\"> Para imitar humanos de alta fidelidad.<\/span><\/p>\n<\/li>\n<\/ul>\n<h4 data-path-to-node=\"10\">3. Ecosistema de \u201cdatos entrantes, modelos salientes\u201d<\/h4>\n<p data-path-to-node=\"11\"><span class=\"citation-660 citation-end-660\">El G1-D no es s\u00f3lo un robot; es una plataforma de desarrollo.<sup class=\"superscript\" data-turn-source-index=\"9\">9<\/sup><\/span> Incluye un paquete de software completo para:<\/p>\n<ul data-path-to-node=\"12\">\n<li>\n<p data-path-to-node=\"12,0,0\"><b data-path-to-node=\"12,0,0\" data-index-in-node=\"0\">Captura de percepci\u00f3n:<\/b><span class=\"citation-659 citation-end-659\"> C\u00e1maras binoculares de alta definici\u00f3n para montar en la cabeza y c\u00e1maras de mu\u00f1eca.<\/span><\/p>\n<\/li>\n<li>\n<p data-path-to-node=\"12,1,0\"><b data-path-to-node=\"12,1,0\" data-index-in-node=\"0\">Capacitaci\u00f3n distribuida:<\/b><span class=\"citation-658 citation-end-658\"> Soporte para marcos de c\u00f3digo abierto como GROOT y PI.<\/span><\/p>\n<\/li>\n<li>\n<p data-path-to-node=\"12,2,0\"><b data-path-to-node=\"12,2,0\" data-index-in-node=\"0\">Implementaci\u00f3n sin problemas:<\/b><span class=\"citation-657 citation-end-657\"> Herramientas para exportar modelos entrenados directamente al robot para inferencia en el mundo real.<\/span><\/p>\n<\/li>\n<\/ul>\n<h4 data-path-to-node=\"13\">4. Conciencia ambiental<\/h4>\n<p data-path-to-node=\"14\"><span class=\"citation-656\">Equipado con un <\/span><b data-path-to-node=\"14\" data-index-in-node=\"16\"><span class=\"citation-656\">LiDAR 3D (Livox MID-360)<\/span><\/b><span class=\"citation-656\"> y <\/span><b data-path-to-node=\"14\" data-index-in-node=\"45\"><span class=\"citation-656\">c\u00e1maras de profundidad<\/span><\/b><span class=\"citation-656 citation-end-656\">El G1-D mantiene una conciencia situacional de 360\u00b0, lo que le permite navegar por espacios complejos y din\u00e1micos mientras evita obst\u00e1culos de forma aut\u00f3noma.<\/span><\/p>\n<p>&nbsp;<\/p>\n<h4 data-path-to-node=\"16\">Ideal para:<\/h4>\n<ul data-path-to-node=\"17\">\n<li>\n<p data-path-to-node=\"17,0,0\"><b data-path-to-node=\"17,0,0\" data-index-in-node=\"0\">I+D industrial:<\/b> Probar flujos de trabajo de automatizaci\u00f3n sin los riesgos de estabilidad que conlleva un robot caminante.<\/p>\n<\/li>\n<li>\n<p data-path-to-node=\"17,1,0\"><b data-path-to-node=\"17,1,0\" data-index-in-node=\"0\"><span class=\"citation-655\">Recopilaci\u00f3n de datos de IA:<\/span><\/b><span class=\"citation-655 citation-end-655\"> Recopilaci\u00f3n de conjuntos de datos a gran escala para el aprendizaje por imitaci\u00f3n y refuerzo.<\/span><\/p>\n<\/li>\n<li>\n<p data-path-to-node=\"17,2,0\"><b data-path-to-node=\"17,2,0\" data-index-in-node=\"0\"><span class=\"citation-654 interactive-span-hovered\">Servicio y venta minorista:<\/span><\/b><span class=\"citation-654 citation-end-654 interactive-span-hovered\"> Interactuar con los clientes y moverse por los espacios comerciales de manera eficiente.<\/span><\/p>\n<\/li>\n<\/ul>","protected":false},"excerpt":{"rendered":"<p data-path-to-node=\"0\"><span class=\"citation-668\">El <\/span><b data-path-to-node=\"0\" data-index-in-node=\"4\"><span class=\"citation-668\">Unitree G1-D<\/span><\/b><span class=\"citation-668 citation-end-668\"> es un innovador robot humanoide con ruedas dise\u00f1ado espec\u00edficamente para la recopilaci\u00f3n avanzada de datos, el entrenamiento de IA y el despliegue industrial.<\/span> <span class=\"citation-667 citation-end-667\">Lanzado a finales de 2025, cierra la brecha entre la destreza humanoide tradicional y la eficiencia de alta velocidad de las plataformas con ruedas.<\/span><\/p>\n<p data-path-to-node=\"1\"><span class=\"citation-666 citation-end-666\">A diferencia del b\u00edpedo est\u00e1ndar G1, el modelo \u201cD\u201d sirve como un conjunto de herramientas de \u201centrada de datos, salida de modelos\u201d, un ecosistema completo para que investigadores y desarrolladores capturen movimientos del mundo real e implementen modelos de IA a escala.<\/span><\/p>","protected":false},"featured_media":23686,"comment_status":"open","ping_status":"closed","template":"","meta":[],"product_brand":[1087],"product_cat":[1038,1037,1103],"product_tag":[1088,1331,1330,1105],"class_list":{"0":"post-23685","1":"product","2":"type-product","3":"status-publish","4":"has-post-thumbnail","6":"product_brand-unitree","7":"product_cat-humanoid","8":"product_cat-robotics","9":"product_cat-unitree-hum-robots","10":"product_tag-unitree","11":"product_tag-unitree-g1d-robots","12":"product_tag-unitree-g1d-series","13":"product_tag-unitree-humanoid","15":"first","16":"onbackorder","17":"taxable","18":"shipping-taxable","19":"purchasable","20":"product-type-simple"},"yoast_head":"<!-- This site is optimized with the Yoast SEO plugin v27.1.1 - https:\/\/yoast.com\/product\/yoast-seo-wordpress\/ -->\n<title>Unitree G1D - Ghostysky<\/title>\n<meta name=\"description\" content=\"The Unitree G1-D is a groundbreaking wheeled humanoid robot designed specifically for advanced data collection, AI training, and industrial deployment. Launched in late 2025, it bridges the gap between traditional humanoid dexterity and the high-speed efficiency of wheeled platforms.Unlike the standard bipedal G1, the &quot;D&quot; model serves as a &quot;data-in, model-out&quot; toolkit\u2014a complete ecosystem for researchers and developers to capture real-world movements and deploy AI models at scale.\" \/>\n<meta name=\"robots\" content=\"index, follow, max-snippet:-1, max-image-preview:large, max-video-preview:-1\" \/>\n<link rel=\"canonical\" href=\"https:\/\/www.ghostysky.com\/es\/producto-2\/unitree-g1d\/\" \/>\n<meta property=\"og:locale\" content=\"es_ES\" \/>\n<meta property=\"og:type\" content=\"article\" \/>\n<meta property=\"og:title\" content=\"Unitree G1D - Ghostysky\" \/>\n<meta property=\"og:description\" content=\"The Unitree G1-D is a groundbreaking wheeled humanoid robot designed specifically for advanced data collection, AI training, and industrial deployment. Launched in late 2025, it bridges the gap between traditional humanoid dexterity and the high-speed efficiency of wheeled platforms.Unlike the standard bipedal G1, the &quot;D&quot; model serves as a &quot;data-in, model-out&quot; toolkit\u2014a complete ecosystem for researchers and developers to capture real-world movements and deploy AI models at scale.\" \/>\n<meta property=\"og:url\" content=\"https:\/\/www.ghostysky.com\/es\/producto-2\/unitree-g1d\/\" \/>\n<meta property=\"og:site_name\" content=\"Ghostysky\" \/>\n<meta property=\"article:publisher\" content=\"https:\/\/www.facebook.com\/people\/Ghostysky\/100057676170234\/\" \/>\n<meta property=\"article:modified_time\" content=\"2026-01-11T09:53:10+00:00\" \/>\n<meta property=\"og:image\" content=\"https:\/\/www.ghostysky.com\/wp-content\/uploads\/2026\/01\/GH_Unitree-g1d.png\" \/>\n\t<meta property=\"og:image:width\" content=\"576\" \/>\n\t<meta property=\"og:image:height\" content=\"476\" \/>\n\t<meta property=\"og:image:type\" content=\"image\/png\" \/>\n<meta name=\"twitter:card\" content=\"summary_large_image\" \/>\n<meta name=\"twitter:site\" content=\"@Gh0stysky\" \/>\n<meta name=\"twitter:label1\" content=\"Tiempo de lectura\" \/>\n\t<meta name=\"twitter:data1\" content=\"2 minutos\" \/>\n<script type=\"application\/ld+json\" class=\"yoast-schema-graph\">{\"@context\":\"https:\/\/schema.org\",\"@graph\":[{\"@type\":\"WebPage\",\"@id\":\"https:\/\/www.ghostysky.com\/product\/unitree-g1d\/\",\"url\":\"https:\/\/www.ghostysky.com\/product\/unitree-g1d\/\",\"name\":\"Unitree G1D - Ghostysky\",\"isPartOf\":{\"@id\":\"https:\/\/www.ghostysky.com\/#website\"},\"primaryImageOfPage\":{\"@id\":\"https:\/\/www.ghostysky.com\/product\/unitree-g1d\/#primaryimage\"},\"image\":{\"@id\":\"https:\/\/www.ghostysky.com\/product\/unitree-g1d\/#primaryimage\"},\"thumbnailUrl\":\"https:\/\/www.ghostysky.com\/wp-content\/uploads\/2026\/01\/GH_Unitree-g1d.png\",\"datePublished\":\"2026-01-11T09:40:16+00:00\",\"dateModified\":\"2026-01-11T09:53:10+00:00\",\"description\":\"The Unitree G1-D is a groundbreaking wheeled humanoid robot designed specifically for advanced data collection, AI training, and industrial deployment. Launched in late 2025, it bridges the gap between traditional humanoid dexterity and the high-speed efficiency of wheeled platforms.Unlike the standard bipedal G1, the \\\"D\\\" model serves as a \\\"data-in, model-out\\\" toolkit\u2014a complete ecosystem for researchers and developers to capture real-world movements and deploy AI models at scale.\",\"breadcrumb\":{\"@id\":\"https:\/\/www.ghostysky.com\/product\/unitree-g1d\/#breadcrumb\"},\"inLanguage\":\"es\",\"potentialAction\":[{\"@type\":\"ReadAction\",\"target\":[\"https:\/\/www.ghostysky.com\/product\/unitree-g1d\/\"]}]},{\"@type\":\"ImageObject\",\"inLanguage\":\"es\",\"@id\":\"https:\/\/www.ghostysky.com\/product\/unitree-g1d\/#primaryimage\",\"url\":\"https:\/\/www.ghostysky.com\/wp-content\/uploads\/2026\/01\/GH_Unitree-g1d.png\",\"contentUrl\":\"https:\/\/www.ghostysky.com\/wp-content\/uploads\/2026\/01\/GH_Unitree-g1d.png\",\"width\":576,\"height\":476},{\"@type\":\"BreadcrumbList\",\"@id\":\"https:\/\/www.ghostysky.com\/product\/unitree-g1d\/#breadcrumb\",\"itemListElement\":[{\"@type\":\"ListItem\",\"position\":1,\"name\":\"Home\",\"item\":\"https:\/\/www.ghostysky.com\/\"},{\"@type\":\"ListItem\",\"position\":2,\"name\":\"Shop\",\"item\":\"https:\/\/www.ghostysky.com\/shop\/\"},{\"@type\":\"ListItem\",\"position\":3,\"name\":\"Unitree G1D\"}]},{\"@type\":\"WebSite\",\"@id\":\"https:\/\/www.ghostysky.com\/#website\",\"url\":\"https:\/\/www.ghostysky.com\/\",\"name\":\"Ghostysky\",\"description\":\"Delivering professional drones and services\",\"publisher\":{\"@id\":\"https:\/\/www.ghostysky.com\/#organization\"},\"potentialAction\":[{\"@type\":\"SearchAction\",\"target\":{\"@type\":\"EntryPoint\",\"urlTemplate\":\"https:\/\/www.ghostysky.com\/?s={search_term_string}\"},\"query-input\":{\"@type\":\"PropertyValueSpecification\",\"valueRequired\":true,\"valueName\":\"search_term_string\"}}],\"inLanguage\":\"es\"},{\"@type\":\"Organization\",\"@id\":\"https:\/\/www.ghostysky.com\/#organization\",\"name\":\"Ghostysky\",\"url\":\"https:\/\/www.ghostysky.com\/\",\"logo\":{\"@type\":\"ImageObject\",\"inLanguage\":\"es\",\"@id\":\"https:\/\/www.ghostysky.com\/#\/schema\/logo\/image\/\",\"url\":\"https:\/\/www.ghostysky.com\/wp-content\/uploads\/2020\/06\/cropped-ghostyskylogo_text_white2.png\",\"contentUrl\":\"https:\/\/www.ghostysky.com\/wp-content\/uploads\/2020\/06\/cropped-ghostyskylogo_text_white2.png\",\"width\":169,\"height\":56,\"caption\":\"Ghostysky\"},\"image\":{\"@id\":\"https:\/\/www.ghostysky.com\/#\/schema\/logo\/image\/\"},\"sameAs\":[\"https:\/\/www.facebook.com\/people\/Ghostysky\/100057676170234\/\",\"https:\/\/x.com\/Gh0stysky\",\"https:\/\/www.linkedin.com\/company\/34739653\",\"https:\/\/www.instagram.com\/gh0stysky\"]}]}<\/script>\n<!-- \/ Yoast SEO plugin. -->","yoast_head_json":{"title":"Unitree G1D - Cielo fantasmal","description":"El Unitree G1-D es un innovador robot humanoide con ruedas, dise\u00f1ado espec\u00edficamente para la recopilaci\u00f3n avanzada de datos, el entrenamiento de IA y el despliegue industrial. Lanzado a finales de 2025, conecta la destreza humanoide tradicional con la eficiencia de alta velocidad de las plataformas con ruedas. A diferencia del G1 b\u00edpedo est\u00e1ndar, el modelo &quot;D&quot; funciona como un conjunto de herramientas de entrada de datos y salida de modelos: un ecosistema completo para que investigadores y desarrolladores capturen movimientos del mundo real e implementen modelos de IA a escala.","robots":{"index":"index","follow":"follow","max-snippet":"max-snippet:-1","max-image-preview":"max-image-preview:large","max-video-preview":"max-video-preview:-1"},"canonical":"https:\/\/www.ghostysky.com\/es\/producto-2\/unitree-g1d\/","og_locale":"es_ES","og_type":"article","og_title":"Unitree G1D - Ghostysky","og_description":"The Unitree G1-D is a groundbreaking wheeled humanoid robot designed specifically for advanced data collection, AI training, and industrial deployment. Launched in late 2025, it bridges the gap between traditional humanoid dexterity and the high-speed efficiency of wheeled platforms.Unlike the standard bipedal G1, the \"D\" model serves as a \"data-in, model-out\" toolkit\u2014a complete ecosystem for researchers and developers to capture real-world movements and deploy AI models at scale.","og_url":"https:\/\/www.ghostysky.com\/es\/producto-2\/unitree-g1d\/","og_site_name":"Ghostysky","article_publisher":"https:\/\/www.facebook.com\/people\/Ghostysky\/100057676170234\/","article_modified_time":"2026-01-11T09:53:10+00:00","og_image":[{"width":576,"height":476,"url":"https:\/\/www.ghostysky.com\/wp-content\/uploads\/2026\/01\/GH_Unitree-g1d.png","type":"image\/png"}],"twitter_card":"summary_large_image","twitter_site":"@Gh0stysky","twitter_misc":{"Tiempo de lectura":"2 minutos"},"schema":{"@context":"https:\/\/schema.org","@graph":[{"@type":"WebPage","@id":"https:\/\/www.ghostysky.com\/product\/unitree-g1d\/","url":"https:\/\/www.ghostysky.com\/product\/unitree-g1d\/","name":"Unitree G1D - Cielo fantasmal","isPartOf":{"@id":"https:\/\/www.ghostysky.com\/#website"},"primaryImageOfPage":{"@id":"https:\/\/www.ghostysky.com\/product\/unitree-g1d\/#primaryimage"},"image":{"@id":"https:\/\/www.ghostysky.com\/product\/unitree-g1d\/#primaryimage"},"thumbnailUrl":"https:\/\/www.ghostysky.com\/wp-content\/uploads\/2026\/01\/GH_Unitree-g1d.png","datePublished":"2026-01-11T09:40:16+00:00","dateModified":"2026-01-11T09:53:10+00:00","description":"El Unitree G1-D es un innovador robot humanoide con ruedas, dise\u00f1ado espec\u00edficamente para la recopilaci\u00f3n avanzada de datos, el entrenamiento de IA y el despliegue industrial. Lanzado a finales de 2025, conecta la destreza humanoide tradicional con la eficiencia de alta velocidad de las plataformas con ruedas. A diferencia del G1 b\u00edpedo est\u00e1ndar, el modelo &quot;D&quot; funciona como un conjunto de herramientas de entrada de datos y salida de modelos: un ecosistema completo para que investigadores y desarrolladores capturen movimientos del mundo real e implementen modelos de IA a escala.","breadcrumb":{"@id":"https:\/\/www.ghostysky.com\/product\/unitree-g1d\/#breadcrumb"},"inLanguage":"es","potentialAction":[{"@type":"ReadAction","target":["https:\/\/www.ghostysky.com\/product\/unitree-g1d\/"]}]},{"@type":"ImageObject","inLanguage":"es","@id":"https:\/\/www.ghostysky.com\/product\/unitree-g1d\/#primaryimage","url":"https:\/\/www.ghostysky.com\/wp-content\/uploads\/2026\/01\/GH_Unitree-g1d.png","contentUrl":"https:\/\/www.ghostysky.com\/wp-content\/uploads\/2026\/01\/GH_Unitree-g1d.png","width":576,"height":476},{"@type":"BreadcrumbList","@id":"https:\/\/www.ghostysky.com\/product\/unitree-g1d\/#breadcrumb","itemListElement":[{"@type":"ListItem","position":1,"name":"Home","item":"https:\/\/www.ghostysky.com\/"},{"@type":"ListItem","position":2,"name":"Shop","item":"https:\/\/www.ghostysky.com\/shop\/"},{"@type":"ListItem","position":3,"name":"Unitree G1D"}]},{"@type":"WebSite","@id":"https:\/\/www.ghostysky.com\/#website","url":"https:\/\/www.ghostysky.com\/","name":"Ghostysky","description":"Entrega de drones y servicios profesionales","publisher":{"@id":"https:\/\/www.ghostysky.com\/#organization"},"potentialAction":[{"@type":"SearchAction","target":{"@type":"EntryPoint","urlTemplate":"https:\/\/www.ghostysky.com\/?s={search_term_string}"},"query-input":{"@type":"PropertyValueSpecification","valueRequired":true,"valueName":"search_term_string"}}],"inLanguage":"es"},{"@type":"Organization","@id":"https:\/\/www.ghostysky.com\/#organization","name":"Ghostysky","url":"https:\/\/www.ghostysky.com\/","logo":{"@type":"ImageObject","inLanguage":"es","@id":"https:\/\/www.ghostysky.com\/#\/schema\/logo\/image\/","url":"https:\/\/www.ghostysky.com\/wp-content\/uploads\/2020\/06\/cropped-ghostyskylogo_text_white2.png","contentUrl":"https:\/\/www.ghostysky.com\/wp-content\/uploads\/2020\/06\/cropped-ghostyskylogo_text_white2.png","width":169,"height":56,"caption":"Ghostysky"},"image":{"@id":"https:\/\/www.ghostysky.com\/#\/schema\/logo\/image\/"},"sameAs":["https:\/\/www.facebook.com\/people\/Ghostysky\/100057676170234\/","https:\/\/x.com\/Gh0stysky","https:\/\/www.linkedin.com\/company\/34739653","https:\/\/www.instagram.com\/gh0stysky"]}]}},"_links":{"self":[{"href":"https:\/\/www.ghostysky.com\/es\/wp-json\/wp\/v2\/product\/23685","targetHints":{"allow":["GET"]}}],"collection":[{"href":"https:\/\/www.ghostysky.com\/es\/wp-json\/wp\/v2\/product"}],"about":[{"href":"https:\/\/www.ghostysky.com\/es\/wp-json\/wp\/v2\/types\/product"}],"replies":[{"embeddable":true,"href":"https:\/\/www.ghostysky.com\/es\/wp-json\/wp\/v2\/comments?post=23685"}],"wp:featuredmedia":[{"embeddable":true,"href":"https:\/\/www.ghostysky.com\/es\/wp-json\/wp\/v2\/media\/23686"}],"wp:attachment":[{"href":"https:\/\/www.ghostysky.com\/es\/wp-json\/wp\/v2\/media?parent=23685"}],"wp:term":[{"taxonomy":"product_brand","embeddable":true,"href":"https:\/\/www.ghostysky.com\/es\/wp-json\/wp\/v2\/product_brand?post=23685"},{"taxonomy":"product_cat","embeddable":true,"href":"https:\/\/www.ghostysky.com\/es\/wp-json\/wp\/v2\/product_cat?post=23685"},{"taxonomy":"product_tag","embeddable":true,"href":"https:\/\/www.ghostysky.com\/es\/wp-json\/wp\/v2\/product_tag?post=23685"}],"curies":[{"name":"wp","href":"https:\/\/api.w.org\/{rel}","templated":true}]}}