{"id":23700,"date":"2026-01-11T10:44:18","date_gmt":"2026-01-11T10:44:18","guid":{"rendered":"https:\/\/www.ghostysky.com\/?post_type=product&#038;p=23700"},"modified":"2026-01-11T10:48:58","modified_gmt":"2026-01-11T10:48:58","slug":"unitree-g1-g1-d-dedicated-dex1-1-gripper-advanced-edition","status":"publish","type":"product","link":"https:\/\/www.ghostysky.com\/es\/product\/unitree-g1-g1-d-dedicated-dex1-1-gripper-advanced-edition\/","title":{"rendered":"Pinza Dex1-1 Unitree G1\/G1-D Edici\u00f3n Avanzada"},"content":{"rendered":"<h4 data-path-to-node=\"2\">Caracter\u00edsticas y capacidades clave<\/h4>\n<h4 data-path-to-node=\"3\">1. Manipulaci\u00f3n mejorada y control de fuerza<\/h4>\n<p data-path-to-node=\"4\"><span class=\"citation-723\">A diferencia de las pinzas b\u00e1sicas para aficionados, la Edici\u00f3n Avanzada utiliza <\/span><b data-path-to-node=\"4\" data-index-in-node=\"62\"><span class=\"citation-723\">control h\u00edbrido fuerza-posici\u00f3n<\/span><\/b><span class=\"citation-723 citation-end-723\">.<sup class=\"superscript\" data-turn-source-index=\"2\">2<\/sup><\/span> <span class=\"citation-722 citation-end-722\">Esto permite que el robot no solo alcance una posici\u00f3n espec\u00edfica, sino que tambi\u00e9n aplique una cantidad precisa de presi\u00f3n definida por software, esencial para manipular objetos fr\u00e1giles como cristaler\u00eda u objetos firmes como herramientas industriales.<\/span><\/p>\n<ul data-path-to-node=\"5\">\n<li>\n<p data-path-to-node=\"5,0,0\"><b data-path-to-node=\"5,0,0\" data-index-in-node=\"0\">Fuerza de sujeci\u00f3n ajustable:<\/b> Por lo general var\u00eda entre <b data-path-to-node=\"5,0,0\" data-index-in-node=\"49\">5N a 120N<\/b>, permitiendo una amplia variedad de tareas.<\/p>\n<\/li>\n<li>\n<p data-path-to-node=\"5,1,0\"><b data-path-to-node=\"5,1,0\" data-index-in-node=\"0\"><span class=\"citation-721\">Alta precisi\u00f3n:<\/span><\/b><span class=\"citation-721\"> Cuenta con una resoluci\u00f3n de posici\u00f3n de la punta de aproximadamente <\/span><b data-path-to-node=\"5,1,0\" data-index-in-node=\"68\"><span class=\"citation-721\">0,1 mm<\/span><\/b><span class=\"citation-721 citation-end-721\">.<\/span><\/p>\n<\/li>\n<\/ul>\n<h4 data-path-to-node=\"6\">2. Pila de percepci\u00f3n integrada<\/h4>\n<p data-path-to-node=\"7\">La designaci\u00f3n \u201cEdici\u00f3n avanzada\u201d a menudo se refiere a la inclusi\u00f3n de un conjunto de sensores dedicado montado directamente en el hardware de la pinza.<\/p>\n<ul data-path-to-node=\"8\">\n<li>\n<p data-path-to-node=\"8,0,0\"><b data-path-to-node=\"8,0,0\" data-index-in-node=\"0\"><span class=\"citation-720\">Compatibilidad con c\u00e1mara RGB\/de profundidad:<\/span><\/b><span class=\"citation-720 citation-end-720\"> A menudo viene con un soporte dedicado para c\u00e1maras (como la Intel RealSense D405 o las c\u00e1maras RGB de alto campo de visi\u00f3n) para permitir la percepci\u00f3n &quot;ojo en mano&quot;.<\/span><\/p>\n<\/li>\n<li>\n<p data-path-to-node=\"8,1,0\"><b data-path-to-node=\"8,1,0\" data-index-in-node=\"0\">Servocontrol visual:<\/b> Al colocar la c\u00e1mara en la mu\u00f1eca\/pinza, el G1 puede realizar tareas de selecci\u00f3n y colocaci\u00f3n mucho m\u00e1s precisas a trav\u00e9s de retroalimentaci\u00f3n visual en tiempo real.<\/p>\n<\/li>\n<\/ul>\n<h4 data-path-to-node=\"9\">3. Dise\u00f1o industrial robusto<\/h4>\n<ul data-path-to-node=\"10\">\n<li>\n<p data-path-to-node=\"10,0,0\"><b data-path-to-node=\"10,0,0\" data-index-in-node=\"0\">Cableado interno:<\/b> Dise\u00f1ado para funcionar con el enrutamiento de \u201cuni\u00f3n hueca\u201d del G1, lo que significa que no hay cables externos desordenados que se enganchen durante movimientos complejos del brazo.<\/p>\n<\/li>\n<li>\n<p data-path-to-node=\"10,1,0\"><b data-path-to-node=\"10,1,0\" data-index-in-node=\"0\"><span class=\"citation-719\">Autocalibraci\u00f3n:<\/span><\/b><span class=\"citation-719\"> El sistema admite un sistema especializado <\/span><code data-path-to-node=\"10,1,0\" data-index-in-node=\"52\"><span class=\"citation-719\">servicio dex1_1<\/span><\/code><span class=\"citation-719 citation-end-719\"> para una calibraci\u00f3n r\u00e1pida, asegurando que la \u201cposici\u00f3n cero\u201d est\u00e9 perfectamente alineada con los codificadores internos del motor.<\/span><\/p>\n<p>&nbsp;<\/li>\n<\/ul>\n<h4 data-path-to-node=\"12\">Especificaciones t\u00e9cnicas<\/h4>\n<table data-path-to-node=\"13\">\n<thead>\n<tr>\n<td><strong>Caracter\u00edstica<\/strong><\/td>\n<td><strong>Especificaci\u00f3n (aprox.)<\/strong><\/td>\n<\/tr>\n<\/thead>\n<tbody>\n<tr>\n<td><span data-path-to-node=\"13,1,0,0\"><b data-path-to-node=\"13,1,0,0\" data-index-in-node=\"0\">Tipo de motor<\/b><\/span><\/td>\n<td><span data-path-to-node=\"13,1,1,0\">Motor de alto par Unitree M4010<\/span><\/td>\n<\/tr>\n<tr>\n<td><span data-path-to-node=\"13,2,0,0\"><b data-path-to-node=\"13,2,0,0\" data-index-in-node=\"0\">Golpe de agarre<\/b><\/span><\/td>\n<td><span data-path-to-node=\"13,2,1,0\">90 mil\u00edmetros<\/span><\/td>\n<\/tr>\n<tr>\n<td><span data-path-to-node=\"13,3,0,0\"><b data-path-to-node=\"13,3,0,0\" data-index-in-node=\"0\">Peso<\/b><\/span><\/td>\n<td><span data-path-to-node=\"13,3,1,0\">~550 gramos<\/span><\/td>\n<\/tr>\n<tr>\n<td><span data-path-to-node=\"13,4,0,0\"><b data-path-to-node=\"13,4,0,0\" data-index-in-node=\"0\">Dimensiones<\/b><\/span><\/td>\n<td><span data-path-to-node=\"13,4,1,0\">143 x 78 x 67 mil\u00edmetros<\/span><\/td>\n<\/tr>\n<tr>\n<td><span data-path-to-node=\"13,5,0,0\"><b data-path-to-node=\"13,5,0,0\" data-index-in-node=\"0\">Comunicaci\u00f3n<\/b><\/span><\/td>\n<td><span data-path-to-node=\"13,5,1,0\">RS485 \/ USB (a trav\u00e9s de placa adaptadora)<\/span><\/td>\n<\/tr>\n<tr>\n<td><span data-path-to-node=\"13,6,0,0\"><b data-path-to-node=\"13,6,0,0\" data-index-in-node=\"0\">Grados de libertad<\/b><\/span><\/td>\n<td><span data-path-to-node=\"13,6,1,0\">1 DoF por pinza (movimiento paralelo)<\/span><\/td>\n<\/tr>\n<\/tbody>\n<\/table>\n<p>&nbsp;<\/p>\n<h4 data-path-to-node=\"15\">Mejores casos de uso<\/h4>\n<ul data-path-to-node=\"16\">\n<li>\n<p data-path-to-node=\"16,0,0\"><b data-path-to-node=\"16,0,0\" data-index-in-node=\"0\">Investigaci\u00f3n industrial:<\/b> Prueba de ensamblaje o clasificaci\u00f3n automatizada en un entorno de laboratorio.<\/p>\n<\/li>\n<li>\n<p data-path-to-node=\"16,1,0\"><b data-path-to-node=\"16,1,0\" data-index-in-node=\"0\">Manipulaci\u00f3n m\u00f3vil:<\/b> Utilizando el G1-D (versi\u00f3n con ruedas) para transportar y entregar art\u00edculos en una instalaci\u00f3n.<\/p>\n<\/li>\n<li>\n<p data-path-to-node=\"16,2,0\"><b data-path-to-node=\"16,2,0\" data-index-in-node=\"0\"><span class=\"citation-718\">Teleoperaci\u00f3n:<\/span><\/b><span class=\"citation-718 citation-end-718\"> Combinaci\u00f3n de las pinzas con auriculares VR\/XR (como Apple Vision Pro) para permitir que los humanos controlen las manos del robot de forma remota con alta fidelidad.<\/span><\/p>\n<\/li>\n<\/ul>","protected":false},"excerpt":{"rendered":"<p><span class=\"citation-724\">El <\/span><b data-path-to-node=\"0\" data-index-in-node=\"4\"><span class=\"citation-724\">Pinza Unitree Dex1-1 (Edici\u00f3n avanzada)<\/span><\/b><span class=\"citation-724\"> es un efector final de dos dedos paralelo de alto rendimiento dise\u00f1ado espec\u00edficamente para <\/span><b data-path-to-node=\"0\" data-index-in-node=\"134\"><span class=\"citation-724\">Unitree G1 y G1-D<\/span><\/b><span class=\"citation-724 citation-end-724\"> robots humanoides.<\/span> Si bien el G1 est\u00e1ndar a menudo viene con unidades de agarre m\u00e1s simples o manos diestras con m\u00faltiples dedos, la Dex1-1 Advanced Edition est\u00e1 dise\u00f1ada para usuarios que necesitan un equilibrio entre durabilidad de grado industrial, alta fuerza de sujeci\u00f3n e integraci\u00f3n precisa para el desarrollo secundario.<\/p>","protected":false},"featured_media":21985,"comment_status":"open","ping_status":"closed","template":"","meta":[],"product_brand":[1087],"product_cat":[1038,1037,1102],"product_tag":[1088,1332,1330,1105],"class_list":{"0":"post-23700","1":"product","2":"type-product","3":"status-publish","4":"has-post-thumbnail","6":"product_brand-unitree","7":"product_cat-humanoid","8":"product_cat-robotics","9":"product_cat-unitree-hum-accessories","10":"product_tag-unitree","11":"product_tag-unitree-g1d-accessories","12":"product_tag-unitree-g1d-series","13":"product_tag-unitree-humanoid","15":"first","16":"onbackorder","17":"taxable","18":"shipping-taxable","19":"purchasable","20":"product-type-simple"},"yoast_head":"<!-- This site is optimized with the Yoast SEO plugin v27.1.1 - https:\/\/yoast.com\/product\/yoast-seo-wordpress\/ -->\n<title>Unitree G1\/G1-D Dedicated Dex1-1 Gripper Advanced Edition - Ghostysky<\/title>\n<meta name=\"description\" content=\"The Unitree Dex1-1 Gripper (Advanced Edition) is a high-performance, parallel two-finger end-effector specifically engineered for the Unitree G1 and G1-D humanoid robots. While the standard G1 often comes with simpler grasping units or multi-finger dexterous hands, the Dex1-1 Advanced Edition is designed for users who need a balance of industrial-grade durability, high clamping force, and precise integration for secondary development.\" \/>\n<meta name=\"robots\" content=\"index, follow, max-snippet:-1, max-image-preview:large, max-video-preview:-1\" \/>\n<link rel=\"canonical\" href=\"https:\/\/www.ghostysky.com\/es\/producto-2\/unitree-g1-g1-d-dedicated-dex1-1-gripper-advanced-edition\/\" \/>\n<meta property=\"og:locale\" content=\"es_ES\" \/>\n<meta property=\"og:type\" content=\"article\" \/>\n<meta property=\"og:title\" content=\"Unitree G1\/G1-D Dedicated Dex1-1 Gripper Advanced Edition - Ghostysky\" \/>\n<meta property=\"og:description\" content=\"The Unitree Dex1-1 Gripper (Advanced Edition) is a high-performance, parallel two-finger end-effector specifically engineered for the Unitree G1 and G1-D humanoid robots. While the standard G1 often comes with simpler grasping units or multi-finger dexterous hands, the Dex1-1 Advanced Edition is designed for users who need a balance of industrial-grade durability, high clamping force, and precise integration for secondary development.\" \/>\n<meta property=\"og:url\" content=\"https:\/\/www.ghostysky.com\/es\/producto-2\/unitree-g1-g1-d-dedicated-dex1-1-gripper-advanced-edition\/\" \/>\n<meta property=\"og:site_name\" content=\"Ghostysky\" \/>\n<meta property=\"article:publisher\" content=\"https:\/\/www.facebook.com\/people\/Ghostysky\/100057676170234\/\" \/>\n<meta property=\"article:modified_time\" content=\"2026-01-11T10:48:58+00:00\" \/>\n<meta property=\"og:image\" content=\"https:\/\/www.ghostysky.com\/wp-content\/uploads\/2025\/10\/GH_Unitree.svg_logo_1.png\" \/>\n\t<meta property=\"og:image:width\" content=\"2560\" \/>\n\t<meta property=\"og:image:height\" content=\"577\" \/>\n\t<meta property=\"og:image:type\" content=\"image\/png\" \/>\n<meta name=\"twitter:card\" content=\"summary_large_image\" \/>\n<meta name=\"twitter:site\" content=\"@Gh0stysky\" \/>\n<meta name=\"twitter:label1\" content=\"Tiempo de lectura\" \/>\n\t<meta name=\"twitter:data1\" content=\"2 minutos\" \/>\n<script type=\"application\/ld+json\" class=\"yoast-schema-graph\">{\"@context\":\"https:\/\/schema.org\",\"@graph\":[{\"@type\":\"WebPage\",\"@id\":\"https:\/\/www.ghostysky.com\/product\/unitree-g1-g1-d-dedicated-dex1-1-gripper-advanced-edition\/\",\"url\":\"https:\/\/www.ghostysky.com\/product\/unitree-g1-g1-d-dedicated-dex1-1-gripper-advanced-edition\/\",\"name\":\"Unitree G1\/G1-D Dedicated Dex1-1 Gripper Advanced Edition - Ghostysky\",\"isPartOf\":{\"@id\":\"https:\/\/www.ghostysky.com\/#website\"},\"primaryImageOfPage\":{\"@id\":\"https:\/\/www.ghostysky.com\/product\/unitree-g1-g1-d-dedicated-dex1-1-gripper-advanced-edition\/#primaryimage\"},\"image\":{\"@id\":\"https:\/\/www.ghostysky.com\/product\/unitree-g1-g1-d-dedicated-dex1-1-gripper-advanced-edition\/#primaryimage\"},\"thumbnailUrl\":\"https:\/\/www.ghostysky.com\/wp-content\/uploads\/2025\/10\/GH_Unitree.svg_logo_1.png\",\"datePublished\":\"2026-01-11T10:44:18+00:00\",\"dateModified\":\"2026-01-11T10:48:58+00:00\",\"description\":\"The Unitree Dex1-1 Gripper (Advanced Edition) is a high-performance, parallel two-finger end-effector specifically engineered for the Unitree G1 and G1-D humanoid robots. While the standard G1 often comes with simpler grasping units or multi-finger dexterous hands, the Dex1-1 Advanced Edition is designed for users who need a balance of industrial-grade durability, high clamping force, and precise integration for secondary development.\",\"breadcrumb\":{\"@id\":\"https:\/\/www.ghostysky.com\/product\/unitree-g1-g1-d-dedicated-dex1-1-gripper-advanced-edition\/#breadcrumb\"},\"inLanguage\":\"es\",\"potentialAction\":[{\"@type\":\"ReadAction\",\"target\":[\"https:\/\/www.ghostysky.com\/product\/unitree-g1-g1-d-dedicated-dex1-1-gripper-advanced-edition\/\"]}]},{\"@type\":\"ImageObject\",\"inLanguage\":\"es\",\"@id\":\"https:\/\/www.ghostysky.com\/product\/unitree-g1-g1-d-dedicated-dex1-1-gripper-advanced-edition\/#primaryimage\",\"url\":\"https:\/\/www.ghostysky.com\/wp-content\/uploads\/2025\/10\/GH_Unitree.svg_logo_1.png\",\"contentUrl\":\"https:\/\/www.ghostysky.com\/wp-content\/uploads\/2025\/10\/GH_Unitree.svg_logo_1.png\",\"width\":2560,\"height\":577},{\"@type\":\"BreadcrumbList\",\"@id\":\"https:\/\/www.ghostysky.com\/product\/unitree-g1-g1-d-dedicated-dex1-1-gripper-advanced-edition\/#breadcrumb\",\"itemListElement\":[{\"@type\":\"ListItem\",\"position\":1,\"name\":\"Home\",\"item\":\"https:\/\/www.ghostysky.com\/\"},{\"@type\":\"ListItem\",\"position\":2,\"name\":\"Shop\",\"item\":\"https:\/\/www.ghostysky.com\/shop\/\"},{\"@type\":\"ListItem\",\"position\":3,\"name\":\"Unitree G1\/G1-D Dedicated Dex1-1 Gripper Advanced Edition\"}]},{\"@type\":\"WebSite\",\"@id\":\"https:\/\/www.ghostysky.com\/#website\",\"url\":\"https:\/\/www.ghostysky.com\/\",\"name\":\"Ghostysky\",\"description\":\"Delivering professional drones and services\",\"publisher\":{\"@id\":\"https:\/\/www.ghostysky.com\/#organization\"},\"potentialAction\":[{\"@type\":\"SearchAction\",\"target\":{\"@type\":\"EntryPoint\",\"urlTemplate\":\"https:\/\/www.ghostysky.com\/?s={search_term_string}\"},\"query-input\":{\"@type\":\"PropertyValueSpecification\",\"valueRequired\":true,\"valueName\":\"search_term_string\"}}],\"inLanguage\":\"es\"},{\"@type\":\"Organization\",\"@id\":\"https:\/\/www.ghostysky.com\/#organization\",\"name\":\"Ghostysky\",\"url\":\"https:\/\/www.ghostysky.com\/\",\"logo\":{\"@type\":\"ImageObject\",\"inLanguage\":\"es\",\"@id\":\"https:\/\/www.ghostysky.com\/#\/schema\/logo\/image\/\",\"url\":\"https:\/\/www.ghostysky.com\/wp-content\/uploads\/2020\/06\/cropped-ghostyskylogo_text_white2.png\",\"contentUrl\":\"https:\/\/www.ghostysky.com\/wp-content\/uploads\/2020\/06\/cropped-ghostyskylogo_text_white2.png\",\"width\":169,\"height\":56,\"caption\":\"Ghostysky\"},\"image\":{\"@id\":\"https:\/\/www.ghostysky.com\/#\/schema\/logo\/image\/\"},\"sameAs\":[\"https:\/\/www.facebook.com\/people\/Ghostysky\/100057676170234\/\",\"https:\/\/x.com\/Gh0stysky\",\"https:\/\/www.linkedin.com\/company\/34739653\",\"https:\/\/www.instagram.com\/gh0stysky\"]}]}<\/script>\n<!-- \/ Yoast SEO plugin. -->","yoast_head_json":{"title":"Pinza Dex1-1 Unitree G1\/G1-D Edici\u00f3n Avanzada - Ghostysky","description":"La pinza Unitree Dex1-1 (Edici\u00f3n Avanzada) es un efector final paralelo de dos dedos y alto rendimiento, dise\u00f1ado espec\u00edficamente para los robots humanoides Unitree G1 y G1-D. Mientras que el G1 est\u00e1ndar suele incluir unidades de agarre m\u00e1s sencillas o manos diestras con varios dedos, la Dex1-1 Edici\u00f3n Avanzada est\u00e1 dise\u00f1ada para usuarios que buscan un equilibrio entre durabilidad de grado industrial, alta fuerza de sujeci\u00f3n e integraci\u00f3n precisa para el desarrollo secundario.","robots":{"index":"index","follow":"follow","max-snippet":"max-snippet:-1","max-image-preview":"max-image-preview:large","max-video-preview":"max-video-preview:-1"},"canonical":"https:\/\/www.ghostysky.com\/es\/producto-2\/unitree-g1-g1-d-dedicated-dex1-1-gripper-advanced-edition\/","og_locale":"es_ES","og_type":"article","og_title":"Unitree G1\/G1-D Dedicated Dex1-1 Gripper Advanced Edition - Ghostysky","og_description":"The Unitree Dex1-1 Gripper (Advanced Edition) is a high-performance, parallel two-finger end-effector specifically engineered for the Unitree G1 and G1-D humanoid robots. While the standard G1 often comes with simpler grasping units or multi-finger dexterous hands, the Dex1-1 Advanced Edition is designed for users who need a balance of industrial-grade durability, high clamping force, and precise integration for secondary development.","og_url":"https:\/\/www.ghostysky.com\/es\/producto-2\/unitree-g1-g1-d-dedicated-dex1-1-gripper-advanced-edition\/","og_site_name":"Ghostysky","article_publisher":"https:\/\/www.facebook.com\/people\/Ghostysky\/100057676170234\/","article_modified_time":"2026-01-11T10:48:58+00:00","og_image":[{"width":2560,"height":577,"url":"https:\/\/www.ghostysky.com\/wp-content\/uploads\/2025\/10\/GH_Unitree.svg_logo_1.png","type":"image\/png"}],"twitter_card":"summary_large_image","twitter_site":"@Gh0stysky","twitter_misc":{"Tiempo de lectura":"2 minutos"},"schema":{"@context":"https:\/\/schema.org","@graph":[{"@type":"WebPage","@id":"https:\/\/www.ghostysky.com\/product\/unitree-g1-g1-d-dedicated-dex1-1-gripper-advanced-edition\/","url":"https:\/\/www.ghostysky.com\/product\/unitree-g1-g1-d-dedicated-dex1-1-gripper-advanced-edition\/","name":"Pinza Dex1-1 Unitree G1\/G1-D Edici\u00f3n Avanzada - Ghostysky","isPartOf":{"@id":"https:\/\/www.ghostysky.com\/#website"},"primaryImageOfPage":{"@id":"https:\/\/www.ghostysky.com\/product\/unitree-g1-g1-d-dedicated-dex1-1-gripper-advanced-edition\/#primaryimage"},"image":{"@id":"https:\/\/www.ghostysky.com\/product\/unitree-g1-g1-d-dedicated-dex1-1-gripper-advanced-edition\/#primaryimage"},"thumbnailUrl":"https:\/\/www.ghostysky.com\/wp-content\/uploads\/2025\/10\/GH_Unitree.svg_logo_1.png","datePublished":"2026-01-11T10:44:18+00:00","dateModified":"2026-01-11T10:48:58+00:00","description":"La pinza Unitree Dex1-1 (Edici\u00f3n Avanzada) es un efector final paralelo de dos dedos y alto rendimiento, dise\u00f1ado espec\u00edficamente para los robots humanoides Unitree G1 y G1-D. Mientras que el G1 est\u00e1ndar suele incluir unidades de agarre m\u00e1s sencillas o manos diestras con varios dedos, la Dex1-1 Edici\u00f3n Avanzada est\u00e1 dise\u00f1ada para usuarios que buscan un equilibrio entre durabilidad de grado industrial, alta fuerza de sujeci\u00f3n e integraci\u00f3n precisa para el desarrollo secundario.","breadcrumb":{"@id":"https:\/\/www.ghostysky.com\/product\/unitree-g1-g1-d-dedicated-dex1-1-gripper-advanced-edition\/#breadcrumb"},"inLanguage":"es","potentialAction":[{"@type":"ReadAction","target":["https:\/\/www.ghostysky.com\/product\/unitree-g1-g1-d-dedicated-dex1-1-gripper-advanced-edition\/"]}]},{"@type":"ImageObject","inLanguage":"es","@id":"https:\/\/www.ghostysky.com\/product\/unitree-g1-g1-d-dedicated-dex1-1-gripper-advanced-edition\/#primaryimage","url":"https:\/\/www.ghostysky.com\/wp-content\/uploads\/2025\/10\/GH_Unitree.svg_logo_1.png","contentUrl":"https:\/\/www.ghostysky.com\/wp-content\/uploads\/2025\/10\/GH_Unitree.svg_logo_1.png","width":2560,"height":577},{"@type":"BreadcrumbList","@id":"https:\/\/www.ghostysky.com\/product\/unitree-g1-g1-d-dedicated-dex1-1-gripper-advanced-edition\/#breadcrumb","itemListElement":[{"@type":"ListItem","position":1,"name":"Home","item":"https:\/\/www.ghostysky.com\/"},{"@type":"ListItem","position":2,"name":"Shop","item":"https:\/\/www.ghostysky.com\/shop\/"},{"@type":"ListItem","position":3,"name":"Unitree G1\/G1-D Dedicated Dex1-1 Gripper Advanced Edition"}]},{"@type":"WebSite","@id":"https:\/\/www.ghostysky.com\/#website","url":"https:\/\/www.ghostysky.com\/","name":"Ghostysky","description":"Entrega de drones y servicios profesionales","publisher":{"@id":"https:\/\/www.ghostysky.com\/#organization"},"potentialAction":[{"@type":"SearchAction","target":{"@type":"EntryPoint","urlTemplate":"https:\/\/www.ghostysky.com\/?s={search_term_string}"},"query-input":{"@type":"PropertyValueSpecification","valueRequired":true,"valueName":"search_term_string"}}],"inLanguage":"es"},{"@type":"Organization","@id":"https:\/\/www.ghostysky.com\/#organization","name":"Ghostysky","url":"https:\/\/www.ghostysky.com\/","logo":{"@type":"ImageObject","inLanguage":"es","@id":"https:\/\/www.ghostysky.com\/#\/schema\/logo\/image\/","url":"https:\/\/www.ghostysky.com\/wp-content\/uploads\/2020\/06\/cropped-ghostyskylogo_text_white2.png","contentUrl":"https:\/\/www.ghostysky.com\/wp-content\/uploads\/2020\/06\/cropped-ghostyskylogo_text_white2.png","width":169,"height":56,"caption":"Ghostysky"},"image":{"@id":"https:\/\/www.ghostysky.com\/#\/schema\/logo\/image\/"},"sameAs":["https:\/\/www.facebook.com\/people\/Ghostysky\/100057676170234\/","https:\/\/x.com\/Gh0stysky","https:\/\/www.linkedin.com\/company\/34739653","https:\/\/www.instagram.com\/gh0stysky"]}]}},"_links":{"self":[{"href":"https:\/\/www.ghostysky.com\/es\/wp-json\/wp\/v2\/product\/23700","targetHints":{"allow":["GET"]}}],"collection":[{"href":"https:\/\/www.ghostysky.com\/es\/wp-json\/wp\/v2\/product"}],"about":[{"href":"https:\/\/www.ghostysky.com\/es\/wp-json\/wp\/v2\/types\/product"}],"replies":[{"embeddable":true,"href":"https:\/\/www.ghostysky.com\/es\/wp-json\/wp\/v2\/comments?post=23700"}],"wp:featuredmedia":[{"embeddable":true,"href":"https:\/\/www.ghostysky.com\/es\/wp-json\/wp\/v2\/media\/21985"}],"wp:attachment":[{"href":"https:\/\/www.ghostysky.com\/es\/wp-json\/wp\/v2\/media?parent=23700"}],"wp:term":[{"taxonomy":"product_brand","embeddable":true,"href":"https:\/\/www.ghostysky.com\/es\/wp-json\/wp\/v2\/product_brand?post=23700"},{"taxonomy":"product_cat","embeddable":true,"href":"https:\/\/www.ghostysky.com\/es\/wp-json\/wp\/v2\/product_cat?post=23700"},{"taxonomy":"product_tag","embeddable":true,"href":"https:\/\/www.ghostysky.com\/es\/wp-json\/wp\/v2\/product_tag?post=23700"}],"curies":[{"name":"wp","href":"https:\/\/api.w.org\/{rel}","templated":true}]}}