{"id":23746,"date":"2026-01-24T12:08:27","date_gmt":"2026-01-24T12:08:27","guid":{"rendered":"https:\/\/www.ghostysky.com\/?post_type=product&#038;p=23746"},"modified":"2026-04-07T14:08:14","modified_gmt":"2026-04-07T14:08:14","slug":"hesai-at128p","status":"publish","type":"product","link":"https:\/\/www.ghostysky.com\/es\/product\/hesai-at128p\/","title":{"rendered":"Hesai AT128P"},"content":{"rendered":"<h3 data-path-to-node=\"2\">Caracter\u00edsticas principales y rendimiento<\/h3>\n<ul data-path-to-node=\"3\">\n<li>\n<p data-path-to-node=\"3,0,0\"><b data-path-to-node=\"3,0,0\" data-index-in-node=\"0\"><span class=\"citation-14\">Resoluci\u00f3n ultraalta:<\/span><\/b><span class=\"citation-14 citation-end-14\"> Cuenta con 128 canales de escaneo electr\u00f3nico genuino, que proporcionan una nube de puntos \u201csimilar a una imagen\u201d.<\/span> Este nivel de detalle permite al sistema de percepci\u00f3n distinguir entre objetos peque\u00f1os (como conos de tr\u00e1fico o escombros) y peatones a distancias significativas.<\/p>\n<\/li>\n<li>\n<p data-path-to-node=\"3,1,0\"><b data-path-to-node=\"3,1,0\" data-index-in-node=\"0\">Alcance superior:<\/b><span class=\"citation-13\"> Puede detectar objetos con reflectividad 10% (como ropa oscura o neum\u00e1ticos) a una distancia de <\/span><b data-path-to-node=\"3,1,0\" data-index-in-node=\"109\"><span class=\"citation-13\">210 metros<\/span><\/b><span class=\"citation-13 citation-end-13\">, lo que le da al veh\u00edculo m\u00e1s tiempo para reaccionar a velocidades de autopista.<\/span><\/p>\n<\/li>\n<li>\n<p data-path-to-node=\"3,2,0\"><b data-path-to-node=\"3,2,0\" data-index-in-node=\"0\">Alto rendimiento de datos:<\/b><span class=\"citation-12\"> Genera m\u00e1s de <\/span><b data-path-to-node=\"3,2,0\" data-index-in-node=\"37\"><span class=\"citation-12\">1,53 millones de puntos por segundo<\/span><\/b><span class=\"citation-12 citation-end-12\"> (retorno \u00fanico), garantizando que no haya espacios en el campo de visi\u00f3n horizontal o vertical.<\/span><\/p>\n<\/li>\n<li>\n<p data-path-to-node=\"3,3,0\"><b data-path-to-node=\"3,3,0\" data-index-in-node=\"0\"><span class=\"citation-11\">Confiabilidad de grado automotriz:<\/span><\/b><span class=\"citation-11 citation-end-11\"> Dise\u00f1ado para producci\u00f3n en masa, cumple con los estrictos est\u00e1ndares AEC-Q y ha pasado m\u00e1s de 50 pruebas de validaci\u00f3n de dise\u00f1o, incluidos ciclos de temperatura extrema y resistencia al agua a alta presi\u00f3n (IP6K7 e IP6K9K).<\/span><\/p>\n<p>&nbsp;<\/li>\n<\/ul>\n<h3 data-path-to-node=\"5\">Especificaciones t\u00e9cnicas<\/h3>\n<table data-path-to-node=\"6\">\n<thead>\n<tr>\n<td><strong>Par\u00e1metro<\/strong><\/td>\n<td><strong>Especificaci\u00f3n<\/strong><\/td>\n<\/tr>\n<\/thead>\n<tbody>\n<tr>\n<td><span data-path-to-node=\"6,1,0,0\"><b data-path-to-node=\"6,1,0,0\" data-index-in-node=\"0\">M\u00e9todo de escaneo<\/b><\/span><\/td>\n<td><span data-path-to-node=\"6,1,1,0\">Espejo giratorio 1-D (estado s\u00f3lido h\u00edbrido)<\/span><\/td>\n<\/tr>\n<tr>\n<td><span data-path-to-node=\"6,2,0,0\"><b data-path-to-node=\"6,2,0,0\" data-index-in-node=\"0\">Campo de visi\u00f3n (FOV)<\/b><\/span><\/td>\n<td><span data-path-to-node=\"6,2,1,0\">120\u00b0 (horizontal) \u00d7 25,4\u00b0 (vertical)<\/span><\/td>\n<\/tr>\n<tr>\n<td><span data-path-to-node=\"6,3,0,0\"><b data-path-to-node=\"6,3,0,0\" data-index-in-node=\"0\">Resoluci\u00f3n angular<\/b><\/span><\/td>\n<td><span data-path-to-node=\"6,3,1,0\">0,1\u00b0 (alto) \u00d7 0,2\u00b0 (vertical)<\/span><\/td>\n<\/tr>\n<tr>\n<td><span data-path-to-node=\"6,4,0,0\"><b data-path-to-node=\"6,4,0,0\" data-index-in-node=\"0\">Velocidad de fotogramas<\/b><\/span><\/td>\n<td><span data-path-to-node=\"6,4,1,0\">10 Hz \/ 20 Hz<\/span><\/td>\n<\/tr>\n<tr>\n<td><span data-path-to-node=\"6,5,0,0\"><b data-path-to-node=\"6,5,0,0\" data-index-in-node=\"0\">Capacidad de alcance<\/b><\/span><\/td>\n<td><span data-path-to-node=\"6,5,1,0\">210 m a reflectividad 10% (hasta 260 m m\u00e1ximo)<\/span><\/td>\n<\/tr>\n<tr>\n<td><span data-path-to-node=\"6,6,0,0\"><b data-path-to-node=\"6,6,0,0\" data-index-in-node=\"0\">El consumo de energ\u00eda<\/b><\/span><\/td>\n<td><span data-path-to-node=\"6,6,1,0\">13,5 W<\/span><\/td>\n<\/tr>\n<tr>\n<td><span data-path-to-node=\"6,7,0,0\"><b data-path-to-node=\"6,7,0,0\" data-index-in-node=\"0\">Dimensiones<\/b><\/span><\/td>\n<td><span data-path-to-node=\"6,7,1,0\">136 mm \u00d7 114 mm \u00d7 49 mm<\/span><\/td>\n<\/tr>\n<tr>\n<td><span data-path-to-node=\"6,8,0,0\"><b data-path-to-node=\"6,8,0,0\" data-index-in-node=\"0\">Peso<\/b><\/span><\/td>\n<td><span data-path-to-node=\"6,8,1,0\">~940 gramos<\/span><\/td>\n<\/tr>\n<\/tbody>\n<\/table>\n<p>&nbsp;<\/p>\n<h3 data-path-to-node=\"8\">Por qu\u00e9 se destaca<\/h3>\n<p data-path-to-node=\"9\"><span class=\"citation-10\">A diferencia de los LiDAR mec\u00e1nicos tradicionales que utilizan conjuntos giratorios voluminosos, el AT128P utiliza un <\/span><b data-path-to-node=\"9\" data-index-in-node=\"95\"><span class=\"citation-10\">dise\u00f1o h\u00edbrido compacto<\/span><\/b><span class=\"citation-10 citation-end-10\"> que es m\u00e1s f\u00e1cil de integrar en la l\u00ednea del techo o la parrilla de un veh\u00edculo.<\/span> Tambi\u00e9n cuenta con propiedad <b data-path-to-node=\"9\" data-index-in-node=\"211\">rechazo de interferencias<\/b>, lo que evita que el sensor quede \u201ccegado\u201d por las se\u00f1ales LiDAR de otros veh\u00edculos cercanos.<\/p>\n<blockquote data-path-to-node=\"10\">\n<p data-path-to-node=\"10,0\"><b data-path-to-node=\"10,0\" data-index-in-node=\"0\">Nota:<\/b> El AT128P es ampliamente utilizado por los principales fabricantes de equipos originales (OEM) de autom\u00f3viles (como Li Auto y Lotus) porque equilibra el rendimiento de alta gama con un factor de forma que no compromete la est\u00e9tica del veh\u00edculo.<\/p>\n<\/blockquote>","protected":false},"excerpt":{"rendered":"<p><span class=\"citation-16\">El <\/span><b data-path-to-node=\"0\" data-index-in-node=\"4\"><span class=\"citation-16\">Hesai AT128P<\/span><\/b><span class=\"citation-16 citation-end-16\"> es un LiDAR de estado s\u00f3lido h\u00edbrido de alto rendimiento y grado automotriz dise\u00f1ado espec\u00edficamente para sistemas avanzados de asistencia al conductor (ADAS) y conducci\u00f3n aut\u00f3noma.<\/span> <span class=\"citation-15 citation-end-15\">Como una evoluci\u00f3n dentro de la serie AT, el modelo \u201cP\u201d enfatiza la detecci\u00f3n de ultra alta resoluci\u00f3n y largo alcance, actuando como los \u201cojos\u201d de los veh\u00edculos aut\u00f3nomos L3+.<\/span><\/p>","protected":false},"featured_media":23750,"comment_status":"open","ping_status":"closed","template":"","meta":[],"product_brand":[1338],"product_cat":[1337,1037,1040],"product_tag":[1339,1340],"class_list":{"0":"post-23746","1":"product","2":"type-product","3":"status-publish","4":"has-post-thumbnail","6":"product_brand-hesai","7":"product_cat-hesai-lidars","8":"product_cat-robotics","9":"product_cat-sensors-robotics","10":"product_tag-hesai","11":"product_tag-hesai-lidars","13":"first","14":"onbackorder","15":"taxable","16":"shipping-taxable","17":"purchasable","18":"product-type-simple"},"yoast_head":"<!-- This site is optimized with the Yoast SEO plugin v27.1.1 - https:\/\/yoast.com\/product\/yoast-seo-wordpress\/ -->\n<title>Hesai AT128P - Ghostysky<\/title>\n<meta name=\"description\" content=\"The Hesai AT128P is a high-performance, automotive-grade hybrid solid-state LiDAR designed specifically for Advanced Driver Assistance Systems (ADAS) and autonomous driving. As an evolution within the AT series, the &quot;P&quot; model emphasizes ultra-high resolution and long-range detection, acting as the &quot;eyes&quot; for L3+ autonomous vehicles.\" \/>\n<meta name=\"robots\" content=\"index, follow, max-snippet:-1, max-image-preview:large, max-video-preview:-1\" \/>\n<link rel=\"canonical\" href=\"https:\/\/www.ghostysky.com\/es\/producto-2\/hesai-at128p\/\" \/>\n<meta property=\"og:locale\" content=\"es_ES\" \/>\n<meta property=\"og:type\" content=\"article\" \/>\n<meta property=\"og:title\" content=\"Hesai AT128P - Ghostysky\" \/>\n<meta property=\"og:description\" content=\"The Hesai AT128P is a high-performance, automotive-grade hybrid solid-state LiDAR designed specifically for Advanced Driver Assistance Systems (ADAS) and autonomous driving. As an evolution within the AT series, the &quot;P&quot; model emphasizes ultra-high resolution and long-range detection, acting as the &quot;eyes&quot; for L3+ autonomous vehicles.\" \/>\n<meta property=\"og:url\" content=\"https:\/\/www.ghostysky.com\/es\/producto-2\/hesai-at128p\/\" \/>\n<meta property=\"og:site_name\" content=\"Ghostysky\" \/>\n<meta property=\"article:publisher\" content=\"https:\/\/www.facebook.com\/people\/Ghostysky\/100057676170234\/\" \/>\n<meta property=\"article:modified_time\" content=\"2026-04-07T14:08:14+00:00\" \/>\n<meta property=\"og:image\" content=\"https:\/\/www.ghostysky.com\/wp-content\/uploads\/2026\/01\/GH_Hesai_AT128P_1.jpg\" \/>\n\t<meta property=\"og:image:width\" content=\"1920\" \/>\n\t<meta property=\"og:image:height\" content=\"1920\" \/>\n\t<meta property=\"og:image:type\" content=\"image\/jpeg\" \/>\n<meta name=\"twitter:card\" content=\"summary_large_image\" \/>\n<meta name=\"twitter:site\" content=\"@Gh0stysky\" \/>\n<meta name=\"twitter:label1\" content=\"Tiempo de lectura\" \/>\n\t<meta name=\"twitter:data1\" content=\"2 minutos\" \/>\n<script type=\"application\/ld+json\" class=\"yoast-schema-graph\">{\"@context\":\"https:\/\/schema.org\",\"@graph\":[{\"@type\":\"WebPage\",\"@id\":\"https:\/\/www.ghostysky.com\/product\/hesai-at128p\/\",\"url\":\"https:\/\/www.ghostysky.com\/product\/hesai-at128p\/\",\"name\":\"Hesai AT128P - Ghostysky\",\"isPartOf\":{\"@id\":\"https:\/\/www.ghostysky.com\/#website\"},\"primaryImageOfPage\":{\"@id\":\"https:\/\/www.ghostysky.com\/product\/hesai-at128p\/#primaryimage\"},\"image\":{\"@id\":\"https:\/\/www.ghostysky.com\/product\/hesai-at128p\/#primaryimage\"},\"thumbnailUrl\":\"https:\/\/www.ghostysky.com\/wp-content\/uploads\/2026\/01\/GH_Hesai_AT128P_1.jpg\",\"datePublished\":\"2026-01-24T12:08:27+00:00\",\"dateModified\":\"2026-04-07T14:08:14+00:00\",\"description\":\"The Hesai AT128P is a high-performance, automotive-grade hybrid solid-state LiDAR designed specifically for Advanced Driver Assistance Systems (ADAS) and autonomous driving. As an evolution within the AT series, the \\\"P\\\" model emphasizes ultra-high resolution and long-range detection, acting as the \\\"eyes\\\" for L3+ autonomous vehicles.\",\"breadcrumb\":{\"@id\":\"https:\/\/www.ghostysky.com\/product\/hesai-at128p\/#breadcrumb\"},\"inLanguage\":\"es\",\"potentialAction\":[{\"@type\":\"ReadAction\",\"target\":[\"https:\/\/www.ghostysky.com\/product\/hesai-at128p\/\"]}]},{\"@type\":\"ImageObject\",\"inLanguage\":\"es\",\"@id\":\"https:\/\/www.ghostysky.com\/product\/hesai-at128p\/#primaryimage\",\"url\":\"https:\/\/www.ghostysky.com\/wp-content\/uploads\/2026\/01\/GH_Hesai_AT128P_1.jpg\",\"contentUrl\":\"https:\/\/www.ghostysky.com\/wp-content\/uploads\/2026\/01\/GH_Hesai_AT128P_1.jpg\",\"width\":1920,\"height\":1920},{\"@type\":\"BreadcrumbList\",\"@id\":\"https:\/\/www.ghostysky.com\/product\/hesai-at128p\/#breadcrumb\",\"itemListElement\":[{\"@type\":\"ListItem\",\"position\":1,\"name\":\"Home\",\"item\":\"https:\/\/www.ghostysky.com\/\"},{\"@type\":\"ListItem\",\"position\":2,\"name\":\"Shop\",\"item\":\"https:\/\/www.ghostysky.com\/shop\/\"},{\"@type\":\"ListItem\",\"position\":3,\"name\":\"Hesai AT128P\"}]},{\"@type\":\"WebSite\",\"@id\":\"https:\/\/www.ghostysky.com\/#website\",\"url\":\"https:\/\/www.ghostysky.com\/\",\"name\":\"Ghostysky\",\"description\":\"Delivering professional drones and services\",\"publisher\":{\"@id\":\"https:\/\/www.ghostysky.com\/#organization\"},\"potentialAction\":[{\"@type\":\"SearchAction\",\"target\":{\"@type\":\"EntryPoint\",\"urlTemplate\":\"https:\/\/www.ghostysky.com\/?s={search_term_string}\"},\"query-input\":{\"@type\":\"PropertyValueSpecification\",\"valueRequired\":true,\"valueName\":\"search_term_string\"}}],\"inLanguage\":\"es\"},{\"@type\":\"Organization\",\"@id\":\"https:\/\/www.ghostysky.com\/#organization\",\"name\":\"Ghostysky\",\"url\":\"https:\/\/www.ghostysky.com\/\",\"logo\":{\"@type\":\"ImageObject\",\"inLanguage\":\"es\",\"@id\":\"https:\/\/www.ghostysky.com\/#\/schema\/logo\/image\/\",\"url\":\"https:\/\/www.ghostysky.com\/wp-content\/uploads\/2020\/06\/cropped-ghostyskylogo_text_white2.png\",\"contentUrl\":\"https:\/\/www.ghostysky.com\/wp-content\/uploads\/2020\/06\/cropped-ghostyskylogo_text_white2.png\",\"width\":169,\"height\":56,\"caption\":\"Ghostysky\"},\"image\":{\"@id\":\"https:\/\/www.ghostysky.com\/#\/schema\/logo\/image\/\"},\"sameAs\":[\"https:\/\/www.facebook.com\/people\/Ghostysky\/100057676170234\/\",\"https:\/\/x.com\/Gh0stysky\",\"https:\/\/www.linkedin.com\/company\/34739653\",\"https:\/\/www.instagram.com\/gh0stysky\"]}]}<\/script>\n<!-- \/ Yoast SEO plugin. -->","yoast_head_json":{"title":"Hesai AT128P - Cielo fantasmal","description":"El Hesai AT128P es un LiDAR h\u00edbrido de estado s\u00f3lido de alto rendimiento y grado automotriz, dise\u00f1ado espec\u00edficamente para Sistemas Avanzados de Asistencia al Conductor (ADAS) y conducci\u00f3n aut\u00f3noma. Como evoluci\u00f3n de la serie AT, el modelo &quot;P&quot; se centra en la ultraalta resoluci\u00f3n y la detecci\u00f3n de largo alcance, actuando como los &quot;ojos&quot; de los veh\u00edculos aut\u00f3nomos L3+.","robots":{"index":"index","follow":"follow","max-snippet":"max-snippet:-1","max-image-preview":"max-image-preview:large","max-video-preview":"max-video-preview:-1"},"canonical":"https:\/\/www.ghostysky.com\/es\/producto-2\/hesai-at128p\/","og_locale":"es_ES","og_type":"article","og_title":"Hesai AT128P - Ghostysky","og_description":"The Hesai AT128P is a high-performance, automotive-grade hybrid solid-state LiDAR designed specifically for Advanced Driver Assistance Systems (ADAS) and autonomous driving. As an evolution within the AT series, the \"P\" model emphasizes ultra-high resolution and long-range detection, acting as the \"eyes\" for L3+ autonomous vehicles.","og_url":"https:\/\/www.ghostysky.com\/es\/producto-2\/hesai-at128p\/","og_site_name":"Ghostysky","article_publisher":"https:\/\/www.facebook.com\/people\/Ghostysky\/100057676170234\/","article_modified_time":"2026-04-07T14:08:14+00:00","og_image":[{"width":1920,"height":1920,"url":"https:\/\/www.ghostysky.com\/wp-content\/uploads\/2026\/01\/GH_Hesai_AT128P_1.jpg","type":"image\/jpeg"}],"twitter_card":"summary_large_image","twitter_site":"@Gh0stysky","twitter_misc":{"Tiempo de lectura":"2 minutos"},"schema":{"@context":"https:\/\/schema.org","@graph":[{"@type":"WebPage","@id":"https:\/\/www.ghostysky.com\/product\/hesai-at128p\/","url":"https:\/\/www.ghostysky.com\/product\/hesai-at128p\/","name":"Hesai AT128P - Cielo fantasmal","isPartOf":{"@id":"https:\/\/www.ghostysky.com\/#website"},"primaryImageOfPage":{"@id":"https:\/\/www.ghostysky.com\/product\/hesai-at128p\/#primaryimage"},"image":{"@id":"https:\/\/www.ghostysky.com\/product\/hesai-at128p\/#primaryimage"},"thumbnailUrl":"https:\/\/www.ghostysky.com\/wp-content\/uploads\/2026\/01\/GH_Hesai_AT128P_1.jpg","datePublished":"2026-01-24T12:08:27+00:00","dateModified":"2026-04-07T14:08:14+00:00","description":"El Hesai AT128P es un LiDAR h\u00edbrido de estado s\u00f3lido de alto rendimiento y grado automotriz, dise\u00f1ado espec\u00edficamente para Sistemas Avanzados de Asistencia al Conductor (ADAS) y conducci\u00f3n aut\u00f3noma. Como evoluci\u00f3n de la serie AT, el modelo &quot;P&quot; se centra en la ultraalta resoluci\u00f3n y la detecci\u00f3n de largo alcance, actuando como los &quot;ojos&quot; de los veh\u00edculos aut\u00f3nomos L3+.","breadcrumb":{"@id":"https:\/\/www.ghostysky.com\/product\/hesai-at128p\/#breadcrumb"},"inLanguage":"es","potentialAction":[{"@type":"ReadAction","target":["https:\/\/www.ghostysky.com\/product\/hesai-at128p\/"]}]},{"@type":"ImageObject","inLanguage":"es","@id":"https:\/\/www.ghostysky.com\/product\/hesai-at128p\/#primaryimage","url":"https:\/\/www.ghostysky.com\/wp-content\/uploads\/2026\/01\/GH_Hesai_AT128P_1.jpg","contentUrl":"https:\/\/www.ghostysky.com\/wp-content\/uploads\/2026\/01\/GH_Hesai_AT128P_1.jpg","width":1920,"height":1920},{"@type":"BreadcrumbList","@id":"https:\/\/www.ghostysky.com\/product\/hesai-at128p\/#breadcrumb","itemListElement":[{"@type":"ListItem","position":1,"name":"Home","item":"https:\/\/www.ghostysky.com\/"},{"@type":"ListItem","position":2,"name":"Shop","item":"https:\/\/www.ghostysky.com\/shop\/"},{"@type":"ListItem","position":3,"name":"Hesai AT128P"}]},{"@type":"WebSite","@id":"https:\/\/www.ghostysky.com\/#website","url":"https:\/\/www.ghostysky.com\/","name":"Ghostysky","description":"Entrega de drones y servicios profesionales","publisher":{"@id":"https:\/\/www.ghostysky.com\/#organization"},"potentialAction":[{"@type":"SearchAction","target":{"@type":"EntryPoint","urlTemplate":"https:\/\/www.ghostysky.com\/?s={search_term_string}"},"query-input":{"@type":"PropertyValueSpecification","valueRequired":true,"valueName":"search_term_string"}}],"inLanguage":"es"},{"@type":"Organization","@id":"https:\/\/www.ghostysky.com\/#organization","name":"Ghostysky","url":"https:\/\/www.ghostysky.com\/","logo":{"@type":"ImageObject","inLanguage":"es","@id":"https:\/\/www.ghostysky.com\/#\/schema\/logo\/image\/","url":"https:\/\/www.ghostysky.com\/wp-content\/uploads\/2020\/06\/cropped-ghostyskylogo_text_white2.png","contentUrl":"https:\/\/www.ghostysky.com\/wp-content\/uploads\/2020\/06\/cropped-ghostyskylogo_text_white2.png","width":169,"height":56,"caption":"Ghostysky"},"image":{"@id":"https:\/\/www.ghostysky.com\/#\/schema\/logo\/image\/"},"sameAs":["https:\/\/www.facebook.com\/people\/Ghostysky\/100057676170234\/","https:\/\/x.com\/Gh0stysky","https:\/\/www.linkedin.com\/company\/34739653","https:\/\/www.instagram.com\/gh0stysky"]}]}},"_links":{"self":[{"href":"https:\/\/www.ghostysky.com\/es\/wp-json\/wp\/v2\/product\/23746","targetHints":{"allow":["GET"]}}],"collection":[{"href":"https:\/\/www.ghostysky.com\/es\/wp-json\/wp\/v2\/product"}],"about":[{"href":"https:\/\/www.ghostysky.com\/es\/wp-json\/wp\/v2\/types\/product"}],"replies":[{"embeddable":true,"href":"https:\/\/www.ghostysky.com\/es\/wp-json\/wp\/v2\/comments?post=23746"}],"wp:featuredmedia":[{"embeddable":true,"href":"https:\/\/www.ghostysky.com\/es\/wp-json\/wp\/v2\/media\/23750"}],"wp:attachment":[{"href":"https:\/\/www.ghostysky.com\/es\/wp-json\/wp\/v2\/media?parent=23746"}],"wp:term":[{"taxonomy":"product_brand","embeddable":true,"href":"https:\/\/www.ghostysky.com\/es\/wp-json\/wp\/v2\/product_brand?post=23746"},{"taxonomy":"product_cat","embeddable":true,"href":"https:\/\/www.ghostysky.com\/es\/wp-json\/wp\/v2\/product_cat?post=23746"},{"taxonomy":"product_tag","embeddable":true,"href":"https:\/\/www.ghostysky.com\/es\/wp-json\/wp\/v2\/product_tag?post=23746"}],"curies":[{"name":"wp","href":"https:\/\/api.w.org\/{rel}","templated":true}]}}