{"id":23758,"date":"2026-01-24T12:24:07","date_gmt":"2026-01-24T12:24:07","guid":{"rendered":"https:\/\/www.ghostysky.com\/?post_type=product&#038;p=23758"},"modified":"2026-04-07T14:03:54","modified_gmt":"2026-04-07T14:03:54","slug":"hesai-jt16","status":"publish","type":"product","link":"https:\/\/www.ghostysky.com\/es\/product\/hesai-jt16\/","title":{"rendered":"Hesai JT16"},"content":{"rendered":"<h3 data-path-to-node=\"2\">Caracter\u00edsticas y capacidades clave<\/h3>\n<ul data-path-to-node=\"3\">\n<li>\n<p data-path-to-node=\"3,0,0\"><b data-path-to-node=\"3,0,0\" data-index-in-node=\"0\">Factor de forma ultracompacto:<\/b><span class=\"citation-78\"> El JT16 es aproximadamente <\/span><b data-path-to-node=\"3,0,0\" data-index-in-node=\"47\"><span class=\"citation-78\">70% m\u00e1s peque\u00f1o<\/span><\/b><span class=\"citation-78\"> en volumen y <\/span><b data-path-to-node=\"3,0,0\" data-index-in-node=\"73\"><span class=\"citation-78\">Encendedor 47%<\/span><\/b><span class=\"citation-78 citation-end-78\"> que productos comparables.<\/span> <span class=\"citation-77 citation-end-77\">Su tama\u00f1o miniatura (s\u00f3lo 55 mm de di\u00e1metro) permite integrarlo en peque\u00f1os robots de servicio, cortadoras de c\u00e9sped o equipos industriales con una altura de ventana expuesta de s\u00f3lo 20 mm.<\/span><\/p>\n<\/li>\n<li>\n<p data-path-to-node=\"3,1,0\"><b data-path-to-node=\"3,1,0\" data-index-in-node=\"0\"><span class=\"citation-76\">Percepci\u00f3n de 360\u00b0 \u00d7 40\u00b0:<\/span><\/b><span class=\"citation-76 citation-end-76\"> Proporciona un campo de visi\u00f3n horizontal completo de 360\u00b0 y un campo de visi\u00f3n vertical de 40\u00b0, mejorando de manera efectiva la percepci\u00f3n del robot desde un \u00fanico plano 2D a un rico entorno 3D para evitar mejor los obst\u00e1culos.<\/span><\/p>\n<\/li>\n<li>\n<p data-path-to-node=\"3,2,0\"><b data-path-to-node=\"3,2,0\" data-index-in-node=\"0\"><span class=\"citation-75\">Detecci\u00f3n m\u00ednima \u201ccero\u201d:<\/span><\/b><span class=\"citation-75 citation-end-75\"> El sensor tiene un punto ciego casi nulo, lo que significa que puede detectar objetos en proximidad inmediata, algo fundamental para los robots que navegan en espacios reducidos como pasillos de almacenes o aceras llenas de gente.<\/span><\/p>\n<\/li>\n<li>\n<p data-path-to-node=\"3,3,0\"><b data-path-to-node=\"3,3,0\" data-index-in-node=\"0\">Fiabilidad en todo tipo de clima:<\/b><span class=\"citation-74\"> Equipado con procesamiento de forma de onda patentado, puede filtrar <\/span><b data-path-to-node=\"3,3,0\" data-index-in-node=\"90\"><span class=\"citation-74\">99,9% de ruido<\/span><\/b><span class=\"citation-74 citation-end-74\"> de la lluvia y la niebla.<\/span> <span class=\"citation-73 citation-end-73\">Tambi\u00e9n cuenta con una funci\u00f3n de \u201cinspecci\u00f3n inteligente\u201d que detecta la contaminaci\u00f3n de la lente de la cubierta (barro, hielo o polvo) y alerta al sistema.<\/span><\/p>\n<\/li>\n<li>\n<p data-path-to-node=\"3,4,0\"><b data-path-to-node=\"3,4,0\" data-index-in-node=\"0\"><span class=\"citation-72\">IMU incorporada:<\/span><\/b><span class=\"citation-72 citation-end-72\"> Incluye una unidad de medici\u00f3n inercial interna para proporcionar compensaci\u00f3n de movimiento y ayudar en SLAM (localizaci\u00f3n y mapeo simult\u00e1neos).<\/span><\/p>\n<div class=\"source-inline-chip-container ng-star-inserted\"><\/div>\n<p>&nbsp;<\/li>\n<\/ul>\n<h3 data-path-to-node=\"5\">Especificaciones t\u00e9cnicas<\/h3>\n<table data-path-to-node=\"6\">\n<thead>\n<tr>\n<td><strong>Caracter\u00edstica<\/strong><\/td>\n<td><strong>Especificaci\u00f3n<\/strong><\/td>\n<\/tr>\n<\/thead>\n<tbody>\n<tr>\n<td><span data-path-to-node=\"6,1,0,0\"><b data-path-to-node=\"6,1,0,0\" data-index-in-node=\"0\">Canales<\/b><\/span><\/td>\n<td><span data-path-to-node=\"6,1,1,0\">16<\/span><\/td>\n<\/tr>\n<tr>\n<td><span data-path-to-node=\"6,2,0,0\"><b data-path-to-node=\"6,2,0,0\" data-index-in-node=\"0\">Rango de detecci\u00f3n<\/b><\/span><\/td>\n<td><span data-path-to-node=\"6,2,1,0\">0,1 m a 100 m (30 m a 10% de reflectividad)<\/span><\/td>\n<\/tr>\n<tr>\n<td><span data-path-to-node=\"6,3,0,0\"><b data-path-to-node=\"6,3,0,0\" data-index-in-node=\"0\">Precisi\u00f3n del rango<\/b><\/span><\/td>\n<td><span data-path-to-node=\"6,3,1,0\">\u00b13 cm (t\u00edpico)<\/span><\/td>\n<\/tr>\n<tr>\n<td><span data-path-to-node=\"6,4,0,0\"><b data-path-to-node=\"6,4,0,0\" data-index-in-node=\"0\">Campo de visi\u00f3n horizontal<\/b><\/span><\/td>\n<td><span data-path-to-node=\"6,4,1,0\">360\u00b0<\/span><\/td>\n<\/tr>\n<tr>\n<td><span data-path-to-node=\"6,5,0,0\"><b data-path-to-node=\"6,5,0,0\" data-index-in-node=\"0\">Campo de visi\u00f3n vertical<\/b><\/span><\/td>\n<td><span data-path-to-node=\"6,5,1,0\">40\u00b0 (0\u00b0 a 40\u00b0)<\/span><\/td>\n<\/tr>\n<tr>\n<td><span data-path-to-node=\"6,6,0,0\"><b data-path-to-node=\"6,6,0,0\" data-index-in-node=\"0\">Resoluci\u00f3n angular<\/b><\/span><\/td>\n<td><span data-path-to-node=\"6,6,1,0\">0,6\u00b0 (alto) \u00d7 2,67\u00b0 (vertical)<\/span><\/td>\n<\/tr>\n<tr>\n<td><span data-path-to-node=\"6,7,0,0\"><b data-path-to-node=\"6,7,0,0\" data-index-in-node=\"0\">El consumo de energ\u00eda<\/b><\/span><\/td>\n<td><span data-path-to-node=\"6,7,1,0\">~4,3 W<\/span><\/td>\n<\/tr>\n<tr>\n<td><span data-path-to-node=\"6,8,0,0\"><b data-path-to-node=\"6,8,0,0\" data-index-in-node=\"0\">Dimensiones<\/b><\/span><\/td>\n<td><span data-path-to-node=\"6,8,1,0\">\u03a6 55 mm \u00d7 Al 64 mm<\/span><\/td>\n<\/tr>\n<tr>\n<td><span data-path-to-node=\"6,9,0,0\"><b data-path-to-node=\"6,9,0,0\" data-index-in-node=\"0\">Peso<\/b><\/span><\/td>\n<td><span data-path-to-node=\"6,9,1,0\">&lt; 200 gramos<\/span><\/td>\n<\/tr>\n<tr>\n<td><span data-path-to-node=\"6,10,0,0\"><b data-path-to-node=\"6,10,0,0\" data-index-in-node=\"0\">Clasificaci\u00f3n de protecci\u00f3n<\/b><\/span><\/td>\n<td><span data-path-to-node=\"6,10,1,0\">IP6K7 \/ IP6K9K (a prueba de polvo\/resistente al agua)<\/span><\/td>\n<\/tr>\n<\/tbody>\n<\/table>\n<p>&nbsp;<\/p>\n<p>&nbsp;<\/p>\n<h3 data-path-to-node=\"8\">Aplicaciones principales<\/h3>\n<p data-path-to-node=\"9\">El JT16 es muy vers\u00e1til, pero brilla en los siguientes sectores \u201cinteligentes\u201d:<\/p>\n<ul data-path-to-node=\"10\">\n<li>\n<p data-path-to-node=\"10,0,0\"><b data-path-to-node=\"10,0,0\" data-index-in-node=\"0\">Entrega de \u00faltima milla:<\/b> Peque\u00f1as c\u00e1psulas y drones aut\u00f3nomos.<\/p>\n<\/li>\n<li>\n<p data-path-to-node=\"10,1,0\"><b data-path-to-node=\"10,1,0\" data-index-in-node=\"0\"><span class=\"citation-71\">Hogar y jard\u00edn inteligentes:<\/span><\/b><span class=\"citation-71 citation-end-71\"> Cortadoras de c\u00e9sped rob\u00f3ticas (que reemplazan o complementan el GPS\/RTK).<\/span><\/p>\n<\/li>\n<li>\n<p data-path-to-node=\"10,2,0\"><b data-path-to-node=\"10,2,0\" data-index-in-node=\"0\">Log\u00edstica y almacenamiento:<\/b><span class=\"citation-70 citation-end-70\"> AGVs (veh\u00edculos guiados autom\u00e1ticos) y AMRs (robots m\u00f3viles aut\u00f3nomos).<\/span><\/p>\n<\/li>\n<li>\n<p data-path-to-node=\"10,3,0\"><b data-path-to-node=\"10,3,0\" data-index-in-node=\"0\"><span class=\"citation-69\">Rob\u00f3tica de servicio:<\/span><\/b><span class=\"citation-69 citation-end-69\"> Robots limpiadores de suelos comerciales y de reparto a hoteles.<\/span><\/p>\n<\/li>\n<\/ul>\n<blockquote data-path-to-node=\"11\">\n<p data-path-to-node=\"11,0\"><b data-path-to-node=\"11,0\" data-index-in-node=\"0\">Nota del experto:<\/b> A diferencia del modelo de gama alta JT128, que ofrece un enorme campo de visi\u00f3n vertical \u201chiperhemisf\u00e9rico\u201d de 187\u00b0, el JT16 se centra en la rentabilidad y el ahorro de energ\u00eda para robots que necesitan ver principalmente lo que est\u00e1 directamente frente a ellos y a su alrededor.<\/p>\n<\/blockquote>","protected":false},"excerpt":{"rendered":"<p><span class=\"citation-80\">El <\/span><b data-path-to-node=\"0\" data-index-in-node=\"4\"><span class=\"citation-80\">Hesai JT16<\/span><\/b><span class=\"citation-80 citation-end-80\"> es un mini sensor LiDAR 3D de alto rendimiento dise\u00f1ado espec\u00edficamente para rob\u00f3tica y automatizaci\u00f3n industrial.<\/span> <span class=\"citation-79 citation-end-79\">Lanzado como parte de la serie JT de Hesai, est\u00e1 dise\u00f1ado para cerrar la brecha entre los esc\u00e1neres 2D tradicionales y los voluminosos LiDAR 3D, ofreciendo una soluci\u00f3n compacta y rentable para la percepci\u00f3n de corto alcance.<\/span><\/p>","protected":false},"featured_media":23760,"comment_status":"open","ping_status":"closed","template":"","meta":[],"product_brand":[1338],"product_cat":[1337,1037,1040],"product_tag":[1339,1340],"class_list":{"0":"post-23758","1":"product","2":"type-product","3":"status-publish","4":"has-post-thumbnail","6":"product_brand-hesai","7":"product_cat-hesai-lidars","8":"product_cat-robotics","9":"product_cat-sensors-robotics","10":"product_tag-hesai","11":"product_tag-hesai-lidars","13":"first","14":"onbackorder","15":"taxable","16":"shipping-taxable","17":"purchasable","18":"product-type-simple"},"yoast_head":"<!-- This site is optimized with the Yoast SEO plugin v27.1.1 - https:\/\/yoast.com\/product\/yoast-seo-wordpress\/ -->\n<title>Hesai JT16 - Ghostysky<\/title>\n<meta name=\"description\" content=\"The Hesai JT16 is a high-performance, mini 3D LiDAR sensor specifically engineered for robotics and industrial automation. Launched as part of Hesai&#039;s JT series, it is designed to bridge the gap between traditional 2D scanners and bulky 3D LiDARs, offering a compact, cost-effective solution for short-range perception.\" \/>\n<meta name=\"robots\" content=\"index, follow, max-snippet:-1, max-image-preview:large, max-video-preview:-1\" \/>\n<link rel=\"canonical\" href=\"https:\/\/www.ghostysky.com\/es\/producto-2\/hesai-jt16\/\" \/>\n<meta property=\"og:locale\" content=\"es_ES\" \/>\n<meta property=\"og:type\" content=\"article\" \/>\n<meta property=\"og:title\" content=\"Hesai JT16 - Ghostysky\" \/>\n<meta property=\"og:description\" content=\"The Hesai JT16 is a high-performance, mini 3D LiDAR sensor specifically engineered for robotics and industrial automation. Launched as part of Hesai&#039;s JT series, it is designed to bridge the gap between traditional 2D scanners and bulky 3D LiDARs, offering a compact, cost-effective solution for short-range perception.\" \/>\n<meta property=\"og:url\" content=\"https:\/\/www.ghostysky.com\/es\/producto-2\/hesai-jt16\/\" \/>\n<meta property=\"og:site_name\" content=\"Ghostysky\" \/>\n<meta property=\"article:publisher\" content=\"https:\/\/www.facebook.com\/people\/Ghostysky\/100057676170234\/\" \/>\n<meta property=\"article:modified_time\" content=\"2026-04-07T14:03:54+00:00\" \/>\n<meta property=\"og:image\" content=\"https:\/\/www.ghostysky.com\/wp-content\/uploads\/2026\/01\/GH_Hesai_JT16_0.webp\" \/>\n\t<meta property=\"og:image:width\" content=\"600\" \/>\n\t<meta property=\"og:image:height\" content=\"600\" \/>\n\t<meta property=\"og:image:type\" content=\"image\/webp\" \/>\n<meta name=\"twitter:card\" content=\"summary_large_image\" \/>\n<meta name=\"twitter:site\" content=\"@Gh0stysky\" \/>\n<meta name=\"twitter:label1\" content=\"Tiempo de lectura\" \/>\n\t<meta name=\"twitter:data1\" content=\"2 minutos\" \/>\n<script type=\"application\/ld+json\" class=\"yoast-schema-graph\">{\"@context\":\"https:\/\/schema.org\",\"@graph\":[{\"@type\":\"WebPage\",\"@id\":\"https:\/\/www.ghostysky.com\/product\/hesai-jt16\/\",\"url\":\"https:\/\/www.ghostysky.com\/product\/hesai-jt16\/\",\"name\":\"Hesai JT16 - Ghostysky\",\"isPartOf\":{\"@id\":\"https:\/\/www.ghostysky.com\/#website\"},\"primaryImageOfPage\":{\"@id\":\"https:\/\/www.ghostysky.com\/product\/hesai-jt16\/#primaryimage\"},\"image\":{\"@id\":\"https:\/\/www.ghostysky.com\/product\/hesai-jt16\/#primaryimage\"},\"thumbnailUrl\":\"https:\/\/www.ghostysky.com\/wp-content\/uploads\/2026\/01\/GH_Hesai_JT16_0.webp\",\"datePublished\":\"2026-01-24T12:24:07+00:00\",\"dateModified\":\"2026-04-07T14:03:54+00:00\",\"description\":\"The Hesai JT16 is a high-performance, mini 3D LiDAR sensor specifically engineered for robotics and industrial automation. Launched as part of Hesai's JT series, it is designed to bridge the gap between traditional 2D scanners and bulky 3D LiDARs, offering a compact, cost-effective solution for short-range perception.\",\"breadcrumb\":{\"@id\":\"https:\/\/www.ghostysky.com\/product\/hesai-jt16\/#breadcrumb\"},\"inLanguage\":\"es\",\"potentialAction\":[{\"@type\":\"ReadAction\",\"target\":[\"https:\/\/www.ghostysky.com\/product\/hesai-jt16\/\"]}]},{\"@type\":\"ImageObject\",\"inLanguage\":\"es\",\"@id\":\"https:\/\/www.ghostysky.com\/product\/hesai-jt16\/#primaryimage\",\"url\":\"https:\/\/www.ghostysky.com\/wp-content\/uploads\/2026\/01\/GH_Hesai_JT16_0.webp\",\"contentUrl\":\"https:\/\/www.ghostysky.com\/wp-content\/uploads\/2026\/01\/GH_Hesai_JT16_0.webp\",\"width\":600,\"height\":600},{\"@type\":\"BreadcrumbList\",\"@id\":\"https:\/\/www.ghostysky.com\/product\/hesai-jt16\/#breadcrumb\",\"itemListElement\":[{\"@type\":\"ListItem\",\"position\":1,\"name\":\"Home\",\"item\":\"https:\/\/www.ghostysky.com\/\"},{\"@type\":\"ListItem\",\"position\":2,\"name\":\"Shop\",\"item\":\"https:\/\/www.ghostysky.com\/shop\/\"},{\"@type\":\"ListItem\",\"position\":3,\"name\":\"Hesai JT16\"}]},{\"@type\":\"WebSite\",\"@id\":\"https:\/\/www.ghostysky.com\/#website\",\"url\":\"https:\/\/www.ghostysky.com\/\",\"name\":\"Ghostysky\",\"description\":\"Delivering professional drones and services\",\"publisher\":{\"@id\":\"https:\/\/www.ghostysky.com\/#organization\"},\"potentialAction\":[{\"@type\":\"SearchAction\",\"target\":{\"@type\":\"EntryPoint\",\"urlTemplate\":\"https:\/\/www.ghostysky.com\/?s={search_term_string}\"},\"query-input\":{\"@type\":\"PropertyValueSpecification\",\"valueRequired\":true,\"valueName\":\"search_term_string\"}}],\"inLanguage\":\"es\"},{\"@type\":\"Organization\",\"@id\":\"https:\/\/www.ghostysky.com\/#organization\",\"name\":\"Ghostysky\",\"url\":\"https:\/\/www.ghostysky.com\/\",\"logo\":{\"@type\":\"ImageObject\",\"inLanguage\":\"es\",\"@id\":\"https:\/\/www.ghostysky.com\/#\/schema\/logo\/image\/\",\"url\":\"https:\/\/www.ghostysky.com\/wp-content\/uploads\/2020\/06\/cropped-ghostyskylogo_text_white2.png\",\"contentUrl\":\"https:\/\/www.ghostysky.com\/wp-content\/uploads\/2020\/06\/cropped-ghostyskylogo_text_white2.png\",\"width\":169,\"height\":56,\"caption\":\"Ghostysky\"},\"image\":{\"@id\":\"https:\/\/www.ghostysky.com\/#\/schema\/logo\/image\/\"},\"sameAs\":[\"https:\/\/www.facebook.com\/people\/Ghostysky\/100057676170234\/\",\"https:\/\/x.com\/Gh0stysky\",\"https:\/\/www.linkedin.com\/company\/34739653\",\"https:\/\/www.instagram.com\/gh0stysky\"]}]}<\/script>\n<!-- \/ Yoast SEO plugin. -->","yoast_head_json":{"title":"Hesai JT16 - Cielo fantasmal","description":"El Hesai JT16 es un mini sensor LiDAR 3D de alto rendimiento, dise\u00f1ado espec\u00edficamente para rob\u00f3tica y automatizaci\u00f3n industrial. Lanzado como parte de la serie JT de Hesai, est\u00e1 dise\u00f1ado para acortar la distancia entre los esc\u00e1neres 2D tradicionales y los voluminosos LiDAR 3D, ofreciendo una soluci\u00f3n compacta y rentable para la percepci\u00f3n de corto alcance.","robots":{"index":"index","follow":"follow","max-snippet":"max-snippet:-1","max-image-preview":"max-image-preview:large","max-video-preview":"max-video-preview:-1"},"canonical":"https:\/\/www.ghostysky.com\/es\/producto-2\/hesai-jt16\/","og_locale":"es_ES","og_type":"article","og_title":"Hesai JT16 - Ghostysky","og_description":"The Hesai JT16 is a high-performance, mini 3D LiDAR sensor specifically engineered for robotics and industrial automation. Launched as part of Hesai's JT series, it is designed to bridge the gap between traditional 2D scanners and bulky 3D LiDARs, offering a compact, cost-effective solution for short-range perception.","og_url":"https:\/\/www.ghostysky.com\/es\/producto-2\/hesai-jt16\/","og_site_name":"Ghostysky","article_publisher":"https:\/\/www.facebook.com\/people\/Ghostysky\/100057676170234\/","article_modified_time":"2026-04-07T14:03:54+00:00","og_image":[{"width":600,"height":600,"url":"https:\/\/www.ghostysky.com\/wp-content\/uploads\/2026\/01\/GH_Hesai_JT16_0.webp","type":"image\/webp"}],"twitter_card":"summary_large_image","twitter_site":"@Gh0stysky","twitter_misc":{"Tiempo de lectura":"2 minutos"},"schema":{"@context":"https:\/\/schema.org","@graph":[{"@type":"WebPage","@id":"https:\/\/www.ghostysky.com\/product\/hesai-jt16\/","url":"https:\/\/www.ghostysky.com\/product\/hesai-jt16\/","name":"Hesai JT16 - Cielo fantasmal","isPartOf":{"@id":"https:\/\/www.ghostysky.com\/#website"},"primaryImageOfPage":{"@id":"https:\/\/www.ghostysky.com\/product\/hesai-jt16\/#primaryimage"},"image":{"@id":"https:\/\/www.ghostysky.com\/product\/hesai-jt16\/#primaryimage"},"thumbnailUrl":"https:\/\/www.ghostysky.com\/wp-content\/uploads\/2026\/01\/GH_Hesai_JT16_0.webp","datePublished":"2026-01-24T12:24:07+00:00","dateModified":"2026-04-07T14:03:54+00:00","description":"El Hesai JT16 es un mini sensor LiDAR 3D de alto rendimiento, dise\u00f1ado espec\u00edficamente para rob\u00f3tica y automatizaci\u00f3n industrial. Lanzado como parte de la serie JT de Hesai, est\u00e1 dise\u00f1ado para acortar la distancia entre los esc\u00e1neres 2D tradicionales y los voluminosos LiDAR 3D, ofreciendo una soluci\u00f3n compacta y rentable para la percepci\u00f3n de corto alcance.","breadcrumb":{"@id":"https:\/\/www.ghostysky.com\/product\/hesai-jt16\/#breadcrumb"},"inLanguage":"es","potentialAction":[{"@type":"ReadAction","target":["https:\/\/www.ghostysky.com\/product\/hesai-jt16\/"]}]},{"@type":"ImageObject","inLanguage":"es","@id":"https:\/\/www.ghostysky.com\/product\/hesai-jt16\/#primaryimage","url":"https:\/\/www.ghostysky.com\/wp-content\/uploads\/2026\/01\/GH_Hesai_JT16_0.webp","contentUrl":"https:\/\/www.ghostysky.com\/wp-content\/uploads\/2026\/01\/GH_Hesai_JT16_0.webp","width":600,"height":600},{"@type":"BreadcrumbList","@id":"https:\/\/www.ghostysky.com\/product\/hesai-jt16\/#breadcrumb","itemListElement":[{"@type":"ListItem","position":1,"name":"Home","item":"https:\/\/www.ghostysky.com\/"},{"@type":"ListItem","position":2,"name":"Shop","item":"https:\/\/www.ghostysky.com\/shop\/"},{"@type":"ListItem","position":3,"name":"Hesai JT16"}]},{"@type":"WebSite","@id":"https:\/\/www.ghostysky.com\/#website","url":"https:\/\/www.ghostysky.com\/","name":"Ghostysky","description":"Entrega de drones y servicios profesionales","publisher":{"@id":"https:\/\/www.ghostysky.com\/#organization"},"potentialAction":[{"@type":"SearchAction","target":{"@type":"EntryPoint","urlTemplate":"https:\/\/www.ghostysky.com\/?s={search_term_string}"},"query-input":{"@type":"PropertyValueSpecification","valueRequired":true,"valueName":"search_term_string"}}],"inLanguage":"es"},{"@type":"Organization","@id":"https:\/\/www.ghostysky.com\/#organization","name":"Ghostysky","url":"https:\/\/www.ghostysky.com\/","logo":{"@type":"ImageObject","inLanguage":"es","@id":"https:\/\/www.ghostysky.com\/#\/schema\/logo\/image\/","url":"https:\/\/www.ghostysky.com\/wp-content\/uploads\/2020\/06\/cropped-ghostyskylogo_text_white2.png","contentUrl":"https:\/\/www.ghostysky.com\/wp-content\/uploads\/2020\/06\/cropped-ghostyskylogo_text_white2.png","width":169,"height":56,"caption":"Ghostysky"},"image":{"@id":"https:\/\/www.ghostysky.com\/#\/schema\/logo\/image\/"},"sameAs":["https:\/\/www.facebook.com\/people\/Ghostysky\/100057676170234\/","https:\/\/x.com\/Gh0stysky","https:\/\/www.linkedin.com\/company\/34739653","https:\/\/www.instagram.com\/gh0stysky"]}]}},"_links":{"self":[{"href":"https:\/\/www.ghostysky.com\/es\/wp-json\/wp\/v2\/product\/23758","targetHints":{"allow":["GET"]}}],"collection":[{"href":"https:\/\/www.ghostysky.com\/es\/wp-json\/wp\/v2\/product"}],"about":[{"href":"https:\/\/www.ghostysky.com\/es\/wp-json\/wp\/v2\/types\/product"}],"replies":[{"embeddable":true,"href":"https:\/\/www.ghostysky.com\/es\/wp-json\/wp\/v2\/comments?post=23758"}],"wp:featuredmedia":[{"embeddable":true,"href":"https:\/\/www.ghostysky.com\/es\/wp-json\/wp\/v2\/media\/23760"}],"wp:attachment":[{"href":"https:\/\/www.ghostysky.com\/es\/wp-json\/wp\/v2\/media?parent=23758"}],"wp:term":[{"taxonomy":"product_brand","embeddable":true,"href":"https:\/\/www.ghostysky.com\/es\/wp-json\/wp\/v2\/product_brand?post=23758"},{"taxonomy":"product_cat","embeddable":true,"href":"https:\/\/www.ghostysky.com\/es\/wp-json\/wp\/v2\/product_cat?post=23758"},{"taxonomy":"product_tag","embeddable":true,"href":"https:\/\/www.ghostysky.com\/es\/wp-json\/wp\/v2\/product_tag?post=23758"}],"curies":[{"name":"wp","href":"https:\/\/api.w.org\/{rel}","templated":true}]}}