{"id":23765,"date":"2026-01-24T13:40:27","date_gmt":"2026-01-24T13:40:27","guid":{"rendered":"https:\/\/www.ghostysky.com\/?post_type=product&#038;p=23765"},"modified":"2026-04-07T14:04:09","modified_gmt":"2026-04-07T14:04:09","slug":"hesai-jt128","status":"publish","type":"product","link":"https:\/\/www.ghostysky.com\/es\/product\/hesai-jt128\/","title":{"rendered":"Hesai JT128"},"content":{"rendered":"<h3 data-path-to-node=\"2\">Caracter\u00edsticas principales y rendimiento<\/h3>\n<h3 data-path-to-node=\"3\">1. <b data-path-to-node=\"3\" data-index-in-node=\"3\">Campo de visi\u00f3n hiperhemisf\u00e9rico<\/b><\/h3>\n<p data-path-to-node=\"4\"><span class=\"citation-118\">La caracter\u00edstica destacada del JT128 es su enorme <\/span><b data-path-to-node=\"4\" data-index-in-node=\"49\"><span class=\"citation-118\">360\u00b0 x 189\u00b0<\/span><\/b><span class=\"citation-118 citation-end-118\"> campo de visi\u00f3n.<\/span><\/p>\n<ul data-path-to-node=\"5\">\n<li>\n<p data-path-to-node=\"5,0,0\"><b data-path-to-node=\"5,0,0\" data-index-in-node=\"0\"><span class=\"citation-117\">Cero puntos ciegos:<\/span><\/b><span class=\"citation-117 citation-end-117\"> Una sola unidad puede detectar simult\u00e1neamente el suelo, el \u00e1rea directamente frente a ella y los obst\u00e1culos elevados.<\/span><\/p>\n<\/li>\n<li>\n<p data-path-to-node=\"5,1,0\"><b data-path-to-node=\"5,1,0\" data-index-in-node=\"0\"><span class=\"citation-116\">Conciencia total:<\/span><\/b><span class=\"citation-116 citation-end-116\"> Proporciona un campo de visi\u00f3n vertical 60% m\u00e1s grande que la mayor\u00eda de los sensores hemisf\u00e9ricos comparables, lo que lo hace ideal para navegar en entornos interiores complejos o debajo de estructuras bajas.<\/span><\/p>\n<\/li>\n<\/ul>\n<h3 data-path-to-node=\"6\">2. <b data-path-to-node=\"6\" data-index-in-node=\"3\">Resoluci\u00f3n de 128 canales de alta densidad<\/b><\/h3>\n<p data-path-to-node=\"7\"><span class=\"citation-115 citation-end-115\">A pesar de su designaci\u00f3n \u201cmini\u201d, el JT128 no compromete la densidad de datos:<\/span><\/p>\n<ul data-path-to-node=\"8\">\n<li>\n<p data-path-to-node=\"8,0,0\"><b data-path-to-node=\"8,0,0\" data-index-in-node=\"0\">128 canales verticales:<\/b><span class=\"citation-114 citation-end-114\"> Proporciona nubes de puntos similares a im\u00e1genes para un reconocimiento preciso de obst\u00e1culos.<\/span><\/p>\n<\/li>\n<li>\n<p data-path-to-node=\"8,1,0\"><b data-path-to-node=\"8,1,0\" data-index-in-node=\"0\">Tasa de puntos altos:<\/b><span class=\"citation-113\"> Captura hasta <\/span><b data-path-to-node=\"8,1,0\" data-index-in-node=\"32\"><span class=\"citation-113\">1,15 millones de puntos por segundo<\/span><\/b><span class=\"citation-113 citation-end-113\"> (retorno \u00fanico), compatible con SLAM 3D (localizaci\u00f3n y mapeo simult\u00e1neos) r\u00e1pido y navegaci\u00f3n en tiempo real.<\/span><\/p>\n<\/li>\n<\/ul>\n<h3 data-path-to-node=\"9\">3. <b data-path-to-node=\"9\" data-index-in-node=\"3\">Dise\u00f1o compacto e integrado<\/b><\/h3>\n<p data-path-to-node=\"10\"><span class=\"citation-112 citation-end-112\">Hesai ha priorizado la facilidad de integraci\u00f3n para los dise\u00f1adores de hardware:<\/span><\/p>\n<ul data-path-to-node=\"11\">\n<li>\n<p data-path-to-node=\"11,0,0\"><b data-path-to-node=\"11,0,0\" data-index-in-node=\"0\">Huella peque\u00f1a:<\/b><span class=\"citation-111\"> Es aproximadamente 70% m\u00e1s peque\u00f1o que los sensores hemisf\u00e9ricos de la generaci\u00f3n anterior, y pesa solo <\/span><b data-path-to-node=\"11,0,0\" data-index-in-node=\"105\"><span class=\"citation-111\">250 g<\/span><\/b><span class=\"citation-111 citation-end-111\">.<\/span><\/p>\n<\/li>\n<li>\n<p data-path-to-node=\"11,1,0\"><b data-path-to-node=\"11,1,0\" data-index-in-node=\"0\"><span class=\"citation-110\">Perfil bajo:<\/span><\/b><span class=\"citation-110\"> Una vez instalado, la altura de la ventana expuesta puede ser tan baja como <\/span><b data-path-to-node=\"11,1,0\" data-index-in-node=\"72\"><span class=\"citation-110\">23,8 mil\u00edmetros<\/span><\/b><span class=\"citation-110 citation-end-110\">, lo que permite colocarlo perfectamente en el chasis de un robot o AGV.<\/span><\/p>\n<div class=\"source-inline-chip-container ng-star-inserted\"><\/div>\n<\/li>\n<\/ul>\n<h3 data-path-to-node=\"13\">Especificaciones t\u00e9cnicas<\/h3>\n<table data-path-to-node=\"14\">\n<thead>\n<tr>\n<td><strong>Caracter\u00edstica<\/strong><\/td>\n<td><strong>Especificaci\u00f3n<\/strong><\/td>\n<\/tr>\n<\/thead>\n<tbody>\n<tr>\n<td><span data-path-to-node=\"14,1,0,0\"><b data-path-to-node=\"14,1,0,0\" data-index-in-node=\"0\">Campo de visi\u00f3n horizontal<\/b><\/span><\/td>\n<td><span data-path-to-node=\"14,1,1,0\">360\u00b0<\/span><\/td>\n<\/tr>\n<tr>\n<td><span data-path-to-node=\"14,2,0,0\"><b data-path-to-node=\"14,2,0,0\" data-index-in-node=\"0\">Campo de visi\u00f3n vertical<\/b><\/span><\/td>\n<td><span data-path-to-node=\"14,2,1,0\">189\u00b0 (Hiperhemisf\u00e9rico)<\/span><\/td>\n<\/tr>\n<tr>\n<td><span data-path-to-node=\"14,3,0,0\"><b data-path-to-node=\"14,3,0,0\" data-index-in-node=\"0\">Canales<\/b><\/span><\/td>\n<td><span data-path-to-node=\"14,3,1,0\">128<\/span><\/td>\n<\/tr>\n<tr>\n<td><span data-path-to-node=\"14,4,0,0\"><b data-path-to-node=\"14,4,0,0\" data-index-in-node=\"0\">Rango (Reflectividad 10%)<\/b><\/span><\/td>\n<td><span data-path-to-node=\"14,4,1,0\">40 m (60 m m\u00e1ximo)<\/span><\/td>\n<\/tr>\n<tr>\n<td><span data-path-to-node=\"14,5,0,0\"><b data-path-to-node=\"14,5,0,0\" data-index-in-node=\"0\">Tasa de puntos<\/b><\/span><\/td>\n<td><span data-path-to-node=\"14,5,1,0\">~1.152.000 pts\/s (Sencillo) \/ 2.304.000 pts\/s (Doble)<\/span><\/td>\n<\/tr>\n<tr>\n<td><span data-path-to-node=\"14,6,0,0\"><b data-path-to-node=\"14,6,0,0\" data-index-in-node=\"0\">Dimensiones<\/b><\/span><\/td>\n<td><span data-path-to-node=\"14,6,1,0\">\u00a0Phi 62,5 mm x alto 73 mm<\/span><\/td>\n<\/tr>\n<tr>\n<td><span data-path-to-node=\"14,7,0,0\"><b data-path-to-node=\"14,7,0,0\" data-index-in-node=\"0\">Protecci\u00f3n de entrada<\/b><\/span><\/td>\n<td><span data-path-to-node=\"14,7,1,0\">IP6K7 y IP6K9K<\/span><\/td>\n<\/tr>\n<tr>\n<td><span data-path-to-node=\"14,8,0,0\"><b data-path-to-node=\"14,8,0,0\" data-index-in-node=\"0\">El consumo de energ\u00eda<\/b><\/span><\/td>\n<td><span data-path-to-node=\"14,8,1,0\">Optimizado para plataformas m\u00f3viles y de bajo consumo<\/span><\/td>\n<\/tr>\n<\/tbody>\n<\/table>\n<h2 data-path-to-node=\"16\"><\/h2>\n<h3 data-path-to-node=\"16\">Aplicaciones ideales<\/h3>\n<p data-path-to-node=\"17\"><span class=\"citation-109 citation-end-109\">El JT128 se posiciona como un sensor principal para \u201cInteligencia Incorporada\u201d y sistemas aut\u00f3nomos que requieren conciencia espacial 3D en espacios reducidos o din\u00e1micos:<\/span><\/p>\n<ul data-path-to-node=\"18\">\n<li>\n<p data-path-to-node=\"18,0,0\"><b data-path-to-node=\"18,0,0\" data-index-in-node=\"0\">Robots de entrega y servicio:<\/b> Navegando por aceras y vest\u00edbulos de edificios.<\/p>\n<\/li>\n<li>\n<p data-path-to-node=\"18,1,0\"><b data-path-to-node=\"18,1,0\" data-index-in-node=\"0\"><span class=\"citation-108\">AGV y AMR:<\/span><\/b><span class=\"citation-108 citation-end-108\"> Log\u00edstica de almac\u00e9n y manipulaci\u00f3n de palets eficiente.<\/span><\/p>\n<\/li>\n<li>\n<p data-path-to-node=\"18,2,0\"><b data-path-to-node=\"18,2,0\" data-index-in-node=\"0\">Robots de limpieza:<\/b><span class=\"citation-107 citation-end-107\"> Detecta escombros en el suelo y obst\u00e1culos a\u00e9reos simult\u00e1neamente.<\/span><\/p>\n<\/li>\n<li>\n<p data-path-to-node=\"18,3,0\"><b data-path-to-node=\"18,3,0\" data-index-in-node=\"0\">Rob\u00f3tica humanoide:<\/b> Proporcionar una amplia visi\u00f3n perif\u00e9rica para la interacci\u00f3n ambiental.<\/p>\n<\/li>\n<\/ul>","protected":false},"excerpt":{"rendered":"<p><span class=\"citation-120\">El <\/span><b data-path-to-node=\"0\" data-index-in-node=\"4\"><span class=\"citation-120\">Hesai JT128<\/span><\/b><span class=\"citation-120 citation-end-120\"> es un mini LiDAR 3D hiperhemisf\u00e9rico dise\u00f1ado espec\u00edficamente para la pr\u00f3xima generaci\u00f3n de rob\u00f3tica y automatizaci\u00f3n industrial.<\/span> <span class=\"citation-119 citation-end-119\">Lanzado en CES 2025, est\u00e1 dise\u00f1ado para resolver el problema del \u201cpunto ciego\u201d com\u00fan en la rob\u00f3tica m\u00f3vil al proporcionar un campo de visi\u00f3n ultra amplio en un formato notablemente compacto.<\/span><\/p>","protected":false},"featured_media":23769,"comment_status":"open","ping_status":"closed","template":"","meta":[],"product_brand":[1338],"product_cat":[1337,1037,1040],"product_tag":[1339,1340],"class_list":{"0":"post-23765","1":"product","2":"type-product","3":"status-publish","4":"has-post-thumbnail","6":"product_brand-hesai","7":"product_cat-hesai-lidars","8":"product_cat-robotics","9":"product_cat-sensors-robotics","10":"product_tag-hesai","11":"product_tag-hesai-lidars","13":"first","14":"onbackorder","15":"taxable","16":"shipping-taxable","17":"purchasable","18":"product-type-simple"},"yoast_head":"<!-- This site is optimized with the Yoast SEO plugin v27.1.1 - https:\/\/yoast.com\/product\/yoast-seo-wordpress\/ -->\n<title>Hesai JT128 - Ghostysky<\/title>\n<meta name=\"description\" content=\"The Hesai JT128 is a mini hyper-hemispherical 3D LiDAR specifically engineered for the next generation of robotics and industrial automation. Launched at CES 2025, it is designed to solve the &quot;blind spot&quot; problem common in mobile robotics by providing an ultra-wide field of view in a remarkably compact form factor.\" \/>\n<meta name=\"robots\" content=\"index, follow, max-snippet:-1, max-image-preview:large, max-video-preview:-1\" \/>\n<link rel=\"canonical\" href=\"https:\/\/www.ghostysky.com\/es\/producto-2\/hesai-jt128\/\" \/>\n<meta property=\"og:locale\" content=\"es_ES\" \/>\n<meta property=\"og:type\" content=\"article\" \/>\n<meta property=\"og:title\" content=\"Hesai JT128 - Ghostysky\" \/>\n<meta property=\"og:description\" content=\"The Hesai JT128 is a mini hyper-hemispherical 3D LiDAR specifically engineered for the next generation of robotics and industrial automation. Launched at CES 2025, it is designed to solve the &quot;blind spot&quot; problem common in mobile robotics by providing an ultra-wide field of view in a remarkably compact form factor.\" \/>\n<meta property=\"og:url\" content=\"https:\/\/www.ghostysky.com\/es\/producto-2\/hesai-jt128\/\" \/>\n<meta property=\"og:site_name\" content=\"Ghostysky\" \/>\n<meta property=\"article:publisher\" content=\"https:\/\/www.facebook.com\/people\/Ghostysky\/100057676170234\/\" \/>\n<meta property=\"article:modified_time\" content=\"2026-04-07T14:04:09+00:00\" \/>\n<meta property=\"og:image\" content=\"https:\/\/www.ghostysky.com\/wp-content\/uploads\/2026\/01\/GH_Hesai_Jt128_1.jpg\" \/>\n\t<meta property=\"og:image:width\" content=\"2160\" \/>\n\t<meta property=\"og:image:height\" content=\"2160\" \/>\n\t<meta property=\"og:image:type\" content=\"image\/jpeg\" \/>\n<meta name=\"twitter:card\" content=\"summary_large_image\" \/>\n<meta name=\"twitter:site\" content=\"@Gh0stysky\" \/>\n<meta name=\"twitter:label1\" content=\"Tiempo de lectura\" \/>\n\t<meta name=\"twitter:data1\" content=\"2 minutos\" \/>\n<script type=\"application\/ld+json\" class=\"yoast-schema-graph\">{\"@context\":\"https:\/\/schema.org\",\"@graph\":[{\"@type\":\"WebPage\",\"@id\":\"https:\/\/www.ghostysky.com\/product\/hesai-jt128\/\",\"url\":\"https:\/\/www.ghostysky.com\/product\/hesai-jt128\/\",\"name\":\"Hesai JT128 - Ghostysky\",\"isPartOf\":{\"@id\":\"https:\/\/www.ghostysky.com\/#website\"},\"primaryImageOfPage\":{\"@id\":\"https:\/\/www.ghostysky.com\/product\/hesai-jt128\/#primaryimage\"},\"image\":{\"@id\":\"https:\/\/www.ghostysky.com\/product\/hesai-jt128\/#primaryimage\"},\"thumbnailUrl\":\"https:\/\/www.ghostysky.com\/wp-content\/uploads\/2026\/01\/GH_Hesai_Jt128_1.jpg\",\"datePublished\":\"2026-01-24T13:40:27+00:00\",\"dateModified\":\"2026-04-07T14:04:09+00:00\",\"description\":\"The Hesai JT128 is a mini hyper-hemispherical 3D LiDAR specifically engineered for the next generation of robotics and industrial automation. Launched at CES 2025, it is designed to solve the \\\"blind spot\\\" problem common in mobile robotics by providing an ultra-wide field of view in a remarkably compact form factor.\",\"breadcrumb\":{\"@id\":\"https:\/\/www.ghostysky.com\/product\/hesai-jt128\/#breadcrumb\"},\"inLanguage\":\"es\",\"potentialAction\":[{\"@type\":\"ReadAction\",\"target\":[\"https:\/\/www.ghostysky.com\/product\/hesai-jt128\/\"]}]},{\"@type\":\"ImageObject\",\"inLanguage\":\"es\",\"@id\":\"https:\/\/www.ghostysky.com\/product\/hesai-jt128\/#primaryimage\",\"url\":\"https:\/\/www.ghostysky.com\/wp-content\/uploads\/2026\/01\/GH_Hesai_Jt128_1.jpg\",\"contentUrl\":\"https:\/\/www.ghostysky.com\/wp-content\/uploads\/2026\/01\/GH_Hesai_Jt128_1.jpg\",\"width\":2160,\"height\":2160},{\"@type\":\"BreadcrumbList\",\"@id\":\"https:\/\/www.ghostysky.com\/product\/hesai-jt128\/#breadcrumb\",\"itemListElement\":[{\"@type\":\"ListItem\",\"position\":1,\"name\":\"Home\",\"item\":\"https:\/\/www.ghostysky.com\/\"},{\"@type\":\"ListItem\",\"position\":2,\"name\":\"Shop\",\"item\":\"https:\/\/www.ghostysky.com\/shop\/\"},{\"@type\":\"ListItem\",\"position\":3,\"name\":\"Hesai JT128\"}]},{\"@type\":\"WebSite\",\"@id\":\"https:\/\/www.ghostysky.com\/#website\",\"url\":\"https:\/\/www.ghostysky.com\/\",\"name\":\"Ghostysky\",\"description\":\"Delivering professional drones and services\",\"publisher\":{\"@id\":\"https:\/\/www.ghostysky.com\/#organization\"},\"potentialAction\":[{\"@type\":\"SearchAction\",\"target\":{\"@type\":\"EntryPoint\",\"urlTemplate\":\"https:\/\/www.ghostysky.com\/?s={search_term_string}\"},\"query-input\":{\"@type\":\"PropertyValueSpecification\",\"valueRequired\":true,\"valueName\":\"search_term_string\"}}],\"inLanguage\":\"es\"},{\"@type\":\"Organization\",\"@id\":\"https:\/\/www.ghostysky.com\/#organization\",\"name\":\"Ghostysky\",\"url\":\"https:\/\/www.ghostysky.com\/\",\"logo\":{\"@type\":\"ImageObject\",\"inLanguage\":\"es\",\"@id\":\"https:\/\/www.ghostysky.com\/#\/schema\/logo\/image\/\",\"url\":\"https:\/\/www.ghostysky.com\/wp-content\/uploads\/2020\/06\/cropped-ghostyskylogo_text_white2.png\",\"contentUrl\":\"https:\/\/www.ghostysky.com\/wp-content\/uploads\/2020\/06\/cropped-ghostyskylogo_text_white2.png\",\"width\":169,\"height\":56,\"caption\":\"Ghostysky\"},\"image\":{\"@id\":\"https:\/\/www.ghostysky.com\/#\/schema\/logo\/image\/\"},\"sameAs\":[\"https:\/\/www.facebook.com\/people\/Ghostysky\/100057676170234\/\",\"https:\/\/x.com\/Gh0stysky\",\"https:\/\/www.linkedin.com\/company\/34739653\",\"https:\/\/www.instagram.com\/gh0stysky\"]}]}<\/script>\n<!-- \/ Yoast SEO plugin. -->","yoast_head_json":{"title":"Hesai JT128 - Cielo fantasmal","description":"El Hesai JT128 es un mini lidar 3D hiperhemisf\u00e9rico dise\u00f1ado espec\u00edficamente para la pr\u00f3xima generaci\u00f3n de rob\u00f3tica y automatizaci\u00f3n industrial. Presentado en el CES 2025, est\u00e1 dise\u00f1ado para resolver el problema del &quot;punto ciego&quot;, com\u00fan en la rob\u00f3tica m\u00f3vil, al proporcionar un campo de visi\u00f3n ultra amplio en un formato extraordinariamente compacto.","robots":{"index":"index","follow":"follow","max-snippet":"max-snippet:-1","max-image-preview":"max-image-preview:large","max-video-preview":"max-video-preview:-1"},"canonical":"https:\/\/www.ghostysky.com\/es\/producto-2\/hesai-jt128\/","og_locale":"es_ES","og_type":"article","og_title":"Hesai JT128 - Ghostysky","og_description":"The Hesai JT128 is a mini hyper-hemispherical 3D LiDAR specifically engineered for the next generation of robotics and industrial automation. Launched at CES 2025, it is designed to solve the \"blind spot\" problem common in mobile robotics by providing an ultra-wide field of view in a remarkably compact form factor.","og_url":"https:\/\/www.ghostysky.com\/es\/producto-2\/hesai-jt128\/","og_site_name":"Ghostysky","article_publisher":"https:\/\/www.facebook.com\/people\/Ghostysky\/100057676170234\/","article_modified_time":"2026-04-07T14:04:09+00:00","og_image":[{"width":2160,"height":2160,"url":"https:\/\/www.ghostysky.com\/wp-content\/uploads\/2026\/01\/GH_Hesai_Jt128_1.jpg","type":"image\/jpeg"}],"twitter_card":"summary_large_image","twitter_site":"@Gh0stysky","twitter_misc":{"Tiempo de lectura":"2 minutos"},"schema":{"@context":"https:\/\/schema.org","@graph":[{"@type":"WebPage","@id":"https:\/\/www.ghostysky.com\/product\/hesai-jt128\/","url":"https:\/\/www.ghostysky.com\/product\/hesai-jt128\/","name":"Hesai JT128 - Cielo fantasmal","isPartOf":{"@id":"https:\/\/www.ghostysky.com\/#website"},"primaryImageOfPage":{"@id":"https:\/\/www.ghostysky.com\/product\/hesai-jt128\/#primaryimage"},"image":{"@id":"https:\/\/www.ghostysky.com\/product\/hesai-jt128\/#primaryimage"},"thumbnailUrl":"https:\/\/www.ghostysky.com\/wp-content\/uploads\/2026\/01\/GH_Hesai_Jt128_1.jpg","datePublished":"2026-01-24T13:40:27+00:00","dateModified":"2026-04-07T14:04:09+00:00","description":"El Hesai JT128 es un mini lidar 3D hiperhemisf\u00e9rico dise\u00f1ado espec\u00edficamente para la pr\u00f3xima generaci\u00f3n de rob\u00f3tica y automatizaci\u00f3n industrial. Presentado en el CES 2025, est\u00e1 dise\u00f1ado para resolver el problema del &quot;punto ciego&quot;, com\u00fan en la rob\u00f3tica m\u00f3vil, al proporcionar un campo de visi\u00f3n ultra amplio en un formato extraordinariamente compacto.","breadcrumb":{"@id":"https:\/\/www.ghostysky.com\/product\/hesai-jt128\/#breadcrumb"},"inLanguage":"es","potentialAction":[{"@type":"ReadAction","target":["https:\/\/www.ghostysky.com\/product\/hesai-jt128\/"]}]},{"@type":"ImageObject","inLanguage":"es","@id":"https:\/\/www.ghostysky.com\/product\/hesai-jt128\/#primaryimage","url":"https:\/\/www.ghostysky.com\/wp-content\/uploads\/2026\/01\/GH_Hesai_Jt128_1.jpg","contentUrl":"https:\/\/www.ghostysky.com\/wp-content\/uploads\/2026\/01\/GH_Hesai_Jt128_1.jpg","width":2160,"height":2160},{"@type":"BreadcrumbList","@id":"https:\/\/www.ghostysky.com\/product\/hesai-jt128\/#breadcrumb","itemListElement":[{"@type":"ListItem","position":1,"name":"Home","item":"https:\/\/www.ghostysky.com\/"},{"@type":"ListItem","position":2,"name":"Shop","item":"https:\/\/www.ghostysky.com\/shop\/"},{"@type":"ListItem","position":3,"name":"Hesai JT128"}]},{"@type":"WebSite","@id":"https:\/\/www.ghostysky.com\/#website","url":"https:\/\/www.ghostysky.com\/","name":"Ghostysky","description":"Entrega de drones y servicios profesionales","publisher":{"@id":"https:\/\/www.ghostysky.com\/#organization"},"potentialAction":[{"@type":"SearchAction","target":{"@type":"EntryPoint","urlTemplate":"https:\/\/www.ghostysky.com\/?s={search_term_string}"},"query-input":{"@type":"PropertyValueSpecification","valueRequired":true,"valueName":"search_term_string"}}],"inLanguage":"es"},{"@type":"Organization","@id":"https:\/\/www.ghostysky.com\/#organization","name":"Ghostysky","url":"https:\/\/www.ghostysky.com\/","logo":{"@type":"ImageObject","inLanguage":"es","@id":"https:\/\/www.ghostysky.com\/#\/schema\/logo\/image\/","url":"https:\/\/www.ghostysky.com\/wp-content\/uploads\/2020\/06\/cropped-ghostyskylogo_text_white2.png","contentUrl":"https:\/\/www.ghostysky.com\/wp-content\/uploads\/2020\/06\/cropped-ghostyskylogo_text_white2.png","width":169,"height":56,"caption":"Ghostysky"},"image":{"@id":"https:\/\/www.ghostysky.com\/#\/schema\/logo\/image\/"},"sameAs":["https:\/\/www.facebook.com\/people\/Ghostysky\/100057676170234\/","https:\/\/x.com\/Gh0stysky","https:\/\/www.linkedin.com\/company\/34739653","https:\/\/www.instagram.com\/gh0stysky"]}]}},"_links":{"self":[{"href":"https:\/\/www.ghostysky.com\/es\/wp-json\/wp\/v2\/product\/23765","targetHints":{"allow":["GET"]}}],"collection":[{"href":"https:\/\/www.ghostysky.com\/es\/wp-json\/wp\/v2\/product"}],"about":[{"href":"https:\/\/www.ghostysky.com\/es\/wp-json\/wp\/v2\/types\/product"}],"replies":[{"embeddable":true,"href":"https:\/\/www.ghostysky.com\/es\/wp-json\/wp\/v2\/comments?post=23765"}],"wp:featuredmedia":[{"embeddable":true,"href":"https:\/\/www.ghostysky.com\/es\/wp-json\/wp\/v2\/media\/23769"}],"wp:attachment":[{"href":"https:\/\/www.ghostysky.com\/es\/wp-json\/wp\/v2\/media?parent=23765"}],"wp:term":[{"taxonomy":"product_brand","embeddable":true,"href":"https:\/\/www.ghostysky.com\/es\/wp-json\/wp\/v2\/product_brand?post=23765"},{"taxonomy":"product_cat","embeddable":true,"href":"https:\/\/www.ghostysky.com\/es\/wp-json\/wp\/v2\/product_cat?post=23765"},{"taxonomy":"product_tag","embeddable":true,"href":"https:\/\/www.ghostysky.com\/es\/wp-json\/wp\/v2\/product_tag?post=23765"}],"curies":[{"name":"wp","href":"https:\/\/api.w.org\/{rel}","templated":true}]}}