{"id":23774,"date":"2026-01-24T14:10:29","date_gmt":"2026-01-24T14:10:29","guid":{"rendered":"https:\/\/www.ghostysky.com\/?post_type=product&#038;p=23774"},"modified":"2026-04-07T14:11:19","modified_gmt":"2026-04-07T14:11:19","slug":"hesai-pandar128","status":"publish","type":"product","link":"https:\/\/www.ghostysky.com\/es\/product\/hesai-pandar128\/","title":{"rendered":"Hesai Pandar128"},"content":{"rendered":"<h3 data-path-to-node=\"3\">Caracter\u00edsticas clave<\/h3>\n<ul data-path-to-node=\"4\">\n<li>\n<p data-path-to-node=\"4,0,0\"><b data-path-to-node=\"4,0,0\" data-index-in-node=\"0\"><span class=\"citation-227\">Resoluci\u00f3n similar a la de una imagen:<\/span><\/b><span class=\"citation-227\"> Con 128 canales l\u00e1ser y una resoluci\u00f3n vertical tan fina como <\/span><b data-path-to-node=\"4,0,0\" data-index-in-node=\"84\"><span class=\"citation-227\">0,125\u00b0<\/span><\/b><span class=\"citation-227 citation-end-227\">Crea una nube de puntos densa que puede distinguir claramente entre peatones, ciclistas y peque\u00f1os escombros de la carretera a largas distancias.<\/span><\/p>\n<\/li>\n<li>\n<p data-path-to-node=\"4,1,0\"><b data-path-to-node=\"4,1,0\" data-index-in-node=\"0\">Capacidad de largo alcance:<\/b><span class=\"citation-226\"> Puede detectar objetos con baja reflectividad (10%) a distancias de hasta <\/span><b data-path-to-node=\"4,1,0\" data-index-in-node=\"92\"><span class=\"citation-226\">200 metros<\/span><\/b><span class=\"citation-226 citation-end-226\">, proporcionando a los veh\u00edculos el tiempo de reacci\u00f3n necesario para la conducci\u00f3n a alta velocidad en autopista.<\/span><\/p>\n<\/li>\n<li>\n<p data-path-to-node=\"4,2,0\"><b data-path-to-node=\"4,2,0\" data-index-in-node=\"0\"><span class=\"citation-225\">Rechazo de interferencias:<\/span><\/b><span class=\"citation-225 citation-end-225\"> Hesai utiliza tecnolog\u00eda patentada de \u201chuella digital\u201d para cada pulso, lo que garantiza que el sensor no quede \u201ccegado\u201d ni confundido por otras unidades LiDAR en situaciones de tr\u00e1fico intenso o con luz solar ambiental intensa.<\/span><\/p>\n<\/li>\n<li>\n<p data-path-to-node=\"4,3,0\"><b data-path-to-node=\"4,3,0\" data-index-in-node=\"0\">Ciberseguridad y seguridad:<\/b><span class=\"citation-224\"> Fue el primer LiDAR en obtener <\/span><b data-path-to-node=\"4,3,0\" data-index-in-node=\"57\"><span class=\"citation-224\">ISO\/SAE 21434<\/span><\/b><span class=\"citation-224 citation-end-224\"> certificaci\u00f3n de ciberseguridad, que incluye transmisi\u00f3n de datos cifrados para evitar manipulaciones o suplantaci\u00f3n de identidad.<\/span><\/p>\n<\/li>\n<li>\n<p data-path-to-node=\"4,4,0\"><b data-path-to-node=\"4,4,0\" data-index-in-node=\"0\"><span class=\"citation-223\">Dise\u00f1o robusto:<\/span><\/b><span class=\"citation-223\"> Construido para producci\u00f3n en masa, est\u00e1 clasificado <\/span><b data-path-to-node=\"4,4,0\" data-index-in-node=\"54\"><span class=\"citation-223\">IP6K7 y IP6K9K<\/span><\/b><span class=\"citation-223 citation-end-223\">, lo que lo hace resistente a chorros de agua a alta presi\u00f3n, polvo y temperaturas extremas (<\/span><span class=\"math-inline\" data-math=\"-40^\\circ C\" data-index-in-node=\"153\">-40\u00ba C<\/span><span class=\"citation-222 citation-end-222\"> a <\/span><span class=\"math-inline\" data-math=\"85^\\circ C\" data-index-in-node=\"168\">85\u00ba C<\/span><span class=\"citation-221 citation-end-221\">).<\/span><\/p>\n<p>&nbsp;<\/li>\n<\/ul>\n<h3 data-path-to-node=\"6\">Especificaciones t\u00e9cnicas<\/h3>\n<table data-path-to-node=\"7\">\n<thead>\n<tr>\n<td><strong>Par\u00e1metro<\/strong><\/td>\n<td><strong>Especificaci\u00f3n<\/strong><\/td>\n<\/tr>\n<\/thead>\n<tbody>\n<tr>\n<td><span data-path-to-node=\"7,1,0,0\"><b data-path-to-node=\"7,1,0,0\" data-index-in-node=\"0\">Canales<\/b><\/span><\/td>\n<td><span data-path-to-node=\"7,1,1,0\">128<\/span><\/td>\n<\/tr>\n<tr>\n<td><span data-path-to-node=\"7,2,0,0\"><b data-path-to-node=\"7,2,0,0\" data-index-in-node=\"0\">Rango de detecci\u00f3n<\/b><\/span><\/td>\n<td><span data-path-to-node=\"7,2,1,0\">0,3 m a 200 m (con reflectividad 10%)<\/span><\/td>\n<\/tr>\n<tr>\n<td><span data-path-to-node=\"7,3,0,0\"><b data-path-to-node=\"7,3,0,0\" data-index-in-node=\"0\">Precisi\u00f3n del rango<\/b><\/span><\/td>\n<td><span data-path-to-node=\"7,3,1,0\"><span class=\"math-inline\" data-math=\"\\pm 2\" data-index-in-node=\"0\">+-2<\/span>\u00a0cm (t\u00edpico)<\/span><\/td>\n<\/tr>\n<tr>\n<td><span data-path-to-node=\"7,4,0,0\"><b data-path-to-node=\"7,4,0,0\" data-index-in-node=\"0\">Campo de visi\u00f3n (horizontal)<\/b><\/span><\/td>\n<td><span data-path-to-node=\"7,4,1,0\"><span class=\"math-inline\" data-math=\"360^\\circ\" data-index-in-node=\"0\">360\u00ba<\/span><\/span><\/td>\n<\/tr>\n<tr>\n<td><span data-path-to-node=\"7,5,0,0\"><b data-path-to-node=\"7,5,0,0\" data-index-in-node=\"0\">Campo de visi\u00f3n (vertical)<\/b><\/span><\/td>\n<td><span data-path-to-node=\"7,5,1,0\"><span class=\"math-inline\" data-math=\"40^\\circ\" data-index-in-node=\"0\">40\u00ba<\/span> (<span class=\"math-inline\" data-math=\"-25^\\circ\" data-index-in-node=\"10\">-25\u00ba<\/span> a <span class=\"math-inline\" data-math=\"+15^\\circ\" data-index-in-node=\"23\">+15\u00ba<\/span>)<\/span><\/td>\n<\/tr>\n<tr>\n<td><span data-path-to-node=\"7,6,0,0\"><b data-path-to-node=\"7,6,0,0\" data-index-in-node=\"0\">Resoluci\u00f3n angular (H)<\/b><\/span><\/td>\n<td><span data-path-to-node=\"7,6,1,0\"><span class=\"math-inline\" data-math=\"0.1^\\circ\" data-index-in-node=\"0\">0,1\u00ba<\/span> (a 10 Hz) \/ <span class=\"math-inline\" data-math=\"0.2^\\circ\" data-index-in-node=\"23\">0,2\u00ba<\/span> (a 20 Hz)<\/span><\/td>\n<\/tr>\n<tr>\n<td><span data-path-to-node=\"7,7,0,0\"><b data-path-to-node=\"7,7,0,0\" data-index-in-node=\"0\">Resoluci\u00f3n angular (V)<\/b><\/span><\/td>\n<td><span data-path-to-node=\"7,7,1,0\"><span class=\"math-inline\" data-math=\"0.125^\\circ\" data-index-in-node=\"0\">0,125\u00ba<\/span> (centro) a <span class=\"math-inline\" data-math=\"1^\\circ\" data-index-in-node=\"24\">1\u00ba<\/span> (periferia)<\/span><\/td>\n<\/tr>\n<tr>\n<td><span data-path-to-node=\"7,8,0,0\"><b data-path-to-node=\"7,8,0,0\" data-index-in-node=\"0\">Tasa de puntos<\/b><\/span><\/td>\n<td><span data-path-to-node=\"7,8,1,0\">3,45 millones de pts\/seg (simple) \/ 6,91 millones de pts\/seg (doble)<\/span><\/td>\n<\/tr>\n<tr>\n<td><span data-path-to-node=\"7,9,0,0\"><b data-path-to-node=\"7,9,0,0\" data-index-in-node=\"0\">El consumo de energ\u00eda<\/b><\/span><\/td>\n<td><span data-path-to-node=\"7,9,1,0\">27 W (modo de alta resoluci\u00f3n)<\/span><\/td>\n<\/tr>\n<tr>\n<td><span data-path-to-node=\"7,10,0,0\"><b data-path-to-node=\"7,10,0,0\" data-index-in-node=\"0\">Peso<\/b><\/span><\/td>\n<td><span data-path-to-node=\"7,10,1,0\">~1,63 kilogramos<\/span><\/td>\n<\/tr>\n<\/tbody>\n<\/table>\n<p>&nbsp;<\/p>\n<h3 data-path-to-node=\"9\">Aplicaciones principales<\/h3>\n<ol start=\"1\" data-path-to-node=\"10\">\n<li>\n<p data-path-to-node=\"10,0,0\"><b data-path-to-node=\"10,0,0\" data-index-in-node=\"0\">Robotaxis y lanzaderas aut\u00f3nomas:<\/b> Proporciona el mapeo ambiental de alta densidad necesario para la navegaci\u00f3n urbana sin conductor.<\/p>\n<\/li>\n<li>\n<p data-path-to-node=\"10,1,0\"><b data-path-to-node=\"10,1,0\" data-index-in-node=\"0\">Transporte aut\u00f3nomo:<\/b> La capacidad de largo alcance es esencial para los camiones pesados que requieren distancias de frenado m\u00e1s largas.<\/p>\n<\/li>\n<li>\n<p data-path-to-node=\"10,2,0\"><b data-path-to-node=\"10,2,0\" data-index-in-node=\"0\">Mapeo HD:<\/b> Se utiliza para mapeo 3D de alta precisi\u00f3n de ciudades e infraestructura.<\/p>\n<\/li>\n<li>\n<p data-path-to-node=\"10,3,0\"><b data-path-to-node=\"10,3,0\" data-index-in-node=\"0\"><span class=\"citation-220\">Ciudades inteligentes:<\/span><\/b><span class=\"citation-220 citation-end-220\"> Monitoreo del flujo de tr\u00e1fico y la seguridad de los peatones en intersecciones complejas.<\/span><\/p>\n<\/li>\n<\/ol>","protected":false},"excerpt":{"rendered":"<p><span class=\"citation-229\">El <\/span><b data-path-to-node=\"0\" data-index-in-node=\"4\"><span class=\"citation-229\">Hesai Pandar128<\/span><\/b><span class=\"citation-229 citation-end-229\"> es un sensor LiDAR mec\u00e1nico insignia de grado automotriz dise\u00f1ado espec\u00edficamente para aplicaciones de conducci\u00f3n aut\u00f3noma L4 y L5.<\/span> <span class=\"citation-228 citation-end-228\">Es ampliamente considerado como uno de los sensores de 128 canales m\u00e1s avanzados del mercado, y ofrece una nube de puntos \u201ccasi fotogr\u00e1fica\u201d que permite la detecci\u00f3n y clasificaci\u00f3n de objetos a alta velocidad.<\/span><\/p>","protected":false},"featured_media":23772,"comment_status":"open","ping_status":"closed","template":"","meta":[],"product_brand":[1338],"product_cat":[1337,1037,1040],"product_tag":[1339,1340],"class_list":{"0":"post-23774","1":"product","2":"type-product","3":"status-publish","4":"has-post-thumbnail","6":"product_brand-hesai","7":"product_cat-hesai-lidars","8":"product_cat-robotics","9":"product_cat-sensors-robotics","10":"product_tag-hesai","11":"product_tag-hesai-lidars","13":"first","14":"onbackorder","15":"taxable","16":"shipping-taxable","17":"product-type-simple"},"yoast_head":"<!-- This site is optimized with the Yoast SEO plugin v27.1.1 - https:\/\/yoast.com\/product\/yoast-seo-wordpress\/ -->\n<title>Hesai Pandar128 - Ghostysky<\/title>\n<meta name=\"description\" content=\"The Hesai Pandar128 is a flagship, automotive-grade mechanical LiDAR sensor designed specifically for L4 and L5 autonomous driving applications. It is widely regarded as one of the most advanced 128-channel sensors on the market, offering a &quot;near-photographic&quot; point cloud that allows for high-speed object detection and classification.\" \/>\n<meta name=\"robots\" content=\"index, follow, max-snippet:-1, max-image-preview:large, max-video-preview:-1\" \/>\n<link rel=\"canonical\" href=\"https:\/\/www.ghostysky.com\/es\/producto-2\/hesai-pandar128\/\" \/>\n<meta property=\"og:locale\" content=\"es_ES\" \/>\n<meta property=\"og:type\" content=\"article\" \/>\n<meta property=\"og:title\" content=\"Hesai Pandar128 - Ghostysky\" \/>\n<meta property=\"og:description\" content=\"The Hesai Pandar128 is a flagship, automotive-grade mechanical LiDAR sensor designed specifically for L4 and L5 autonomous driving applications. It is widely regarded as one of the most advanced 128-channel sensors on the market, offering a &quot;near-photographic&quot; point cloud that allows for high-speed object detection and classification.\" \/>\n<meta property=\"og:url\" content=\"https:\/\/www.ghostysky.com\/es\/producto-2\/hesai-pandar128\/\" \/>\n<meta property=\"og:site_name\" content=\"Ghostysky\" \/>\n<meta property=\"article:publisher\" content=\"https:\/\/www.facebook.com\/people\/Ghostysky\/100057676170234\/\" \/>\n<meta property=\"article:modified_time\" content=\"2026-04-07T14:11:19+00:00\" \/>\n<meta property=\"og:image\" content=\"https:\/\/www.ghostysky.com\/wp-content\/uploads\/2026\/01\/GH_Hesai_OT128_1.jpg\" \/>\n\t<meta property=\"og:image:width\" content=\"225\" \/>\n\t<meta property=\"og:image:height\" content=\"225\" \/>\n\t<meta property=\"og:image:type\" content=\"image\/jpeg\" \/>\n<meta name=\"twitter:card\" content=\"summary_large_image\" \/>\n<meta name=\"twitter:site\" content=\"@Gh0stysky\" \/>\n<meta name=\"twitter:label1\" content=\"Tiempo de lectura\" \/>\n\t<meta name=\"twitter:data1\" content=\"2 minutos\" \/>\n<script type=\"application\/ld+json\" class=\"yoast-schema-graph\">{\"@context\":\"https:\/\/schema.org\",\"@graph\":[{\"@type\":\"WebPage\",\"@id\":\"https:\/\/www.ghostysky.com\/product\/hesai-pandar128\/\",\"url\":\"https:\/\/www.ghostysky.com\/product\/hesai-pandar128\/\",\"name\":\"Hesai Pandar128 - Ghostysky\",\"isPartOf\":{\"@id\":\"https:\/\/www.ghostysky.com\/#website\"},\"primaryImageOfPage\":{\"@id\":\"https:\/\/www.ghostysky.com\/product\/hesai-pandar128\/#primaryimage\"},\"image\":{\"@id\":\"https:\/\/www.ghostysky.com\/product\/hesai-pandar128\/#primaryimage\"},\"thumbnailUrl\":\"https:\/\/www.ghostysky.com\/wp-content\/uploads\/2026\/01\/GH_Hesai_OT128_1.jpg\",\"datePublished\":\"2026-01-24T14:10:29+00:00\",\"dateModified\":\"2026-04-07T14:11:19+00:00\",\"description\":\"The Hesai Pandar128 is a flagship, automotive-grade mechanical LiDAR sensor designed specifically for L4 and L5 autonomous driving applications. It is widely regarded as one of the most advanced 128-channel sensors on the market, offering a \\\"near-photographic\\\" point cloud that allows for high-speed object detection and classification.\",\"breadcrumb\":{\"@id\":\"https:\/\/www.ghostysky.com\/product\/hesai-pandar128\/#breadcrumb\"},\"inLanguage\":\"es\",\"potentialAction\":[{\"@type\":\"ReadAction\",\"target\":[\"https:\/\/www.ghostysky.com\/product\/hesai-pandar128\/\"]}]},{\"@type\":\"ImageObject\",\"inLanguage\":\"es\",\"@id\":\"https:\/\/www.ghostysky.com\/product\/hesai-pandar128\/#primaryimage\",\"url\":\"https:\/\/www.ghostysky.com\/wp-content\/uploads\/2026\/01\/GH_Hesai_OT128_1.jpg\",\"contentUrl\":\"https:\/\/www.ghostysky.com\/wp-content\/uploads\/2026\/01\/GH_Hesai_OT128_1.jpg\",\"width\":225,\"height\":225},{\"@type\":\"BreadcrumbList\",\"@id\":\"https:\/\/www.ghostysky.com\/product\/hesai-pandar128\/#breadcrumb\",\"itemListElement\":[{\"@type\":\"ListItem\",\"position\":1,\"name\":\"Home\",\"item\":\"https:\/\/www.ghostysky.com\/\"},{\"@type\":\"ListItem\",\"position\":2,\"name\":\"Shop\",\"item\":\"https:\/\/www.ghostysky.com\/shop\/\"},{\"@type\":\"ListItem\",\"position\":3,\"name\":\"Hesai Pandar128\"}]},{\"@type\":\"WebSite\",\"@id\":\"https:\/\/www.ghostysky.com\/#website\",\"url\":\"https:\/\/www.ghostysky.com\/\",\"name\":\"Ghostysky\",\"description\":\"Delivering professional drones and services\",\"publisher\":{\"@id\":\"https:\/\/www.ghostysky.com\/#organization\"},\"potentialAction\":[{\"@type\":\"SearchAction\",\"target\":{\"@type\":\"EntryPoint\",\"urlTemplate\":\"https:\/\/www.ghostysky.com\/?s={search_term_string}\"},\"query-input\":{\"@type\":\"PropertyValueSpecification\",\"valueRequired\":true,\"valueName\":\"search_term_string\"}}],\"inLanguage\":\"es\"},{\"@type\":\"Organization\",\"@id\":\"https:\/\/www.ghostysky.com\/#organization\",\"name\":\"Ghostysky\",\"url\":\"https:\/\/www.ghostysky.com\/\",\"logo\":{\"@type\":\"ImageObject\",\"inLanguage\":\"es\",\"@id\":\"https:\/\/www.ghostysky.com\/#\/schema\/logo\/image\/\",\"url\":\"https:\/\/www.ghostysky.com\/wp-content\/uploads\/2020\/06\/cropped-ghostyskylogo_text_white2.png\",\"contentUrl\":\"https:\/\/www.ghostysky.com\/wp-content\/uploads\/2020\/06\/cropped-ghostyskylogo_text_white2.png\",\"width\":169,\"height\":56,\"caption\":\"Ghostysky\"},\"image\":{\"@id\":\"https:\/\/www.ghostysky.com\/#\/schema\/logo\/image\/\"},\"sameAs\":[\"https:\/\/www.facebook.com\/people\/Ghostysky\/100057676170234\/\",\"https:\/\/x.com\/Gh0stysky\",\"https:\/\/www.linkedin.com\/company\/34739653\",\"https:\/\/www.instagram.com\/gh0stysky\"]}]}<\/script>\n<!-- \/ Yoast SEO plugin. -->","yoast_head_json":{"title":"Hesai Pandar128 - Cielo fantasmal","description":"El Hesai Pandar128 es un sensor LiDAR mec\u00e1nico de referencia para automoci\u00f3n, dise\u00f1ado espec\u00edficamente para aplicaciones de conducci\u00f3n aut\u00f3noma L4 y L5. Es ampliamente reconocido como uno de los sensores de 128 canales m\u00e1s avanzados del mercado, ofreciendo una nube de puntos casi fotogr\u00e1fica que permite la detecci\u00f3n y clasificaci\u00f3n de objetos a alta velocidad.","robots":{"index":"index","follow":"follow","max-snippet":"max-snippet:-1","max-image-preview":"max-image-preview:large","max-video-preview":"max-video-preview:-1"},"canonical":"https:\/\/www.ghostysky.com\/es\/producto-2\/hesai-pandar128\/","og_locale":"es_ES","og_type":"article","og_title":"Hesai Pandar128 - Ghostysky","og_description":"The Hesai Pandar128 is a flagship, automotive-grade mechanical LiDAR sensor designed specifically for L4 and L5 autonomous driving applications. It is widely regarded as one of the most advanced 128-channel sensors on the market, offering a \"near-photographic\" point cloud that allows for high-speed object detection and classification.","og_url":"https:\/\/www.ghostysky.com\/es\/producto-2\/hesai-pandar128\/","og_site_name":"Ghostysky","article_publisher":"https:\/\/www.facebook.com\/people\/Ghostysky\/100057676170234\/","article_modified_time":"2026-04-07T14:11:19+00:00","og_image":[{"width":225,"height":225,"url":"https:\/\/www.ghostysky.com\/wp-content\/uploads\/2026\/01\/GH_Hesai_OT128_1.jpg","type":"image\/jpeg"}],"twitter_card":"summary_large_image","twitter_site":"@Gh0stysky","twitter_misc":{"Tiempo de lectura":"2 minutos"},"schema":{"@context":"https:\/\/schema.org","@graph":[{"@type":"WebPage","@id":"https:\/\/www.ghostysky.com\/product\/hesai-pandar128\/","url":"https:\/\/www.ghostysky.com\/product\/hesai-pandar128\/","name":"Hesai Pandar128 - Cielo fantasmal","isPartOf":{"@id":"https:\/\/www.ghostysky.com\/#website"},"primaryImageOfPage":{"@id":"https:\/\/www.ghostysky.com\/product\/hesai-pandar128\/#primaryimage"},"image":{"@id":"https:\/\/www.ghostysky.com\/product\/hesai-pandar128\/#primaryimage"},"thumbnailUrl":"https:\/\/www.ghostysky.com\/wp-content\/uploads\/2026\/01\/GH_Hesai_OT128_1.jpg","datePublished":"2026-01-24T14:10:29+00:00","dateModified":"2026-04-07T14:11:19+00:00","description":"El Hesai Pandar128 es un sensor LiDAR mec\u00e1nico de referencia para automoci\u00f3n, dise\u00f1ado espec\u00edficamente para aplicaciones de conducci\u00f3n aut\u00f3noma L4 y L5. Es ampliamente reconocido como uno de los sensores de 128 canales m\u00e1s avanzados del mercado, ofreciendo una nube de puntos casi fotogr\u00e1fica que permite la detecci\u00f3n y clasificaci\u00f3n de objetos a alta velocidad.","breadcrumb":{"@id":"https:\/\/www.ghostysky.com\/product\/hesai-pandar128\/#breadcrumb"},"inLanguage":"es","potentialAction":[{"@type":"ReadAction","target":["https:\/\/www.ghostysky.com\/product\/hesai-pandar128\/"]}]},{"@type":"ImageObject","inLanguage":"es","@id":"https:\/\/www.ghostysky.com\/product\/hesai-pandar128\/#primaryimage","url":"https:\/\/www.ghostysky.com\/wp-content\/uploads\/2026\/01\/GH_Hesai_OT128_1.jpg","contentUrl":"https:\/\/www.ghostysky.com\/wp-content\/uploads\/2026\/01\/GH_Hesai_OT128_1.jpg","width":225,"height":225},{"@type":"BreadcrumbList","@id":"https:\/\/www.ghostysky.com\/product\/hesai-pandar128\/#breadcrumb","itemListElement":[{"@type":"ListItem","position":1,"name":"Home","item":"https:\/\/www.ghostysky.com\/"},{"@type":"ListItem","position":2,"name":"Shop","item":"https:\/\/www.ghostysky.com\/shop\/"},{"@type":"ListItem","position":3,"name":"Hesai Pandar128"}]},{"@type":"WebSite","@id":"https:\/\/www.ghostysky.com\/#website","url":"https:\/\/www.ghostysky.com\/","name":"Ghostysky","description":"Entrega de drones y servicios profesionales","publisher":{"@id":"https:\/\/www.ghostysky.com\/#organization"},"potentialAction":[{"@type":"SearchAction","target":{"@type":"EntryPoint","urlTemplate":"https:\/\/www.ghostysky.com\/?s={search_term_string}"},"query-input":{"@type":"PropertyValueSpecification","valueRequired":true,"valueName":"search_term_string"}}],"inLanguage":"es"},{"@type":"Organization","@id":"https:\/\/www.ghostysky.com\/#organization","name":"Ghostysky","url":"https:\/\/www.ghostysky.com\/","logo":{"@type":"ImageObject","inLanguage":"es","@id":"https:\/\/www.ghostysky.com\/#\/schema\/logo\/image\/","url":"https:\/\/www.ghostysky.com\/wp-content\/uploads\/2020\/06\/cropped-ghostyskylogo_text_white2.png","contentUrl":"https:\/\/www.ghostysky.com\/wp-content\/uploads\/2020\/06\/cropped-ghostyskylogo_text_white2.png","width":169,"height":56,"caption":"Ghostysky"},"image":{"@id":"https:\/\/www.ghostysky.com\/#\/schema\/logo\/image\/"},"sameAs":["https:\/\/www.facebook.com\/people\/Ghostysky\/100057676170234\/","https:\/\/x.com\/Gh0stysky","https:\/\/www.linkedin.com\/company\/34739653","https:\/\/www.instagram.com\/gh0stysky"]}]}},"_links":{"self":[{"href":"https:\/\/www.ghostysky.com\/es\/wp-json\/wp\/v2\/product\/23774","targetHints":{"allow":["GET"]}}],"collection":[{"href":"https:\/\/www.ghostysky.com\/es\/wp-json\/wp\/v2\/product"}],"about":[{"href":"https:\/\/www.ghostysky.com\/es\/wp-json\/wp\/v2\/types\/product"}],"replies":[{"embeddable":true,"href":"https:\/\/www.ghostysky.com\/es\/wp-json\/wp\/v2\/comments?post=23774"}],"wp:featuredmedia":[{"embeddable":true,"href":"https:\/\/www.ghostysky.com\/es\/wp-json\/wp\/v2\/media\/23772"}],"wp:attachment":[{"href":"https:\/\/www.ghostysky.com\/es\/wp-json\/wp\/v2\/media?parent=23774"}],"wp:term":[{"taxonomy":"product_brand","embeddable":true,"href":"https:\/\/www.ghostysky.com\/es\/wp-json\/wp\/v2\/product_brand?post=23774"},{"taxonomy":"product_cat","embeddable":true,"href":"https:\/\/www.ghostysky.com\/es\/wp-json\/wp\/v2\/product_cat?post=23774"},{"taxonomy":"product_tag","embeddable":true,"href":"https:\/\/www.ghostysky.com\/es\/wp-json\/wp\/v2\/product_tag?post=23774"}],"curies":[{"name":"wp","href":"https:\/\/api.w.org\/{rel}","templated":true}]}}