{"id":23776,"date":"2026-01-24T14:19:58","date_gmt":"2026-01-24T14:19:58","guid":{"rendered":"https:\/\/www.ghostysky.com\/?post_type=product&#038;p=23776"},"modified":"2026-04-07T14:11:33","modified_gmt":"2026-04-07T14:11:33","slug":"hesai-qt128","status":"publish","type":"product","link":"https:\/\/www.ghostysky.com\/es\/product\/hesai-qt128\/","title":{"rendered":"Hesai QT128"},"content":{"rendered":"<h3 data-path-to-node=\"2\">Caracter\u00edsticas clave<\/h3>\n<ul data-path-to-node=\"3\">\n<li>\n<p data-path-to-node=\"3,0,0\"><b data-path-to-node=\"3,0,0\" data-index-in-node=\"0\"><span class=\"citation-261\">Visi\u00f3n vertical ultra amplia:<\/span><\/b><span class=\"citation-261 citation-end-261\"> Con un <\/span><span class=\"math-inline\" data-math=\"105.2^\\circ\" data-index-in-node=\"35\">$105.2^\\circ$<\/span><span class=\"citation-260 citation-end-260\"> campo de visi\u00f3n vertical, puede ver simult\u00e1neamente el suelo que rodea inmediatamente a un veh\u00edculo y los obst\u00e1culos a\u00e9reos, brindando una cobertura integral que los LiDAR est\u00e1ndar no alcanzan.<\/span><\/p>\n<\/li>\n<li>\n<p data-path-to-node=\"3,1,0\"><b data-path-to-node=\"3,1,0\" data-index-in-node=\"0\">Mapeo de alta resoluci\u00f3n:<\/b><span class=\"citation-259\"> A pesar de ser un sensor de corto alcance, sus 128 canales generan hasta <\/span><b data-path-to-node=\"3,1,0\" data-index-in-node=\"93\"><span class=\"citation-259\">1,15 millones de puntos por segundo<\/span><\/b><span class=\"citation-259 citation-end-259\">, creando una nube de puntos 3D densa y de alta definici\u00f3n.<\/span><\/p>\n<\/li>\n<li>\n<p data-path-to-node=\"3,2,0\"><b data-path-to-node=\"3,2,0\" data-index-in-node=\"0\">Maestro del punto ciego:<\/b><span class=\"citation-258 citation-end-258\"> Est\u00e1 optimizado para detectar objetos peque\u00f1os, peatones y mascotas a una distancia extremadamente cercana (hasta 0,05 m).<\/span><\/p>\n<\/li>\n<li>\n<p data-path-to-node=\"3,3,0\"><b data-path-to-node=\"3,3,0\" data-index-in-node=\"0\">Confiabilidad de grado automotriz:<\/b><span class=\"citation-257\"> Construido para soportar entornos hostiles con <\/span><b data-path-to-node=\"3,3,0\" data-index-in-node=\"73\"><span class=\"citation-257\">IP6K7<\/span><\/b><span class=\"citation-257\"> y <\/span><b data-path-to-node=\"3,3,0\" data-index-in-node=\"83\"><span class=\"citation-257\">IP6K9K<\/span><\/b><span class=\"citation-257 citation-end-257\"> clasificaciones y un rango de temperatura de funcionamiento de <\/span><span class=\"math-inline\" data-math=\"-40^\\circ\\text{C}\" data-index-in-node=\"137\">-40\u00baC<\/span><span class=\"citation-256 citation-end-256\"> a <\/span><span class=\"math-inline\" data-math=\"85^\\circ\\text{C}\" data-index-in-node=\"158\">85\u00baC<\/span><span class=\"citation-255 citation-end-255\">.<\/span><\/p>\n<p>&nbsp;<\/li>\n<\/ul>\n<h3 data-path-to-node=\"5\">Especificaciones t\u00e9cnicas<\/h3>\n<table data-path-to-node=\"6\">\n<thead>\n<tr>\n<td><strong>Par\u00e1metro<\/strong><\/td>\n<td><strong>Especificaci\u00f3n<\/strong><\/td>\n<\/tr>\n<\/thead>\n<tbody>\n<tr>\n<td><span data-path-to-node=\"6,1,0,0\"><b data-path-to-node=\"6,1,0,0\" data-index-in-node=\"0\">Canales<\/b><\/span><\/td>\n<td><span data-path-to-node=\"6,1,1,0\">128<\/span><\/td>\n<\/tr>\n<tr>\n<td><span data-path-to-node=\"6,2,0,0\"><b data-path-to-node=\"6,2,0,0\" data-index-in-node=\"0\">Campo de visi\u00f3n horizontal<\/b><\/span><\/td>\n<td><span data-path-to-node=\"6,2,1,0\"><span class=\"math-inline\" data-math=\"360^\\circ\" data-index-in-node=\"0\">360\u00ba<\/span><\/span><\/td>\n<\/tr>\n<tr>\n<td><span data-path-to-node=\"6,3,0,0\"><b data-path-to-node=\"6,3,0,0\" data-index-in-node=\"0\">Campo de visi\u00f3n vertical<\/b><\/span><\/td>\n<td><span data-path-to-node=\"6,3,1,0\"><span class=\"math-inline\" data-math=\"105.2^\\circ\" data-index-in-node=\"0\">105,2\u00ba<\/span> (<span class=\"math-inline\" data-math=\"-52.6^\\circ\" data-index-in-node=\"13\">-52,6\u00ba<\/span> a <span class=\"math-inline\" data-math=\"+52.6^\\circ\" data-index-in-node=\"28\">+52,6\u00ba<\/span>)<\/span><\/td>\n<\/tr>\n<tr>\n<td><span data-path-to-node=\"6,4,0,0\"><b data-path-to-node=\"6,4,0,0\" data-index-in-node=\"0\">Alcance m\u00e1ximo<\/b><\/span><\/td>\n<td><span data-path-to-node=\"6,4,1,0\">50 m (20 m a 10% de reflectividad)<\/span><\/td>\n<\/tr>\n<tr>\n<td><span data-path-to-node=\"6,5,0,0\"><b data-path-to-node=\"6,5,0,0\" data-index-in-node=\"0\">Rango m\u00ednimo<\/b><\/span><\/td>\n<td><span data-path-to-node=\"6,5,1,0\">0,05 metros<\/span><\/td>\n<\/tr>\n<tr>\n<td><span data-path-to-node=\"6,6,0,0\"><b data-path-to-node=\"6,6,0,0\" data-index-in-node=\"0\">Resoluci\u00f3n angular<\/b><\/span><\/td>\n<td><span data-path-to-node=\"6,6,1,0\"><span class=\"math-inline\" data-math=\"0.4^\\circ\" data-index-in-node=\"0\">0,4\u00ba<\/span> (Horizontal y vertical)<\/span><\/td>\n<\/tr>\n<tr>\n<td><span data-path-to-node=\"6,7,0,0\"><b data-path-to-node=\"6,7,0,0\" data-index-in-node=\"0\">Precisi\u00f3n del rango<\/b><\/span><\/td>\n<td><span data-path-to-node=\"6,7,1,0\"><span class=\"math-inline\" data-math=\"\\pm 3\" data-index-in-node=\"0\">+- 3 <\/span>cm (t\u00edpico)<\/span><\/td>\n<\/tr>\n<tr>\n<td><span data-path-to-node=\"6,8,0,0\"><b data-path-to-node=\"6,8,0,0\" data-index-in-node=\"0\">El consumo de energ\u00eda<\/b><\/span><\/td>\n<td><span data-path-to-node=\"6,8,1,0\">12 W<\/span><\/td>\n<\/tr>\n<tr>\n<td><span data-path-to-node=\"6,9,0,0\"><b data-path-to-node=\"6,9,0,0\" data-index-in-node=\"0\">Peso<\/b><\/span><\/td>\n<td><span data-path-to-node=\"6,9,1,0\">700 gramos<\/span><\/td>\n<\/tr>\n<\/tbody>\n<\/table>\n<p>&nbsp;<\/p>\n<h3 data-path-to-node=\"8\">Aplicaciones recomendadas<\/h3>\n<ul data-path-to-node=\"9\">\n<li>\n<p data-path-to-node=\"9,0,0\"><b data-path-to-node=\"9,0,0\" data-index-in-node=\"0\">Robotaxis y Robotrucks:<\/b><span class=\"citation-254 citation-end-254\"> Se utiliza como sensor secundario para cubrir las \u201czonas muertas\u201d alrededor de la carrocer\u00eda del veh\u00edculo.<\/span><\/p>\n<\/li>\n<li>\n<p data-path-to-node=\"9,1,0\"><b data-path-to-node=\"9,1,0\" data-index-in-node=\"0\">Entrega de \u00faltima milla:<\/b> Navegar por entornos de aceras complejos y evitar obst\u00e1culos bajos.<\/p>\n<\/li>\n<li>\n<p data-path-to-node=\"9,2,0\"><b data-path-to-node=\"9,2,0\" data-index-in-node=\"0\"><span class=\"citation-253\">Almacenamiento y log\u00edstica:<\/span><\/b><span class=\"citation-253 citation-end-253\"> Maniobras de precisi\u00f3n para AGV (veh\u00edculos guiados autom\u00e1ticamente) en pasillos estrechos.<\/span><\/p>\n<\/li>\n<li>\n<p data-path-to-node=\"9,3,0\"><b data-path-to-node=\"9,3,0\" data-index-in-node=\"0\">Infraestructura inteligente:<\/b> Monitoreo del flujo peatonal y seguridad en intersecciones.<\/p>\n<\/li>\n<\/ul>","protected":false},"excerpt":{"rendered":"<p><span class=\"citation-263\">El <\/span><b data-path-to-node=\"0\" data-index-in-node=\"4\"><span class=\"citation-263\">Hesai QT128<\/span><\/b><span class=\"citation-263 citation-end-263\"> es un LiDAR de corto alcance de 128 canales de calidad automotriz dise\u00f1ado espec\u00edficamente para eliminar los puntos ciegos.<\/span> <span class=\"citation-262 citation-end-262\">A diferencia de los sensores de largo alcance que se enfocan en el horizonte, el QT128 presenta un campo de visi\u00f3n vertical ultra amplio l\u00edder en la industria, lo que lo convierte en el ojo de &quot;campo cercano&quot; ideal para veh\u00edculos aut\u00f3nomos, robotaxis y rob\u00f3tica industrial.<\/span><\/p>","protected":false},"featured_media":23780,"comment_status":"open","ping_status":"closed","template":"","meta":[],"product_brand":[1338],"product_cat":[1337,1037,1040],"product_tag":[1339,1340],"class_list":{"0":"post-23776","1":"product","2":"type-product","3":"status-publish","4":"has-post-thumbnail","6":"product_brand-hesai","7":"product_cat-hesai-lidars","8":"product_cat-robotics","9":"product_cat-sensors-robotics","10":"product_tag-hesai","11":"product_tag-hesai-lidars","13":"first","14":"onbackorder","15":"taxable","16":"shipping-taxable","17":"product-type-simple"},"yoast_head":"<!-- This site is optimized with the Yoast SEO plugin v27.4 - https:\/\/yoast.com\/product\/yoast-seo-wordpress\/ -->\n<title>Hesai QT128 - Ghostysky<\/title>\n<meta name=\"description\" content=\"The Hesai QT128 is an automotive-grade, 128-channel short-range LiDAR specifically designed to eliminate blind spots. Unlike long-range sensors that focus on the horizon, the QT128 features an industry-leading ultra-wide vertical field of view, making it the ideal &quot;near-field&quot; eye for autonomous vehicles, robotaxis, and industrial robotics.\" \/>\n<meta name=\"robots\" content=\"index, follow, max-snippet:-1, max-image-preview:large, max-video-preview:-1\" \/>\n<link rel=\"canonical\" href=\"https:\/\/www.ghostysky.com\/es\/producto-2\/hesai-qt128\/\" \/>\n<meta property=\"og:locale\" content=\"es_ES\" \/>\n<meta property=\"og:type\" content=\"article\" \/>\n<meta property=\"og:title\" content=\"Hesai QT128 - Ghostysky\" \/>\n<meta property=\"og:description\" content=\"The Hesai QT128 is an automotive-grade, 128-channel short-range LiDAR specifically designed to eliminate blind spots. Unlike long-range sensors that focus on the horizon, the QT128 features an industry-leading ultra-wide vertical field of view, making it the ideal &quot;near-field&quot; eye for autonomous vehicles, robotaxis, and industrial robotics.\" \/>\n<meta property=\"og:url\" content=\"https:\/\/www.ghostysky.com\/es\/producto-2\/hesai-qt128\/\" \/>\n<meta property=\"og:site_name\" content=\"Ghostysky\" \/>\n<meta property=\"article:publisher\" content=\"https:\/\/www.facebook.com\/people\/Ghostysky\/100057676170234\/\" \/>\n<meta property=\"article:modified_time\" content=\"2026-04-07T14:11:33+00:00\" \/>\n<meta property=\"og:image\" content=\"https:\/\/www.ghostysky.com\/wp-content\/uploads\/2026\/01\/GH_HesaiQT128_1.png\" \/>\n\t<meta property=\"og:image:width\" content=\"480\" \/>\n\t<meta property=\"og:image:height\" content=\"270\" \/>\n\t<meta property=\"og:image:type\" content=\"image\/png\" \/>\n<meta name=\"twitter:card\" content=\"summary_large_image\" \/>\n<meta name=\"twitter:site\" content=\"@Gh0stysky\" \/>\n<meta name=\"twitter:label1\" content=\"Tiempo de lectura\" \/>\n\t<meta name=\"twitter:data1\" content=\"2 minutos\" \/>\n<script type=\"application\/ld+json\" class=\"yoast-schema-graph\">{\"@context\":\"https:\\\/\\\/schema.org\",\"@graph\":[{\"@type\":\"WebPage\",\"@id\":\"https:\\\/\\\/www.ghostysky.com\\\/product\\\/hesai-qt128\\\/\",\"url\":\"https:\\\/\\\/www.ghostysky.com\\\/product\\\/hesai-qt128\\\/\",\"name\":\"Hesai QT128 - Ghostysky\",\"isPartOf\":{\"@id\":\"https:\\\/\\\/www.ghostysky.com\\\/#website\"},\"primaryImageOfPage\":{\"@id\":\"https:\\\/\\\/www.ghostysky.com\\\/product\\\/hesai-qt128\\\/#primaryimage\"},\"image\":{\"@id\":\"https:\\\/\\\/www.ghostysky.com\\\/product\\\/hesai-qt128\\\/#primaryimage\"},\"thumbnailUrl\":\"https:\\\/\\\/www.ghostysky.com\\\/wp-content\\\/uploads\\\/2026\\\/01\\\/GH_HesaiQT128_1.png\",\"datePublished\":\"2026-01-24T14:19:58+00:00\",\"dateModified\":\"2026-04-07T14:11:33+00:00\",\"description\":\"The Hesai QT128 is an automotive-grade, 128-channel short-range LiDAR specifically designed to eliminate blind spots. Unlike long-range sensors that focus on the horizon, the QT128 features an industry-leading ultra-wide vertical field of view, making it the ideal \\\"near-field\\\" eye for autonomous vehicles, robotaxis, and industrial robotics.\",\"breadcrumb\":{\"@id\":\"https:\\\/\\\/www.ghostysky.com\\\/product\\\/hesai-qt128\\\/#breadcrumb\"},\"inLanguage\":\"es\",\"potentialAction\":[{\"@type\":\"ReadAction\",\"target\":[\"https:\\\/\\\/www.ghostysky.com\\\/product\\\/hesai-qt128\\\/\"]}]},{\"@type\":\"ImageObject\",\"inLanguage\":\"es\",\"@id\":\"https:\\\/\\\/www.ghostysky.com\\\/product\\\/hesai-qt128\\\/#primaryimage\",\"url\":\"https:\\\/\\\/www.ghostysky.com\\\/wp-content\\\/uploads\\\/2026\\\/01\\\/GH_HesaiQT128_1.png\",\"contentUrl\":\"https:\\\/\\\/www.ghostysky.com\\\/wp-content\\\/uploads\\\/2026\\\/01\\\/GH_HesaiQT128_1.png\",\"width\":480,\"height\":270},{\"@type\":\"BreadcrumbList\",\"@id\":\"https:\\\/\\\/www.ghostysky.com\\\/product\\\/hesai-qt128\\\/#breadcrumb\",\"itemListElement\":[{\"@type\":\"ListItem\",\"position\":1,\"name\":\"Home\",\"item\":\"https:\\\/\\\/www.ghostysky.com\\\/\"},{\"@type\":\"ListItem\",\"position\":2,\"name\":\"Shop\",\"item\":\"https:\\\/\\\/www.ghostysky.com\\\/shop\\\/\"},{\"@type\":\"ListItem\",\"position\":3,\"name\":\"Hesai QT128\"}]},{\"@type\":\"WebSite\",\"@id\":\"https:\\\/\\\/www.ghostysky.com\\\/#website\",\"url\":\"https:\\\/\\\/www.ghostysky.com\\\/\",\"name\":\"Ghostysky\",\"description\":\"Delivering professional drones and services\",\"publisher\":{\"@id\":\"https:\\\/\\\/www.ghostysky.com\\\/#organization\"},\"potentialAction\":[{\"@type\":\"SearchAction\",\"target\":{\"@type\":\"EntryPoint\",\"urlTemplate\":\"https:\\\/\\\/www.ghostysky.com\\\/?s={search_term_string}\"},\"query-input\":{\"@type\":\"PropertyValueSpecification\",\"valueRequired\":true,\"valueName\":\"search_term_string\"}}],\"inLanguage\":\"es\"},{\"@type\":\"Organization\",\"@id\":\"https:\\\/\\\/www.ghostysky.com\\\/#organization\",\"name\":\"Ghostysky\",\"url\":\"https:\\\/\\\/www.ghostysky.com\\\/\",\"logo\":{\"@type\":\"ImageObject\",\"inLanguage\":\"es\",\"@id\":\"https:\\\/\\\/www.ghostysky.com\\\/#\\\/schema\\\/logo\\\/image\\\/\",\"url\":\"https:\\\/\\\/www.ghostysky.com\\\/wp-content\\\/uploads\\\/2020\\\/06\\\/cropped-ghostyskylogo_text_white2.png\",\"contentUrl\":\"https:\\\/\\\/www.ghostysky.com\\\/wp-content\\\/uploads\\\/2020\\\/06\\\/cropped-ghostyskylogo_text_white2.png\",\"width\":169,\"height\":56,\"caption\":\"Ghostysky\"},\"image\":{\"@id\":\"https:\\\/\\\/www.ghostysky.com\\\/#\\\/schema\\\/logo\\\/image\\\/\"},\"sameAs\":[\"https:\\\/\\\/www.facebook.com\\\/people\\\/Ghostysky\\\/100057676170234\\\/\",\"https:\\\/\\\/x.com\\\/Gh0stysky\",\"https:\\\/\\\/www.linkedin.com\\\/company\\\/34739653\",\"https:\\\/\\\/www.instagram.com\\\/gh0stysky\"]}]}<\/script>\n<!-- \/ Yoast SEO plugin. -->","yoast_head_json":{"title":"Hesai QT128 - Cielo fantasmal","description":"El Hesai QT128 es un LiDAR de corto alcance de 128 canales, de grado automotriz, dise\u00f1ado espec\u00edficamente para eliminar puntos ciegos. A diferencia de los sensores de largo alcance que se enfocan en el horizonte, el QT128 ofrece un campo de visi\u00f3n vertical ultra amplio, l\u00edder en la industria, lo que lo convierte en el sensor de campo cercano ideal para veh\u00edculos aut\u00f3nomos, robotaxis y rob\u00f3tica industrial.","robots":{"index":"index","follow":"follow","max-snippet":"max-snippet:-1","max-image-preview":"max-image-preview:large","max-video-preview":"max-video-preview:-1"},"canonical":"https:\/\/www.ghostysky.com\/es\/producto-2\/hesai-qt128\/","og_locale":"es_ES","og_type":"article","og_title":"Hesai QT128 - Ghostysky","og_description":"The Hesai QT128 is an automotive-grade, 128-channel short-range LiDAR specifically designed to eliminate blind spots. Unlike long-range sensors that focus on the horizon, the QT128 features an industry-leading ultra-wide vertical field of view, making it the ideal \"near-field\" eye for autonomous vehicles, robotaxis, and industrial robotics.","og_url":"https:\/\/www.ghostysky.com\/es\/producto-2\/hesai-qt128\/","og_site_name":"Ghostysky","article_publisher":"https:\/\/www.facebook.com\/people\/Ghostysky\/100057676170234\/","article_modified_time":"2026-04-07T14:11:33+00:00","og_image":[{"width":480,"height":270,"url":"https:\/\/www.ghostysky.com\/wp-content\/uploads\/2026\/01\/GH_HesaiQT128_1.png","type":"image\/png"}],"twitter_card":"summary_large_image","twitter_site":"@Gh0stysky","twitter_misc":{"Tiempo de lectura":"2 minutos"},"schema":{"@context":"https:\/\/schema.org","@graph":[{"@type":"WebPage","@id":"https:\/\/www.ghostysky.com\/product\/hesai-qt128\/","url":"https:\/\/www.ghostysky.com\/product\/hesai-qt128\/","name":"Hesai QT128 - Cielo fantasmal","isPartOf":{"@id":"https:\/\/www.ghostysky.com\/#website"},"primaryImageOfPage":{"@id":"https:\/\/www.ghostysky.com\/product\/hesai-qt128\/#primaryimage"},"image":{"@id":"https:\/\/www.ghostysky.com\/product\/hesai-qt128\/#primaryimage"},"thumbnailUrl":"https:\/\/www.ghostysky.com\/wp-content\/uploads\/2026\/01\/GH_HesaiQT128_1.png","datePublished":"2026-01-24T14:19:58+00:00","dateModified":"2026-04-07T14:11:33+00:00","description":"El Hesai QT128 es un LiDAR de corto alcance de 128 canales, de grado automotriz, dise\u00f1ado espec\u00edficamente para eliminar puntos ciegos. A diferencia de los sensores de largo alcance que se enfocan en el horizonte, el QT128 ofrece un campo de visi\u00f3n vertical ultra amplio, l\u00edder en la industria, lo que lo convierte en el sensor de campo cercano ideal para veh\u00edculos aut\u00f3nomos, robotaxis y rob\u00f3tica industrial.","breadcrumb":{"@id":"https:\/\/www.ghostysky.com\/product\/hesai-qt128\/#breadcrumb"},"inLanguage":"es","potentialAction":[{"@type":"ReadAction","target":["https:\/\/www.ghostysky.com\/product\/hesai-qt128\/"]}]},{"@type":"ImageObject","inLanguage":"es","@id":"https:\/\/www.ghostysky.com\/product\/hesai-qt128\/#primaryimage","url":"https:\/\/www.ghostysky.com\/wp-content\/uploads\/2026\/01\/GH_HesaiQT128_1.png","contentUrl":"https:\/\/www.ghostysky.com\/wp-content\/uploads\/2026\/01\/GH_HesaiQT128_1.png","width":480,"height":270},{"@type":"BreadcrumbList","@id":"https:\/\/www.ghostysky.com\/product\/hesai-qt128\/#breadcrumb","itemListElement":[{"@type":"ListItem","position":1,"name":"Home","item":"https:\/\/www.ghostysky.com\/"},{"@type":"ListItem","position":2,"name":"Shop","item":"https:\/\/www.ghostysky.com\/shop\/"},{"@type":"ListItem","position":3,"name":"Hesai QT128"}]},{"@type":"WebSite","@id":"https:\/\/www.ghostysky.com\/#website","url":"https:\/\/www.ghostysky.com\/","name":"Ghostysky","description":"Entrega de drones y servicios profesionales","publisher":{"@id":"https:\/\/www.ghostysky.com\/#organization"},"potentialAction":[{"@type":"SearchAction","target":{"@type":"EntryPoint","urlTemplate":"https:\/\/www.ghostysky.com\/?s={search_term_string}"},"query-input":{"@type":"PropertyValueSpecification","valueRequired":true,"valueName":"search_term_string"}}],"inLanguage":"es"},{"@type":"Organization","@id":"https:\/\/www.ghostysky.com\/#organization","name":"Ghostysky","url":"https:\/\/www.ghostysky.com\/","logo":{"@type":"ImageObject","inLanguage":"es","@id":"https:\/\/www.ghostysky.com\/#\/schema\/logo\/image\/","url":"https:\/\/www.ghostysky.com\/wp-content\/uploads\/2020\/06\/cropped-ghostyskylogo_text_white2.png","contentUrl":"https:\/\/www.ghostysky.com\/wp-content\/uploads\/2020\/06\/cropped-ghostyskylogo_text_white2.png","width":169,"height":56,"caption":"Ghostysky"},"image":{"@id":"https:\/\/www.ghostysky.com\/#\/schema\/logo\/image\/"},"sameAs":["https:\/\/www.facebook.com\/people\/Ghostysky\/100057676170234\/","https:\/\/x.com\/Gh0stysky","https:\/\/www.linkedin.com\/company\/34739653","https:\/\/www.instagram.com\/gh0stysky"]}]}},"_links":{"self":[{"href":"https:\/\/www.ghostysky.com\/es\/wp-json\/wp\/v2\/product\/23776","targetHints":{"allow":["GET"]}}],"collection":[{"href":"https:\/\/www.ghostysky.com\/es\/wp-json\/wp\/v2\/product"}],"about":[{"href":"https:\/\/www.ghostysky.com\/es\/wp-json\/wp\/v2\/types\/product"}],"replies":[{"embeddable":true,"href":"https:\/\/www.ghostysky.com\/es\/wp-json\/wp\/v2\/comments?post=23776"}],"version-history":[{"count":0,"href":"https:\/\/www.ghostysky.com\/es\/wp-json\/wp\/v2\/product\/23776\/revisions"}],"wp:featuredmedia":[{"embeddable":true,"href":"https:\/\/www.ghostysky.com\/es\/wp-json\/wp\/v2\/media\/23780"}],"wp:attachment":[{"href":"https:\/\/www.ghostysky.com\/es\/wp-json\/wp\/v2\/media?parent=23776"}],"wp:term":[{"taxonomy":"product_brand","embeddable":true,"href":"https:\/\/www.ghostysky.com\/es\/wp-json\/wp\/v2\/product_brand?post=23776"},{"taxonomy":"product_cat","embeddable":true,"href":"https:\/\/www.ghostysky.com\/es\/wp-json\/wp\/v2\/product_cat?post=23776"},{"taxonomy":"product_tag","embeddable":true,"href":"https:\/\/www.ghostysky.com\/es\/wp-json\/wp\/v2\/product_tag?post=23776"}],"curies":[{"name":"wp","href":"https:\/\/api.w.org\/{rel}","templated":true}]}}