{"id":23818,"date":"2026-01-26T15:34:18","date_gmt":"2026-01-26T15:34:18","guid":{"rendered":"https:\/\/www.ghostysky.com\/?post_type=product&#038;p=23818"},"modified":"2026-01-26T15:43:49","modified_gmt":"2026-01-26T15:43:49","slug":"agibot-x2-ultra","status":"publish","type":"product","link":"https:\/\/www.ghostysky.com\/es\/product\/agibot-x2-ultra\/","title":{"rendered":"Agibot X2 Ultra"},"content":{"rendered":"<h3><b data-path-to-node=\"3\" data-index-in-node=\"0\">Caracter\u00edsticas y capacidades clave<\/b><\/h3>\n<ul data-path-to-node=\"4\">\n<li>\n<p data-path-to-node=\"4,0,0\"><b data-path-to-node=\"4,0,0\" data-index-in-node=\"0\"><span class=\"citation-65\">Agilidad sin igual:<\/span><\/b><span class=\"citation-65\"> Con hasta <\/span><b data-path-to-node=\"4,0,0\" data-index-in-node=\"30\"><span class=\"citation-65\">31 grados de libertad (PdL)<\/span><\/b><span class=\"citation-65\"> y m\u00f3dulos de uni\u00f3n de alto par (par m\u00e1ximo de <\/span><b data-path-to-node=\"4,0,0\" data-index-in-node=\"104\"><span class=\"citation-65\">120 Nm<\/span><\/b><span class=\"citation-65 citation-end-65\">), el X2 Ultra no es s\u00f3lo un andador.<\/span> <span class=\"citation-64\">Puede funcionar a velocidades de hasta <\/span><b data-path-to-node=\"4,0,0\" data-index-in-node=\"174\"><span class=\"citation-64\">1,5 m\/s<\/span><\/b><span class=\"citation-64\">, bailar, subir escaleras e incluso realizar maniobras complejas como andar en bicicleta o ejecutar un <\/span><b data-path-to-node=\"4,0,0\" data-index-in-node=\"276\"><span class=\"citation-64\">Webster Flip<\/span><\/b><span class=\"citation-64 citation-end-64\">.<\/span><\/p>\n<\/li>\n<li>\n<p data-path-to-node=\"4,1,0\"><b data-path-to-node=\"4,1,0\" data-index-in-node=\"0\"><span class=\"citation-63\">Arquitectura de IA avanzada:<\/span><\/b><span class=\"citation-63\"> En el coraz\u00f3n del Ultra se encuentra el <\/span><b data-path-to-node=\"4,1,0\" data-index-in-node=\"58\"><span class=\"citation-63\">Modelo de Fundaci\u00f3n Encarnada GO-1<\/span><\/b><span class=\"citation-63 citation-end-63\">.<\/span> <span class=\"citation-62\">Utilizando el <\/span><b data-path-to-node=\"4,1,0\" data-index-in-node=\"104\"><span class=\"citation-62\">ViLLA (Visi\u00f3n-Lenguaje-Locomoci\u00f3n-Acci\u00f3n)<\/span><\/b><span class=\"citation-62\"> marco, procesa m\u00e1s de <\/span><b data-path-to-node=\"4,1,0\" data-index-in-node=\"175\"><span class=\"citation-62\">10.000 interacciones por segundo<\/span><\/b><span class=\"citation-62 citation-end-62\">, lo que permite tiempos de reacci\u00f3n de milisegundos y ejecuci\u00f3n de tareas \u201csin intervenci\u00f3n\u201d (realizar tareas para las que no fue programado espec\u00edficamente).<\/span><\/p>\n<\/li>\n<li>\n<p data-path-to-node=\"4,2,0\"><b data-path-to-node=\"4,2,0\" data-index-in-node=\"0\"><span class=\"citation-61\">Interacci\u00f3n hiperrealista:<\/span><\/b><span class=\"citation-61\"> El robot cuenta con una capa de inteligencia emocional que simula <\/span><b data-path-to-node=\"4,2,0\" data-index-in-node=\"95\"><span class=\"citation-61\">respiraci\u00f3n y gestos parecidos a los humanos<\/span><\/b><span class=\"citation-61 citation-end-61\">.<\/span> <span class=\"citation-60 citation-end-60\">Combinado con una pantalla 3D a simple vista y s\u00edntesis de voz de alta fidelidad, act\u00faa como un compa\u00f1ero interactivo o agente de servicio muy accesible.<\/span><\/p>\n<\/li>\n<li>\n<p data-path-to-node=\"4,3,0\"><b data-path-to-node=\"4,3,0\" data-index-in-node=\"0\">\u201cCerebellum\u201d con tecnolog\u00eda NVIDIA:<\/b><span class=\"citation-59\"> A diferencia de la versi\u00f3n est\u00e1ndar, la Ultra est\u00e1 equipada con un <\/span><b data-path-to-node=\"4,3,0\" data-index-in-node=\"88\"><span class=\"citation-59\">NVIDIA Orin NX<\/span><\/b><span class=\"citation-59\"> m\u00f3dulo de c\u00f3mputo que entrega <\/span><b data-path-to-node=\"4,3,0\" data-index-in-node=\"129\"><span class=\"citation-59\">157 TOPS<\/span><\/b><span class=\"citation-59 citation-end-59\"> del rendimiento de la IA, lo que permite el mapeo espacial complejo y el razonamiento del entorno en tiempo real.<\/span><\/p>\n<\/li>\n<li>\n<p data-path-to-node=\"4,4,0\"><b data-path-to-node=\"4,4,0\" data-index-in-node=\"0\">Hardware bi\u00f3nico:<\/b><span class=\"citation-58\"> Caracter\u00edsticas <\/span><b data-path-to-node=\"4,4,0\" data-index-in-node=\"26\"><span class=\"citation-58\">OmniHand<\/span><\/b><span class=\"citation-58 citation-end-58\"> Tecnolog\u00eda con 7 DoF por brazo, lo que permite una manipulaci\u00f3n delicada de objetos.<\/span> <span class=\"citation-57 citation-end-57\">Sus \u201ctobillos bi\u00f3nicos\u201d y su exterior envuelto en espuma de TPU garantizan que sea seguro operar junto a humanos.<\/span><\/p>\n<\/li>\n<\/ul>\n<h3 data-path-to-node=\"9\"><b data-path-to-node=\"9\" data-index-in-node=\"0\">Casos de uso principales<\/b><\/h3>\n<ul data-path-to-node=\"10\">\n<li>\n<p data-path-to-node=\"10,0,0\"><b data-path-to-node=\"10,0,0\" data-index-in-node=\"0\">Servicio interactivo:<\/b> Hospitalidad de alto nivel, recepci\u00f3n y representaci\u00f3n de marca.<\/p>\n<\/li>\n<li>\n<p data-path-to-node=\"10,1,0\"><b data-path-to-node=\"10,1,0\" data-index-in-node=\"0\">Investigaci\u00f3n y desarrollo:<\/b> Una plataforma de pila abierta para estudios de IA y locomoci\u00f3n.<\/p>\n<\/li>\n<li>\n<p data-path-to-node=\"10,2,0\"><b data-path-to-node=\"10,2,0\" data-index-in-node=\"0\">Asistencia domiciliaria:<\/b><span class=\"citation-56 citation-end-56\"> Tareas ligeras, cuidado de personas mayores y seguridad en el hogar.<\/span><\/p>\n<\/li>\n<li>\n<p data-path-to-node=\"10,3,0\"><b data-path-to-node=\"10,3,0\" data-index-in-node=\"0\">Arte de performance:<\/b><span class=\"citation-55 citation-end-55\"> Utilizado en eventos de gala y presentaciones comerciales debido a sus movimientos fluidos y similares a los de un baile.<\/span><\/p>\n<\/li>\n<\/ul>\n<h3 data-path-to-node=\"3\"><b data-path-to-node=\"3\" data-index-in-node=\"0\">Especificaciones t\u00e9cnicas clave<\/b><\/h3>\n<p><a href=\"https:\/\/www.ghostysky.com\/wp-content\/uploads\/2026\/01\/GH_Agibot_X2_TSpecs.png\"><img fetchpriority=\"high\" decoding=\"async\" class=\"alignnone wp-image-23815 size-full lazyload\" src=\"datos:imagen\/gif;base64,R0lGODlhAQABAAAAACH5BAEKAAEALAAAAAABAAEAAAICTAEAOw==\" alt=\"\" width=\"1109\" height=\"2444\" sizes=\"(max-width: 1109px) 100vw, 1109px\" data-src=\"datos:imagen\/gif;base64,R0lGODlhAQABAAAAACH5BAEKAAEALAAAAAABAAEAAAICTAEAOw==\" data-srcset=\"\" srcset=\"\"><\/a><\/p>","protected":false},"excerpt":{"rendered":"<p><span class=\"citation-67\">El <\/span><b data-path-to-node=\"1\" data-index-in-node=\"4\"><span class=\"citation-67\">Agibot X2 Ultra<\/span><\/b><span class=\"citation-67 citation-end-67\"> representa el buque insignia de alta gama de la serie Lingxi X2: un humanoide b\u00edpedo revolucionario dise\u00f1ado para cerrar la brecha entre la agilidad de grado de investigaci\u00f3n y la utilidad de grado comercial.<\/span> <span class=\"citation-66\">Mientras que el X2 b\u00e1sico se centra en la versatilidad, el <\/span><b data-path-to-node=\"1\" data-index-in-node=\"244\"><span class=\"citation-66\">Ultra<\/span><\/b><span class=\"citation-66\"> La variante est\u00e1 dise\u00f1ada para usuarios avanzados, investigadores y entornos de servicio de alto riesgo, y cuenta con un &quot;cerebro&quot; mejorado alimentado por <\/span><b data-path-to-node=\"1\" data-index-in-node=\"381\"><span class=\"citation-66\">NVIDIA Orin NX<\/span><\/b><span class=\"citation-66 citation-end-66\"> y un rango de movimiento significativamente ampliado.<\/span><\/p>","protected":false},"featured_media":23806,"comment_status":"open","ping_status":"closed","template":"","meta":[],"product_brand":[1345],"product_cat":[1342,1343,1038,1037],"product_tag":[1346,1348,1347],"class_list":{"0":"post-23818","1":"product","2":"type-product","3":"status-publish","4":"has-post-thumbnail","6":"product_brand-agibot","7":"product_cat-agibot","8":"product_cat-agibot-robots","9":"product_cat-humanoid","10":"product_cat-robotics","11":"product_tag-agibot","12":"product_tag-agibot-x2-humanoid","13":"product_tag-agibot-x2-series","15":"first","16":"outofstock","17":"taxable","18":"shipping-taxable","19":"purchasable","20":"product-type-simple"},"yoast_head":"<!-- This site is optimized with the Yoast SEO plugin v27.4 - https:\/\/yoast.com\/product\/yoast-seo-wordpress\/ -->\n<title>Agibot X2 Ultra - Ghostysky<\/title>\n<meta name=\"description\" content=\"The Agibot X2 Ultra represents the high-end flagship of the Lingxi X2 series\u2014a revolutionary bipedal humanoid designed to bridge the gap between research-grade agility and commercial-grade utility. While the base X2 focuses on versatility, the Ultra variant is engineered for power users, researchers, and high-stakes service environments, featuring an upgraded &quot;brain&quot; powered by NVIDIA Orin NX and a significantly expanded range of motion.\" \/>\n<meta name=\"robots\" content=\"index, follow, max-snippet:-1, max-image-preview:large, max-video-preview:-1\" \/>\n<link rel=\"canonical\" href=\"https:\/\/www.ghostysky.com\/es\/producto-2\/agibot-x2-ultra\/\" \/>\n<meta property=\"og:locale\" content=\"es_ES\" \/>\n<meta property=\"og:type\" content=\"article\" \/>\n<meta property=\"og:title\" content=\"Agibot X2 Ultra - Ghostysky\" \/>\n<meta property=\"og:description\" content=\"The Agibot X2 Ultra represents the high-end flagship of the Lingxi X2 series\u2014a revolutionary bipedal humanoid designed to bridge the gap between research-grade agility and commercial-grade utility. While the base X2 focuses on versatility, the Ultra variant is engineered for power users, researchers, and high-stakes service environments, featuring an upgraded &quot;brain&quot; powered by NVIDIA Orin NX and a significantly expanded range of motion.\" \/>\n<meta property=\"og:url\" content=\"https:\/\/www.ghostysky.com\/es\/producto-2\/agibot-x2-ultra\/\" \/>\n<meta property=\"og:site_name\" content=\"Ghostysky\" \/>\n<meta property=\"article:publisher\" content=\"https:\/\/www.facebook.com\/people\/Ghostysky\/100057676170234\/\" \/>\n<meta property=\"article:modified_time\" content=\"2026-01-26T15:43:49+00:00\" \/>\n<meta property=\"og:image\" content=\"https:\/\/www.ghostysky.com\/wp-content\/uploads\/2026\/01\/GH_Agibot_X2_1.jpg\" \/>\n\t<meta property=\"og:image:width\" content=\"700\" \/>\n\t<meta property=\"og:image:height\" content=\"700\" \/>\n\t<meta property=\"og:image:type\" content=\"image\/jpeg\" \/>\n<meta name=\"twitter:card\" content=\"summary_large_image\" \/>\n<meta name=\"twitter:site\" content=\"@Gh0stysky\" \/>\n<meta name=\"twitter:label1\" content=\"Tiempo de lectura\" \/>\n\t<meta name=\"twitter:data1\" content=\"2 minutos\" \/>\n<script type=\"application\/ld+json\" class=\"yoast-schema-graph\">{\"@context\":\"https:\\\/\\\/schema.org\",\"@graph\":[{\"@type\":\"WebPage\",\"@id\":\"https:\\\/\\\/www.ghostysky.com\\\/product\\\/agibot-x2-ultra\\\/\",\"url\":\"https:\\\/\\\/www.ghostysky.com\\\/product\\\/agibot-x2-ultra\\\/\",\"name\":\"Agibot X2 Ultra - Ghostysky\",\"isPartOf\":{\"@id\":\"https:\\\/\\\/www.ghostysky.com\\\/#website\"},\"primaryImageOfPage\":{\"@id\":\"https:\\\/\\\/www.ghostysky.com\\\/product\\\/agibot-x2-ultra\\\/#primaryimage\"},\"image\":{\"@id\":\"https:\\\/\\\/www.ghostysky.com\\\/product\\\/agibot-x2-ultra\\\/#primaryimage\"},\"thumbnailUrl\":\"https:\\\/\\\/www.ghostysky.com\\\/wp-content\\\/uploads\\\/2026\\\/01\\\/GH_Agibot_X2_1.jpg\",\"datePublished\":\"2026-01-26T15:34:18+00:00\",\"dateModified\":\"2026-01-26T15:43:49+00:00\",\"description\":\"The Agibot X2 Ultra represents the high-end flagship of the Lingxi X2 series\u2014a revolutionary bipedal humanoid designed to bridge the gap between research-grade agility and commercial-grade utility. While the base X2 focuses on versatility, the Ultra variant is engineered for power users, researchers, and high-stakes service environments, featuring an upgraded \\\"brain\\\" powered by NVIDIA Orin NX and a significantly expanded range of motion.\",\"breadcrumb\":{\"@id\":\"https:\\\/\\\/www.ghostysky.com\\\/product\\\/agibot-x2-ultra\\\/#breadcrumb\"},\"inLanguage\":\"es\",\"potentialAction\":[{\"@type\":\"ReadAction\",\"target\":[\"https:\\\/\\\/www.ghostysky.com\\\/product\\\/agibot-x2-ultra\\\/\"]}]},{\"@type\":\"ImageObject\",\"inLanguage\":\"es\",\"@id\":\"https:\\\/\\\/www.ghostysky.com\\\/product\\\/agibot-x2-ultra\\\/#primaryimage\",\"url\":\"https:\\\/\\\/www.ghostysky.com\\\/wp-content\\\/uploads\\\/2026\\\/01\\\/GH_Agibot_X2_1.jpg\",\"contentUrl\":\"https:\\\/\\\/www.ghostysky.com\\\/wp-content\\\/uploads\\\/2026\\\/01\\\/GH_Agibot_X2_1.jpg\",\"width\":700,\"height\":700},{\"@type\":\"BreadcrumbList\",\"@id\":\"https:\\\/\\\/www.ghostysky.com\\\/product\\\/agibot-x2-ultra\\\/#breadcrumb\",\"itemListElement\":[{\"@type\":\"ListItem\",\"position\":1,\"name\":\"Home\",\"item\":\"https:\\\/\\\/www.ghostysky.com\\\/\"},{\"@type\":\"ListItem\",\"position\":2,\"name\":\"Shop\",\"item\":\"https:\\\/\\\/www.ghostysky.com\\\/shop\\\/\"},{\"@type\":\"ListItem\",\"position\":3,\"name\":\"Agibot X2 Ultra\"}]},{\"@type\":\"WebSite\",\"@id\":\"https:\\\/\\\/www.ghostysky.com\\\/#website\",\"url\":\"https:\\\/\\\/www.ghostysky.com\\\/\",\"name\":\"Ghostysky\",\"description\":\"Delivering professional drones and robotics solutions\",\"publisher\":{\"@id\":\"https:\\\/\\\/www.ghostysky.com\\\/#organization\"},\"potentialAction\":[{\"@type\":\"SearchAction\",\"target\":{\"@type\":\"EntryPoint\",\"urlTemplate\":\"https:\\\/\\\/www.ghostysky.com\\\/?s={search_term_string}\"},\"query-input\":{\"@type\":\"PropertyValueSpecification\",\"valueRequired\":true,\"valueName\":\"search_term_string\"}}],\"inLanguage\":\"es\"},{\"@type\":\"Organization\",\"@id\":\"https:\\\/\\\/www.ghostysky.com\\\/#organization\",\"name\":\"Ghostysky\",\"url\":\"https:\\\/\\\/www.ghostysky.com\\\/\",\"logo\":{\"@type\":\"ImageObject\",\"inLanguage\":\"es\",\"@id\":\"https:\\\/\\\/www.ghostysky.com\\\/#\\\/schema\\\/logo\\\/image\\\/\",\"url\":\"https:\\\/\\\/www.ghostysky.com\\\/wp-content\\\/uploads\\\/2020\\\/06\\\/cropped-ghostyskylogo_text_white2.png\",\"contentUrl\":\"https:\\\/\\\/www.ghostysky.com\\\/wp-content\\\/uploads\\\/2020\\\/06\\\/cropped-ghostyskylogo_text_white2.png\",\"width\":169,\"height\":56,\"caption\":\"Ghostysky\"},\"image\":{\"@id\":\"https:\\\/\\\/www.ghostysky.com\\\/#\\\/schema\\\/logo\\\/image\\\/\"},\"sameAs\":[\"https:\\\/\\\/www.facebook.com\\\/people\\\/Ghostysky\\\/100057676170234\\\/\",\"https:\\\/\\\/x.com\\\/Gh0stysky\",\"https:\\\/\\\/www.linkedin.com\\\/company\\\/34739653\",\"https:\\\/\\\/www.instagram.com\\\/gh0stysky\"]}]}<\/script>\n<!-- \/ Yoast SEO plugin. -->","yoast_head_json":{"title":"Agibot X2 Ultra - Ghostysky","description":"El Agibot X2 Ultra representa el buque insignia de gama alta de la serie Lingxi X2: un revolucionario humanoide b\u00edpedo dise\u00f1ado para conectar la agilidad de investigaci\u00f3n con la utilidad comercial. Mientras que el X2 b\u00e1sico se centra en la versatilidad, la variante Ultra est\u00e1 dise\u00f1ada para usuarios avanzados, investigadores y entornos de servicio de alto riesgo, con un cerebro mejorado con tecnolog\u00eda NVIDIA Orin NX y un rango de movimiento significativamente mayor.","robots":{"index":"index","follow":"follow","max-snippet":"max-snippet:-1","max-image-preview":"max-image-preview:large","max-video-preview":"max-video-preview:-1"},"canonical":"https:\/\/www.ghostysky.com\/es\/producto-2\/agibot-x2-ultra\/","og_locale":"es_ES","og_type":"article","og_title":"Agibot X2 Ultra - Ghostysky","og_description":"The Agibot X2 Ultra represents the high-end flagship of the Lingxi X2 series\u2014a revolutionary bipedal humanoid designed to bridge the gap between research-grade agility and commercial-grade utility. While the base X2 focuses on versatility, the Ultra variant is engineered for power users, researchers, and high-stakes service environments, featuring an upgraded \"brain\" powered by NVIDIA Orin NX and a significantly expanded range of motion.","og_url":"https:\/\/www.ghostysky.com\/es\/producto-2\/agibot-x2-ultra\/","og_site_name":"Ghostysky","article_publisher":"https:\/\/www.facebook.com\/people\/Ghostysky\/100057676170234\/","article_modified_time":"2026-01-26T15:43:49+00:00","og_image":[{"width":700,"height":700,"url":"https:\/\/www.ghostysky.com\/wp-content\/uploads\/2026\/01\/GH_Agibot_X2_1.jpg","type":"image\/jpeg"}],"twitter_card":"summary_large_image","twitter_site":"@Gh0stysky","twitter_misc":{"Tiempo de lectura":"2 minutos"},"schema":{"@context":"https:\/\/schema.org","@graph":[{"@type":"WebPage","@id":"https:\/\/www.ghostysky.com\/product\/agibot-x2-ultra\/","url":"https:\/\/www.ghostysky.com\/product\/agibot-x2-ultra\/","name":"Agibot X2 Ultra - Ghostysky","isPartOf":{"@id":"https:\/\/www.ghostysky.com\/#website"},"primaryImageOfPage":{"@id":"https:\/\/www.ghostysky.com\/product\/agibot-x2-ultra\/#primaryimage"},"image":{"@id":"https:\/\/www.ghostysky.com\/product\/agibot-x2-ultra\/#primaryimage"},"thumbnailUrl":"https:\/\/www.ghostysky.com\/wp-content\/uploads\/2026\/01\/GH_Agibot_X2_1.jpg","datePublished":"2026-01-26T15:34:18+00:00","dateModified":"2026-01-26T15:43:49+00:00","description":"El Agibot X2 Ultra representa el buque insignia de gama alta de la serie Lingxi X2: un revolucionario humanoide b\u00edpedo dise\u00f1ado para conectar la agilidad de investigaci\u00f3n con la utilidad comercial. Mientras que el X2 b\u00e1sico se centra en la versatilidad, la variante Ultra est\u00e1 dise\u00f1ada para usuarios avanzados, investigadores y entornos de servicio de alto riesgo, con un cerebro mejorado con tecnolog\u00eda NVIDIA Orin NX y un rango de movimiento significativamente mayor.","breadcrumb":{"@id":"https:\/\/www.ghostysky.com\/product\/agibot-x2-ultra\/#breadcrumb"},"inLanguage":"es","potentialAction":[{"@type":"ReadAction","target":["https:\/\/www.ghostysky.com\/product\/agibot-x2-ultra\/"]}]},{"@type":"ImageObject","inLanguage":"es","@id":"https:\/\/www.ghostysky.com\/product\/agibot-x2-ultra\/#primaryimage","url":"https:\/\/www.ghostysky.com\/wp-content\/uploads\/2026\/01\/GH_Agibot_X2_1.jpg","contentUrl":"https:\/\/www.ghostysky.com\/wp-content\/uploads\/2026\/01\/GH_Agibot_X2_1.jpg","width":700,"height":700},{"@type":"BreadcrumbList","@id":"https:\/\/www.ghostysky.com\/product\/agibot-x2-ultra\/#breadcrumb","itemListElement":[{"@type":"ListItem","position":1,"name":"Home","item":"https:\/\/www.ghostysky.com\/"},{"@type":"ListItem","position":2,"name":"Shop","item":"https:\/\/www.ghostysky.com\/shop\/"},{"@type":"ListItem","position":3,"name":"Agibot X2 Ultra"}]},{"@type":"WebSite","@id":"https:\/\/www.ghostysky.com\/#website","url":"https:\/\/www.ghostysky.com\/","name":"Ghostysky","description":"Ofrecemos soluciones profesionales de drones y rob\u00f3tica.","publisher":{"@id":"https:\/\/www.ghostysky.com\/#organization"},"potentialAction":[{"@type":"SearchAction","target":{"@type":"EntryPoint","urlTemplate":"https:\/\/www.ghostysky.com\/?s={search_term_string}"},"query-input":{"@type":"PropertyValueSpecification","valueRequired":true,"valueName":"search_term_string"}}],"inLanguage":"es"},{"@type":"Organization","@id":"https:\/\/www.ghostysky.com\/#organization","name":"Ghostysky","url":"https:\/\/www.ghostysky.com\/","logo":{"@type":"ImageObject","inLanguage":"es","@id":"https:\/\/www.ghostysky.com\/#\/schema\/logo\/image\/","url":"https:\/\/www.ghostysky.com\/wp-content\/uploads\/2020\/06\/cropped-ghostyskylogo_text_white2.png","contentUrl":"https:\/\/www.ghostysky.com\/wp-content\/uploads\/2020\/06\/cropped-ghostyskylogo_text_white2.png","width":169,"height":56,"caption":"Ghostysky"},"image":{"@id":"https:\/\/www.ghostysky.com\/#\/schema\/logo\/image\/"},"sameAs":["https:\/\/www.facebook.com\/people\/Ghostysky\/100057676170234\/","https:\/\/x.com\/Gh0stysky","https:\/\/www.linkedin.com\/company\/34739653","https:\/\/www.instagram.com\/gh0stysky"]}]}},"_links":{"self":[{"href":"https:\/\/www.ghostysky.com\/es\/wp-json\/wp\/v2\/product\/23818","targetHints":{"allow":["GET"]}}],"collection":[{"href":"https:\/\/www.ghostysky.com\/es\/wp-json\/wp\/v2\/product"}],"about":[{"href":"https:\/\/www.ghostysky.com\/es\/wp-json\/wp\/v2\/types\/product"}],"replies":[{"embeddable":true,"href":"https:\/\/www.ghostysky.com\/es\/wp-json\/wp\/v2\/comments?post=23818"}],"version-history":[{"count":0,"href":"https:\/\/www.ghostysky.com\/es\/wp-json\/wp\/v2\/product\/23818\/revisions"}],"wp:featuredmedia":[{"embeddable":true,"href":"https:\/\/www.ghostysky.com\/es\/wp-json\/wp\/v2\/media\/23806"}],"wp:attachment":[{"href":"https:\/\/www.ghostysky.com\/es\/wp-json\/wp\/v2\/media?parent=23818"}],"wp:term":[{"taxonomy":"product_brand","embeddable":true,"href":"https:\/\/www.ghostysky.com\/es\/wp-json\/wp\/v2\/product_brand?post=23818"},{"taxonomy":"product_cat","embeddable":true,"href":"https:\/\/www.ghostysky.com\/es\/wp-json\/wp\/v2\/product_cat?post=23818"},{"taxonomy":"product_tag","embeddable":true,"href":"https:\/\/www.ghostysky.com\/es\/wp-json\/wp\/v2\/product_tag?post=23818"}],"curies":[{"name":"wp","href":"https:\/\/api.w.org\/{rel}","templated":true}]}}