{"id":23826,"date":"2026-01-26T15:57:09","date_gmt":"2026-01-26T15:57:09","guid":{"rendered":"https:\/\/www.ghostysky.com\/?post_type=product&#038;p=23826"},"modified":"2026-01-26T16:08:51","modified_gmt":"2026-01-26T16:08:51","slug":"agibot-a2-lite","status":"publish","type":"product","link":"https:\/\/www.ghostysky.com\/es\/product\/agibot-a2-lite\/","title":{"rendered":"Agibot A2 Lite"},"content":{"rendered":"<p data-path-to-node=\"3\">Mientras que sus hermanos se encargan del trabajo pesado industrial, el <b data-path-to-node=\"3\" data-index-in-node=\"56\">A2 Lite<\/b> Est\u00e1 optimizado para la velocidad, la precisi\u00f3n y la interacci\u00f3n. Es un humanoide de tama\u00f1o real que combina una est\u00e9tica elegante y futurista con una robusta estructura esquel\u00e9tica, lo que lo convierte en el embajador de marca perfecto para entornos de alto tr\u00e1fico.<\/p>\n<div class=\"source-inline-chip-container ng-star-inserted\"><\/div>\n<h3 data-path-to-node=\"7\">Inteligencia e interacci\u00f3n<\/h3>\n<p data-path-to-node=\"8\"><span class=\"citation-110\">El A2 Lite no es solo una m\u00e1quina; es un <\/span><b data-path-to-node=\"8\" data-index-in-node=\"42\"><span class=\"citation-110\">IA encarnada<\/span><\/b><span class=\"citation-110 citation-end-110\"> central el\u00e9ctrica.<\/span> <span class=\"citation-109\">Desarrollado por un sistema inform\u00e1tico de 200 TOPS y el <\/span><b data-path-to-node=\"8\" data-index-in-node=\"113\"><span class=\"citation-109\">WorkGPT<\/span><\/b><span class=\"citation-109 citation-end-109\"> Modelo multimodal, percibe el mundo con matices humanos.<\/span><\/p>\n<ul data-path-to-node=\"9\">\n<li>\n<p data-path-to-node=\"9,0,0\"><b data-path-to-node=\"9,0,0\" data-index-in-node=\"0\"><span class=\"citation-108\">Percepci\u00f3n multimodal:<\/span><\/b><span class=\"citation-108 citation-end-108\"> Integrado con LiDAR de 360\u00b0, c\u00e1maras RGB-D y un conjunto de micr\u00f3fonos de alta fidelidad.<\/span><\/p>\n<\/li>\n<li>\n<p data-path-to-node=\"9,1,0\"><b data-path-to-node=\"9,1,0\" data-index-in-node=\"0\">Di\u00e1logo natural:<\/b><span class=\"citation-107 citation-end-107\"> Admite conversaci\u00f3n d\u00faplex completo en tiempo real.<\/span> <span class=\"citation-106\">Puede filtrar el ruido de fondo con una precisi\u00f3n de 96% y utiliza <\/span><b data-path-to-node=\"9,1,0\" data-index-in-node=\"122\"><span class=\"citation-106\">labiolectura<\/span><\/b><span class=\"citation-106 citation-end-106\"> centrarse en la persona que habla.<\/span><\/p>\n<\/li>\n<li>\n<p data-path-to-node=\"9,2,0\"><b data-path-to-node=\"9,2,0\" data-index-in-node=\"0\"><span class=\"citation-105\">Reconocimiento facial:<\/span><\/b><span class=\"citation-105 citation-end-105\"> Cuenta con una tasa de \u201cactivaci\u00f3n facial\u201d 99%, lo que le permite saludar de forma proactiva a los clientes o miembros del personal que regresan.<\/span><\/p>\n<div class=\"source-inline-chip-container ng-star-inserted\"><\/div>\n<\/li>\n<\/ul>\n<h3 data-path-to-node=\"11\">Casos de uso ideales<\/h3>\n<p data-path-to-node=\"12\"><span class=\"citation-104 citation-end-104\">El A2 Lite est\u00e1 dise\u00f1ado para destacarse en funciones de \u201cServicio interactivo\u201d donde la presentaci\u00f3n y la confiabilidad son importantes:<\/span><\/p>\n<ul data-path-to-node=\"13\">\n<li>\n<p data-path-to-node=\"13,0,0\"><b data-path-to-node=\"13,0,0\" data-index-in-node=\"0\"><span class=\"citation-103\">Hosteler\u00eda y comercio minorista:<\/span><\/b><span class=\"citation-103 citation-end-103\"> Saludar a los invitados, brindar servicios de conserjer\u00eda o guiar a los compradores a trav\u00e9s de los centros comerciales.<\/span><\/p>\n<\/li>\n<li>\n<p data-path-to-node=\"13,1,0\"><b data-path-to-node=\"13,1,0\" data-index-in-node=\"0\">Exposici\u00f3n y marketing:<\/b> Realizar presentaciones en ferias comerciales o actuar como portavoz de alta tecnolog\u00eda.<\/p>\n<\/li>\n<li>\n<p data-path-to-node=\"13,2,0\"><b data-path-to-node=\"13,2,0\" data-index-in-node=\"0\"><span class=\"citation-102\">Recepci\u00f3n corporativa:<\/span><\/b><span class=\"citation-102 citation-end-102\"> Gestionar consultas en recepci\u00f3n y guiar a los visitantes a trav\u00e9s de los complejos de oficinas.<\/span><\/p>\n<\/li>\n<li>\n<p data-path-to-node=\"13,3,0\"><b data-path-to-node=\"13,3,0\" data-index-in-node=\"0\">Investigaci\u00f3n y desarrollo:<\/b> Una versi\u00f3n de plataforma abierta (a menudo asociada con las variantes Lite\/Youth) permite a los desarrolladores probar nuevos comportamientos de IA incorporada.<\/p>\n<\/li>\n<\/ul>\n<h3 data-path-to-node=\"15\">Seguridad y resistencia<\/h3>\n<ul data-path-to-node=\"16\">\n<li>\n<p data-path-to-node=\"16,0,0\"><b data-path-to-node=\"16,0,0\" data-index-in-node=\"0\">Movilidad Aut\u00f3noma L4:<\/b><span class=\"citation-101 citation-end-101\"> Utiliza el algoritmo HIMUS 3D-SLAM para una navegaci\u00f3n de baja latencia en espacios din\u00e1micos y concurridos.<\/span><\/p>\n<\/li>\n<li>\n<p data-path-to-node=\"16,1,0\"><b data-path-to-node=\"16,1,0\" data-index-in-node=\"0\"><span class=\"citation-100\">Bater\u00eda intercambiable en caliente:<\/span><\/b><span class=\"citation-100 citation-end-100\"> Dise\u00f1ado para un tiempo de funcionamiento casi continuo con soporte de bater\u00eda de cambio r\u00e1pido.<\/span><\/p>\n<\/li>\n<li>\n<p data-path-to-node=\"16,2,0\"><b data-path-to-node=\"16,2,0\" data-index-in-node=\"0\">Grado de seguridad:<\/b><span class=\"citation-99 citation-end-99\"> Cuenta con protecci\u00f3n de seguridad de nivel PLd con monitoreo de triple capa para garantizar que pueda funcionar de manera segura junto a humanos.<\/span><\/p>\n<\/li>\n<\/ul>\n<blockquote data-path-to-node=\"17\">\n<p data-path-to-node=\"17,0\"><b data-path-to-node=\"17,0\" data-index-in-node=\"0\">Dato curioso:<\/b><span class=\"citation-98\"> La serie A2 posee un r\u00e9cord mundial Guinness de resistencia, con una unidad A2 caminando con \u00e9xito <\/span><b data-path-to-node=\"17,0\" data-index-in-node=\"106\"><span class=\"citation-98\">m\u00e1s de 100 kil\u00f3metros<\/span><\/b><span class=\"citation-98 citation-end-98\"> (de Suzhou a Shanghai) de forma totalmente aut\u00f3noma.<\/span><\/p>\n<\/blockquote>\n<h3 data-path-to-node=\"4\">Especificaciones clave y hardware<\/h3>\n<p><a href=\"https:\/\/www.ghostysky.com\/wp-content\/uploads\/2026\/01\/GH_AgibotA2_Specs_Comp.png\"><img fetchpriority=\"high\" decoding=\"async\" class=\"alignnone wp-image-23830 size-full lazyload\" src=\"datos:imagen\/gif;base64,R0lGODlhAQABAAAAACH5BAEKAAEALAAAAAABAAEAAAICTAEAOw==\" alt=\"\" width=\"1109\" height=\"1882\" sizes=\"(max-width: 1109px) 100vw, 1109px\" data-src=\"datos:imagen\/gif;base64,R0lGODlhAQABAAAAACH5BAEKAAEALAAAAAABAAEAAAICTAEAOw==\" data-srcset=\"\" srcset=\"\"><\/a><\/p>","protected":false},"excerpt":{"rendered":"<p>Conoce a los <b data-path-to-node=\"0\" data-index-in-node=\"9\">Agibot A2 Lite<\/b>El humanoide interactivo de alto rendimiento, dise\u00f1ado para conectar la rob\u00f3tica de laboratorio avanzada con las aplicaciones comerciales reales. Desarrollado por Agibot (Zhiyuan Robotics), este modelo forma parte de la innovadora serie A2, dise\u00f1ada espec\u00edficamente para entornos donde la interacci\u00f3n similar a la humana y la agilidad de movimiento son fundamentales.<\/p>","protected":false},"featured_media":23828,"comment_status":"open","ping_status":"closed","template":"","meta":[],"product_brand":[1345],"product_cat":[1342,1343,1038,1037],"product_tag":[1346,1350,1349],"class_list":{"0":"post-23826","1":"product","2":"type-product","3":"status-publish","4":"has-post-thumbnail","6":"product_brand-agibot","7":"product_cat-agibot","8":"product_cat-agibot-robots","9":"product_cat-humanoid","10":"product_cat-robotics","11":"product_tag-agibot","12":"product_tag-agibot-a2-humanoid","13":"product_tag-agibot-a2-series","15":"first","16":"outofstock","17":"taxable","18":"shipping-taxable","19":"purchasable","20":"product-type-simple"},"yoast_head":"<!-- This site is optimized with the Yoast SEO plugin v27.1.1 - https:\/\/yoast.com\/product\/yoast-seo-wordpress\/ -->\n<title>Agibot A2 Lite - Ghostysky<\/title>\n<meta name=\"description\" content=\"Meet the Agibot A2 Lite, the high-performance, interactive humanoid designed to bridge the gap between advanced lab robotics and real-world commercial application. Developed by Agibot (Zhiyuan Robotics), this model is part of the groundbreaking A2 series, engineered specifically for environments where human-like interaction and agile movement are paramount.\" \/>\n<meta name=\"robots\" content=\"index, follow, max-snippet:-1, max-image-preview:large, max-video-preview:-1\" \/>\n<link rel=\"canonical\" href=\"https:\/\/www.ghostysky.com\/es\/producto-2\/agibot-a2-lite\/\" \/>\n<meta property=\"og:locale\" content=\"es_ES\" \/>\n<meta property=\"og:type\" content=\"article\" \/>\n<meta property=\"og:title\" content=\"Agibot A2 Lite - Ghostysky\" \/>\n<meta property=\"og:description\" content=\"Meet the Agibot A2 Lite, the high-performance, interactive humanoid designed to bridge the gap between advanced lab robotics and real-world commercial application. Developed by Agibot (Zhiyuan Robotics), this model is part of the groundbreaking A2 series, engineered specifically for environments where human-like interaction and agile movement are paramount.\" \/>\n<meta property=\"og:url\" content=\"https:\/\/www.ghostysky.com\/es\/producto-2\/agibot-a2-lite\/\" \/>\n<meta property=\"og:site_name\" content=\"Ghostysky\" \/>\n<meta property=\"article:publisher\" content=\"https:\/\/www.facebook.com\/people\/Ghostysky\/100057676170234\/\" \/>\n<meta property=\"article:modified_time\" content=\"2026-01-26T16:08:51+00:00\" \/>\n<meta property=\"og:image\" content=\"https:\/\/www.ghostysky.com\/wp-content\/uploads\/2026\/01\/GH_Agibot_A2_Lite_1_1.png\" \/>\n\t<meta property=\"og:image:width\" content=\"320\" \/>\n\t<meta property=\"og:image:height\" content=\"426\" \/>\n\t<meta property=\"og:image:type\" content=\"image\/png\" \/>\n<meta name=\"twitter:card\" content=\"summary_large_image\" \/>\n<meta name=\"twitter:site\" content=\"@Gh0stysky\" \/>\n<meta name=\"twitter:label1\" content=\"Tiempo de lectura\" \/>\n\t<meta name=\"twitter:data1\" content=\"2 minutos\" \/>\n<script type=\"application\/ld+json\" class=\"yoast-schema-graph\">{\"@context\":\"https:\/\/schema.org\",\"@graph\":[{\"@type\":\"WebPage\",\"@id\":\"https:\/\/www.ghostysky.com\/product\/agibot-a2-lite\/\",\"url\":\"https:\/\/www.ghostysky.com\/product\/agibot-a2-lite\/\",\"name\":\"Agibot A2 Lite - Ghostysky\",\"isPartOf\":{\"@id\":\"https:\/\/www.ghostysky.com\/#website\"},\"primaryImageOfPage\":{\"@id\":\"https:\/\/www.ghostysky.com\/product\/agibot-a2-lite\/#primaryimage\"},\"image\":{\"@id\":\"https:\/\/www.ghostysky.com\/product\/agibot-a2-lite\/#primaryimage\"},\"thumbnailUrl\":\"https:\/\/www.ghostysky.com\/wp-content\/uploads\/2026\/01\/GH_Agibot_A2_Lite_1_1.png\",\"datePublished\":\"2026-01-26T15:57:09+00:00\",\"dateModified\":\"2026-01-26T16:08:51+00:00\",\"description\":\"Meet the Agibot A2 Lite, the high-performance, interactive humanoid designed to bridge the gap between advanced lab robotics and real-world commercial application. Developed by Agibot (Zhiyuan Robotics), this model is part of the groundbreaking A2 series, engineered specifically for environments where human-like interaction and agile movement are paramount.\",\"breadcrumb\":{\"@id\":\"https:\/\/www.ghostysky.com\/product\/agibot-a2-lite\/#breadcrumb\"},\"inLanguage\":\"es\",\"potentialAction\":[{\"@type\":\"ReadAction\",\"target\":[\"https:\/\/www.ghostysky.com\/product\/agibot-a2-lite\/\"]}]},{\"@type\":\"ImageObject\",\"inLanguage\":\"es\",\"@id\":\"https:\/\/www.ghostysky.com\/product\/agibot-a2-lite\/#primaryimage\",\"url\":\"https:\/\/www.ghostysky.com\/wp-content\/uploads\/2026\/01\/GH_Agibot_A2_Lite_1_1.png\",\"contentUrl\":\"https:\/\/www.ghostysky.com\/wp-content\/uploads\/2026\/01\/GH_Agibot_A2_Lite_1_1.png\",\"width\":320,\"height\":426},{\"@type\":\"BreadcrumbList\",\"@id\":\"https:\/\/www.ghostysky.com\/product\/agibot-a2-lite\/#breadcrumb\",\"itemListElement\":[{\"@type\":\"ListItem\",\"position\":1,\"name\":\"Home\",\"item\":\"https:\/\/www.ghostysky.com\/\"},{\"@type\":\"ListItem\",\"position\":2,\"name\":\"Shop\",\"item\":\"https:\/\/www.ghostysky.com\/shop\/\"},{\"@type\":\"ListItem\",\"position\":3,\"name\":\"Agibot A2 Lite\"}]},{\"@type\":\"WebSite\",\"@id\":\"https:\/\/www.ghostysky.com\/#website\",\"url\":\"https:\/\/www.ghostysky.com\/\",\"name\":\"Ghostysky\",\"description\":\"Delivering professional drones and services\",\"publisher\":{\"@id\":\"https:\/\/www.ghostysky.com\/#organization\"},\"potentialAction\":[{\"@type\":\"SearchAction\",\"target\":{\"@type\":\"EntryPoint\",\"urlTemplate\":\"https:\/\/www.ghostysky.com\/?s={search_term_string}\"},\"query-input\":{\"@type\":\"PropertyValueSpecification\",\"valueRequired\":true,\"valueName\":\"search_term_string\"}}],\"inLanguage\":\"es\"},{\"@type\":\"Organization\",\"@id\":\"https:\/\/www.ghostysky.com\/#organization\",\"name\":\"Ghostysky\",\"url\":\"https:\/\/www.ghostysky.com\/\",\"logo\":{\"@type\":\"ImageObject\",\"inLanguage\":\"es\",\"@id\":\"https:\/\/www.ghostysky.com\/#\/schema\/logo\/image\/\",\"url\":\"https:\/\/www.ghostysky.com\/wp-content\/uploads\/2020\/06\/cropped-ghostyskylogo_text_white2.png\",\"contentUrl\":\"https:\/\/www.ghostysky.com\/wp-content\/uploads\/2020\/06\/cropped-ghostyskylogo_text_white2.png\",\"width\":169,\"height\":56,\"caption\":\"Ghostysky\"},\"image\":{\"@id\":\"https:\/\/www.ghostysky.com\/#\/schema\/logo\/image\/\"},\"sameAs\":[\"https:\/\/www.facebook.com\/people\/Ghostysky\/100057676170234\/\",\"https:\/\/x.com\/Gh0stysky\",\"https:\/\/www.linkedin.com\/company\/34739653\",\"https:\/\/www.instagram.com\/gh0stysky\"]}]}<\/script>\n<!-- \/ Yoast SEO plugin. -->","yoast_head_json":{"title":"Agibot A2 Lite - Ghostysky","description":"Conozca el Agibot A2 Lite, el humanoide interactivo de alto rendimiento dise\u00f1ado para conectar la rob\u00f3tica de laboratorio avanzada con las aplicaciones comerciales reales. Desarrollado por Agibot (Zhiyuan Robotics), este modelo forma parte de la innovadora serie A2, dise\u00f1ada espec\u00edficamente para entornos donde la interacci\u00f3n similar a la humana y la agilidad de movimiento son fundamentales.","robots":{"index":"index","follow":"follow","max-snippet":"max-snippet:-1","max-image-preview":"max-image-preview:large","max-video-preview":"max-video-preview:-1"},"canonical":"https:\/\/www.ghostysky.com\/es\/producto-2\/agibot-a2-lite\/","og_locale":"es_ES","og_type":"article","og_title":"Agibot A2 Lite - Ghostysky","og_description":"Meet the Agibot A2 Lite, the high-performance, interactive humanoid designed to bridge the gap between advanced lab robotics and real-world commercial application. Developed by Agibot (Zhiyuan Robotics), this model is part of the groundbreaking A2 series, engineered specifically for environments where human-like interaction and agile movement are paramount.","og_url":"https:\/\/www.ghostysky.com\/es\/producto-2\/agibot-a2-lite\/","og_site_name":"Ghostysky","article_publisher":"https:\/\/www.facebook.com\/people\/Ghostysky\/100057676170234\/","article_modified_time":"2026-01-26T16:08:51+00:00","og_image":[{"width":320,"height":426,"url":"https:\/\/www.ghostysky.com\/wp-content\/uploads\/2026\/01\/GH_Agibot_A2_Lite_1_1.png","type":"image\/png"}],"twitter_card":"summary_large_image","twitter_site":"@Gh0stysky","twitter_misc":{"Tiempo de lectura":"2 minutos"},"schema":{"@context":"https:\/\/schema.org","@graph":[{"@type":"WebPage","@id":"https:\/\/www.ghostysky.com\/product\/agibot-a2-lite\/","url":"https:\/\/www.ghostysky.com\/product\/agibot-a2-lite\/","name":"Agibot A2 Lite - Ghostysky","isPartOf":{"@id":"https:\/\/www.ghostysky.com\/#website"},"primaryImageOfPage":{"@id":"https:\/\/www.ghostysky.com\/product\/agibot-a2-lite\/#primaryimage"},"image":{"@id":"https:\/\/www.ghostysky.com\/product\/agibot-a2-lite\/#primaryimage"},"thumbnailUrl":"https:\/\/www.ghostysky.com\/wp-content\/uploads\/2026\/01\/GH_Agibot_A2_Lite_1_1.png","datePublished":"2026-01-26T15:57:09+00:00","dateModified":"2026-01-26T16:08:51+00:00","description":"Conozca el Agibot A2 Lite, el humanoide interactivo de alto rendimiento dise\u00f1ado para conectar la rob\u00f3tica de laboratorio avanzada con las aplicaciones comerciales reales. Desarrollado por Agibot (Zhiyuan Robotics), este modelo forma parte de la innovadora serie A2, dise\u00f1ada espec\u00edficamente para entornos donde la interacci\u00f3n similar a la humana y la agilidad de movimiento son fundamentales.","breadcrumb":{"@id":"https:\/\/www.ghostysky.com\/product\/agibot-a2-lite\/#breadcrumb"},"inLanguage":"es","potentialAction":[{"@type":"ReadAction","target":["https:\/\/www.ghostysky.com\/product\/agibot-a2-lite\/"]}]},{"@type":"ImageObject","inLanguage":"es","@id":"https:\/\/www.ghostysky.com\/product\/agibot-a2-lite\/#primaryimage","url":"https:\/\/www.ghostysky.com\/wp-content\/uploads\/2026\/01\/GH_Agibot_A2_Lite_1_1.png","contentUrl":"https:\/\/www.ghostysky.com\/wp-content\/uploads\/2026\/01\/GH_Agibot_A2_Lite_1_1.png","width":320,"height":426},{"@type":"BreadcrumbList","@id":"https:\/\/www.ghostysky.com\/product\/agibot-a2-lite\/#breadcrumb","itemListElement":[{"@type":"ListItem","position":1,"name":"Home","item":"https:\/\/www.ghostysky.com\/"},{"@type":"ListItem","position":2,"name":"Shop","item":"https:\/\/www.ghostysky.com\/shop\/"},{"@type":"ListItem","position":3,"name":"Agibot A2 Lite"}]},{"@type":"WebSite","@id":"https:\/\/www.ghostysky.com\/#website","url":"https:\/\/www.ghostysky.com\/","name":"Ghostysky","description":"Entrega de drones y servicios profesionales","publisher":{"@id":"https:\/\/www.ghostysky.com\/#organization"},"potentialAction":[{"@type":"SearchAction","target":{"@type":"EntryPoint","urlTemplate":"https:\/\/www.ghostysky.com\/?s={search_term_string}"},"query-input":{"@type":"PropertyValueSpecification","valueRequired":true,"valueName":"search_term_string"}}],"inLanguage":"es"},{"@type":"Organization","@id":"https:\/\/www.ghostysky.com\/#organization","name":"Ghostysky","url":"https:\/\/www.ghostysky.com\/","logo":{"@type":"ImageObject","inLanguage":"es","@id":"https:\/\/www.ghostysky.com\/#\/schema\/logo\/image\/","url":"https:\/\/www.ghostysky.com\/wp-content\/uploads\/2020\/06\/cropped-ghostyskylogo_text_white2.png","contentUrl":"https:\/\/www.ghostysky.com\/wp-content\/uploads\/2020\/06\/cropped-ghostyskylogo_text_white2.png","width":169,"height":56,"caption":"Ghostysky"},"image":{"@id":"https:\/\/www.ghostysky.com\/#\/schema\/logo\/image\/"},"sameAs":["https:\/\/www.facebook.com\/people\/Ghostysky\/100057676170234\/","https:\/\/x.com\/Gh0stysky","https:\/\/www.linkedin.com\/company\/34739653","https:\/\/www.instagram.com\/gh0stysky"]}]}},"_links":{"self":[{"href":"https:\/\/www.ghostysky.com\/es\/wp-json\/wp\/v2\/product\/23826","targetHints":{"allow":["GET"]}}],"collection":[{"href":"https:\/\/www.ghostysky.com\/es\/wp-json\/wp\/v2\/product"}],"about":[{"href":"https:\/\/www.ghostysky.com\/es\/wp-json\/wp\/v2\/types\/product"}],"replies":[{"embeddable":true,"href":"https:\/\/www.ghostysky.com\/es\/wp-json\/wp\/v2\/comments?post=23826"}],"wp:featuredmedia":[{"embeddable":true,"href":"https:\/\/www.ghostysky.com\/es\/wp-json\/wp\/v2\/media\/23828"}],"wp:attachment":[{"href":"https:\/\/www.ghostysky.com\/es\/wp-json\/wp\/v2\/media?parent=23826"}],"wp:term":[{"taxonomy":"product_brand","embeddable":true,"href":"https:\/\/www.ghostysky.com\/es\/wp-json\/wp\/v2\/product_brand?post=23826"},{"taxonomy":"product_cat","embeddable":true,"href":"https:\/\/www.ghostysky.com\/es\/wp-json\/wp\/v2\/product_cat?post=23826"},{"taxonomy":"product_tag","embeddable":true,"href":"https:\/\/www.ghostysky.com\/es\/wp-json\/wp\/v2\/product_tag?post=23826"}],"curies":[{"name":"wp","href":"https:\/\/api.w.org\/{rel}","templated":true}]}}