{"id":23832,"date":"2026-01-26T16:10:21","date_gmt":"2026-01-26T16:10:21","guid":{"rendered":"https:\/\/www.ghostysky.com\/?post_type=product&#038;p=23832"},"modified":"2026-01-26T16:25:07","modified_gmt":"2026-01-26T16:25:07","slug":"agibot-a2-ultra","status":"publish","type":"product","link":"https:\/\/www.ghostysky.com\/es\/product\/agibot-a2-ultra\/","title":{"rendered":"Agibot A2 Ultra"},"content":{"rendered":"<h3 data-path-to-node=\"3\">El nuevo est\u00e1ndar para la excelencia humanoide<\/h3>\n<p data-path-to-node=\"4\"><span class=\"citation-156 citation-end-156\">El A2 Ultra no es s\u00f3lo un prototipo: es un \u201cjugador de equipo\u201d producido en masa.<\/span> De pie en <b data-path-to-node=\"4\" data-index-in-node=\"84\">169 cent\u00edmetros<\/b> (aprox. <span class=\"citation-155\">5&#039;6\u2033) y pesa <\/span><b data-path-to-node=\"4\" data-index-in-node=\"118\"><span class=\"citation-155\">69 kilos<\/span><\/b><span class=\"citation-155 citation-end-155\">Sus proporciones son intencionalmente humanas para garantizar que se adapte perfectamente a entornos dise\u00f1ados para personas, desde centros comerciales hasta vest\u00edbulos corporativos.<\/span><\/p>\n<h3 data-path-to-node=\"5\">Caracter\u00edsticas principales y rendimiento<\/h3>\n<ul data-path-to-node=\"6\">\n<li>\n<p data-path-to-node=\"6,0,0\"><b data-path-to-node=\"6,0,0\" data-index-in-node=\"0\">R\u00e9cord mundial de resistencia:<\/b><span class=\"citation-154\"> El A2 Ultra tiene el r\u00e9cord mundial Guinness de la distancia m\u00e1s larga caminada por un humanoide, cubriendo <\/span><b data-path-to-node=\"6,0,0\" data-index-in-node=\"125\"><span class=\"citation-154\">106,28 kil\u00f3metros<\/span><\/b><span class=\"citation-154 citation-end-154\"> de forma aut\u00f3noma.<\/span> Est\u00e1 dise\u00f1ado para operaciones 24 horas al d\u00eda, 7 d\u00edas a la semana, con soporte para <b data-path-to-node=\"6,0,0\" data-index-in-node=\"198\">bater\u00edas intercambiables en caliente<\/b>.<\/p>\n<\/li>\n<li>\n<p data-path-to-node=\"6,1,0\"><b data-path-to-node=\"6,1,0\" data-index-in-node=\"0\"><span class=\"citation-153\">Interacci\u00f3n de alta fidelidad:<\/span><\/b><span class=\"citation-153\"> Energizado por <\/span><b data-path-to-node=\"6,1,0\" data-index-in-node=\"38\"><span class=\"citation-153\">WorkGPT<\/span><\/b><span class=\"citation-153 citation-end-153\"> (un modelo de lenguaje grande propietario), el A2 Ultra presenta una precisi\u00f3n de 96% en reconocimiento de voz incluso en entornos ruidosos y una tasa de activaci\u00f3n facial de 99%.<\/span><\/p>\n<\/li>\n<li>\n<p data-path-to-node=\"6,2,0\"><b data-path-to-node=\"6,2,0\" data-index-in-node=\"0\"><span class=\"citation-152\">Manipulaci\u00f3n diestra:<\/span><\/b><span class=\"citation-152\"> Equipado con un <\/span><b data-path-to-node=\"6,2,0\" data-index-in-node=\"40\"><span class=\"citation-152\">Mano diestra de 6 grados de libertad<\/span><\/b><span class=\"citation-152 citation-end-152\">Puede realizar tareas operativas ligeras y gestos que resultan naturales y emp\u00e1ticos.<\/span><\/p>\n<\/li>\n<li>\n<p data-path-to-node=\"6,3,0\"><b data-path-to-node=\"6,3,0\" data-index-in-node=\"0\"><span class=\"citation-151\">Navegaci\u00f3n aut\u00f3noma:<\/span><\/b><span class=\"citation-151\"> Usando el <\/span><b data-path-to-node=\"6,3,0\" data-index-in-node=\"33\"><span class=\"citation-151\">HIMUS 3D-SLAM<\/span><\/b><span class=\"citation-151 citation-end-151\"> Gracias al sistema y al Lidar de 360\u00b0, el robot logra una movilidad aut\u00f3noma de nivel L4, navegando en espacios complejos y abarrotados sin intervenci\u00f3n humana.<\/span><\/p>\n<p>&nbsp;<\/li>\n<\/ul>\n<h3 data-path-to-node=\"11\">Versatilidad en todas las industrias<\/h3>\n<p data-path-to-node=\"12\"><span class=\"citation-150\">El A2 Ultra es un \u201ccamale\u00f3n\u201d en la fuerza laboral, adaptable a trav\u00e9s de su <\/span><b data-path-to-node=\"12\" data-index-in-node=\"70\"><span class=\"citation-150\">Plataforma Linksoul<\/span><\/b><span class=\"citation-150 citation-end-150\">, que permite a las empresas personalizar su base de conocimientos, su voz y su personalidad.<\/span><\/p>\n<ul data-path-to-node=\"13\">\n<li>\n<p data-path-to-node=\"13,0,0\"><b data-path-to-node=\"13,0,0\" data-index-in-node=\"0\"><span class=\"citation-149\">Hosteler\u00eda y Turismo:<\/span><\/b><span class=\"citation-149 citation-end-149\"> Saludos proactivos, orientaci\u00f3n en ruta y consultor\u00eda empresarial multiling\u00fce.<\/span><\/p>\n<\/li>\n<li>\n<p data-path-to-node=\"13,1,0\"><b data-path-to-node=\"13,1,0\" data-index-in-node=\"0\"><span class=\"citation-148\">Marketing y eventos:<\/span><\/b><span class=\"citation-148 citation-end-148\"> Embajadores de marca personalizados IP para exposiciones y galas televisadas.<\/span><\/p>\n<\/li>\n<li>\n<p data-path-to-node=\"13,2,0\"><b data-path-to-node=\"13,2,0\" data-index-in-node=\"0\">Rendimiento comercial:<\/b><span class=\"citation-147 citation-end-147\"> Capaz de realizar bailes programados y movimientos sincronizados de \u201cenjambre\u201d para entretenimiento.<\/span><\/p>\n<\/li>\n<\/ul>\n<blockquote data-path-to-node=\"14\">\n<p data-path-to-node=\"14,0\"><b data-path-to-node=\"14,0\" data-index-in-node=\"0\">Dato curioso:<\/b><span class=\"citation-146\"> El A2 Ultra hizo recientemente su debut en Estados Unidos en <\/span><b data-path-to-node=\"14,0\" data-index-in-node=\"55\"><span class=\"citation-146\">CES 2026<\/span><\/b><span class=\"citation-146 citation-end-146\">, donde realiz\u00f3 Tai Chi en el escenario para demostrar su excepcional equilibrio y control motor.<\/span><\/p>\n<\/blockquote>\n<h3 data-path-to-node=\"4\">Especificaciones clave y hardware<\/h3>\n<p><a href=\"https:\/\/www.ghostysky.com\/wp-content\/uploads\/2026\/01\/GH_AgibotA2_Specs_Comp.png\"><img fetchpriority=\"high\" decoding=\"async\" class=\"alignnone wp-image-23830 size-full lazyload\" src=\"datos:imagen\/gif;base64,R0lGODlhAQABAAAAACH5BAEKAAEALAAAAAABAAEAAAICTAEAOw==\" alt=\"\" width=\"1109\" height=\"1882\" sizes=\"(max-width: 1109px) 100vw, 1109px\" data-src=\"datos:imagen\/gif;base64,R0lGODlhAQABAAAAACH5BAEKAAEALAAAAAABAAEAAAICTAEAOw==\" data-srcset=\"\" srcset=\"\"><\/a><\/p>","protected":false},"excerpt":{"rendered":"<p data-path-to-node=\"0\"><span class=\"citation-159\">Conoce a los <\/span><b data-path-to-node=\"0\" data-index-in-node=\"9\"><span class=\"citation-159\">Agibot A2 Ultra<\/span><\/b><span class=\"citation-159 citation-end-159\">, la potencia de la serie A2 y poseedor de un r\u00e9cord mundial Guinness.<\/span> <span class=\"citation-158 citation-end-158\">Construido por Agibot (Shanghai) Technology, este es un robot humanoide de tama\u00f1o real dise\u00f1ado para cerrar la brecha entre la tecnolog\u00eda futurista y la confiabilidad comercial del mundo real.<\/span><\/p>\n<p data-path-to-node=\"1\"><span class=\"citation-157 citation-end-157\">Ya sea para saludar a los hu\u00e9spedes en la recepci\u00f3n o caminar m\u00e1s de 100 kil\u00f3metros por las ciudades, el A2 Ultra est\u00e1 dise\u00f1ado para la resistencia y la interacci\u00f3n inteligente.<\/span><\/p>","protected":false},"featured_media":23837,"comment_status":"open","ping_status":"closed","template":"","meta":[],"product_brand":[1345],"product_cat":[1342,1343,1038,1037],"product_tag":[1346,1350,1349],"class_list":{"0":"post-23832","1":"product","2":"type-product","3":"status-publish","4":"has-post-thumbnail","6":"product_brand-agibot","7":"product_cat-agibot","8":"product_cat-agibot-robots","9":"product_cat-humanoid","10":"product_cat-robotics","11":"product_tag-agibot","12":"product_tag-agibot-a2-humanoid","13":"product_tag-agibot-a2-series","15":"first","16":"outofstock","17":"taxable","18":"shipping-taxable","19":"product-type-simple"},"yoast_head":"<!-- This site is optimized with the Yoast SEO plugin v27.1.1 - https:\/\/yoast.com\/product\/yoast-seo-wordpress\/ -->\n<title>Agibot A2 Ultra - Ghostysky<\/title>\n<meta name=\"description\" content=\"Meet the Agibot A2 Ultra, the powerhouse of the A2 series and a Guinness World Record holder. Built by Agibot (Shanghai) Technology, this is a full-size humanoid robot designed to bridge the gap between futuristic tech and real-world commercial reliability.Whether it\u2019s greeting guests at a front desk or walking 100+ kilometers across cities, the A2 Ultra is engineered for endurance and intelligent interaction.\" \/>\n<meta name=\"robots\" content=\"index, follow, max-snippet:-1, max-image-preview:large, max-video-preview:-1\" \/>\n<link rel=\"canonical\" href=\"https:\/\/www.ghostysky.com\/es\/producto-2\/agibot-a2-ultra\/\" \/>\n<meta property=\"og:locale\" content=\"es_ES\" \/>\n<meta property=\"og:type\" content=\"article\" \/>\n<meta property=\"og:title\" content=\"Agibot A2 Ultra - Ghostysky\" \/>\n<meta property=\"og:description\" content=\"Meet the Agibot A2 Ultra, the powerhouse of the A2 series and a Guinness World Record holder. Built by Agibot (Shanghai) Technology, this is a full-size humanoid robot designed to bridge the gap between futuristic tech and real-world commercial reliability.Whether it\u2019s greeting guests at a front desk or walking 100+ kilometers across cities, the A2 Ultra is engineered for endurance and intelligent interaction.\" \/>\n<meta property=\"og:url\" content=\"https:\/\/www.ghostysky.com\/es\/producto-2\/agibot-a2-ultra\/\" \/>\n<meta property=\"og:site_name\" content=\"Ghostysky\" \/>\n<meta property=\"article:publisher\" content=\"https:\/\/www.facebook.com\/people\/Ghostysky\/100057676170234\/\" \/>\n<meta property=\"article:modified_time\" content=\"2026-01-26T16:25:07+00:00\" \/>\n<meta property=\"og:image\" content=\"https:\/\/www.ghostysky.com\/wp-content\/uploads\/2026\/01\/GH_Agibot_A2_Ultra_1_1.png\" \/>\n\t<meta property=\"og:image:width\" content=\"1137\" \/>\n\t<meta property=\"og:image:height\" content=\"1298\" \/>\n\t<meta property=\"og:image:type\" content=\"image\/png\" \/>\n<meta name=\"twitter:card\" content=\"summary_large_image\" \/>\n<meta name=\"twitter:site\" content=\"@Gh0stysky\" \/>\n<meta name=\"twitter:label1\" content=\"Tiempo de lectura\" \/>\n\t<meta name=\"twitter:data1\" content=\"2 minutos\" \/>\n<script type=\"application\/ld+json\" class=\"yoast-schema-graph\">{\"@context\":\"https:\/\/schema.org\",\"@graph\":[{\"@type\":\"WebPage\",\"@id\":\"https:\/\/www.ghostysky.com\/product\/agibot-a2-ultra\/\",\"url\":\"https:\/\/www.ghostysky.com\/product\/agibot-a2-ultra\/\",\"name\":\"Agibot A2 Ultra - Ghostysky\",\"isPartOf\":{\"@id\":\"https:\/\/www.ghostysky.com\/#website\"},\"primaryImageOfPage\":{\"@id\":\"https:\/\/www.ghostysky.com\/product\/agibot-a2-ultra\/#primaryimage\"},\"image\":{\"@id\":\"https:\/\/www.ghostysky.com\/product\/agibot-a2-ultra\/#primaryimage\"},\"thumbnailUrl\":\"https:\/\/www.ghostysky.com\/wp-content\/uploads\/2026\/01\/GH_Agibot_A2_Ultra_1_1.png\",\"datePublished\":\"2026-01-26T16:10:21+00:00\",\"dateModified\":\"2026-01-26T16:25:07+00:00\",\"description\":\"Meet the Agibot A2 Ultra, the powerhouse of the A2 series and a Guinness World Record holder. Built by Agibot (Shanghai) Technology, this is a full-size humanoid robot designed to bridge the gap between futuristic tech and real-world commercial reliability.Whether it\u2019s greeting guests at a front desk or walking 100+ kilometers across cities, the A2 Ultra is engineered for endurance and intelligent interaction.\",\"breadcrumb\":{\"@id\":\"https:\/\/www.ghostysky.com\/product\/agibot-a2-ultra\/#breadcrumb\"},\"inLanguage\":\"es\",\"potentialAction\":[{\"@type\":\"ReadAction\",\"target\":[\"https:\/\/www.ghostysky.com\/product\/agibot-a2-ultra\/\"]}]},{\"@type\":\"ImageObject\",\"inLanguage\":\"es\",\"@id\":\"https:\/\/www.ghostysky.com\/product\/agibot-a2-ultra\/#primaryimage\",\"url\":\"https:\/\/www.ghostysky.com\/wp-content\/uploads\/2026\/01\/GH_Agibot_A2_Ultra_1_1.png\",\"contentUrl\":\"https:\/\/www.ghostysky.com\/wp-content\/uploads\/2026\/01\/GH_Agibot_A2_Ultra_1_1.png\",\"width\":1137,\"height\":1298},{\"@type\":\"BreadcrumbList\",\"@id\":\"https:\/\/www.ghostysky.com\/product\/agibot-a2-ultra\/#breadcrumb\",\"itemListElement\":[{\"@type\":\"ListItem\",\"position\":1,\"name\":\"Home\",\"item\":\"https:\/\/www.ghostysky.com\/\"},{\"@type\":\"ListItem\",\"position\":2,\"name\":\"Shop\",\"item\":\"https:\/\/www.ghostysky.com\/shop\/\"},{\"@type\":\"ListItem\",\"position\":3,\"name\":\"Agibot A2 Ultra\"}]},{\"@type\":\"WebSite\",\"@id\":\"https:\/\/www.ghostysky.com\/#website\",\"url\":\"https:\/\/www.ghostysky.com\/\",\"name\":\"Ghostysky\",\"description\":\"Delivering professional drones and services\",\"publisher\":{\"@id\":\"https:\/\/www.ghostysky.com\/#organization\"},\"potentialAction\":[{\"@type\":\"SearchAction\",\"target\":{\"@type\":\"EntryPoint\",\"urlTemplate\":\"https:\/\/www.ghostysky.com\/?s={search_term_string}\"},\"query-input\":{\"@type\":\"PropertyValueSpecification\",\"valueRequired\":true,\"valueName\":\"search_term_string\"}}],\"inLanguage\":\"es\"},{\"@type\":\"Organization\",\"@id\":\"https:\/\/www.ghostysky.com\/#organization\",\"name\":\"Ghostysky\",\"url\":\"https:\/\/www.ghostysky.com\/\",\"logo\":{\"@type\":\"ImageObject\",\"inLanguage\":\"es\",\"@id\":\"https:\/\/www.ghostysky.com\/#\/schema\/logo\/image\/\",\"url\":\"https:\/\/www.ghostysky.com\/wp-content\/uploads\/2020\/06\/cropped-ghostyskylogo_text_white2.png\",\"contentUrl\":\"https:\/\/www.ghostysky.com\/wp-content\/uploads\/2020\/06\/cropped-ghostyskylogo_text_white2.png\",\"width\":169,\"height\":56,\"caption\":\"Ghostysky\"},\"image\":{\"@id\":\"https:\/\/www.ghostysky.com\/#\/schema\/logo\/image\/\"},\"sameAs\":[\"https:\/\/www.facebook.com\/people\/Ghostysky\/100057676170234\/\",\"https:\/\/x.com\/Gh0stysky\",\"https:\/\/www.linkedin.com\/company\/34739653\",\"https:\/\/www.instagram.com\/gh0stysky\"]}]}<\/script>\n<!-- \/ Yoast SEO plugin. -->","yoast_head_json":{"title":"Agibot A2 Ultra - Ghostysky","description":"Conoce el Agibot A2 Ultra, el robot m\u00e1s potente de la serie A2 y poseedor de un r\u00e9cord Guinness. Creado por Agibot (Shanghai) Technology, este robot humanoide de tama\u00f1o real est\u00e1 dise\u00f1ado para conectar la tecnolog\u00eda futurista con la fiabilidad comercial en el mundo real. Ya sea para recibir a los hu\u00e9spedes en la recepci\u00f3n o para recorrer m\u00e1s de 100 kil\u00f3metros por las ciudades, el A2 Ultra est\u00e1 dise\u00f1ado para la resistencia y la interacci\u00f3n inteligente.","robots":{"index":"index","follow":"follow","max-snippet":"max-snippet:-1","max-image-preview":"max-image-preview:large","max-video-preview":"max-video-preview:-1"},"canonical":"https:\/\/www.ghostysky.com\/es\/producto-2\/agibot-a2-ultra\/","og_locale":"es_ES","og_type":"article","og_title":"Agibot A2 Ultra - Ghostysky","og_description":"Meet the Agibot A2 Ultra, the powerhouse of the A2 series and a Guinness World Record holder. Built by Agibot (Shanghai) Technology, this is a full-size humanoid robot designed to bridge the gap between futuristic tech and real-world commercial reliability.Whether it\u2019s greeting guests at a front desk or walking 100+ kilometers across cities, the A2 Ultra is engineered for endurance and intelligent interaction.","og_url":"https:\/\/www.ghostysky.com\/es\/producto-2\/agibot-a2-ultra\/","og_site_name":"Ghostysky","article_publisher":"https:\/\/www.facebook.com\/people\/Ghostysky\/100057676170234\/","article_modified_time":"2026-01-26T16:25:07+00:00","og_image":[{"width":1137,"height":1298,"url":"https:\/\/www.ghostysky.com\/wp-content\/uploads\/2026\/01\/GH_Agibot_A2_Ultra_1_1.png","type":"image\/png"}],"twitter_card":"summary_large_image","twitter_site":"@Gh0stysky","twitter_misc":{"Tiempo de lectura":"2 minutos"},"schema":{"@context":"https:\/\/schema.org","@graph":[{"@type":"WebPage","@id":"https:\/\/www.ghostysky.com\/product\/agibot-a2-ultra\/","url":"https:\/\/www.ghostysky.com\/product\/agibot-a2-ultra\/","name":"Agibot A2 Ultra - Ghostysky","isPartOf":{"@id":"https:\/\/www.ghostysky.com\/#website"},"primaryImageOfPage":{"@id":"https:\/\/www.ghostysky.com\/product\/agibot-a2-ultra\/#primaryimage"},"image":{"@id":"https:\/\/www.ghostysky.com\/product\/agibot-a2-ultra\/#primaryimage"},"thumbnailUrl":"https:\/\/www.ghostysky.com\/wp-content\/uploads\/2026\/01\/GH_Agibot_A2_Ultra_1_1.png","datePublished":"2026-01-26T16:10:21+00:00","dateModified":"2026-01-26T16:25:07+00:00","description":"Conoce el Agibot A2 Ultra, el robot m\u00e1s potente de la serie A2 y poseedor de un r\u00e9cord Guinness. Creado por Agibot (Shanghai) Technology, este robot humanoide de tama\u00f1o real est\u00e1 dise\u00f1ado para conectar la tecnolog\u00eda futurista con la fiabilidad comercial en el mundo real. Ya sea para recibir a los hu\u00e9spedes en la recepci\u00f3n o para recorrer m\u00e1s de 100 kil\u00f3metros por las ciudades, el A2 Ultra est\u00e1 dise\u00f1ado para la resistencia y la interacci\u00f3n inteligente.","breadcrumb":{"@id":"https:\/\/www.ghostysky.com\/product\/agibot-a2-ultra\/#breadcrumb"},"inLanguage":"es","potentialAction":[{"@type":"ReadAction","target":["https:\/\/www.ghostysky.com\/product\/agibot-a2-ultra\/"]}]},{"@type":"ImageObject","inLanguage":"es","@id":"https:\/\/www.ghostysky.com\/product\/agibot-a2-ultra\/#primaryimage","url":"https:\/\/www.ghostysky.com\/wp-content\/uploads\/2026\/01\/GH_Agibot_A2_Ultra_1_1.png","contentUrl":"https:\/\/www.ghostysky.com\/wp-content\/uploads\/2026\/01\/GH_Agibot_A2_Ultra_1_1.png","width":1137,"height":1298},{"@type":"BreadcrumbList","@id":"https:\/\/www.ghostysky.com\/product\/agibot-a2-ultra\/#breadcrumb","itemListElement":[{"@type":"ListItem","position":1,"name":"Home","item":"https:\/\/www.ghostysky.com\/"},{"@type":"ListItem","position":2,"name":"Shop","item":"https:\/\/www.ghostysky.com\/shop\/"},{"@type":"ListItem","position":3,"name":"Agibot A2 Ultra"}]},{"@type":"WebSite","@id":"https:\/\/www.ghostysky.com\/#website","url":"https:\/\/www.ghostysky.com\/","name":"Ghostysky","description":"Entrega de drones y servicios profesionales","publisher":{"@id":"https:\/\/www.ghostysky.com\/#organization"},"potentialAction":[{"@type":"SearchAction","target":{"@type":"EntryPoint","urlTemplate":"https:\/\/www.ghostysky.com\/?s={search_term_string}"},"query-input":{"@type":"PropertyValueSpecification","valueRequired":true,"valueName":"search_term_string"}}],"inLanguage":"es"},{"@type":"Organization","@id":"https:\/\/www.ghostysky.com\/#organization","name":"Ghostysky","url":"https:\/\/www.ghostysky.com\/","logo":{"@type":"ImageObject","inLanguage":"es","@id":"https:\/\/www.ghostysky.com\/#\/schema\/logo\/image\/","url":"https:\/\/www.ghostysky.com\/wp-content\/uploads\/2020\/06\/cropped-ghostyskylogo_text_white2.png","contentUrl":"https:\/\/www.ghostysky.com\/wp-content\/uploads\/2020\/06\/cropped-ghostyskylogo_text_white2.png","width":169,"height":56,"caption":"Ghostysky"},"image":{"@id":"https:\/\/www.ghostysky.com\/#\/schema\/logo\/image\/"},"sameAs":["https:\/\/www.facebook.com\/people\/Ghostysky\/100057676170234\/","https:\/\/x.com\/Gh0stysky","https:\/\/www.linkedin.com\/company\/34739653","https:\/\/www.instagram.com\/gh0stysky"]}]}},"_links":{"self":[{"href":"https:\/\/www.ghostysky.com\/es\/wp-json\/wp\/v2\/product\/23832","targetHints":{"allow":["GET"]}}],"collection":[{"href":"https:\/\/www.ghostysky.com\/es\/wp-json\/wp\/v2\/product"}],"about":[{"href":"https:\/\/www.ghostysky.com\/es\/wp-json\/wp\/v2\/types\/product"}],"replies":[{"embeddable":true,"href":"https:\/\/www.ghostysky.com\/es\/wp-json\/wp\/v2\/comments?post=23832"}],"wp:featuredmedia":[{"embeddable":true,"href":"https:\/\/www.ghostysky.com\/es\/wp-json\/wp\/v2\/media\/23837"}],"wp:attachment":[{"href":"https:\/\/www.ghostysky.com\/es\/wp-json\/wp\/v2\/media?parent=23832"}],"wp:term":[{"taxonomy":"product_brand","embeddable":true,"href":"https:\/\/www.ghostysky.com\/es\/wp-json\/wp\/v2\/product_brand?post=23832"},{"taxonomy":"product_cat","embeddable":true,"href":"https:\/\/www.ghostysky.com\/es\/wp-json\/wp\/v2\/product_cat?post=23832"},{"taxonomy":"product_tag","embeddable":true,"href":"https:\/\/www.ghostysky.com\/es\/wp-json\/wp\/v2\/product_tag?post=23832"}],"curies":[{"name":"wp","href":"https:\/\/api.w.org\/{rel}","templated":true}]}}