{"id":23843,"date":"2026-01-26T16:40:36","date_gmt":"2026-01-26T16:40:36","guid":{"rendered":"https:\/\/www.ghostysky.com\/?post_type=product&#038;p=23843"},"modified":"2026-01-26T17:03:04","modified_gmt":"2026-01-26T17:03:04","slug":"agibot-a2-w","status":"publish","type":"product","link":"https:\/\/www.ghostysky.com\/es\/product\/agibot-a2-w\/","title":{"rendered":"Agibot A2 W"},"content":{"rendered":"<h3 data-path-to-node=\"3\"><b data-path-to-node=\"3\" data-index-in-node=\"3\">Agibot A2-W: El especialista en fabricaci\u00f3n flexible<\/b><\/h3>\n<p data-path-to-node=\"4\"><span class=\"citation-201 citation-end-201\">El A2-W se define por su \u201cInteligencia incorporada\u201d, que combina brazos dobles de alta precisi\u00f3n con una \u00e1gil base con ruedas.<\/span> <span class=\"citation-200\">Est\u00e1 dise\u00f1ado para reemplazar o ayudar a los humanos en tareas complejas como <\/span><b data-path-to-node=\"4\" data-index-in-node=\"180\"><span class=\"citation-200 citation-end-200\">agarre, conexi\u00f3n precisa, transporte de componentes y ensamblaje asincr\u00f3nico.<\/span><\/b><\/p>\n<h3 data-path-to-node=\"5\"><b data-path-to-node=\"5\" data-index-in-node=\"0\">Especificaciones t\u00e9cnicas clave<\/b><\/h3>\n<table data-path-to-node=\"6\">\n<thead>\n<tr>\n<td><strong>Caracter\u00edstica<\/strong><\/td>\n<td><strong>Especificaci\u00f3n<\/strong><\/td>\n<\/tr>\n<\/thead>\n<tbody>\n<tr>\n<td><span data-path-to-node=\"6,1,0,0\"><b data-path-to-node=\"6,1,0,0\" data-index-in-node=\"0\">Altura \/ Peso<\/b><\/span><\/td>\n<td><span data-path-to-node=\"6,1,1,0\">163 cent\u00edmetros<\/span><\/td>\n<\/tr>\n<tr>\n<td><span data-path-to-node=\"6,2,0,0\"><b data-path-to-node=\"6,2,0,0\" data-index-in-node=\"0\">Locomoci\u00f3n<\/b><\/span><\/td>\n<td><span data-path-to-node=\"6,2,1,0\">Tracci\u00f3n en las 4 ruedas (marcha de cangrejo y radio de giro cero)<\/span><\/td>\n<\/tr>\n<tr>\n<td><span data-path-to-node=\"6,3,0,0\"><b data-path-to-node=\"6,3,0,0\" data-index-in-node=\"0\">Velocidad m\u00e1xima<\/b><\/span><\/td>\n<td><span data-path-to-node=\"6,3,1,0\">Hasta 5 m\/s<\/span><\/td>\n<\/tr>\n<tr>\n<td><span data-path-to-node=\"6,4,0,0\"><b data-path-to-node=\"6,4,0,0\" data-index-in-node=\"0\">Grados de libertad<\/b><\/span><\/td>\n<td><span data-path-to-node=\"6,4,1,0\">22 en total (7 DoF por brazo + elevaci\u00f3n\/inclinaci\u00f3n de la cintura)<\/span><\/td>\n<\/tr>\n<tr>\n<td><span data-path-to-node=\"6,5,0,0\"><b data-path-to-node=\"6,5,0,0\" data-index-in-node=\"0\">Capacidad de carga \u00fatil<\/b><\/span><\/td>\n<td><span data-path-to-node=\"6,5,1,0\">5 kg por brazo<\/span><\/td>\n<\/tr>\n<tr>\n<td><span data-path-to-node=\"6,6,0,0\"><b data-path-to-node=\"6,6,0,0\" data-index-in-node=\"0\">Bater\u00eda \/ Duraci\u00f3n<\/b><\/span><\/td>\n<td><span data-path-to-node=\"6,6,1,0\">2 kWh \/ 5 horas (admite intercambio en caliente)<\/span><\/td>\n<\/tr>\n<tr>\n<td><span data-path-to-node=\"6,7,0,0\"><b data-path-to-node=\"6,7,0,0\" data-index-in-node=\"0\">Computaci\u00f3n de IA<\/b><\/span><\/td>\n<td><span data-path-to-node=\"6,7,1,0\">275 TOPS (Inteligencia Encarnada)<\/span><\/td>\n<\/tr>\n<\/tbody>\n<\/table>\n<p><a href=\"https:\/\/www.ghostysky.com\/wp-content\/uploads\/2026\/01\/GH_Agibot_A2_W-main1.png\"><img fetchpriority=\"high\" decoding=\"async\" class=\"alignnone wp-image-23857 size-full lazyload\" src=\"datos:imagen\/gif;base64,R0lGODlhAQABAAAAACH5BAEKAAEALAAAAAABAAEAAAICTAEAOw==\" alt=\"\" width=\"1206\" height=\"554\" sizes=\"(max-width: 1206px) 100vw, 1206px\" data-src=\"datos:imagen\/gif;base64,R0lGODlhAQABAAAAACH5BAEKAAEALAAAAAABAAEAAAICTAEAOw==\" data-srcset=\"\" srcset=\"\"><\/a><\/p>\n<p>&nbsp;<\/p>\n<h3 data-path-to-node=\"8\"><b data-path-to-node=\"8\" data-index-in-node=\"0\">Caracter\u00edsticas y capacidades principales<\/b><\/h3>\n<ul data-path-to-node=\"9\">\n<li>\n<p data-path-to-node=\"9,0,0\"><b data-path-to-node=\"9,0,0\" data-index-in-node=\"0\">Colaboraci\u00f3n de doble brazo bi\u00f3nico:<\/b><\/p>\n<p data-path-to-node=\"9,0,0\"><span class=\"citation-199 citation-end-199\">Equipado con brazos de siete grados de libertad, el A2-W puede realizar movimientos paralelos o asincr\u00f3nicos.<\/span> <span class=\"citation-198 citation-end-198\">Esto permite realizar maniobras complejas de \u201centrega\u201d y la capacidad de manipular piezas de trabajo en el aire con precisi\u00f3n de nivel industrial.<\/span><\/p>\n<\/li>\n<li>\n<p data-path-to-node=\"9,1,0\"><b data-path-to-node=\"9,1,0\" data-index-in-node=\"0\">Maniobrabilidad superior:<\/b><\/p>\n<p data-path-to-node=\"9,1,0\"><span class=\"citation-197\">El chasis con ruedas soporta <\/span><b data-path-to-node=\"9,1,0\" data-index-in-node=\"55\"><span class=\"citation-197\">Giro de radio cero de 360\u00b0<\/span><\/b><span class=\"citation-197\"> y <\/span><b data-path-to-node=\"9,1,0\" data-index-in-node=\"84\"><span class=\"citation-197\">caminar como cangrejo<\/span><\/b><span class=\"citation-197 citation-end-197\">.<\/span> <span class=\"citation-196 citation-end-196\">Esto permite que el robot navegue por l\u00edneas de producci\u00f3n estrechas y pasillos de almac\u00e9n abarrotados de manera mucho m\u00e1s eficiente que los modelos b\u00edpedos.<\/span><\/p>\n<\/li>\n<li>\n<p data-path-to-node=\"9,2,0\"><b data-path-to-node=\"9,2,0\" data-index-in-node=\"0\">Percepci\u00f3n y seguridad avanzadas:<\/b><\/p>\n<p data-path-to-node=\"9,2,0\"><span class=\"citation-195\">La seguridad est\u00e1 gestionada por un sistema de fusi\u00f3n de m\u00faltiples sensores que incluye <\/span><b data-path-to-node=\"9,2,0\" data-index-in-node=\"90\"><span class=\"citation-195\">Lidar de 360\u00b0, cuatro sensores de visi\u00f3n de IA (RGBD\/ojo de pez) y sensores de fuerza 6D<\/span><\/b><span class=\"citation-195 citation-end-195\">.<\/span> <span class=\"citation-194 citation-end-194\">Cuenta con capacidad para evitar obst\u00e1culos a nivel de milisegundos y detectar colisiones en los brazos para trabajar de forma segura junto al personal humano.<\/span><\/p>\n<\/li>\n<li>\n<p data-path-to-node=\"9,3,0\"><b data-path-to-node=\"9,3,0\" data-index-in-node=\"0\">Adaptaci\u00f3n r\u00e1pida de tareas:<\/b><\/p>\n<p data-path-to-node=\"9,3,0\"><span class=\"citation-193\">Desarrollado por Agibot <\/span><b data-path-to-node=\"9,3,0\" data-index-in-node=\"58\"><span class=\"citation-193\">Acci\u00f3nGPT<\/span><\/b><span class=\"citation-193\"> y <\/span><b data-path-to-node=\"9,3,0\" data-index-in-node=\"72\"><span class=\"citation-193\">UniGrasp\/UniPlug<\/span><\/b><span class=\"citation-193 citation-end-193\"> algoritmos, el A2-W puede aprender a manejar nuevos objetos o tareas en cuesti\u00f3n de horas a trav\u00e9s de la s\u00edntesis de modelos 3D y el aprendizaje de refuerzo.<\/span><\/p>\n<\/li>\n<li>\n<p data-path-to-node=\"9,4,0\"><b data-path-to-node=\"9,4,0\" data-index-in-node=\"0\">Disponibilidad operativa 24 horas al d\u00eda, 7 d\u00edas a la semana:<\/b><\/p>\n<p data-path-to-node=\"9,4,0\"><span class=\"citation-192\">Con un <\/span><b data-path-to-node=\"9,4,0\" data-index-in-node=\"35\"><span class=\"citation-192\">sistema de bater\u00eda intercambiable en caliente<\/span><\/b><span class=\"citation-192 citation-end-192\"> y capacidades de carga aut\u00f3noma, el A2-W minimiza el tiempo de inactividad, lo que garantiza que permanezca en la l\u00ednea durante m\u00faltiples turnos.<\/span><\/p>\n<p>&nbsp;<\/li>\n<\/ul>\n<h3 data-path-to-node=\"11\"><b data-path-to-node=\"11\" data-index-in-node=\"0\">Casos de uso principales<\/b><\/h3>\n<ul data-path-to-node=\"12\">\n<li>\n<p data-path-to-node=\"12,0,0\"><b data-path-to-node=\"12,0,0\" data-index-in-node=\"0\">Ensamblaje de electr\u00f3nica:<\/b><span class=\"citation-191 citation-end-191\"> Conexi\u00f3n y montaje de componentes de alta precisi\u00f3n.<\/span><\/p>\n<\/li>\n<li>\n<p data-path-to-node=\"12,1,0\"><b data-path-to-node=\"12,1,0\" data-index-in-node=\"0\">Log\u00edstica y clasificaci\u00f3n:<\/b> Transporte y organizaci\u00f3n aut\u00f3nomos dentro de un ecosistema fabril.<\/p>\n<\/li>\n<li>\n<p data-path-to-node=\"12,2,0\"><b data-path-to-node=\"12,2,0\" data-index-in-node=\"0\"><span class=\"citation-190\">Inspecci\u00f3n Industrial:<\/span><\/b><span class=\"citation-190 citation-end-190\"> Monitoreo m\u00f3vil con visi\u00f3n IA de alta definici\u00f3n.<\/span><\/p>\n<\/li>\n<li>\n<p data-path-to-node=\"12,3,0\"><b data-path-to-node=\"12,3,0\" data-index-in-node=\"0\">Automatizaci\u00f3n de laboratorio:<\/b> Manipulaci\u00f3n de muestras delicadas y operaci\u00f3n de equipos.<\/p>\n<\/li>\n<\/ul>\n<blockquote data-path-to-node=\"14\">\n<p data-path-to-node=\"14,0\"><b data-path-to-node=\"14,0\" data-index-in-node=\"0\">Nota:<\/b><span class=\"citation-189\"> El A2-W es parte de un modelo m\u00e1s amplio <\/span><b data-path-to-node=\"14,0\" data-index-in-node=\"38\"><span class=\"citation-189\">Expedici\u00f3n A2<\/span><\/b><span class=\"citation-189 citation-end-189\"> serie.<\/span> Mientras que el A2 est\u00e1ndar es un robot de servicio interactivo (b\u00edpedo), el A2-W es el \u201ccaballo de batalla\u201d industrial de servicio pesado de la familia.<\/p>\n<\/blockquote>","protected":false},"excerpt":{"rendered":"<p class=\"first-token\" data-path-to-node=\"0\"><span class=\"\">El <\/span><b class=\"\" data-path-to-node=\"0\" data-index-in-node=\"4\">Agibot A2-W<\/b><span class=\"\"> es un robot humanoide con ruedas de alto rendimiento dise\u00f1ado espec\u00edficamente para las demandas de <\/span><b class=\"\" data-path-to-node=\"0\" data-index-in-node=\"104\">fabricaci\u00f3n flexible y automatizaci\u00f3n industrial<\/b><span class=\"\">.<\/span><span class=\"\"> A diferencia de sus hermanos b\u00edpedos,<\/span><span class=\"\"> El A2-W cambia la caminata por una carrera de alta velocidad,<\/span><span class=\"\"> chasis con tracci\u00f3n en las cuatro ruedas,<\/span><span class=\"\"> lo que lo convierte en una potencia para las plantas de producci\u00f3n donde la estabilidad y la velocidad son primordiales.<\/span><\/p>","protected":false},"featured_media":23856,"comment_status":"open","ping_status":"closed","template":"","meta":[],"product_brand":[1345],"product_cat":[1342,1343,1038,1037],"product_tag":[1346,1350,1349],"class_list":{"0":"post-23843","1":"product","2":"type-product","3":"status-publish","4":"has-post-thumbnail","6":"product_brand-agibot","7":"product_cat-agibot","8":"product_cat-agibot-robots","9":"product_cat-humanoid","10":"product_cat-robotics","11":"product_tag-agibot","12":"product_tag-agibot-a2-humanoid","13":"product_tag-agibot-a2-series","15":"first","16":"outofstock","17":"taxable","18":"shipping-taxable","19":"product-type-simple"},"yoast_head":"<!-- This site is optimized with the Yoast SEO plugin v27.1.1 - https:\/\/yoast.com\/product\/yoast-seo-wordpress\/ -->\n<title>Agibot A2 W - Ghostysky<\/title>\n<meta name=\"description\" content=\"The Agibot A2-W is a high-performance wheeled humanoid robot specifically engineered for the demands of flexible manufacturing and industrial automation. Unlike its bipedal siblings, the A2-W trades walking for a high-speed, four-wheel-drive chassis, making it a powerhouse for factory floors where stability and speed are paramount.\" \/>\n<meta name=\"robots\" content=\"index, follow, max-snippet:-1, max-image-preview:large, max-video-preview:-1\" \/>\n<link rel=\"canonical\" href=\"https:\/\/www.ghostysky.com\/es\/producto-2\/agibot-a2-w\/\" \/>\n<meta property=\"og:locale\" content=\"es_ES\" \/>\n<meta property=\"og:type\" content=\"article\" \/>\n<meta property=\"og:title\" content=\"Agibot A2 W - Ghostysky\" \/>\n<meta property=\"og:description\" content=\"The Agibot A2-W is a high-performance wheeled humanoid robot specifically engineered for the demands of flexible manufacturing and industrial automation. Unlike its bipedal siblings, the A2-W trades walking for a high-speed, four-wheel-drive chassis, making it a powerhouse for factory floors where stability and speed are paramount.\" \/>\n<meta property=\"og:url\" content=\"https:\/\/www.ghostysky.com\/es\/producto-2\/agibot-a2-w\/\" \/>\n<meta property=\"og:site_name\" content=\"Ghostysky\" \/>\n<meta property=\"article:publisher\" content=\"https:\/\/www.facebook.com\/people\/Ghostysky\/100057676170234\/\" \/>\n<meta property=\"article:modified_time\" content=\"2026-01-26T17:03:04+00:00\" \/>\n<meta property=\"og:image\" content=\"https:\/\/www.ghostysky.com\/wp-content\/uploads\/2026\/01\/GH_Agibot_A2_W_1.png\" \/>\n\t<meta property=\"og:image:width\" content=\"451\" \/>\n\t<meta property=\"og:image:height\" content=\"654\" \/>\n\t<meta property=\"og:image:type\" content=\"image\/png\" \/>\n<meta name=\"twitter:card\" content=\"summary_large_image\" \/>\n<meta name=\"twitter:site\" content=\"@Gh0stysky\" \/>\n<meta name=\"twitter:label1\" content=\"Tiempo de lectura\" \/>\n\t<meta name=\"twitter:data1\" content=\"2 minutos\" \/>\n<script type=\"application\/ld+json\" class=\"yoast-schema-graph\">{\"@context\":\"https:\/\/schema.org\",\"@graph\":[{\"@type\":\"WebPage\",\"@id\":\"https:\/\/www.ghostysky.com\/product\/agibot-a2-w\/\",\"url\":\"https:\/\/www.ghostysky.com\/product\/agibot-a2-w\/\",\"name\":\"Agibot A2 W - Ghostysky\",\"isPartOf\":{\"@id\":\"https:\/\/www.ghostysky.com\/#website\"},\"primaryImageOfPage\":{\"@id\":\"https:\/\/www.ghostysky.com\/product\/agibot-a2-w\/#primaryimage\"},\"image\":{\"@id\":\"https:\/\/www.ghostysky.com\/product\/agibot-a2-w\/#primaryimage\"},\"thumbnailUrl\":\"https:\/\/www.ghostysky.com\/wp-content\/uploads\/2026\/01\/GH_Agibot_A2_W_1.png\",\"datePublished\":\"2026-01-26T16:40:36+00:00\",\"dateModified\":\"2026-01-26T17:03:04+00:00\",\"description\":\"The Agibot A2-W is a high-performance wheeled humanoid robot specifically engineered for the demands of flexible manufacturing and industrial automation. Unlike its bipedal siblings, the A2-W trades walking for a high-speed, four-wheel-drive chassis, making it a powerhouse for factory floors where stability and speed are paramount.\",\"breadcrumb\":{\"@id\":\"https:\/\/www.ghostysky.com\/product\/agibot-a2-w\/#breadcrumb\"},\"inLanguage\":\"es\",\"potentialAction\":[{\"@type\":\"ReadAction\",\"target\":[\"https:\/\/www.ghostysky.com\/product\/agibot-a2-w\/\"]}]},{\"@type\":\"ImageObject\",\"inLanguage\":\"es\",\"@id\":\"https:\/\/www.ghostysky.com\/product\/agibot-a2-w\/#primaryimage\",\"url\":\"https:\/\/www.ghostysky.com\/wp-content\/uploads\/2026\/01\/GH_Agibot_A2_W_1.png\",\"contentUrl\":\"https:\/\/www.ghostysky.com\/wp-content\/uploads\/2026\/01\/GH_Agibot_A2_W_1.png\",\"width\":451,\"height\":654},{\"@type\":\"BreadcrumbList\",\"@id\":\"https:\/\/www.ghostysky.com\/product\/agibot-a2-w\/#breadcrumb\",\"itemListElement\":[{\"@type\":\"ListItem\",\"position\":1,\"name\":\"Home\",\"item\":\"https:\/\/www.ghostysky.com\/\"},{\"@type\":\"ListItem\",\"position\":2,\"name\":\"Shop\",\"item\":\"https:\/\/www.ghostysky.com\/shop\/\"},{\"@type\":\"ListItem\",\"position\":3,\"name\":\"Agibot A2 W\"}]},{\"@type\":\"WebSite\",\"@id\":\"https:\/\/www.ghostysky.com\/#website\",\"url\":\"https:\/\/www.ghostysky.com\/\",\"name\":\"Ghostysky\",\"description\":\"Delivering professional drones and services\",\"publisher\":{\"@id\":\"https:\/\/www.ghostysky.com\/#organization\"},\"potentialAction\":[{\"@type\":\"SearchAction\",\"target\":{\"@type\":\"EntryPoint\",\"urlTemplate\":\"https:\/\/www.ghostysky.com\/?s={search_term_string}\"},\"query-input\":{\"@type\":\"PropertyValueSpecification\",\"valueRequired\":true,\"valueName\":\"search_term_string\"}}],\"inLanguage\":\"es\"},{\"@type\":\"Organization\",\"@id\":\"https:\/\/www.ghostysky.com\/#organization\",\"name\":\"Ghostysky\",\"url\":\"https:\/\/www.ghostysky.com\/\",\"logo\":{\"@type\":\"ImageObject\",\"inLanguage\":\"es\",\"@id\":\"https:\/\/www.ghostysky.com\/#\/schema\/logo\/image\/\",\"url\":\"https:\/\/www.ghostysky.com\/wp-content\/uploads\/2020\/06\/cropped-ghostyskylogo_text_white2.png\",\"contentUrl\":\"https:\/\/www.ghostysky.com\/wp-content\/uploads\/2020\/06\/cropped-ghostyskylogo_text_white2.png\",\"width\":169,\"height\":56,\"caption\":\"Ghostysky\"},\"image\":{\"@id\":\"https:\/\/www.ghostysky.com\/#\/schema\/logo\/image\/\"},\"sameAs\":[\"https:\/\/www.facebook.com\/people\/Ghostysky\/100057676170234\/\",\"https:\/\/x.com\/Gh0stysky\",\"https:\/\/www.linkedin.com\/company\/34739653\",\"https:\/\/www.instagram.com\/gh0stysky\"]}]}<\/script>\n<!-- \/ Yoast SEO plugin. -->","yoast_head_json":{"title":"Agibot A2 W - Ghostysky","description":"El Agibot A2-W es un robot humanoide con ruedas de alto rendimiento, dise\u00f1ado espec\u00edficamente para las exigencias de la fabricaci\u00f3n flexible y la automatizaci\u00f3n industrial. A diferencia de sus hermanos b\u00edpedos, el A2-W sustituye la capacidad de caminar por un chasis de alta velocidad con tracci\u00f3n en las cuatro ruedas, lo que lo convierte en un robot potente para f\u00e1bricas donde la estabilidad y la velocidad son primordiales.","robots":{"index":"index","follow":"follow","max-snippet":"max-snippet:-1","max-image-preview":"max-image-preview:large","max-video-preview":"max-video-preview:-1"},"canonical":"https:\/\/www.ghostysky.com\/es\/producto-2\/agibot-a2-w\/","og_locale":"es_ES","og_type":"article","og_title":"Agibot A2 W - Ghostysky","og_description":"The Agibot A2-W is a high-performance wheeled humanoid robot specifically engineered for the demands of flexible manufacturing and industrial automation. Unlike its bipedal siblings, the A2-W trades walking for a high-speed, four-wheel-drive chassis, making it a powerhouse for factory floors where stability and speed are paramount.","og_url":"https:\/\/www.ghostysky.com\/es\/producto-2\/agibot-a2-w\/","og_site_name":"Ghostysky","article_publisher":"https:\/\/www.facebook.com\/people\/Ghostysky\/100057676170234\/","article_modified_time":"2026-01-26T17:03:04+00:00","og_image":[{"width":451,"height":654,"url":"https:\/\/www.ghostysky.com\/wp-content\/uploads\/2026\/01\/GH_Agibot_A2_W_1.png","type":"image\/png"}],"twitter_card":"summary_large_image","twitter_site":"@Gh0stysky","twitter_misc":{"Tiempo de lectura":"2 minutos"},"schema":{"@context":"https:\/\/schema.org","@graph":[{"@type":"WebPage","@id":"https:\/\/www.ghostysky.com\/product\/agibot-a2-w\/","url":"https:\/\/www.ghostysky.com\/product\/agibot-a2-w\/","name":"Agibot A2 W - Ghostysky","isPartOf":{"@id":"https:\/\/www.ghostysky.com\/#website"},"primaryImageOfPage":{"@id":"https:\/\/www.ghostysky.com\/product\/agibot-a2-w\/#primaryimage"},"image":{"@id":"https:\/\/www.ghostysky.com\/product\/agibot-a2-w\/#primaryimage"},"thumbnailUrl":"https:\/\/www.ghostysky.com\/wp-content\/uploads\/2026\/01\/GH_Agibot_A2_W_1.png","datePublished":"2026-01-26T16:40:36+00:00","dateModified":"2026-01-26T17:03:04+00:00","description":"El Agibot A2-W es un robot humanoide con ruedas de alto rendimiento, dise\u00f1ado espec\u00edficamente para las exigencias de la fabricaci\u00f3n flexible y la automatizaci\u00f3n industrial. A diferencia de sus hermanos b\u00edpedos, el A2-W sustituye la capacidad de caminar por un chasis de alta velocidad con tracci\u00f3n en las cuatro ruedas, lo que lo convierte en un robot potente para f\u00e1bricas donde la estabilidad y la velocidad son primordiales.","breadcrumb":{"@id":"https:\/\/www.ghostysky.com\/product\/agibot-a2-w\/#breadcrumb"},"inLanguage":"es","potentialAction":[{"@type":"ReadAction","target":["https:\/\/www.ghostysky.com\/product\/agibot-a2-w\/"]}]},{"@type":"ImageObject","inLanguage":"es","@id":"https:\/\/www.ghostysky.com\/product\/agibot-a2-w\/#primaryimage","url":"https:\/\/www.ghostysky.com\/wp-content\/uploads\/2026\/01\/GH_Agibot_A2_W_1.png","contentUrl":"https:\/\/www.ghostysky.com\/wp-content\/uploads\/2026\/01\/GH_Agibot_A2_W_1.png","width":451,"height":654},{"@type":"BreadcrumbList","@id":"https:\/\/www.ghostysky.com\/product\/agibot-a2-w\/#breadcrumb","itemListElement":[{"@type":"ListItem","position":1,"name":"Home","item":"https:\/\/www.ghostysky.com\/"},{"@type":"ListItem","position":2,"name":"Shop","item":"https:\/\/www.ghostysky.com\/shop\/"},{"@type":"ListItem","position":3,"name":"Agibot A2 W"}]},{"@type":"WebSite","@id":"https:\/\/www.ghostysky.com\/#website","url":"https:\/\/www.ghostysky.com\/","name":"Ghostysky","description":"Entrega de drones y servicios profesionales","publisher":{"@id":"https:\/\/www.ghostysky.com\/#organization"},"potentialAction":[{"@type":"SearchAction","target":{"@type":"EntryPoint","urlTemplate":"https:\/\/www.ghostysky.com\/?s={search_term_string}"},"query-input":{"@type":"PropertyValueSpecification","valueRequired":true,"valueName":"search_term_string"}}],"inLanguage":"es"},{"@type":"Organization","@id":"https:\/\/www.ghostysky.com\/#organization","name":"Ghostysky","url":"https:\/\/www.ghostysky.com\/","logo":{"@type":"ImageObject","inLanguage":"es","@id":"https:\/\/www.ghostysky.com\/#\/schema\/logo\/image\/","url":"https:\/\/www.ghostysky.com\/wp-content\/uploads\/2020\/06\/cropped-ghostyskylogo_text_white2.png","contentUrl":"https:\/\/www.ghostysky.com\/wp-content\/uploads\/2020\/06\/cropped-ghostyskylogo_text_white2.png","width":169,"height":56,"caption":"Ghostysky"},"image":{"@id":"https:\/\/www.ghostysky.com\/#\/schema\/logo\/image\/"},"sameAs":["https:\/\/www.facebook.com\/people\/Ghostysky\/100057676170234\/","https:\/\/x.com\/Gh0stysky","https:\/\/www.linkedin.com\/company\/34739653","https:\/\/www.instagram.com\/gh0stysky"]}]}},"_links":{"self":[{"href":"https:\/\/www.ghostysky.com\/es\/wp-json\/wp\/v2\/product\/23843","targetHints":{"allow":["GET"]}}],"collection":[{"href":"https:\/\/www.ghostysky.com\/es\/wp-json\/wp\/v2\/product"}],"about":[{"href":"https:\/\/www.ghostysky.com\/es\/wp-json\/wp\/v2\/types\/product"}],"replies":[{"embeddable":true,"href":"https:\/\/www.ghostysky.com\/es\/wp-json\/wp\/v2\/comments?post=23843"}],"wp:featuredmedia":[{"embeddable":true,"href":"https:\/\/www.ghostysky.com\/es\/wp-json\/wp\/v2\/media\/23856"}],"wp:attachment":[{"href":"https:\/\/www.ghostysky.com\/es\/wp-json\/wp\/v2\/media?parent=23843"}],"wp:term":[{"taxonomy":"product_brand","embeddable":true,"href":"https:\/\/www.ghostysky.com\/es\/wp-json\/wp\/v2\/product_brand?post=23843"},{"taxonomy":"product_cat","embeddable":true,"href":"https:\/\/www.ghostysky.com\/es\/wp-json\/wp\/v2\/product_cat?post=23843"},{"taxonomy":"product_tag","embeddable":true,"href":"https:\/\/www.ghostysky.com\/es\/wp-json\/wp\/v2\/product_tag?post=23843"}],"curies":[{"name":"wp","href":"https:\/\/api.w.org\/{rel}","templated":true}]}}