{"id":23858,"date":"2026-01-26T17:08:36","date_gmt":"2026-01-26T17:08:36","guid":{"rendered":"https:\/\/www.ghostysky.com\/?post_type=product&#038;p=23858"},"modified":"2026-01-26T17:18:38","modified_gmt":"2026-01-26T17:18:38","slug":"agibot-c5-cleaning-robot","status":"publish","type":"product","link":"https:\/\/www.ghostysky.com\/es\/product\/agibot-c5-cleaning-robot\/","title":{"rendered":"Robot de limpieza Agibot C5"},"content":{"rendered":"<h3 data-path-to-node=\"4\"><b data-path-to-node=\"4\" data-index-in-node=\"4\">Caracter\u00edsticas y capacidades clave<\/b><\/h3>\n<ul data-path-to-node=\"5\">\n<li>\n<p data-path-to-node=\"5,0,0\"><b data-path-to-node=\"5,0,0\" data-index-in-node=\"0\">Versatilidad 3 en 1:<\/b><span class=\"citation-243\"> Se integra perfectamente <\/span><b data-path-to-node=\"5,0,0\" data-index-in-node=\"42\"><span class=\"citation-243\">barrer, fregar y trapear el polvo<\/span><\/b><span class=\"citation-243 citation-end-243\">.<\/span> Est\u00e1 equipado con una estructura de cepillo de doble rodillo que puede aspirar y fregar en una sola pasada.<\/p>\n<\/li>\n<li>\n<p data-path-to-node=\"5,1,0\"><b data-path-to-node=\"5,1,0\" data-index-in-node=\"0\"><span class=\"citation-242\">Rendimiento de servicio pesado:<\/span><\/b><span class=\"citation-242\"> Ofrece un potente <\/span><b data-path-to-node=\"5,1,0\" data-index-in-node=\"44\"><span class=\"citation-242\">25 kg de presi\u00f3n de fregado<\/span><\/b><span class=\"citation-242 citation-end-242\"> y cuenta con un dise\u00f1o de escobilla de goma de doble c\u00e1mara, el primero en la industria, que garantiza que los pisos est\u00e9n secos y sin rayas.<\/span><\/p>\n<\/li>\n<li>\n<p data-path-to-node=\"5,2,0\"><b data-path-to-node=\"5,2,0\" data-index-in-node=\"0\"><span class=\"citation-241\">Autonom\u00eda inteligente:<\/span><\/b><span class=\"citation-241\"> Impulsado por \u201cAgibot Autonomy\u201d, utiliza <\/span><b data-path-to-node=\"5,2,0\" data-index-in-node=\"60\"><span class=\"citation-241\">Fusi\u00f3n de visi\u00f3n l\u00e1ser<\/span><\/b><span class=\"citation-241 citation-end-241\"> y percepci\u00f3n visual de nubes de puntos para navegar por dise\u00f1os complejos y evitar obst\u00e1culos en tiempo real.<\/span><\/p>\n<\/li>\n<li>\n<p data-path-to-node=\"5,3,0\"><b data-path-to-node=\"5,3,0\" data-index-in-node=\"0\"><span class=\"citation-240\">Estaci\u00f3n de trabajo de mantenimiento inteligente:<\/span><\/b><span class=\"citation-240 citation-end-240\"> La estaci\u00f3n de acoplamiento opcional automatiza el \u201ctrabajo sucio\u201d.<\/span> <span class=\"citation-239\">Se maneja <\/span><b data-path-to-node=\"5,3,0\" data-index-in-node=\"99\"><span class=\"citation-239\">Carga autom\u00e1tica, recarga de agua, drenaje de aguas residuales<\/span><\/b><span class=\"citation-239 citation-end-239\">, e incluso enjuaga el tanque de aguas residuales para evitar olores.<\/span><\/p>\n<\/li>\n<li>\n<p data-path-to-node=\"5,4,0\"><b data-path-to-node=\"5,4,0\" data-index-in-node=\"0\"><span class=\"citation-238\">Alta eficiencia:<\/span><\/b><span class=\"citation-238\"> Con un ancho de limpieza de <\/span><b data-path-to-node=\"5,4,0\" data-index-in-node=\"42\"><span class=\"citation-238\">550 mm<\/span><\/b><span class=\"citation-238\">, puede cubrir hasta <\/span><b data-path-to-node=\"5,4,0\" data-index-in-node=\"68\"><span class=\"citation-238 citation-end-238\">1,980 <\/span><span class=\"math-inline\" data-math=\"m^2\/h\" data-index-in-node=\"74\">$m^2\/h$<\/span><\/b><span class=\"citation-237 citation-end-237\">, lo que lo hace ideal para zonas de alto tr\u00e1fico.<\/span><\/p>\n<\/li>\n<li>\n<p data-path-to-node=\"5,5,0\"><b data-path-to-node=\"5,5,0\" data-index-in-node=\"0\"><span class=\"citation-236\">Integraci\u00f3n inteligente:<\/span><\/b><span class=\"citation-236\"> Soportes <\/span><b data-path-to-node=\"5,5,0\" data-index-in-node=\"28\"><span class=\"citation-236\">Conexi\u00f3n de ascensores y control de acceso<\/span><\/b><span class=\"citation-236 citation-end-236\">, permitiendo que el robot se mueva entre pisos y a trav\u00e9s de puertas seguras de forma independiente.<\/span><\/p>\n<p>&nbsp;<\/li>\n<\/ul>\n<h3 data-path-to-node=\"7\"><b data-path-to-node=\"7\" data-index-in-node=\"4\">Especificaciones t\u00e9cnicas<\/b><\/h3>\n<table data-path-to-node=\"8\">\n<thead>\n<tr>\n<td><strong>Caracter\u00edstica<\/strong><\/td>\n<td><strong>Especificaci\u00f3n<\/strong><\/td>\n<\/tr>\n<\/thead>\n<tbody>\n<tr>\n<td><span data-path-to-node=\"8,1,0,0\"><b data-path-to-node=\"8,1,0,0\" data-index-in-node=\"0\">Funciones de limpieza<\/b><\/span><\/td>\n<td><span data-path-to-node=\"8,1,1,0\">Barrer, fregar, trapear el polvo<\/span><\/td>\n<\/tr>\n<tr>\n<td><span data-path-to-node=\"8,2,0,0\"><b data-path-to-node=\"8,2,0,0\" data-index-in-node=\"0\">Eficiencia de limpieza<\/b><\/span><\/td>\n<td><span data-path-to-node=\"8,2,1,0\">Hasta 1.980 <span class=\"math-inline\" data-math=\"m^2\/h\" data-index-in-node=\"12\">m2\/h<\/span><\/span><\/td>\n<\/tr>\n<tr>\n<td><span data-path-to-node=\"8,3,0,0\"><b data-path-to-node=\"8,3,0,0\" data-index-in-node=\"0\">Capacidad del tanque de agua<\/b><\/span><\/td>\n<td><span data-path-to-node=\"8,3,1,0\">90L (Total) \/ 45L Limpio + 45L Residuos<\/span><\/td>\n<\/tr>\n<tr>\n<td><span data-path-to-node=\"8,4,0,0\"><b data-path-to-node=\"8,4,0,0\" data-index-in-node=\"0\">Presi\u00f3n de fregado<\/b><\/span><\/td>\n<td><span data-path-to-node=\"8,4,1,0\">25 kilos<\/span><\/td>\n<\/tr>\n<tr>\n<td><span data-path-to-node=\"8,5,0,0\"><b data-path-to-node=\"8,5,0,0\" data-index-in-node=\"0\">Duraci\u00f3n de la bater\u00eda<\/b><\/span><\/td>\n<td><span data-path-to-node=\"8,5,1,0\">~3 horas (fregado) \/ ~8 horas (trapeado)<\/span><\/td>\n<\/tr>\n<tr>\n<td><span data-path-to-node=\"8,6,0,0\"><b data-path-to-node=\"8,6,0,0\" data-index-in-node=\"0\">Tiempo de carga<\/b><\/span><\/td>\n<td><span data-path-to-node=\"8,6,1,0\">1,5 horas (carga r\u00e1pida)<\/span><\/td>\n<\/tr>\n<tr>\n<td><span data-path-to-node=\"8,7,0,0\"><b data-path-to-node=\"8,7,0,0\" data-index-in-node=\"0\">Vida \u00fatil del ventilador<\/b><\/span><\/td>\n<td><span data-path-to-node=\"8,7,1,0\">10.000 horas<\/span><\/td>\n<\/tr>\n<tr>\n<td><span data-path-to-node=\"8,8,0,0\"><b data-path-to-node=\"8,8,0,0\" data-index-in-node=\"0\">M\u00e1xima velocidad<\/b><\/span><\/td>\n<td><span data-path-to-node=\"8,8,1,0\">1,2 m\/s<\/span><\/td>\n<\/tr>\n<tr>\n<td><span data-path-to-node=\"8,9,0,0\"><b data-path-to-node=\"8,9,0,0\" data-index-in-node=\"0\">Navegaci\u00f3n<\/b><\/span><\/td>\n<td><span data-path-to-node=\"8,9,1,0\">Fusi\u00f3n de visi\u00f3n est\u00e9reo y LiDAR<\/span><\/td>\n<\/tr>\n<\/tbody>\n<\/table>\n<p>&nbsp;<\/p>\n<h3 data-path-to-node=\"10\"><b data-path-to-node=\"10\" data-index-in-node=\"4\">\u00bfPor qu\u00e9 elegir el Agibot C5?<\/b><\/h3>\n<p data-path-to-node=\"11\">El Agibot C5 no es solo una aspiradora; es un <b data-path-to-node=\"11\" data-index-in-node=\"42\">multiplicador de fuerza laboral<\/b>. <span class=\"citation-235 citation-end-235\">Al automatizar el cuidado rutinario del piso, permite a las instalaciones reducir los costos de mano de obra en m\u00e1s de 70% en espacios grandes.<\/span> <span class=\"citation-234 citation-end-234\">Su dise\u00f1o duradero, que incluye un ventilador fabricado para 10.000 horas de uso, garantiza un bajo coste total de propiedad y un r\u00e1pido retorno de la inversi\u00f3n.<\/span><\/p>\n<blockquote data-path-to-node=\"12\">\n<p data-path-to-node=\"12,0\"><b data-path-to-node=\"12,0\" data-index-in-node=\"0\"><span class=\"citation-233\">Consejo profesional:<\/span><\/b><span class=\"citation-233\"> Para instalaciones sin f\u00e1cil acceso a la plomer\u00eda, el C5 puede equiparse con un <\/span><b data-path-to-node=\"12,0\" data-index-in-node=\"87\"><span class=\"citation-233\">tanque de agua m\u00f3vil<\/span><\/b><span class=\"citation-233 citation-end-233\">, lo que le permite implementar una limpieza aut\u00f3noma sin renovaciones costosas.<\/span><\/p>\n<\/blockquote>","protected":false},"excerpt":{"rendered":"<p data-path-to-node=\"1\"><span class=\"\">El <\/span><b class=\"\" data-path-to-node=\"1\" data-index-in-node=\"4\">Agibot C5<\/b><span class=\"\"> es de alto rendimiento,<\/span><span class=\"\"> Robot de limpieza de grado industrial dise\u00f1ado para entornos de escala mediana a grande.<\/span><span class=\"\"> Combinando barrido,<\/span><span class=\"\"> depuraci\u00f3n,<\/span><span class=\"\"> y limpieza de polvo en una sola unidad aut\u00f3noma,<\/span><span class=\"\"> El C5 est\u00e1 dise\u00f1ado para abordar la suciedad m\u00e1s resistente y funcionar con una m\u00ednima intervenci\u00f3n humana.<\/span><\/p>\n<p data-path-to-node=\"2\"><span class=\"\">Ya sea una terminal de aeropuerto,<\/span><span class=\"\"> un pasillo de hospital muy concurrido,<\/span><span class=\"\"> o un gran almac\u00e9n industrial,<\/span><span class=\"\"> El Agibot C5 ofrece una limpieza uniforme y uniforme.<\/span><span class=\"\"> Limpieza profesional que los m\u00e9todos tradicionales simplemente no pueden igualar.<\/span><\/p>","protected":false},"featured_media":23864,"comment_status":"open","ping_status":"closed","template":"","meta":[],"product_brand":[1345],"product_cat":[1342,1343,1038,1037],"product_tag":[1346,1352],"class_list":{"0":"post-23858","1":"product","2":"type-product","3":"status-publish","4":"has-post-thumbnail","6":"product_brand-agibot","7":"product_cat-agibot","8":"product_cat-agibot-robots","9":"product_cat-humanoid","10":"product_cat-robotics","11":"product_tag-agibot","12":"product_tag-agibot-c5-series","14":"first","15":"outofstock","16":"taxable","17":"shipping-taxable","18":"product-type-simple"},"yoast_head":"<!-- This site is optimized with the Yoast SEO plugin v27.1.1 - https:\/\/yoast.com\/product\/yoast-seo-wordpress\/ -->\n<title>Agibot C5 Cleaning Robot - Ghostysky<\/title>\n<meta name=\"description\" content=\"The Agibot C5 is a high-performance, industrial-grade cleaning robot designed for medium to large-scale environments. Combining sweeping, scrubbing, and dust mopping into a single autonomous unit, the C5 is engineered to tackle heavy-duty grime while operating with minimal human intervention.Whether it&#039;s an airport terminal, a busy hospital corridor, or a massive industrial warehouse, the Agibot C5 delivers a consistent, professional clean that traditional methods simply can\u2019t match.\" \/>\n<meta name=\"robots\" content=\"index, follow, max-snippet:-1, max-image-preview:large, max-video-preview:-1\" \/>\n<link rel=\"canonical\" href=\"https:\/\/www.ghostysky.com\/es\/producto-2\/agibot-c5-cleaning-robot\/\" \/>\n<meta property=\"og:locale\" content=\"es_ES\" \/>\n<meta property=\"og:type\" content=\"article\" \/>\n<meta property=\"og:title\" content=\"Agibot C5 Cleaning Robot - Ghostysky\" \/>\n<meta property=\"og:description\" content=\"The Agibot C5 is a high-performance, industrial-grade cleaning robot designed for medium to large-scale environments. Combining sweeping, scrubbing, and dust mopping into a single autonomous unit, the C5 is engineered to tackle heavy-duty grime while operating with minimal human intervention.Whether it&#039;s an airport terminal, a busy hospital corridor, or a massive industrial warehouse, the Agibot C5 delivers a consistent, professional clean that traditional methods simply can\u2019t match.\" \/>\n<meta property=\"og:url\" content=\"https:\/\/www.ghostysky.com\/es\/producto-2\/agibot-c5-cleaning-robot\/\" \/>\n<meta property=\"og:site_name\" content=\"Ghostysky\" \/>\n<meta property=\"article:publisher\" content=\"https:\/\/www.facebook.com\/people\/Ghostysky\/100057676170234\/\" \/>\n<meta property=\"article:modified_time\" content=\"2026-01-26T17:18:38+00:00\" \/>\n<meta property=\"og:image\" content=\"https:\/\/www.ghostysky.com\/wp-content\/uploads\/2026\/01\/GH_Agibot_C5_1.png\" \/>\n\t<meta property=\"og:image:width\" content=\"451\" \/>\n\t<meta property=\"og:image:height\" content=\"654\" \/>\n\t<meta property=\"og:image:type\" content=\"image\/png\" \/>\n<meta name=\"twitter:card\" content=\"summary_large_image\" \/>\n<meta name=\"twitter:site\" content=\"@Gh0stysky\" \/>\n<meta name=\"twitter:label1\" content=\"Tiempo de lectura\" \/>\n\t<meta name=\"twitter:data1\" content=\"2 minutos\" \/>\n<script type=\"application\/ld+json\" class=\"yoast-schema-graph\">{\"@context\":\"https:\/\/schema.org\",\"@graph\":[{\"@type\":\"WebPage\",\"@id\":\"https:\/\/www.ghostysky.com\/product\/agibot-c5-cleaning-robot\/\",\"url\":\"https:\/\/www.ghostysky.com\/product\/agibot-c5-cleaning-robot\/\",\"name\":\"Agibot C5 Cleaning Robot - Ghostysky\",\"isPartOf\":{\"@id\":\"https:\/\/www.ghostysky.com\/#website\"},\"primaryImageOfPage\":{\"@id\":\"https:\/\/www.ghostysky.com\/product\/agibot-c5-cleaning-robot\/#primaryimage\"},\"image\":{\"@id\":\"https:\/\/www.ghostysky.com\/product\/agibot-c5-cleaning-robot\/#primaryimage\"},\"thumbnailUrl\":\"https:\/\/www.ghostysky.com\/wp-content\/uploads\/2026\/01\/GH_Agibot_C5_1.png\",\"datePublished\":\"2026-01-26T17:08:36+00:00\",\"dateModified\":\"2026-01-26T17:18:38+00:00\",\"description\":\"The Agibot C5 is a high-performance, industrial-grade cleaning robot designed for medium to large-scale environments. Combining sweeping, scrubbing, and dust mopping into a single autonomous unit, the C5 is engineered to tackle heavy-duty grime while operating with minimal human intervention.Whether it's an airport terminal, a busy hospital corridor, or a massive industrial warehouse, the Agibot C5 delivers a consistent, professional clean that traditional methods simply can\u2019t match.\",\"breadcrumb\":{\"@id\":\"https:\/\/www.ghostysky.com\/product\/agibot-c5-cleaning-robot\/#breadcrumb\"},\"inLanguage\":\"es\",\"potentialAction\":[{\"@type\":\"ReadAction\",\"target\":[\"https:\/\/www.ghostysky.com\/product\/agibot-c5-cleaning-robot\/\"]}]},{\"@type\":\"ImageObject\",\"inLanguage\":\"es\",\"@id\":\"https:\/\/www.ghostysky.com\/product\/agibot-c5-cleaning-robot\/#primaryimage\",\"url\":\"https:\/\/www.ghostysky.com\/wp-content\/uploads\/2026\/01\/GH_Agibot_C5_1.png\",\"contentUrl\":\"https:\/\/www.ghostysky.com\/wp-content\/uploads\/2026\/01\/GH_Agibot_C5_1.png\",\"width\":451,\"height\":654},{\"@type\":\"BreadcrumbList\",\"@id\":\"https:\/\/www.ghostysky.com\/product\/agibot-c5-cleaning-robot\/#breadcrumb\",\"itemListElement\":[{\"@type\":\"ListItem\",\"position\":1,\"name\":\"Home\",\"item\":\"https:\/\/www.ghostysky.com\/\"},{\"@type\":\"ListItem\",\"position\":2,\"name\":\"Shop\",\"item\":\"https:\/\/www.ghostysky.com\/shop\/\"},{\"@type\":\"ListItem\",\"position\":3,\"name\":\"Agibot C5 Cleaning Robot\"}]},{\"@type\":\"WebSite\",\"@id\":\"https:\/\/www.ghostysky.com\/#website\",\"url\":\"https:\/\/www.ghostysky.com\/\",\"name\":\"Ghostysky\",\"description\":\"Delivering professional drones and services\",\"publisher\":{\"@id\":\"https:\/\/www.ghostysky.com\/#organization\"},\"potentialAction\":[{\"@type\":\"SearchAction\",\"target\":{\"@type\":\"EntryPoint\",\"urlTemplate\":\"https:\/\/www.ghostysky.com\/?s={search_term_string}\"},\"query-input\":{\"@type\":\"PropertyValueSpecification\",\"valueRequired\":true,\"valueName\":\"search_term_string\"}}],\"inLanguage\":\"es\"},{\"@type\":\"Organization\",\"@id\":\"https:\/\/www.ghostysky.com\/#organization\",\"name\":\"Ghostysky\",\"url\":\"https:\/\/www.ghostysky.com\/\",\"logo\":{\"@type\":\"ImageObject\",\"inLanguage\":\"es\",\"@id\":\"https:\/\/www.ghostysky.com\/#\/schema\/logo\/image\/\",\"url\":\"https:\/\/www.ghostysky.com\/wp-content\/uploads\/2020\/06\/cropped-ghostyskylogo_text_white2.png\",\"contentUrl\":\"https:\/\/www.ghostysky.com\/wp-content\/uploads\/2020\/06\/cropped-ghostyskylogo_text_white2.png\",\"width\":169,\"height\":56,\"caption\":\"Ghostysky\"},\"image\":{\"@id\":\"https:\/\/www.ghostysky.com\/#\/schema\/logo\/image\/\"},\"sameAs\":[\"https:\/\/www.facebook.com\/people\/Ghostysky\/100057676170234\/\",\"https:\/\/x.com\/Gh0stysky\",\"https:\/\/www.linkedin.com\/company\/34739653\",\"https:\/\/www.instagram.com\/gh0stysky\"]}]}<\/script>\n<!-- \/ Yoast SEO plugin. -->","yoast_head_json":{"title":"Robot de limpieza Agibot C5 - Ghostysky","description":"El Agibot C5 es un robot de limpieza industrial de alto rendimiento, dise\u00f1ado para entornos de tama\u00f1o mediano a grande. Combinando barrido, fregado y limpieza en una sola unidad aut\u00f3noma, el C5 est\u00e1 dise\u00f1ado para eliminar la suciedad m\u00e1s dif\u00edcil con m\u00ednima intervenci\u00f3n humana. Ya sea una terminal de aeropuerto, un pasillo hospitalario concurrido o un enorme almac\u00e9n industrial, el Agibot C5 ofrece una limpieza uniforme y profesional que los m\u00e9todos tradicionales simplemente no pueden igualar.","robots":{"index":"index","follow":"follow","max-snippet":"max-snippet:-1","max-image-preview":"max-image-preview:large","max-video-preview":"max-video-preview:-1"},"canonical":"https:\/\/www.ghostysky.com\/es\/producto-2\/agibot-c5-cleaning-robot\/","og_locale":"es_ES","og_type":"article","og_title":"Agibot C5 Cleaning Robot - Ghostysky","og_description":"The Agibot C5 is a high-performance, industrial-grade cleaning robot designed for medium to large-scale environments. Combining sweeping, scrubbing, and dust mopping into a single autonomous unit, the C5 is engineered to tackle heavy-duty grime while operating with minimal human intervention.Whether it's an airport terminal, a busy hospital corridor, or a massive industrial warehouse, the Agibot C5 delivers a consistent, professional clean that traditional methods simply can\u2019t match.","og_url":"https:\/\/www.ghostysky.com\/es\/producto-2\/agibot-c5-cleaning-robot\/","og_site_name":"Ghostysky","article_publisher":"https:\/\/www.facebook.com\/people\/Ghostysky\/100057676170234\/","article_modified_time":"2026-01-26T17:18:38+00:00","og_image":[{"width":451,"height":654,"url":"https:\/\/www.ghostysky.com\/wp-content\/uploads\/2026\/01\/GH_Agibot_C5_1.png","type":"image\/png"}],"twitter_card":"summary_large_image","twitter_site":"@Gh0stysky","twitter_misc":{"Tiempo de lectura":"2 minutos"},"schema":{"@context":"https:\/\/schema.org","@graph":[{"@type":"WebPage","@id":"https:\/\/www.ghostysky.com\/product\/agibot-c5-cleaning-robot\/","url":"https:\/\/www.ghostysky.com\/product\/agibot-c5-cleaning-robot\/","name":"Robot de limpieza Agibot C5 - Ghostysky","isPartOf":{"@id":"https:\/\/www.ghostysky.com\/#website"},"primaryImageOfPage":{"@id":"https:\/\/www.ghostysky.com\/product\/agibot-c5-cleaning-robot\/#primaryimage"},"image":{"@id":"https:\/\/www.ghostysky.com\/product\/agibot-c5-cleaning-robot\/#primaryimage"},"thumbnailUrl":"https:\/\/www.ghostysky.com\/wp-content\/uploads\/2026\/01\/GH_Agibot_C5_1.png","datePublished":"2026-01-26T17:08:36+00:00","dateModified":"2026-01-26T17:18:38+00:00","description":"El Agibot C5 es un robot de limpieza industrial de alto rendimiento, dise\u00f1ado para entornos de tama\u00f1o mediano a grande. Combinando barrido, fregado y limpieza en una sola unidad aut\u00f3noma, el C5 est\u00e1 dise\u00f1ado para eliminar la suciedad m\u00e1s dif\u00edcil con m\u00ednima intervenci\u00f3n humana. Ya sea una terminal de aeropuerto, un pasillo hospitalario concurrido o un enorme almac\u00e9n industrial, el Agibot C5 ofrece una limpieza uniforme y profesional que los m\u00e9todos tradicionales simplemente no pueden igualar.","breadcrumb":{"@id":"https:\/\/www.ghostysky.com\/product\/agibot-c5-cleaning-robot\/#breadcrumb"},"inLanguage":"es","potentialAction":[{"@type":"ReadAction","target":["https:\/\/www.ghostysky.com\/product\/agibot-c5-cleaning-robot\/"]}]},{"@type":"ImageObject","inLanguage":"es","@id":"https:\/\/www.ghostysky.com\/product\/agibot-c5-cleaning-robot\/#primaryimage","url":"https:\/\/www.ghostysky.com\/wp-content\/uploads\/2026\/01\/GH_Agibot_C5_1.png","contentUrl":"https:\/\/www.ghostysky.com\/wp-content\/uploads\/2026\/01\/GH_Agibot_C5_1.png","width":451,"height":654},{"@type":"BreadcrumbList","@id":"https:\/\/www.ghostysky.com\/product\/agibot-c5-cleaning-robot\/#breadcrumb","itemListElement":[{"@type":"ListItem","position":1,"name":"Home","item":"https:\/\/www.ghostysky.com\/"},{"@type":"ListItem","position":2,"name":"Shop","item":"https:\/\/www.ghostysky.com\/shop\/"},{"@type":"ListItem","position":3,"name":"Agibot C5 Cleaning Robot"}]},{"@type":"WebSite","@id":"https:\/\/www.ghostysky.com\/#website","url":"https:\/\/www.ghostysky.com\/","name":"Ghostysky","description":"Entrega de drones y servicios profesionales","publisher":{"@id":"https:\/\/www.ghostysky.com\/#organization"},"potentialAction":[{"@type":"SearchAction","target":{"@type":"EntryPoint","urlTemplate":"https:\/\/www.ghostysky.com\/?s={search_term_string}"},"query-input":{"@type":"PropertyValueSpecification","valueRequired":true,"valueName":"search_term_string"}}],"inLanguage":"es"},{"@type":"Organization","@id":"https:\/\/www.ghostysky.com\/#organization","name":"Ghostysky","url":"https:\/\/www.ghostysky.com\/","logo":{"@type":"ImageObject","inLanguage":"es","@id":"https:\/\/www.ghostysky.com\/#\/schema\/logo\/image\/","url":"https:\/\/www.ghostysky.com\/wp-content\/uploads\/2020\/06\/cropped-ghostyskylogo_text_white2.png","contentUrl":"https:\/\/www.ghostysky.com\/wp-content\/uploads\/2020\/06\/cropped-ghostyskylogo_text_white2.png","width":169,"height":56,"caption":"Ghostysky"},"image":{"@id":"https:\/\/www.ghostysky.com\/#\/schema\/logo\/image\/"},"sameAs":["https:\/\/www.facebook.com\/people\/Ghostysky\/100057676170234\/","https:\/\/x.com\/Gh0stysky","https:\/\/www.linkedin.com\/company\/34739653","https:\/\/www.instagram.com\/gh0stysky"]}]}},"_links":{"self":[{"href":"https:\/\/www.ghostysky.com\/es\/wp-json\/wp\/v2\/product\/23858","targetHints":{"allow":["GET"]}}],"collection":[{"href":"https:\/\/www.ghostysky.com\/es\/wp-json\/wp\/v2\/product"}],"about":[{"href":"https:\/\/www.ghostysky.com\/es\/wp-json\/wp\/v2\/types\/product"}],"replies":[{"embeddable":true,"href":"https:\/\/www.ghostysky.com\/es\/wp-json\/wp\/v2\/comments?post=23858"}],"wp:featuredmedia":[{"embeddable":true,"href":"https:\/\/www.ghostysky.com\/es\/wp-json\/wp\/v2\/media\/23864"}],"wp:attachment":[{"href":"https:\/\/www.ghostysky.com\/es\/wp-json\/wp\/v2\/media?parent=23858"}],"wp:term":[{"taxonomy":"product_brand","embeddable":true,"href":"https:\/\/www.ghostysky.com\/es\/wp-json\/wp\/v2\/product_brand?post=23858"},{"taxonomy":"product_cat","embeddable":true,"href":"https:\/\/www.ghostysky.com\/es\/wp-json\/wp\/v2\/product_cat?post=23858"},{"taxonomy":"product_tag","embeddable":true,"href":"https:\/\/www.ghostysky.com\/es\/wp-json\/wp\/v2\/product_tag?post=23858"}],"curies":[{"name":"wp","href":"https:\/\/api.w.org\/{rel}","templated":true}]}}