{"id":23893,"date":"2026-01-27T08:17:14","date_gmt":"2026-01-27T08:17:14","guid":{"rendered":"https:\/\/www.ghostysky.com\/?post_type=product&#038;p=23893"},"modified":"2026-01-27T08:32:18","modified_gmt":"2026-01-27T08:32:18","slug":"agibot-a2-vr-teleoperation-kit","status":"publish","type":"product","link":"https:\/\/www.ghostysky.com\/es\/product\/agibot-a2-vr-teleoperation-kit\/","title":{"rendered":"Kit de teleoperaci\u00f3n Agibot A2 VR"},"content":{"rendered":"<h3 data-path-to-node=\"4\">Caracter\u00edsticas principales<\/h3>\n<ul data-path-to-node=\"5\">\n<li>\n<p data-path-to-node=\"5,0,0\"><b data-path-to-node=\"5,0,0\" data-index-in-node=\"0\">Duplicaci\u00f3n de movimiento 1:1:<\/b><span class=\"citation-349 citation-end-349\"> Al utilizar algoritmos de interpolaci\u00f3n cinem\u00e1tica patentados, el kit mapea los movimientos de su cabeza, torso y brazo directamente en el Agibot A2.<\/span> Si inclina la cabeza o intenta alcanzar un objeto, el robot hace lo mismo con una latencia inferior a 20 ms.<\/p>\n<\/li>\n<li>\n<p data-path-to-node=\"5,1,0\"><b data-path-to-node=\"5,1,0\" data-index-in-node=\"0\"><span class=\"citation-348\">Retroalimentaci\u00f3n h\u00e1ptica de eco t\u00e1ctil:<\/span><\/b><span class=\"citation-348 citation-end-348\"> Integrado en los guantes de control, este sistema utiliza microvibradores que responden a las lecturas de fuerza-torque de las articulaciones del robot.<\/span> No s\u00f3lo ves al robot tocar un objeto; sientes la resistencia.<\/p>\n<\/li>\n<li>\n<p data-path-to-node=\"5,2,0\"><b data-path-to-node=\"5,2,0\" data-index-in-node=\"0\">Vista inmersiva en primera persona (FPV):<\/b> El casco VR de alta resoluci\u00f3n transmite datos en tiempo real desde las c\u00e1maras de visi\u00f3n dual y ojo de pez del A2, proporcionando una vista gran angular y con precisi\u00f3n de profundidad del entorno del robot.<\/p>\n<\/li>\n<li>\n<p data-path-to-node=\"5,3,0\"><b data-path-to-node=\"5,3,0\" data-index-in-node=\"0\">Conectividad Plug-and-Play:<\/b><span class=\"citation-347 citation-end-347\"> Construido sobre una red troncal de malla de doble frecuencia Wi-Fi 6E, el kit se empareja autom\u00e1ticamente con el A2, lo que garantiza una conexi\u00f3n estable y resistente a interferencias incluso en entornos industriales abarrotados.<\/span><\/p>\n<\/li>\n<li>\n<p data-path-to-node=\"5,4,0\"><b data-path-to-node=\"5,4,0\" data-index-in-node=\"0\">Barrera de codificaci\u00f3n cero:<\/b><span class=\"citation-346 citation-end-346\"> Dise\u00f1ada para la accesibilidad, la interfaz permite a los usuarios sin conocimientos previos de rob\u00f3tica convertirse en operadores remotos competentes en tan solo dos horas.<\/span><\/p>\n<\/li>\n<\/ul>\n<h3 data-path-to-node=\"9\">\u00bfPor qu\u00e9 elegir el Kit A2 VR?<\/h3>\n<ol start=\"1\" data-path-to-node=\"10\">\n<li>\n<p data-path-to-node=\"10,0,0\"><b data-path-to-node=\"10,0,0\" data-index-in-node=\"0\"><span class=\"citation-345\">Interacci\u00f3n de precisi\u00f3n:<\/span><\/b><span class=\"citation-345 citation-end-345\"> Dise\u00f1ado para tareas delicadas, como manipular dispositivos electr\u00f3nicos peque\u00f1os o navegar por v\u00e1lvulas industriales complejas, donde la IA aut\u00f3noma a\u00fan puede requerir un toque humano.<\/span><\/p>\n<\/li>\n<li>\n<p data-path-to-node=\"10,1,0\"><b data-path-to-node=\"10,1,0\" data-index-in-node=\"0\">Telepresencia segura:<\/b> Implemente el Agibot A2 en entornos peligrosos o est\u00e9riles mientras el operador permanece en un lugar seguro y c\u00f3modo.<\/p>\n<\/li>\n<li>\n<p data-path-to-node=\"10,2,0\"><b data-path-to-node=\"10,2,0\" data-index-in-node=\"0\">Generaci\u00f3n de datos:<\/b> Una herramienta esencial para los desarrolladores que utilizan <b data-path-to-node=\"10,2,0\" data-index-in-node=\"56\">AIDEA<\/b> (Soluci\u00f3n de datos de Agibot). Utilice el kit de RV para realizar tareas y registrar datos de alta fidelidad de interacci\u00f3n humana para entrenar futuros modelos aut\u00f3nomos.<\/p>\n<\/li>\n<\/ol>\n<blockquote data-path-to-node=\"11\">\n<p data-path-to-node=\"11,0\"><b data-path-to-node=\"11,0\" data-index-in-node=\"0\">Nota:<\/b> Este kit es un accesorio oficial y requiere una unidad humanoide Agibot A2 para funcionar. Incluye el visor de realidad virtual, guantes h\u00e1pticos y el puente de comunicaci\u00f3n necesario.<\/p>\n<\/blockquote>\n<h3 data-path-to-node=\"11,0\">Especificaciones t\u00e9cnicas<\/h3>\n<p><a href=\"https:\/\/www.ghostysky.com\/wp-content\/uploads\/2026\/01\/GH_Agibot_A2_VR_Table.png\"><img fetchpriority=\"high\" decoding=\"async\" class=\"alignnone wp-image-23896 size-full lazyload\" src=\"datos:imagen\/gif;base64,R0lGODlhAQABAAAAACH5BAEKAAEALAAAAAABAAEAAAICTAEAOw==\" alt=\"\" width=\"1236\" height=\"1970\" sizes=\"(max-width: 1236px) 100vw, 1236px\" data-src=\"datos:imagen\/gif;base64,R0lGODlhAQABAAAAACH5BAEKAAEALAAAAAABAAEAAAICTAEAOw==\" data-srcset=\"\" srcset=\"\"><\/a><\/p>","protected":false},"excerpt":{"rendered":"<p data-path-to-node=\"1\"><span class=\"citation-350\">El <\/span><b data-path-to-node=\"1\" data-index-in-node=\"4\"><span class=\"citation-350\">Kit de teleoperaci\u00f3n Agibot A2 VR<\/span><\/b><span class=\"citation-350 citation-end-350\"> es una interfaz de control de \u00faltima generaci\u00f3n dise\u00f1ada espec\u00edficamente para el robot humanoide Agibot A2.<\/span> Al ir m\u00e1s all\u00e1 de los joysticks tradicionales y las interfaces con mucho c\u00f3digo, este kit permite a los usuarios \u201centrar\u201d en el robot y controlar sus movimientos complejos a trav\u00e9s del movimiento humano intuitivo.<\/p>\n<p data-path-to-node=\"2\">Ya sea que se utilice para mantenimiento industrial de alto riesgo, investigaci\u00f3n remota o recopilaci\u00f3n de datos de entrenamiento de alta calidad para IA incorporada, el kit A2 VR transforma la operaci\u00f3n remota en una experiencia fluida en primera persona.<\/p>\n<p data-path-to-node=\"2\">(Compatible solo con AGIBOT A2 Ultra y AGIBOT A2 Lite)<\/p>","protected":false},"featured_media":23895,"comment_status":"open","ping_status":"closed","template":"","meta":[],"product_brand":[1345],"product_cat":[1342,1344,1038,1037],"product_tag":[1346,1353],"class_list":{"0":"post-23893","1":"product","2":"type-product","3":"status-publish","4":"has-post-thumbnail","6":"product_brand-agibot","7":"product_cat-agibot","8":"product_cat-agibot-accessories","9":"product_cat-humanoid","10":"product_cat-robotics","11":"product_tag-agibot","12":"product_tag-agibot-accessories","14":"first","15":"outofstock","16":"taxable","17":"shipping-taxable","18":"product-type-simple"},"yoast_head":"<!-- This site is optimized with the Yoast SEO plugin v27.4 - https:\/\/yoast.com\/product\/yoast-seo-wordpress\/ -->\n<title>Agibot A2 VR Teleoperation Kit - Ghostysky<\/title>\n<meta name=\"description\" content=\"The Agibot A2 VR Teleoperation Kit is a state-of-the-art control interface designed specifically for the Agibot A2 humanoid robot. By moving beyond traditional joysticks and code-heavy interfaces, this kit allows users to &quot;step inside&quot; the robot, controlling its complex movements through intuitive human motion.Whether used for high-stakes industrial maintenance, remote research, or gathering high-quality training data for Embodied AI, the A2 VR Kit transforms remote operation into a seamless, first-person experience.\" \/>\n<meta name=\"robots\" content=\"index, follow, max-snippet:-1, max-image-preview:large, max-video-preview:-1\" \/>\n<link rel=\"canonical\" href=\"https:\/\/www.ghostysky.com\/es\/producto-2\/agibot-a2-vr-teleoperation-kit\/\" \/>\n<meta property=\"og:locale\" content=\"es_ES\" \/>\n<meta property=\"og:type\" content=\"article\" \/>\n<meta property=\"og:title\" content=\"Agibot A2 VR Teleoperation Kit - Ghostysky\" \/>\n<meta property=\"og:description\" content=\"The Agibot A2 VR Teleoperation Kit is a state-of-the-art control interface designed specifically for the Agibot A2 humanoid robot. By moving beyond traditional joysticks and code-heavy interfaces, this kit allows users to &quot;step inside&quot; the robot, controlling its complex movements through intuitive human motion.Whether used for high-stakes industrial maintenance, remote research, or gathering high-quality training data for Embodied AI, the A2 VR Kit transforms remote operation into a seamless, first-person experience.\" \/>\n<meta property=\"og:url\" content=\"https:\/\/www.ghostysky.com\/es\/producto-2\/agibot-a2-vr-teleoperation-kit\/\" \/>\n<meta property=\"og:site_name\" content=\"Ghostysky\" \/>\n<meta property=\"article:publisher\" content=\"https:\/\/www.facebook.com\/people\/Ghostysky\/100057676170234\/\" \/>\n<meta property=\"article:modified_time\" content=\"2026-01-27T08:32:18+00:00\" \/>\n<meta property=\"og:image\" content=\"https:\/\/www.ghostysky.com\/wp-content\/uploads\/2026\/01\/GH_Agibot_A2_VR_Kit_1.png\" \/>\n\t<meta property=\"og:image:width\" content=\"883\" \/>\n\t<meta property=\"og:image:height\" content=\"552\" \/>\n\t<meta property=\"og:image:type\" content=\"image\/png\" \/>\n<meta name=\"twitter:card\" content=\"summary_large_image\" \/>\n<meta name=\"twitter:site\" content=\"@Gh0stysky\" \/>\n<meta name=\"twitter:label1\" content=\"Tiempo de lectura\" \/>\n\t<meta name=\"twitter:data1\" content=\"2 minutos\" \/>\n<script type=\"application\/ld+json\" class=\"yoast-schema-graph\">{\"@context\":\"https:\\\/\\\/schema.org\",\"@graph\":[{\"@type\":\"WebPage\",\"@id\":\"https:\\\/\\\/www.ghostysky.com\\\/product\\\/agibot-a2-vr-teleoperation-kit\\\/\",\"url\":\"https:\\\/\\\/www.ghostysky.com\\\/product\\\/agibot-a2-vr-teleoperation-kit\\\/\",\"name\":\"Agibot A2 VR Teleoperation Kit - Ghostysky\",\"isPartOf\":{\"@id\":\"https:\\\/\\\/www.ghostysky.com\\\/#website\"},\"primaryImageOfPage\":{\"@id\":\"https:\\\/\\\/www.ghostysky.com\\\/product\\\/agibot-a2-vr-teleoperation-kit\\\/#primaryimage\"},\"image\":{\"@id\":\"https:\\\/\\\/www.ghostysky.com\\\/product\\\/agibot-a2-vr-teleoperation-kit\\\/#primaryimage\"},\"thumbnailUrl\":\"https:\\\/\\\/www.ghostysky.com\\\/wp-content\\\/uploads\\\/2026\\\/01\\\/GH_Agibot_A2_VR_Kit_1.png\",\"datePublished\":\"2026-01-27T08:17:14+00:00\",\"dateModified\":\"2026-01-27T08:32:18+00:00\",\"description\":\"The Agibot A2 VR Teleoperation Kit is a state-of-the-art control interface designed specifically for the Agibot A2 humanoid robot. By moving beyond traditional joysticks and code-heavy interfaces, this kit allows users to \\\"step inside\\\" the robot, controlling its complex movements through intuitive human motion.Whether used for high-stakes industrial maintenance, remote research, or gathering high-quality training data for Embodied AI, the A2 VR Kit transforms remote operation into a seamless, first-person experience.\",\"breadcrumb\":{\"@id\":\"https:\\\/\\\/www.ghostysky.com\\\/product\\\/agibot-a2-vr-teleoperation-kit\\\/#breadcrumb\"},\"inLanguage\":\"es\",\"potentialAction\":[{\"@type\":\"ReadAction\",\"target\":[\"https:\\\/\\\/www.ghostysky.com\\\/product\\\/agibot-a2-vr-teleoperation-kit\\\/\"]}]},{\"@type\":\"ImageObject\",\"inLanguage\":\"es\",\"@id\":\"https:\\\/\\\/www.ghostysky.com\\\/product\\\/agibot-a2-vr-teleoperation-kit\\\/#primaryimage\",\"url\":\"https:\\\/\\\/www.ghostysky.com\\\/wp-content\\\/uploads\\\/2026\\\/01\\\/GH_Agibot_A2_VR_Kit_1.png\",\"contentUrl\":\"https:\\\/\\\/www.ghostysky.com\\\/wp-content\\\/uploads\\\/2026\\\/01\\\/GH_Agibot_A2_VR_Kit_1.png\",\"width\":883,\"height\":552},{\"@type\":\"BreadcrumbList\",\"@id\":\"https:\\\/\\\/www.ghostysky.com\\\/product\\\/agibot-a2-vr-teleoperation-kit\\\/#breadcrumb\",\"itemListElement\":[{\"@type\":\"ListItem\",\"position\":1,\"name\":\"Home\",\"item\":\"https:\\\/\\\/www.ghostysky.com\\\/\"},{\"@type\":\"ListItem\",\"position\":2,\"name\":\"Shop\",\"item\":\"https:\\\/\\\/www.ghostysky.com\\\/shop\\\/\"},{\"@type\":\"ListItem\",\"position\":3,\"name\":\"Agibot A2 VR Teleoperation Kit\"}]},{\"@type\":\"WebSite\",\"@id\":\"https:\\\/\\\/www.ghostysky.com\\\/#website\",\"url\":\"https:\\\/\\\/www.ghostysky.com\\\/\",\"name\":\"Ghostysky\",\"description\":\"Delivering professional drones and services\",\"publisher\":{\"@id\":\"https:\\\/\\\/www.ghostysky.com\\\/#organization\"},\"potentialAction\":[{\"@type\":\"SearchAction\",\"target\":{\"@type\":\"EntryPoint\",\"urlTemplate\":\"https:\\\/\\\/www.ghostysky.com\\\/?s={search_term_string}\"},\"query-input\":{\"@type\":\"PropertyValueSpecification\",\"valueRequired\":true,\"valueName\":\"search_term_string\"}}],\"inLanguage\":\"es\"},{\"@type\":\"Organization\",\"@id\":\"https:\\\/\\\/www.ghostysky.com\\\/#organization\",\"name\":\"Ghostysky\",\"url\":\"https:\\\/\\\/www.ghostysky.com\\\/\",\"logo\":{\"@type\":\"ImageObject\",\"inLanguage\":\"es\",\"@id\":\"https:\\\/\\\/www.ghostysky.com\\\/#\\\/schema\\\/logo\\\/image\\\/\",\"url\":\"https:\\\/\\\/www.ghostysky.com\\\/wp-content\\\/uploads\\\/2020\\\/06\\\/cropped-ghostyskylogo_text_white2.png\",\"contentUrl\":\"https:\\\/\\\/www.ghostysky.com\\\/wp-content\\\/uploads\\\/2020\\\/06\\\/cropped-ghostyskylogo_text_white2.png\",\"width\":169,\"height\":56,\"caption\":\"Ghostysky\"},\"image\":{\"@id\":\"https:\\\/\\\/www.ghostysky.com\\\/#\\\/schema\\\/logo\\\/image\\\/\"},\"sameAs\":[\"https:\\\/\\\/www.facebook.com\\\/people\\\/Ghostysky\\\/100057676170234\\\/\",\"https:\\\/\\\/x.com\\\/Gh0stysky\",\"https:\\\/\\\/www.linkedin.com\\\/company\\\/34739653\",\"https:\\\/\\\/www.instagram.com\\\/gh0stysky\"]}]}<\/script>\n<!-- \/ Yoast SEO plugin. -->","yoast_head_json":{"title":"Kit de teleoperaci\u00f3n Agibot A2 VR - Ghostysky","description":"El Kit de Teleoperaci\u00f3n VR Agibot A2 es una interfaz de control de vanguardia dise\u00f1ada espec\u00edficamente para el robot humanoide Agibot A2. Al ir m\u00e1s all\u00e1 de los joysticks tradicionales y las interfaces con c\u00f3digo complejo, este kit permite a los usuarios &quot;entrar&quot; en el robot y controlar sus complejos movimientos mediante gestos humanos intuitivos. Ya sea para mantenimiento industrial de alto riesgo, investigaci\u00f3n remota o recopilaci\u00f3n de datos de entrenamiento de alta calidad para IA Corporizada, el Kit VR A2 transforma la operaci\u00f3n remota en una experiencia fluida en primera persona.","robots":{"index":"index","follow":"follow","max-snippet":"max-snippet:-1","max-image-preview":"max-image-preview:large","max-video-preview":"max-video-preview:-1"},"canonical":"https:\/\/www.ghostysky.com\/es\/producto-2\/agibot-a2-vr-teleoperation-kit\/","og_locale":"es_ES","og_type":"article","og_title":"Agibot A2 VR Teleoperation Kit - Ghostysky","og_description":"The Agibot A2 VR Teleoperation Kit is a state-of-the-art control interface designed specifically for the Agibot A2 humanoid robot. By moving beyond traditional joysticks and code-heavy interfaces, this kit allows users to \"step inside\" the robot, controlling its complex movements through intuitive human motion.Whether used for high-stakes industrial maintenance, remote research, or gathering high-quality training data for Embodied AI, the A2 VR Kit transforms remote operation into a seamless, first-person experience.","og_url":"https:\/\/www.ghostysky.com\/es\/producto-2\/agibot-a2-vr-teleoperation-kit\/","og_site_name":"Ghostysky","article_publisher":"https:\/\/www.facebook.com\/people\/Ghostysky\/100057676170234\/","article_modified_time":"2026-01-27T08:32:18+00:00","og_image":[{"width":883,"height":552,"url":"https:\/\/www.ghostysky.com\/wp-content\/uploads\/2026\/01\/GH_Agibot_A2_VR_Kit_1.png","type":"image\/png"}],"twitter_card":"summary_large_image","twitter_site":"@Gh0stysky","twitter_misc":{"Tiempo de lectura":"2 minutos"},"schema":{"@context":"https:\/\/schema.org","@graph":[{"@type":"WebPage","@id":"https:\/\/www.ghostysky.com\/product\/agibot-a2-vr-teleoperation-kit\/","url":"https:\/\/www.ghostysky.com\/product\/agibot-a2-vr-teleoperation-kit\/","name":"Kit de teleoperaci\u00f3n Agibot A2 VR - Ghostysky","isPartOf":{"@id":"https:\/\/www.ghostysky.com\/#website"},"primaryImageOfPage":{"@id":"https:\/\/www.ghostysky.com\/product\/agibot-a2-vr-teleoperation-kit\/#primaryimage"},"image":{"@id":"https:\/\/www.ghostysky.com\/product\/agibot-a2-vr-teleoperation-kit\/#primaryimage"},"thumbnailUrl":"https:\/\/www.ghostysky.com\/wp-content\/uploads\/2026\/01\/GH_Agibot_A2_VR_Kit_1.png","datePublished":"2026-01-27T08:17:14+00:00","dateModified":"2026-01-27T08:32:18+00:00","description":"El Kit de Teleoperaci\u00f3n VR Agibot A2 es una interfaz de control de vanguardia dise\u00f1ada espec\u00edficamente para el robot humanoide Agibot A2. Al ir m\u00e1s all\u00e1 de los joysticks tradicionales y las interfaces con c\u00f3digo complejo, este kit permite a los usuarios &quot;entrar&quot; en el robot y controlar sus complejos movimientos mediante gestos humanos intuitivos. Ya sea para mantenimiento industrial de alto riesgo, investigaci\u00f3n remota o recopilaci\u00f3n de datos de entrenamiento de alta calidad para IA Corporizada, el Kit VR A2 transforma la operaci\u00f3n remota en una experiencia fluida en primera persona.","breadcrumb":{"@id":"https:\/\/www.ghostysky.com\/product\/agibot-a2-vr-teleoperation-kit\/#breadcrumb"},"inLanguage":"es","potentialAction":[{"@type":"ReadAction","target":["https:\/\/www.ghostysky.com\/product\/agibot-a2-vr-teleoperation-kit\/"]}]},{"@type":"ImageObject","inLanguage":"es","@id":"https:\/\/www.ghostysky.com\/product\/agibot-a2-vr-teleoperation-kit\/#primaryimage","url":"https:\/\/www.ghostysky.com\/wp-content\/uploads\/2026\/01\/GH_Agibot_A2_VR_Kit_1.png","contentUrl":"https:\/\/www.ghostysky.com\/wp-content\/uploads\/2026\/01\/GH_Agibot_A2_VR_Kit_1.png","width":883,"height":552},{"@type":"BreadcrumbList","@id":"https:\/\/www.ghostysky.com\/product\/agibot-a2-vr-teleoperation-kit\/#breadcrumb","itemListElement":[{"@type":"ListItem","position":1,"name":"Home","item":"https:\/\/www.ghostysky.com\/"},{"@type":"ListItem","position":2,"name":"Shop","item":"https:\/\/www.ghostysky.com\/shop\/"},{"@type":"ListItem","position":3,"name":"Agibot A2 VR Teleoperation Kit"}]},{"@type":"WebSite","@id":"https:\/\/www.ghostysky.com\/#website","url":"https:\/\/www.ghostysky.com\/","name":"Ghostysky","description":"Entrega de drones y servicios profesionales","publisher":{"@id":"https:\/\/www.ghostysky.com\/#organization"},"potentialAction":[{"@type":"SearchAction","target":{"@type":"EntryPoint","urlTemplate":"https:\/\/www.ghostysky.com\/?s={search_term_string}"},"query-input":{"@type":"PropertyValueSpecification","valueRequired":true,"valueName":"search_term_string"}}],"inLanguage":"es"},{"@type":"Organization","@id":"https:\/\/www.ghostysky.com\/#organization","name":"Ghostysky","url":"https:\/\/www.ghostysky.com\/","logo":{"@type":"ImageObject","inLanguage":"es","@id":"https:\/\/www.ghostysky.com\/#\/schema\/logo\/image\/","url":"https:\/\/www.ghostysky.com\/wp-content\/uploads\/2020\/06\/cropped-ghostyskylogo_text_white2.png","contentUrl":"https:\/\/www.ghostysky.com\/wp-content\/uploads\/2020\/06\/cropped-ghostyskylogo_text_white2.png","width":169,"height":56,"caption":"Ghostysky"},"image":{"@id":"https:\/\/www.ghostysky.com\/#\/schema\/logo\/image\/"},"sameAs":["https:\/\/www.facebook.com\/people\/Ghostysky\/100057676170234\/","https:\/\/x.com\/Gh0stysky","https:\/\/www.linkedin.com\/company\/34739653","https:\/\/www.instagram.com\/gh0stysky"]}]}},"_links":{"self":[{"href":"https:\/\/www.ghostysky.com\/es\/wp-json\/wp\/v2\/product\/23893","targetHints":{"allow":["GET"]}}],"collection":[{"href":"https:\/\/www.ghostysky.com\/es\/wp-json\/wp\/v2\/product"}],"about":[{"href":"https:\/\/www.ghostysky.com\/es\/wp-json\/wp\/v2\/types\/product"}],"replies":[{"embeddable":true,"href":"https:\/\/www.ghostysky.com\/es\/wp-json\/wp\/v2\/comments?post=23893"}],"version-history":[{"count":0,"href":"https:\/\/www.ghostysky.com\/es\/wp-json\/wp\/v2\/product\/23893\/revisions"}],"wp:featuredmedia":[{"embeddable":true,"href":"https:\/\/www.ghostysky.com\/es\/wp-json\/wp\/v2\/media\/23895"}],"wp:attachment":[{"href":"https:\/\/www.ghostysky.com\/es\/wp-json\/wp\/v2\/media?parent=23893"}],"wp:term":[{"taxonomy":"product_brand","embeddable":true,"href":"https:\/\/www.ghostysky.com\/es\/wp-json\/wp\/v2\/product_brand?post=23893"},{"taxonomy":"product_cat","embeddable":true,"href":"https:\/\/www.ghostysky.com\/es\/wp-json\/wp\/v2\/product_cat?post=23893"},{"taxonomy":"product_tag","embeddable":true,"href":"https:\/\/www.ghostysky.com\/es\/wp-json\/wp\/v2\/product_tag?post=23893"}],"curies":[{"name":"wp","href":"https:\/\/api.w.org\/{rel}","templated":true}]}}