{"id":23898,"date":"2026-01-27T08:37:52","date_gmt":"2026-01-27T08:37:52","guid":{"rendered":"https:\/\/www.ghostysky.com\/?post_type=product&#038;p=23898"},"modified":"2026-01-27T08:55:18","modified_gmt":"2026-01-27T08:55:18","slug":"agibot-g2","status":"publish","type":"product","link":"https:\/\/www.ghostysky.com\/es\/product\/agibot-g2\/","title":{"rendered":"Agibot G2"},"content":{"rendered":"<h3 data-path-to-node=\"3\">Caracter\u00edsticas y capacidades clave<\/h3>\n<ul data-path-to-node=\"4\">\n<li>\n<p data-path-to-node=\"4,0,0\"><b data-path-to-node=\"4,0,0\" data-index-in-node=\"0\">Destreza similar a la humana:<\/b><span class=\"citation-386\"> Equipado con el primer sistema del mundo <\/span><b data-path-to-node=\"4,0,0\" data-index-in-node=\"54\"><span class=\"citation-386\">brazos controlados por fuerza en forma de mu\u00f1eca en forma de cruz<\/span><\/b><span class=\"citation-386 citation-end-386\"> y 7 grados de libertad (DoF) por brazo.<\/span> <span class=\"citation-385 citation-end-385\">Cuenta con sensores de torsi\u00f3n de alta precisi\u00f3n que le permiten manipular objetos delicados, como huevos crudos o componentes electr\u00f3nicos, sin da\u00f1arlos.<\/span><\/p>\n<\/li>\n<li>\n<p data-path-to-node=\"4,1,0\"><b data-path-to-node=\"4,1,0\" data-index-in-node=\"0\">Movilidad omnidireccional:<\/b><span class=\"citation-384\"> A diferencia de los robots b\u00edpedos tradicionales que pueden tener dificultades con la velocidad, el G2 utiliza un <\/span><b data-path-to-node=\"4,1,0\" data-index-in-node=\"108\"><span class=\"citation-384\">base humanoide con ruedas<\/span><\/b><span class=\"citation-384 citation-end-384\">.<\/span> <span class=\"citation-383\">Esto permite un movimiento \u00e1gil de 360 grados a velocidades de hasta <\/span><b data-path-to-node=\"4,1,0\" data-index-in-node=\"190\"><span class=\"citation-383\">1,5 m\/s<\/span><\/b><span class=\"citation-383 citation-end-383\">, lo que lo hace ideal para navegar por pasillos de almac\u00e9n concurridos.<\/span><\/p>\n<\/li>\n<li>\n<p data-path-to-node=\"4,2,0\"><b data-path-to-node=\"4,2,0\" data-index-in-node=\"0\"><span class=\"citation-382\">IA encarnada (GO-1 y GE-1):<\/span><\/b><span class=\"citation-382 citation-end-382\"> Desarrollado con la arquitectura de \u201ccerebro de 3 capas\u201d patentada de Agibot.<\/span> <span class=\"citation-381\">El <\/span><b data-path-to-node=\"4,2,0\" data-index-in-node=\"93\"><span class=\"citation-381\">Modelo GO-1<\/span><\/b><span class=\"citation-381\"> se encarga de la percepci\u00f3n y la planificaci\u00f3n, mientras que el <\/span><b data-path-to-node=\"4,2,0\" data-index-in-node=\"147\"><span class=\"citation-381\">Modelo mundial GE-1<\/span><\/b><span class=\"citation-381 citation-end-381\"> permite al robot \u201censayar\u201d tareas en un espacio virtual antes de la ejecuci\u00f3n f\u00edsica, reduciendo significativamente el ensayo y error.<\/span><\/p>\n<\/li>\n<li>\n<p data-path-to-node=\"4,3,0\"><b data-path-to-node=\"4,3,0\" data-index-in-node=\"0\"><span class=\"citation-380\">Operaci\u00f3n continua 24\/7:<\/span><\/b><span class=\"citation-380\"> Dise\u00f1ado para los rigores de los turnos industriales, el G2 cuenta con una <\/span><b data-path-to-node=\"4,3,0\" data-index-in-node=\"91\"><span class=\"citation-380\">dise\u00f1o de bater\u00eda dual intercambiable en caliente<\/span><\/b><span class=\"citation-380 citation-end-380\"> y capacidades de carga aut\u00f3noma, lo que garantiza cero tiempo de inactividad.<\/span><\/p>\n<\/li>\n<li>\n<p data-path-to-node=\"4,4,0\"><b data-path-to-node=\"4,4,0\" data-index-in-node=\"0\">Computaci\u00f3n masiva a bordo:<\/b><span class=\"citation-379\"> Integrado con el <\/span><b data-path-to-node=\"4,4,0\" data-index-in-node=\"46\"><span class=\"citation-379\">NVIDIA Jetson Thor T5000<\/span><\/b><span class=\"citation-379\">, proporcionando hasta <\/span><b data-path-to-node=\"4,4,0\" data-index-in-node=\"88\"><span class=\"citation-379\">2070 TFLOPS<\/span><\/b><span class=\"citation-379 citation-end-379\"> del poder de la IA.<\/span> <span class=\"citation-378 citation-end-378\">Esto permite la toma de decisiones en tiempo real con una latencia inferior a 10 ms.<\/span><\/p>\n<p>&nbsp;<\/li>\n<\/ul>\n<h3 data-path-to-node=\"6\">Especificaciones t\u00e9cnicas<\/h3>\n<table data-path-to-node=\"7\">\n<thead>\n<tr>\n<td><strong>Caracter\u00edstica<\/strong><\/td>\n<td><strong>Especificaci\u00f3n<\/strong><\/td>\n<\/tr>\n<\/thead>\n<tbody>\n<tr>\n<td><span data-path-to-node=\"7,1,0,0\"><b data-path-to-node=\"7,1,0,0\" data-index-in-node=\"0\">Altura<\/b><\/span><\/td>\n<td><span data-path-to-node=\"7,1,1,0\">1,2 m a 1,8 m (variable\/ajustable)<\/span><\/td>\n<\/tr>\n<tr>\n<td><span data-path-to-node=\"7,2,0,0\"><b data-path-to-node=\"7,2,0,0\" data-index-in-node=\"0\">Peso<\/b><\/span><\/td>\n<td><span data-path-to-node=\"7,2,1,0\">185 kilos<\/span><\/td>\n<\/tr>\n<tr>\n<td><span data-path-to-node=\"7,3,0,0\"><b data-path-to-node=\"7,3,0,0\" data-index-in-node=\"0\">Carga \u00fatil<\/b><\/span><\/td>\n<td><span data-path-to-node=\"7,3,1,0\">5 kg por brazo<\/span><\/td>\n<\/tr>\n<tr>\n<td><span data-path-to-node=\"7,4,0,0\"><b data-path-to-node=\"7,4,0,0\" data-index-in-node=\"0\">Grados de libertad<\/b><\/span><\/td>\n<td><span data-path-to-node=\"7,4,1,0\">26+ (cuerpo entero); 7 por brazo<\/span><\/td>\n<\/tr>\n<tr>\n<td><span data-path-to-node=\"7,5,0,0\"><b data-path-to-node=\"7,5,0,0\" data-index-in-node=\"0\">Sensores<\/b><\/span><\/td>\n<td><span data-path-to-node=\"7,5,1,0\">LiDAR dual, c\u00e1maras est\u00e9reo, visi\u00f3n de 360\u00b0, conjunto de micr\u00f3fonos<\/span><\/td>\n<\/tr>\n<tr>\n<td><span data-path-to-node=\"7,6,0,0\"><b data-path-to-node=\"7,6,0,0\" data-index-in-node=\"0\">Protecci\u00f3n de entrada<\/b><\/span><\/td>\n<td><span data-path-to-node=\"7,6,1,0\">IP42 (Cuerpo) \/ IP50 (Brazos)<\/span><\/td>\n<\/tr>\n<tr>\n<td><span data-path-to-node=\"7,7,0,0\"><b data-path-to-node=\"7,7,0,0\" data-index-in-node=\"0\">M\u00e1xima velocidad<\/b><\/span><\/td>\n<td><span data-path-to-node=\"7,7,1,0\">1,5 m\/s (aprox. 5,4 km\/h)<\/span><\/td>\n<\/tr>\n<tr>\n<td><span data-path-to-node=\"7,8,0,0\"><b data-path-to-node=\"7,8,0,0\" data-index-in-node=\"0\">Capacidad de la bater\u00eda<\/b><\/span><\/td>\n<td><span data-path-to-node=\"7,8,1,0\">1652 Wh (doble intercambio en caliente)<\/span><\/td>\n<\/tr>\n<\/tbody>\n<\/table>\n<p><a href=\"https:\/\/www.ghostysky.com\/wp-content\/uploads\/2026\/01\/GH_Agibot_G2_Prod_desc_2-scaled.jpg\"><img fetchpriority=\"high\" decoding=\"async\" class=\"alignnone wp-image-23905 size-full lazyload\" src=\"datos:imagen\/gif;base64,R0lGODlhAQABAAAAACH5BAEKAAEALAAAAAABAAEAAAICTAEAOw==\" alt=\"\" width=\"2560\" height=\"1333\" sizes=\"(max-width: 2560px) 100vw, 2560px\" data-src=\"datos:imagen\/gif;base64,R0lGODlhAQABAAAAACH5BAEKAAEALAAAAAABAAEAAAICTAEAOw==\" data-srcset=\"\" srcset=\"\"><\/a><\/p>\n<p><a href=\"https:\/\/www.ghostysky.com\/wp-content\/uploads\/2026\/01\/GH_Agibot_G2_Prod_desc_1-scaled.jpg\"><img decoding=\"async\" class=\"alignnone wp-image-23906 size-full lazyload\" src=\"datos:imagen\/gif;base64,R0lGODlhAQABAAAAACH5BAEKAAEALAAAAAABAAEAAAICTAEAOw==\" alt=\"\" width=\"1882\" height=\"2560\" sizes=\"(max-width: 1882px) 100vw, 1882px\" data-src=\"datos:imagen\/gif;base64,R0lGODlhAQABAAAAACH5BAEKAAEALAAAAAABAAEAAAICTAEAOw==\" data-srcset=\"\" srcset=\"\"><\/a><\/p>\n<h3 data-path-to-node=\"9\">Casos de uso principales<\/h3>\n<ol start=\"1\" data-path-to-node=\"10\">\n<li>\n<p data-path-to-node=\"10,0,0\"><b data-path-to-node=\"10,0,0\" data-index-in-node=\"0\">Fabricaci\u00f3n:<\/b><span class=\"citation-377 citation-end-377\"> Tareas de cadena de montaje, como insertar m\u00f3dulos de RAM en placas base o manipular piezas de autom\u00f3viles.<\/span><\/p>\n<\/li>\n<li>\n<p data-path-to-node=\"10,1,0\"><b data-path-to-node=\"10,1,0\" data-index-in-node=\"0\">Log\u00edstica:<\/b><span class=\"citation-376 citation-end-376\"> Clasificaci\u00f3n y movimiento de paquetes de distintos tama\u00f1os mediante las diestras pinzas \u201cOmniHand\u201d.<\/span><\/p>\n<\/li>\n<li>\n<p data-path-to-node=\"10,2,0\"><b data-path-to-node=\"10,2,0\" data-index-in-node=\"0\"><span class=\"citation-375\">Servicios interactivos:<\/span><\/b><span class=\"citation-375 citation-end-375\"> Act\u00faa como gu\u00eda de alta tecnolog\u00eda en museos o salas de exposici\u00f3n corporativas, utilizando su interacci\u00f3n de voz multimodal y un lenguaje corporal similar al humano.<\/span><\/p>\n<\/li>\n<li>\n<p data-path-to-node=\"10,3,0\"><b data-path-to-node=\"10,3,0\" data-index-in-node=\"0\">Investigaci\u00f3n y desarrollo:<\/b><span class=\"citation-374 citation-end-374\"> Sirviendo como una plataforma s\u00f3lida para que universidades y laboratorios de IA prueben la inteligencia incorporada.<\/span><\/p>\n<\/li>\n<\/ol>","protected":false},"excerpt":{"rendered":"<p><span class=\"citation-388\">El <\/span><b data-path-to-node=\"1\" data-index-in-node=\"4\"><span class=\"citation-388\">Agibot G2<\/span><\/b><span class=\"citation-388 citation-end-388\"> (tambi\u00e9n conocido como \u201cGenie\u201d) es un robot humanoide interactivo de \u00faltima generaci\u00f3n, de grado industrial, dise\u00f1ado para cerrar la brecha entre la destreza humana y la precisi\u00f3n rob\u00f3tica.<\/span> <span class=\"citation-387 citation-end-387\">Presentado como un gran salto respecto de sus predecesores, el G2 est\u00e1 dise\u00f1ado para manejar tareas complejas y de secuencia larga en entornos din\u00e1micos como f\u00e1bricas, centros log\u00edsticos y salas de exposici\u00f3n comerciales.<\/span><\/p>","protected":false},"featured_media":23902,"comment_status":"open","ping_status":"closed","template":"","meta":[],"product_brand":[1345],"product_cat":[1342,1343,1038,1037],"product_tag":[1346,1354],"class_list":{"0":"post-23898","1":"product","2":"type-product","3":"status-publish","4":"has-post-thumbnail","6":"product_brand-agibot","7":"product_cat-agibot","8":"product_cat-agibot-robots","9":"product_cat-humanoid","10":"product_cat-robotics","11":"product_tag-agibot","12":"product_tag-agibot-genie-series","14":"first","15":"outofstock","16":"taxable","17":"shipping-taxable","18":"product-type-simple"},"yoast_head":"<!-- This site is optimized with the Yoast SEO plugin v27.4 - https:\/\/yoast.com\/product\/yoast-seo-wordpress\/ -->\n<title>Agibot G2 - Ghostysky<\/title>\n<meta name=\"description\" content=\"The Agibot G2 (also known as the &quot;Genie&quot;) is a next-generation, industrial-grade interactive humanoid robot designed to bridge the gap between human dexterity and robotic precision. Unveiled as a major leap from its predecessors, the G2 is built to handle complex, long-sequence tasks in dynamic environments like factory floors, logistics centers, and commercial showrooms.\" \/>\n<meta name=\"robots\" content=\"index, follow, max-snippet:-1, max-image-preview:large, max-video-preview:-1\" \/>\n<link rel=\"canonical\" href=\"https:\/\/www.ghostysky.com\/es\/producto-2\/agibot-g2\/\" \/>\n<meta property=\"og:locale\" content=\"es_ES\" \/>\n<meta property=\"og:type\" content=\"article\" \/>\n<meta property=\"og:title\" content=\"Agibot G2 - Ghostysky\" \/>\n<meta property=\"og:description\" content=\"The Agibot G2 (also known as the &quot;Genie&quot;) is a next-generation, industrial-grade interactive humanoid robot designed to bridge the gap between human dexterity and robotic precision. Unveiled as a major leap from its predecessors, the G2 is built to handle complex, long-sequence tasks in dynamic environments like factory floors, logistics centers, and commercial showrooms.\" \/>\n<meta property=\"og:url\" content=\"https:\/\/www.ghostysky.com\/es\/producto-2\/agibot-g2\/\" \/>\n<meta property=\"og:site_name\" content=\"Ghostysky\" \/>\n<meta property=\"article:publisher\" content=\"https:\/\/www.facebook.com\/people\/Ghostysky\/100057676170234\/\" \/>\n<meta property=\"article:modified_time\" content=\"2026-01-27T08:55:18+00:00\" \/>\n<meta property=\"og:image\" content=\"https:\/\/www.ghostysky.com\/wp-content\/uploads\/2026\/01\/GH_Agibot_G2_1.png\" \/>\n\t<meta property=\"og:image:width\" content=\"467\" \/>\n\t<meta property=\"og:image:height\" content=\"855\" \/>\n\t<meta property=\"og:image:type\" content=\"image\/png\" \/>\n<meta name=\"twitter:card\" content=\"summary_large_image\" \/>\n<meta name=\"twitter:site\" content=\"@Gh0stysky\" \/>\n<meta name=\"twitter:label1\" content=\"Tiempo de lectura\" \/>\n\t<meta name=\"twitter:data1\" content=\"2 minutos\" \/>\n<script type=\"application\/ld+json\" class=\"yoast-schema-graph\">{\"@context\":\"https:\\\/\\\/schema.org\",\"@graph\":[{\"@type\":\"WebPage\",\"@id\":\"https:\\\/\\\/www.ghostysky.com\\\/product\\\/agibot-g2\\\/\",\"url\":\"https:\\\/\\\/www.ghostysky.com\\\/product\\\/agibot-g2\\\/\",\"name\":\"Agibot G2 - Ghostysky\",\"isPartOf\":{\"@id\":\"https:\\\/\\\/www.ghostysky.com\\\/#website\"},\"primaryImageOfPage\":{\"@id\":\"https:\\\/\\\/www.ghostysky.com\\\/product\\\/agibot-g2\\\/#primaryimage\"},\"image\":{\"@id\":\"https:\\\/\\\/www.ghostysky.com\\\/product\\\/agibot-g2\\\/#primaryimage\"},\"thumbnailUrl\":\"https:\\\/\\\/www.ghostysky.com\\\/wp-content\\\/uploads\\\/2026\\\/01\\\/GH_Agibot_G2_1.png\",\"datePublished\":\"2026-01-27T08:37:52+00:00\",\"dateModified\":\"2026-01-27T08:55:18+00:00\",\"description\":\"The Agibot G2 (also known as the \\\"Genie\\\") is a next-generation, industrial-grade interactive humanoid robot designed to bridge the gap between human dexterity and robotic precision. Unveiled as a major leap from its predecessors, the G2 is built to handle complex, long-sequence tasks in dynamic environments like factory floors, logistics centers, and commercial showrooms.\",\"breadcrumb\":{\"@id\":\"https:\\\/\\\/www.ghostysky.com\\\/product\\\/agibot-g2\\\/#breadcrumb\"},\"inLanguage\":\"es\",\"potentialAction\":[{\"@type\":\"ReadAction\",\"target\":[\"https:\\\/\\\/www.ghostysky.com\\\/product\\\/agibot-g2\\\/\"]}]},{\"@type\":\"ImageObject\",\"inLanguage\":\"es\",\"@id\":\"https:\\\/\\\/www.ghostysky.com\\\/product\\\/agibot-g2\\\/#primaryimage\",\"url\":\"https:\\\/\\\/www.ghostysky.com\\\/wp-content\\\/uploads\\\/2026\\\/01\\\/GH_Agibot_G2_1.png\",\"contentUrl\":\"https:\\\/\\\/www.ghostysky.com\\\/wp-content\\\/uploads\\\/2026\\\/01\\\/GH_Agibot_G2_1.png\",\"width\":467,\"height\":855},{\"@type\":\"BreadcrumbList\",\"@id\":\"https:\\\/\\\/www.ghostysky.com\\\/product\\\/agibot-g2\\\/#breadcrumb\",\"itemListElement\":[{\"@type\":\"ListItem\",\"position\":1,\"name\":\"Home\",\"item\":\"https:\\\/\\\/www.ghostysky.com\\\/\"},{\"@type\":\"ListItem\",\"position\":2,\"name\":\"Shop\",\"item\":\"https:\\\/\\\/www.ghostysky.com\\\/shop\\\/\"},{\"@type\":\"ListItem\",\"position\":3,\"name\":\"Agibot G2\"}]},{\"@type\":\"WebSite\",\"@id\":\"https:\\\/\\\/www.ghostysky.com\\\/#website\",\"url\":\"https:\\\/\\\/www.ghostysky.com\\\/\",\"name\":\"Ghostysky\",\"description\":\"Delivering professional drones and services\",\"publisher\":{\"@id\":\"https:\\\/\\\/www.ghostysky.com\\\/#organization\"},\"potentialAction\":[{\"@type\":\"SearchAction\",\"target\":{\"@type\":\"EntryPoint\",\"urlTemplate\":\"https:\\\/\\\/www.ghostysky.com\\\/?s={search_term_string}\"},\"query-input\":{\"@type\":\"PropertyValueSpecification\",\"valueRequired\":true,\"valueName\":\"search_term_string\"}}],\"inLanguage\":\"es\"},{\"@type\":\"Organization\",\"@id\":\"https:\\\/\\\/www.ghostysky.com\\\/#organization\",\"name\":\"Ghostysky\",\"url\":\"https:\\\/\\\/www.ghostysky.com\\\/\",\"logo\":{\"@type\":\"ImageObject\",\"inLanguage\":\"es\",\"@id\":\"https:\\\/\\\/www.ghostysky.com\\\/#\\\/schema\\\/logo\\\/image\\\/\",\"url\":\"https:\\\/\\\/www.ghostysky.com\\\/wp-content\\\/uploads\\\/2020\\\/06\\\/cropped-ghostyskylogo_text_white2.png\",\"contentUrl\":\"https:\\\/\\\/www.ghostysky.com\\\/wp-content\\\/uploads\\\/2020\\\/06\\\/cropped-ghostyskylogo_text_white2.png\",\"width\":169,\"height\":56,\"caption\":\"Ghostysky\"},\"image\":{\"@id\":\"https:\\\/\\\/www.ghostysky.com\\\/#\\\/schema\\\/logo\\\/image\\\/\"},\"sameAs\":[\"https:\\\/\\\/www.facebook.com\\\/people\\\/Ghostysky\\\/100057676170234\\\/\",\"https:\\\/\\\/x.com\\\/Gh0stysky\",\"https:\\\/\\\/www.linkedin.com\\\/company\\\/34739653\",\"https:\\\/\\\/www.instagram.com\\\/gh0stysky\"]}]}<\/script>\n<!-- \/ Yoast SEO plugin. -->","yoast_head_json":{"title":"Agibot G2 - Ghostysky","description":"El Agibot G2 (tambi\u00e9n conocido como &quot;Genie&quot;) es un robot humanoide interactivo de \u00faltima generaci\u00f3n, de grado industrial, dise\u00f1ado para superar la brecha entre la destreza humana y la precisi\u00f3n rob\u00f3tica. Presentado como un gran avance respecto a sus predecesores, el G2 est\u00e1 dise\u00f1ado para realizar tareas complejas y de larga secuencia en entornos din\u00e1micos como plantas de producci\u00f3n, centros log\u00edsticos y salas de exposici\u00f3n comerciales.","robots":{"index":"index","follow":"follow","max-snippet":"max-snippet:-1","max-image-preview":"max-image-preview:large","max-video-preview":"max-video-preview:-1"},"canonical":"https:\/\/www.ghostysky.com\/es\/producto-2\/agibot-g2\/","og_locale":"es_ES","og_type":"article","og_title":"Agibot G2 - Ghostysky","og_description":"The Agibot G2 (also known as the \"Genie\") is a next-generation, industrial-grade interactive humanoid robot designed to bridge the gap between human dexterity and robotic precision. Unveiled as a major leap from its predecessors, the G2 is built to handle complex, long-sequence tasks in dynamic environments like factory floors, logistics centers, and commercial showrooms.","og_url":"https:\/\/www.ghostysky.com\/es\/producto-2\/agibot-g2\/","og_site_name":"Ghostysky","article_publisher":"https:\/\/www.facebook.com\/people\/Ghostysky\/100057676170234\/","article_modified_time":"2026-01-27T08:55:18+00:00","og_image":[{"width":467,"height":855,"url":"https:\/\/www.ghostysky.com\/wp-content\/uploads\/2026\/01\/GH_Agibot_G2_1.png","type":"image\/png"}],"twitter_card":"summary_large_image","twitter_site":"@Gh0stysky","twitter_misc":{"Tiempo de lectura":"2 minutos"},"schema":{"@context":"https:\/\/schema.org","@graph":[{"@type":"WebPage","@id":"https:\/\/www.ghostysky.com\/product\/agibot-g2\/","url":"https:\/\/www.ghostysky.com\/product\/agibot-g2\/","name":"Agibot G2 - Ghostysky","isPartOf":{"@id":"https:\/\/www.ghostysky.com\/#website"},"primaryImageOfPage":{"@id":"https:\/\/www.ghostysky.com\/product\/agibot-g2\/#primaryimage"},"image":{"@id":"https:\/\/www.ghostysky.com\/product\/agibot-g2\/#primaryimage"},"thumbnailUrl":"https:\/\/www.ghostysky.com\/wp-content\/uploads\/2026\/01\/GH_Agibot_G2_1.png","datePublished":"2026-01-27T08:37:52+00:00","dateModified":"2026-01-27T08:55:18+00:00","description":"El Agibot G2 (tambi\u00e9n conocido como &quot;Genie&quot;) es un robot humanoide interactivo de \u00faltima generaci\u00f3n, de grado industrial, dise\u00f1ado para superar la brecha entre la destreza humana y la precisi\u00f3n rob\u00f3tica. Presentado como un gran avance respecto a sus predecesores, el G2 est\u00e1 dise\u00f1ado para realizar tareas complejas y de larga secuencia en entornos din\u00e1micos como plantas de producci\u00f3n, centros log\u00edsticos y salas de exposici\u00f3n comerciales.","breadcrumb":{"@id":"https:\/\/www.ghostysky.com\/product\/agibot-g2\/#breadcrumb"},"inLanguage":"es","potentialAction":[{"@type":"ReadAction","target":["https:\/\/www.ghostysky.com\/product\/agibot-g2\/"]}]},{"@type":"ImageObject","inLanguage":"es","@id":"https:\/\/www.ghostysky.com\/product\/agibot-g2\/#primaryimage","url":"https:\/\/www.ghostysky.com\/wp-content\/uploads\/2026\/01\/GH_Agibot_G2_1.png","contentUrl":"https:\/\/www.ghostysky.com\/wp-content\/uploads\/2026\/01\/GH_Agibot_G2_1.png","width":467,"height":855},{"@type":"BreadcrumbList","@id":"https:\/\/www.ghostysky.com\/product\/agibot-g2\/#breadcrumb","itemListElement":[{"@type":"ListItem","position":1,"name":"Home","item":"https:\/\/www.ghostysky.com\/"},{"@type":"ListItem","position":2,"name":"Shop","item":"https:\/\/www.ghostysky.com\/shop\/"},{"@type":"ListItem","position":3,"name":"Agibot G2"}]},{"@type":"WebSite","@id":"https:\/\/www.ghostysky.com\/#website","url":"https:\/\/www.ghostysky.com\/","name":"Ghostysky","description":"Entrega de drones y servicios profesionales","publisher":{"@id":"https:\/\/www.ghostysky.com\/#organization"},"potentialAction":[{"@type":"SearchAction","target":{"@type":"EntryPoint","urlTemplate":"https:\/\/www.ghostysky.com\/?s={search_term_string}"},"query-input":{"@type":"PropertyValueSpecification","valueRequired":true,"valueName":"search_term_string"}}],"inLanguage":"es"},{"@type":"Organization","@id":"https:\/\/www.ghostysky.com\/#organization","name":"Ghostysky","url":"https:\/\/www.ghostysky.com\/","logo":{"@type":"ImageObject","inLanguage":"es","@id":"https:\/\/www.ghostysky.com\/#\/schema\/logo\/image\/","url":"https:\/\/www.ghostysky.com\/wp-content\/uploads\/2020\/06\/cropped-ghostyskylogo_text_white2.png","contentUrl":"https:\/\/www.ghostysky.com\/wp-content\/uploads\/2020\/06\/cropped-ghostyskylogo_text_white2.png","width":169,"height":56,"caption":"Ghostysky"},"image":{"@id":"https:\/\/www.ghostysky.com\/#\/schema\/logo\/image\/"},"sameAs":["https:\/\/www.facebook.com\/people\/Ghostysky\/100057676170234\/","https:\/\/x.com\/Gh0stysky","https:\/\/www.linkedin.com\/company\/34739653","https:\/\/www.instagram.com\/gh0stysky"]}]}},"_links":{"self":[{"href":"https:\/\/www.ghostysky.com\/es\/wp-json\/wp\/v2\/product\/23898","targetHints":{"allow":["GET"]}}],"collection":[{"href":"https:\/\/www.ghostysky.com\/es\/wp-json\/wp\/v2\/product"}],"about":[{"href":"https:\/\/www.ghostysky.com\/es\/wp-json\/wp\/v2\/types\/product"}],"replies":[{"embeddable":true,"href":"https:\/\/www.ghostysky.com\/es\/wp-json\/wp\/v2\/comments?post=23898"}],"version-history":[{"count":0,"href":"https:\/\/www.ghostysky.com\/es\/wp-json\/wp\/v2\/product\/23898\/revisions"}],"wp:featuredmedia":[{"embeddable":true,"href":"https:\/\/www.ghostysky.com\/es\/wp-json\/wp\/v2\/media\/23902"}],"wp:attachment":[{"href":"https:\/\/www.ghostysky.com\/es\/wp-json\/wp\/v2\/media?parent=23898"}],"wp:term":[{"taxonomy":"product_brand","embeddable":true,"href":"https:\/\/www.ghostysky.com\/es\/wp-json\/wp\/v2\/product_brand?post=23898"},{"taxonomy":"product_cat","embeddable":true,"href":"https:\/\/www.ghostysky.com\/es\/wp-json\/wp\/v2\/product_cat?post=23898"},{"taxonomy":"product_tag","embeddable":true,"href":"https:\/\/www.ghostysky.com\/es\/wp-json\/wp\/v2\/product_tag?post=23898"}],"curies":[{"name":"wp","href":"https:\/\/api.w.org\/{rel}","templated":true}]}}