{"id":23911,"date":"2026-01-27T09:04:51","date_gmt":"2026-01-27T09:04:51","guid":{"rendered":"https:\/\/www.ghostysky.com\/?post_type=product&#038;p=23911"},"modified":"2026-01-27T09:19:58","modified_gmt":"2026-01-27T09:19:58","slug":"agibot-g1","status":"publish","type":"product","link":"https:\/\/www.ghostysky.com\/es\/product\/agibot-g1\/","title":{"rendered":"Agibot G1"},"content":{"rendered":"<h3 data-path-to-node=\"3\">Caracter\u00edsticas principales y dise\u00f1o<\/h3>\n<p data-path-to-node=\"4\"><span class=\"citation-416\">El G1 no es solo una m\u00e1quina para caminar; es una sofisticada pieza de hardware dise\u00f1ada para <\/span><b data-path-to-node=\"4\" data-index-in-node=\"89\"><span class=\"citation-416\">rendimiento de alto dinamismo<\/span><\/b><span class=\"citation-416 citation-end-416\"> y modularidad.<\/span><\/p>\n<ul data-path-to-node=\"5\">\n<li>\n<p data-path-to-node=\"5,0,0\"><b data-path-to-node=\"5,0,0\" data-index-in-node=\"0\">Proporciones centradas en el ser humano:<\/b><span class=\"citation-415 citation-end-415\"> Con una altura que refleja la de un humano promedio, el G1 est\u00e1 dise\u00f1ado para navegar en entornos creados para personas, desde pasillos de oficinas hasta plantas de producci\u00f3n.<\/span><\/p>\n<\/li>\n<li>\n<p data-path-to-node=\"5,1,0\"><b data-path-to-node=\"5,1,0\" data-index-in-node=\"0\">Arquitectura modular:<\/b> El robot presenta un dise\u00f1o altamente modular, lo que permite reparaciones r\u00e1pidas o accesorios de extremidades especializados seg\u00fan la tarea en cuesti\u00f3n.<\/p>\n<\/li>\n<li>\n<p data-path-to-node=\"5,2,0\"><b data-path-to-node=\"5,2,0\" data-index-in-node=\"0\"><span class=\"citation-414\">Actuaci\u00f3n avanzada:<\/span><\/b><span class=\"citation-414 citation-end-414\"> Equipado con motores articulados patentados de alto torque, el G1 puede realizar movimientos fluidos, similares a los humanos, con una estabilidad y velocidad impresionantes.<\/span><\/p>\n<\/li>\n<\/ul>\n<h3 data-path-to-node=\"6\">Inteligencia y percepci\u00f3n<\/h3>\n<p data-path-to-node=\"7\"><span class=\"citation-413 citation-end-413\">En el coraz\u00f3n del Agibot G1 hay un \u201ccerebro de IA\u201d capaz de comprender y reaccionar a su entorno en tiempo real.<\/span><\/p>\n<ul data-path-to-node=\"8\">\n<li>\n<p data-path-to-node=\"8,0,0\"><b data-path-to-node=\"8,0,0\" data-index-in-node=\"0\">IE (Inteligencia Encarnada):<\/b><span class=\"citation-412 citation-end-412\"> A diferencia de los chatbots est\u00e1ndar, el G1 utiliza IA incorporada para percibir el mundo f\u00edsico, lo que le permite manipular objetos con precisi\u00f3n y aprender nuevas tareas a trav\u00e9s de la observaci\u00f3n.<\/span><\/p>\n<\/li>\n<li>\n<p data-path-to-node=\"8,1,0\"><b data-path-to-node=\"8,1,0\" data-index-in-node=\"0\">SLAM y Suite Sensorial:<\/b> Al utilizar una combinaci\u00f3n de LiDAR, c\u00e1maras de profundidad y micr\u00f3fonos de alta fidelidad, el G1 mantiene una conciencia de 360 grados de su entorno, lo que garantiza un funcionamiento seguro cerca de humanos.<\/p>\n<\/li>\n<\/ul>\n<h3 data-path-to-node=\"9\">Especificaciones t\u00e9cnicas<\/h3>\n<table data-path-to-node=\"10\">\n<thead>\n<tr>\n<td><strong>Caracter\u00edstica<\/strong><\/td>\n<td><strong>Especificaci\u00f3n<\/strong><\/td>\n<\/tr>\n<\/thead>\n<tbody>\n<tr>\n<td><span data-path-to-node=\"10,1,0,0\"><b data-path-to-node=\"10,1,0,0\" data-index-in-node=\"0\">Altura<\/b><\/span><\/td>\n<td><span data-path-to-node=\"10,1,1,0\">Aprox. 130 cm \u2013 180 cm<\/span><\/td>\n<\/tr>\n<tr>\n<td><span data-path-to-node=\"10,2,0,0\"><b data-path-to-node=\"10,2,0,0\" data-index-in-node=\"0\">Peso<\/b><\/span><\/td>\n<td><span data-path-to-node=\"10,2,1,0\">~150 kilos<\/span><\/td>\n<\/tr>\n<tr>\n<td><span data-path-to-node=\"10,3,0,0\"><b data-path-to-node=\"10,3,0,0\" data-index-in-node=\"0\">Durar<\/b><\/span><\/td>\n<td><span data-path-to-node=\"10,3,1,0\">70 cent\u00edmetros<\/span><\/td>\n<\/tr>\n<tr>\n<td><span data-path-to-node=\"10,4,0,0\"><b data-path-to-node=\"10,4,0,0\" data-index-in-node=\"0\">Factor final<\/b><\/span><\/td>\n<td><span data-path-to-node=\"10,4,1,0\">6 grados de libertad<\/span><\/td>\n<\/tr>\n<tr>\n<td><span data-path-to-node=\"10,5,0,0\"><b data-path-to-node=\"10,5,0,0\" data-index-in-node=\"0\">Grado de libertad (excluyendo factor final)<\/b><\/span><\/td>\n<td><span data-path-to-node=\"10,5,1,0\">20 grados de libertad<\/span><\/td>\n<\/tr>\n<tr>\n<td><span data-path-to-node=\"10,6,0,0\"><b data-path-to-node=\"10,6,0,0\" data-index-in-node=\"0\">Plataforma inform\u00e1tica<\/b><\/span><\/td>\n<td><span data-path-to-node=\"10,6,1,0\">Jetson AGX Orin de 64 GB<\/span><\/td>\n<\/tr>\n<\/tbody>\n<\/table>\n<p>&nbsp;<\/p>\n<h3 data-path-to-node=\"12\">Por qu\u00e9 es importante el G1<\/h3>\n<p data-path-to-node=\"13\">El Agibot G1 se posiciona como un <b data-path-to-node=\"13\" data-index-in-node=\"33\">rentable<\/b> Competidor en el mercado de los humanoides. Al centrarse en la fabricaci\u00f3n inteligente y la optimizaci\u00f3n de la cadena de suministro, Agibot busca reducir significativamente el precio, haciendo realidad su implementaci\u00f3n generalizada en log\u00edstica, manejo de materiales peligrosos y cuidado de personas mayores, en lugar de ser una fantas\u00eda.<\/p>","protected":false},"excerpt":{"rendered":"<p><span class=\"citation-418\">El <\/span><b data-path-to-node=\"1\" data-index-in-node=\"4\"><span class=\"citation-418\">Agibot G1<\/span><\/b><span class=\"citation-418 citation-end-418\"> (parte de la serie \u201cGreat\u201d) representa un gran avance en rob\u00f3tica, pasando de prototipos de laboratorio experimentales a un humanoide pr\u00e1ctico, \u201clisto para producci\u00f3n en masa\u201d.<\/span> <span class=\"citation-417 citation-end-417\">Dise\u00f1ado por Agibot, la empresa fundada por el ex \u201cjoven genio\u201d de Huawei, Peng Zhihui, este robot est\u00e1 dise\u00f1ado para cerrar la brecha entre la eficiencia industrial y la versatilidad del servicio dom\u00e9stico.<\/span><\/p>","protected":false},"featured_media":23913,"comment_status":"open","ping_status":"closed","template":"","meta":[],"product_brand":[1345],"product_cat":[1342,1343,1038,1037],"product_tag":[1346,1354],"class_list":{"0":"post-23911","1":"product","2":"type-product","3":"status-publish","4":"has-post-thumbnail","6":"product_brand-agibot","7":"product_cat-agibot","8":"product_cat-agibot-robots","9":"product_cat-humanoid","10":"product_cat-robotics","11":"product_tag-agibot","12":"product_tag-agibot-genie-series","14":"first","15":"outofstock","16":"taxable","17":"shipping-taxable","18":"product-type-simple"},"yoast_head":"<!-- This site is optimized with the Yoast SEO plugin v27.1.1 - https:\/\/yoast.com\/product\/yoast-seo-wordpress\/ -->\n<title>Agibot G1 - Ghostysky<\/title>\n<meta name=\"description\" content=\"The Agibot G1 (part of the &quot;Great&quot; series) represents a massive leap forward in robotics, transitioning from experimental lab prototypes to a practical, &quot;mass-production ready&quot; humanoid. Designed by Agibot\u2014the firm founded by former Huawei &quot;genius youth&quot; Peng Zhihui\u2014this robot is built to bridge the gap between industrial efficiency and home-service versatility.\" \/>\n<meta name=\"robots\" content=\"index, follow, max-snippet:-1, max-image-preview:large, max-video-preview:-1\" \/>\n<link rel=\"canonical\" href=\"https:\/\/www.ghostysky.com\/es\/producto-2\/agibot-g1\/\" \/>\n<meta property=\"og:locale\" content=\"es_ES\" \/>\n<meta property=\"og:type\" content=\"article\" \/>\n<meta property=\"og:title\" content=\"Agibot G1 - Ghostysky\" \/>\n<meta property=\"og:description\" content=\"The Agibot G1 (part of the &quot;Great&quot; series) represents a massive leap forward in robotics, transitioning from experimental lab prototypes to a practical, &quot;mass-production ready&quot; humanoid. Designed by Agibot\u2014the firm founded by former Huawei &quot;genius youth&quot; Peng Zhihui\u2014this robot is built to bridge the gap between industrial efficiency and home-service versatility.\" \/>\n<meta property=\"og:url\" content=\"https:\/\/www.ghostysky.com\/es\/producto-2\/agibot-g1\/\" \/>\n<meta property=\"og:site_name\" content=\"Ghostysky\" \/>\n<meta property=\"article:publisher\" content=\"https:\/\/www.facebook.com\/people\/Ghostysky\/100057676170234\/\" \/>\n<meta property=\"article:modified_time\" content=\"2026-01-27T09:19:58+00:00\" \/>\n<meta property=\"og:image\" content=\"https:\/\/www.ghostysky.com\/wp-content\/uploads\/2026\/01\/GH_Agibot_G1_4.webp\" \/>\n\t<meta property=\"og:image:width\" content=\"1200\" \/>\n\t<meta property=\"og:image:height\" content=\"1200\" \/>\n\t<meta property=\"og:image:type\" content=\"image\/webp\" \/>\n<meta name=\"twitter:card\" content=\"summary_large_image\" \/>\n<meta name=\"twitter:site\" content=\"@Gh0stysky\" \/>\n<meta name=\"twitter:label1\" content=\"Tiempo de lectura\" \/>\n\t<meta name=\"twitter:data1\" content=\"2 minutos\" \/>\n<script type=\"application\/ld+json\" class=\"yoast-schema-graph\">{\"@context\":\"https:\/\/schema.org\",\"@graph\":[{\"@type\":\"WebPage\",\"@id\":\"https:\/\/www.ghostysky.com\/product\/agibot-g1\/\",\"url\":\"https:\/\/www.ghostysky.com\/product\/agibot-g1\/\",\"name\":\"Agibot G1 - Ghostysky\",\"isPartOf\":{\"@id\":\"https:\/\/www.ghostysky.com\/#website\"},\"primaryImageOfPage\":{\"@id\":\"https:\/\/www.ghostysky.com\/product\/agibot-g1\/#primaryimage\"},\"image\":{\"@id\":\"https:\/\/www.ghostysky.com\/product\/agibot-g1\/#primaryimage\"},\"thumbnailUrl\":\"https:\/\/www.ghostysky.com\/wp-content\/uploads\/2026\/01\/GH_Agibot_G1_4.webp\",\"datePublished\":\"2026-01-27T09:04:51+00:00\",\"dateModified\":\"2026-01-27T09:19:58+00:00\",\"description\":\"The Agibot G1 (part of the \\\"Great\\\" series) represents a massive leap forward in robotics, transitioning from experimental lab prototypes to a practical, \\\"mass-production ready\\\" humanoid. Designed by Agibot\u2014the firm founded by former Huawei \\\"genius youth\\\" Peng Zhihui\u2014this robot is built to bridge the gap between industrial efficiency and home-service versatility.\",\"breadcrumb\":{\"@id\":\"https:\/\/www.ghostysky.com\/product\/agibot-g1\/#breadcrumb\"},\"inLanguage\":\"es\",\"potentialAction\":[{\"@type\":\"ReadAction\",\"target\":[\"https:\/\/www.ghostysky.com\/product\/agibot-g1\/\"]}]},{\"@type\":\"ImageObject\",\"inLanguage\":\"es\",\"@id\":\"https:\/\/www.ghostysky.com\/product\/agibot-g1\/#primaryimage\",\"url\":\"https:\/\/www.ghostysky.com\/wp-content\/uploads\/2026\/01\/GH_Agibot_G1_4.webp\",\"contentUrl\":\"https:\/\/www.ghostysky.com\/wp-content\/uploads\/2026\/01\/GH_Agibot_G1_4.webp\",\"width\":1200,\"height\":1200},{\"@type\":\"BreadcrumbList\",\"@id\":\"https:\/\/www.ghostysky.com\/product\/agibot-g1\/#breadcrumb\",\"itemListElement\":[{\"@type\":\"ListItem\",\"position\":1,\"name\":\"Home\",\"item\":\"https:\/\/www.ghostysky.com\/\"},{\"@type\":\"ListItem\",\"position\":2,\"name\":\"Shop\",\"item\":\"https:\/\/www.ghostysky.com\/shop\/\"},{\"@type\":\"ListItem\",\"position\":3,\"name\":\"Agibot G1\"}]},{\"@type\":\"WebSite\",\"@id\":\"https:\/\/www.ghostysky.com\/#website\",\"url\":\"https:\/\/www.ghostysky.com\/\",\"name\":\"Ghostysky\",\"description\":\"Delivering professional drones and services\",\"publisher\":{\"@id\":\"https:\/\/www.ghostysky.com\/#organization\"},\"potentialAction\":[{\"@type\":\"SearchAction\",\"target\":{\"@type\":\"EntryPoint\",\"urlTemplate\":\"https:\/\/www.ghostysky.com\/?s={search_term_string}\"},\"query-input\":{\"@type\":\"PropertyValueSpecification\",\"valueRequired\":true,\"valueName\":\"search_term_string\"}}],\"inLanguage\":\"es\"},{\"@type\":\"Organization\",\"@id\":\"https:\/\/www.ghostysky.com\/#organization\",\"name\":\"Ghostysky\",\"url\":\"https:\/\/www.ghostysky.com\/\",\"logo\":{\"@type\":\"ImageObject\",\"inLanguage\":\"es\",\"@id\":\"https:\/\/www.ghostysky.com\/#\/schema\/logo\/image\/\",\"url\":\"https:\/\/www.ghostysky.com\/wp-content\/uploads\/2020\/06\/cropped-ghostyskylogo_text_white2.png\",\"contentUrl\":\"https:\/\/www.ghostysky.com\/wp-content\/uploads\/2020\/06\/cropped-ghostyskylogo_text_white2.png\",\"width\":169,\"height\":56,\"caption\":\"Ghostysky\"},\"image\":{\"@id\":\"https:\/\/www.ghostysky.com\/#\/schema\/logo\/image\/\"},\"sameAs\":[\"https:\/\/www.facebook.com\/people\/Ghostysky\/100057676170234\/\",\"https:\/\/x.com\/Gh0stysky\",\"https:\/\/www.linkedin.com\/company\/34739653\",\"https:\/\/www.instagram.com\/gh0stysky\"]}]}<\/script>\n<!-- \/ Yoast SEO plugin. -->","yoast_head_json":{"title":"Agibot G1 - Ghostysky","description":"El Agibot G1 (parte de la serie &quot;Great&quot;) representa un gran avance en rob\u00f3tica, pasando de prototipos experimentales de laboratorio a un humanoide pr\u00e1ctico y listo para la producci\u00f3n en masa. Dise\u00f1ado por Agibot, la empresa fundada por Peng Zhihui, ex &quot;joven genio&quot; de Huawei, este robot est\u00e1 dise\u00f1ado para conectar la eficiencia industrial con la versatilidad para el servicio dom\u00e9stico.","robots":{"index":"index","follow":"follow","max-snippet":"max-snippet:-1","max-image-preview":"max-image-preview:large","max-video-preview":"max-video-preview:-1"},"canonical":"https:\/\/www.ghostysky.com\/es\/producto-2\/agibot-g1\/","og_locale":"es_ES","og_type":"article","og_title":"Agibot G1 - Ghostysky","og_description":"The Agibot G1 (part of the \"Great\" series) represents a massive leap forward in robotics, transitioning from experimental lab prototypes to a practical, \"mass-production ready\" humanoid. Designed by Agibot\u2014the firm founded by former Huawei \"genius youth\" Peng Zhihui\u2014this robot is built to bridge the gap between industrial efficiency and home-service versatility.","og_url":"https:\/\/www.ghostysky.com\/es\/producto-2\/agibot-g1\/","og_site_name":"Ghostysky","article_publisher":"https:\/\/www.facebook.com\/people\/Ghostysky\/100057676170234\/","article_modified_time":"2026-01-27T09:19:58+00:00","og_image":[{"width":1200,"height":1200,"url":"https:\/\/www.ghostysky.com\/wp-content\/uploads\/2026\/01\/GH_Agibot_G1_4.webp","type":"image\/webp"}],"twitter_card":"summary_large_image","twitter_site":"@Gh0stysky","twitter_misc":{"Tiempo de lectura":"2 minutos"},"schema":{"@context":"https:\/\/schema.org","@graph":[{"@type":"WebPage","@id":"https:\/\/www.ghostysky.com\/product\/agibot-g1\/","url":"https:\/\/www.ghostysky.com\/product\/agibot-g1\/","name":"Agibot G1 - Ghostysky","isPartOf":{"@id":"https:\/\/www.ghostysky.com\/#website"},"primaryImageOfPage":{"@id":"https:\/\/www.ghostysky.com\/product\/agibot-g1\/#primaryimage"},"image":{"@id":"https:\/\/www.ghostysky.com\/product\/agibot-g1\/#primaryimage"},"thumbnailUrl":"https:\/\/www.ghostysky.com\/wp-content\/uploads\/2026\/01\/GH_Agibot_G1_4.webp","datePublished":"2026-01-27T09:04:51+00:00","dateModified":"2026-01-27T09:19:58+00:00","description":"El Agibot G1 (parte de la serie &quot;Great&quot;) representa un gran avance en rob\u00f3tica, pasando de prototipos experimentales de laboratorio a un humanoide pr\u00e1ctico y listo para la producci\u00f3n en masa. Dise\u00f1ado por Agibot, la empresa fundada por Peng Zhihui, ex &quot;joven genio&quot; de Huawei, este robot est\u00e1 dise\u00f1ado para conectar la eficiencia industrial con la versatilidad para el servicio dom\u00e9stico.","breadcrumb":{"@id":"https:\/\/www.ghostysky.com\/product\/agibot-g1\/#breadcrumb"},"inLanguage":"es","potentialAction":[{"@type":"ReadAction","target":["https:\/\/www.ghostysky.com\/product\/agibot-g1\/"]}]},{"@type":"ImageObject","inLanguage":"es","@id":"https:\/\/www.ghostysky.com\/product\/agibot-g1\/#primaryimage","url":"https:\/\/www.ghostysky.com\/wp-content\/uploads\/2026\/01\/GH_Agibot_G1_4.webp","contentUrl":"https:\/\/www.ghostysky.com\/wp-content\/uploads\/2026\/01\/GH_Agibot_G1_4.webp","width":1200,"height":1200},{"@type":"BreadcrumbList","@id":"https:\/\/www.ghostysky.com\/product\/agibot-g1\/#breadcrumb","itemListElement":[{"@type":"ListItem","position":1,"name":"Home","item":"https:\/\/www.ghostysky.com\/"},{"@type":"ListItem","position":2,"name":"Shop","item":"https:\/\/www.ghostysky.com\/shop\/"},{"@type":"ListItem","position":3,"name":"Agibot G1"}]},{"@type":"WebSite","@id":"https:\/\/www.ghostysky.com\/#website","url":"https:\/\/www.ghostysky.com\/","name":"Ghostysky","description":"Entrega de drones y servicios profesionales","publisher":{"@id":"https:\/\/www.ghostysky.com\/#organization"},"potentialAction":[{"@type":"SearchAction","target":{"@type":"EntryPoint","urlTemplate":"https:\/\/www.ghostysky.com\/?s={search_term_string}"},"query-input":{"@type":"PropertyValueSpecification","valueRequired":true,"valueName":"search_term_string"}}],"inLanguage":"es"},{"@type":"Organization","@id":"https:\/\/www.ghostysky.com\/#organization","name":"Ghostysky","url":"https:\/\/www.ghostysky.com\/","logo":{"@type":"ImageObject","inLanguage":"es","@id":"https:\/\/www.ghostysky.com\/#\/schema\/logo\/image\/","url":"https:\/\/www.ghostysky.com\/wp-content\/uploads\/2020\/06\/cropped-ghostyskylogo_text_white2.png","contentUrl":"https:\/\/www.ghostysky.com\/wp-content\/uploads\/2020\/06\/cropped-ghostyskylogo_text_white2.png","width":169,"height":56,"caption":"Ghostysky"},"image":{"@id":"https:\/\/www.ghostysky.com\/#\/schema\/logo\/image\/"},"sameAs":["https:\/\/www.facebook.com\/people\/Ghostysky\/100057676170234\/","https:\/\/x.com\/Gh0stysky","https:\/\/www.linkedin.com\/company\/34739653","https:\/\/www.instagram.com\/gh0stysky"]}]}},"_links":{"self":[{"href":"https:\/\/www.ghostysky.com\/es\/wp-json\/wp\/v2\/product\/23911","targetHints":{"allow":["GET"]}}],"collection":[{"href":"https:\/\/www.ghostysky.com\/es\/wp-json\/wp\/v2\/product"}],"about":[{"href":"https:\/\/www.ghostysky.com\/es\/wp-json\/wp\/v2\/types\/product"}],"replies":[{"embeddable":true,"href":"https:\/\/www.ghostysky.com\/es\/wp-json\/wp\/v2\/comments?post=23911"}],"wp:featuredmedia":[{"embeddable":true,"href":"https:\/\/www.ghostysky.com\/es\/wp-json\/wp\/v2\/media\/23913"}],"wp:attachment":[{"href":"https:\/\/www.ghostysky.com\/es\/wp-json\/wp\/v2\/media?parent=23911"}],"wp:term":[{"taxonomy":"product_brand","embeddable":true,"href":"https:\/\/www.ghostysky.com\/es\/wp-json\/wp\/v2\/product_brand?post=23911"},{"taxonomy":"product_cat","embeddable":true,"href":"https:\/\/www.ghostysky.com\/es\/wp-json\/wp\/v2\/product_cat?post=23911"},{"taxonomy":"product_tag","embeddable":true,"href":"https:\/\/www.ghostysky.com\/es\/wp-json\/wp\/v2\/product_tag?post=23911"}],"curies":[{"name":"wp","href":"https:\/\/api.w.org\/{rel}","templated":true}]}}