{"id":23926,"date":"2026-02-01T10:35:37","date_gmt":"2026-02-01T10:35:37","guid":{"rendered":"https:\/\/www.ghostysky.com\/?post_type=product&#038;p=23926"},"modified":"2026-02-01T10:44:30","modified_gmt":"2026-02-01T10:44:30","slug":"agibot-d1-pro","status":"publish","type":"product","link":"https:\/\/www.ghostysky.com\/es\/product\/agibot-d1-pro\/","title":{"rendered":"Agibot D1 Pro"},"content":{"rendered":"<h3 data-path-to-node=\"3\">Capacidades b\u00e1sicas<\/h3>\n<p data-path-to-node=\"4\"><span class=\"citation-24 citation-end-24\">El D1 Pro est\u00e1 dise\u00f1ado para soportar entornos que desafiar\u00edan a los robots tradicionales con ruedas o con orugas.<\/span><\/p>\n<ul data-path-to-node=\"5\">\n<li>\n<p data-path-to-node=\"5,0,0\"><b data-path-to-node=\"5,0,0\" data-index-in-node=\"0\"><span class=\"citation-23\">Navegaci\u00f3n en terrenos extremos:<\/span><\/b><span class=\"citation-23 citation-end-23\"> Puede conquistar pendientes de 30 grados y navegar a trav\u00e9s de grava suelta, hielo y senderos de monta\u00f1a.<\/span><\/p>\n<\/li>\n<li>\n<p data-path-to-node=\"5,1,0\"><b data-path-to-node=\"5,1,0\" data-index-in-node=\"0\"><span class=\"citation-22\">Agilidad din\u00e1mica:<\/span><\/b><span class=\"citation-22 citation-end-22\"> Impulsado por algoritmos de control de movimiento de aprendizaje de refuerzo (RL), puede realizar maniobras avanzadas como volteretas hacia atr\u00e1s y jugar al f\u00fatbol.<\/span><\/p>\n<\/li>\n<li>\n<p data-path-to-node=\"5,2,0\"><b data-path-to-node=\"5,2,0\" data-index-in-node=\"0\"><span class=\"citation-21\">Fiabilidad robusta:<\/span><\/b><span class=\"citation-21\"> Con un <\/span><b data-path-to-node=\"5,2,0\" data-index-in-node=\"28\"><span class=\"citation-21\">IP54<\/span><\/b><span class=\"citation-21 citation-end-21\"> Clasificaci\u00f3n: es a prueba de polvo y agua, lo que lo hace adecuado para condiciones clim\u00e1ticas adversas y entornos industriales.<\/span><\/p>\n<\/li>\n<\/ul>\n<h3 data-path-to-node=\"6\">Especificaciones t\u00e9cnicas<\/h3>\n<table data-path-to-node=\"7\">\n<thead>\n<tr>\n<td><strong>Caracter\u00edstica<\/strong><\/td>\n<td><strong>Especificaci\u00f3n<\/strong><\/td>\n<\/tr>\n<\/thead>\n<tbody>\n<tr>\n<td><span data-path-to-node=\"7,1,0,0\"><b data-path-to-node=\"7,1,0,0\" data-index-in-node=\"0\">M\u00e1xima velocidad<\/b><\/span><\/td>\n<td><span data-path-to-node=\"7,1,1,0\">3,5 m\/s (aprox. 12,6 km\/h)<\/span><\/td>\n<\/tr>\n<tr>\n<td><span data-path-to-node=\"7,2,0,0\"><b data-path-to-node=\"7,2,0,0\" data-index-in-node=\"0\">Capacidad de carga \u00fatil<\/b><\/span><\/td>\n<td><span data-path-to-node=\"7,2,1,0\">8 kilos<\/span><\/td>\n<\/tr>\n<tr>\n<td><span data-path-to-node=\"7,3,0,0\"><b data-path-to-node=\"7,3,0,0\" data-index-in-node=\"0\">Duraci\u00f3n de la bater\u00eda<\/b><\/span><\/td>\n<td><span data-path-to-node=\"7,3,1,0\">1 a 2 horas (admite reemplazo de bater\u00eda en caliente)<\/span><\/td>\n<\/tr>\n<tr>\n<td><span data-path-to-node=\"7,4,0,0\"><b data-path-to-node=\"7,4,0,0\" data-index-in-node=\"0\">Movilidad<\/b><\/span><\/td>\n<td><span data-path-to-node=\"7,4,1,0\">Todo terreno (grava, barro, nieve, hielo)<\/span><\/td>\n<\/tr>\n<tr>\n<td><span data-path-to-node=\"7,5,0,0\"><b data-path-to-node=\"7,5,0,0\" data-index-in-node=\"0\">Sensores<\/b><\/span><\/td>\n<td><span data-path-to-node=\"7,5,1,0\">Soporte modular para c\u00e1maras LiDAR, RTK, 4G\/5G y HD<\/span><\/td>\n<\/tr>\n<tr>\n<td><span data-path-to-node=\"7,6,0,0\"><b data-path-to-node=\"7,6,0,0\" data-index-in-node=\"0\">Control<\/b><\/span><\/td>\n<td><span data-path-to-node=\"7,6,1,0\">Marco de movimiento impulsado por RL con percepci\u00f3n panor\u00e1mica de 360\u00b0<\/span><\/td>\n<\/tr>\n<\/tbody>\n<\/table>\n<h3 data-path-to-node=\"8\">Caracter\u00edsticas clave<\/h3>\n<ul data-path-to-node=\"9\">\n<li>\n<p data-path-to-node=\"9,0,0\"><b data-path-to-node=\"9,0,0\" data-index-in-node=\"0\"><span class=\"citation-20\">Dise\u00f1o modular:<\/span><\/b><span class=\"citation-20 citation-end-20\"> El D1 Pro es altamente personalizable.<\/span> <span class=\"citation-19\">Los usuarios pueden intercambiar o agregar m\u00f3dulos como <\/span><b data-path-to-node=\"9,0,0\" data-index-in-node=\"89\"><span class=\"citation-19\">LiDAR<\/span><\/b><span class=\"citation-19\">, <\/span><b data-path-to-node=\"9,0,0\" data-index-in-node=\"96\"><span class=\"citation-19\">RTK<\/span><\/b><span class=\"citation-19 citation-end-19\"> (para posicionamiento de alta precisi\u00f3n) y varios m\u00f3dulos de comunicaci\u00f3n (4G\/5G) para adaptarse a los requisitos de la misi\u00f3n espec\u00edfica.<\/span><\/p>\n<\/li>\n<li>\n<p data-path-to-node=\"9,1,0\"><b data-path-to-node=\"9,1,0\" data-index-in-node=\"0\"><span class=\"citation-18\">Control de movimiento inteligente:<\/span><\/b><span class=\"citation-18 citation-end-18\"> Su sistema de control de nivel \u201cBrainstem\u201d permite el ajuste del equilibrio en tiempo real, evitando ca\u00eddas incluso en terrenos inestables o sometidos a fuerzas externas.<\/span><\/p>\n<\/li>\n<li>\n<p data-path-to-node=\"9,2,0\"><b data-path-to-node=\"9,2,0\" data-index-in-node=\"0\"><span class=\"citation-17\">Control multiplataforma:<\/span><\/b><span class=\"citation-17\"> Se puede operar a trav\u00e9s de un tel\u00e9fono inteligente, una computadora o un control remoto dedicado, utilizando el <\/span><b data-path-to-node=\"9,2,0\" data-index-in-node=\"117\"><span class=\"citation-17\">AimMaster<\/span><\/b><span class=\"citation-17 citation-end-17\"> Cliente para facilitar su uso.<\/span><\/p>\n<\/li>\n<\/ul>\n<h3 data-path-to-node=\"10\">Casos de uso principales<\/h3>\n<ol start=\"1\" data-path-to-node=\"11\">\n<li>\n<p data-path-to-node=\"11,0,0\"><b data-path-to-node=\"11,0,0\" data-index-in-node=\"0\"><span class=\"citation-16\">Inspecci\u00f3n Industrial:<\/span><\/b><span class=\"citation-16 citation-end-16\"> Control de patrullaje e infraestructura en zonas peligrosas o de dif\u00edcil acceso.<\/span><\/p>\n<\/li>\n<li>\n<p data-path-to-node=\"11,1,0\"><b data-path-to-node=\"11,1,0\" data-index-in-node=\"0\"><span class=\"citation-15\">Investigaci\u00f3n cient\u00edfica y educaci\u00f3n:<\/span><\/b><span class=\"citation-15 citation-end-15\"> Una plataforma confiable para desarrolladores que prueban algoritmos de movimiento e inteligencia artificial incorporados.<\/span><\/p>\n<\/li>\n<li>\n<p data-path-to-node=\"11,2,0\"><b data-path-to-node=\"11,2,0\" data-index-in-node=\"0\">Comercial y entretenimiento:<\/b> Se utiliza para demostraciones p\u00fablicas, roles de mascota de marca (como la Edici\u00f3n Panda) e interacci\u00f3n con compa\u00f1eros.<\/p>\n<\/li>\n<li>\n<p data-path-to-node=\"11,3,0\"><b data-path-to-node=\"11,3,0\" data-index-in-node=\"0\"><span class=\"citation-14\">Asistencia al aire libre:<\/span><\/b><span class=\"citation-14 citation-end-14\"> Act\u00faa como \u201casistente de fotograf\u00eda\u201d o portador de equipo para excursionistas y fot\u00f3grafos en terrenos monta\u00f1osos.<\/span><\/p>\n<\/li>\n<\/ol>\n<p><a href=\"https:\/\/www.ghostysky.com\/wp-content\/uploads\/2026\/02\/GH_Agibot_D1_Edu_Pro_Product_1-scaled.png\"><img fetchpriority=\"high\" decoding=\"async\" class=\"alignnone wp-image-23932 size-full lazyload\" src=\"datos:imagen\/gif;base64,R0lGODlhAQABAAAAACH5BAEKAAEALAAAAAABAAEAAAICTAEAOw==\" alt=\"\" width=\"980\" height=\"2560\" sizes=\"(max-width: 980px) 100vw, 980px\" data-src=\"datos:imagen\/gif;base64,R0lGODlhAQABAAAAACH5BAEKAAEALAAAAAABAAEAAAICTAEAOw==\" data-srcset=\"\" srcset=\"\"><\/a><\/p>","protected":false},"excerpt":{"rendered":"<p><span class=\"citation-27\">El <\/span><b data-path-to-node=\"0\" data-index-in-node=\"4\"><span class=\"citation-27\">Agibot D1 Pro<\/span><\/b><span class=\"citation-27\"> (a menudo denominado el <\/span><b data-path-to-node=\"0\" data-index-in-node=\"44\"><span class=\"citation-27\">D1 Pro\/Edu<\/span><\/b><span class=\"citation-27\">) es un robot cuadr\u00fapedo todoterreno de alto rendimiento dise\u00f1ado por la empresa de rob\u00f3tica con sede en Shangh\u00e1i <\/span><b data-path-to-node=\"0\" data-index-in-node=\"152\"><span class=\"citation-27\">Agibot<\/span><\/b><span class=\"citation-27 citation-end-27\"> (Zhiyuan Rob\u00f3tica).<\/span> <span class=\"citation-26 citation-end-26 interactive-span-hovered\">Posicionado como \u201cpionero en inteligencia cuadr\u00fapeda integral\u201d, est\u00e1 dise\u00f1ado para movilidad extrema, investigaci\u00f3n cient\u00edfica y operaciones complejas al aire libre.<\/span><\/p>","protected":false},"featured_media":23931,"comment_status":"open","ping_status":"closed","template":"","meta":[],"product_brand":[1345],"product_cat":[1355,1039,1037],"product_tag":[1358,1357],"class_list":{"0":"post-23926","1":"product","2":"type-product","3":"status-publish","4":"has-post-thumbnail","6":"product_brand-agibot","7":"product_cat-agibot-quad","8":"product_cat-quadruped","9":"product_cat-robotics","10":"product_tag-agibot-d1-robot","11":"product_tag-agibot-d1-series","13":"first","14":"outofstock","15":"taxable","16":"shipping-taxable","17":"purchasable","18":"product-type-simple"},"yoast_head":"<!-- This site is optimized with the Yoast SEO plugin v27.4 - https:\/\/yoast.com\/product\/yoast-seo-wordpress\/ -->\n<title>Agibot D1 Pro - Ghostysky<\/title>\n<meta name=\"description\" content=\"The Agibot D1 Pro (often referred to as the D1 Pro\/Edu) is a high-performance, all-terrain quadruped robot designed by the Shanghai-based robotics firm Agibot (Zhiyuan Robotics). Positioned as a &quot;pioneer in all-round quadruped intelligence,&quot; it is engineered for extreme mobility, scientific research, and complex outdoor operations.\" \/>\n<meta name=\"robots\" content=\"index, follow, max-snippet:-1, max-image-preview:large, max-video-preview:-1\" \/>\n<link rel=\"canonical\" href=\"https:\/\/www.ghostysky.com\/es\/producto-2\/agibot-d1-pro\/\" \/>\n<meta property=\"og:locale\" content=\"es_ES\" \/>\n<meta property=\"og:type\" content=\"article\" \/>\n<meta property=\"og:title\" content=\"Agibot D1 Pro - Ghostysky\" \/>\n<meta property=\"og:description\" content=\"The Agibot D1 Pro (often referred to as the D1 Pro\/Edu) is a high-performance, all-terrain quadruped robot designed by the Shanghai-based robotics firm Agibot (Zhiyuan Robotics). Positioned as a &quot;pioneer in all-round quadruped intelligence,&quot; it is engineered for extreme mobility, scientific research, and complex outdoor operations.\" \/>\n<meta property=\"og:url\" content=\"https:\/\/www.ghostysky.com\/es\/producto-2\/agibot-d1-pro\/\" \/>\n<meta property=\"og:site_name\" content=\"Ghostysky\" \/>\n<meta property=\"article:publisher\" content=\"https:\/\/www.facebook.com\/people\/Ghostysky\/100057676170234\/\" \/>\n<meta property=\"article:modified_time\" content=\"2026-02-01T10:44:30+00:00\" \/>\n<meta property=\"og:image\" content=\"https:\/\/www.ghostysky.com\/wp-content\/uploads\/2026\/02\/GH_Agibot_D1_Pro_1.png\" \/>\n\t<meta property=\"og:image:width\" content=\"1440\" \/>\n\t<meta property=\"og:image:height\" content=\"1440\" \/>\n\t<meta property=\"og:image:type\" content=\"image\/png\" \/>\n<meta name=\"twitter:card\" content=\"summary_large_image\" \/>\n<meta name=\"twitter:site\" content=\"@Gh0stysky\" \/>\n<meta name=\"twitter:label1\" content=\"Tiempo de lectura\" \/>\n\t<meta name=\"twitter:data1\" content=\"2 minutos\" \/>\n<script type=\"application\/ld+json\" class=\"yoast-schema-graph\">{\"@context\":\"https:\\\/\\\/schema.org\",\"@graph\":[{\"@type\":\"WebPage\",\"@id\":\"https:\\\/\\\/www.ghostysky.com\\\/product\\\/agibot-d1-pro\\\/\",\"url\":\"https:\\\/\\\/www.ghostysky.com\\\/product\\\/agibot-d1-pro\\\/\",\"name\":\"Agibot D1 Pro - Ghostysky\",\"isPartOf\":{\"@id\":\"https:\\\/\\\/www.ghostysky.com\\\/#website\"},\"primaryImageOfPage\":{\"@id\":\"https:\\\/\\\/www.ghostysky.com\\\/product\\\/agibot-d1-pro\\\/#primaryimage\"},\"image\":{\"@id\":\"https:\\\/\\\/www.ghostysky.com\\\/product\\\/agibot-d1-pro\\\/#primaryimage\"},\"thumbnailUrl\":\"https:\\\/\\\/www.ghostysky.com\\\/wp-content\\\/uploads\\\/2026\\\/02\\\/GH_Agibot_D1_Pro_1.png\",\"datePublished\":\"2026-02-01T10:35:37+00:00\",\"dateModified\":\"2026-02-01T10:44:30+00:00\",\"description\":\"The Agibot D1 Pro (often referred to as the D1 Pro\\\/Edu) is a high-performance, all-terrain quadruped robot designed by the Shanghai-based robotics firm Agibot (Zhiyuan Robotics). Positioned as a \\\"pioneer in all-round quadruped intelligence,\\\" it is engineered for extreme mobility, scientific research, and complex outdoor operations.\",\"breadcrumb\":{\"@id\":\"https:\\\/\\\/www.ghostysky.com\\\/product\\\/agibot-d1-pro\\\/#breadcrumb\"},\"inLanguage\":\"es\",\"potentialAction\":[{\"@type\":\"ReadAction\",\"target\":[\"https:\\\/\\\/www.ghostysky.com\\\/product\\\/agibot-d1-pro\\\/\"]}]},{\"@type\":\"ImageObject\",\"inLanguage\":\"es\",\"@id\":\"https:\\\/\\\/www.ghostysky.com\\\/product\\\/agibot-d1-pro\\\/#primaryimage\",\"url\":\"https:\\\/\\\/www.ghostysky.com\\\/wp-content\\\/uploads\\\/2026\\\/02\\\/GH_Agibot_D1_Pro_1.png\",\"contentUrl\":\"https:\\\/\\\/www.ghostysky.com\\\/wp-content\\\/uploads\\\/2026\\\/02\\\/GH_Agibot_D1_Pro_1.png\",\"width\":1440,\"height\":1440},{\"@type\":\"BreadcrumbList\",\"@id\":\"https:\\\/\\\/www.ghostysky.com\\\/product\\\/agibot-d1-pro\\\/#breadcrumb\",\"itemListElement\":[{\"@type\":\"ListItem\",\"position\":1,\"name\":\"Home\",\"item\":\"https:\\\/\\\/www.ghostysky.com\\\/\"},{\"@type\":\"ListItem\",\"position\":2,\"name\":\"Shop\",\"item\":\"https:\\\/\\\/www.ghostysky.com\\\/shop\\\/\"},{\"@type\":\"ListItem\",\"position\":3,\"name\":\"Agibot D1 Pro\"}]},{\"@type\":\"WebSite\",\"@id\":\"https:\\\/\\\/www.ghostysky.com\\\/#website\",\"url\":\"https:\\\/\\\/www.ghostysky.com\\\/\",\"name\":\"Ghostysky\",\"description\":\"Delivering professional drones and robotics solutions\",\"publisher\":{\"@id\":\"https:\\\/\\\/www.ghostysky.com\\\/#organization\"},\"potentialAction\":[{\"@type\":\"SearchAction\",\"target\":{\"@type\":\"EntryPoint\",\"urlTemplate\":\"https:\\\/\\\/www.ghostysky.com\\\/?s={search_term_string}\"},\"query-input\":{\"@type\":\"PropertyValueSpecification\",\"valueRequired\":true,\"valueName\":\"search_term_string\"}}],\"inLanguage\":\"es\"},{\"@type\":\"Organization\",\"@id\":\"https:\\\/\\\/www.ghostysky.com\\\/#organization\",\"name\":\"Ghostysky\",\"url\":\"https:\\\/\\\/www.ghostysky.com\\\/\",\"logo\":{\"@type\":\"ImageObject\",\"inLanguage\":\"es\",\"@id\":\"https:\\\/\\\/www.ghostysky.com\\\/#\\\/schema\\\/logo\\\/image\\\/\",\"url\":\"https:\\\/\\\/www.ghostysky.com\\\/wp-content\\\/uploads\\\/2020\\\/06\\\/cropped-ghostyskylogo_text_white2.png\",\"contentUrl\":\"https:\\\/\\\/www.ghostysky.com\\\/wp-content\\\/uploads\\\/2020\\\/06\\\/cropped-ghostyskylogo_text_white2.png\",\"width\":169,\"height\":56,\"caption\":\"Ghostysky\"},\"image\":{\"@id\":\"https:\\\/\\\/www.ghostysky.com\\\/#\\\/schema\\\/logo\\\/image\\\/\"},\"sameAs\":[\"https:\\\/\\\/www.facebook.com\\\/people\\\/Ghostysky\\\/100057676170234\\\/\",\"https:\\\/\\\/x.com\\\/Gh0stysky\",\"https:\\\/\\\/www.linkedin.com\\\/company\\\/34739653\",\"https:\\\/\\\/www.instagram.com\\\/gh0stysky\"]}]}<\/script>\n<!-- \/ Yoast SEO plugin. -->","yoast_head_json":{"title":"Agibot D1 Pro - Ghostysky","description":"El Agibot D1 Pro (a menudo conocido como D1 Pro\/Edu) es un robot cuadr\u00fapedo todoterreno de alto rendimiento dise\u00f1ado por la empresa de rob\u00f3tica Agibot (Zhiyuan Robotics), con sede en Shangh\u00e1i. Considerado pionero en inteligencia cuadr\u00fapeda integral, est\u00e1 dise\u00f1ado para movilidad extrema, investigaci\u00f3n cient\u00edfica y operaciones complejas en exteriores.","robots":{"index":"index","follow":"follow","max-snippet":"max-snippet:-1","max-image-preview":"max-image-preview:large","max-video-preview":"max-video-preview:-1"},"canonical":"https:\/\/www.ghostysky.com\/es\/producto-2\/agibot-d1-pro\/","og_locale":"es_ES","og_type":"article","og_title":"Agibot D1 Pro - Ghostysky","og_description":"The Agibot D1 Pro (often referred to as the D1 Pro\/Edu) is a high-performance, all-terrain quadruped robot designed by the Shanghai-based robotics firm Agibot (Zhiyuan Robotics). Positioned as a \"pioneer in all-round quadruped intelligence,\" it is engineered for extreme mobility, scientific research, and complex outdoor operations.","og_url":"https:\/\/www.ghostysky.com\/es\/producto-2\/agibot-d1-pro\/","og_site_name":"Ghostysky","article_publisher":"https:\/\/www.facebook.com\/people\/Ghostysky\/100057676170234\/","article_modified_time":"2026-02-01T10:44:30+00:00","og_image":[{"width":1440,"height":1440,"url":"https:\/\/www.ghostysky.com\/wp-content\/uploads\/2026\/02\/GH_Agibot_D1_Pro_1.png","type":"image\/png"}],"twitter_card":"summary_large_image","twitter_site":"@Gh0stysky","twitter_misc":{"Tiempo de lectura":"2 minutos"},"schema":{"@context":"https:\/\/schema.org","@graph":[{"@type":"WebPage","@id":"https:\/\/www.ghostysky.com\/product\/agibot-d1-pro\/","url":"https:\/\/www.ghostysky.com\/product\/agibot-d1-pro\/","name":"Agibot D1 Pro - Ghostysky","isPartOf":{"@id":"https:\/\/www.ghostysky.com\/#website"},"primaryImageOfPage":{"@id":"https:\/\/www.ghostysky.com\/product\/agibot-d1-pro\/#primaryimage"},"image":{"@id":"https:\/\/www.ghostysky.com\/product\/agibot-d1-pro\/#primaryimage"},"thumbnailUrl":"https:\/\/www.ghostysky.com\/wp-content\/uploads\/2026\/02\/GH_Agibot_D1_Pro_1.png","datePublished":"2026-02-01T10:35:37+00:00","dateModified":"2026-02-01T10:44:30+00:00","description":"El Agibot D1 Pro (a menudo conocido como D1 Pro\/Edu) es un robot cuadr\u00fapedo todoterreno de alto rendimiento dise\u00f1ado por la empresa de rob\u00f3tica Agibot (Zhiyuan Robotics), con sede en Shangh\u00e1i. Considerado pionero en inteligencia cuadr\u00fapeda integral, est\u00e1 dise\u00f1ado para movilidad extrema, investigaci\u00f3n cient\u00edfica y operaciones complejas en exteriores.","breadcrumb":{"@id":"https:\/\/www.ghostysky.com\/product\/agibot-d1-pro\/#breadcrumb"},"inLanguage":"es","potentialAction":[{"@type":"ReadAction","target":["https:\/\/www.ghostysky.com\/product\/agibot-d1-pro\/"]}]},{"@type":"ImageObject","inLanguage":"es","@id":"https:\/\/www.ghostysky.com\/product\/agibot-d1-pro\/#primaryimage","url":"https:\/\/www.ghostysky.com\/wp-content\/uploads\/2026\/02\/GH_Agibot_D1_Pro_1.png","contentUrl":"https:\/\/www.ghostysky.com\/wp-content\/uploads\/2026\/02\/GH_Agibot_D1_Pro_1.png","width":1440,"height":1440},{"@type":"BreadcrumbList","@id":"https:\/\/www.ghostysky.com\/product\/agibot-d1-pro\/#breadcrumb","itemListElement":[{"@type":"ListItem","position":1,"name":"Home","item":"https:\/\/www.ghostysky.com\/"},{"@type":"ListItem","position":2,"name":"Shop","item":"https:\/\/www.ghostysky.com\/shop\/"},{"@type":"ListItem","position":3,"name":"Agibot D1 Pro"}]},{"@type":"WebSite","@id":"https:\/\/www.ghostysky.com\/#website","url":"https:\/\/www.ghostysky.com\/","name":"Ghostysky","description":"Ofrecemos soluciones profesionales de drones y rob\u00f3tica.","publisher":{"@id":"https:\/\/www.ghostysky.com\/#organization"},"potentialAction":[{"@type":"SearchAction","target":{"@type":"EntryPoint","urlTemplate":"https:\/\/www.ghostysky.com\/?s={search_term_string}"},"query-input":{"@type":"PropertyValueSpecification","valueRequired":true,"valueName":"search_term_string"}}],"inLanguage":"es"},{"@type":"Organization","@id":"https:\/\/www.ghostysky.com\/#organization","name":"Ghostysky","url":"https:\/\/www.ghostysky.com\/","logo":{"@type":"ImageObject","inLanguage":"es","@id":"https:\/\/www.ghostysky.com\/#\/schema\/logo\/image\/","url":"https:\/\/www.ghostysky.com\/wp-content\/uploads\/2020\/06\/cropped-ghostyskylogo_text_white2.png","contentUrl":"https:\/\/www.ghostysky.com\/wp-content\/uploads\/2020\/06\/cropped-ghostyskylogo_text_white2.png","width":169,"height":56,"caption":"Ghostysky"},"image":{"@id":"https:\/\/www.ghostysky.com\/#\/schema\/logo\/image\/"},"sameAs":["https:\/\/www.facebook.com\/people\/Ghostysky\/100057676170234\/","https:\/\/x.com\/Gh0stysky","https:\/\/www.linkedin.com\/company\/34739653","https:\/\/www.instagram.com\/gh0stysky"]}]}},"_links":{"self":[{"href":"https:\/\/www.ghostysky.com\/es\/wp-json\/wp\/v2\/product\/23926","targetHints":{"allow":["GET"]}}],"collection":[{"href":"https:\/\/www.ghostysky.com\/es\/wp-json\/wp\/v2\/product"}],"about":[{"href":"https:\/\/www.ghostysky.com\/es\/wp-json\/wp\/v2\/types\/product"}],"replies":[{"embeddable":true,"href":"https:\/\/www.ghostysky.com\/es\/wp-json\/wp\/v2\/comments?post=23926"}],"version-history":[{"count":0,"href":"https:\/\/www.ghostysky.com\/es\/wp-json\/wp\/v2\/product\/23926\/revisions"}],"wp:featuredmedia":[{"embeddable":true,"href":"https:\/\/www.ghostysky.com\/es\/wp-json\/wp\/v2\/media\/23931"}],"wp:attachment":[{"href":"https:\/\/www.ghostysky.com\/es\/wp-json\/wp\/v2\/media?parent=23926"}],"wp:term":[{"taxonomy":"product_brand","embeddable":true,"href":"https:\/\/www.ghostysky.com\/es\/wp-json\/wp\/v2\/product_brand?post=23926"},{"taxonomy":"product_cat","embeddable":true,"href":"https:\/\/www.ghostysky.com\/es\/wp-json\/wp\/v2\/product_cat?post=23926"},{"taxonomy":"product_tag","embeddable":true,"href":"https:\/\/www.ghostysky.com\/es\/wp-json\/wp\/v2\/product_tag?post=23926"}],"curies":[{"name":"wp","href":"https:\/\/api.w.org\/{rel}","templated":true}]}}