{"id":23938,"date":"2026-02-02T07:34:00","date_gmt":"2026-02-02T07:34:00","guid":{"rendered":"https:\/\/www.ghostysky.com\/?post_type=product&#038;p=23938"},"modified":"2026-02-02T07:59:11","modified_gmt":"2026-02-02T07:59:11","slug":"agibot-d1-edu","status":"publish","type":"product","link":"https:\/\/www.ghostysky.com\/es\/product\/agibot-d1-edu\/","title":{"rendered":"Agibot D1 Edu"},"content":{"rendered":"<h3 data-path-to-node=\"3\"><b data-path-to-node=\"3\" data-index-in-node=\"0\">Descripci\u00f3n general del producto<\/b><\/h3>\n<p data-path-to-node=\"4\"><span class=\"citation-55 citation-end-55\">El Agibot D1 Edu act\u00faa como un \u201cpionero de la inteligencia\u201d vers\u00e1til en el espacio cuadr\u00fapedo.<\/span> Mientras que su hermano, el <i data-path-to-node=\"4\" data-index-in-node=\"110\">D1 Ultra<\/i>, se centra en la seguridad industrial y la inspecci\u00f3n, la <b data-path-to-node=\"4\" data-index-in-node=\"171\">Educaci\u00f3n<\/b> Esta versi\u00f3n est\u00e1 dise\u00f1ada para universidades y laboratorios de IA. <span class=\"citation-54 citation-end-54\">Presenta un dise\u00f1o modular que permite la f\u00e1cil adici\u00f3n de hardware como m\u00f3dulos LiDAR y RTK, lo que lo convierte en una plataforma robusta para probar algoritmos de aprendizaje de refuerzo (RL) y navegaci\u00f3n aut\u00f3noma.<\/span><\/p>\n<h3 data-path-to-node=\"5\"><b data-path-to-node=\"5\" data-index-in-node=\"0\">Caracter\u00edsticas principales<\/b><\/h3>\n<ul data-path-to-node=\"6\">\n<li>\n<p data-path-to-node=\"6,0,0\"><b data-path-to-node=\"6,0,0\" data-index-in-node=\"0\"><span class=\"citation-53\">Cerebro de aprendizaje por refuerzo:<\/span><\/b><span class=\"citation-53 citation-end-53\"> Impulsado por los algoritmos de control de movimiento patentados de Agibot, el D1 Edu puede adaptarse de forma aut\u00f3noma a terrenos complejos, incluidas pendientes de 30\u00b0 y escaleras de 16 cm de altura.<\/span><\/p>\n<\/li>\n<li>\n<p data-path-to-node=\"6,1,0\"><b data-path-to-node=\"6,1,0\" data-index-in-node=\"0\"><span class=\"citation-52\">Locomoci\u00f3n \u00e1gil:<\/span><\/b><span class=\"citation-52 citation-end-52\"> Capaz de correr a alta velocidad (hasta 3,5 m\/s), saltar e incluso realizar volteretas hacia atr\u00e1s, demostrando un equilibrio excepcional y una estabilidad din\u00e1mica.<\/span><\/p>\n<\/li>\n<li>\n<p data-path-to-node=\"6,2,0\"><b data-path-to-node=\"6,2,0\" data-index-in-node=\"0\">Apoyo al desarrollo secundario:<\/b> A diferencia de los perros robot de consumo, la versi\u00f3n Edu ofrece puertos de expansi\u00f3n abiertos (Ethernet, USB, UART, SBUS) y compatibilidad de software para que los investigadores implementen sus propios modelos de IA.<\/p>\n<\/li>\n<li>\n<p data-path-to-node=\"6,3,0\"><b data-path-to-node=\"6,3,0\" data-index-in-node=\"0\"><span class=\"citation-51\">Dise\u00f1o robusto:<\/span><\/b><span class=\"citation-51\"> Cuenta con una <\/span><b data-path-to-node=\"6,3,0\" data-index-in-node=\"30\"><span class=\"citation-51\">Grado de protecci\u00f3n IP54<\/span><\/b><span class=\"citation-51 citation-end-51\">, lo que lo hace resistente al polvo y a las salpicaduras de agua, adecuado tanto para entornos de laboratorio en interiores como para pruebas de campo al aire libre.<\/span><\/p>\n<p>&nbsp;<\/li>\n<\/ul>\n<h3 data-path-to-node=\"8\"><b data-path-to-node=\"8\" data-index-in-node=\"0\">Especificaciones t\u00e9cnicas<\/b><\/h3>\n<table data-path-to-node=\"9\">\n<thead>\n<tr>\n<td><strong>Caracter\u00edstica<\/strong><\/td>\n<td><strong>Especificaci\u00f3n<\/strong><\/td>\n<\/tr>\n<\/thead>\n<tbody>\n<tr>\n<td><span data-path-to-node=\"9,1,0,0\"><b data-path-to-node=\"9,1,0,0\" data-index-in-node=\"0\">M\u00e1xima velocidad<\/b><\/span><\/td>\n<td><span data-path-to-node=\"9,1,1,0\">3,5 m\/s (aprox. 12,6 km\/h)<\/span><\/td>\n<\/tr>\n<tr>\n<td><span data-path-to-node=\"9,2,0,0\"><b data-path-to-node=\"9,2,0,0\" data-index-in-node=\"0\">Capacidad de carga \u00fatil<\/b><\/span><\/td>\n<td><span data-path-to-node=\"9,2,1,0\">5 kg (continuo) \/ Hasta 10 kg (m\u00e1x.)<\/span><\/td>\n<\/tr>\n<tr>\n<td><span data-path-to-node=\"9,3,0,0\"><b data-path-to-node=\"9,3,0,0\" data-index-in-node=\"0\">Resistencia<\/b><\/span><\/td>\n<td><span data-path-to-node=\"9,3,1,0\">1 a 2 horas (admite cambio r\u00e1pido de bater\u00eda)<\/span><\/td>\n<\/tr>\n<tr>\n<td><span data-path-to-node=\"9,4,0,0\"><b data-path-to-node=\"9,4,0,0\" data-index-in-node=\"0\">Capacidad del terreno<\/b><\/span><\/td>\n<td><span data-path-to-node=\"9,4,1,0\">Inclinaci\u00f3n de 30\u00b0 \/ &gt;16 cm Subir escaleras<\/span><\/td>\n<\/tr>\n<tr>\n<td><span data-path-to-node=\"9,5,0,0\"><b data-path-to-node=\"9,5,0,0\" data-index-in-node=\"0\">Peso<\/b><\/span><\/td>\n<td><span data-path-to-node=\"9,5,1,0\">~15 kg (incluida la bater\u00eda)<\/span><\/td>\n<\/tr>\n<tr>\n<td><span data-path-to-node=\"9,6,0,0\"><b data-path-to-node=\"9,6,0,0\" data-index-in-node=\"0\">Dimensiones<\/b><\/span><\/td>\n<td><span data-path-to-node=\"9,6,1,0\">De pie: 630 x 360 x 415 mm<\/span><\/td>\n<\/tr>\n<tr>\n<td><span data-path-to-node=\"9,7,0,0\"><b data-path-to-node=\"9,7,0,0\" data-index-in-node=\"0\">Puertos de expansi\u00f3n<\/b><\/span><\/td>\n<td><span data-path-to-node=\"9,7,1,0\">Ethernet, USB, Alimentaci\u00f3n, SBUS, UART<\/span><\/td>\n<\/tr>\n<tr>\n<td><span data-path-to-node=\"9,8,0,0\"><b data-path-to-node=\"9,8,0,0\" data-index-in-node=\"0\">Nivel de protecci\u00f3n<\/b><\/span><\/td>\n<td><span data-path-to-node=\"9,8,1,0\">IP54 (a prueba de polvo y agua)<\/span><\/td>\n<\/tr>\n<\/tbody>\n<\/table>\n<p>&nbsp;<\/p>\n<h3 data-path-to-node=\"11\"><b data-path-to-node=\"11\" data-index-in-node=\"0\">Aplicaciones<\/b><\/h3>\n<ul data-path-to-node=\"12\">\n<li>\n<p data-path-to-node=\"12,0,0\"><b data-path-to-node=\"12,0,0\" data-index-in-node=\"0\">Investigaci\u00f3n acad\u00e9mica:<\/b> Una plataforma para probar la planificaci\u00f3n de la marcha, la evitaci\u00f3n de obst\u00e1culos y la coordinaci\u00f3n de m\u00faltiples robots.<\/p>\n<\/li>\n<li>\n<p data-path-to-node=\"12,1,0\"><b data-path-to-node=\"12,1,0\" data-index-in-node=\"0\">Educaci\u00f3n STEM:<\/b> Ense\u00f1anza de rob\u00f3tica avanzada, cinem\u00e1tica e integraci\u00f3n de IA.<\/p>\n<\/li>\n<li>\n<p data-path-to-node=\"12,2,0\"><b data-path-to-node=\"12,2,0\" data-index-in-node=\"0\"><span class=\"citation-50\">Seguridad y vigilancia:<\/span><\/b><span class=\"citation-50 citation-end-50\"> Con la adici\u00f3n de sensores especializados, se puede utilizar para monitoreo y mapeo remoto en \u00e1reas inaccesibles para robots con ruedas.<\/span><\/p>\n<\/li>\n<li>\n<p data-path-to-node=\"12,3,0\"><b data-path-to-node=\"12,3,0\" data-index-in-node=\"0\">Entretenimiento:<\/b> Su capacidad para realizar maniobras complejas como volteretas lo convierte en una opci\u00f3n popular para demostraciones comerciales y exhibiciones de alta tecnolog\u00eda.<\/p>\n<\/li>\n<\/ul>\n<p><a href=\"https:\/\/www.ghostysky.com\/wp-content\/uploads\/2026\/02\/GH_Agibot_D1_Edu_Pro_Product_1-scaled.png\"><img fetchpriority=\"high\" decoding=\"async\" class=\"alignnone wp-image-23932 size-full lazyload\" src=\"datos:imagen\/gif;base64,R0lGODlhAQABAAAAACH5BAEKAAEALAAAAAABAAEAAAICTAEAOw==\" alt=\"\" width=\"980\" height=\"2560\" sizes=\"(max-width: 980px) 100vw, 980px\" data-src=\"datos:imagen\/gif;base64,R0lGODlhAQABAAAAACH5BAEKAAEALAAAAAABAAEAAAICTAEAOw==\" data-srcset=\"\" srcset=\"\"><\/a><\/p>","protected":false},"excerpt":{"rendered":"<p><span class=\"citation-27\">El <\/span><b data-path-to-node=\"0\" data-index-in-node=\"4\"><span class=\"citation-27\">Agibot D1 Pro<\/span><\/b><span class=\"citation-27\"> (a menudo denominado el <\/span><b data-path-to-node=\"0\" data-index-in-node=\"44\"><span class=\"citation-27\">D1 Pro\/Edu<\/span><\/b><span class=\"citation-27\">) es un robot cuadr\u00fapedo todoterreno de alto rendimiento dise\u00f1ado por la empresa de rob\u00f3tica con sede en Shangh\u00e1i <\/span><b data-path-to-node=\"0\" data-index-in-node=\"152\"><span class=\"citation-27\">Agibot<\/span><\/b><span class=\"citation-27 citation-end-27\"> (Zhiyuan Rob\u00f3tica).<\/span> <span class=\"citation-26 citation-end-26 interactive-span-hovered\">Posicionado como \u201cpionero en inteligencia cuadr\u00fapeda integral\u201d, est\u00e1 dise\u00f1ado para movilidad extrema, investigaci\u00f3n cient\u00edfica y operaciones complejas al aire libre.<\/span><\/p>","protected":false},"featured_media":23931,"comment_status":"open","ping_status":"closed","template":"","meta":[],"product_brand":[1345],"product_cat":[1355,1039,1037],"product_tag":[1358,1357],"class_list":{"0":"post-23938","1":"product","2":"type-product","3":"status-publish","4":"has-post-thumbnail","6":"product_brand-agibot","7":"product_cat-agibot-quad","8":"product_cat-quadruped","9":"product_cat-robotics","10":"product_tag-agibot-d1-robot","11":"product_tag-agibot-d1-series","13":"first","14":"outofstock","15":"taxable","16":"shipping-taxable","17":"purchasable","18":"product-type-simple"},"yoast_head":"<!-- This site is optimized with the Yoast SEO plugin v27.1.1 - https:\/\/yoast.com\/product\/yoast-seo-wordpress\/ -->\n<title>Agibot D1 Edu - Ghostysky<\/title>\n<meta name=\"description\" content=\"The Agibot D1 Pro (often referred to as the D1 Pro\/Edu) is a high-performance, all-terrain quadruped robot designed by the Shanghai-based robotics firm Agibot (Zhiyuan Robotics). Positioned as a &quot;pioneer in all-round quadruped intelligence,&quot; it is engineered for extreme mobility, scientific research, and complex outdoor operations.\" \/>\n<meta name=\"robots\" content=\"index, follow, max-snippet:-1, max-image-preview:large, max-video-preview:-1\" \/>\n<link rel=\"canonical\" href=\"https:\/\/www.ghostysky.com\/es\/producto-2\/agibot-d1-edu\/\" \/>\n<meta property=\"og:locale\" content=\"es_ES\" \/>\n<meta property=\"og:type\" content=\"article\" \/>\n<meta property=\"og:title\" content=\"Agibot D1 Edu - Ghostysky\" \/>\n<meta property=\"og:description\" content=\"The Agibot D1 Pro (often referred to as the D1 Pro\/Edu) is a high-performance, all-terrain quadruped robot designed by the Shanghai-based robotics firm Agibot (Zhiyuan Robotics). Positioned as a &quot;pioneer in all-round quadruped intelligence,&quot; it is engineered for extreme mobility, scientific research, and complex outdoor operations.\" \/>\n<meta property=\"og:url\" content=\"https:\/\/www.ghostysky.com\/es\/producto-2\/agibot-d1-edu\/\" \/>\n<meta property=\"og:site_name\" content=\"Ghostysky\" \/>\n<meta property=\"article:publisher\" content=\"https:\/\/www.facebook.com\/people\/Ghostysky\/100057676170234\/\" \/>\n<meta property=\"article:modified_time\" content=\"2026-02-02T07:59:11+00:00\" \/>\n<meta property=\"og:image\" content=\"https:\/\/www.ghostysky.com\/wp-content\/uploads\/2026\/02\/GH_Agibot_D1_Pro_1.png\" \/>\n\t<meta property=\"og:image:width\" content=\"1440\" \/>\n\t<meta property=\"og:image:height\" content=\"1440\" \/>\n\t<meta property=\"og:image:type\" content=\"image\/png\" \/>\n<meta name=\"twitter:card\" content=\"summary_large_image\" \/>\n<meta name=\"twitter:site\" content=\"@Gh0stysky\" \/>\n<meta name=\"twitter:label1\" content=\"Tiempo de lectura\" \/>\n\t<meta name=\"twitter:data1\" content=\"2 minutos\" \/>\n<script type=\"application\/ld+json\" class=\"yoast-schema-graph\">{\"@context\":\"https:\/\/schema.org\",\"@graph\":[{\"@type\":\"WebPage\",\"@id\":\"https:\/\/www.ghostysky.com\/product\/agibot-d1-edu\/\",\"url\":\"https:\/\/www.ghostysky.com\/product\/agibot-d1-edu\/\",\"name\":\"Agibot D1 Edu - Ghostysky\",\"isPartOf\":{\"@id\":\"https:\/\/www.ghostysky.com\/#website\"},\"primaryImageOfPage\":{\"@id\":\"https:\/\/www.ghostysky.com\/product\/agibot-d1-edu\/#primaryimage\"},\"image\":{\"@id\":\"https:\/\/www.ghostysky.com\/product\/agibot-d1-edu\/#primaryimage\"},\"thumbnailUrl\":\"https:\/\/www.ghostysky.com\/wp-content\/uploads\/2026\/02\/GH_Agibot_D1_Pro_1.png\",\"datePublished\":\"2026-02-02T07:34:00+00:00\",\"dateModified\":\"2026-02-02T07:59:11+00:00\",\"description\":\"The Agibot D1 Pro (often referred to as the D1 Pro\/Edu) is a high-performance, all-terrain quadruped robot designed by the Shanghai-based robotics firm Agibot (Zhiyuan Robotics). Positioned as a \\\"pioneer in all-round quadruped intelligence,\\\" it is engineered for extreme mobility, scientific research, and complex outdoor operations.\",\"breadcrumb\":{\"@id\":\"https:\/\/www.ghostysky.com\/product\/agibot-d1-edu\/#breadcrumb\"},\"inLanguage\":\"es\",\"potentialAction\":[{\"@type\":\"ReadAction\",\"target\":[\"https:\/\/www.ghostysky.com\/product\/agibot-d1-edu\/\"]}]},{\"@type\":\"ImageObject\",\"inLanguage\":\"es\",\"@id\":\"https:\/\/www.ghostysky.com\/product\/agibot-d1-edu\/#primaryimage\",\"url\":\"https:\/\/www.ghostysky.com\/wp-content\/uploads\/2026\/02\/GH_Agibot_D1_Pro_1.png\",\"contentUrl\":\"https:\/\/www.ghostysky.com\/wp-content\/uploads\/2026\/02\/GH_Agibot_D1_Pro_1.png\",\"width\":1440,\"height\":1440},{\"@type\":\"BreadcrumbList\",\"@id\":\"https:\/\/www.ghostysky.com\/product\/agibot-d1-edu\/#breadcrumb\",\"itemListElement\":[{\"@type\":\"ListItem\",\"position\":1,\"name\":\"Home\",\"item\":\"https:\/\/www.ghostysky.com\/\"},{\"@type\":\"ListItem\",\"position\":2,\"name\":\"Shop\",\"item\":\"https:\/\/www.ghostysky.com\/shop\/\"},{\"@type\":\"ListItem\",\"position\":3,\"name\":\"Agibot D1 Edu\"}]},{\"@type\":\"WebSite\",\"@id\":\"https:\/\/www.ghostysky.com\/#website\",\"url\":\"https:\/\/www.ghostysky.com\/\",\"name\":\"Ghostysky\",\"description\":\"Delivering professional drones and services\",\"publisher\":{\"@id\":\"https:\/\/www.ghostysky.com\/#organization\"},\"potentialAction\":[{\"@type\":\"SearchAction\",\"target\":{\"@type\":\"EntryPoint\",\"urlTemplate\":\"https:\/\/www.ghostysky.com\/?s={search_term_string}\"},\"query-input\":{\"@type\":\"PropertyValueSpecification\",\"valueRequired\":true,\"valueName\":\"search_term_string\"}}],\"inLanguage\":\"es\"},{\"@type\":\"Organization\",\"@id\":\"https:\/\/www.ghostysky.com\/#organization\",\"name\":\"Ghostysky\",\"url\":\"https:\/\/www.ghostysky.com\/\",\"logo\":{\"@type\":\"ImageObject\",\"inLanguage\":\"es\",\"@id\":\"https:\/\/www.ghostysky.com\/#\/schema\/logo\/image\/\",\"url\":\"https:\/\/www.ghostysky.com\/wp-content\/uploads\/2020\/06\/cropped-ghostyskylogo_text_white2.png\",\"contentUrl\":\"https:\/\/www.ghostysky.com\/wp-content\/uploads\/2020\/06\/cropped-ghostyskylogo_text_white2.png\",\"width\":169,\"height\":56,\"caption\":\"Ghostysky\"},\"image\":{\"@id\":\"https:\/\/www.ghostysky.com\/#\/schema\/logo\/image\/\"},\"sameAs\":[\"https:\/\/www.facebook.com\/people\/Ghostysky\/100057676170234\/\",\"https:\/\/x.com\/Gh0stysky\",\"https:\/\/www.linkedin.com\/company\/34739653\",\"https:\/\/www.instagram.com\/gh0stysky\"]}]}<\/script>\n<!-- \/ Yoast SEO plugin. -->","yoast_head_json":{"title":"Agibot D1 Edu - Ghostysky","description":"El Agibot D1 Pro (a menudo conocido como D1 Pro\/Edu) es un robot cuadr\u00fapedo todoterreno de alto rendimiento dise\u00f1ado por la empresa de rob\u00f3tica Agibot (Zhiyuan Robotics), con sede en Shangh\u00e1i. Considerado pionero en inteligencia cuadr\u00fapeda integral, est\u00e1 dise\u00f1ado para movilidad extrema, investigaci\u00f3n cient\u00edfica y operaciones complejas en exteriores.","robots":{"index":"index","follow":"follow","max-snippet":"max-snippet:-1","max-image-preview":"max-image-preview:large","max-video-preview":"max-video-preview:-1"},"canonical":"https:\/\/www.ghostysky.com\/es\/producto-2\/agibot-d1-edu\/","og_locale":"es_ES","og_type":"article","og_title":"Agibot D1 Edu - Ghostysky","og_description":"The Agibot D1 Pro (often referred to as the D1 Pro\/Edu) is a high-performance, all-terrain quadruped robot designed by the Shanghai-based robotics firm Agibot (Zhiyuan Robotics). Positioned as a \"pioneer in all-round quadruped intelligence,\" it is engineered for extreme mobility, scientific research, and complex outdoor operations.","og_url":"https:\/\/www.ghostysky.com\/es\/producto-2\/agibot-d1-edu\/","og_site_name":"Ghostysky","article_publisher":"https:\/\/www.facebook.com\/people\/Ghostysky\/100057676170234\/","article_modified_time":"2026-02-02T07:59:11+00:00","og_image":[{"width":1440,"height":1440,"url":"https:\/\/www.ghostysky.com\/wp-content\/uploads\/2026\/02\/GH_Agibot_D1_Pro_1.png","type":"image\/png"}],"twitter_card":"summary_large_image","twitter_site":"@Gh0stysky","twitter_misc":{"Tiempo de lectura":"2 minutos"},"schema":{"@context":"https:\/\/schema.org","@graph":[{"@type":"WebPage","@id":"https:\/\/www.ghostysky.com\/product\/agibot-d1-edu\/","url":"https:\/\/www.ghostysky.com\/product\/agibot-d1-edu\/","name":"Agibot D1 Edu - Ghostysky","isPartOf":{"@id":"https:\/\/www.ghostysky.com\/#website"},"primaryImageOfPage":{"@id":"https:\/\/www.ghostysky.com\/product\/agibot-d1-edu\/#primaryimage"},"image":{"@id":"https:\/\/www.ghostysky.com\/product\/agibot-d1-edu\/#primaryimage"},"thumbnailUrl":"https:\/\/www.ghostysky.com\/wp-content\/uploads\/2026\/02\/GH_Agibot_D1_Pro_1.png","datePublished":"2026-02-02T07:34:00+00:00","dateModified":"2026-02-02T07:59:11+00:00","description":"El Agibot D1 Pro (a menudo conocido como D1 Pro\/Edu) es un robot cuadr\u00fapedo todoterreno de alto rendimiento dise\u00f1ado por la empresa de rob\u00f3tica Agibot (Zhiyuan Robotics), con sede en Shangh\u00e1i. Considerado pionero en inteligencia cuadr\u00fapeda integral, est\u00e1 dise\u00f1ado para movilidad extrema, investigaci\u00f3n cient\u00edfica y operaciones complejas en exteriores.","breadcrumb":{"@id":"https:\/\/www.ghostysky.com\/product\/agibot-d1-edu\/#breadcrumb"},"inLanguage":"es","potentialAction":[{"@type":"ReadAction","target":["https:\/\/www.ghostysky.com\/product\/agibot-d1-edu\/"]}]},{"@type":"ImageObject","inLanguage":"es","@id":"https:\/\/www.ghostysky.com\/product\/agibot-d1-edu\/#primaryimage","url":"https:\/\/www.ghostysky.com\/wp-content\/uploads\/2026\/02\/GH_Agibot_D1_Pro_1.png","contentUrl":"https:\/\/www.ghostysky.com\/wp-content\/uploads\/2026\/02\/GH_Agibot_D1_Pro_1.png","width":1440,"height":1440},{"@type":"BreadcrumbList","@id":"https:\/\/www.ghostysky.com\/product\/agibot-d1-edu\/#breadcrumb","itemListElement":[{"@type":"ListItem","position":1,"name":"Home","item":"https:\/\/www.ghostysky.com\/"},{"@type":"ListItem","position":2,"name":"Shop","item":"https:\/\/www.ghostysky.com\/shop\/"},{"@type":"ListItem","position":3,"name":"Agibot D1 Edu"}]},{"@type":"WebSite","@id":"https:\/\/www.ghostysky.com\/#website","url":"https:\/\/www.ghostysky.com\/","name":"Ghostysky","description":"Entrega de drones y servicios profesionales","publisher":{"@id":"https:\/\/www.ghostysky.com\/#organization"},"potentialAction":[{"@type":"SearchAction","target":{"@type":"EntryPoint","urlTemplate":"https:\/\/www.ghostysky.com\/?s={search_term_string}"},"query-input":{"@type":"PropertyValueSpecification","valueRequired":true,"valueName":"search_term_string"}}],"inLanguage":"es"},{"@type":"Organization","@id":"https:\/\/www.ghostysky.com\/#organization","name":"Ghostysky","url":"https:\/\/www.ghostysky.com\/","logo":{"@type":"ImageObject","inLanguage":"es","@id":"https:\/\/www.ghostysky.com\/#\/schema\/logo\/image\/","url":"https:\/\/www.ghostysky.com\/wp-content\/uploads\/2020\/06\/cropped-ghostyskylogo_text_white2.png","contentUrl":"https:\/\/www.ghostysky.com\/wp-content\/uploads\/2020\/06\/cropped-ghostyskylogo_text_white2.png","width":169,"height":56,"caption":"Ghostysky"},"image":{"@id":"https:\/\/www.ghostysky.com\/#\/schema\/logo\/image\/"},"sameAs":["https:\/\/www.facebook.com\/people\/Ghostysky\/100057676170234\/","https:\/\/x.com\/Gh0stysky","https:\/\/www.linkedin.com\/company\/34739653","https:\/\/www.instagram.com\/gh0stysky"]}]}},"_links":{"self":[{"href":"https:\/\/www.ghostysky.com\/es\/wp-json\/wp\/v2\/product\/23938","targetHints":{"allow":["GET"]}}],"collection":[{"href":"https:\/\/www.ghostysky.com\/es\/wp-json\/wp\/v2\/product"}],"about":[{"href":"https:\/\/www.ghostysky.com\/es\/wp-json\/wp\/v2\/types\/product"}],"replies":[{"embeddable":true,"href":"https:\/\/www.ghostysky.com\/es\/wp-json\/wp\/v2\/comments?post=23938"}],"wp:featuredmedia":[{"embeddable":true,"href":"https:\/\/www.ghostysky.com\/es\/wp-json\/wp\/v2\/media\/23931"}],"wp:attachment":[{"href":"https:\/\/www.ghostysky.com\/es\/wp-json\/wp\/v2\/media?parent=23938"}],"wp:term":[{"taxonomy":"product_brand","embeddable":true,"href":"https:\/\/www.ghostysky.com\/es\/wp-json\/wp\/v2\/product_brand?post=23938"},{"taxonomy":"product_cat","embeddable":true,"href":"https:\/\/www.ghostysky.com\/es\/wp-json\/wp\/v2\/product_cat?post=23938"},{"taxonomy":"product_tag","embeddable":true,"href":"https:\/\/www.ghostysky.com\/es\/wp-json\/wp\/v2\/product_tag?post=23938"}],"curies":[{"name":"wp","href":"https:\/\/api.w.org\/{rel}","templated":true}]}}