{"id":23943,"date":"2026-02-02T08:00:10","date_gmt":"2026-02-02T08:00:10","guid":{"rendered":"https:\/\/www.ghostysky.com\/?post_type=product&#038;p=23943"},"modified":"2026-02-02T08:23:13","modified_gmt":"2026-02-02T08:23:13","slug":"agibot-d1-ultra","status":"publish","type":"product","link":"https:\/\/www.ghostysky.com\/es\/product\/agibot-d1-ultra\/","title":{"rendered":"Agibot D1 Ultra"},"content":{"rendered":"<h3 data-path-to-node=\"2\">Caracter\u00edsticas y capacidades clave<\/h3>\n<ul data-path-to-node=\"3\">\n<li>\n<p data-path-to-node=\"3,0,0\"><b data-path-to-node=\"3,0,0\" data-index-in-node=\"0\">Control de la marcha mediante aprendizaje por refuerzo (RL):<\/b><span class=\"citation-82 citation-end-82\"> A diferencia de los robots con movimientos codificados, el D1 Ultra utiliza algoritmos RL avanzados para adaptar su movimiento en tiempo real.<\/span> <span class=\"citation-81 citation-end-81\">Esto le permite mantener el equilibrio sobre escombros sueltos, superficies resbaladizas y terrenos irregulares.<\/span><\/p>\n<\/li>\n<li>\n<p data-path-to-node=\"3,1,0\"><b data-path-to-node=\"3,1,0\" data-index-in-node=\"0\"><span class=\"citation-80\">Sistema de accionamiento de alta potencia:<\/span><\/b><span class=\"citation-80\"> Construido con un sistema de accionamiento l\u00edder en la industria que ofrece una potencia espec\u00edfica de <\/span><b data-path-to-node=\"3,1,0\" data-index-in-node=\"98\"><span class=\"citation-80\">2 kW\/kg<\/span><\/b><span class=\"citation-80 citation-end-80\">, proporciona el alto par necesario para una r\u00e1pida aceleraci\u00f3n y recuperaci\u00f3n de ca\u00eddas.<\/span><\/p>\n<\/li>\n<li>\n<p data-path-to-node=\"3,2,0\"><b data-path-to-node=\"3,2,0\" data-index-in-node=\"0\">Agilidad todo terreno:<\/b><span class=\"citation-79\"> El robot es capaz de subir escaleras m\u00e1s altas que <\/span><b data-path-to-node=\"3,2,0\" data-index-in-node=\"73\"><span class=\"citation-79\">16 cent\u00edmetros<\/span><\/b><span class=\"citation-79\">, afrontando pendientes de hasta <\/span><b data-path-to-node=\"3,2,0\" data-index-in-node=\"102\"><span class=\"citation-79\">30\u00b0<\/span><\/b><span class=\"citation-79 citation-end-79\"> (con un l\u00edmite extremo de 40\u00b0), y realizar maniobras atl\u00e9ticas como saltos (hasta 35 cm) y volteretas.<\/span><\/p>\n<\/li>\n<li>\n<p data-path-to-node=\"3,3,0\"><b data-path-to-node=\"3,3,0\" data-index-in-node=\"0\"><span class=\"citation-78\">Expansi\u00f3n modular:<\/span><\/b><span class=\"citation-78\"> Cuenta con una interfaz estandarizada para el desarrollo secundario, permitiendo a los usuarios montar <\/span><b data-path-to-node=\"3,3,0\" data-index-in-node=\"107\"><span class=\"citation-78\">LiDAR<\/span><\/b><span class=\"citation-78\">, <\/span><b data-path-to-node=\"3,3,0\" data-index-in-node=\"114\"><span class=\"citation-78\">C\u00e1maras RGB-D<\/span><\/b><span class=\"citation-78\">, <\/span><b data-path-to-node=\"3,3,0\" data-index-in-node=\"129\"><span class=\"citation-78\">M\u00f3dulos 4G\/5G<\/span><\/b><span class=\"citation-78\">, o <\/span><b data-path-to-node=\"3,3,0\" data-index-in-node=\"147\"><span class=\"citation-78\">brazos rob\u00f3ticos<\/span><\/b><span class=\"citation-78 citation-end-78\">.<\/span><\/p>\n<p>&nbsp;<\/li>\n<\/ul>\n<h3 data-path-to-node=\"5\">Especificaciones t\u00e9cnicas<\/h3>\n<table data-path-to-node=\"6\">\n<thead>\n<tr>\n<td><strong>Caracter\u00edstica<\/strong><\/td>\n<td><strong>Especificaci\u00f3n<\/strong><\/td>\n<\/tr>\n<\/thead>\n<tbody>\n<tr>\n<td><span data-path-to-node=\"6,1,0,0\"><b data-path-to-node=\"6,1,0,0\" data-index-in-node=\"0\">M\u00e1xima velocidad<\/b><\/span><\/td>\n<td><span data-path-to-node=\"6,1,1,0\">3,7 m\/s (L\u00edmite de hasta 5 m\/s)<\/span><\/td>\n<\/tr>\n<tr>\n<td><span data-path-to-node=\"6,2,0,0\"><b data-path-to-node=\"6,2,0,0\" data-index-in-node=\"0\">Capacidad de carga \u00fatil<\/b><\/span><\/td>\n<td><span data-path-to-node=\"6,2,1,0\">8 kg (Carga est\u00e1tica hasta 10 kg)<\/span><\/td>\n<\/tr>\n<tr>\n<td><span data-path-to-node=\"6,3,0,0\"><b data-path-to-node=\"6,3,0,0\" data-index-in-node=\"0\">Dimensiones (de pie)<\/b><\/span><\/td>\n<td><span data-path-to-node=\"6,3,1,0\">630 x 360 x 415 mm<\/span><\/td>\n<\/tr>\n<tr>\n<td><span data-path-to-node=\"6,4,0,0\"><b data-path-to-node=\"6,4,0,0\" data-index-in-node=\"0\">Peso<\/b><\/span><\/td>\n<td><span data-path-to-node=\"6,4,1,0\">15 kg (incluida la bater\u00eda)<\/span><\/td>\n<\/tr>\n<tr>\n<td><span data-path-to-node=\"6,5,0,0\"><b data-path-to-node=\"6,5,0,0\" data-index-in-node=\"0\">Duraci\u00f3n de la bater\u00eda<\/b><\/span><\/td>\n<td><span data-path-to-node=\"6,5,1,0\">1 a 2 horas (admite bater\u00edas intercambiables en caliente)<\/span><\/td>\n<\/tr>\n<tr>\n<td><span data-path-to-node=\"6,6,0,0\"><b data-path-to-node=\"6,6,0,0\" data-index-in-node=\"0\">Clasificaci\u00f3n de protecci\u00f3n<\/b><\/span><\/td>\n<td><span data-path-to-node=\"6,6,1,0\"><b data-path-to-node=\"6,6,1,0\" data-index-in-node=\"0\">IP54<\/b> (Resistente al polvo y a las salpicaduras)<\/span><\/td>\n<\/tr>\n<tr>\n<td><span data-path-to-node=\"6,7,0,0\"><b data-path-to-node=\"6,7,0,0\" data-index-in-node=\"0\">Par m\u00e1ximo de la articulaci\u00f3n<\/b><\/span><\/td>\n<td><span data-path-to-node=\"6,7,1,0\">~48 N\u00b7m<\/span><\/td>\n<\/tr>\n<tr>\n<td><span data-path-to-node=\"6,8,0,0\"><b data-path-to-node=\"6,8,0,0\" data-index-in-node=\"0\">Temperatura de funcionamiento<\/b><\/span><\/td>\n<td><span data-path-to-node=\"6,8,1,0\">0\u00b0C a 40\u00b0C<\/span><\/td>\n<\/tr>\n<\/tbody>\n<\/table>\n<p>&nbsp;<\/p>\n<h3 data-path-to-node=\"8\">Aplicaciones de destino<\/h3>\n<p data-path-to-node=\"9\">La designaci\u00f3n \u201cUltra\u201d hace que este modelo sea adecuado para escenarios que requieren m\u00e1s confiabilidad que un robot aficionado est\u00e1ndar:<\/p>\n<ul data-path-to-node=\"10\">\n<li>\n<p data-path-to-node=\"10,0,0\"><b data-path-to-node=\"10,0,0\" data-index-in-node=\"0\"><span class=\"citation-77\">Inspecci\u00f3n Industrial:<\/span><\/b><span class=\"citation-77 citation-end-77\"> Navegar por plantas de energ\u00eda, f\u00e1bricas o sitios de petr\u00f3leo y gas para monitorear medidores y detectar fugas.<\/span><\/p>\n<\/li>\n<li>\n<p data-path-to-node=\"10,1,0\"><b data-path-to-node=\"10,1,0\" data-index-in-node=\"0\"><span class=\"citation-76\">Seguridad y patrullaje:<\/span><\/b><span class=\"citation-76 citation-end-76\"> Vigilancia aut\u00f3noma en grandes almacenes o per\u00edmetros exteriores.<\/span><\/p>\n<\/li>\n<li>\n<p data-path-to-node=\"10,2,0\"><b data-path-to-node=\"10,2,0\" data-index-in-node=\"0\"><span class=\"citation-75\">Respuesta de emergencia:<\/span><\/b><span class=\"citation-75 citation-end-75\"> Explorar \u00e1reas peligrosas o zonas de desastre donde el ingreso de personas no es seguro.<\/span><\/p>\n<\/li>\n<li>\n<p data-path-to-node=\"10,3,0\"><b data-path-to-node=\"10,3,0\" data-index-in-node=\"0\">Investigaci\u00f3n avanzada:<\/b> Se utiliza como plataforma de hardware para universidades que desarrollan nuevo software de navegaci\u00f3n o movimiento impulsado por IA.<\/p>\n<\/li>\n<\/ul>\n<p><a href=\"https:\/\/www.ghostysky.com\/wp-content\/uploads\/2026\/02\/GH_Agibot_D1_Ultra_Main_Prod.png\"><img fetchpriority=\"high\" decoding=\"async\" class=\"alignnone wp-image-23949 size-full lazyload\" src=\"datos:imagen\/gif;base64,R0lGODlhAQABAAAAACH5BAEKAAEALAAAAAABAAEAAAICTAEAOw==\" alt=\"\" width=\"1018\" height=\"1395\" sizes=\"(max-width: 1018px) 100vw, 1018px\" data-src=\"datos:imagen\/gif;base64,R0lGODlhAQABAAAAACH5BAEKAAEALAAAAAABAAEAAAICTAEAOw==\" data-srcset=\"\" srcset=\"\"><\/a><\/p>","protected":false},"excerpt":{"rendered":"<p><span class=\"citation-83\">El <\/span><b data-path-to-node=\"0\" data-index-in-node=\"4\"><span class=\"citation-83\">Agibot D1 Ultra<\/span><\/b><span class=\"citation-83 citation-end-83\"> es un robot cuadr\u00fapedo de alto rendimiento y grado industrial (a menudo denominado \u201cperro robot\u201d) dise\u00f1ado para tareas de alta intensidad en entornos complejos.<\/span> Producido por la empresa de rob\u00f3tica con sede en Shanghai <b data-path-to-node=\"0\" data-index-in-node=\"217\">AgiBot<\/b>El D1 Ultra es la evoluci\u00f3n premium y resistente de su serie D1, que cierra la brecha entre las plataformas centradas en la investigaci\u00f3n y las herramientas industriales robustas.<\/p>","protected":false},"featured_media":23948,"comment_status":"open","ping_status":"closed","template":"","meta":[],"product_brand":[1345],"product_cat":[1355,1039,1037],"product_tag":[1358,1357],"class_list":{"0":"post-23943","1":"product","2":"type-product","3":"status-publish","4":"has-post-thumbnail","6":"product_brand-agibot","7":"product_cat-agibot-quad","8":"product_cat-quadruped","9":"product_cat-robotics","10":"product_tag-agibot-d1-robot","11":"product_tag-agibot-d1-series","13":"first","14":"outofstock","15":"taxable","16":"shipping-taxable","17":"purchasable","18":"product-type-simple"},"yoast_head":"<!-- This site is optimized with the Yoast SEO plugin v27.1.1 - https:\/\/yoast.com\/product\/yoast-seo-wordpress\/ -->\n<title>Agibot D1 Ultra - Ghostysky<\/title>\n<meta name=\"description\" content=\"The Agibot D1 Ultra is a high-performance, industrial-grade quadruped robot (often referred to as a &quot;robot dog&quot;) designed for high-intensity tasks in complex environments. Produced by the Shanghai-based robotics firm AgiBot, the D1 Ultra is the premium, heavy-duty evolution of their D1 series, bridging the gap between research-focused platforms and rugged industrial tools.\" \/>\n<meta name=\"robots\" content=\"index, follow, max-snippet:-1, max-image-preview:large, max-video-preview:-1\" \/>\n<link rel=\"canonical\" href=\"https:\/\/www.ghostysky.com\/es\/producto-2\/agibot-d1-ultra\/\" \/>\n<meta property=\"og:locale\" content=\"es_ES\" \/>\n<meta property=\"og:type\" content=\"article\" \/>\n<meta property=\"og:title\" content=\"Agibot D1 Ultra - Ghostysky\" \/>\n<meta property=\"og:description\" content=\"The Agibot D1 Ultra is a high-performance, industrial-grade quadruped robot (often referred to as a &quot;robot dog&quot;) designed for high-intensity tasks in complex environments. Produced by the Shanghai-based robotics firm AgiBot, the D1 Ultra is the premium, heavy-duty evolution of their D1 series, bridging the gap between research-focused platforms and rugged industrial tools.\" \/>\n<meta property=\"og:url\" content=\"https:\/\/www.ghostysky.com\/es\/producto-2\/agibot-d1-ultra\/\" \/>\n<meta property=\"og:site_name\" content=\"Ghostysky\" \/>\n<meta property=\"article:publisher\" content=\"https:\/\/www.facebook.com\/people\/Ghostysky\/100057676170234\/\" \/>\n<meta property=\"article:modified_time\" content=\"2026-02-02T08:23:13+00:00\" \/>\n<meta property=\"og:image\" content=\"https:\/\/www.ghostysky.com\/wp-content\/uploads\/2026\/02\/GH_Agibot_D1_Ultra_1.png\" \/>\n\t<meta property=\"og:image:width\" content=\"800\" \/>\n\t<meta property=\"og:image:height\" content=\"800\" \/>\n\t<meta property=\"og:image:type\" content=\"image\/png\" \/>\n<meta name=\"twitter:card\" content=\"summary_large_image\" \/>\n<meta name=\"twitter:site\" content=\"@Gh0stysky\" \/>\n<meta name=\"twitter:label1\" content=\"Tiempo de lectura\" \/>\n\t<meta name=\"twitter:data1\" content=\"2 minutos\" \/>\n<script type=\"application\/ld+json\" class=\"yoast-schema-graph\">{\"@context\":\"https:\/\/schema.org\",\"@graph\":[{\"@type\":\"WebPage\",\"@id\":\"https:\/\/www.ghostysky.com\/product\/agibot-d1-ultra\/\",\"url\":\"https:\/\/www.ghostysky.com\/product\/agibot-d1-ultra\/\",\"name\":\"Agibot D1 Ultra - Ghostysky\",\"isPartOf\":{\"@id\":\"https:\/\/www.ghostysky.com\/#website\"},\"primaryImageOfPage\":{\"@id\":\"https:\/\/www.ghostysky.com\/product\/agibot-d1-ultra\/#primaryimage\"},\"image\":{\"@id\":\"https:\/\/www.ghostysky.com\/product\/agibot-d1-ultra\/#primaryimage\"},\"thumbnailUrl\":\"https:\/\/www.ghostysky.com\/wp-content\/uploads\/2026\/02\/GH_Agibot_D1_Ultra_1.png\",\"datePublished\":\"2026-02-02T08:00:10+00:00\",\"dateModified\":\"2026-02-02T08:23:13+00:00\",\"description\":\"The Agibot D1 Ultra is a high-performance, industrial-grade quadruped robot (often referred to as a \\\"robot dog\\\") designed for high-intensity tasks in complex environments. Produced by the Shanghai-based robotics firm AgiBot, the D1 Ultra is the premium, heavy-duty evolution of their D1 series, bridging the gap between research-focused platforms and rugged industrial tools.\",\"breadcrumb\":{\"@id\":\"https:\/\/www.ghostysky.com\/product\/agibot-d1-ultra\/#breadcrumb\"},\"inLanguage\":\"es\",\"potentialAction\":[{\"@type\":\"ReadAction\",\"target\":[\"https:\/\/www.ghostysky.com\/product\/agibot-d1-ultra\/\"]}]},{\"@type\":\"ImageObject\",\"inLanguage\":\"es\",\"@id\":\"https:\/\/www.ghostysky.com\/product\/agibot-d1-ultra\/#primaryimage\",\"url\":\"https:\/\/www.ghostysky.com\/wp-content\/uploads\/2026\/02\/GH_Agibot_D1_Ultra_1.png\",\"contentUrl\":\"https:\/\/www.ghostysky.com\/wp-content\/uploads\/2026\/02\/GH_Agibot_D1_Ultra_1.png\",\"width\":800,\"height\":800},{\"@type\":\"BreadcrumbList\",\"@id\":\"https:\/\/www.ghostysky.com\/product\/agibot-d1-ultra\/#breadcrumb\",\"itemListElement\":[{\"@type\":\"ListItem\",\"position\":1,\"name\":\"Home\",\"item\":\"https:\/\/www.ghostysky.com\/\"},{\"@type\":\"ListItem\",\"position\":2,\"name\":\"Shop\",\"item\":\"https:\/\/www.ghostysky.com\/shop\/\"},{\"@type\":\"ListItem\",\"position\":3,\"name\":\"Agibot D1 Ultra\"}]},{\"@type\":\"WebSite\",\"@id\":\"https:\/\/www.ghostysky.com\/#website\",\"url\":\"https:\/\/www.ghostysky.com\/\",\"name\":\"Ghostysky\",\"description\":\"Delivering professional drones and services\",\"publisher\":{\"@id\":\"https:\/\/www.ghostysky.com\/#organization\"},\"potentialAction\":[{\"@type\":\"SearchAction\",\"target\":{\"@type\":\"EntryPoint\",\"urlTemplate\":\"https:\/\/www.ghostysky.com\/?s={search_term_string}\"},\"query-input\":{\"@type\":\"PropertyValueSpecification\",\"valueRequired\":true,\"valueName\":\"search_term_string\"}}],\"inLanguage\":\"es\"},{\"@type\":\"Organization\",\"@id\":\"https:\/\/www.ghostysky.com\/#organization\",\"name\":\"Ghostysky\",\"url\":\"https:\/\/www.ghostysky.com\/\",\"logo\":{\"@type\":\"ImageObject\",\"inLanguage\":\"es\",\"@id\":\"https:\/\/www.ghostysky.com\/#\/schema\/logo\/image\/\",\"url\":\"https:\/\/www.ghostysky.com\/wp-content\/uploads\/2020\/06\/cropped-ghostyskylogo_text_white2.png\",\"contentUrl\":\"https:\/\/www.ghostysky.com\/wp-content\/uploads\/2020\/06\/cropped-ghostyskylogo_text_white2.png\",\"width\":169,\"height\":56,\"caption\":\"Ghostysky\"},\"image\":{\"@id\":\"https:\/\/www.ghostysky.com\/#\/schema\/logo\/image\/\"},\"sameAs\":[\"https:\/\/www.facebook.com\/people\/Ghostysky\/100057676170234\/\",\"https:\/\/x.com\/Gh0stysky\",\"https:\/\/www.linkedin.com\/company\/34739653\",\"https:\/\/www.instagram.com\/gh0stysky\"]}]}<\/script>\n<!-- \/ Yoast SEO plugin. -->","yoast_head_json":{"title":"Agibot D1 Ultra - Ghostysky","description":"El Agibot D1 Ultra es un robot cuadr\u00fapedo de alto rendimiento y grado industrial (a menudo llamado &quot;perro robot&quot;), dise\u00f1ado para tareas de alta intensidad en entornos complejos. Fabricado por la empresa de rob\u00f3tica AgiBot, con sede en Shangh\u00e1i, el D1 Ultra es la versi\u00f3n premium y robusta de su serie D1, que conecta las plataformas de investigaci\u00f3n con las herramientas industriales robustas.","robots":{"index":"index","follow":"follow","max-snippet":"max-snippet:-1","max-image-preview":"max-image-preview:large","max-video-preview":"max-video-preview:-1"},"canonical":"https:\/\/www.ghostysky.com\/es\/producto-2\/agibot-d1-ultra\/","og_locale":"es_ES","og_type":"article","og_title":"Agibot D1 Ultra - Ghostysky","og_description":"The Agibot D1 Ultra is a high-performance, industrial-grade quadruped robot (often referred to as a \"robot dog\") designed for high-intensity tasks in complex environments. Produced by the Shanghai-based robotics firm AgiBot, the D1 Ultra is the premium, heavy-duty evolution of their D1 series, bridging the gap between research-focused platforms and rugged industrial tools.","og_url":"https:\/\/www.ghostysky.com\/es\/producto-2\/agibot-d1-ultra\/","og_site_name":"Ghostysky","article_publisher":"https:\/\/www.facebook.com\/people\/Ghostysky\/100057676170234\/","article_modified_time":"2026-02-02T08:23:13+00:00","og_image":[{"width":800,"height":800,"url":"https:\/\/www.ghostysky.com\/wp-content\/uploads\/2026\/02\/GH_Agibot_D1_Ultra_1.png","type":"image\/png"}],"twitter_card":"summary_large_image","twitter_site":"@Gh0stysky","twitter_misc":{"Tiempo de lectura":"2 minutos"},"schema":{"@context":"https:\/\/schema.org","@graph":[{"@type":"WebPage","@id":"https:\/\/www.ghostysky.com\/product\/agibot-d1-ultra\/","url":"https:\/\/www.ghostysky.com\/product\/agibot-d1-ultra\/","name":"Agibot D1 Ultra - Ghostysky","isPartOf":{"@id":"https:\/\/www.ghostysky.com\/#website"},"primaryImageOfPage":{"@id":"https:\/\/www.ghostysky.com\/product\/agibot-d1-ultra\/#primaryimage"},"image":{"@id":"https:\/\/www.ghostysky.com\/product\/agibot-d1-ultra\/#primaryimage"},"thumbnailUrl":"https:\/\/www.ghostysky.com\/wp-content\/uploads\/2026\/02\/GH_Agibot_D1_Ultra_1.png","datePublished":"2026-02-02T08:00:10+00:00","dateModified":"2026-02-02T08:23:13+00:00","description":"El Agibot D1 Ultra es un robot cuadr\u00fapedo de alto rendimiento y grado industrial (a menudo llamado &quot;perro robot&quot;), dise\u00f1ado para tareas de alta intensidad en entornos complejos. Fabricado por la empresa de rob\u00f3tica AgiBot, con sede en Shangh\u00e1i, el D1 Ultra es la versi\u00f3n premium y robusta de su serie D1, que conecta las plataformas de investigaci\u00f3n con las herramientas industriales robustas.","breadcrumb":{"@id":"https:\/\/www.ghostysky.com\/product\/agibot-d1-ultra\/#breadcrumb"},"inLanguage":"es","potentialAction":[{"@type":"ReadAction","target":["https:\/\/www.ghostysky.com\/product\/agibot-d1-ultra\/"]}]},{"@type":"ImageObject","inLanguage":"es","@id":"https:\/\/www.ghostysky.com\/product\/agibot-d1-ultra\/#primaryimage","url":"https:\/\/www.ghostysky.com\/wp-content\/uploads\/2026\/02\/GH_Agibot_D1_Ultra_1.png","contentUrl":"https:\/\/www.ghostysky.com\/wp-content\/uploads\/2026\/02\/GH_Agibot_D1_Ultra_1.png","width":800,"height":800},{"@type":"BreadcrumbList","@id":"https:\/\/www.ghostysky.com\/product\/agibot-d1-ultra\/#breadcrumb","itemListElement":[{"@type":"ListItem","position":1,"name":"Home","item":"https:\/\/www.ghostysky.com\/"},{"@type":"ListItem","position":2,"name":"Shop","item":"https:\/\/www.ghostysky.com\/shop\/"},{"@type":"ListItem","position":3,"name":"Agibot D1 Ultra"}]},{"@type":"WebSite","@id":"https:\/\/www.ghostysky.com\/#website","url":"https:\/\/www.ghostysky.com\/","name":"Ghostysky","description":"Entrega de drones y servicios profesionales","publisher":{"@id":"https:\/\/www.ghostysky.com\/#organization"},"potentialAction":[{"@type":"SearchAction","target":{"@type":"EntryPoint","urlTemplate":"https:\/\/www.ghostysky.com\/?s={search_term_string}"},"query-input":{"@type":"PropertyValueSpecification","valueRequired":true,"valueName":"search_term_string"}}],"inLanguage":"es"},{"@type":"Organization","@id":"https:\/\/www.ghostysky.com\/#organization","name":"Ghostysky","url":"https:\/\/www.ghostysky.com\/","logo":{"@type":"ImageObject","inLanguage":"es","@id":"https:\/\/www.ghostysky.com\/#\/schema\/logo\/image\/","url":"https:\/\/www.ghostysky.com\/wp-content\/uploads\/2020\/06\/cropped-ghostyskylogo_text_white2.png","contentUrl":"https:\/\/www.ghostysky.com\/wp-content\/uploads\/2020\/06\/cropped-ghostyskylogo_text_white2.png","width":169,"height":56,"caption":"Ghostysky"},"image":{"@id":"https:\/\/www.ghostysky.com\/#\/schema\/logo\/image\/"},"sameAs":["https:\/\/www.facebook.com\/people\/Ghostysky\/100057676170234\/","https:\/\/x.com\/Gh0stysky","https:\/\/www.linkedin.com\/company\/34739653","https:\/\/www.instagram.com\/gh0stysky"]}]}},"_links":{"self":[{"href":"https:\/\/www.ghostysky.com\/es\/wp-json\/wp\/v2\/product\/23943","targetHints":{"allow":["GET"]}}],"collection":[{"href":"https:\/\/www.ghostysky.com\/es\/wp-json\/wp\/v2\/product"}],"about":[{"href":"https:\/\/www.ghostysky.com\/es\/wp-json\/wp\/v2\/types\/product"}],"replies":[{"embeddable":true,"href":"https:\/\/www.ghostysky.com\/es\/wp-json\/wp\/v2\/comments?post=23943"}],"wp:featuredmedia":[{"embeddable":true,"href":"https:\/\/www.ghostysky.com\/es\/wp-json\/wp\/v2\/media\/23948"}],"wp:attachment":[{"href":"https:\/\/www.ghostysky.com\/es\/wp-json\/wp\/v2\/media?parent=23943"}],"wp:term":[{"taxonomy":"product_brand","embeddable":true,"href":"https:\/\/www.ghostysky.com\/es\/wp-json\/wp\/v2\/product_brand?post=23943"},{"taxonomy":"product_cat","embeddable":true,"href":"https:\/\/www.ghostysky.com\/es\/wp-json\/wp\/v2\/product_cat?post=23943"},{"taxonomy":"product_tag","embeddable":true,"href":"https:\/\/www.ghostysky.com\/es\/wp-json\/wp\/v2\/product_tag?post=23943"}],"curies":[{"name":"wp","href":"https:\/\/api.w.org\/{rel}","templated":true}]}}