{"id":24024,"date":"2026-02-06T13:57:56","date_gmt":"2026-02-06T13:57:56","guid":{"rendered":"https:\/\/www.ghostysky.com\/?post_type=product&#038;p=24024"},"modified":"2026-02-06T14:04:23","modified_gmt":"2026-02-06T14:04:23","slug":"unitree-go2-x","status":"publish","type":"product","link":"https:\/\/www.ghostysky.com\/es\/product\/unitree-go2-x\/","title":{"rendered":"Unitree Go2 X"},"content":{"rendered":"<h3 data-path-to-node=\"3\"><b data-path-to-node=\"3\" data-index-in-node=\"4\">Tecnolog\u00eda central e IA<\/b><\/h3>\n<p data-path-to-node=\"4\"><span class=\"citation-20\">El Go2 X est\u00e1 alimentado por el sistema desarrollado por Unitree. <\/span><b data-path-to-node=\"4\" data-index-in-node=\"49\"><span class=\"citation-20\">LiDAR 4D L1<\/span><\/b><span class=\"citation-20 citation-end-20\">, proporcionando una <\/span><span class=\"math-inline\" data-math=\"360^{\\circ} \\times 90^{\\circ}\" data-index-in-node=\"74\">360\u00ba x 90\u00ba<\/span><span class=\"citation-19 citation-end-19\"> Sistema de reconocimiento ultra ancho hemisf\u00e9rico.<\/span><\/p>\n<ul data-path-to-node=\"5\">\n<li>\n<p data-path-to-node=\"5,0,0\"><b data-path-to-node=\"5,0,0\" data-index-in-node=\"0\"><span class=\"citation-18\">IA encarnada:<\/span><\/b><span class=\"citation-18 citation-end-18\"> Integrado con modelos de lenguaje grandes basados en GPT, el Go2 X puede comprender comandos de voz complejos e interactuar con su entorno de forma m\u00e1s natural.<\/span><\/p>\n<\/li>\n<li>\n<p data-path-to-node=\"5,1,0\"><b data-path-to-node=\"5,1,0\" data-index-in-node=\"0\"><span class=\"citation-17 citation-end-17\">ISS 2.0 (Sistema inteligente de seguimiento lateral):<\/span><\/b><span class=\"citation-16 citation-end-16\"> Cuenta con una mejora 50% en la precisi\u00f3n de posicionamiento, lo que permite que el robot siga a su due\u00f1o de forma aut\u00f3noma mientras navega de forma inteligente por los obst\u00e1culos.<\/span><\/p>\n<\/li>\n<li>\n<p data-path-to-node=\"5,2,0\"><b data-path-to-node=\"5,2,0\" data-index-in-node=\"0\">Capacidades de movimiento:<\/b> Gracias a un amplio entrenamiento de simulaci\u00f3n de IA, puede realizar maniobras avanzadas como paradas de manos, volteretas hacia atr\u00e1s, saltos y subir escaleras con un \u00e1ngulo de subida m\u00e1ximo de <b data-path-to-node=\"5,2,0\" data-index-in-node=\"192\"><span class=\"math-inline\" data-math=\"40^{\\circ}\" data-index-in-node=\"192\">40\u00ba<\/span><\/b>.<\/p>\n<\/li>\n<\/ul>\n<h3 data-path-to-node=\"7\"><b data-path-to-node=\"7\" data-index-in-node=\"4\">Especificaciones t\u00e9cnicas<\/b><\/h3>\n<table data-path-to-node=\"8\">\n<thead>\n<tr>\n<td><strong>Caracter\u00edstica<\/strong><\/td>\n<td><strong>Especificaci\u00f3n<\/strong><\/td>\n<\/tr>\n<\/thead>\n<tbody>\n<tr>\n<td><span data-path-to-node=\"8,1,0,0\"><b data-path-to-node=\"8,1,0,0\" data-index-in-node=\"0\">M\u00e1xima velocidad<\/b><\/span><\/td>\n<td><span data-path-to-node=\"8,1,1,0\">0 ~ 3,7 m\/s (hasta 5 m\/s en entornos de laboratorio)<\/span><\/td>\n<\/tr>\n<tr>\n<td><span data-path-to-node=\"8,2,0,0\"><b data-path-to-node=\"8,2,0,0\" data-index-in-node=\"0\">Carga \u00fatil<\/b><\/span><\/td>\n<td><span data-path-to-node=\"8,2,1,0\">~8 kg (Capacidad m\u00e1xima hasta 12 kg)<\/span><\/td>\n<\/tr>\n<tr>\n<td><span data-path-to-node=\"8,3,0,0\"><b data-path-to-node=\"8,3,0,0\" data-index-in-node=\"0\">Peso<\/b><\/span><\/td>\n<td><span data-path-to-node=\"8,3,1,0\">~15 kg (incluida la bater\u00eda)<\/span><\/td>\n<\/tr>\n<tr>\n<td><span data-path-to-node=\"8,4,0,0\"><b data-path-to-node=\"8,4,0,0\" data-index-in-node=\"0\">Torque articular<\/b><\/span><\/td>\n<td><span data-path-to-node=\"8,4,1,0\">Par m\u00e1ximo de articulaci\u00f3n de <b data-path-to-node=\"8,4,1,0\" data-index-in-node=\"21\"><span class=\"math-inline\" data-math=\"45\\text{N}\\cdot\\text{m}\" data-index-in-node=\"21\">45 Nm<\/span><\/b><\/span><\/td>\n<\/tr>\n<tr>\n<td><span data-path-to-node=\"8,5,0,0\"><b data-path-to-node=\"8,5,0,0\" data-index-in-node=\"0\">Potencia de c\u00f3mputo<\/b><\/span><\/td>\n<td><span data-path-to-node=\"8,5,1,0\">CPU de alto rendimiento de 8 n\u00facleos (admite desarrollo secundario)<\/span><\/td>\n<\/tr>\n<tr>\n<td><span data-path-to-node=\"8,6,0,0\"><b data-path-to-node=\"8,6,0,0\" data-index-in-node=\"0\">Duraci\u00f3n de la bater\u00eda<\/b><\/span><\/td>\n<td><span data-path-to-node=\"8,6,1,0\">1 a 2 horas (8000 mAh est\u00e1ndar) o hasta 4 horas (15000 mAh opcional)<\/span><\/td>\n<\/tr>\n<tr>\n<td><span data-path-to-node=\"8,7,0,0\"><b data-path-to-node=\"8,7,0,0\" data-index-in-node=\"0\">Conectividad<\/b><\/span><\/td>\n<td><span data-path-to-node=\"8,7,1,0\">Wi-Fi 6, Bluetooth 5.2\/4.2, m\u00f3dulo 4G con eSIM<\/span><\/td>\n<\/tr>\n<\/tbody>\n<\/table>\n<p>&nbsp;<\/p>\n<h3 data-path-to-node=\"10\"><b data-path-to-node=\"10\" data-index-in-node=\"4\">Hardware y durabilidad<\/b><\/h3>\n<ul data-path-to-node=\"11\">\n<li>\n<p data-path-to-node=\"11,0,0\"><b data-path-to-node=\"11,0,0\" data-index-in-node=\"0\">Refrigeraci\u00f3n avanzada:<\/b><span class=\"citation-15 citation-end-15\"> Los enfriadores de tubos de calor incorporados en las articulaciones de las rodillas permiten un rendimiento sostenido de alta intensidad sin sobrecalentamiento.<\/span><\/p>\n<\/li>\n<li>\n<p data-path-to-node=\"11,1,0\"><b data-path-to-node=\"11,1,0\" data-index-in-node=\"0\">Cableado interno:<\/b><span class=\"citation-14 citation-end-14\"> Todos los circuitos articulados est\u00e1n enrutados internamente, lo que reduce el riesgo de enganches y mejora la est\u00e9tica elegante del robot.<\/span><\/p>\n<\/li>\n<li>\n<p data-path-to-node=\"11,2,0\"><b data-path-to-node=\"11,2,0\" data-index-in-node=\"0\">Visuales y sonido:<\/b><span class=\"citation-13 citation-end-13\"> Equipado con una c\u00e1mara gran angular HD para transmisi\u00f3n en tiempo real de 1080P, un sistema de iluminaci\u00f3n de 3W para operaci\u00f3n nocturna y un altavoz de alta fidelidad para interacci\u00f3n de voz o m\u00fasica.<\/span><\/p>\n<p>&nbsp;<\/li>\n<\/ul>\n<h3 data-path-to-node=\"13\"><b data-path-to-node=\"13\" data-index-in-node=\"4\">\u00bfPara qui\u00e9n?<\/b><\/h3>\n<p data-path-to-node=\"14\">El Go2 X es el punto ideal para:<\/p>\n<ol start=\"1\" data-path-to-node=\"15\">\n<li>\n<p data-path-to-node=\"15,0,0\"><b data-path-to-node=\"15,0,0\" data-index-in-node=\"0\"><span class=\"citation-12\">Investigadores en rob\u00f3tica:<\/span><\/b><span class=\"citation-12 citation-end-12\"> Quienes necesitan una plataforma programable (compatibilidad con Python\/ROS) pero no requieren el conjunto completo de sensores especializados que se encuentran en los modelos EDU Flagship m\u00e1s costosos.<\/span><\/p>\n<\/li>\n<li>\n<p data-path-to-node=\"15,1,0\"><b data-path-to-node=\"15,1,0\" data-index-in-node=\"0\">Entusiastas de la tecnolog\u00eda:<\/b> \u00bfQui\u00e9n quiere un compa\u00f1ero m\u00e1s potente y \u201cm\u00e1s inteligente\u201d que el modelo b\u00e1sico Air?<\/p>\n<\/li>\n<li>\n<p data-path-to-node=\"15,2,0\"><b data-path-to-node=\"15,2,0\" data-index-in-node=\"0\">Prototipado industrial:<\/b><span class=\"citation-11 citation-end-11\"> Ideal para probar tareas de inspecci\u00f3n o navegaci\u00f3n aut\u00f3noma en un formato rentable.<\/span><\/p>\n<\/li>\n<\/ol>","protected":false},"excerpt":{"rendered":"<p><span class=\"citation-21\">El <\/span><b data-path-to-node=\"0\" data-index-in-node=\"4\"><span class=\"citation-21\">Unitree Go2 X<\/span><\/b><span class=\"citation-21 citation-end-21\"> es un robot cuadr\u00fapedo bi\u00f3nico avanzado y de alto rendimiento dise\u00f1ado para cerrar la brecha entre la tecnolog\u00eda de consumo y la investigaci\u00f3n industrial.<\/span> Como variante de \u201crendimiento extendido\u201d de la l\u00ednea Go2, combina la elegante agilidad del Go2 Pro con la potencia inform\u00e1tica mejorada y las capacidades de desarrollo secundario normalmente reservadas para la serie EDU.<\/p>","protected":false},"featured_media":24027,"comment_status":"open","ping_status":"closed","template":"","meta":[],"product_brand":[1087],"product_cat":[1039,1037,1085],"product_tag":[1088,1091,1090],"class_list":{"0":"post-24024","1":"product","2":"type-product","3":"status-publish","4":"has-post-thumbnail","6":"product_brand-unitree","7":"product_cat-quadruped","8":"product_cat-robotics","9":"product_cat-unitree-quad-robots","10":"product_tag-unitree","11":"product_tag-unitree-quadru","12":"product_tag-unitree-quadruped-robots","14":"first","15":"onbackorder","16":"taxable","17":"shipping-taxable","18":"purchasable","19":"product-type-simple"},"yoast_head":"<!-- This site is optimized with the Yoast SEO plugin v27.1.1 - https:\/\/yoast.com\/product\/yoast-seo-wordpress\/ -->\n<title>Unitree Go2 X - Ghostysky<\/title>\n<meta name=\"description\" content=\"The Unitree Go2 X is an advanced, high-performance bionic quadruped robot designed to bridge the gap between consumer-grade tech and industrial research. As the &quot;extended performance&quot; variant of the Go2 lineup, it combines the sleek agility of the Go2 Pro with the enhanced computing power and secondary development capabilities typically reserved for the EDU series.\" \/>\n<meta name=\"robots\" content=\"index, follow, max-snippet:-1, max-image-preview:large, max-video-preview:-1\" \/>\n<link rel=\"canonical\" href=\"https:\/\/www.ghostysky.com\/es\/producto-2\/unitree-go2-x\/\" \/>\n<meta property=\"og:locale\" content=\"es_ES\" \/>\n<meta property=\"og:type\" content=\"article\" \/>\n<meta property=\"og:title\" content=\"Unitree Go2 X - Ghostysky\" \/>\n<meta property=\"og:description\" content=\"The Unitree Go2 X is an advanced, high-performance bionic quadruped robot designed to bridge the gap between consumer-grade tech and industrial research. As the &quot;extended performance&quot; variant of the Go2 lineup, it combines the sleek agility of the Go2 Pro with the enhanced computing power and secondary development capabilities typically reserved for the EDU series.\" \/>\n<meta property=\"og:url\" content=\"https:\/\/www.ghostysky.com\/es\/producto-2\/unitree-go2-x\/\" \/>\n<meta property=\"og:site_name\" content=\"Ghostysky\" \/>\n<meta property=\"article:publisher\" content=\"https:\/\/www.facebook.com\/people\/Ghostysky\/100057676170234\/\" \/>\n<meta property=\"article:modified_time\" content=\"2026-02-06T14:04:23+00:00\" \/>\n<meta property=\"og:image\" content=\"https:\/\/www.ghostysky.com\/wp-content\/uploads\/2026\/02\/GH_Unitree_X_1.png\" \/>\n\t<meta property=\"og:image:width\" content=\"600\" \/>\n\t<meta property=\"og:image:height\" content=\"548\" \/>\n\t<meta property=\"og:image:type\" content=\"image\/png\" \/>\n<meta name=\"twitter:card\" content=\"summary_large_image\" \/>\n<meta name=\"twitter:site\" content=\"@Gh0stysky\" \/>\n<meta name=\"twitter:label1\" content=\"Tiempo de lectura\" \/>\n\t<meta name=\"twitter:data1\" content=\"2 minutos\" \/>\n<script type=\"application\/ld+json\" class=\"yoast-schema-graph\">{\"@context\":\"https:\/\/schema.org\",\"@graph\":[{\"@type\":\"WebPage\",\"@id\":\"https:\/\/www.ghostysky.com\/product\/unitree-go2-x\/\",\"url\":\"https:\/\/www.ghostysky.com\/product\/unitree-go2-x\/\",\"name\":\"Unitree Go2 X - Ghostysky\",\"isPartOf\":{\"@id\":\"https:\/\/www.ghostysky.com\/#website\"},\"primaryImageOfPage\":{\"@id\":\"https:\/\/www.ghostysky.com\/product\/unitree-go2-x\/#primaryimage\"},\"image\":{\"@id\":\"https:\/\/www.ghostysky.com\/product\/unitree-go2-x\/#primaryimage\"},\"thumbnailUrl\":\"https:\/\/www.ghostysky.com\/wp-content\/uploads\/2026\/02\/GH_Unitree_X_1.png\",\"datePublished\":\"2026-02-06T13:57:56+00:00\",\"dateModified\":\"2026-02-06T14:04:23+00:00\",\"description\":\"The Unitree Go2 X is an advanced, high-performance bionic quadruped robot designed to bridge the gap between consumer-grade tech and industrial research. As the \\\"extended performance\\\" variant of the Go2 lineup, it combines the sleek agility of the Go2 Pro with the enhanced computing power and secondary development capabilities typically reserved for the EDU series.\",\"breadcrumb\":{\"@id\":\"https:\/\/www.ghostysky.com\/product\/unitree-go2-x\/#breadcrumb\"},\"inLanguage\":\"es\",\"potentialAction\":[{\"@type\":\"ReadAction\",\"target\":[\"https:\/\/www.ghostysky.com\/product\/unitree-go2-x\/\"]}]},{\"@type\":\"ImageObject\",\"inLanguage\":\"es\",\"@id\":\"https:\/\/www.ghostysky.com\/product\/unitree-go2-x\/#primaryimage\",\"url\":\"https:\/\/www.ghostysky.com\/wp-content\/uploads\/2026\/02\/GH_Unitree_X_1.png\",\"contentUrl\":\"https:\/\/www.ghostysky.com\/wp-content\/uploads\/2026\/02\/GH_Unitree_X_1.png\",\"width\":600,\"height\":548},{\"@type\":\"BreadcrumbList\",\"@id\":\"https:\/\/www.ghostysky.com\/product\/unitree-go2-x\/#breadcrumb\",\"itemListElement\":[{\"@type\":\"ListItem\",\"position\":1,\"name\":\"Home\",\"item\":\"https:\/\/www.ghostysky.com\/\"},{\"@type\":\"ListItem\",\"position\":2,\"name\":\"Shop\",\"item\":\"https:\/\/www.ghostysky.com\/shop\/\"},{\"@type\":\"ListItem\",\"position\":3,\"name\":\"Unitree Go2 X\"}]},{\"@type\":\"WebSite\",\"@id\":\"https:\/\/www.ghostysky.com\/#website\",\"url\":\"https:\/\/www.ghostysky.com\/\",\"name\":\"Ghostysky\",\"description\":\"Delivering professional drones and services\",\"publisher\":{\"@id\":\"https:\/\/www.ghostysky.com\/#organization\"},\"potentialAction\":[{\"@type\":\"SearchAction\",\"target\":{\"@type\":\"EntryPoint\",\"urlTemplate\":\"https:\/\/www.ghostysky.com\/?s={search_term_string}\"},\"query-input\":{\"@type\":\"PropertyValueSpecification\",\"valueRequired\":true,\"valueName\":\"search_term_string\"}}],\"inLanguage\":\"es\"},{\"@type\":\"Organization\",\"@id\":\"https:\/\/www.ghostysky.com\/#organization\",\"name\":\"Ghostysky\",\"url\":\"https:\/\/www.ghostysky.com\/\",\"logo\":{\"@type\":\"ImageObject\",\"inLanguage\":\"es\",\"@id\":\"https:\/\/www.ghostysky.com\/#\/schema\/logo\/image\/\",\"url\":\"https:\/\/www.ghostysky.com\/wp-content\/uploads\/2020\/06\/cropped-ghostyskylogo_text_white2.png\",\"contentUrl\":\"https:\/\/www.ghostysky.com\/wp-content\/uploads\/2020\/06\/cropped-ghostyskylogo_text_white2.png\",\"width\":169,\"height\":56,\"caption\":\"Ghostysky\"},\"image\":{\"@id\":\"https:\/\/www.ghostysky.com\/#\/schema\/logo\/image\/\"},\"sameAs\":[\"https:\/\/www.facebook.com\/people\/Ghostysky\/100057676170234\/\",\"https:\/\/x.com\/Gh0stysky\",\"https:\/\/www.linkedin.com\/company\/34739653\",\"https:\/\/www.instagram.com\/gh0stysky\"]}]}<\/script>\n<!-- \/ Yoast SEO plugin. -->","yoast_head_json":{"title":"Unitree Go2 X - Cielo fantasmal","description":"El Unitree Go2 X es un robot cuadr\u00fapedo bi\u00f3nico avanzado y de alto rendimiento, dise\u00f1ado para conectar la tecnolog\u00eda de consumo con la investigaci\u00f3n industrial. Como variante de &quot;rendimiento extendido&quot; de la l\u00ednea Go2, combina la elegante agilidad del Go2 Pro con la potencia de procesamiento mejorada y las capacidades de desarrollo secundario, t\u00edpicamente reservadas para la serie EDU.","robots":{"index":"index","follow":"follow","max-snippet":"max-snippet:-1","max-image-preview":"max-image-preview:large","max-video-preview":"max-video-preview:-1"},"canonical":"https:\/\/www.ghostysky.com\/es\/producto-2\/unitree-go2-x\/","og_locale":"es_ES","og_type":"article","og_title":"Unitree Go2 X - Ghostysky","og_description":"The Unitree Go2 X is an advanced, high-performance bionic quadruped robot designed to bridge the gap between consumer-grade tech and industrial research. As the \"extended performance\" variant of the Go2 lineup, it combines the sleek agility of the Go2 Pro with the enhanced computing power and secondary development capabilities typically reserved for the EDU series.","og_url":"https:\/\/www.ghostysky.com\/es\/producto-2\/unitree-go2-x\/","og_site_name":"Ghostysky","article_publisher":"https:\/\/www.facebook.com\/people\/Ghostysky\/100057676170234\/","article_modified_time":"2026-02-06T14:04:23+00:00","og_image":[{"width":600,"height":548,"url":"https:\/\/www.ghostysky.com\/wp-content\/uploads\/2026\/02\/GH_Unitree_X_1.png","type":"image\/png"}],"twitter_card":"summary_large_image","twitter_site":"@Gh0stysky","twitter_misc":{"Tiempo de lectura":"2 minutos"},"schema":{"@context":"https:\/\/schema.org","@graph":[{"@type":"WebPage","@id":"https:\/\/www.ghostysky.com\/product\/unitree-go2-x\/","url":"https:\/\/www.ghostysky.com\/product\/unitree-go2-x\/","name":"Unitree Go2 X - Cielo fantasmal","isPartOf":{"@id":"https:\/\/www.ghostysky.com\/#website"},"primaryImageOfPage":{"@id":"https:\/\/www.ghostysky.com\/product\/unitree-go2-x\/#primaryimage"},"image":{"@id":"https:\/\/www.ghostysky.com\/product\/unitree-go2-x\/#primaryimage"},"thumbnailUrl":"https:\/\/www.ghostysky.com\/wp-content\/uploads\/2026\/02\/GH_Unitree_X_1.png","datePublished":"2026-02-06T13:57:56+00:00","dateModified":"2026-02-06T14:04:23+00:00","description":"El Unitree Go2 X es un robot cuadr\u00fapedo bi\u00f3nico avanzado y de alto rendimiento, dise\u00f1ado para conectar la tecnolog\u00eda de consumo con la investigaci\u00f3n industrial. Como variante de &quot;rendimiento extendido&quot; de la l\u00ednea Go2, combina la elegante agilidad del Go2 Pro con la potencia de procesamiento mejorada y las capacidades de desarrollo secundario, t\u00edpicamente reservadas para la serie EDU.","breadcrumb":{"@id":"https:\/\/www.ghostysky.com\/product\/unitree-go2-x\/#breadcrumb"},"inLanguage":"es","potentialAction":[{"@type":"ReadAction","target":["https:\/\/www.ghostysky.com\/product\/unitree-go2-x\/"]}]},{"@type":"ImageObject","inLanguage":"es","@id":"https:\/\/www.ghostysky.com\/product\/unitree-go2-x\/#primaryimage","url":"https:\/\/www.ghostysky.com\/wp-content\/uploads\/2026\/02\/GH_Unitree_X_1.png","contentUrl":"https:\/\/www.ghostysky.com\/wp-content\/uploads\/2026\/02\/GH_Unitree_X_1.png","width":600,"height":548},{"@type":"BreadcrumbList","@id":"https:\/\/www.ghostysky.com\/product\/unitree-go2-x\/#breadcrumb","itemListElement":[{"@type":"ListItem","position":1,"name":"Home","item":"https:\/\/www.ghostysky.com\/"},{"@type":"ListItem","position":2,"name":"Shop","item":"https:\/\/www.ghostysky.com\/shop\/"},{"@type":"ListItem","position":3,"name":"Unitree Go2 X"}]},{"@type":"WebSite","@id":"https:\/\/www.ghostysky.com\/#website","url":"https:\/\/www.ghostysky.com\/","name":"Ghostysky","description":"Entrega de drones y servicios profesionales","publisher":{"@id":"https:\/\/www.ghostysky.com\/#organization"},"potentialAction":[{"@type":"SearchAction","target":{"@type":"EntryPoint","urlTemplate":"https:\/\/www.ghostysky.com\/?s={search_term_string}"},"query-input":{"@type":"PropertyValueSpecification","valueRequired":true,"valueName":"search_term_string"}}],"inLanguage":"es"},{"@type":"Organization","@id":"https:\/\/www.ghostysky.com\/#organization","name":"Ghostysky","url":"https:\/\/www.ghostysky.com\/","logo":{"@type":"ImageObject","inLanguage":"es","@id":"https:\/\/www.ghostysky.com\/#\/schema\/logo\/image\/","url":"https:\/\/www.ghostysky.com\/wp-content\/uploads\/2020\/06\/cropped-ghostyskylogo_text_white2.png","contentUrl":"https:\/\/www.ghostysky.com\/wp-content\/uploads\/2020\/06\/cropped-ghostyskylogo_text_white2.png","width":169,"height":56,"caption":"Ghostysky"},"image":{"@id":"https:\/\/www.ghostysky.com\/#\/schema\/logo\/image\/"},"sameAs":["https:\/\/www.facebook.com\/people\/Ghostysky\/100057676170234\/","https:\/\/x.com\/Gh0stysky","https:\/\/www.linkedin.com\/company\/34739653","https:\/\/www.instagram.com\/gh0stysky"]}]}},"_links":{"self":[{"href":"https:\/\/www.ghostysky.com\/es\/wp-json\/wp\/v2\/product\/24024","targetHints":{"allow":["GET"]}}],"collection":[{"href":"https:\/\/www.ghostysky.com\/es\/wp-json\/wp\/v2\/product"}],"about":[{"href":"https:\/\/www.ghostysky.com\/es\/wp-json\/wp\/v2\/types\/product"}],"replies":[{"embeddable":true,"href":"https:\/\/www.ghostysky.com\/es\/wp-json\/wp\/v2\/comments?post=24024"}],"wp:featuredmedia":[{"embeddable":true,"href":"https:\/\/www.ghostysky.com\/es\/wp-json\/wp\/v2\/media\/24027"}],"wp:attachment":[{"href":"https:\/\/www.ghostysky.com\/es\/wp-json\/wp\/v2\/media?parent=24024"}],"wp:term":[{"taxonomy":"product_brand","embeddable":true,"href":"https:\/\/www.ghostysky.com\/es\/wp-json\/wp\/v2\/product_brand?post=24024"},{"taxonomy":"product_cat","embeddable":true,"href":"https:\/\/www.ghostysky.com\/es\/wp-json\/wp\/v2\/product_cat?post=24024"},{"taxonomy":"product_tag","embeddable":true,"href":"https:\/\/www.ghostysky.com\/es\/wp-json\/wp\/v2\/product_tag?post=24024"}],"curies":[{"name":"wp","href":"https:\/\/api.w.org\/{rel}","templated":true}]}}