{"id":24048,"date":"2026-02-06T16:30:04","date_gmt":"2026-02-06T16:30:04","guid":{"rendered":"https:\/\/www.ghostysky.com\/?post_type=product&#038;p=24048"},"modified":"2026-02-08T10:13:53","modified_gmt":"2026-02-08T10:13:53","slug":"gdu-s400e","status":"publish","type":"product","link":"https:\/\/www.ghostysky.com\/es\/product\/gdu-s400e\/","title":{"rendered":"Unidad de distribuci\u00f3n global S400E"},"content":{"rendered":"<h3 data-path-to-node=\"1\"><b data-path-to-node=\"1\" data-index-in-node=\"0\">Capacidades b\u00e1sicas<\/b><\/h3>\n<ul data-path-to-node=\"2\">\n<li>\n<p data-path-to-node=\"2,0,0\"><b data-path-to-node=\"2,0,0\" data-index-in-node=\"0\">Resistencia extrema:<\/b><span class=\"citation-23\"> Cuenta con un tiempo m\u00e1ximo de vuelo de <\/span><b data-path-to-node=\"2,0,0\" data-index-in-node=\"51\"><span class=\"citation-23\">58 minutos<\/span><\/b><span class=\"citation-23 citation-end-23\"> (sin carga), significativamente m\u00e1s alto que muchos competidores en su clase.<\/span><\/p>\n<\/li>\n<li>\n<p data-path-to-node=\"2,1,0\"><b data-path-to-node=\"2,1,0\" data-index-in-node=\"0\">Elevaci\u00f3n pesada:<\/b><span class=\"citation-22\"> A pesar de su marco compacto y plegable de aleaci\u00f3n de magnesio, soporta una carga \u00fatil m\u00e1xima de <\/span><b data-path-to-node=\"2,1,0\" data-index-in-node=\"98\"><span class=\"citation-22\">3 kilos<\/span><\/b><span class=\"citation-22 citation-end-22\">.<\/span><\/p>\n<\/li>\n<li>\n<p data-path-to-node=\"2,2,0\"><b data-path-to-node=\"2,2,0\" data-index-in-node=\"0\">Evasi\u00f3n de obst\u00e1culos de doble fusi\u00f3n:<\/b><span class=\"citation-21\"> Utiliza un sistema h\u00edbrido de <\/span><b data-path-to-node=\"2,2,0\" data-index-in-node=\"56\"><span class=\"citation-21\">radar de ondas milim\u00e9tricas<\/span><\/b><span class=\"citation-21\"> y <\/span><b data-path-to-node=\"2,2,0\" data-index-in-node=\"82\"><span class=\"citation-21\">visi\u00f3n binocular<\/span><\/b><span class=\"citation-21 citation-end-21\"> para proporcionar detecci\u00f3n omnidireccional de 360\u00b0.<\/span> <span class=\"citation-20 citation-end-20\">Esto le permite detectar obst\u00e1culos delgados, como l\u00edneas el\u00e9ctricas, incluso en condiciones de total oscuridad.<\/span><\/p>\n<\/li>\n<li>\n<p data-path-to-node=\"2,3,0\"><b data-path-to-node=\"2,3,0\" data-index-in-node=\"0\">Redes de retransmisi\u00f3n:<\/b><span class=\"citation-19 citation-end-19\"> Cuenta con \u201cRed en estrella\u201d l\u00edder en la industria que permite que varios drones act\u00faen como rel\u00e9s de se\u00f1al.<\/span> <span class=\"citation-18 citation-end-18\">Esto es fundamental para misiones en valles profundos o ca\u00f1ones urbanos donde la comunicaci\u00f3n directa con l\u00ednea de visi\u00f3n es imposible.<\/span><\/p>\n<\/li>\n<\/ul>\n<h3 data-path-to-node=\"4\"><b style=\"font-size: 16px;\" data-path-to-node=\"7\" data-index-in-node=\"0\">Opciones de carga \u00fatil e im\u00e1genes<\/b><\/h3>\n<p data-path-to-node=\"8\"><span class=\"citation-17\">El S400E a menudo se combina con el <\/span><b data-path-to-node=\"8\" data-index-in-node=\"35\"><span class=\"citation-17\">C\u00e1mara de cuatro sensores PQL01<\/span><\/b><span class=\"citation-17 citation-end-17\">, que es una potencia para la inspecci\u00f3n y SAR (B\u00fasqueda y Rescate):<\/span><\/p>\n<ul data-path-to-node=\"9\">\n<li>\n<p data-path-to-node=\"9,0,0\"><b data-path-to-node=\"9,0,0\" data-index-in-node=\"0\">T\u00e9rmica infrarroja de 1K:<\/b><span class=\"citation-16 citation-end-16\"> Im\u00e1genes t\u00e9rmicas de alta resoluci\u00f3n (1280\u00d71024) para p\u00e9rdida de calor o detecci\u00f3n de personas.<\/span><\/p>\n<\/li>\n<li>\n<p data-path-to-node=\"9,1,0\"><b data-path-to-node=\"9,1,0\" data-index-in-node=\"0\">Gran angular y zoom:<\/b><span class=\"citation-15 citation-end-15\"> Generalmente cuenta con una lente gran angular de 50 MP y una c\u00e1mara con zoom \u00f3ptico de 30x a 34x para inspecciones de cerca desde una distancia segura.<\/span><\/p>\n<\/li>\n<li>\n<p data-path-to-node=\"9,2,0\"><b data-path-to-node=\"9,2,0\" data-index-in-node=\"0\">Localizador Laser:<\/b> Capaz de medir distancias de hasta 1.500m.<\/p>\n<\/li>\n<\/ul>\n<h3 data-path-to-node=\"10\"><b data-path-to-node=\"10\" data-index-in-node=\"0\">\u00bfPor qu\u00e9 elegir el S400E?<\/b><\/h3>\n<p data-path-to-node=\"11\">El S400E est\u00e1 dise\u00f1ado para operadores que necesitan la potencia de un dron industrial grande pero la portabilidad de uno de tama\u00f1o dom\u00e9stico. <span class=\"citation-14 citation-end-14\">Cabe en una mochila est\u00e1ndar, pero lleva los mismos sensores que utilizan plataformas mucho m\u00e1s grandes.<\/span> <span class=\"citation-13 citation-end-13\">Su capacidad de \u201cintegrarse\u201d con otros drones a trav\u00e9s de redes de retransmisi\u00f3n lo convierte en la mejor opci\u00f3n para rescates en monta\u00f1a y proyectos de infraestructura complejos.<\/span><\/p>\n<h3 data-path-to-node=\"4\"><b data-path-to-node=\"4\" data-index-in-node=\"0\">Especificaciones t\u00e9cnicas<\/b><\/h3>\n<p><a href=\"https:\/\/www.ghostysky.com\/wp-content\/uploads\/2026\/02\/GH_S400E_main_prod_1-scaled.png\"><img fetchpriority=\"high\" decoding=\"async\" class=\"alignnone wp-image-24056 size-full lazyload\" src=\"datos:imagen\/gif;base64,R0lGODlhAQABAAAAACH5BAEKAAEALAAAAAABAAEAAAICTAEAOw==\" alt=\"\" width=\"2127\" height=\"2560\" sizes=\"(max-width: 2127px) 100vw, 2127px\" data-src=\"datos:imagen\/gif;base64,R0lGODlhAQABAAAAACH5BAEKAAEALAAAAAABAAEAAAICTAEAOw==\" data-srcset=\"\" srcset=\"\"><\/a><\/p>","protected":false},"excerpt":{"rendered":"<p><span class=\"citation-25\">El <\/span><b data-path-to-node=\"0\" data-index-in-node=\"4\"><span class=\"citation-25\">Unidad de distribuci\u00f3n global S400E<\/span><\/b><span class=\"citation-25 citation-end-25\"> es un cuadric\u00f3ptero industrial ligero insignia dise\u00f1ado para misiones de alto riesgo como inspecciones de l\u00edneas el\u00e9ctricas, extinci\u00f3n de incendios y seguridad p\u00fablica.<\/span> <span class=\"citation-24 citation-end-24\">Es m\u00e1s conocido por su dise\u00f1o \u201cmochilable\u201d combinado con un rendimiento resistente, con un impresionante tiempo de vuelo de 58 minutos y un vers\u00e1til sistema de carga \u00fatil dual.<\/span><\/p>","protected":false},"featured_media":24069,"comment_status":"open","ping_status":"closed","template":"","meta":[],"product_brand":[1369],"product_cat":[29,1363,1364,1359],"product_tag":[1375,1376,1371],"class_list":{"0":"post-24048","1":"product","2":"type-product","3":"status-publish","4":"has-post-thumbnail","6":"product_brand-gdu-tech","7":"product_cat-drones","8":"product_cat-gdu-s400-series","9":"product_cat-gdu-s400-series-drones","10":"product_cat-gdu-tech","11":"product_tag-gdu-s400-series","12":"product_tag-gdu-s400-series-drones","13":"product_tag-gdu-tech","15":"first","16":"outofstock","17":"taxable","18":"shipping-taxable","19":"purchasable","20":"product-type-simple"},"yoast_head":"<!-- This site is optimized with the Yoast SEO plugin v27.1.1 - https:\/\/yoast.com\/product\/yoast-seo-wordpress\/ -->\n<title>GDU S400E - Ghostysky<\/title>\n<meta name=\"description\" content=\"The GDU S400E is a flagship light-industrial quadcopter designed for high-stakes missions like power line inspections, firefighting, and public safety. It is best known for its &quot;backpackable&quot; design combined with heavy-duty performance, featuring an impressive 58-minute flight time and a versatile dual-payload system.\" \/>\n<meta name=\"robots\" content=\"index, follow, max-snippet:-1, max-image-preview:large, max-video-preview:-1\" \/>\n<link rel=\"canonical\" href=\"https:\/\/www.ghostysky.com\/es\/producto-2\/gdu-s400e\/\" \/>\n<meta property=\"og:locale\" content=\"es_ES\" \/>\n<meta property=\"og:type\" content=\"article\" \/>\n<meta property=\"og:title\" content=\"GDU S400E - Ghostysky\" \/>\n<meta property=\"og:description\" content=\"The GDU S400E is a flagship light-industrial quadcopter designed for high-stakes missions like power line inspections, firefighting, and public safety. It is best known for its &quot;backpackable&quot; design combined with heavy-duty performance, featuring an impressive 58-minute flight time and a versatile dual-payload system.\" \/>\n<meta property=\"og:url\" content=\"https:\/\/www.ghostysky.com\/es\/producto-2\/gdu-s400e\/\" \/>\n<meta property=\"og:site_name\" content=\"Ghostysky\" \/>\n<meta property=\"article:publisher\" content=\"https:\/\/www.facebook.com\/people\/Ghostysky\/100057676170234\/\" \/>\n<meta property=\"article:modified_time\" content=\"2026-02-08T10:13:53+00:00\" \/>\n<meta property=\"og:image\" content=\"https:\/\/www.ghostysky.com\/wp-content\/uploads\/2026\/02\/GH_GDUS400E_1.webp\" \/>\n\t<meta property=\"og:image:width\" content=\"1200\" \/>\n\t<meta property=\"og:image:height\" content=\"1200\" \/>\n\t<meta property=\"og:image:type\" content=\"image\/webp\" \/>\n<meta name=\"twitter:card\" content=\"summary_large_image\" \/>\n<meta name=\"twitter:site\" content=\"@Gh0stysky\" \/>\n<meta name=\"twitter:label1\" content=\"Tiempo de lectura\" \/>\n\t<meta name=\"twitter:data1\" content=\"2 minutos\" \/>\n<script type=\"application\/ld+json\" class=\"yoast-schema-graph\">{\"@context\":\"https:\/\/schema.org\",\"@graph\":[{\"@type\":\"WebPage\",\"@id\":\"https:\/\/www.ghostysky.com\/product\/gdu-s400e\/\",\"url\":\"https:\/\/www.ghostysky.com\/product\/gdu-s400e\/\",\"name\":\"GDU S400E - Ghostysky\",\"isPartOf\":{\"@id\":\"https:\/\/www.ghostysky.com\/#website\"},\"primaryImageOfPage\":{\"@id\":\"https:\/\/www.ghostysky.com\/product\/gdu-s400e\/#primaryimage\"},\"image\":{\"@id\":\"https:\/\/www.ghostysky.com\/product\/gdu-s400e\/#primaryimage\"},\"thumbnailUrl\":\"https:\/\/www.ghostysky.com\/wp-content\/uploads\/2026\/02\/GH_GDUS400E_1.webp\",\"datePublished\":\"2026-02-06T16:30:04+00:00\",\"dateModified\":\"2026-02-08T10:13:53+00:00\",\"description\":\"The GDU S400E is a flagship light-industrial quadcopter designed for high-stakes missions like power line inspections, firefighting, and public safety. It is best known for its \\\"backpackable\\\" design combined with heavy-duty performance, featuring an impressive 58-minute flight time and a versatile dual-payload system.\",\"breadcrumb\":{\"@id\":\"https:\/\/www.ghostysky.com\/product\/gdu-s400e\/#breadcrumb\"},\"inLanguage\":\"es\",\"potentialAction\":[{\"@type\":\"ReadAction\",\"target\":[\"https:\/\/www.ghostysky.com\/product\/gdu-s400e\/\"]}]},{\"@type\":\"ImageObject\",\"inLanguage\":\"es\",\"@id\":\"https:\/\/www.ghostysky.com\/product\/gdu-s400e\/#primaryimage\",\"url\":\"https:\/\/www.ghostysky.com\/wp-content\/uploads\/2026\/02\/GH_GDUS400E_1.webp\",\"contentUrl\":\"https:\/\/www.ghostysky.com\/wp-content\/uploads\/2026\/02\/GH_GDUS400E_1.webp\",\"width\":1200,\"height\":1200},{\"@type\":\"BreadcrumbList\",\"@id\":\"https:\/\/www.ghostysky.com\/product\/gdu-s400e\/#breadcrumb\",\"itemListElement\":[{\"@type\":\"ListItem\",\"position\":1,\"name\":\"Home\",\"item\":\"https:\/\/www.ghostysky.com\/\"},{\"@type\":\"ListItem\",\"position\":2,\"name\":\"Shop\",\"item\":\"https:\/\/www.ghostysky.com\/shop\/\"},{\"@type\":\"ListItem\",\"position\":3,\"name\":\"GDU S400E\"}]},{\"@type\":\"WebSite\",\"@id\":\"https:\/\/www.ghostysky.com\/#website\",\"url\":\"https:\/\/www.ghostysky.com\/\",\"name\":\"Ghostysky\",\"description\":\"Delivering professional drones and services\",\"publisher\":{\"@id\":\"https:\/\/www.ghostysky.com\/#organization\"},\"potentialAction\":[{\"@type\":\"SearchAction\",\"target\":{\"@type\":\"EntryPoint\",\"urlTemplate\":\"https:\/\/www.ghostysky.com\/?s={search_term_string}\"},\"query-input\":{\"@type\":\"PropertyValueSpecification\",\"valueRequired\":true,\"valueName\":\"search_term_string\"}}],\"inLanguage\":\"es\"},{\"@type\":\"Organization\",\"@id\":\"https:\/\/www.ghostysky.com\/#organization\",\"name\":\"Ghostysky\",\"url\":\"https:\/\/www.ghostysky.com\/\",\"logo\":{\"@type\":\"ImageObject\",\"inLanguage\":\"es\",\"@id\":\"https:\/\/www.ghostysky.com\/#\/schema\/logo\/image\/\",\"url\":\"https:\/\/www.ghostysky.com\/wp-content\/uploads\/2020\/06\/cropped-ghostyskylogo_text_white2.png\",\"contentUrl\":\"https:\/\/www.ghostysky.com\/wp-content\/uploads\/2020\/06\/cropped-ghostyskylogo_text_white2.png\",\"width\":169,\"height\":56,\"caption\":\"Ghostysky\"},\"image\":{\"@id\":\"https:\/\/www.ghostysky.com\/#\/schema\/logo\/image\/\"},\"sameAs\":[\"https:\/\/www.facebook.com\/people\/Ghostysky\/100057676170234\/\",\"https:\/\/x.com\/Gh0stysky\",\"https:\/\/www.linkedin.com\/company\/34739653\",\"https:\/\/www.instagram.com\/gh0stysky\"]}]}<\/script>\n<!-- \/ Yoast SEO plugin. -->","yoast_head_json":{"title":"GDU S400E - Ghostysky","description":"El GDU S400E es un cuadric\u00f3ptero insignia para la industria ligera, dise\u00f1ado para misiones de alto riesgo como inspecciones de l\u00edneas el\u00e9ctricas, extinci\u00f3n de incendios y seguridad p\u00fablica. Es conocido por su dise\u00f1o &quot;mochilable&quot; combinado con un rendimiento de alta resistencia, con una impresionante autonom\u00eda de vuelo de 58 minutos y un vers\u00e1til sistema de doble carga \u00fatil.","robots":{"index":"index","follow":"follow","max-snippet":"max-snippet:-1","max-image-preview":"max-image-preview:large","max-video-preview":"max-video-preview:-1"},"canonical":"https:\/\/www.ghostysky.com\/es\/producto-2\/gdu-s400e\/","og_locale":"es_ES","og_type":"article","og_title":"GDU S400E - Ghostysky","og_description":"The GDU S400E is a flagship light-industrial quadcopter designed for high-stakes missions like power line inspections, firefighting, and public safety. It is best known for its \"backpackable\" design combined with heavy-duty performance, featuring an impressive 58-minute flight time and a versatile dual-payload system.","og_url":"https:\/\/www.ghostysky.com\/es\/producto-2\/gdu-s400e\/","og_site_name":"Ghostysky","article_publisher":"https:\/\/www.facebook.com\/people\/Ghostysky\/100057676170234\/","article_modified_time":"2026-02-08T10:13:53+00:00","og_image":[{"width":1200,"height":1200,"url":"https:\/\/www.ghostysky.com\/wp-content\/uploads\/2026\/02\/GH_GDUS400E_1.webp","type":"image\/webp"}],"twitter_card":"summary_large_image","twitter_site":"@Gh0stysky","twitter_misc":{"Tiempo de lectura":"2 minutos"},"schema":{"@context":"https:\/\/schema.org","@graph":[{"@type":"WebPage","@id":"https:\/\/www.ghostysky.com\/product\/gdu-s400e\/","url":"https:\/\/www.ghostysky.com\/product\/gdu-s400e\/","name":"GDU S400E - Ghostysky","isPartOf":{"@id":"https:\/\/www.ghostysky.com\/#website"},"primaryImageOfPage":{"@id":"https:\/\/www.ghostysky.com\/product\/gdu-s400e\/#primaryimage"},"image":{"@id":"https:\/\/www.ghostysky.com\/product\/gdu-s400e\/#primaryimage"},"thumbnailUrl":"https:\/\/www.ghostysky.com\/wp-content\/uploads\/2026\/02\/GH_GDUS400E_1.webp","datePublished":"2026-02-06T16:30:04+00:00","dateModified":"2026-02-08T10:13:53+00:00","description":"El GDU S400E es un cuadric\u00f3ptero insignia para la industria ligera, dise\u00f1ado para misiones de alto riesgo como inspecciones de l\u00edneas el\u00e9ctricas, extinci\u00f3n de incendios y seguridad p\u00fablica. Es conocido por su dise\u00f1o &quot;mochilable&quot; combinado con un rendimiento de alta resistencia, con una impresionante autonom\u00eda de vuelo de 58 minutos y un vers\u00e1til sistema de doble carga \u00fatil.","breadcrumb":{"@id":"https:\/\/www.ghostysky.com\/product\/gdu-s400e\/#breadcrumb"},"inLanguage":"es","potentialAction":[{"@type":"ReadAction","target":["https:\/\/www.ghostysky.com\/product\/gdu-s400e\/"]}]},{"@type":"ImageObject","inLanguage":"es","@id":"https:\/\/www.ghostysky.com\/product\/gdu-s400e\/#primaryimage","url":"https:\/\/www.ghostysky.com\/wp-content\/uploads\/2026\/02\/GH_GDUS400E_1.webp","contentUrl":"https:\/\/www.ghostysky.com\/wp-content\/uploads\/2026\/02\/GH_GDUS400E_1.webp","width":1200,"height":1200},{"@type":"BreadcrumbList","@id":"https:\/\/www.ghostysky.com\/product\/gdu-s400e\/#breadcrumb","itemListElement":[{"@type":"ListItem","position":1,"name":"Home","item":"https:\/\/www.ghostysky.com\/"},{"@type":"ListItem","position":2,"name":"Shop","item":"https:\/\/www.ghostysky.com\/shop\/"},{"@type":"ListItem","position":3,"name":"GDU S400E"}]},{"@type":"WebSite","@id":"https:\/\/www.ghostysky.com\/#website","url":"https:\/\/www.ghostysky.com\/","name":"Ghostysky","description":"Entrega de drones y servicios profesionales","publisher":{"@id":"https:\/\/www.ghostysky.com\/#organization"},"potentialAction":[{"@type":"SearchAction","target":{"@type":"EntryPoint","urlTemplate":"https:\/\/www.ghostysky.com\/?s={search_term_string}"},"query-input":{"@type":"PropertyValueSpecification","valueRequired":true,"valueName":"search_term_string"}}],"inLanguage":"es"},{"@type":"Organization","@id":"https:\/\/www.ghostysky.com\/#organization","name":"Ghostysky","url":"https:\/\/www.ghostysky.com\/","logo":{"@type":"ImageObject","inLanguage":"es","@id":"https:\/\/www.ghostysky.com\/#\/schema\/logo\/image\/","url":"https:\/\/www.ghostysky.com\/wp-content\/uploads\/2020\/06\/cropped-ghostyskylogo_text_white2.png","contentUrl":"https:\/\/www.ghostysky.com\/wp-content\/uploads\/2020\/06\/cropped-ghostyskylogo_text_white2.png","width":169,"height":56,"caption":"Ghostysky"},"image":{"@id":"https:\/\/www.ghostysky.com\/#\/schema\/logo\/image\/"},"sameAs":["https:\/\/www.facebook.com\/people\/Ghostysky\/100057676170234\/","https:\/\/x.com\/Gh0stysky","https:\/\/www.linkedin.com\/company\/34739653","https:\/\/www.instagram.com\/gh0stysky"]}]}},"_links":{"self":[{"href":"https:\/\/www.ghostysky.com\/es\/wp-json\/wp\/v2\/product\/24048","targetHints":{"allow":["GET"]}}],"collection":[{"href":"https:\/\/www.ghostysky.com\/es\/wp-json\/wp\/v2\/product"}],"about":[{"href":"https:\/\/www.ghostysky.com\/es\/wp-json\/wp\/v2\/types\/product"}],"replies":[{"embeddable":true,"href":"https:\/\/www.ghostysky.com\/es\/wp-json\/wp\/v2\/comments?post=24048"}],"wp:featuredmedia":[{"embeddable":true,"href":"https:\/\/www.ghostysky.com\/es\/wp-json\/wp\/v2\/media\/24069"}],"wp:attachment":[{"href":"https:\/\/www.ghostysky.com\/es\/wp-json\/wp\/v2\/media?parent=24048"}],"wp:term":[{"taxonomy":"product_brand","embeddable":true,"href":"https:\/\/www.ghostysky.com\/es\/wp-json\/wp\/v2\/product_brand?post=24048"},{"taxonomy":"product_cat","embeddable":true,"href":"https:\/\/www.ghostysky.com\/es\/wp-json\/wp\/v2\/product_cat?post=24048"},{"taxonomy":"product_tag","embeddable":true,"href":"https:\/\/www.ghostysky.com\/es\/wp-json\/wp\/v2\/product_tag?post=24048"}],"curies":[{"name":"wp","href":"https:\/\/api.w.org\/{rel}","templated":true}]}}