{"id":24073,"date":"2026-02-06T16:57:32","date_gmt":"2026-02-06T16:57:32","guid":{"rendered":"https:\/\/www.ghostysky.com\/?post_type=product&#038;p=24073"},"modified":"2026-02-06T17:07:53","modified_gmt":"2026-02-06T17:07:53","slug":"gdu-s400-smart-remote-controller","status":"publish","type":"product","link":"https:\/\/www.ghostysky.com\/es\/product\/gdu-s400-smart-remote-controller\/","title":{"rendered":"Control remoto inteligente para GDU S400"},"content":{"rendered":"<h3 data-path-to-node=\"2\">Caracter\u00edsticas y capacidades clave<\/h3>\n<ul data-path-to-node=\"3\">\n<li>\n<p data-path-to-node=\"3,0,0\"><b data-path-to-node=\"3,0,0\" data-index-in-node=\"0\"><span class=\"citation-42\">Pantalla integrada de alto brillo:<\/span><\/b><span class=\"citation-42 citation-end-42\"> Cuenta con una pantalla incorporada ultrabrillante (normalmente de 7 pulgadas) dise\u00f1ada para ser visible bajo la luz solar directa.<\/span> Ya no es necesario forzar la vista ni utilizar parasoles voluminosos para las operaciones de campo.<\/p>\n<\/li>\n<li>\n<p data-path-to-node=\"3,1,0\"><b data-path-to-node=\"3,1,0\" data-index-in-node=\"0\">Transmisi\u00f3n de doble banda:<\/b> Utiliza tecnolog\u00eda avanzada de salto de frecuencia para mantener una transmisi\u00f3n de video HD estable y de baja latencia incluso en entornos con fuerte interferencia electromagn\u00e9tica.<\/p>\n<\/li>\n<li>\n<p data-path-to-node=\"3,2,0\"><b data-path-to-node=\"3,2,0\" data-index-in-node=\"0\">Dise\u00f1o robusto:<\/b> Construido con un <b data-path-to-node=\"3,2,0\" data-index-in-node=\"33\">Clasificaci\u00f3n IP45<\/b>Es resistente al polvo y a la lluvia ligera, lo que garantiza que su misi\u00f3n no se detenga solo porque el clima cambia.<\/p>\n<\/li>\n<li>\n<p data-path-to-node=\"3,3,0\"><b data-path-to-node=\"3,3,0\" data-index-in-node=\"0\"><span class=\"citation-41\">Duraci\u00f3n prolongada de la bater\u00eda:<\/span><\/b><span class=\"citation-41 citation-end-41\"> Equipado con bater\u00edas internas de alta capacidad y soporte para expansi\u00f3n externa, lo que permite un funcionamiento continuo durante inspecciones de larga duraci\u00f3n o misiones de b\u00fasqueda y rescate.<\/span><\/p>\n<\/li>\n<li>\n<p data-path-to-node=\"3,4,0\"><b data-path-to-node=\"3,4,0\" data-index-in-node=\"0\">Controles personalizables:<\/b> Incluye joysticks de nivel profesional y m\u00faltiples botones programables, lo que permite a los pilotos mapear movimientos espec\u00edficos del card\u00e1n o configuraciones de la c\u00e1mara para un flujo de trabajo personalizado.<\/p>\n<\/li>\n<\/ul>\n<h3 data-path-to-node=\"5\">Especificaciones t\u00e9cnicas<\/h3>\n<table data-path-to-node=\"6\">\n<thead>\n<tr>\n<td><strong>Caracter\u00edstica<\/strong><\/td>\n<td><strong>Especificaci\u00f3n<\/strong><\/td>\n<\/tr>\n<\/thead>\n<tbody>\n<tr>\n<td><span data-path-to-node=\"6,1,0,0\"><b data-path-to-node=\"6,1,0,0\" data-index-in-node=\"0\">Frecuencia de operaci\u00f3n<\/b><\/span><\/td>\n<td><span data-path-to-node=\"6,1,1,0\">2,400 \u2013 2,4835 GHz \/ 5,725 \u2013 5,850 GHz<\/span><\/td>\n<\/tr>\n<tr>\n<td><span data-path-to-node=\"6,2,0,0\"><b data-path-to-node=\"6,2,0,0\" data-index-in-node=\"0\">Distancia m\u00e1xima de transmisi\u00f3n<\/b><\/span><\/td>\n<td><span data-path-to-node=\"6,2,1,0\">Hasta 15 km (sin obst\u00e1culos ni interferencias)<\/span><\/td>\n<\/tr>\n<tr>\n<td><span data-path-to-node=\"6,3,0,0\"><b data-path-to-node=\"6,3,0,0\" data-index-in-node=\"0\">Resoluci\u00f3n de pantalla<\/b><\/span><\/td>\n<td><span data-path-to-node=\"6,3,1,0\">1920 x 1200<\/span><\/td>\n<\/tr>\n<tr>\n<td><span data-path-to-node=\"6,4,0,0\"><b data-path-to-node=\"6,4,0,0\" data-index-in-node=\"0\">Temperatura de funcionamiento<\/b><\/span><\/td>\n<td><span data-path-to-node=\"6,4,1,0\">-20\u00b0C a 50\u00b0C<\/span><\/td>\n<\/tr>\n<tr>\n<td><span data-path-to-node=\"6,5,0,0\"><b data-path-to-node=\"6,5,0,0\" data-index-in-node=\"0\">Puertos de salida<\/b><\/span><\/td>\n<td><span data-path-to-node=\"6,5,1,0\">HDMI, USB-A, USB-C<\/span><\/td>\n<\/tr>\n<\/tbody>\n<\/table>\n<p>&nbsp;<\/p>\n<h3 data-path-to-node=\"8\">Por qu\u00e9 se destaca<\/h3>\n<p data-path-to-node=\"9\">A diferencia de los controladores de consumo est\u00e1ndar, el control remoto inteligente S400 es un verdadero <b data-path-to-node=\"9\" data-index-in-node=\"70\">herramienta empresarial<\/b>Admite la colaboraci\u00f3n multiusuario (Modo de Control Dual) y cuenta con una arquitectura abierta que se integra a la perfecci\u00f3n con la plataforma de vuelo de GDU. Ya sea que realice inspecciones de l\u00edneas el\u00e9ctricas o vigilancia t\u00e1ctica, proporciona la retroalimentaci\u00f3n t\u00e1ctil y la claridad visual necesarias para maniobras de alto riesgo.<\/p>","protected":false},"excerpt":{"rendered":"<p>El <b data-path-to-node=\"0\" data-index-in-node=\"4\">Control remoto inteligente para GDU S400<\/b> Es una estaci\u00f3n terrestre de alto rendimiento dise\u00f1ada para pilotos profesionales de drones que requieren precisi\u00f3n, durabilidad y un amplio alcance. Dise\u00f1ado espec\u00edficamente para complementar el dron empresarial GDU S400, este controlador facilita la gesti\u00f3n de datos industriales complejos y un control de vuelo intuitivo.<\/p>","protected":false},"featured_media":24079,"comment_status":"open","ping_status":"closed","template":"","meta":[],"product_brand":[1369],"product_cat":[29,1363,1365,1359],"product_tag":[1375,1377,1371],"class_list":{"0":"post-24073","1":"product","2":"type-product","3":"status-publish","4":"has-post-thumbnail","6":"product_brand-gdu-tech","7":"product_cat-drones","8":"product_cat-gdu-s400-series","9":"product_cat-gdu-s400-series-accessories","10":"product_cat-gdu-tech","11":"product_tag-gdu-s400-series","12":"product_tag-gdu-s400-series-accessories","13":"product_tag-gdu-tech","15":"first","16":"outofstock","17":"taxable","18":"shipping-taxable","19":"purchasable","20":"product-type-simple"},"yoast_head":"<!-- This site is optimized with the Yoast SEO plugin v27.1.1 - https:\/\/yoast.com\/product\/yoast-seo-wordpress\/ -->\n<title>GDU S400 Smart Remote Controller - Ghostysky<\/title>\n<meta name=\"description\" content=\"The GDU S400 Smart Remote Controller is a high-performance ground station designed for professional drone pilots who require precision, durability, and a massive range. Built specifically to complement the GDU S400 enterprise drone, this controller bridges the gap between complex industrial data and intuitive flight control.\" \/>\n<meta name=\"robots\" content=\"index, follow, max-snippet:-1, max-image-preview:large, max-video-preview:-1\" \/>\n<link rel=\"canonical\" href=\"https:\/\/www.ghostysky.com\/es\/producto-2\/gdu-s400-smart-remote-controller\/\" \/>\n<meta property=\"og:locale\" content=\"es_ES\" \/>\n<meta property=\"og:type\" content=\"article\" \/>\n<meta property=\"og:title\" content=\"GDU S400 Smart Remote Controller - Ghostysky\" \/>\n<meta property=\"og:description\" content=\"The GDU S400 Smart Remote Controller is a high-performance ground station designed for professional drone pilots who require precision, durability, and a massive range. Built specifically to complement the GDU S400 enterprise drone, this controller bridges the gap between complex industrial data and intuitive flight control.\" \/>\n<meta property=\"og:url\" content=\"https:\/\/www.ghostysky.com\/es\/producto-2\/gdu-s400-smart-remote-controller\/\" \/>\n<meta property=\"og:site_name\" content=\"Ghostysky\" \/>\n<meta property=\"article:publisher\" content=\"https:\/\/www.facebook.com\/people\/Ghostysky\/100057676170234\/\" \/>\n<meta property=\"article:modified_time\" content=\"2026-02-06T17:07:53+00:00\" \/>\n<meta property=\"og:image\" content=\"https:\/\/www.ghostysky.com\/wp-content\/uploads\/2026\/02\/GH_GDU-S400-Smart-Remote-Controller_1.webp\" \/>\n\t<meta property=\"og:image:width\" content=\"1200\" \/>\n\t<meta property=\"og:image:height\" content=\"1200\" \/>\n\t<meta property=\"og:image:type\" content=\"image\/webp\" \/>\n<meta name=\"twitter:card\" content=\"summary_large_image\" \/>\n<meta name=\"twitter:site\" content=\"@Gh0stysky\" \/>\n<meta name=\"twitter:label1\" content=\"Tiempo de lectura\" \/>\n\t<meta name=\"twitter:data1\" content=\"2 minutos\" \/>\n<script type=\"application\/ld+json\" class=\"yoast-schema-graph\">{\"@context\":\"https:\/\/schema.org\",\"@graph\":[{\"@type\":\"WebPage\",\"@id\":\"https:\/\/www.ghostysky.com\/product\/gdu-s400-smart-remote-controller\/\",\"url\":\"https:\/\/www.ghostysky.com\/product\/gdu-s400-smart-remote-controller\/\",\"name\":\"GDU S400 Smart Remote Controller - Ghostysky\",\"isPartOf\":{\"@id\":\"https:\/\/www.ghostysky.com\/#website\"},\"primaryImageOfPage\":{\"@id\":\"https:\/\/www.ghostysky.com\/product\/gdu-s400-smart-remote-controller\/#primaryimage\"},\"image\":{\"@id\":\"https:\/\/www.ghostysky.com\/product\/gdu-s400-smart-remote-controller\/#primaryimage\"},\"thumbnailUrl\":\"https:\/\/www.ghostysky.com\/wp-content\/uploads\/2026\/02\/GH_GDU-S400-Smart-Remote-Controller_1.webp\",\"datePublished\":\"2026-02-06T16:57:32+00:00\",\"dateModified\":\"2026-02-06T17:07:53+00:00\",\"description\":\"The GDU S400 Smart Remote Controller is a high-performance ground station designed for professional drone pilots who require precision, durability, and a massive range. Built specifically to complement the GDU S400 enterprise drone, this controller bridges the gap between complex industrial data and intuitive flight control.\",\"breadcrumb\":{\"@id\":\"https:\/\/www.ghostysky.com\/product\/gdu-s400-smart-remote-controller\/#breadcrumb\"},\"inLanguage\":\"es\",\"potentialAction\":[{\"@type\":\"ReadAction\",\"target\":[\"https:\/\/www.ghostysky.com\/product\/gdu-s400-smart-remote-controller\/\"]}]},{\"@type\":\"ImageObject\",\"inLanguage\":\"es\",\"@id\":\"https:\/\/www.ghostysky.com\/product\/gdu-s400-smart-remote-controller\/#primaryimage\",\"url\":\"https:\/\/www.ghostysky.com\/wp-content\/uploads\/2026\/02\/GH_GDU-S400-Smart-Remote-Controller_1.webp\",\"contentUrl\":\"https:\/\/www.ghostysky.com\/wp-content\/uploads\/2026\/02\/GH_GDU-S400-Smart-Remote-Controller_1.webp\",\"width\":1200,\"height\":1200},{\"@type\":\"BreadcrumbList\",\"@id\":\"https:\/\/www.ghostysky.com\/product\/gdu-s400-smart-remote-controller\/#breadcrumb\",\"itemListElement\":[{\"@type\":\"ListItem\",\"position\":1,\"name\":\"Home\",\"item\":\"https:\/\/www.ghostysky.com\/\"},{\"@type\":\"ListItem\",\"position\":2,\"name\":\"Shop\",\"item\":\"https:\/\/www.ghostysky.com\/shop\/\"},{\"@type\":\"ListItem\",\"position\":3,\"name\":\"GDU S400 Smart Remote Controller\"}]},{\"@type\":\"WebSite\",\"@id\":\"https:\/\/www.ghostysky.com\/#website\",\"url\":\"https:\/\/www.ghostysky.com\/\",\"name\":\"Ghostysky\",\"description\":\"Delivering professional drones and services\",\"publisher\":{\"@id\":\"https:\/\/www.ghostysky.com\/#organization\"},\"potentialAction\":[{\"@type\":\"SearchAction\",\"target\":{\"@type\":\"EntryPoint\",\"urlTemplate\":\"https:\/\/www.ghostysky.com\/?s={search_term_string}\"},\"query-input\":{\"@type\":\"PropertyValueSpecification\",\"valueRequired\":true,\"valueName\":\"search_term_string\"}}],\"inLanguage\":\"es\"},{\"@type\":\"Organization\",\"@id\":\"https:\/\/www.ghostysky.com\/#organization\",\"name\":\"Ghostysky\",\"url\":\"https:\/\/www.ghostysky.com\/\",\"logo\":{\"@type\":\"ImageObject\",\"inLanguage\":\"es\",\"@id\":\"https:\/\/www.ghostysky.com\/#\/schema\/logo\/image\/\",\"url\":\"https:\/\/www.ghostysky.com\/wp-content\/uploads\/2020\/06\/cropped-ghostyskylogo_text_white2.png\",\"contentUrl\":\"https:\/\/www.ghostysky.com\/wp-content\/uploads\/2020\/06\/cropped-ghostyskylogo_text_white2.png\",\"width\":169,\"height\":56,\"caption\":\"Ghostysky\"},\"image\":{\"@id\":\"https:\/\/www.ghostysky.com\/#\/schema\/logo\/image\/\"},\"sameAs\":[\"https:\/\/www.facebook.com\/people\/Ghostysky\/100057676170234\/\",\"https:\/\/x.com\/Gh0stysky\",\"https:\/\/www.linkedin.com\/company\/34739653\",\"https:\/\/www.instagram.com\/gh0stysky\"]}]}<\/script>\n<!-- \/ Yoast SEO plugin. -->","yoast_head_json":{"title":"Control remoto inteligente GDU S400 - Ghostysky","description":"El control remoto inteligente GDU S400 es una estaci\u00f3n terrestre de alto rendimiento dise\u00f1ada para pilotos de drones profesionales que requieren precisi\u00f3n, durabilidad y un amplio alcance. Dise\u00f1ado espec\u00edficamente para complementar el dron empresarial GDU S400, este controlador facilita el manejo de datos industriales complejos y un control de vuelo intuitivo.","robots":{"index":"index","follow":"follow","max-snippet":"max-snippet:-1","max-image-preview":"max-image-preview:large","max-video-preview":"max-video-preview:-1"},"canonical":"https:\/\/www.ghostysky.com\/es\/producto-2\/gdu-s400-smart-remote-controller\/","og_locale":"es_ES","og_type":"article","og_title":"GDU S400 Smart Remote Controller - Ghostysky","og_description":"The GDU S400 Smart Remote Controller is a high-performance ground station designed for professional drone pilots who require precision, durability, and a massive range. Built specifically to complement the GDU S400 enterprise drone, this controller bridges the gap between complex industrial data and intuitive flight control.","og_url":"https:\/\/www.ghostysky.com\/es\/producto-2\/gdu-s400-smart-remote-controller\/","og_site_name":"Ghostysky","article_publisher":"https:\/\/www.facebook.com\/people\/Ghostysky\/100057676170234\/","article_modified_time":"2026-02-06T17:07:53+00:00","og_image":[{"width":1200,"height":1200,"url":"https:\/\/www.ghostysky.com\/wp-content\/uploads\/2026\/02\/GH_GDU-S400-Smart-Remote-Controller_1.webp","type":"image\/webp"}],"twitter_card":"summary_large_image","twitter_site":"@Gh0stysky","twitter_misc":{"Tiempo de lectura":"2 minutos"},"schema":{"@context":"https:\/\/schema.org","@graph":[{"@type":"WebPage","@id":"https:\/\/www.ghostysky.com\/product\/gdu-s400-smart-remote-controller\/","url":"https:\/\/www.ghostysky.com\/product\/gdu-s400-smart-remote-controller\/","name":"Control remoto inteligente GDU S400 - Ghostysky","isPartOf":{"@id":"https:\/\/www.ghostysky.com\/#website"},"primaryImageOfPage":{"@id":"https:\/\/www.ghostysky.com\/product\/gdu-s400-smart-remote-controller\/#primaryimage"},"image":{"@id":"https:\/\/www.ghostysky.com\/product\/gdu-s400-smart-remote-controller\/#primaryimage"},"thumbnailUrl":"https:\/\/www.ghostysky.com\/wp-content\/uploads\/2026\/02\/GH_GDU-S400-Smart-Remote-Controller_1.webp","datePublished":"2026-02-06T16:57:32+00:00","dateModified":"2026-02-06T17:07:53+00:00","description":"El control remoto inteligente GDU S400 es una estaci\u00f3n terrestre de alto rendimiento dise\u00f1ada para pilotos de drones profesionales que requieren precisi\u00f3n, durabilidad y un amplio alcance. Dise\u00f1ado espec\u00edficamente para complementar el dron empresarial GDU S400, este controlador facilita el manejo de datos industriales complejos y un control de vuelo intuitivo.","breadcrumb":{"@id":"https:\/\/www.ghostysky.com\/product\/gdu-s400-smart-remote-controller\/#breadcrumb"},"inLanguage":"es","potentialAction":[{"@type":"ReadAction","target":["https:\/\/www.ghostysky.com\/product\/gdu-s400-smart-remote-controller\/"]}]},{"@type":"ImageObject","inLanguage":"es","@id":"https:\/\/www.ghostysky.com\/product\/gdu-s400-smart-remote-controller\/#primaryimage","url":"https:\/\/www.ghostysky.com\/wp-content\/uploads\/2026\/02\/GH_GDU-S400-Smart-Remote-Controller_1.webp","contentUrl":"https:\/\/www.ghostysky.com\/wp-content\/uploads\/2026\/02\/GH_GDU-S400-Smart-Remote-Controller_1.webp","width":1200,"height":1200},{"@type":"BreadcrumbList","@id":"https:\/\/www.ghostysky.com\/product\/gdu-s400-smart-remote-controller\/#breadcrumb","itemListElement":[{"@type":"ListItem","position":1,"name":"Home","item":"https:\/\/www.ghostysky.com\/"},{"@type":"ListItem","position":2,"name":"Shop","item":"https:\/\/www.ghostysky.com\/shop\/"},{"@type":"ListItem","position":3,"name":"GDU S400 Smart Remote Controller"}]},{"@type":"WebSite","@id":"https:\/\/www.ghostysky.com\/#website","url":"https:\/\/www.ghostysky.com\/","name":"Ghostysky","description":"Entrega de drones y servicios profesionales","publisher":{"@id":"https:\/\/www.ghostysky.com\/#organization"},"potentialAction":[{"@type":"SearchAction","target":{"@type":"EntryPoint","urlTemplate":"https:\/\/www.ghostysky.com\/?s={search_term_string}"},"query-input":{"@type":"PropertyValueSpecification","valueRequired":true,"valueName":"search_term_string"}}],"inLanguage":"es"},{"@type":"Organization","@id":"https:\/\/www.ghostysky.com\/#organization","name":"Ghostysky","url":"https:\/\/www.ghostysky.com\/","logo":{"@type":"ImageObject","inLanguage":"es","@id":"https:\/\/www.ghostysky.com\/#\/schema\/logo\/image\/","url":"https:\/\/www.ghostysky.com\/wp-content\/uploads\/2020\/06\/cropped-ghostyskylogo_text_white2.png","contentUrl":"https:\/\/www.ghostysky.com\/wp-content\/uploads\/2020\/06\/cropped-ghostyskylogo_text_white2.png","width":169,"height":56,"caption":"Ghostysky"},"image":{"@id":"https:\/\/www.ghostysky.com\/#\/schema\/logo\/image\/"},"sameAs":["https:\/\/www.facebook.com\/people\/Ghostysky\/100057676170234\/","https:\/\/x.com\/Gh0stysky","https:\/\/www.linkedin.com\/company\/34739653","https:\/\/www.instagram.com\/gh0stysky"]}]}},"_links":{"self":[{"href":"https:\/\/www.ghostysky.com\/es\/wp-json\/wp\/v2\/product\/24073","targetHints":{"allow":["GET"]}}],"collection":[{"href":"https:\/\/www.ghostysky.com\/es\/wp-json\/wp\/v2\/product"}],"about":[{"href":"https:\/\/www.ghostysky.com\/es\/wp-json\/wp\/v2\/types\/product"}],"replies":[{"embeddable":true,"href":"https:\/\/www.ghostysky.com\/es\/wp-json\/wp\/v2\/comments?post=24073"}],"wp:featuredmedia":[{"embeddable":true,"href":"https:\/\/www.ghostysky.com\/es\/wp-json\/wp\/v2\/media\/24079"}],"wp:attachment":[{"href":"https:\/\/www.ghostysky.com\/es\/wp-json\/wp\/v2\/media?parent=24073"}],"wp:term":[{"taxonomy":"product_brand","embeddable":true,"href":"https:\/\/www.ghostysky.com\/es\/wp-json\/wp\/v2\/product_brand?post=24073"},{"taxonomy":"product_cat","embeddable":true,"href":"https:\/\/www.ghostysky.com\/es\/wp-json\/wp\/v2\/product_cat?post=24073"},{"taxonomy":"product_tag","embeddable":true,"href":"https:\/\/www.ghostysky.com\/es\/wp-json\/wp\/v2\/product_tag?post=24073"}],"curies":[{"name":"wp","href":"https:\/\/api.w.org\/{rel}","templated":true}]}}