{"id":24080,"date":"2026-02-06T17:04:09","date_gmt":"2026-02-06T17:04:09","guid":{"rendered":"https:\/\/www.ghostysky.com\/?post_type=product&#038;p=24080"},"modified":"2026-02-08T10:54:49","modified_gmt":"2026-02-08T10:54:49","slug":"gdu-s400-pvl-8k-gimbal-camera","status":"publish","type":"product","link":"https:\/\/www.ghostysky.com\/es\/product\/gdu-s400-pvl-8k-gimbal-camera\/","title":{"rendered":"GDU S400 PVL-8K C\u00e1mara con card\u00e1n"},"content":{"rendered":"<h3 data-path-to-node=\"2\">Caracter\u00edsticas y capacidades clave<\/h3>\n<ul data-path-to-node=\"3\">\n<li>\n<p data-path-to-node=\"3,0,0\"><b data-path-to-node=\"3,0,0\" data-index-in-node=\"0\">Resoluci\u00f3n Ultra HD 8K:<\/b> Captura cada detalle con un sensor 8K que ofrece un incre\u00edble potencial de zoom sin perder nitidez de imagen. Esto es esencial para identificar grietas finas en puentes o leer n\u00fameros de serie en aisladores de l\u00edneas el\u00e9ctricas.<\/p>\n<\/li>\n<li>\n<p data-path-to-node=\"3,1,0\"><b data-path-to-node=\"3,1,0\" data-index-in-node=\"0\">Tel\u00e9metro l\u00e1ser integrado:<\/b> Mida distancias con precisi\u00f3n desde el aire. Esta funci\u00f3n permite el posicionamiento preciso de objetivos y la recopilaci\u00f3n de datos espaciales, lo que la convierte en una potente herramienta para topograf\u00eda y cartograf\u00eda t\u00e1ctica.<\/p>\n<\/li>\n<li>\n<p data-path-to-node=\"3,2,0\"><b data-path-to-node=\"3,2,0\" data-index-in-node=\"0\"><span class=\"citation-67\">Estabilizaci\u00f3n de 3 ejes:<\/span><\/b><span class=\"citation-67 citation-end-67\"> El card\u00e1n de grado industrial compensa el vuelo a alta velocidad y la resistencia al viento, lo que garantiza que sus im\u00e1genes se mantengan firmes incluso en condiciones clim\u00e1ticas dif\u00edciles.<\/span><\/p>\n<\/li>\n<li>\n<p data-path-to-node=\"3,3,0\"><b data-path-to-node=\"3,3,0\" data-index-in-node=\"0\">Seguimiento inteligente e IA:<\/b><span class=\"citation-66 citation-end-66\"> Equipado con algoritmos avanzados para bloquear y rastrear objetivos en movimiento (veh\u00edculos, personas o embarcaciones) autom\u00e1ticamente, proporcionando monitoreo manos libres para equipos de vigilancia.<\/span><\/p>\n<p>&nbsp;<\/li>\n<\/ul>\n<h3 data-path-to-node=\"5\">Especificaciones t\u00e9cnicas<\/h3>\n<table data-path-to-node=\"6\">\n<thead>\n<tr>\n<td><strong>Caracter\u00edstica<\/strong><\/td>\n<td><strong>Especificaci\u00f3n<\/strong><\/td>\n<\/tr>\n<\/thead>\n<tbody>\n<tr>\n<td><span data-path-to-node=\"6,1,0,0\"><b data-path-to-node=\"6,1,0,0\" data-index-in-node=\"0\">Sensor<\/b><\/span><\/td>\n<td><span data-path-to-node=\"6,1,1,0\">CMOS de 1\/1,28 pulgadas<\/span><\/td>\n<\/tr>\n<tr>\n<td><span data-path-to-node=\"6,2,0,0\"><b data-path-to-node=\"6,2,0,0\" data-index-in-node=\"0\">Resoluci\u00f3n m\u00e1xima<\/b><\/span><\/td>\n<td><span data-path-to-node=\"6,2,1,0\">7680 \u00d7 4320 (8K)<\/span><\/td>\n<\/tr>\n<tr>\n<td><span data-path-to-node=\"6,3,0,0\"><b data-path-to-node=\"6,3,0,0\" data-index-in-node=\"0\">Tel\u00e9metro l\u00e1ser<\/b><\/span><\/td>\n<td><span data-path-to-node=\"6,3,1,0\">Precisi\u00f3n hasta 1500 m<\/span><\/td>\n<\/tr>\n<tr>\n<td><span data-path-to-node=\"6,4,0,0\"><b data-path-to-node=\"6,4,0,0\" data-index-in-node=\"0\">Formato de video<\/b><\/span><\/td>\n<td><span data-path-to-node=\"6,4,1,0\">MP4\/MOV<\/span><\/td>\n<\/tr>\n<tr>\n<td><span data-path-to-node=\"6,5,0,0\"><b data-path-to-node=\"6,5,0,0\" data-index-in-node=\"0\">Rotaci\u00f3n del card\u00e1n<\/b><\/span><\/td>\n<td><span data-path-to-node=\"6,5,1,0\">Inclinaci\u00f3n: -120\u00b0 a +30\u00b0; Gui\u00f1ada: \u00b1160\u00b0<\/span><\/td>\n<\/tr>\n<tr>\n<td><span data-path-to-node=\"6,6,0,0\"><b data-path-to-node=\"6,6,0,0\" data-index-in-node=\"0\">Peso<\/b><\/span><\/td>\n<td><span data-path-to-node=\"6,6,1,0\">Optimizado para la bah\u00eda de carga \u00fatil del S400<\/span><\/td>\n<\/tr>\n<\/tbody>\n<\/table>\n<p>&nbsp;<\/p>\n<h3 data-path-to-node=\"8\">Por qu\u00e9 se destaca<\/h3>\n<p data-path-to-node=\"9\">A diferencia de las c\u00e1maras de consumo est\u00e1ndar, la <b data-path-to-node=\"9\" data-index-in-node=\"38\">PVL-8K<\/b> Est\u00e1 dise\u00f1ado espec\u00edficamente para el flujo de trabajo de &quot;Localizaci\u00f3n Visual de Precisi\u00f3n&quot; (PVL). Al combinar im\u00e1genes 8K con medici\u00f3n de distancia l\u00e1ser, no solo ve un objetivo, sino que comprende exactamente su ubicaci\u00f3n en el espacio 3D.<\/p>","protected":false},"excerpt":{"rendered":"<p><span class=\"citation-68\">El <\/span><b data-path-to-node=\"0\" data-index-in-node=\"4\"><span class=\"citation-68\">GDU S400 PVL-8K<\/span><\/b><span class=\"citation-68 citation-end-68\"> es una carga \u00fatil de im\u00e1genes a\u00e9reas de nivel profesional dise\u00f1ada espec\u00edficamente para el cuadric\u00f3ptero GDU S400.<\/span> Est\u00e1 dise\u00f1ado para operadores que necesitan precisi\u00f3n a gran altitud y datos ultra claros, ya sea que est\u00e9n realizando inspecciones de infraestructura complejas o misiones de seguridad p\u00fablica de alto riesgo.<\/p>","protected":false},"featured_media":24087,"comment_status":"open","ping_status":"closed","template":"","meta":[],"product_brand":[1369],"product_cat":[29,1378,1363,1359],"product_tag":[1380,1375,1371],"class_list":{"0":"post-24080","1":"product","2":"type-product","3":"status-publish","4":"has-post-thumbnail","6":"product_brand-gdu-tech","7":"product_cat-drones","8":"product_cat-gdu-s400-payloads","9":"product_cat-gdu-s400-series","10":"product_cat-gdu-tech","11":"product_tag-gdu-s400-payloads","12":"product_tag-gdu-s400-series","13":"product_tag-gdu-tech","15":"first","16":"outofstock","17":"taxable","18":"shipping-taxable","19":"purchasable","20":"product-type-simple"},"yoast_head":"<!-- This site is optimized with the Yoast SEO plugin v27.1.1 - https:\/\/yoast.com\/product\/yoast-seo-wordpress\/ -->\n<title>GDU S400 PVL-8K Gimbal Camera - Ghostysky<\/title>\n<meta name=\"description\" content=\"The GDU S400 PVL-8K is a professional-grade aerial imaging payload designed specifically for the GDU S400 quadcopter. It\u2019s built for operators who need high-altitude precision and ultra-clear data, whether you&#039;re performing complex infrastructure inspections or high-stakes public safety missions.\" \/>\n<meta name=\"robots\" content=\"index, follow, max-snippet:-1, max-image-preview:large, max-video-preview:-1\" \/>\n<link rel=\"canonical\" href=\"https:\/\/www.ghostysky.com\/es\/producto-2\/gdu-s400-pvl-8k-gimbal-camera\/\" \/>\n<meta property=\"og:locale\" content=\"es_ES\" \/>\n<meta property=\"og:type\" content=\"article\" \/>\n<meta property=\"og:title\" content=\"GDU S400 PVL-8K Gimbal Camera - Ghostysky\" \/>\n<meta property=\"og:description\" content=\"The GDU S400 PVL-8K is a professional-grade aerial imaging payload designed specifically for the GDU S400 quadcopter. It\u2019s built for operators who need high-altitude precision and ultra-clear data, whether you&#039;re performing complex infrastructure inspections or high-stakes public safety missions.\" \/>\n<meta property=\"og:url\" content=\"https:\/\/www.ghostysky.com\/es\/producto-2\/gdu-s400-pvl-8k-gimbal-camera\/\" \/>\n<meta property=\"og:site_name\" content=\"Ghostysky\" \/>\n<meta property=\"article:publisher\" content=\"https:\/\/www.facebook.com\/people\/Ghostysky\/100057676170234\/\" \/>\n<meta property=\"article:modified_time\" content=\"2026-02-08T10:54:49+00:00\" \/>\n<meta property=\"og:image\" content=\"https:\/\/www.ghostysky.com\/wp-content\/uploads\/2026\/02\/GH_PVL-8K-Camera_1.webp\" \/>\n\t<meta property=\"og:image:width\" content=\"343\" \/>\n\t<meta property=\"og:image:height\" content=\"320\" \/>\n\t<meta property=\"og:image:type\" content=\"image\/webp\" \/>\n<meta name=\"twitter:card\" content=\"summary_large_image\" \/>\n<meta name=\"twitter:site\" content=\"@Gh0stysky\" \/>\n<meta name=\"twitter:label1\" content=\"Tiempo de lectura\" \/>\n\t<meta name=\"twitter:data1\" content=\"2 minutos\" \/>\n<script type=\"application\/ld+json\" class=\"yoast-schema-graph\">{\"@context\":\"https:\/\/schema.org\",\"@graph\":[{\"@type\":\"WebPage\",\"@id\":\"https:\/\/www.ghostysky.com\/product\/gdu-s400-pvl-8k-gimbal-camera\/\",\"url\":\"https:\/\/www.ghostysky.com\/product\/gdu-s400-pvl-8k-gimbal-camera\/\",\"name\":\"GDU S400 PVL-8K Gimbal Camera - Ghostysky\",\"isPartOf\":{\"@id\":\"https:\/\/www.ghostysky.com\/#website\"},\"primaryImageOfPage\":{\"@id\":\"https:\/\/www.ghostysky.com\/product\/gdu-s400-pvl-8k-gimbal-camera\/#primaryimage\"},\"image\":{\"@id\":\"https:\/\/www.ghostysky.com\/product\/gdu-s400-pvl-8k-gimbal-camera\/#primaryimage\"},\"thumbnailUrl\":\"https:\/\/www.ghostysky.com\/wp-content\/uploads\/2026\/02\/GH_PVL-8K-Camera_1.webp\",\"datePublished\":\"2026-02-06T17:04:09+00:00\",\"dateModified\":\"2026-02-08T10:54:49+00:00\",\"description\":\"The GDU S400 PVL-8K is a professional-grade aerial imaging payload designed specifically for the GDU S400 quadcopter. It\u2019s built for operators who need high-altitude precision and ultra-clear data, whether you're performing complex infrastructure inspections or high-stakes public safety missions.\",\"breadcrumb\":{\"@id\":\"https:\/\/www.ghostysky.com\/product\/gdu-s400-pvl-8k-gimbal-camera\/#breadcrumb\"},\"inLanguage\":\"es\",\"potentialAction\":[{\"@type\":\"ReadAction\",\"target\":[\"https:\/\/www.ghostysky.com\/product\/gdu-s400-pvl-8k-gimbal-camera\/\"]}]},{\"@type\":\"ImageObject\",\"inLanguage\":\"es\",\"@id\":\"https:\/\/www.ghostysky.com\/product\/gdu-s400-pvl-8k-gimbal-camera\/#primaryimage\",\"url\":\"https:\/\/www.ghostysky.com\/wp-content\/uploads\/2026\/02\/GH_PVL-8K-Camera_1.webp\",\"contentUrl\":\"https:\/\/www.ghostysky.com\/wp-content\/uploads\/2026\/02\/GH_PVL-8K-Camera_1.webp\",\"width\":343,\"height\":320},{\"@type\":\"BreadcrumbList\",\"@id\":\"https:\/\/www.ghostysky.com\/product\/gdu-s400-pvl-8k-gimbal-camera\/#breadcrumb\",\"itemListElement\":[{\"@type\":\"ListItem\",\"position\":1,\"name\":\"Home\",\"item\":\"https:\/\/www.ghostysky.com\/\"},{\"@type\":\"ListItem\",\"position\":2,\"name\":\"Shop\",\"item\":\"https:\/\/www.ghostysky.com\/shop\/\"},{\"@type\":\"ListItem\",\"position\":3,\"name\":\"GDU S400 PVL-8K Gimbal Camera\"}]},{\"@type\":\"WebSite\",\"@id\":\"https:\/\/www.ghostysky.com\/#website\",\"url\":\"https:\/\/www.ghostysky.com\/\",\"name\":\"Ghostysky\",\"description\":\"Delivering professional drones and services\",\"publisher\":{\"@id\":\"https:\/\/www.ghostysky.com\/#organization\"},\"potentialAction\":[{\"@type\":\"SearchAction\",\"target\":{\"@type\":\"EntryPoint\",\"urlTemplate\":\"https:\/\/www.ghostysky.com\/?s={search_term_string}\"},\"query-input\":{\"@type\":\"PropertyValueSpecification\",\"valueRequired\":true,\"valueName\":\"search_term_string\"}}],\"inLanguage\":\"es\"},{\"@type\":\"Organization\",\"@id\":\"https:\/\/www.ghostysky.com\/#organization\",\"name\":\"Ghostysky\",\"url\":\"https:\/\/www.ghostysky.com\/\",\"logo\":{\"@type\":\"ImageObject\",\"inLanguage\":\"es\",\"@id\":\"https:\/\/www.ghostysky.com\/#\/schema\/logo\/image\/\",\"url\":\"https:\/\/www.ghostysky.com\/wp-content\/uploads\/2020\/06\/cropped-ghostyskylogo_text_white2.png\",\"contentUrl\":\"https:\/\/www.ghostysky.com\/wp-content\/uploads\/2020\/06\/cropped-ghostyskylogo_text_white2.png\",\"width\":169,\"height\":56,\"caption\":\"Ghostysky\"},\"image\":{\"@id\":\"https:\/\/www.ghostysky.com\/#\/schema\/logo\/image\/\"},\"sameAs\":[\"https:\/\/www.facebook.com\/people\/Ghostysky\/100057676170234\/\",\"https:\/\/x.com\/Gh0stysky\",\"https:\/\/www.linkedin.com\/company\/34739653\",\"https:\/\/www.instagram.com\/gh0stysky\"]}]}<\/script>\n<!-- \/ Yoast SEO plugin. -->","yoast_head_json":{"title":"C\u00e1mara con estabilizador GDU S400 PVL-8K - Ghostysky","description":"El GDU S400 PVL-8K es una carga \u00fatil de im\u00e1genes a\u00e9reas de calidad profesional, dise\u00f1ada espec\u00edficamente para el cuadric\u00f3ptero GDU S400. Est\u00e1 dise\u00f1ado para operadores que necesitan precisi\u00f3n a gran altitud y datos ultran\u00edtidos, ya sea que realicen inspecciones complejas de infraestructura o misiones de seguridad p\u00fablica de alto riesgo.","robots":{"index":"index","follow":"follow","max-snippet":"max-snippet:-1","max-image-preview":"max-image-preview:large","max-video-preview":"max-video-preview:-1"},"canonical":"https:\/\/www.ghostysky.com\/es\/producto-2\/gdu-s400-pvl-8k-gimbal-camera\/","og_locale":"es_ES","og_type":"article","og_title":"GDU S400 PVL-8K Gimbal Camera - Ghostysky","og_description":"The GDU S400 PVL-8K is a professional-grade aerial imaging payload designed specifically for the GDU S400 quadcopter. It\u2019s built for operators who need high-altitude precision and ultra-clear data, whether you're performing complex infrastructure inspections or high-stakes public safety missions.","og_url":"https:\/\/www.ghostysky.com\/es\/producto-2\/gdu-s400-pvl-8k-gimbal-camera\/","og_site_name":"Ghostysky","article_publisher":"https:\/\/www.facebook.com\/people\/Ghostysky\/100057676170234\/","article_modified_time":"2026-02-08T10:54:49+00:00","og_image":[{"width":343,"height":320,"url":"https:\/\/www.ghostysky.com\/wp-content\/uploads\/2026\/02\/GH_PVL-8K-Camera_1.webp","type":"image\/webp"}],"twitter_card":"summary_large_image","twitter_site":"@Gh0stysky","twitter_misc":{"Tiempo de lectura":"2 minutos"},"schema":{"@context":"https:\/\/schema.org","@graph":[{"@type":"WebPage","@id":"https:\/\/www.ghostysky.com\/product\/gdu-s400-pvl-8k-gimbal-camera\/","url":"https:\/\/www.ghostysky.com\/product\/gdu-s400-pvl-8k-gimbal-camera\/","name":"C\u00e1mara con estabilizador GDU S400 PVL-8K - Ghostysky","isPartOf":{"@id":"https:\/\/www.ghostysky.com\/#website"},"primaryImageOfPage":{"@id":"https:\/\/www.ghostysky.com\/product\/gdu-s400-pvl-8k-gimbal-camera\/#primaryimage"},"image":{"@id":"https:\/\/www.ghostysky.com\/product\/gdu-s400-pvl-8k-gimbal-camera\/#primaryimage"},"thumbnailUrl":"https:\/\/www.ghostysky.com\/wp-content\/uploads\/2026\/02\/GH_PVL-8K-Camera_1.webp","datePublished":"2026-02-06T17:04:09+00:00","dateModified":"2026-02-08T10:54:49+00:00","description":"El GDU S400 PVL-8K es una carga \u00fatil de im\u00e1genes a\u00e9reas de calidad profesional, dise\u00f1ada espec\u00edficamente para el cuadric\u00f3ptero GDU S400. Est\u00e1 dise\u00f1ado para operadores que necesitan precisi\u00f3n a gran altitud y datos ultran\u00edtidos, ya sea que realicen inspecciones complejas de infraestructura o misiones de seguridad p\u00fablica de alto riesgo.","breadcrumb":{"@id":"https:\/\/www.ghostysky.com\/product\/gdu-s400-pvl-8k-gimbal-camera\/#breadcrumb"},"inLanguage":"es","potentialAction":[{"@type":"ReadAction","target":["https:\/\/www.ghostysky.com\/product\/gdu-s400-pvl-8k-gimbal-camera\/"]}]},{"@type":"ImageObject","inLanguage":"es","@id":"https:\/\/www.ghostysky.com\/product\/gdu-s400-pvl-8k-gimbal-camera\/#primaryimage","url":"https:\/\/www.ghostysky.com\/wp-content\/uploads\/2026\/02\/GH_PVL-8K-Camera_1.webp","contentUrl":"https:\/\/www.ghostysky.com\/wp-content\/uploads\/2026\/02\/GH_PVL-8K-Camera_1.webp","width":343,"height":320},{"@type":"BreadcrumbList","@id":"https:\/\/www.ghostysky.com\/product\/gdu-s400-pvl-8k-gimbal-camera\/#breadcrumb","itemListElement":[{"@type":"ListItem","position":1,"name":"Home","item":"https:\/\/www.ghostysky.com\/"},{"@type":"ListItem","position":2,"name":"Shop","item":"https:\/\/www.ghostysky.com\/shop\/"},{"@type":"ListItem","position":3,"name":"GDU S400 PVL-8K Gimbal Camera"}]},{"@type":"WebSite","@id":"https:\/\/www.ghostysky.com\/#website","url":"https:\/\/www.ghostysky.com\/","name":"Ghostysky","description":"Entrega de drones y servicios profesionales","publisher":{"@id":"https:\/\/www.ghostysky.com\/#organization"},"potentialAction":[{"@type":"SearchAction","target":{"@type":"EntryPoint","urlTemplate":"https:\/\/www.ghostysky.com\/?s={search_term_string}"},"query-input":{"@type":"PropertyValueSpecification","valueRequired":true,"valueName":"search_term_string"}}],"inLanguage":"es"},{"@type":"Organization","@id":"https:\/\/www.ghostysky.com\/#organization","name":"Ghostysky","url":"https:\/\/www.ghostysky.com\/","logo":{"@type":"ImageObject","inLanguage":"es","@id":"https:\/\/www.ghostysky.com\/#\/schema\/logo\/image\/","url":"https:\/\/www.ghostysky.com\/wp-content\/uploads\/2020\/06\/cropped-ghostyskylogo_text_white2.png","contentUrl":"https:\/\/www.ghostysky.com\/wp-content\/uploads\/2020\/06\/cropped-ghostyskylogo_text_white2.png","width":169,"height":56,"caption":"Ghostysky"},"image":{"@id":"https:\/\/www.ghostysky.com\/#\/schema\/logo\/image\/"},"sameAs":["https:\/\/www.facebook.com\/people\/Ghostysky\/100057676170234\/","https:\/\/x.com\/Gh0stysky","https:\/\/www.linkedin.com\/company\/34739653","https:\/\/www.instagram.com\/gh0stysky"]}]}},"_links":{"self":[{"href":"https:\/\/www.ghostysky.com\/es\/wp-json\/wp\/v2\/product\/24080","targetHints":{"allow":["GET"]}}],"collection":[{"href":"https:\/\/www.ghostysky.com\/es\/wp-json\/wp\/v2\/product"}],"about":[{"href":"https:\/\/www.ghostysky.com\/es\/wp-json\/wp\/v2\/types\/product"}],"replies":[{"embeddable":true,"href":"https:\/\/www.ghostysky.com\/es\/wp-json\/wp\/v2\/comments?post=24080"}],"wp:featuredmedia":[{"embeddable":true,"href":"https:\/\/www.ghostysky.com\/es\/wp-json\/wp\/v2\/media\/24087"}],"wp:attachment":[{"href":"https:\/\/www.ghostysky.com\/es\/wp-json\/wp\/v2\/media?parent=24080"}],"wp:term":[{"taxonomy":"product_brand","embeddable":true,"href":"https:\/\/www.ghostysky.com\/es\/wp-json\/wp\/v2\/product_brand?post=24080"},{"taxonomy":"product_cat","embeddable":true,"href":"https:\/\/www.ghostysky.com\/es\/wp-json\/wp\/v2\/product_cat?post=24080"},{"taxonomy":"product_tag","embeddable":true,"href":"https:\/\/www.ghostysky.com\/es\/wp-json\/wp\/v2\/product_tag?post=24080"}],"curies":[{"name":"wp","href":"https:\/\/api.w.org\/{rel}","templated":true}]}}