{"id":24095,"date":"2026-02-06T17:26:39","date_gmt":"2026-02-06T17:26:39","guid":{"rendered":"https:\/\/www.ghostysky.com\/?post_type=product&#038;p=24095"},"modified":"2026-02-06T17:31:43","modified_gmt":"2026-02-06T17:31:43","slug":"gdu-ttz-200-spotlight-for-s200-series","status":"publish","type":"product","link":"https:\/\/www.ghostysky.com\/es\/product\/gdu-ttz-200-spotlight-for-s200-series\/","title":{"rendered":"Foco GDU TTZ-200 para la serie S200"},"content":{"rendered":"<h3 data-path-to-node=\"3\">Caracter\u00edsticas clave<\/h3>\n<ul data-path-to-node=\"4\">\n<li>\n<p data-path-to-node=\"4,0,0\"><b data-path-to-node=\"4,0,0\" data-index-in-node=\"0\">Iluminaci\u00f3n potente:<\/b> Entregar un masivo <b data-path-to-node=\"4,0,0\" data-index-in-node=\"44\">10.200 l\u00famenes<\/b> (aprox. <span class=\"citation-75 citation-end-75\">200W), el TTZ-200 puede iluminar objetivos desde alturas de hasta 150 metros con precisi\u00f3n quir\u00fargica.<\/span><\/p>\n<\/li>\n<li>\n<p data-path-to-node=\"4,1,0\"><b data-path-to-node=\"4,1,0\" data-index-in-node=\"0\">Integraci\u00f3n de card\u00e1n de precisi\u00f3n:<\/b> Montado en un card\u00e1n de 3 ejes de alta estabilidad, el foco se sincroniza perfectamente con los movimientos de vuelo del dron y se puede controlar de forma independiente para rastrear objetivos en movimiento.<\/p>\n<\/li>\n<li>\n<p data-path-to-node=\"4,2,0\"><b data-path-to-node=\"4,2,0\" data-index-in-node=\"0\">Modos de iluminaci\u00f3n adaptables:<\/b><\/p>\n<ul data-path-to-node=\"4,2,1\">\n<li>\n<p data-path-to-node=\"4,2,1,0,0\"><b data-path-to-node=\"4,2,1,0,0\" data-index-in-node=\"0\">Foco:<\/b> Para conocimiento de la situaci\u00f3n en \u00e1reas amplias.<\/p>\n<\/li>\n<li>\n<p data-path-to-node=\"4,2,1,1,0\"><b data-path-to-node=\"4,2,1,1,0\" data-index-in-node=\"0\">Destacar:<\/b> Para seguimiento enfocado y de largo alcance.<\/p>\n<\/li>\n<li>\n<p data-path-to-node=\"4,2,1,2,0\"><b data-path-to-node=\"4,2,1,2,0\" data-index-in-node=\"0\">Estrobosc\u00f3pico:<\/b> Para se\u00f1alizaci\u00f3n de emergencia y disuasi\u00f3n t\u00e1ctica.<\/p>\n<\/li>\n<\/ul>\n<\/li>\n<li>\n<p data-path-to-node=\"4,3,0\"><b data-path-to-node=\"4,3,0\" data-index-in-node=\"0\">Gesti\u00f3n del calor:<\/b> Cuenta con un sistema de enfriamiento inteligente incorporado para evitar el sobrecalentamiento durante misiones prolongadas de alto rendimiento.<\/p>\n<\/li>\n<li>\n<p data-path-to-node=\"4,4,0\"><b data-path-to-node=\"4,4,0\" data-index-in-node=\"0\">Control sin interrupciones:<\/b> Totalmente integrado en la aplicaci\u00f3n de control de vuelo GDU, lo que permite a los pilotos ajustar el brillo y el \u00e1ngulo del haz en tiempo real.<\/p>\n<\/li>\n<\/ul>\n<h3 data-path-to-node=\"6\">Especificaciones t\u00e9cnicas<\/h3>\n<table data-path-to-node=\"7\">\n<thead>\n<tr>\n<td><strong>Caracter\u00edstica<\/strong><\/td>\n<td><strong>Especificaci\u00f3n<\/strong><\/td>\n<\/tr>\n<\/thead>\n<tbody>\n<tr>\n<td><span data-path-to-node=\"7,1,0,0\"><b data-path-to-node=\"7,1,0,0\" data-index-in-node=\"0\">Potencia total<\/b><\/span><\/td>\n<td><span data-path-to-node=\"7,1,1,0\">200 W<\/span><\/td>\n<\/tr>\n<tr>\n<td><span data-path-to-node=\"7,2,0,0\"><b data-path-to-node=\"7,2,0,0\" data-index-in-node=\"0\">Flujo luminoso<\/b><\/span><\/td>\n<td><span data-path-to-node=\"7,2,1,0\">10.200 lm<\/span><\/td>\n<\/tr>\n<tr>\n<td><span data-path-to-node=\"7,3,0,0\"><b data-path-to-node=\"7,3,0,0\" data-index-in-node=\"0\">Distancia de iluminaci\u00f3n<\/b><\/span><\/td>\n<td><span data-path-to-node=\"7,3,1,0\">Eficaz hasta 150 m+<\/span><\/td>\n<\/tr>\n<tr>\n<td><span data-path-to-node=\"7,4,0,0\"><b data-path-to-node=\"7,4,0,0\" data-index-in-node=\"0\">Alcance del card\u00e1n<\/b><\/span><\/td>\n<td><span data-path-to-node=\"7,4,1,0\">Inclinaci\u00f3n: -120\u00b0 a +30\u00b0; Gui\u00f1ada: \u00b1150\u00b0<\/span><\/td>\n<\/tr>\n<tr>\n<td><span data-path-to-node=\"7,5,0,0\"><b data-path-to-node=\"7,5,0,0\" data-index-in-node=\"0\">Peso<\/b><\/span><\/td>\n<td><span data-path-to-node=\"7,5,1,0\">~1,2 kilogramos<\/span><\/td>\n<\/tr>\n<tr>\n<td><span data-path-to-node=\"7,6,0,0\"><b data-path-to-node=\"7,6,0,0\" data-index-in-node=\"0\">Compatibilidad<\/b><\/span><\/td>\n<td><span data-path-to-node=\"7,6,1,0\">Serie GDU S200<\/span><\/td>\n<\/tr>\n<\/tbody>\n<\/table>\n<p>&nbsp;<\/p>\n<h3 data-path-to-node=\"9\">\u00bfPor qu\u00e9 el TTZ-200?<\/h3>\n<p data-path-to-node=\"10\">Ya sea al navegar por una zona de desastre compleja o al asegurar un per\u00edmetro en total oscuridad, el TTZ-200 elimina los puntos ciegos. Su capacidad para penetrar la oscuridad garantiza que los equipos en terreno cuenten con el apoyo visual necesario para operar de forma segura y eficiente.<\/p>","protected":false},"excerpt":{"rendered":"<p><span class=\"citation-77\">El <\/span><b data-path-to-node=\"1\" data-index-in-node=\"4\"><span class=\"citation-77\">Foco GDU TTZ-200<\/span><\/b><span class=\"citation-77\"> es un sistema de iluminaci\u00f3n a\u00e9rea de alta intensidad dise\u00f1ado espec\u00edficamente para <\/span><b data-path-to-node=\"1\" data-index-in-node=\"101\"><span class=\"citation-77\">Serie GDU S200<\/span><\/b><span class=\"citation-77 citation-end-77\"> drones.<\/span> <span class=\"citation-76 citation-end-76\">Dise\u00f1ada para operaciones de misi\u00f3n cr\u00edtica, esta carga \u00fatil transforma su dron en un poderoso faro m\u00f3vil, brindando una visibilidad excepcional para b\u00fasqueda y rescate, aplicaci\u00f3n de la ley e inspecciones industriales.<\/span><\/p>","protected":false},"featured_media":24099,"comment_status":"open","ping_status":"closed","template":"","meta":[],"product_brand":[1369],"product_cat":[29,1379,1360,1359],"product_tag":[1370,1380,1371],"class_list":{"0":"post-24095","1":"product","2":"type-product","3":"status-publish","4":"has-post-thumbnail","6":"product_brand-gdu-tech","7":"product_cat-drones","8":"product_cat-gdu-s200-payloads","9":"product_cat-gdu-s200-series","10":"product_cat-gdu-tech","11":"product_tag-gdu-s200-series","12":"product_tag-gdu-s400-payloads","13":"product_tag-gdu-tech","15":"first","16":"outofstock","17":"taxable","18":"shipping-taxable","19":"purchasable","20":"product-type-simple"},"yoast_head":"<!-- This site is optimized with the Yoast SEO plugin v27.1.1 - https:\/\/yoast.com\/product\/yoast-seo-wordpress\/ -->\n<title>GDU TTZ-200 Spotlight for S200 Series - Ghostysky<\/title>\n<meta name=\"description\" content=\"The GDU TTZ-200 Spotlight is a high-intensity aerial lighting system specifically engineered for the GDU S200 Series drones. Designed for mission-critical operations, this payload transforms your drone into a powerful mobile lighthouse, providing exceptional visibility for search and rescue, law enforcement, and industrial inspections.\" \/>\n<meta name=\"robots\" content=\"index, follow, max-snippet:-1, max-image-preview:large, max-video-preview:-1\" \/>\n<link rel=\"canonical\" href=\"https:\/\/www.ghostysky.com\/es\/producto-2\/gdu-ttz-200-spotlight-for-s200-series\/\" \/>\n<meta property=\"og:locale\" content=\"es_ES\" \/>\n<meta property=\"og:type\" content=\"article\" \/>\n<meta property=\"og:title\" content=\"GDU TTZ-200 Spotlight for S200 Series - Ghostysky\" \/>\n<meta property=\"og:description\" content=\"The GDU TTZ-200 Spotlight is a high-intensity aerial lighting system specifically engineered for the GDU S200 Series drones. Designed for mission-critical operations, this payload transforms your drone into a powerful mobile lighthouse, providing exceptional visibility for search and rescue, law enforcement, and industrial inspections.\" \/>\n<meta property=\"og:url\" content=\"https:\/\/www.ghostysky.com\/es\/producto-2\/gdu-ttz-200-spotlight-for-s200-series\/\" \/>\n<meta property=\"og:site_name\" content=\"Ghostysky\" \/>\n<meta property=\"article:publisher\" content=\"https:\/\/www.facebook.com\/people\/Ghostysky\/100057676170234\/\" \/>\n<meta property=\"article:modified_time\" content=\"2026-02-06T17:31:43+00:00\" \/>\n<meta property=\"og:image\" content=\"https:\/\/www.ghostysky.com\/wp-content\/uploads\/2026\/02\/GH_TTZ-200-Spotlight-for-S200-Series-Drone_1.webp\" \/>\n\t<meta property=\"og:image:width\" content=\"1200\" \/>\n\t<meta property=\"og:image:height\" content=\"1200\" \/>\n\t<meta property=\"og:image:type\" content=\"image\/webp\" \/>\n<meta name=\"twitter:card\" content=\"summary_large_image\" \/>\n<meta name=\"twitter:site\" content=\"@Gh0stysky\" \/>\n<meta name=\"twitter:label1\" content=\"Tiempo de lectura\" \/>\n\t<meta name=\"twitter:data1\" content=\"2 minutos\" \/>\n<script type=\"application\/ld+json\" class=\"yoast-schema-graph\">{\"@context\":\"https:\/\/schema.org\",\"@graph\":[{\"@type\":\"WebPage\",\"@id\":\"https:\/\/www.ghostysky.com\/product\/gdu-ttz-200-spotlight-for-s200-series\/\",\"url\":\"https:\/\/www.ghostysky.com\/product\/gdu-ttz-200-spotlight-for-s200-series\/\",\"name\":\"GDU TTZ-200 Spotlight for S200 Series - Ghostysky\",\"isPartOf\":{\"@id\":\"https:\/\/www.ghostysky.com\/#website\"},\"primaryImageOfPage\":{\"@id\":\"https:\/\/www.ghostysky.com\/product\/gdu-ttz-200-spotlight-for-s200-series\/#primaryimage\"},\"image\":{\"@id\":\"https:\/\/www.ghostysky.com\/product\/gdu-ttz-200-spotlight-for-s200-series\/#primaryimage\"},\"thumbnailUrl\":\"https:\/\/www.ghostysky.com\/wp-content\/uploads\/2026\/02\/GH_TTZ-200-Spotlight-for-S200-Series-Drone_1.webp\",\"datePublished\":\"2026-02-06T17:26:39+00:00\",\"dateModified\":\"2026-02-06T17:31:43+00:00\",\"description\":\"The GDU TTZ-200 Spotlight is a high-intensity aerial lighting system specifically engineered for the GDU S200 Series drones. Designed for mission-critical operations, this payload transforms your drone into a powerful mobile lighthouse, providing exceptional visibility for search and rescue, law enforcement, and industrial inspections.\",\"breadcrumb\":{\"@id\":\"https:\/\/www.ghostysky.com\/product\/gdu-ttz-200-spotlight-for-s200-series\/#breadcrumb\"},\"inLanguage\":\"es\",\"potentialAction\":[{\"@type\":\"ReadAction\",\"target\":[\"https:\/\/www.ghostysky.com\/product\/gdu-ttz-200-spotlight-for-s200-series\/\"]}]},{\"@type\":\"ImageObject\",\"inLanguage\":\"es\",\"@id\":\"https:\/\/www.ghostysky.com\/product\/gdu-ttz-200-spotlight-for-s200-series\/#primaryimage\",\"url\":\"https:\/\/www.ghostysky.com\/wp-content\/uploads\/2026\/02\/GH_TTZ-200-Spotlight-for-S200-Series-Drone_1.webp\",\"contentUrl\":\"https:\/\/www.ghostysky.com\/wp-content\/uploads\/2026\/02\/GH_TTZ-200-Spotlight-for-S200-Series-Drone_1.webp\",\"width\":1200,\"height\":1200},{\"@type\":\"BreadcrumbList\",\"@id\":\"https:\/\/www.ghostysky.com\/product\/gdu-ttz-200-spotlight-for-s200-series\/#breadcrumb\",\"itemListElement\":[{\"@type\":\"ListItem\",\"position\":1,\"name\":\"Home\",\"item\":\"https:\/\/www.ghostysky.com\/\"},{\"@type\":\"ListItem\",\"position\":2,\"name\":\"Shop\",\"item\":\"https:\/\/www.ghostysky.com\/shop\/\"},{\"@type\":\"ListItem\",\"position\":3,\"name\":\"GDU TTZ-200 Spotlight for S200 Series\"}]},{\"@type\":\"WebSite\",\"@id\":\"https:\/\/www.ghostysky.com\/#website\",\"url\":\"https:\/\/www.ghostysky.com\/\",\"name\":\"Ghostysky\",\"description\":\"Delivering professional drones and services\",\"publisher\":{\"@id\":\"https:\/\/www.ghostysky.com\/#organization\"},\"potentialAction\":[{\"@type\":\"SearchAction\",\"target\":{\"@type\":\"EntryPoint\",\"urlTemplate\":\"https:\/\/www.ghostysky.com\/?s={search_term_string}\"},\"query-input\":{\"@type\":\"PropertyValueSpecification\",\"valueRequired\":true,\"valueName\":\"search_term_string\"}}],\"inLanguage\":\"es\"},{\"@type\":\"Organization\",\"@id\":\"https:\/\/www.ghostysky.com\/#organization\",\"name\":\"Ghostysky\",\"url\":\"https:\/\/www.ghostysky.com\/\",\"logo\":{\"@type\":\"ImageObject\",\"inLanguage\":\"es\",\"@id\":\"https:\/\/www.ghostysky.com\/#\/schema\/logo\/image\/\",\"url\":\"https:\/\/www.ghostysky.com\/wp-content\/uploads\/2020\/06\/cropped-ghostyskylogo_text_white2.png\",\"contentUrl\":\"https:\/\/www.ghostysky.com\/wp-content\/uploads\/2020\/06\/cropped-ghostyskylogo_text_white2.png\",\"width\":169,\"height\":56,\"caption\":\"Ghostysky\"},\"image\":{\"@id\":\"https:\/\/www.ghostysky.com\/#\/schema\/logo\/image\/\"},\"sameAs\":[\"https:\/\/www.facebook.com\/people\/Ghostysky\/100057676170234\/\",\"https:\/\/x.com\/Gh0stysky\",\"https:\/\/www.linkedin.com\/company\/34739653\",\"https:\/\/www.instagram.com\/gh0stysky\"]}]}<\/script>\n<!-- \/ Yoast SEO plugin. -->","yoast_head_json":{"title":"Foco GDU TTZ-200 para la serie S200 - Ghostysky","description":"El proyector GDU TTZ-200 es un sistema de iluminaci\u00f3n a\u00e9rea de alta intensidad dise\u00f1ado espec\u00edficamente para los drones de la serie GDU S200. Dise\u00f1ado para operaciones de misi\u00f3n cr\u00edtica, este sistema transforma su dron en un potente faro m\u00f3vil, proporcionando una visibilidad excepcional para b\u00fasqueda y rescate, fuerzas del orden e inspecciones industriales.","robots":{"index":"index","follow":"follow","max-snippet":"max-snippet:-1","max-image-preview":"max-image-preview:large","max-video-preview":"max-video-preview:-1"},"canonical":"https:\/\/www.ghostysky.com\/es\/producto-2\/gdu-ttz-200-spotlight-for-s200-series\/","og_locale":"es_ES","og_type":"article","og_title":"GDU TTZ-200 Spotlight for S200 Series - Ghostysky","og_description":"The GDU TTZ-200 Spotlight is a high-intensity aerial lighting system specifically engineered for the GDU S200 Series drones. Designed for mission-critical operations, this payload transforms your drone into a powerful mobile lighthouse, providing exceptional visibility for search and rescue, law enforcement, and industrial inspections.","og_url":"https:\/\/www.ghostysky.com\/es\/producto-2\/gdu-ttz-200-spotlight-for-s200-series\/","og_site_name":"Ghostysky","article_publisher":"https:\/\/www.facebook.com\/people\/Ghostysky\/100057676170234\/","article_modified_time":"2026-02-06T17:31:43+00:00","og_image":[{"width":1200,"height":1200,"url":"https:\/\/www.ghostysky.com\/wp-content\/uploads\/2026\/02\/GH_TTZ-200-Spotlight-for-S200-Series-Drone_1.webp","type":"image\/webp"}],"twitter_card":"summary_large_image","twitter_site":"@Gh0stysky","twitter_misc":{"Tiempo de lectura":"2 minutos"},"schema":{"@context":"https:\/\/schema.org","@graph":[{"@type":"WebPage","@id":"https:\/\/www.ghostysky.com\/product\/gdu-ttz-200-spotlight-for-s200-series\/","url":"https:\/\/www.ghostysky.com\/product\/gdu-ttz-200-spotlight-for-s200-series\/","name":"Foco GDU TTZ-200 para la serie S200 - Ghostysky","isPartOf":{"@id":"https:\/\/www.ghostysky.com\/#website"},"primaryImageOfPage":{"@id":"https:\/\/www.ghostysky.com\/product\/gdu-ttz-200-spotlight-for-s200-series\/#primaryimage"},"image":{"@id":"https:\/\/www.ghostysky.com\/product\/gdu-ttz-200-spotlight-for-s200-series\/#primaryimage"},"thumbnailUrl":"https:\/\/www.ghostysky.com\/wp-content\/uploads\/2026\/02\/GH_TTZ-200-Spotlight-for-S200-Series-Drone_1.webp","datePublished":"2026-02-06T17:26:39+00:00","dateModified":"2026-02-06T17:31:43+00:00","description":"El proyector GDU TTZ-200 es un sistema de iluminaci\u00f3n a\u00e9rea de alta intensidad dise\u00f1ado espec\u00edficamente para los drones de la serie GDU S200. Dise\u00f1ado para operaciones de misi\u00f3n cr\u00edtica, este sistema transforma su dron en un potente faro m\u00f3vil, proporcionando una visibilidad excepcional para b\u00fasqueda y rescate, fuerzas del orden e inspecciones industriales.","breadcrumb":{"@id":"https:\/\/www.ghostysky.com\/product\/gdu-ttz-200-spotlight-for-s200-series\/#breadcrumb"},"inLanguage":"es","potentialAction":[{"@type":"ReadAction","target":["https:\/\/www.ghostysky.com\/product\/gdu-ttz-200-spotlight-for-s200-series\/"]}]},{"@type":"ImageObject","inLanguage":"es","@id":"https:\/\/www.ghostysky.com\/product\/gdu-ttz-200-spotlight-for-s200-series\/#primaryimage","url":"https:\/\/www.ghostysky.com\/wp-content\/uploads\/2026\/02\/GH_TTZ-200-Spotlight-for-S200-Series-Drone_1.webp","contentUrl":"https:\/\/www.ghostysky.com\/wp-content\/uploads\/2026\/02\/GH_TTZ-200-Spotlight-for-S200-Series-Drone_1.webp","width":1200,"height":1200},{"@type":"BreadcrumbList","@id":"https:\/\/www.ghostysky.com\/product\/gdu-ttz-200-spotlight-for-s200-series\/#breadcrumb","itemListElement":[{"@type":"ListItem","position":1,"name":"Home","item":"https:\/\/www.ghostysky.com\/"},{"@type":"ListItem","position":2,"name":"Shop","item":"https:\/\/www.ghostysky.com\/shop\/"},{"@type":"ListItem","position":3,"name":"GDU TTZ-200 Spotlight for S200 Series"}]},{"@type":"WebSite","@id":"https:\/\/www.ghostysky.com\/#website","url":"https:\/\/www.ghostysky.com\/","name":"Ghostysky","description":"Entrega de drones y servicios profesionales","publisher":{"@id":"https:\/\/www.ghostysky.com\/#organization"},"potentialAction":[{"@type":"SearchAction","target":{"@type":"EntryPoint","urlTemplate":"https:\/\/www.ghostysky.com\/?s={search_term_string}"},"query-input":{"@type":"PropertyValueSpecification","valueRequired":true,"valueName":"search_term_string"}}],"inLanguage":"es"},{"@type":"Organization","@id":"https:\/\/www.ghostysky.com\/#organization","name":"Ghostysky","url":"https:\/\/www.ghostysky.com\/","logo":{"@type":"ImageObject","inLanguage":"es","@id":"https:\/\/www.ghostysky.com\/#\/schema\/logo\/image\/","url":"https:\/\/www.ghostysky.com\/wp-content\/uploads\/2020\/06\/cropped-ghostyskylogo_text_white2.png","contentUrl":"https:\/\/www.ghostysky.com\/wp-content\/uploads\/2020\/06\/cropped-ghostyskylogo_text_white2.png","width":169,"height":56,"caption":"Ghostysky"},"image":{"@id":"https:\/\/www.ghostysky.com\/#\/schema\/logo\/image\/"},"sameAs":["https:\/\/www.facebook.com\/people\/Ghostysky\/100057676170234\/","https:\/\/x.com\/Gh0stysky","https:\/\/www.linkedin.com\/company\/34739653","https:\/\/www.instagram.com\/gh0stysky"]}]}},"_links":{"self":[{"href":"https:\/\/www.ghostysky.com\/es\/wp-json\/wp\/v2\/product\/24095","targetHints":{"allow":["GET"]}}],"collection":[{"href":"https:\/\/www.ghostysky.com\/es\/wp-json\/wp\/v2\/product"}],"about":[{"href":"https:\/\/www.ghostysky.com\/es\/wp-json\/wp\/v2\/types\/product"}],"replies":[{"embeddable":true,"href":"https:\/\/www.ghostysky.com\/es\/wp-json\/wp\/v2\/comments?post=24095"}],"wp:featuredmedia":[{"embeddable":true,"href":"https:\/\/www.ghostysky.com\/es\/wp-json\/wp\/v2\/media\/24099"}],"wp:attachment":[{"href":"https:\/\/www.ghostysky.com\/es\/wp-json\/wp\/v2\/media?parent=24095"}],"wp:term":[{"taxonomy":"product_brand","embeddable":true,"href":"https:\/\/www.ghostysky.com\/es\/wp-json\/wp\/v2\/product_brand?post=24095"},{"taxonomy":"product_cat","embeddable":true,"href":"https:\/\/www.ghostysky.com\/es\/wp-json\/wp\/v2\/product_cat?post=24095"},{"taxonomy":"product_tag","embeddable":true,"href":"https:\/\/www.ghostysky.com\/es\/wp-json\/wp\/v2\/product_tag?post=24095"}],"curies":[{"name":"wp","href":"https:\/\/api.w.org\/{rel}","templated":true}]}}