{"id":24104,"date":"2026-02-08T08:09:51","date_gmt":"2026-02-08T08:09:51","guid":{"rendered":"https:\/\/www.ghostysky.com\/?post_type=product&#038;p=24104"},"modified":"2026-02-08T08:17:21","modified_gmt":"2026-02-08T08:17:21","slug":"gdu-charger-for-s200-series-drone-battery","status":"publish","type":"product","link":"https:\/\/www.ghostysky.com\/es\/product\/gdu-charger-for-s200-series-drone-battery\/","title":{"rendered":"Cargador GDU para bater\u00eda de dron de la serie S200"},"content":{"rendered":"<h3 data-path-to-node=\"2\"><b data-path-to-node=\"2\" data-index-in-node=\"0\">Descripci\u00f3n general del producto<\/b><\/h3>\n<p data-path-to-node=\"3\">El cargador de la serie GDU S200 est\u00e1 disponible en dos configuraciones principales seg\u00fan las necesidades de su misi\u00f3n:<\/p>\n<ol start=\"1\" data-path-to-node=\"4\">\n<li>\n<p data-path-to-node=\"4,0,0\"><b data-path-to-node=\"4,0,0\" data-index-in-node=\"0\"><span class=\"citation-17\">ACD-200 \/ ACD-200DC:<\/span><\/b><span class=\"citation-17 citation-end-17\"> Una base de carga de celda \u00fanica de alta potencia para bater\u00edas individuales y soporte de control remoto.<\/span><\/p>\n<\/li>\n<li>\n<p data-path-to-node=\"4,1,0\"><b data-path-to-node=\"4,1,0\" data-index-in-node=\"0\"><span class=\"citation-16\">Concentrador inteligente ACD-200GJ:<\/span><\/b><span class=\"citation-16 citation-end-16\"> Una estaci\u00f3n de carga secuencial capaz de gestionar hasta tres bater\u00edas de vuelo.<\/span><\/p>\n<\/li>\n<\/ol>\n<h3 data-path-to-node=\"5\"><b data-path-to-node=\"5\" data-index-in-node=\"0\">Caracter\u00edsticas clave<\/b><\/h3>\n<ul data-path-to-node=\"6\">\n<li>\n<p data-path-to-node=\"6,0,0\"><b data-path-to-node=\"6,0,0\" data-index-in-node=\"0\">Carga r\u00e1pida:<\/b><span class=\"citation-15\"> Con una <\/span><b data-path-to-node=\"6,0,0\" data-index-in-node=\"27\"><span class=\"citation-15\">Potencia de salida de 272 W<\/span><\/b><span class=\"citation-15\">, El cargador puede recargar completamente una bater\u00eda de vuelo S200 en aproximadamente <\/span><b data-path-to-node=\"6,0,0\" data-index-in-node=\"118\"><span class=\"citation-15\">60 minutos<\/span><\/b><span class=\"citation-15 citation-end-15\">.<\/span> Para misiones urgentes, puede cargar una bater\u00eda de 20% a 90% en tan solo <b data-path-to-node=\"6,0,0\" data-index-in-node=\"198\">25 minutos<\/b>.<\/p>\n<\/li>\n<li>\n<p data-path-to-node=\"6,1,0\"><b data-path-to-node=\"6,1,0\" data-index-in-node=\"0\"><span class=\"citation-14\">Versatilidad de doble puerto:<\/span><\/b><span class=\"citation-14 citation-end-14\"> Muchos modelos cuentan con salidas duales, lo que le permite cargar una bater\u00eda de avi\u00f3n y un control remoto (a trav\u00e9s de USB Tipo-C) simult\u00e1neamente.<\/span><\/p>\n<\/li>\n<li>\n<p data-path-to-node=\"6,2,0\"><b data-path-to-node=\"6,2,0\" data-index-in-node=\"0\"><span class=\"citation-13\">Secuenciaci\u00f3n inteligente (modelo Hub):<\/span><\/b><span class=\"citation-13 citation-end-13\"> El concentrador ACD-200GJ detecta autom\u00e1ticamente los niveles de bater\u00eda y prioriza la bater\u00eda con la mayor carga restante, permiti\u00e9ndole volver a volar lo m\u00e1s r\u00e1pido posible.<\/span><\/p>\n<\/li>\n<li>\n<p data-path-to-node=\"6,3,0\"><b data-path-to-node=\"6,3,0\" data-index-in-node=\"0\"><span class=\"citation-12\">Protecci\u00f3n integral:<\/span><\/b><span class=\"citation-12 citation-end-12\"> Las protecciones integradas incluyen protecci\u00f3n contra reflujo, cortocircuito, sobretensi\u00f3n, sobrecorriente y sobretemperatura.<\/span><\/p>\n<\/li>\n<li>\n<p data-path-to-node=\"6,4,0\"><b data-path-to-node=\"6,4,0\" data-index-in-node=\"0\">Durabilidad industrial:<\/b><span class=\"citation-11\"> Dise\u00f1ado para funcionar en entornos hostiles, mantiene la eficiencia en temperaturas que van desde <\/span><b data-path-to-node=\"6,4,0\" data-index-in-node=\"121\"><span class=\"citation-11\">-20\u00b0C a +55\u00b0C<\/span><\/b><span class=\"citation-11 citation-end-11\"> (operante).<\/span><\/p>\n<p>&nbsp;<\/li>\n<\/ul>\n<h3 data-path-to-node=\"8\"><b data-path-to-node=\"8\" data-index-in-node=\"0\">Especificaciones t\u00e9cnicas<\/b><\/h3>\n<table data-path-to-node=\"9\">\n<thead>\n<tr>\n<td><strong>Especificaci\u00f3n<\/strong><\/td>\n<td><strong>Detalle<\/strong><\/td>\n<\/tr>\n<\/thead>\n<tbody>\n<tr>\n<td><span data-path-to-node=\"9,1,0,0\"><b data-path-to-node=\"9,1,0,0\" data-index-in-node=\"0\">Compatibilidad<\/b><\/span><\/td>\n<td><span data-path-to-node=\"9,1,1,0\">Bater\u00edas de vuelo inteligentes serie GDU S200 (ADC-200A)<\/span><\/td>\n<\/tr>\n<tr>\n<td><span data-path-to-node=\"9,2,0,0\"><b data-path-to-node=\"9,2,0,0\" data-index-in-node=\"0\">Potencia de salida<\/b><\/span><\/td>\n<td><span data-path-to-node=\"9,2,1,0\">272W<\/span><\/td>\n<\/tr>\n<tr>\n<td><span data-path-to-node=\"9,3,0,0\"><b data-path-to-node=\"9,3,0,0\" data-index-in-node=\"0\">Voltaje de entrada<\/b><\/span><\/td>\n<td><span data-path-to-node=\"9,3,1,0\">90\u2013264 V CA, 47\u201363 Hz<\/span><\/td>\n<\/tr>\n<tr>\n<td><span data-path-to-node=\"9,4,0,0\"><b data-path-to-node=\"9,4,0,0\" data-index-in-node=\"0\">Tiempo de carga<\/b><\/span><\/td>\n<td><span data-path-to-node=\"9,4,1,0\">~60 minutos (completo) \/ ~25 minutos (20% a 90%)<\/span><\/td>\n<\/tr>\n<tr>\n<td><span data-path-to-node=\"9,5,0,0\"><b data-path-to-node=\"9,5,0,0\" data-index-in-node=\"0\">Peso<\/b><\/span><\/td>\n<td><span data-path-to-node=\"9,5,1,0\">79 g (base individual) \/ 220 g (concentrador inteligente)<\/span><\/td>\n<\/tr>\n<tr>\n<td><span data-path-to-node=\"9,6,0,0\"><b data-path-to-node=\"9,6,0,0\" data-index-in-node=\"0\">Indicadores<\/b><\/span><\/td>\n<td><span data-path-to-node=\"9,6,1,0\">Se\u00f1ales LED de carga, completada y mal funcionamiento<\/span><\/td>\n<\/tr>\n<\/tbody>\n<\/table>","protected":false},"excerpt":{"rendered":"<p><span class=\"\">El <\/span><b class=\"\" data-path-to-node=\"0\" data-index-in-node=\"4\">Cargador GDU ACD-200<\/b><span class=\"\"> (y su variante de buje,<\/span><span class=\"\"> el <\/span><b class=\"\" data-path-to-node=\"0\" data-index-in-node=\"50\">ACD-200GJ<\/b><span class=\"\">) es una soluci\u00f3n de energ\u00eda de nivel profesional dise\u00f1ada espec\u00edficamente para los drones industriales de la serie S200.<\/span><span class=\"\"> Dise\u00f1ado para una r\u00e1pida respuesta en el campo,<\/span><span class=\"\"> Este cargador equilibra la alta potencia de salida con protocolos de seguridad avanzados para mantener sus operaciones de vuelo en movimiento.<\/span><\/p>","protected":false},"featured_media":24105,"comment_status":"open","ping_status":"closed","template":"","meta":[],"product_brand":[1369],"product_cat":[29,1360,1362,1359],"product_tag":[1370,1374,1371],"class_list":{"0":"post-24104","1":"product","2":"type-product","3":"status-publish","4":"has-post-thumbnail","6":"product_brand-gdu-tech","7":"product_cat-drones","8":"product_cat-gdu-s200-series","9":"product_cat-gdu-s200-series-accessories","10":"product_cat-gdu-tech","11":"product_tag-gdu-s200-series","12":"product_tag-gdu-s200-series-accessories","13":"product_tag-gdu-tech","15":"first","16":"outofstock","17":"taxable","18":"shipping-taxable","19":"purchasable","20":"product-type-simple"},"yoast_head":"<!-- This site is optimized with the Yoast SEO plugin v27.1.1 - https:\/\/yoast.com\/product\/yoast-seo-wordpress\/ -->\n<title>GDU Charger for S200 Series Drone Battery - Ghostysky<\/title>\n<meta name=\"description\" content=\"The GDU ACD-200 Charger (and its hub variant, the ACD-200GJ) is a professional-grade power solution specifically engineered for the S200 Series industrial drones. Designed for rapid turnaround in the field, this charger balances high power output with advanced safety protocols to keep your flight operations moving.\" \/>\n<meta name=\"robots\" content=\"index, follow, max-snippet:-1, max-image-preview:large, max-video-preview:-1\" \/>\n<link rel=\"canonical\" href=\"https:\/\/www.ghostysky.com\/es\/producto-2\/gdu-charger-for-s200-series-drone-battery\/\" \/>\n<meta property=\"og:locale\" content=\"es_ES\" \/>\n<meta property=\"og:type\" content=\"article\" \/>\n<meta property=\"og:title\" content=\"GDU Charger for S200 Series Drone Battery - Ghostysky\" \/>\n<meta property=\"og:description\" content=\"The GDU ACD-200 Charger (and its hub variant, the ACD-200GJ) is a professional-grade power solution specifically engineered for the S200 Series industrial drones. Designed for rapid turnaround in the field, this charger balances high power output with advanced safety protocols to keep your flight operations moving.\" \/>\n<meta property=\"og:url\" content=\"https:\/\/www.ghostysky.com\/es\/producto-2\/gdu-charger-for-s200-series-drone-battery\/\" \/>\n<meta property=\"og:site_name\" content=\"Ghostysky\" \/>\n<meta property=\"article:publisher\" content=\"https:\/\/www.facebook.com\/people\/Ghostysky\/100057676170234\/\" \/>\n<meta property=\"article:modified_time\" content=\"2026-02-08T08:17:21+00:00\" \/>\n<meta property=\"og:image\" content=\"https:\/\/www.ghostysky.com\/wp-content\/uploads\/2026\/02\/GH_GDU-Charger-for-S200-Series-Drone-Battery_1.webp\" \/>\n\t<meta property=\"og:image:width\" content=\"1200\" \/>\n\t<meta property=\"og:image:height\" content=\"1200\" \/>\n\t<meta property=\"og:image:type\" content=\"image\/webp\" \/>\n<meta name=\"twitter:card\" content=\"summary_large_image\" \/>\n<meta name=\"twitter:site\" content=\"@Gh0stysky\" \/>\n<meta name=\"twitter:label1\" content=\"Tiempo de lectura\" \/>\n\t<meta name=\"twitter:data1\" content=\"2 minutos\" \/>\n<script type=\"application\/ld+json\" class=\"yoast-schema-graph\">{\"@context\":\"https:\/\/schema.org\",\"@graph\":[{\"@type\":\"WebPage\",\"@id\":\"https:\/\/www.ghostysky.com\/product\/gdu-charger-for-s200-series-drone-battery\/\",\"url\":\"https:\/\/www.ghostysky.com\/product\/gdu-charger-for-s200-series-drone-battery\/\",\"name\":\"GDU Charger for S200 Series Drone Battery - Ghostysky\",\"isPartOf\":{\"@id\":\"https:\/\/www.ghostysky.com\/#website\"},\"primaryImageOfPage\":{\"@id\":\"https:\/\/www.ghostysky.com\/product\/gdu-charger-for-s200-series-drone-battery\/#primaryimage\"},\"image\":{\"@id\":\"https:\/\/www.ghostysky.com\/product\/gdu-charger-for-s200-series-drone-battery\/#primaryimage\"},\"thumbnailUrl\":\"https:\/\/www.ghostysky.com\/wp-content\/uploads\/2026\/02\/GH_GDU-Charger-for-S200-Series-Drone-Battery_1.webp\",\"datePublished\":\"2026-02-08T08:09:51+00:00\",\"dateModified\":\"2026-02-08T08:17:21+00:00\",\"description\":\"The GDU ACD-200 Charger (and its hub variant, the ACD-200GJ) is a professional-grade power solution specifically engineered for the S200 Series industrial drones. Designed for rapid turnaround in the field, this charger balances high power output with advanced safety protocols to keep your flight operations moving.\",\"breadcrumb\":{\"@id\":\"https:\/\/www.ghostysky.com\/product\/gdu-charger-for-s200-series-drone-battery\/#breadcrumb\"},\"inLanguage\":\"es\",\"potentialAction\":[{\"@type\":\"ReadAction\",\"target\":[\"https:\/\/www.ghostysky.com\/product\/gdu-charger-for-s200-series-drone-battery\/\"]}]},{\"@type\":\"ImageObject\",\"inLanguage\":\"es\",\"@id\":\"https:\/\/www.ghostysky.com\/product\/gdu-charger-for-s200-series-drone-battery\/#primaryimage\",\"url\":\"https:\/\/www.ghostysky.com\/wp-content\/uploads\/2026\/02\/GH_GDU-Charger-for-S200-Series-Drone-Battery_1.webp\",\"contentUrl\":\"https:\/\/www.ghostysky.com\/wp-content\/uploads\/2026\/02\/GH_GDU-Charger-for-S200-Series-Drone-Battery_1.webp\",\"width\":1200,\"height\":1200},{\"@type\":\"BreadcrumbList\",\"@id\":\"https:\/\/www.ghostysky.com\/product\/gdu-charger-for-s200-series-drone-battery\/#breadcrumb\",\"itemListElement\":[{\"@type\":\"ListItem\",\"position\":1,\"name\":\"Home\",\"item\":\"https:\/\/www.ghostysky.com\/\"},{\"@type\":\"ListItem\",\"position\":2,\"name\":\"Shop\",\"item\":\"https:\/\/www.ghostysky.com\/shop\/\"},{\"@type\":\"ListItem\",\"position\":3,\"name\":\"GDU Charger for S200 Series Drone Battery\"}]},{\"@type\":\"WebSite\",\"@id\":\"https:\/\/www.ghostysky.com\/#website\",\"url\":\"https:\/\/www.ghostysky.com\/\",\"name\":\"Ghostysky\",\"description\":\"Delivering professional drones and services\",\"publisher\":{\"@id\":\"https:\/\/www.ghostysky.com\/#organization\"},\"potentialAction\":[{\"@type\":\"SearchAction\",\"target\":{\"@type\":\"EntryPoint\",\"urlTemplate\":\"https:\/\/www.ghostysky.com\/?s={search_term_string}\"},\"query-input\":{\"@type\":\"PropertyValueSpecification\",\"valueRequired\":true,\"valueName\":\"search_term_string\"}}],\"inLanguage\":\"es\"},{\"@type\":\"Organization\",\"@id\":\"https:\/\/www.ghostysky.com\/#organization\",\"name\":\"Ghostysky\",\"url\":\"https:\/\/www.ghostysky.com\/\",\"logo\":{\"@type\":\"ImageObject\",\"inLanguage\":\"es\",\"@id\":\"https:\/\/www.ghostysky.com\/#\/schema\/logo\/image\/\",\"url\":\"https:\/\/www.ghostysky.com\/wp-content\/uploads\/2020\/06\/cropped-ghostyskylogo_text_white2.png\",\"contentUrl\":\"https:\/\/www.ghostysky.com\/wp-content\/uploads\/2020\/06\/cropped-ghostyskylogo_text_white2.png\",\"width\":169,\"height\":56,\"caption\":\"Ghostysky\"},\"image\":{\"@id\":\"https:\/\/www.ghostysky.com\/#\/schema\/logo\/image\/\"},\"sameAs\":[\"https:\/\/www.facebook.com\/people\/Ghostysky\/100057676170234\/\",\"https:\/\/x.com\/Gh0stysky\",\"https:\/\/www.linkedin.com\/company\/34739653\",\"https:\/\/www.instagram.com\/gh0stysky\"]}]}<\/script>\n<!-- \/ Yoast SEO plugin. -->","yoast_head_json":{"title":"Cargador GDU para bater\u00eda de dron de la serie S200 - Ghostysky","description":"El cargador GDU ACD-200 (y su variante de concentrador, el ACD-200GJ) es una soluci\u00f3n de alimentaci\u00f3n de calidad profesional dise\u00f1ada espec\u00edficamente para los drones industriales de la serie S200. Dise\u00f1ado para una r\u00e1pida respuesta en campo, este cargador equilibra la alta potencia de salida con protocolos de seguridad avanzados para garantizar la continuidad de sus operaciones de vuelo.","robots":{"index":"index","follow":"follow","max-snippet":"max-snippet:-1","max-image-preview":"max-image-preview:large","max-video-preview":"max-video-preview:-1"},"canonical":"https:\/\/www.ghostysky.com\/es\/producto-2\/gdu-charger-for-s200-series-drone-battery\/","og_locale":"es_ES","og_type":"article","og_title":"GDU Charger for S200 Series Drone Battery - Ghostysky","og_description":"The GDU ACD-200 Charger (and its hub variant, the ACD-200GJ) is a professional-grade power solution specifically engineered for the S200 Series industrial drones. Designed for rapid turnaround in the field, this charger balances high power output with advanced safety protocols to keep your flight operations moving.","og_url":"https:\/\/www.ghostysky.com\/es\/producto-2\/gdu-charger-for-s200-series-drone-battery\/","og_site_name":"Ghostysky","article_publisher":"https:\/\/www.facebook.com\/people\/Ghostysky\/100057676170234\/","article_modified_time":"2026-02-08T08:17:21+00:00","og_image":[{"width":1200,"height":1200,"url":"https:\/\/www.ghostysky.com\/wp-content\/uploads\/2026\/02\/GH_GDU-Charger-for-S200-Series-Drone-Battery_1.webp","type":"image\/webp"}],"twitter_card":"summary_large_image","twitter_site":"@Gh0stysky","twitter_misc":{"Tiempo de lectura":"2 minutos"},"schema":{"@context":"https:\/\/schema.org","@graph":[{"@type":"WebPage","@id":"https:\/\/www.ghostysky.com\/product\/gdu-charger-for-s200-series-drone-battery\/","url":"https:\/\/www.ghostysky.com\/product\/gdu-charger-for-s200-series-drone-battery\/","name":"Cargador GDU para bater\u00eda de dron de la serie S200 - Ghostysky","isPartOf":{"@id":"https:\/\/www.ghostysky.com\/#website"},"primaryImageOfPage":{"@id":"https:\/\/www.ghostysky.com\/product\/gdu-charger-for-s200-series-drone-battery\/#primaryimage"},"image":{"@id":"https:\/\/www.ghostysky.com\/product\/gdu-charger-for-s200-series-drone-battery\/#primaryimage"},"thumbnailUrl":"https:\/\/www.ghostysky.com\/wp-content\/uploads\/2026\/02\/GH_GDU-Charger-for-S200-Series-Drone-Battery_1.webp","datePublished":"2026-02-08T08:09:51+00:00","dateModified":"2026-02-08T08:17:21+00:00","description":"El cargador GDU ACD-200 (y su variante de concentrador, el ACD-200GJ) es una soluci\u00f3n de alimentaci\u00f3n de calidad profesional dise\u00f1ada espec\u00edficamente para los drones industriales de la serie S200. Dise\u00f1ado para una r\u00e1pida respuesta en campo, este cargador equilibra la alta potencia de salida con protocolos de seguridad avanzados para garantizar la continuidad de sus operaciones de vuelo.","breadcrumb":{"@id":"https:\/\/www.ghostysky.com\/product\/gdu-charger-for-s200-series-drone-battery\/#breadcrumb"},"inLanguage":"es","potentialAction":[{"@type":"ReadAction","target":["https:\/\/www.ghostysky.com\/product\/gdu-charger-for-s200-series-drone-battery\/"]}]},{"@type":"ImageObject","inLanguage":"es","@id":"https:\/\/www.ghostysky.com\/product\/gdu-charger-for-s200-series-drone-battery\/#primaryimage","url":"https:\/\/www.ghostysky.com\/wp-content\/uploads\/2026\/02\/GH_GDU-Charger-for-S200-Series-Drone-Battery_1.webp","contentUrl":"https:\/\/www.ghostysky.com\/wp-content\/uploads\/2026\/02\/GH_GDU-Charger-for-S200-Series-Drone-Battery_1.webp","width":1200,"height":1200},{"@type":"BreadcrumbList","@id":"https:\/\/www.ghostysky.com\/product\/gdu-charger-for-s200-series-drone-battery\/#breadcrumb","itemListElement":[{"@type":"ListItem","position":1,"name":"Home","item":"https:\/\/www.ghostysky.com\/"},{"@type":"ListItem","position":2,"name":"Shop","item":"https:\/\/www.ghostysky.com\/shop\/"},{"@type":"ListItem","position":3,"name":"GDU Charger for S200 Series Drone Battery"}]},{"@type":"WebSite","@id":"https:\/\/www.ghostysky.com\/#website","url":"https:\/\/www.ghostysky.com\/","name":"Ghostysky","description":"Entrega de drones y servicios profesionales","publisher":{"@id":"https:\/\/www.ghostysky.com\/#organization"},"potentialAction":[{"@type":"SearchAction","target":{"@type":"EntryPoint","urlTemplate":"https:\/\/www.ghostysky.com\/?s={search_term_string}"},"query-input":{"@type":"PropertyValueSpecification","valueRequired":true,"valueName":"search_term_string"}}],"inLanguage":"es"},{"@type":"Organization","@id":"https:\/\/www.ghostysky.com\/#organization","name":"Ghostysky","url":"https:\/\/www.ghostysky.com\/","logo":{"@type":"ImageObject","inLanguage":"es","@id":"https:\/\/www.ghostysky.com\/#\/schema\/logo\/image\/","url":"https:\/\/www.ghostysky.com\/wp-content\/uploads\/2020\/06\/cropped-ghostyskylogo_text_white2.png","contentUrl":"https:\/\/www.ghostysky.com\/wp-content\/uploads\/2020\/06\/cropped-ghostyskylogo_text_white2.png","width":169,"height":56,"caption":"Ghostysky"},"image":{"@id":"https:\/\/www.ghostysky.com\/#\/schema\/logo\/image\/"},"sameAs":["https:\/\/www.facebook.com\/people\/Ghostysky\/100057676170234\/","https:\/\/x.com\/Gh0stysky","https:\/\/www.linkedin.com\/company\/34739653","https:\/\/www.instagram.com\/gh0stysky"]}]}},"_links":{"self":[{"href":"https:\/\/www.ghostysky.com\/es\/wp-json\/wp\/v2\/product\/24104","targetHints":{"allow":["GET"]}}],"collection":[{"href":"https:\/\/www.ghostysky.com\/es\/wp-json\/wp\/v2\/product"}],"about":[{"href":"https:\/\/www.ghostysky.com\/es\/wp-json\/wp\/v2\/types\/product"}],"replies":[{"embeddable":true,"href":"https:\/\/www.ghostysky.com\/es\/wp-json\/wp\/v2\/comments?post=24104"}],"wp:featuredmedia":[{"embeddable":true,"href":"https:\/\/www.ghostysky.com\/es\/wp-json\/wp\/v2\/media\/24105"}],"wp:attachment":[{"href":"https:\/\/www.ghostysky.com\/es\/wp-json\/wp\/v2\/media?parent=24104"}],"wp:term":[{"taxonomy":"product_brand","embeddable":true,"href":"https:\/\/www.ghostysky.com\/es\/wp-json\/wp\/v2\/product_brand?post=24104"},{"taxonomy":"product_cat","embeddable":true,"href":"https:\/\/www.ghostysky.com\/es\/wp-json\/wp\/v2\/product_cat?post=24104"},{"taxonomy":"product_tag","embeddable":true,"href":"https:\/\/www.ghostysky.com\/es\/wp-json\/wp\/v2\/product_tag?post=24104"}],"curies":[{"name":"wp","href":"https:\/\/api.w.org\/{rel}","templated":true}]}}