{"id":24106,"date":"2026-02-08T08:19:09","date_gmt":"2026-02-08T08:19:09","guid":{"rendered":"https:\/\/www.ghostysky.com\/?post_type=product&#038;p=24106"},"modified":"2026-02-08T08:34:49","modified_gmt":"2026-02-08T08:34:49","slug":"gdu-s200-smart-charging-hub","status":"publish","type":"product","link":"https:\/\/www.ghostysky.com\/es\/product\/gdu-s200-smart-charging-hub\/","title":{"rendered":"Centro de carga inteligente GDU S200"},"content":{"rendered":"<h3 data-path-to-node=\"2\"><b data-path-to-node=\"2\" data-index-in-node=\"0\">Caracter\u00edsticas clave<\/b><\/h3>\n<ul data-path-to-node=\"3\">\n<li>\n<p data-path-to-node=\"3,0,0\"><b data-path-to-node=\"3,0,0\" data-index-in-node=\"0\">Carga secuencial inteligente:<\/b><span class=\"citation-49\"> El centro puede alojar hasta <\/span><b data-path-to-node=\"3,0,0\" data-index-in-node=\"63\"><span class=\"citation-49\">tres bater\u00edas de vuelo S200<\/span><\/b><span class=\"citation-49 citation-end-49\">.<\/span> <span class=\"citation-48 citation-end-48\">Detecta de forma inteligente los niveles de energ\u00eda restantes y prioriza la bater\u00eda con mayor carga primero, permiti\u00e9ndote volver al aire lo m\u00e1s r\u00e1pido posible.<\/span><\/p>\n<\/li>\n<li>\n<p data-path-to-node=\"3,1,0\"><b data-path-to-node=\"3,1,0\" data-index-in-node=\"0\"><span class=\"citation-47\">Entrega r\u00e1pida de potencia:<\/span><\/b><span class=\"citation-47\"> Con una alta potencia de salida de hasta <\/span><b data-path-to-node=\"3,1,0\" data-index-in-node=\"56\"><span class=\"citation-47\">272W<\/span><\/b><span class=\"citation-47\">, El concentrador puede cargar completamente una sola bater\u00eda de vuelo en aproximadamente <\/span><b data-path-to-node=\"3,1,0\" data-index-in-node=\"128\"><span class=\"citation-47\">60 minutos<\/span><\/b><span class=\"citation-47 citation-end-47\">.<\/span> <span class=\"citation-46\">Para necesidades urgentes, puede cargar una bater\u00eda de 20% a 90% en aproximadamente <\/span><b data-path-to-node=\"3,1,0\" data-index-in-node=\"211\"><span class=\"citation-46\">25 minutos<\/span><\/b><span class=\"citation-46 citation-end-46\">.<\/span><\/p>\n<\/li>\n<li>\n<p data-path-to-node=\"3,2,0\"><b data-path-to-node=\"3,2,0\" data-index-in-node=\"0\">Sistemas de seguridad integrales:<\/b> Dise\u00f1ado para confiabilidad industrial, el concentrador incluye protecciones integradas contra:<\/p>\n<ul data-path-to-node=\"3,2,1\">\n<li>\n<p data-path-to-node=\"3,2,1,0,0\"><span class=\"citation-45 citation-end-45\">Cortocircuitos<\/span><\/p>\n<\/li>\n<li>\n<p data-path-to-node=\"3,2,1,1,0\">Sobretensi\u00f3n y sobrecorriente<\/p>\n<\/li>\n<li>\n<p data-path-to-node=\"3,2,1,2,0\"><span class=\"citation-44 citation-end-44\">Sobretemperatura<\/span><\/p>\n<\/li>\n<li>\n<p data-path-to-node=\"3,2,1,3,0\">Protecci\u00f3n anti-reflujo<\/p>\n<\/li>\n<\/ul>\n<\/li>\n<li>\n<p data-path-to-node=\"3,3,0\"><b data-path-to-node=\"3,3,0\" data-index-in-node=\"0\"><span class=\"citation-43\">Port\u00e1til y ligero:<\/span><\/b><span class=\"citation-43\"> Solo pesaje <\/span><b data-path-to-node=\"3,3,0\" data-index-in-node=\"38\"><span class=\"citation-43\">220 g (7,76 onzas)<\/span><\/b><span class=\"citation-43 citation-end-43\">, El concentrador est\u00e1 dise\u00f1ado para transportarse f\u00e1cilmente en estuches o mochilas para drones, lo que lo hace ideal para inspecciones remotas y misiones de seguridad p\u00fablica.<\/span><\/p>\n<\/li>\n<li>\n<p data-path-to-node=\"3,4,0\"><b data-path-to-node=\"3,4,0\" data-index-in-node=\"0\"><span class=\"citation-42\">Indicadores LED inteligentes:<\/span><\/b><span class=\"citation-42 citation-end-42\"> Las actualizaciones de estado claras y en tiempo real informan al usuario sobre el progreso de la carga, la finalizaci\u00f3n, advertencias de temperatura o posibles fallas de funcionamiento de un vistazo.<\/span><\/p>\n<p>&nbsp;<\/li>\n<\/ul>\n<h3 data-path-to-node=\"5\"><b data-path-to-node=\"5\" data-index-in-node=\"0\">Especificaciones t\u00e9cnicas<\/b><\/h3>\n<table data-path-to-node=\"6\">\n<thead>\n<tr>\n<td><strong>Especificaci\u00f3n<\/strong><\/td>\n<td><strong>Detalles<\/strong><\/td>\n<\/tr>\n<\/thead>\n<tbody>\n<tr>\n<td><span data-path-to-node=\"6,1,0,0\"><b data-path-to-node=\"6,1,0,0\" data-index-in-node=\"0\">Modelo<\/b><\/span><\/td>\n<td><span data-path-to-node=\"6,1,1,0\">ACD-200GJ<\/span><\/td>\n<\/tr>\n<tr>\n<td><span data-path-to-node=\"6,2,0,0\"><b data-path-to-node=\"6,2,0,0\" data-index-in-node=\"0\">Compatibilidad<\/b><\/span><\/td>\n<td><span data-path-to-node=\"6,2,1,0\">Bater\u00edas GDU S200, S220 y S220 Pro<\/span><\/td>\n<\/tr>\n<tr>\n<td><span data-path-to-node=\"6,3,0,0\"><b data-path-to-node=\"6,3,0,0\" data-index-in-node=\"0\">Potencia m\u00e1xima de salida<\/b><\/span><\/td>\n<td><span data-path-to-node=\"6,3,1,0\">272W<\/span><\/td>\n<\/tr>\n<tr>\n<td><span data-path-to-node=\"6,4,0,0\"><b data-path-to-node=\"6,4,0,0\" data-index-in-node=\"0\">Ranuras de carga<\/b><\/span><\/td>\n<td><span data-path-to-node=\"6,4,1,0\">3 (Secuencial)<\/span><\/td>\n<\/tr>\n<tr>\n<td><span data-path-to-node=\"6,5,0,0\"><b data-path-to-node=\"6,5,0,0\" data-index-in-node=\"0\">Peso<\/b><\/span><\/td>\n<td><span data-path-to-node=\"6,5,1,0\">220 gramos<\/span><\/td>\n<\/tr>\n<tr>\n<td><span data-path-to-node=\"6,6,0,0\"><b data-path-to-node=\"6,6,0,0\" data-index-in-node=\"0\">Temperatura de funcionamiento<\/b><\/span><\/td>\n<td><span data-path-to-node=\"6,6,1,0\"><span class=\"math-inline\" data-math=\"5^\\circ\\text{C}\" data-index-in-node=\"0\">5\u00baC a <\/span><span class=\"math-inline\" data-math=\"40^\\circ\\text{C}\" data-index-in-node=\"19\">40\u00baC<\/span> (<span class=\"math-inline\" data-math=\"41^\\circ\\text{F}\" data-index-in-node=\"37\">41\u00baF <\/span>a <span class=\"math-inline\" data-math=\"104^\\circ\\text{F}\" data-index-in-node=\"57\">104\u00baF<\/span>)<\/span><\/td>\n<\/tr>\n<tr>\n<td><span data-path-to-node=\"6,7,0,0\"><b data-path-to-node=\"6,7,0,0\" data-index-in-node=\"0\">Tiempo de carga completa<\/b><\/span><\/td>\n<td><span data-path-to-node=\"6,7,1,0\">Aprox. 60 minutos por bater\u00eda<\/span><\/td>\n<\/tr>\n<\/tbody>\n<\/table>\n<p>&nbsp;<\/p>\n<h3 data-path-to-node=\"8\"><b data-path-to-node=\"8\" data-index-in-node=\"0\">\u00bfPor qu\u00e9 elegir este centro?<\/b><\/h3>\n<p data-path-to-node=\"9\">A diferencia de los cargadores individuales est\u00e1ndar, el Smart Charging Hub elimina la necesidad de intervenci\u00f3n manual. <span class=\"citation-41 citation-end-41\">Puede conectar todo el conjunto de bater\u00edas al final de una misi\u00f3n y dejar que el concentrador administre la distribuci\u00f3n de energ\u00eda, lo que garantiza que su bater\u00eda &quot;m\u00e1s nueva&quot; siempre est\u00e9 lista primero.<\/span><\/p>","protected":false},"excerpt":{"rendered":"<p><span class=\"citation-51\">El <\/span><b data-path-to-node=\"0\" data-index-in-node=\"4\"><span class=\"citation-51\">Centro de carga inteligente GDU ACD-200GJ<\/span><\/b><span class=\"citation-51\"> es una soluci\u00f3n de gesti\u00f3n de energ\u00eda de alta eficiencia dise\u00f1ada espec\u00edficamente para <\/span><b data-path-to-node=\"0\" data-index-in-node=\"114\"><span class=\"citation-51\">Serie GDU S200<\/span><\/b><span class=\"citation-51 citation-end-51\"> drones industriales.<\/span> <span class=\"citation-50 citation-end-50\">Es un accesorio esencial para los operadores profesionales que necesitan minimizar el tiempo de inactividad y mantener un flujo de trabajo de vuelo continuo en el campo.<\/span><\/p>","protected":false},"featured_media":24112,"comment_status":"open","ping_status":"closed","template":"","meta":[],"product_brand":[1369],"product_cat":[29,1360,1362,1359],"product_tag":[1370,1374,1371],"class_list":{"0":"post-24106","1":"product","2":"type-product","3":"status-publish","4":"has-post-thumbnail","6":"product_brand-gdu-tech","7":"product_cat-drones","8":"product_cat-gdu-s200-series","9":"product_cat-gdu-s200-series-accessories","10":"product_cat-gdu-tech","11":"product_tag-gdu-s200-series","12":"product_tag-gdu-s200-series-accessories","13":"product_tag-gdu-tech","15":"first","16":"outofstock","17":"taxable","18":"shipping-taxable","19":"purchasable","20":"product-type-simple"},"yoast_head":"<!-- This site is optimized with the Yoast SEO plugin v27.4 - https:\/\/yoast.com\/product\/yoast-seo-wordpress\/ -->\n<title>GDU S200 smart charging hub - Ghostysky<\/title>\n<meta name=\"description\" content=\"The GDU ACD-200GJ Smart Charging Hub is a high-efficiency power management solution designed specifically for the GDU S200 Series industrial drones. It is an essential accessory for professional operators who need to minimize downtime and maintain a continuous flight workflow in the field.\" \/>\n<meta name=\"robots\" content=\"index, follow, max-snippet:-1, max-image-preview:large, max-video-preview:-1\" \/>\n<link rel=\"canonical\" href=\"https:\/\/www.ghostysky.com\/es\/producto-2\/gdu-s200-smart-charging-hub\/\" \/>\n<meta property=\"og:locale\" content=\"es_ES\" \/>\n<meta property=\"og:type\" content=\"article\" \/>\n<meta property=\"og:title\" content=\"GDU S200 smart charging hub - Ghostysky\" \/>\n<meta property=\"og:description\" content=\"The GDU ACD-200GJ Smart Charging Hub is a high-efficiency power management solution designed specifically for the GDU S200 Series industrial drones. It is an essential accessory for professional operators who need to minimize downtime and maintain a continuous flight workflow in the field.\" \/>\n<meta property=\"og:url\" content=\"https:\/\/www.ghostysky.com\/es\/producto-2\/gdu-s200-smart-charging-hub\/\" \/>\n<meta property=\"og:site_name\" content=\"Ghostysky\" \/>\n<meta property=\"article:publisher\" content=\"https:\/\/www.facebook.com\/people\/Ghostysky\/100057676170234\/\" \/>\n<meta property=\"article:modified_time\" content=\"2026-02-08T08:34:49+00:00\" \/>\n<meta property=\"og:image\" content=\"https:\/\/www.ghostysky.com\/wp-content\/uploads\/2026\/02\/GH_GDU-S200-smart-charging-hub1_.webp\" \/>\n\t<meta property=\"og:image:width\" content=\"1200\" \/>\n\t<meta property=\"og:image:height\" content=\"1200\" \/>\n\t<meta property=\"og:image:type\" content=\"image\/webp\" \/>\n<meta name=\"twitter:card\" content=\"summary_large_image\" \/>\n<meta name=\"twitter:site\" content=\"@Gh0stysky\" \/>\n<meta name=\"twitter:label1\" content=\"Tiempo de lectura\" \/>\n\t<meta name=\"twitter:data1\" content=\"2 minutos\" \/>\n<script type=\"application\/ld+json\" class=\"yoast-schema-graph\">{\"@context\":\"https:\\\/\\\/schema.org\",\"@graph\":[{\"@type\":\"WebPage\",\"@id\":\"https:\\\/\\\/www.ghostysky.com\\\/product\\\/gdu-s200-smart-charging-hub\\\/\",\"url\":\"https:\\\/\\\/www.ghostysky.com\\\/product\\\/gdu-s200-smart-charging-hub\\\/\",\"name\":\"GDU S200 smart charging hub - Ghostysky\",\"isPartOf\":{\"@id\":\"https:\\\/\\\/www.ghostysky.com\\\/#website\"},\"primaryImageOfPage\":{\"@id\":\"https:\\\/\\\/www.ghostysky.com\\\/product\\\/gdu-s200-smart-charging-hub\\\/#primaryimage\"},\"image\":{\"@id\":\"https:\\\/\\\/www.ghostysky.com\\\/product\\\/gdu-s200-smart-charging-hub\\\/#primaryimage\"},\"thumbnailUrl\":\"https:\\\/\\\/www.ghostysky.com\\\/wp-content\\\/uploads\\\/2026\\\/02\\\/GH_GDU-S200-smart-charging-hub1_.webp\",\"datePublished\":\"2026-02-08T08:19:09+00:00\",\"dateModified\":\"2026-02-08T08:34:49+00:00\",\"description\":\"The GDU ACD-200GJ Smart Charging Hub is a high-efficiency power management solution designed specifically for the GDU S200 Series industrial drones. It is an essential accessory for professional operators who need to minimize downtime and maintain a continuous flight workflow in the field.\",\"breadcrumb\":{\"@id\":\"https:\\\/\\\/www.ghostysky.com\\\/product\\\/gdu-s200-smart-charging-hub\\\/#breadcrumb\"},\"inLanguage\":\"es\",\"potentialAction\":[{\"@type\":\"ReadAction\",\"target\":[\"https:\\\/\\\/www.ghostysky.com\\\/product\\\/gdu-s200-smart-charging-hub\\\/\"]}]},{\"@type\":\"ImageObject\",\"inLanguage\":\"es\",\"@id\":\"https:\\\/\\\/www.ghostysky.com\\\/product\\\/gdu-s200-smart-charging-hub\\\/#primaryimage\",\"url\":\"https:\\\/\\\/www.ghostysky.com\\\/wp-content\\\/uploads\\\/2026\\\/02\\\/GH_GDU-S200-smart-charging-hub1_.webp\",\"contentUrl\":\"https:\\\/\\\/www.ghostysky.com\\\/wp-content\\\/uploads\\\/2026\\\/02\\\/GH_GDU-S200-smart-charging-hub1_.webp\",\"width\":1200,\"height\":1200},{\"@type\":\"BreadcrumbList\",\"@id\":\"https:\\\/\\\/www.ghostysky.com\\\/product\\\/gdu-s200-smart-charging-hub\\\/#breadcrumb\",\"itemListElement\":[{\"@type\":\"ListItem\",\"position\":1,\"name\":\"Home\",\"item\":\"https:\\\/\\\/www.ghostysky.com\\\/\"},{\"@type\":\"ListItem\",\"position\":2,\"name\":\"Shop\",\"item\":\"https:\\\/\\\/www.ghostysky.com\\\/shop\\\/\"},{\"@type\":\"ListItem\",\"position\":3,\"name\":\"GDU S200 smart charging hub\"}]},{\"@type\":\"WebSite\",\"@id\":\"https:\\\/\\\/www.ghostysky.com\\\/#website\",\"url\":\"https:\\\/\\\/www.ghostysky.com\\\/\",\"name\":\"Ghostysky\",\"description\":\"Delivering professional drones and services\",\"publisher\":{\"@id\":\"https:\\\/\\\/www.ghostysky.com\\\/#organization\"},\"potentialAction\":[{\"@type\":\"SearchAction\",\"target\":{\"@type\":\"EntryPoint\",\"urlTemplate\":\"https:\\\/\\\/www.ghostysky.com\\\/?s={search_term_string}\"},\"query-input\":{\"@type\":\"PropertyValueSpecification\",\"valueRequired\":true,\"valueName\":\"search_term_string\"}}],\"inLanguage\":\"es\"},{\"@type\":\"Organization\",\"@id\":\"https:\\\/\\\/www.ghostysky.com\\\/#organization\",\"name\":\"Ghostysky\",\"url\":\"https:\\\/\\\/www.ghostysky.com\\\/\",\"logo\":{\"@type\":\"ImageObject\",\"inLanguage\":\"es\",\"@id\":\"https:\\\/\\\/www.ghostysky.com\\\/#\\\/schema\\\/logo\\\/image\\\/\",\"url\":\"https:\\\/\\\/www.ghostysky.com\\\/wp-content\\\/uploads\\\/2020\\\/06\\\/cropped-ghostyskylogo_text_white2.png\",\"contentUrl\":\"https:\\\/\\\/www.ghostysky.com\\\/wp-content\\\/uploads\\\/2020\\\/06\\\/cropped-ghostyskylogo_text_white2.png\",\"width\":169,\"height\":56,\"caption\":\"Ghostysky\"},\"image\":{\"@id\":\"https:\\\/\\\/www.ghostysky.com\\\/#\\\/schema\\\/logo\\\/image\\\/\"},\"sameAs\":[\"https:\\\/\\\/www.facebook.com\\\/people\\\/Ghostysky\\\/100057676170234\\\/\",\"https:\\\/\\\/x.com\\\/Gh0stysky\",\"https:\\\/\\\/www.linkedin.com\\\/company\\\/34739653\",\"https:\\\/\\\/www.instagram.com\\\/gh0stysky\"]}]}<\/script>\n<!-- \/ Yoast SEO plugin. -->","yoast_head_json":{"title":"Centro de carga inteligente GDU S200 - Ghostysky","description":"El concentrador de carga inteligente GDU ACD-200GJ es una soluci\u00f3n de gesti\u00f3n de energ\u00eda de alta eficiencia dise\u00f1ada espec\u00edficamente para los drones industriales de la serie GDU S200. Es un accesorio esencial para operadores profesionales que necesitan minimizar el tiempo de inactividad y mantener un flujo de trabajo continuo en campo.","robots":{"index":"index","follow":"follow","max-snippet":"max-snippet:-1","max-image-preview":"max-image-preview:large","max-video-preview":"max-video-preview:-1"},"canonical":"https:\/\/www.ghostysky.com\/es\/producto-2\/gdu-s200-smart-charging-hub\/","og_locale":"es_ES","og_type":"article","og_title":"GDU S200 smart charging hub - Ghostysky","og_description":"The GDU ACD-200GJ Smart Charging Hub is a high-efficiency power management solution designed specifically for the GDU S200 Series industrial drones. It is an essential accessory for professional operators who need to minimize downtime and maintain a continuous flight workflow in the field.","og_url":"https:\/\/www.ghostysky.com\/es\/producto-2\/gdu-s200-smart-charging-hub\/","og_site_name":"Ghostysky","article_publisher":"https:\/\/www.facebook.com\/people\/Ghostysky\/100057676170234\/","article_modified_time":"2026-02-08T08:34:49+00:00","og_image":[{"width":1200,"height":1200,"url":"https:\/\/www.ghostysky.com\/wp-content\/uploads\/2026\/02\/GH_GDU-S200-smart-charging-hub1_.webp","type":"image\/webp"}],"twitter_card":"summary_large_image","twitter_site":"@Gh0stysky","twitter_misc":{"Tiempo de lectura":"2 minutos"},"schema":{"@context":"https:\/\/schema.org","@graph":[{"@type":"WebPage","@id":"https:\/\/www.ghostysky.com\/product\/gdu-s200-smart-charging-hub\/","url":"https:\/\/www.ghostysky.com\/product\/gdu-s200-smart-charging-hub\/","name":"Centro de carga inteligente GDU S200 - Ghostysky","isPartOf":{"@id":"https:\/\/www.ghostysky.com\/#website"},"primaryImageOfPage":{"@id":"https:\/\/www.ghostysky.com\/product\/gdu-s200-smart-charging-hub\/#primaryimage"},"image":{"@id":"https:\/\/www.ghostysky.com\/product\/gdu-s200-smart-charging-hub\/#primaryimage"},"thumbnailUrl":"https:\/\/www.ghostysky.com\/wp-content\/uploads\/2026\/02\/GH_GDU-S200-smart-charging-hub1_.webp","datePublished":"2026-02-08T08:19:09+00:00","dateModified":"2026-02-08T08:34:49+00:00","description":"El concentrador de carga inteligente GDU ACD-200GJ es una soluci\u00f3n de gesti\u00f3n de energ\u00eda de alta eficiencia dise\u00f1ada espec\u00edficamente para los drones industriales de la serie GDU S200. Es un accesorio esencial para operadores profesionales que necesitan minimizar el tiempo de inactividad y mantener un flujo de trabajo continuo en campo.","breadcrumb":{"@id":"https:\/\/www.ghostysky.com\/product\/gdu-s200-smart-charging-hub\/#breadcrumb"},"inLanguage":"es","potentialAction":[{"@type":"ReadAction","target":["https:\/\/www.ghostysky.com\/product\/gdu-s200-smart-charging-hub\/"]}]},{"@type":"ImageObject","inLanguage":"es","@id":"https:\/\/www.ghostysky.com\/product\/gdu-s200-smart-charging-hub\/#primaryimage","url":"https:\/\/www.ghostysky.com\/wp-content\/uploads\/2026\/02\/GH_GDU-S200-smart-charging-hub1_.webp","contentUrl":"https:\/\/www.ghostysky.com\/wp-content\/uploads\/2026\/02\/GH_GDU-S200-smart-charging-hub1_.webp","width":1200,"height":1200},{"@type":"BreadcrumbList","@id":"https:\/\/www.ghostysky.com\/product\/gdu-s200-smart-charging-hub\/#breadcrumb","itemListElement":[{"@type":"ListItem","position":1,"name":"Home","item":"https:\/\/www.ghostysky.com\/"},{"@type":"ListItem","position":2,"name":"Shop","item":"https:\/\/www.ghostysky.com\/shop\/"},{"@type":"ListItem","position":3,"name":"GDU S200 smart charging hub"}]},{"@type":"WebSite","@id":"https:\/\/www.ghostysky.com\/#website","url":"https:\/\/www.ghostysky.com\/","name":"Ghostysky","description":"Entrega de drones y servicios profesionales","publisher":{"@id":"https:\/\/www.ghostysky.com\/#organization"},"potentialAction":[{"@type":"SearchAction","target":{"@type":"EntryPoint","urlTemplate":"https:\/\/www.ghostysky.com\/?s={search_term_string}"},"query-input":{"@type":"PropertyValueSpecification","valueRequired":true,"valueName":"search_term_string"}}],"inLanguage":"es"},{"@type":"Organization","@id":"https:\/\/www.ghostysky.com\/#organization","name":"Ghostysky","url":"https:\/\/www.ghostysky.com\/","logo":{"@type":"ImageObject","inLanguage":"es","@id":"https:\/\/www.ghostysky.com\/#\/schema\/logo\/image\/","url":"https:\/\/www.ghostysky.com\/wp-content\/uploads\/2020\/06\/cropped-ghostyskylogo_text_white2.png","contentUrl":"https:\/\/www.ghostysky.com\/wp-content\/uploads\/2020\/06\/cropped-ghostyskylogo_text_white2.png","width":169,"height":56,"caption":"Ghostysky"},"image":{"@id":"https:\/\/www.ghostysky.com\/#\/schema\/logo\/image\/"},"sameAs":["https:\/\/www.facebook.com\/people\/Ghostysky\/100057676170234\/","https:\/\/x.com\/Gh0stysky","https:\/\/www.linkedin.com\/company\/34739653","https:\/\/www.instagram.com\/gh0stysky"]}]}},"_links":{"self":[{"href":"https:\/\/www.ghostysky.com\/es\/wp-json\/wp\/v2\/product\/24106","targetHints":{"allow":["GET"]}}],"collection":[{"href":"https:\/\/www.ghostysky.com\/es\/wp-json\/wp\/v2\/product"}],"about":[{"href":"https:\/\/www.ghostysky.com\/es\/wp-json\/wp\/v2\/types\/product"}],"replies":[{"embeddable":true,"href":"https:\/\/www.ghostysky.com\/es\/wp-json\/wp\/v2\/comments?post=24106"}],"version-history":[{"count":0,"href":"https:\/\/www.ghostysky.com\/es\/wp-json\/wp\/v2\/product\/24106\/revisions"}],"wp:featuredmedia":[{"embeddable":true,"href":"https:\/\/www.ghostysky.com\/es\/wp-json\/wp\/v2\/media\/24112"}],"wp:attachment":[{"href":"https:\/\/www.ghostysky.com\/es\/wp-json\/wp\/v2\/media?parent=24106"}],"wp:term":[{"taxonomy":"product_brand","embeddable":true,"href":"https:\/\/www.ghostysky.com\/es\/wp-json\/wp\/v2\/product_brand?post=24106"},{"taxonomy":"product_cat","embeddable":true,"href":"https:\/\/www.ghostysky.com\/es\/wp-json\/wp\/v2\/product_cat?post=24106"},{"taxonomy":"product_tag","embeddable":true,"href":"https:\/\/www.ghostysky.com\/es\/wp-json\/wp\/v2\/product_tag?post=24106"}],"curies":[{"name":"wp","href":"https:\/\/api.w.org\/{rel}","templated":true}]}}