{"id":24109,"date":"2026-02-08T08:27:15","date_gmt":"2026-02-08T08:27:15","guid":{"rendered":"https:\/\/www.ghostysky.com\/?post_type=product&#038;p=24109"},"modified":"2026-02-08T08:33:05","modified_gmt":"2026-02-08T08:33:05","slug":"gdu-s200-intelligent-flight-battery","status":"publish","type":"product","link":"https:\/\/www.ghostysky.com\/es\/product\/gdu-s200-intelligent-flight-battery\/","title":{"rendered":"Bater\u00eda de vuelo inteligente GDU S200"},"content":{"rendered":"<h3 data-path-to-node=\"1\"><b data-path-to-node=\"1\" data-index-in-node=\"0\">Especificaciones clave de rendimiento<\/b><\/h3>\n<ul data-path-to-node=\"2\">\n<li>\n<p data-path-to-node=\"2,0,0\"><b data-path-to-node=\"2,0,0\" data-index-in-node=\"0\"><span class=\"citation-88\">Capacidad:<\/span><\/b><span class=\"citation-88 citation-end-88\"> 8000 mAh<\/span><\/p>\n<\/li>\n<li>\n<p data-path-to-node=\"2,1,0\"><b data-path-to-node=\"2,1,0\" data-index-in-node=\"0\"><span class=\"citation-87\">Energ\u00eda:<\/span><\/b><span class=\"citation-87 citation-end-87\"> 115 Wh<\/span><\/p>\n<\/li>\n<li>\n<p data-path-to-node=\"2,2,0\"><b data-path-to-node=\"2,2,0\" data-index-in-node=\"0\"><span class=\"citation-86\">Voltaje:<\/span><\/b><span class=\"citation-86 citation-end-86\"> 14,8 V (nominal)<\/span><\/p>\n<\/li>\n<li>\n<p data-path-to-node=\"2,3,0\"><b data-path-to-node=\"2,3,0\" data-index-in-node=\"0\">Tipo de bater\u00eda:<\/b><span class=\"citation-85 citation-end-85\"> LiPo 4S<\/span><\/p>\n<\/li>\n<li>\n<p data-path-to-node=\"2,4,0\"><b data-path-to-node=\"2,4,0\" data-index-in-node=\"0\">Tiempo de vuelo:<\/b><span class=\"citation-84\"> Arriba a <\/span><b data-path-to-node=\"2,4,0\" data-index-in-node=\"19\"><span class=\"citation-84\">45 minutos<\/span><\/b><span class=\"citation-84 citation-end-84\"> (en las plataformas S200\/S220, dependiendo de la carga \u00fatil y las condiciones)<\/span><\/p>\n<\/li>\n<li>\n<p data-path-to-node=\"2,5,0\"><b data-path-to-node=\"2,5,0\" data-index-in-node=\"0\">Peso:<\/b> Aproximadamente 800g<\/p>\n<\/li>\n<\/ul>\n<h3 data-path-to-node=\"4\"><b data-path-to-node=\"4\" data-index-in-node=\"0\">Caracter\u00edsticas principales<\/b><\/h3>\n<ul data-path-to-node=\"5\">\n<li>\n<p data-path-to-node=\"5,0,0\"><b data-path-to-node=\"5,0,0\" data-index-in-node=\"0\">Sistema de gesti\u00f3n inteligente de bater\u00edas (BMS):<\/b> La palabra \u201cInteligente\u201d en su nombre proviene del BMS integrado que monitorea el estado de la celda en tiempo real. <span class=\"citation-83\">Proporciona protecci\u00f3n incorporada contra <\/span><b data-path-to-node=\"5,0,0\" data-index-in-node=\"182\"><span class=\"citation-83\">sobrecarga, sobredescarga, sobretensi\u00f3n y sobrecalentamiento<\/span><\/b><span class=\"citation-83 citation-end-83\">, lo que garantiza que la bater\u00eda se mantenga en buen estado durante cientos de ciclos.<\/span><\/p>\n<\/li>\n<li>\n<p data-path-to-node=\"5,1,0\"><b data-path-to-node=\"5,1,0\" data-index-in-node=\"0\">Autocalentamiento para climas fr\u00edos:<\/b><span class=\"citation-82\"> Dise\u00f1ada para entornos dif\u00edciles, la bater\u00eda funciona en temperaturas que var\u00edan entre <\/span><b data-path-to-node=\"5,1,0\" data-index-in-node=\"117\"><span class=\"citation-82\">-20\u00b0C a 55\u00b0C<\/span><\/b><span class=\"citation-82 citation-end-82\">.<\/span> En condiciones de fr\u00edo extremo, puede utilizar calefacci\u00f3n interna para mantener un rendimiento de descarga \u00f3ptimo, evitando ca\u00eddas repentinas de voltaje.<\/p>\n<\/li>\n<li>\n<p data-path-to-node=\"5,2,0\"><b data-path-to-node=\"5,2,0\" data-index-in-node=\"0\"><span class=\"citation-81\">Carga r\u00e1pida:<\/span><\/b><span class=\"citation-81\"> Cuando se utiliza con el concentrador de carga oficial GDU, admite una potencia de carga m\u00e1xima de <\/span><b data-path-to-node=\"5,2,0\" data-index-in-node=\"102\"><span class=\"citation-81\">272W<\/span><\/b><span class=\"citation-81 citation-end-81\">.<\/span> <span class=\"citation-80\">Esto permite que la bater\u00eda alcance una carga completa en aproximadamente <\/span><b data-path-to-node=\"5,2,0\" data-index-in-node=\"172\"><span class=\"citation-80\">50\u201360 minutos<\/span><\/b><span class=\"citation-80 citation-end-80\">, o una r\u00e1pida \u201ccarga de campo\u201d (20% a 90%) en s\u00f3lo 25 minutos.<\/span><\/p>\n<\/li>\n<li>\n<p data-path-to-node=\"5,3,0\"><b data-path-to-node=\"5,3,0\" data-index-in-node=\"0\"><span class=\"citation-79\">Indicadores de estado LED:<\/span><\/b><span class=\"citation-79 citation-end-79\"> Las luces LED integradas permiten a los pilotos verificar el nivel de carga actual y el estado de la bater\u00eda con solo presionar un bot\u00f3n, incluso cuando la bater\u00eda no est\u00e1 instalada en la aeronave.<\/span><\/p>\n<\/li>\n<li>\n<p data-path-to-node=\"5,4,0\"><b data-path-to-node=\"5,4,0\" data-index-in-node=\"0\">Dise\u00f1o de clic seguro:<\/b> Cuenta con un robusto mecanismo de bloqueo mec\u00e1nico para garantizar una conexi\u00f3n el\u00e9ctrica estable durante maniobras de alta velocidad (hasta 21 m\/s) y en condiciones de viento fuerte.<\/p>\n<\/li>\n<\/ul>\n<h3 data-path-to-node=\"7\"><b data-path-to-node=\"7\" data-index-in-node=\"0\">Compatibilidad<\/b><\/h3>\n<p data-path-to-node=\"8\">Esta bater\u00eda es la unidad de energ\u00eda est\u00e1ndar para los siguientes modelos GDU:<\/p>\n<ul data-path-to-node=\"9\">\n<li>\n<p data-path-to-node=\"9,0,0\"><b data-path-to-node=\"9,0,0\" data-index-in-node=\"0\"><span class=\"citation-78\">S200<\/span><\/b><span class=\"citation-78 citation-end-78\"> (Est\u00e1ndar \/ C\u00e1mara dual)<\/span><\/p>\n<\/li>\n<li>\n<p data-path-to-node=\"9,1,0\"><b data-path-to-node=\"9,1,0\" data-index-in-node=\"0\"><span class=\"citation-77\">S220 \/ S220 Pro<\/span><\/b><span class=\"citation-77 citation-end-77\"> (Modelos de triple c\u00e1mara\/t\u00e9rmicos)<\/span><\/p>\n<\/li>\n<\/ul>\n<blockquote data-path-to-node=\"10\">\n<p data-path-to-node=\"10,0\"><b data-path-to-node=\"10,0\" data-index-in-node=\"0\">Consejo profesional:<\/b> Para una mayor longevidad, GDU recomienda almacenar estas bater\u00edas con una carga de aproximadamente 50% si no se utilizar\u00e1n durante m\u00e1s de 10 d\u00edas.<\/p>\n<\/blockquote>","protected":false},"excerpt":{"rendered":"<p><span class=\"citation-90\">El <\/span><b data-path-to-node=\"0\" data-index-in-node=\"4\"><span class=\"citation-90\">Bater\u00eda de vuelo inteligente GDU ADC-200A<\/span><\/b><span class=\"citation-90 citation-end-90\"> es una fuente de energ\u00eda de alta capacidad dise\u00f1ada espec\u00edficamente para los drones industriales de la serie GDU S200.<\/span> <span class=\"citation-89 citation-end-89\">Dise\u00f1ado para operaciones de misi\u00f3n cr\u00edtica, como inspecci\u00f3n de infraestructura, respuesta a emergencias y seguridad p\u00fablica, equilibra la densidad de potencia con una gesti\u00f3n de seguridad avanzada.<\/span><\/p>","protected":false},"featured_media":24111,"comment_status":"open","ping_status":"closed","template":"","meta":[],"product_brand":[1369],"product_cat":[29,1360,1362,1359],"product_tag":[1370,1374,1371],"class_list":{"0":"post-24109","1":"product","2":"type-product","3":"status-publish","4":"has-post-thumbnail","6":"product_brand-gdu-tech","7":"product_cat-drones","8":"product_cat-gdu-s200-series","9":"product_cat-gdu-s200-series-accessories","10":"product_cat-gdu-tech","11":"product_tag-gdu-s200-series","12":"product_tag-gdu-s200-series-accessories","13":"product_tag-gdu-tech","15":"first","16":"outofstock","17":"taxable","18":"shipping-taxable","19":"purchasable","20":"product-type-simple"},"yoast_head":"<!-- This site is optimized with the Yoast SEO plugin v27.4 - https:\/\/yoast.com\/product\/yoast-seo-wordpress\/ -->\n<title>GDU S200 intelligent flight battery - Ghostysky<\/title>\n<meta name=\"description\" content=\"The GDU ADC-200A Intelligent Flight Battery is a high-capacity power source engineered specifically for the GDU S200 Series industrial drones. Designed for mission-critical operations such as infrastructure inspection, emergency response, and public safety, it balances power density with advanced safety management.\" \/>\n<meta name=\"robots\" content=\"index, follow, max-snippet:-1, max-image-preview:large, max-video-preview:-1\" \/>\n<link rel=\"canonical\" href=\"https:\/\/www.ghostysky.com\/es\/producto-2\/gdu-s200-intelligent-flight-battery\/\" \/>\n<meta property=\"og:locale\" content=\"es_ES\" \/>\n<meta property=\"og:type\" content=\"article\" \/>\n<meta property=\"og:title\" content=\"GDU S200 intelligent flight battery - Ghostysky\" \/>\n<meta property=\"og:description\" content=\"The GDU ADC-200A Intelligent Flight Battery is a high-capacity power source engineered specifically for the GDU S200 Series industrial drones. Designed for mission-critical operations such as infrastructure inspection, emergency response, and public safety, it balances power density with advanced safety management.\" \/>\n<meta property=\"og:url\" content=\"https:\/\/www.ghostysky.com\/es\/producto-2\/gdu-s200-intelligent-flight-battery\/\" \/>\n<meta property=\"og:site_name\" content=\"Ghostysky\" \/>\n<meta property=\"article:publisher\" content=\"https:\/\/www.facebook.com\/people\/Ghostysky\/100057676170234\/\" \/>\n<meta property=\"article:modified_time\" content=\"2026-02-08T08:33:05+00:00\" \/>\n<meta property=\"og:image\" content=\"https:\/\/www.ghostysky.com\/wp-content\/uploads\/2026\/02\/GH_S200-intelligent-flight-battery_1.webp\" \/>\n\t<meta property=\"og:image:width\" content=\"1200\" \/>\n\t<meta property=\"og:image:height\" content=\"1200\" \/>\n\t<meta property=\"og:image:type\" content=\"image\/webp\" \/>\n<meta name=\"twitter:card\" content=\"summary_large_image\" \/>\n<meta name=\"twitter:site\" content=\"@Gh0stysky\" \/>\n<meta name=\"twitter:label1\" content=\"Tiempo de lectura\" \/>\n\t<meta name=\"twitter:data1\" content=\"2 minutos\" \/>\n<script type=\"application\/ld+json\" class=\"yoast-schema-graph\">{\"@context\":\"https:\\\/\\\/schema.org\",\"@graph\":[{\"@type\":\"WebPage\",\"@id\":\"https:\\\/\\\/www.ghostysky.com\\\/product\\\/gdu-s200-intelligent-flight-battery\\\/\",\"url\":\"https:\\\/\\\/www.ghostysky.com\\\/product\\\/gdu-s200-intelligent-flight-battery\\\/\",\"name\":\"GDU S200 intelligent flight battery - Ghostysky\",\"isPartOf\":{\"@id\":\"https:\\\/\\\/www.ghostysky.com\\\/#website\"},\"primaryImageOfPage\":{\"@id\":\"https:\\\/\\\/www.ghostysky.com\\\/product\\\/gdu-s200-intelligent-flight-battery\\\/#primaryimage\"},\"image\":{\"@id\":\"https:\\\/\\\/www.ghostysky.com\\\/product\\\/gdu-s200-intelligent-flight-battery\\\/#primaryimage\"},\"thumbnailUrl\":\"https:\\\/\\\/www.ghostysky.com\\\/wp-content\\\/uploads\\\/2026\\\/02\\\/GH_S200-intelligent-flight-battery_1.webp\",\"datePublished\":\"2026-02-08T08:27:15+00:00\",\"dateModified\":\"2026-02-08T08:33:05+00:00\",\"description\":\"The GDU ADC-200A Intelligent Flight Battery is a high-capacity power source engineered specifically for the GDU S200 Series industrial drones. Designed for mission-critical operations such as infrastructure inspection, emergency response, and public safety, it balances power density with advanced safety management.\",\"breadcrumb\":{\"@id\":\"https:\\\/\\\/www.ghostysky.com\\\/product\\\/gdu-s200-intelligent-flight-battery\\\/#breadcrumb\"},\"inLanguage\":\"es\",\"potentialAction\":[{\"@type\":\"ReadAction\",\"target\":[\"https:\\\/\\\/www.ghostysky.com\\\/product\\\/gdu-s200-intelligent-flight-battery\\\/\"]}]},{\"@type\":\"ImageObject\",\"inLanguage\":\"es\",\"@id\":\"https:\\\/\\\/www.ghostysky.com\\\/product\\\/gdu-s200-intelligent-flight-battery\\\/#primaryimage\",\"url\":\"https:\\\/\\\/www.ghostysky.com\\\/wp-content\\\/uploads\\\/2026\\\/02\\\/GH_S200-intelligent-flight-battery_1.webp\",\"contentUrl\":\"https:\\\/\\\/www.ghostysky.com\\\/wp-content\\\/uploads\\\/2026\\\/02\\\/GH_S200-intelligent-flight-battery_1.webp\",\"width\":1200,\"height\":1200},{\"@type\":\"BreadcrumbList\",\"@id\":\"https:\\\/\\\/www.ghostysky.com\\\/product\\\/gdu-s200-intelligent-flight-battery\\\/#breadcrumb\",\"itemListElement\":[{\"@type\":\"ListItem\",\"position\":1,\"name\":\"Home\",\"item\":\"https:\\\/\\\/www.ghostysky.com\\\/\"},{\"@type\":\"ListItem\",\"position\":2,\"name\":\"Shop\",\"item\":\"https:\\\/\\\/www.ghostysky.com\\\/shop\\\/\"},{\"@type\":\"ListItem\",\"position\":3,\"name\":\"GDU S200 intelligent flight battery\"}]},{\"@type\":\"WebSite\",\"@id\":\"https:\\\/\\\/www.ghostysky.com\\\/#website\",\"url\":\"https:\\\/\\\/www.ghostysky.com\\\/\",\"name\":\"Ghostysky\",\"description\":\"Delivering professional drones and robotics solutions\",\"publisher\":{\"@id\":\"https:\\\/\\\/www.ghostysky.com\\\/#organization\"},\"potentialAction\":[{\"@type\":\"SearchAction\",\"target\":{\"@type\":\"EntryPoint\",\"urlTemplate\":\"https:\\\/\\\/www.ghostysky.com\\\/?s={search_term_string}\"},\"query-input\":{\"@type\":\"PropertyValueSpecification\",\"valueRequired\":true,\"valueName\":\"search_term_string\"}}],\"inLanguage\":\"es\"},{\"@type\":\"Organization\",\"@id\":\"https:\\\/\\\/www.ghostysky.com\\\/#organization\",\"name\":\"Ghostysky\",\"url\":\"https:\\\/\\\/www.ghostysky.com\\\/\",\"logo\":{\"@type\":\"ImageObject\",\"inLanguage\":\"es\",\"@id\":\"https:\\\/\\\/www.ghostysky.com\\\/#\\\/schema\\\/logo\\\/image\\\/\",\"url\":\"https:\\\/\\\/www.ghostysky.com\\\/wp-content\\\/uploads\\\/2020\\\/06\\\/cropped-ghostyskylogo_text_white2.png\",\"contentUrl\":\"https:\\\/\\\/www.ghostysky.com\\\/wp-content\\\/uploads\\\/2020\\\/06\\\/cropped-ghostyskylogo_text_white2.png\",\"width\":169,\"height\":56,\"caption\":\"Ghostysky\"},\"image\":{\"@id\":\"https:\\\/\\\/www.ghostysky.com\\\/#\\\/schema\\\/logo\\\/image\\\/\"},\"sameAs\":[\"https:\\\/\\\/www.facebook.com\\\/people\\\/Ghostysky\\\/100057676170234\\\/\",\"https:\\\/\\\/x.com\\\/Gh0stysky\",\"https:\\\/\\\/www.linkedin.com\\\/company\\\/34739653\",\"https:\\\/\\\/www.instagram.com\\\/gh0stysky\"]}]}<\/script>\n<!-- \/ Yoast SEO plugin. -->","yoast_head_json":{"title":"Bater\u00eda de vuelo inteligente GDU S200 - Ghostysky","description":"La Bater\u00eda de Vuelo Inteligente GDU ADC-200A es una fuente de energ\u00eda de alta capacidad dise\u00f1ada espec\u00edficamente para los drones industriales de la serie GDU S200. Dise\u00f1ada para operaciones cr\u00edticas como la inspecci\u00f3n de infraestructuras, la respuesta a emergencias y la seguridad p\u00fablica, equilibra la densidad de potencia con una gesti\u00f3n avanzada de la seguridad.","robots":{"index":"index","follow":"follow","max-snippet":"max-snippet:-1","max-image-preview":"max-image-preview:large","max-video-preview":"max-video-preview:-1"},"canonical":"https:\/\/www.ghostysky.com\/es\/producto-2\/gdu-s200-intelligent-flight-battery\/","og_locale":"es_ES","og_type":"article","og_title":"GDU S200 intelligent flight battery - Ghostysky","og_description":"The GDU ADC-200A Intelligent Flight Battery is a high-capacity power source engineered specifically for the GDU S200 Series industrial drones. Designed for mission-critical operations such as infrastructure inspection, emergency response, and public safety, it balances power density with advanced safety management.","og_url":"https:\/\/www.ghostysky.com\/es\/producto-2\/gdu-s200-intelligent-flight-battery\/","og_site_name":"Ghostysky","article_publisher":"https:\/\/www.facebook.com\/people\/Ghostysky\/100057676170234\/","article_modified_time":"2026-02-08T08:33:05+00:00","og_image":[{"width":1200,"height":1200,"url":"https:\/\/www.ghostysky.com\/wp-content\/uploads\/2026\/02\/GH_S200-intelligent-flight-battery_1.webp","type":"image\/webp"}],"twitter_card":"summary_large_image","twitter_site":"@Gh0stysky","twitter_misc":{"Tiempo de lectura":"2 minutos"},"schema":{"@context":"https:\/\/schema.org","@graph":[{"@type":"WebPage","@id":"https:\/\/www.ghostysky.com\/product\/gdu-s200-intelligent-flight-battery\/","url":"https:\/\/www.ghostysky.com\/product\/gdu-s200-intelligent-flight-battery\/","name":"Bater\u00eda de vuelo inteligente GDU S200 - Ghostysky","isPartOf":{"@id":"https:\/\/www.ghostysky.com\/#website"},"primaryImageOfPage":{"@id":"https:\/\/www.ghostysky.com\/product\/gdu-s200-intelligent-flight-battery\/#primaryimage"},"image":{"@id":"https:\/\/www.ghostysky.com\/product\/gdu-s200-intelligent-flight-battery\/#primaryimage"},"thumbnailUrl":"https:\/\/www.ghostysky.com\/wp-content\/uploads\/2026\/02\/GH_S200-intelligent-flight-battery_1.webp","datePublished":"2026-02-08T08:27:15+00:00","dateModified":"2026-02-08T08:33:05+00:00","description":"La Bater\u00eda de Vuelo Inteligente GDU ADC-200A es una fuente de energ\u00eda de alta capacidad dise\u00f1ada espec\u00edficamente para los drones industriales de la serie GDU S200. Dise\u00f1ada para operaciones cr\u00edticas como la inspecci\u00f3n de infraestructuras, la respuesta a emergencias y la seguridad p\u00fablica, equilibra la densidad de potencia con una gesti\u00f3n avanzada de la seguridad.","breadcrumb":{"@id":"https:\/\/www.ghostysky.com\/product\/gdu-s200-intelligent-flight-battery\/#breadcrumb"},"inLanguage":"es","potentialAction":[{"@type":"ReadAction","target":["https:\/\/www.ghostysky.com\/product\/gdu-s200-intelligent-flight-battery\/"]}]},{"@type":"ImageObject","inLanguage":"es","@id":"https:\/\/www.ghostysky.com\/product\/gdu-s200-intelligent-flight-battery\/#primaryimage","url":"https:\/\/www.ghostysky.com\/wp-content\/uploads\/2026\/02\/GH_S200-intelligent-flight-battery_1.webp","contentUrl":"https:\/\/www.ghostysky.com\/wp-content\/uploads\/2026\/02\/GH_S200-intelligent-flight-battery_1.webp","width":1200,"height":1200},{"@type":"BreadcrumbList","@id":"https:\/\/www.ghostysky.com\/product\/gdu-s200-intelligent-flight-battery\/#breadcrumb","itemListElement":[{"@type":"ListItem","position":1,"name":"Home","item":"https:\/\/www.ghostysky.com\/"},{"@type":"ListItem","position":2,"name":"Shop","item":"https:\/\/www.ghostysky.com\/shop\/"},{"@type":"ListItem","position":3,"name":"GDU S200 intelligent flight battery"}]},{"@type":"WebSite","@id":"https:\/\/www.ghostysky.com\/#website","url":"https:\/\/www.ghostysky.com\/","name":"Ghostysky","description":"Ofrecemos soluciones profesionales de drones y rob\u00f3tica.","publisher":{"@id":"https:\/\/www.ghostysky.com\/#organization"},"potentialAction":[{"@type":"SearchAction","target":{"@type":"EntryPoint","urlTemplate":"https:\/\/www.ghostysky.com\/?s={search_term_string}"},"query-input":{"@type":"PropertyValueSpecification","valueRequired":true,"valueName":"search_term_string"}}],"inLanguage":"es"},{"@type":"Organization","@id":"https:\/\/www.ghostysky.com\/#organization","name":"Ghostysky","url":"https:\/\/www.ghostysky.com\/","logo":{"@type":"ImageObject","inLanguage":"es","@id":"https:\/\/www.ghostysky.com\/#\/schema\/logo\/image\/","url":"https:\/\/www.ghostysky.com\/wp-content\/uploads\/2020\/06\/cropped-ghostyskylogo_text_white2.png","contentUrl":"https:\/\/www.ghostysky.com\/wp-content\/uploads\/2020\/06\/cropped-ghostyskylogo_text_white2.png","width":169,"height":56,"caption":"Ghostysky"},"image":{"@id":"https:\/\/www.ghostysky.com\/#\/schema\/logo\/image\/"},"sameAs":["https:\/\/www.facebook.com\/people\/Ghostysky\/100057676170234\/","https:\/\/x.com\/Gh0stysky","https:\/\/www.linkedin.com\/company\/34739653","https:\/\/www.instagram.com\/gh0stysky"]}]}},"_links":{"self":[{"href":"https:\/\/www.ghostysky.com\/es\/wp-json\/wp\/v2\/product\/24109","targetHints":{"allow":["GET"]}}],"collection":[{"href":"https:\/\/www.ghostysky.com\/es\/wp-json\/wp\/v2\/product"}],"about":[{"href":"https:\/\/www.ghostysky.com\/es\/wp-json\/wp\/v2\/types\/product"}],"replies":[{"embeddable":true,"href":"https:\/\/www.ghostysky.com\/es\/wp-json\/wp\/v2\/comments?post=24109"}],"version-history":[{"count":0,"href":"https:\/\/www.ghostysky.com\/es\/wp-json\/wp\/v2\/product\/24109\/revisions"}],"wp:featuredmedia":[{"embeddable":true,"href":"https:\/\/www.ghostysky.com\/es\/wp-json\/wp\/v2\/media\/24111"}],"wp:attachment":[{"href":"https:\/\/www.ghostysky.com\/es\/wp-json\/wp\/v2\/media?parent=24109"}],"wp:term":[{"taxonomy":"product_brand","embeddable":true,"href":"https:\/\/www.ghostysky.com\/es\/wp-json\/wp\/v2\/product_brand?post=24109"},{"taxonomy":"product_cat","embeddable":true,"href":"https:\/\/www.ghostysky.com\/es\/wp-json\/wp\/v2\/product_cat?post=24109"},{"taxonomy":"product_tag","embeddable":true,"href":"https:\/\/www.ghostysky.com\/es\/wp-json\/wp\/v2\/product_tag?post=24109"}],"curies":[{"name":"wp","href":"https:\/\/api.w.org\/{rel}","templated":true}]}}