{"id":24119,"date":"2026-02-08T08:52:55","date_gmt":"2026-02-08T08:52:55","guid":{"rendered":"https:\/\/www.ghostysky.com\/?post_type=product&#038;p=24119"},"modified":"2026-02-08T09:01:53","modified_gmt":"2026-02-08T09:01:53","slug":"gdu-s200-4g-expansion-module","status":"publish","type":"product","link":"https:\/\/www.ghostysky.com\/es\/product\/gdu-s200-4g-expansion-module\/","title":{"rendered":"M\u00f3dulo de expansi\u00f3n GDU S200 4G"},"content":{"rendered":"<h3 data-path-to-node=\"1\">Caracter\u00edsticas clave<\/h3>\n<ul data-path-to-node=\"2\">\n<li>\n<p data-path-to-node=\"2,0,0\"><b data-path-to-node=\"2,0,0\" data-index-in-node=\"0\"><span class=\"citation-146\">M\u00e1s all\u00e1 de la l\u00ednea visual de visi\u00f3n (BVLOS):<\/span><\/b><span class=\"citation-146 citation-end-146\"> Al utilizar redes 4G\/LTE, el m\u00f3dulo elimina las restricciones de distancia de los controladores remotos est\u00e1ndar, lo que permite operaciones de largo alcance dondequiera que haya cobertura celular.<\/span><\/p>\n<\/li>\n<li>\n<p data-path-to-node=\"2,1,0\"><b data-path-to-node=\"2,1,0\" data-index-in-node=\"0\">Estabilidad de transmisi\u00f3n mejorada:<\/b> Proporciona un enlace de datos redundante. <span class=\"citation-145 citation-end-145\">Si la se\u00f1al principal de estilo OcuSync se ve obstruida por edificios o terreno, el m\u00f3dulo 4G mantiene la transmisi\u00f3n de video y la telemetr\u00eda.<\/span><\/p>\n<\/li>\n<li>\n<p data-path-to-node=\"2,2,0\"><b data-path-to-node=\"2,2,0\" data-index-in-node=\"0\"><span class=\"citation-144\">Sincronizaci\u00f3n en la nube:<\/span><\/b><span class=\"citation-144 citation-end-144\"> Permite la carga de datos en tiempo real y el monitoreo remoto de misiones a trav\u00e9s de las plataformas en la nube de GDU, lo cual es esencial para la coordinaci\u00f3n del centro de comando.<\/span><\/p>\n<\/li>\n<li>\n<p data-path-to-node=\"2,3,0\"><b data-path-to-node=\"2,3,0\" data-index-in-node=\"0\">Integraci\u00f3n Plug-and-Play:<\/b> Dise\u00f1ado para el puerto de expansi\u00f3n dedicado del S200, el m\u00f3dulo es compacto y liviano para garantizar que no afecte significativamente la resistencia del vuelo.<\/p>\n<\/li>\n<\/ul>\n<h3 data-path-to-node=\"4\">Especificaciones t\u00e9cnicas<\/h3>\n<table data-path-to-node=\"5\">\n<thead>\n<tr>\n<td><strong>Caracter\u00edstica<\/strong><\/td>\n<td><strong>Detalles<\/strong><\/td>\n<\/tr>\n<\/thead>\n<tbody>\n<tr>\n<td><span data-path-to-node=\"5,1,0,0\"><b data-path-to-node=\"5,1,0,0\" data-index-in-node=\"0\">Modelo<\/b><\/span><\/td>\n<td><span data-path-to-node=\"5,1,1,0\">A4G-200A<\/span><\/td>\n<\/tr>\n<tr>\n<td><span data-path-to-node=\"5,2,0,0\"><b data-path-to-node=\"5,2,0,0\" data-index-in-node=\"0\">Compatibilidad<\/b><\/span><\/td>\n<td><span data-path-to-node=\"5,2,1,0\">GDU S200, S220, S220 Pro<\/span><\/td>\n<\/tr>\n<tr>\n<td><span data-path-to-node=\"5,3,0,0\"><b data-path-to-node=\"5,3,0,0\" data-index-in-node=\"0\">Interfaz<\/b><\/span><\/td>\n<td><span data-path-to-node=\"5,3,1,0\">Puerto de expansi\u00f3n\/tipo C dedicado<\/span><\/td>\n<\/tr>\n<tr>\n<td><span data-path-to-node=\"5,4,0,0\"><b data-path-to-node=\"5,4,0,0\" data-index-in-node=\"0\">Soporte de red<\/b><\/span><\/td>\n<td><span data-path-to-node=\"5,4,1,0\">4G LTE (requiere una tarjeta Nano-SIM)<\/span><\/td>\n<\/tr>\n<tr>\n<td><span data-path-to-node=\"5,5,0,0\"><b data-path-to-node=\"5,5,0,0\" data-index-in-node=\"0\">Funciones primarias<\/b><\/span><\/td>\n<td><span data-path-to-node=\"5,5,1,0\">Transmisi\u00f3n en tiempo real, control remoto en red, sincronizaci\u00f3n en la nube<\/span><\/td>\n<\/tr>\n<tr>\n<td><span data-path-to-node=\"5,6,0,0\"><b data-path-to-node=\"5,6,0,0\" data-index-in-node=\"0\">Temperatura de funcionamiento<\/b><\/span><\/td>\n<td><span data-path-to-node=\"5,6,1,0\">-20 \u00b0C a 50 \u00b0C (grado industrial)<\/span><\/td>\n<\/tr>\n<\/tbody>\n<\/table>\n<p>&nbsp;<\/p>\n<h3 data-path-to-node=\"7\">\u00bfPor qu\u00e9 usarlo?<\/h3>\n<p data-path-to-node=\"8\">En escenarios industriales como <b data-path-to-node=\"8\" data-index-in-node=\"29\">inspecciones de l\u00edneas el\u00e9ctricas<\/b>, <b data-path-to-node=\"8\" data-index-in-node=\"53\">seguridad urbana<\/b>, o <b data-path-to-node=\"8\" data-index-in-node=\"72\">b\u00fasqueda y rescate<\/b>, Las interferencias de se\u00f1al o los obst\u00e1culos f\u00edsicos suelen interrumpir la conexi\u00f3n entre el piloto y el dron. El m\u00f3dulo S200 4G act\u00faa como una red de seguridad, garantizando que la transmisi\u00f3n de video 8K y los datos de reconocimiento de IA se mantengan en vivo incluso en entornos complejos y ocluidos.<\/p>","protected":false},"excerpt":{"rendered":"<p><span class=\"citation-147\">El <\/span><b data-path-to-node=\"0\" data-index-in-node=\"4\"><span class=\"citation-147\">M\u00f3dulo de expansi\u00f3n GDU S200 4G<\/span><\/b><span class=\"citation-147\"> (Modelo: <\/span><b data-path-to-node=\"0\" data-index-in-node=\"41\"><span class=\"citation-147\">A4G-200A<\/span><\/b><span class=\"citation-147 citation-end-147\">) es una terminal a\u00e9rea especializada dise\u00f1ada espec\u00edficamente para los drones industriales de la serie GDU S200.<\/span> Sirve como un puente de comunicaci\u00f3n de alta velocidad que transfiere la conectividad del dron desde los enlaces de radiofrecuencia (RF) tradicionales a redes celulares.<\/p>","protected":false},"featured_media":24121,"comment_status":"open","ping_status":"closed","template":"","meta":[],"product_brand":[1369],"product_cat":[29,1360,1362,1359],"product_tag":[1370,1374,1371],"class_list":{"0":"post-24119","1":"product","2":"type-product","3":"status-publish","4":"has-post-thumbnail","6":"product_brand-gdu-tech","7":"product_cat-drones","8":"product_cat-gdu-s200-series","9":"product_cat-gdu-s200-series-accessories","10":"product_cat-gdu-tech","11":"product_tag-gdu-s200-series","12":"product_tag-gdu-s200-series-accessories","13":"product_tag-gdu-tech","15":"first","16":"outofstock","17":"taxable","18":"shipping-taxable","19":"product-type-simple"},"yoast_head":"<!-- This site is optimized with the Yoast SEO plugin v27.1.1 - https:\/\/yoast.com\/product\/yoast-seo-wordpress\/ -->\n<title>GDU S200 4G Expansion Module - Ghostysky<\/title>\n<meta name=\"description\" content=\"The GDU S200 4G Expansion Module (Model: A4G-200A) is a specialized airborne terminal designed specifically for the GDU S200 series industrial drones. It serves as a high-speed communication bridge that transitions the drone&#039;s connectivity from traditional radio frequency (RF) links to cellular networks.\" \/>\n<meta name=\"robots\" content=\"index, follow, max-snippet:-1, max-image-preview:large, max-video-preview:-1\" \/>\n<link rel=\"canonical\" href=\"https:\/\/www.ghostysky.com\/es\/producto-2\/gdu-s200-4g-expansion-module\/\" \/>\n<meta property=\"og:locale\" content=\"es_ES\" \/>\n<meta property=\"og:type\" content=\"article\" \/>\n<meta property=\"og:title\" content=\"GDU S200 4G Expansion Module - Ghostysky\" \/>\n<meta property=\"og:description\" content=\"The GDU S200 4G Expansion Module (Model: A4G-200A) is a specialized airborne terminal designed specifically for the GDU S200 series industrial drones. It serves as a high-speed communication bridge that transitions the drone&#039;s connectivity from traditional radio frequency (RF) links to cellular networks.\" \/>\n<meta property=\"og:url\" content=\"https:\/\/www.ghostysky.com\/es\/producto-2\/gdu-s200-4g-expansion-module\/\" \/>\n<meta property=\"og:site_name\" content=\"Ghostysky\" \/>\n<meta property=\"article:publisher\" content=\"https:\/\/www.facebook.com\/people\/Ghostysky\/100057676170234\/\" \/>\n<meta property=\"article:modified_time\" content=\"2026-02-08T09:01:53+00:00\" \/>\n<meta property=\"og:image\" content=\"https:\/\/www.ghostysky.com\/wp-content\/uploads\/2026\/02\/GH_GDU-S200-4G-Expansion-Module_1.webp\" \/>\n\t<meta property=\"og:image:width\" content=\"1200\" \/>\n\t<meta property=\"og:image:height\" content=\"1200\" \/>\n\t<meta property=\"og:image:type\" content=\"image\/webp\" \/>\n<meta name=\"twitter:card\" content=\"summary_large_image\" \/>\n<meta name=\"twitter:site\" content=\"@Gh0stysky\" \/>\n<meta name=\"twitter:label1\" content=\"Tiempo de lectura\" \/>\n\t<meta name=\"twitter:data1\" content=\"2 minutos\" \/>\n<script type=\"application\/ld+json\" class=\"yoast-schema-graph\">{\"@context\":\"https:\/\/schema.org\",\"@graph\":[{\"@type\":\"WebPage\",\"@id\":\"https:\/\/www.ghostysky.com\/product\/gdu-s200-4g-expansion-module\/\",\"url\":\"https:\/\/www.ghostysky.com\/product\/gdu-s200-4g-expansion-module\/\",\"name\":\"GDU S200 4G Expansion Module - Ghostysky\",\"isPartOf\":{\"@id\":\"https:\/\/www.ghostysky.com\/#website\"},\"primaryImageOfPage\":{\"@id\":\"https:\/\/www.ghostysky.com\/product\/gdu-s200-4g-expansion-module\/#primaryimage\"},\"image\":{\"@id\":\"https:\/\/www.ghostysky.com\/product\/gdu-s200-4g-expansion-module\/#primaryimage\"},\"thumbnailUrl\":\"https:\/\/www.ghostysky.com\/wp-content\/uploads\/2026\/02\/GH_GDU-S200-4G-Expansion-Module_1.webp\",\"datePublished\":\"2026-02-08T08:52:55+00:00\",\"dateModified\":\"2026-02-08T09:01:53+00:00\",\"description\":\"The GDU S200 4G Expansion Module (Model: A4G-200A) is a specialized airborne terminal designed specifically for the GDU S200 series industrial drones. It serves as a high-speed communication bridge that transitions the drone's connectivity from traditional radio frequency (RF) links to cellular networks.\",\"breadcrumb\":{\"@id\":\"https:\/\/www.ghostysky.com\/product\/gdu-s200-4g-expansion-module\/#breadcrumb\"},\"inLanguage\":\"es\",\"potentialAction\":[{\"@type\":\"ReadAction\",\"target\":[\"https:\/\/www.ghostysky.com\/product\/gdu-s200-4g-expansion-module\/\"]}]},{\"@type\":\"ImageObject\",\"inLanguage\":\"es\",\"@id\":\"https:\/\/www.ghostysky.com\/product\/gdu-s200-4g-expansion-module\/#primaryimage\",\"url\":\"https:\/\/www.ghostysky.com\/wp-content\/uploads\/2026\/02\/GH_GDU-S200-4G-Expansion-Module_1.webp\",\"contentUrl\":\"https:\/\/www.ghostysky.com\/wp-content\/uploads\/2026\/02\/GH_GDU-S200-4G-Expansion-Module_1.webp\",\"width\":1200,\"height\":1200},{\"@type\":\"BreadcrumbList\",\"@id\":\"https:\/\/www.ghostysky.com\/product\/gdu-s200-4g-expansion-module\/#breadcrumb\",\"itemListElement\":[{\"@type\":\"ListItem\",\"position\":1,\"name\":\"Home\",\"item\":\"https:\/\/www.ghostysky.com\/\"},{\"@type\":\"ListItem\",\"position\":2,\"name\":\"Shop\",\"item\":\"https:\/\/www.ghostysky.com\/shop\/\"},{\"@type\":\"ListItem\",\"position\":3,\"name\":\"GDU S200 4G Expansion Module\"}]},{\"@type\":\"WebSite\",\"@id\":\"https:\/\/www.ghostysky.com\/#website\",\"url\":\"https:\/\/www.ghostysky.com\/\",\"name\":\"Ghostysky\",\"description\":\"Delivering professional drones and services\",\"publisher\":{\"@id\":\"https:\/\/www.ghostysky.com\/#organization\"},\"potentialAction\":[{\"@type\":\"SearchAction\",\"target\":{\"@type\":\"EntryPoint\",\"urlTemplate\":\"https:\/\/www.ghostysky.com\/?s={search_term_string}\"},\"query-input\":{\"@type\":\"PropertyValueSpecification\",\"valueRequired\":true,\"valueName\":\"search_term_string\"}}],\"inLanguage\":\"es\"},{\"@type\":\"Organization\",\"@id\":\"https:\/\/www.ghostysky.com\/#organization\",\"name\":\"Ghostysky\",\"url\":\"https:\/\/www.ghostysky.com\/\",\"logo\":{\"@type\":\"ImageObject\",\"inLanguage\":\"es\",\"@id\":\"https:\/\/www.ghostysky.com\/#\/schema\/logo\/image\/\",\"url\":\"https:\/\/www.ghostysky.com\/wp-content\/uploads\/2020\/06\/cropped-ghostyskylogo_text_white2.png\",\"contentUrl\":\"https:\/\/www.ghostysky.com\/wp-content\/uploads\/2020\/06\/cropped-ghostyskylogo_text_white2.png\",\"width\":169,\"height\":56,\"caption\":\"Ghostysky\"},\"image\":{\"@id\":\"https:\/\/www.ghostysky.com\/#\/schema\/logo\/image\/\"},\"sameAs\":[\"https:\/\/www.facebook.com\/people\/Ghostysky\/100057676170234\/\",\"https:\/\/x.com\/Gh0stysky\",\"https:\/\/www.linkedin.com\/company\/34739653\",\"https:\/\/www.instagram.com\/gh0stysky\"]}]}<\/script>\n<!-- \/ Yoast SEO plugin. -->","yoast_head_json":{"title":"M\u00f3dulo de Expansi\u00f3n GDU S200 4G - Ghostysky","description":"El m\u00f3dulo de expansi\u00f3n 4G GDU S200 (modelo: A4G-200A) es una terminal a\u00e9rea especializada, dise\u00f1ada espec\u00edficamente para los drones industriales de la serie GDU S200. Sirve como puente de comunicaci\u00f3n de alta velocidad que conecta el dron con las redes de radiofrecuencia (RF) tradicionales y las redes celulares.","robots":{"index":"index","follow":"follow","max-snippet":"max-snippet:-1","max-image-preview":"max-image-preview:large","max-video-preview":"max-video-preview:-1"},"canonical":"https:\/\/www.ghostysky.com\/es\/producto-2\/gdu-s200-4g-expansion-module\/","og_locale":"es_ES","og_type":"article","og_title":"GDU S200 4G Expansion Module - Ghostysky","og_description":"The GDU S200 4G Expansion Module (Model: A4G-200A) is a specialized airborne terminal designed specifically for the GDU S200 series industrial drones. It serves as a high-speed communication bridge that transitions the drone's connectivity from traditional radio frequency (RF) links to cellular networks.","og_url":"https:\/\/www.ghostysky.com\/es\/producto-2\/gdu-s200-4g-expansion-module\/","og_site_name":"Ghostysky","article_publisher":"https:\/\/www.facebook.com\/people\/Ghostysky\/100057676170234\/","article_modified_time":"2026-02-08T09:01:53+00:00","og_image":[{"width":1200,"height":1200,"url":"https:\/\/www.ghostysky.com\/wp-content\/uploads\/2026\/02\/GH_GDU-S200-4G-Expansion-Module_1.webp","type":"image\/webp"}],"twitter_card":"summary_large_image","twitter_site":"@Gh0stysky","twitter_misc":{"Tiempo de lectura":"2 minutos"},"schema":{"@context":"https:\/\/schema.org","@graph":[{"@type":"WebPage","@id":"https:\/\/www.ghostysky.com\/product\/gdu-s200-4g-expansion-module\/","url":"https:\/\/www.ghostysky.com\/product\/gdu-s200-4g-expansion-module\/","name":"M\u00f3dulo de Expansi\u00f3n GDU S200 4G - Ghostysky","isPartOf":{"@id":"https:\/\/www.ghostysky.com\/#website"},"primaryImageOfPage":{"@id":"https:\/\/www.ghostysky.com\/product\/gdu-s200-4g-expansion-module\/#primaryimage"},"image":{"@id":"https:\/\/www.ghostysky.com\/product\/gdu-s200-4g-expansion-module\/#primaryimage"},"thumbnailUrl":"https:\/\/www.ghostysky.com\/wp-content\/uploads\/2026\/02\/GH_GDU-S200-4G-Expansion-Module_1.webp","datePublished":"2026-02-08T08:52:55+00:00","dateModified":"2026-02-08T09:01:53+00:00","description":"El m\u00f3dulo de expansi\u00f3n 4G GDU S200 (modelo: A4G-200A) es una terminal a\u00e9rea especializada, dise\u00f1ada espec\u00edficamente para los drones industriales de la serie GDU S200. Sirve como puente de comunicaci\u00f3n de alta velocidad que conecta el dron con las redes de radiofrecuencia (RF) tradicionales y las redes celulares.","breadcrumb":{"@id":"https:\/\/www.ghostysky.com\/product\/gdu-s200-4g-expansion-module\/#breadcrumb"},"inLanguage":"es","potentialAction":[{"@type":"ReadAction","target":["https:\/\/www.ghostysky.com\/product\/gdu-s200-4g-expansion-module\/"]}]},{"@type":"ImageObject","inLanguage":"es","@id":"https:\/\/www.ghostysky.com\/product\/gdu-s200-4g-expansion-module\/#primaryimage","url":"https:\/\/www.ghostysky.com\/wp-content\/uploads\/2026\/02\/GH_GDU-S200-4G-Expansion-Module_1.webp","contentUrl":"https:\/\/www.ghostysky.com\/wp-content\/uploads\/2026\/02\/GH_GDU-S200-4G-Expansion-Module_1.webp","width":1200,"height":1200},{"@type":"BreadcrumbList","@id":"https:\/\/www.ghostysky.com\/product\/gdu-s200-4g-expansion-module\/#breadcrumb","itemListElement":[{"@type":"ListItem","position":1,"name":"Home","item":"https:\/\/www.ghostysky.com\/"},{"@type":"ListItem","position":2,"name":"Shop","item":"https:\/\/www.ghostysky.com\/shop\/"},{"@type":"ListItem","position":3,"name":"GDU S200 4G Expansion Module"}]},{"@type":"WebSite","@id":"https:\/\/www.ghostysky.com\/#website","url":"https:\/\/www.ghostysky.com\/","name":"Ghostysky","description":"Entrega de drones y servicios profesionales","publisher":{"@id":"https:\/\/www.ghostysky.com\/#organization"},"potentialAction":[{"@type":"SearchAction","target":{"@type":"EntryPoint","urlTemplate":"https:\/\/www.ghostysky.com\/?s={search_term_string}"},"query-input":{"@type":"PropertyValueSpecification","valueRequired":true,"valueName":"search_term_string"}}],"inLanguage":"es"},{"@type":"Organization","@id":"https:\/\/www.ghostysky.com\/#organization","name":"Ghostysky","url":"https:\/\/www.ghostysky.com\/","logo":{"@type":"ImageObject","inLanguage":"es","@id":"https:\/\/www.ghostysky.com\/#\/schema\/logo\/image\/","url":"https:\/\/www.ghostysky.com\/wp-content\/uploads\/2020\/06\/cropped-ghostyskylogo_text_white2.png","contentUrl":"https:\/\/www.ghostysky.com\/wp-content\/uploads\/2020\/06\/cropped-ghostyskylogo_text_white2.png","width":169,"height":56,"caption":"Ghostysky"},"image":{"@id":"https:\/\/www.ghostysky.com\/#\/schema\/logo\/image\/"},"sameAs":["https:\/\/www.facebook.com\/people\/Ghostysky\/100057676170234\/","https:\/\/x.com\/Gh0stysky","https:\/\/www.linkedin.com\/company\/34739653","https:\/\/www.instagram.com\/gh0stysky"]}]}},"_links":{"self":[{"href":"https:\/\/www.ghostysky.com\/es\/wp-json\/wp\/v2\/product\/24119","targetHints":{"allow":["GET"]}}],"collection":[{"href":"https:\/\/www.ghostysky.com\/es\/wp-json\/wp\/v2\/product"}],"about":[{"href":"https:\/\/www.ghostysky.com\/es\/wp-json\/wp\/v2\/types\/product"}],"replies":[{"embeddable":true,"href":"https:\/\/www.ghostysky.com\/es\/wp-json\/wp\/v2\/comments?post=24119"}],"wp:featuredmedia":[{"embeddable":true,"href":"https:\/\/www.ghostysky.com\/es\/wp-json\/wp\/v2\/media\/24121"}],"wp:attachment":[{"href":"https:\/\/www.ghostysky.com\/es\/wp-json\/wp\/v2\/media?parent=24119"}],"wp:term":[{"taxonomy":"product_brand","embeddable":true,"href":"https:\/\/www.ghostysky.com\/es\/wp-json\/wp\/v2\/product_brand?post=24119"},{"taxonomy":"product_cat","embeddable":true,"href":"https:\/\/www.ghostysky.com\/es\/wp-json\/wp\/v2\/product_cat?post=24119"},{"taxonomy":"product_tag","embeddable":true,"href":"https:\/\/www.ghostysky.com\/es\/wp-json\/wp\/v2\/product_tag?post=24119"}],"curies":[{"name":"wp","href":"https:\/\/api.w.org\/{rel}","templated":true}]}}