{"id":24125,"date":"2026-02-08T09:01:28","date_gmt":"2026-02-08T09:01:28","guid":{"rendered":"https:\/\/www.ghostysky.com\/?post_type=product&#038;p=24125"},"modified":"2026-02-08T09:48:48","modified_gmt":"2026-02-08T09:48:48","slug":"gdu-400-lidar-sensor","status":"publish","type":"product","link":"https:\/\/www.ghostysky.com\/es\/product\/gdu-400-lidar-sensor\/","title":{"rendered":"Sensor lidar GDU 400"},"content":{"rendered":"<h3 data-path-to-node=\"6\">Caracter\u00edsticas clave<\/h3>\n<ul data-path-to-node=\"7\">\n<li>\n<p data-path-to-node=\"7,0,0\"><b data-path-to-node=\"7,0,0\" data-index-in-node=\"0\"><span class=\"citation-245\">Tecnolog\u00eda de triple eco:<\/span><\/b><span class=\"citation-245\"> Capaz de capturar hasta <\/span><b data-path-to-node=\"7,0,0\" data-index-in-node=\"51\"><span class=\"citation-245\">720.000 puntos por segundo<\/span><\/b><span class=\"citation-245 citation-end-245\">.<\/span> La capacidad de triple retorno permite que el l\u00e1ser penetre la vegetaci\u00f3n densa para mapear la verdadera superficie del suelo (DEM) debajo de las copas de los \u00e1rboles.<\/p>\n<\/li>\n<li>\n<p data-path-to-node=\"7,1,0\"><b data-path-to-node=\"7,1,0\" data-index-in-node=\"0\">Precisi\u00f3n de alta precisi\u00f3n:<\/b><span class=\"citation-244\"> Equipado con un GNSS de nivel profesional y una IMU de alta precisi\u00f3n, el sistema ofrece <\/span><b data-path-to-node=\"7,1,0\" data-index-in-node=\"109\"><span class=\"citation-244\">nivel centim\u00e9trico<\/span><\/b><span class=\"citation-244 citation-end-244\"> Precisi\u00f3n de la nube de puntos.<\/span><\/p>\n<\/li>\n<li>\n<p data-path-to-node=\"7,2,0\"><b data-path-to-node=\"7,2,0\" data-index-in-node=\"0\">Eficiencia operativa:<\/b><span class=\"citation-243\"> El sensor puede detectar objetos de hasta <\/span><b data-path-to-node=\"7,2,0\" data-index-in-node=\"60\"><span class=\"citation-243\">450 metros<\/span><\/b><span class=\"citation-243\"> (con reflectividad 80%) y es capaz de cubrir hasta <\/span><b data-path-to-node=\"7,2,0\" data-index-in-node=\"126\"><span class=\"citation-243\">2 kil\u00f3metros cuadrados<\/span><\/b><span class=\"citation-243 citation-end-243\"> en un solo vuelo.<\/span><\/p>\n<\/li>\n<li>\n<p data-path-to-node=\"7,3,0\"><b data-path-to-node=\"7,3,0\" data-index-in-node=\"0\">Im\u00e1genes integradas:<\/b><span class=\"citation-242 citation-end-242\"> Cuenta con una c\u00e1mara de mapeo incorporada que captura simult\u00e1neamente im\u00e1genes RGB ricas en detalles, lo que permite la creaci\u00f3n de nubes de puntos 3D de \u201ccolor verdadero\u201d.<\/span><\/p>\n<\/li>\n<li>\n<p data-path-to-node=\"7,4,0\"><b data-path-to-node=\"7,4,0\" data-index-in-node=\"0\">Dise\u00f1o ligero:<\/b> Solo pesaje <b data-path-to-node=\"7,4,0\" data-index-in-node=\"34\">1,07 kilogramos<\/b>, maximiza el tiempo de vuelo del dron S400 (hasta ~50+ minutos dependiendo de las condiciones).<\/p>\n<\/li>\n<\/ul>\n<h3 data-path-to-node=\"8\">Especificaciones t\u00e9cnicas<\/h3>\n<table data-path-to-node=\"9\">\n<thead>\n<tr>\n<td><strong>Caracter\u00edstica<\/strong><\/td>\n<td><strong>Especificaci\u00f3n<\/strong><\/td>\n<\/tr>\n<\/thead>\n<tbody>\n<tr>\n<td><span data-path-to-node=\"9,1,0,0\"><b data-path-to-node=\"9,1,0,0\" data-index-in-node=\"0\">Longitud de onda del l\u00e1ser<\/b><\/span><\/td>\n<td><span data-path-to-node=\"9,1,1,0\">905 nm<\/span><\/td>\n<\/tr>\n<tr>\n<td><span data-path-to-node=\"9,2,0,0\"><b data-path-to-node=\"9,2,0,0\" data-index-in-node=\"0\">Tasa de puntos<\/b><\/span><\/td>\n<td><span data-path-to-node=\"9,2,1,0\">720.000 pts\/s (Eco triple)<\/span><\/td>\n<\/tr>\n<tr>\n<td><span data-path-to-node=\"9,3,0,0\"><b data-path-to-node=\"9,3,0,0\" data-index-in-node=\"0\">Rango de detecci\u00f3n<\/b><\/span><\/td>\n<td><span data-path-to-node=\"9,3,1,0\">450 metros<\/span><\/td>\n<\/tr>\n<tr>\n<td><span data-path-to-node=\"9,4,0,0\"><b data-path-to-node=\"9,4,0,0\" data-index-in-node=\"0\">Campo de visi\u00f3n (FOV)<\/b><\/span><\/td>\n<td><span data-path-to-node=\"9,4,1,0\">70,4\u00b0 x 4,5\u00b0 (repetir escaneo)<\/span><\/td>\n<\/tr>\n<tr>\n<td><span data-path-to-node=\"9,5,0,0\"><b data-path-to-node=\"9,5,0,0\" data-index-in-node=\"0\">Protecci\u00f3n de entrada<\/b><\/span><\/td>\n<td><span data-path-to-node=\"9,5,1,0\">IP54 (resistente a la intemperie)<\/span><\/td>\n<\/tr>\n<tr>\n<td><span data-path-to-node=\"9,6,0,0\"><b data-path-to-node=\"9,6,0,0\" data-index-in-node=\"0\">Almacenamiento<\/b><\/span><\/td>\n<td><span data-path-to-node=\"9,6,1,0\">Soporte para tarjeta SD de 64 GB interna + 128 GB<\/span><\/td>\n<\/tr>\n<\/tbody>\n<\/table>\n<p>&nbsp;<\/p>\n<h3 data-path-to-node=\"11\">Aplicaciones comunes<\/h3>\n<ul data-path-to-node=\"12\">\n<li>\n<p data-path-to-node=\"12,0,0\"><b data-path-to-node=\"12,0,0\" data-index-in-node=\"0\"><span class=\"citation-241\">Inspecci\u00f3n de l\u00ednea el\u00e9ctrica:<\/span><\/b><span class=\"citation-241 citation-end-241\"> Detecci\u00f3n de invasi\u00f3n de vegetaci\u00f3n y hundimiento estructural con modelos 3D de alto detalle.<\/span><\/p>\n<\/li>\n<li>\n<p data-path-to-node=\"12,1,0\"><b data-path-to-node=\"12,1,0\" data-index-in-node=\"0\">Levantamiento topogr\u00e1fico:<\/b><span class=\"citation-240 citation-end-240\"> Generaci\u00f3n de modelos digitales de elevaci\u00f3n (DEM) en terrenos boscosos o accidentados.<\/span><\/p>\n<\/li>\n<li>\n<p data-path-to-node=\"12,2,0\"><b data-path-to-node=\"12,2,0\" data-index-in-node=\"0\">Gesti\u00f3n Forestal:<\/b> Medici\u00f3n de la altura de los \u00e1rboles, la densidad del dosel y la biomasa.<\/p>\n<\/li>\n<li>\n<p data-path-to-node=\"12,3,0\"><b data-path-to-node=\"12,3,0\" data-index-in-node=\"0\"><span class=\"citation-239\">Alivio de desastres:<\/span><\/b><span class=\"citation-239 citation-end-239\"> Reconstrucci\u00f3n r\u00e1pida en 3D de \u00e1reas de deslizamientos o zonas de terremotos.<\/span><\/p>\n<\/li>\n<\/ul>\n<p data-path-to-node=\"13\"><b data-path-to-node=\"13\" data-index-in-node=\"0\">Nota:<\/b><span class=\"citation-238\"> Si estaba buscando informaci\u00f3n espec\u00edficamente sobre el <\/span><b data-path-to-node=\"13\" data-index-in-node=\"62\"><span class=\"citation-238\">DJI Matrice 400<\/span><\/b><span class=\"citation-238\"> LiDAR de detecci\u00f3n de obst\u00e1culos (el sensor interno utilizado para la seguridad del vuelo), que es un sistema integrado <\/span><b data-path-to-node=\"13\" data-index-in-node=\"168\"><span class=\"citation-238\">LiDAR giratorio de 360\u00b0<\/span><\/b><span class=\"citation-238 citation-end-238\"> Se utiliza para evitar obst\u00e1culos omnidireccionales en lugar de mapear.<\/span><\/p>","protected":false},"excerpt":{"rendered":"<p><span class=\"citation-247\">El <\/span><b data-path-to-node=\"5\" data-index-in-node=\"4\"><span class=\"citation-247\">GDU PLI01<\/span><\/b><span class=\"citation-247\"> es un sistema LiDAR ligero y de alta precisi\u00f3n dise\u00f1ado espec\u00edficamente para <\/span><b data-path-to-node=\"5\" data-index-in-node=\"92\"><span class=\"citation-247\">Unidad de distribuci\u00f3n global S400E<\/span><\/b><span class=\"citation-247 citation-end-247\"> y drones industriales de la serie S400.<\/span> <span class=\"citation-246 citation-end-246\">Integra un esc\u00e1ner l\u00e1ser, un sistema de navegaci\u00f3n inercial (IMU) y una c\u00e1mara de mapeo de alta resoluci\u00f3n en una \u00fanica unidad de card\u00e1n desmontable.<\/span><\/p>","protected":false},"featured_media":24139,"comment_status":"open","ping_status":"closed","template":"","meta":[],"product_brand":[1369],"product_cat":[29,1378,1363,1359],"product_tag":[1380,1375,1371],"class_list":{"0":"post-24125","1":"product","2":"type-product","3":"status-publish","4":"has-post-thumbnail","6":"product_brand-gdu-tech","7":"product_cat-drones","8":"product_cat-gdu-s400-payloads","9":"product_cat-gdu-s400-series","10":"product_cat-gdu-tech","11":"product_tag-gdu-s400-payloads","12":"product_tag-gdu-s400-series","13":"product_tag-gdu-tech","15":"first","16":"outofstock","17":"taxable","18":"shipping-taxable","19":"purchasable","20":"product-type-simple"},"yoast_head":"<!-- This site is optimized with the Yoast SEO plugin v27.4 - https:\/\/yoast.com\/product\/yoast-seo-wordpress\/ -->\n<title>GDU 400 Lidar Sensor - Ghostysky<\/title>\n<meta name=\"description\" content=\"The GDU PLI01 is a high-precision, lightweight LiDAR system engineered specifically for the GDU S400E and S400 series industrial drones. It integrates a laser scanner, an inertial navigation system (IMU), and a high-resolution mapping camera into a single, detachable gimbal unit.\" \/>\n<meta name=\"robots\" content=\"index, follow, max-snippet:-1, max-image-preview:large, max-video-preview:-1\" \/>\n<link rel=\"canonical\" href=\"https:\/\/www.ghostysky.com\/es\/producto-2\/gdu-400-lidar-sensor\/\" \/>\n<meta property=\"og:locale\" content=\"es_ES\" \/>\n<meta property=\"og:type\" content=\"article\" \/>\n<meta property=\"og:title\" content=\"GDU 400 Lidar Sensor - Ghostysky\" \/>\n<meta property=\"og:description\" content=\"The GDU PLI01 is a high-precision, lightweight LiDAR system engineered specifically for the GDU S400E and S400 series industrial drones. It integrates a laser scanner, an inertial navigation system (IMU), and a high-resolution mapping camera into a single, detachable gimbal unit.\" \/>\n<meta property=\"og:url\" content=\"https:\/\/www.ghostysky.com\/es\/producto-2\/gdu-400-lidar-sensor\/\" \/>\n<meta property=\"og:site_name\" content=\"Ghostysky\" \/>\n<meta property=\"article:publisher\" content=\"https:\/\/www.facebook.com\/people\/Ghostysky\/100057676170234\/\" \/>\n<meta property=\"article:modified_time\" content=\"2026-02-08T09:48:48+00:00\" \/>\n<meta property=\"og:image\" content=\"https:\/\/www.ghostysky.com\/wp-content\/uploads\/2026\/02\/GH_GDU-400-Lidar-Sensor_1.webp\" \/>\n\t<meta property=\"og:image:width\" content=\"1200\" \/>\n\t<meta property=\"og:image:height\" content=\"1200\" \/>\n\t<meta property=\"og:image:type\" content=\"image\/webp\" \/>\n<meta name=\"twitter:card\" content=\"summary_large_image\" \/>\n<meta name=\"twitter:site\" content=\"@Gh0stysky\" \/>\n<meta name=\"twitter:label1\" content=\"Tiempo de lectura\" \/>\n\t<meta name=\"twitter:data1\" content=\"2 minutos\" \/>\n<script type=\"application\/ld+json\" class=\"yoast-schema-graph\">{\"@context\":\"https:\\\/\\\/schema.org\",\"@graph\":[{\"@type\":\"WebPage\",\"@id\":\"https:\\\/\\\/www.ghostysky.com\\\/product\\\/gdu-400-lidar-sensor\\\/\",\"url\":\"https:\\\/\\\/www.ghostysky.com\\\/product\\\/gdu-400-lidar-sensor\\\/\",\"name\":\"GDU 400 Lidar Sensor - Ghostysky\",\"isPartOf\":{\"@id\":\"https:\\\/\\\/www.ghostysky.com\\\/#website\"},\"primaryImageOfPage\":{\"@id\":\"https:\\\/\\\/www.ghostysky.com\\\/product\\\/gdu-400-lidar-sensor\\\/#primaryimage\"},\"image\":{\"@id\":\"https:\\\/\\\/www.ghostysky.com\\\/product\\\/gdu-400-lidar-sensor\\\/#primaryimage\"},\"thumbnailUrl\":\"https:\\\/\\\/www.ghostysky.com\\\/wp-content\\\/uploads\\\/2026\\\/02\\\/GH_GDU-400-Lidar-Sensor_1.webp\",\"datePublished\":\"2026-02-08T09:01:28+00:00\",\"dateModified\":\"2026-02-08T09:48:48+00:00\",\"description\":\"The GDU PLI01 is a high-precision, lightweight LiDAR system engineered specifically for the GDU S400E and S400 series industrial drones. It integrates a laser scanner, an inertial navigation system (IMU), and a high-resolution mapping camera into a single, detachable gimbal unit.\",\"breadcrumb\":{\"@id\":\"https:\\\/\\\/www.ghostysky.com\\\/product\\\/gdu-400-lidar-sensor\\\/#breadcrumb\"},\"inLanguage\":\"es\",\"potentialAction\":[{\"@type\":\"ReadAction\",\"target\":[\"https:\\\/\\\/www.ghostysky.com\\\/product\\\/gdu-400-lidar-sensor\\\/\"]}]},{\"@type\":\"ImageObject\",\"inLanguage\":\"es\",\"@id\":\"https:\\\/\\\/www.ghostysky.com\\\/product\\\/gdu-400-lidar-sensor\\\/#primaryimage\",\"url\":\"https:\\\/\\\/www.ghostysky.com\\\/wp-content\\\/uploads\\\/2026\\\/02\\\/GH_GDU-400-Lidar-Sensor_1.webp\",\"contentUrl\":\"https:\\\/\\\/www.ghostysky.com\\\/wp-content\\\/uploads\\\/2026\\\/02\\\/GH_GDU-400-Lidar-Sensor_1.webp\",\"width\":1200,\"height\":1200},{\"@type\":\"BreadcrumbList\",\"@id\":\"https:\\\/\\\/www.ghostysky.com\\\/product\\\/gdu-400-lidar-sensor\\\/#breadcrumb\",\"itemListElement\":[{\"@type\":\"ListItem\",\"position\":1,\"name\":\"Home\",\"item\":\"https:\\\/\\\/www.ghostysky.com\\\/\"},{\"@type\":\"ListItem\",\"position\":2,\"name\":\"Shop\",\"item\":\"https:\\\/\\\/www.ghostysky.com\\\/shop\\\/\"},{\"@type\":\"ListItem\",\"position\":3,\"name\":\"GDU 400 Lidar Sensor\"}]},{\"@type\":\"WebSite\",\"@id\":\"https:\\\/\\\/www.ghostysky.com\\\/#website\",\"url\":\"https:\\\/\\\/www.ghostysky.com\\\/\",\"name\":\"Ghostysky\",\"description\":\"Delivering professional drones and services\",\"publisher\":{\"@id\":\"https:\\\/\\\/www.ghostysky.com\\\/#organization\"},\"potentialAction\":[{\"@type\":\"SearchAction\",\"target\":{\"@type\":\"EntryPoint\",\"urlTemplate\":\"https:\\\/\\\/www.ghostysky.com\\\/?s={search_term_string}\"},\"query-input\":{\"@type\":\"PropertyValueSpecification\",\"valueRequired\":true,\"valueName\":\"search_term_string\"}}],\"inLanguage\":\"es\"},{\"@type\":\"Organization\",\"@id\":\"https:\\\/\\\/www.ghostysky.com\\\/#organization\",\"name\":\"Ghostysky\",\"url\":\"https:\\\/\\\/www.ghostysky.com\\\/\",\"logo\":{\"@type\":\"ImageObject\",\"inLanguage\":\"es\",\"@id\":\"https:\\\/\\\/www.ghostysky.com\\\/#\\\/schema\\\/logo\\\/image\\\/\",\"url\":\"https:\\\/\\\/www.ghostysky.com\\\/wp-content\\\/uploads\\\/2020\\\/06\\\/cropped-ghostyskylogo_text_white2.png\",\"contentUrl\":\"https:\\\/\\\/www.ghostysky.com\\\/wp-content\\\/uploads\\\/2020\\\/06\\\/cropped-ghostyskylogo_text_white2.png\",\"width\":169,\"height\":56,\"caption\":\"Ghostysky\"},\"image\":{\"@id\":\"https:\\\/\\\/www.ghostysky.com\\\/#\\\/schema\\\/logo\\\/image\\\/\"},\"sameAs\":[\"https:\\\/\\\/www.facebook.com\\\/people\\\/Ghostysky\\\/100057676170234\\\/\",\"https:\\\/\\\/x.com\\\/Gh0stysky\",\"https:\\\/\\\/www.linkedin.com\\\/company\\\/34739653\",\"https:\\\/\\\/www.instagram.com\\\/gh0stysky\"]}]}<\/script>\n<!-- \/ Yoast SEO plugin. -->","yoast_head_json":{"title":"Sensor Lidar GDU 400 - Ghostysky","description":"El GDU PLI01 es un sistema LiDAR ligero y de alta precisi\u00f3n, dise\u00f1ado espec\u00edficamente para los drones industriales de las series GDU S400E y S400. Integra un esc\u00e1ner l\u00e1ser, un sistema de navegaci\u00f3n inercial (IMU) y una c\u00e1mara de mapeo de alta resoluci\u00f3n en una \u00fanica unidad de card\u00e1n desmontable.","robots":{"index":"index","follow":"follow","max-snippet":"max-snippet:-1","max-image-preview":"max-image-preview:large","max-video-preview":"max-video-preview:-1"},"canonical":"https:\/\/www.ghostysky.com\/es\/producto-2\/gdu-400-lidar-sensor\/","og_locale":"es_ES","og_type":"article","og_title":"GDU 400 Lidar Sensor - Ghostysky","og_description":"The GDU PLI01 is a high-precision, lightweight LiDAR system engineered specifically for the GDU S400E and S400 series industrial drones. It integrates a laser scanner, an inertial navigation system (IMU), and a high-resolution mapping camera into a single, detachable gimbal unit.","og_url":"https:\/\/www.ghostysky.com\/es\/producto-2\/gdu-400-lidar-sensor\/","og_site_name":"Ghostysky","article_publisher":"https:\/\/www.facebook.com\/people\/Ghostysky\/100057676170234\/","article_modified_time":"2026-02-08T09:48:48+00:00","og_image":[{"width":1200,"height":1200,"url":"https:\/\/www.ghostysky.com\/wp-content\/uploads\/2026\/02\/GH_GDU-400-Lidar-Sensor_1.webp","type":"image\/webp"}],"twitter_card":"summary_large_image","twitter_site":"@Gh0stysky","twitter_misc":{"Tiempo de lectura":"2 minutos"},"schema":{"@context":"https:\/\/schema.org","@graph":[{"@type":"WebPage","@id":"https:\/\/www.ghostysky.com\/product\/gdu-400-lidar-sensor\/","url":"https:\/\/www.ghostysky.com\/product\/gdu-400-lidar-sensor\/","name":"Sensor Lidar GDU 400 - Ghostysky","isPartOf":{"@id":"https:\/\/www.ghostysky.com\/#website"},"primaryImageOfPage":{"@id":"https:\/\/www.ghostysky.com\/product\/gdu-400-lidar-sensor\/#primaryimage"},"image":{"@id":"https:\/\/www.ghostysky.com\/product\/gdu-400-lidar-sensor\/#primaryimage"},"thumbnailUrl":"https:\/\/www.ghostysky.com\/wp-content\/uploads\/2026\/02\/GH_GDU-400-Lidar-Sensor_1.webp","datePublished":"2026-02-08T09:01:28+00:00","dateModified":"2026-02-08T09:48:48+00:00","description":"El GDU PLI01 es un sistema LiDAR ligero y de alta precisi\u00f3n, dise\u00f1ado espec\u00edficamente para los drones industriales de las series GDU S400E y S400. Integra un esc\u00e1ner l\u00e1ser, un sistema de navegaci\u00f3n inercial (IMU) y una c\u00e1mara de mapeo de alta resoluci\u00f3n en una \u00fanica unidad de card\u00e1n desmontable.","breadcrumb":{"@id":"https:\/\/www.ghostysky.com\/product\/gdu-400-lidar-sensor\/#breadcrumb"},"inLanguage":"es","potentialAction":[{"@type":"ReadAction","target":["https:\/\/www.ghostysky.com\/product\/gdu-400-lidar-sensor\/"]}]},{"@type":"ImageObject","inLanguage":"es","@id":"https:\/\/www.ghostysky.com\/product\/gdu-400-lidar-sensor\/#primaryimage","url":"https:\/\/www.ghostysky.com\/wp-content\/uploads\/2026\/02\/GH_GDU-400-Lidar-Sensor_1.webp","contentUrl":"https:\/\/www.ghostysky.com\/wp-content\/uploads\/2026\/02\/GH_GDU-400-Lidar-Sensor_1.webp","width":1200,"height":1200},{"@type":"BreadcrumbList","@id":"https:\/\/www.ghostysky.com\/product\/gdu-400-lidar-sensor\/#breadcrumb","itemListElement":[{"@type":"ListItem","position":1,"name":"Home","item":"https:\/\/www.ghostysky.com\/"},{"@type":"ListItem","position":2,"name":"Shop","item":"https:\/\/www.ghostysky.com\/shop\/"},{"@type":"ListItem","position":3,"name":"GDU 400 Lidar Sensor"}]},{"@type":"WebSite","@id":"https:\/\/www.ghostysky.com\/#website","url":"https:\/\/www.ghostysky.com\/","name":"Ghostysky","description":"Entrega de drones y servicios profesionales","publisher":{"@id":"https:\/\/www.ghostysky.com\/#organization"},"potentialAction":[{"@type":"SearchAction","target":{"@type":"EntryPoint","urlTemplate":"https:\/\/www.ghostysky.com\/?s={search_term_string}"},"query-input":{"@type":"PropertyValueSpecification","valueRequired":true,"valueName":"search_term_string"}}],"inLanguage":"es"},{"@type":"Organization","@id":"https:\/\/www.ghostysky.com\/#organization","name":"Ghostysky","url":"https:\/\/www.ghostysky.com\/","logo":{"@type":"ImageObject","inLanguage":"es","@id":"https:\/\/www.ghostysky.com\/#\/schema\/logo\/image\/","url":"https:\/\/www.ghostysky.com\/wp-content\/uploads\/2020\/06\/cropped-ghostyskylogo_text_white2.png","contentUrl":"https:\/\/www.ghostysky.com\/wp-content\/uploads\/2020\/06\/cropped-ghostyskylogo_text_white2.png","width":169,"height":56,"caption":"Ghostysky"},"image":{"@id":"https:\/\/www.ghostysky.com\/#\/schema\/logo\/image\/"},"sameAs":["https:\/\/www.facebook.com\/people\/Ghostysky\/100057676170234\/","https:\/\/x.com\/Gh0stysky","https:\/\/www.linkedin.com\/company\/34739653","https:\/\/www.instagram.com\/gh0stysky"]}]}},"_links":{"self":[{"href":"https:\/\/www.ghostysky.com\/es\/wp-json\/wp\/v2\/product\/24125","targetHints":{"allow":["GET"]}}],"collection":[{"href":"https:\/\/www.ghostysky.com\/es\/wp-json\/wp\/v2\/product"}],"about":[{"href":"https:\/\/www.ghostysky.com\/es\/wp-json\/wp\/v2\/types\/product"}],"replies":[{"embeddable":true,"href":"https:\/\/www.ghostysky.com\/es\/wp-json\/wp\/v2\/comments?post=24125"}],"version-history":[{"count":0,"href":"https:\/\/www.ghostysky.com\/es\/wp-json\/wp\/v2\/product\/24125\/revisions"}],"wp:featuredmedia":[{"embeddable":true,"href":"https:\/\/www.ghostysky.com\/es\/wp-json\/wp\/v2\/media\/24139"}],"wp:attachment":[{"href":"https:\/\/www.ghostysky.com\/es\/wp-json\/wp\/v2\/media?parent=24125"}],"wp:term":[{"taxonomy":"product_brand","embeddable":true,"href":"https:\/\/www.ghostysky.com\/es\/wp-json\/wp\/v2\/product_brand?post=24125"},{"taxonomy":"product_cat","embeddable":true,"href":"https:\/\/www.ghostysky.com\/es\/wp-json\/wp\/v2\/product_cat?post=24125"},{"taxonomy":"product_tag","embeddable":true,"href":"https:\/\/www.ghostysky.com\/es\/wp-json\/wp\/v2\/product_tag?post=24125"}],"curies":[{"name":"wp","href":"https:\/\/api.w.org\/{rel}","templated":true}]}}