{"id":24126,"date":"2026-02-08T09:02:34","date_gmt":"2026-02-08T09:02:34","guid":{"rendered":"https:\/\/www.ghostysky.com\/?post_type=product&#038;p=24126"},"modified":"2026-02-08T09:09:41","modified_gmt":"2026-02-08T09:09:41","slug":"gdu-s200-remote-controller","status":"publish","type":"product","link":"https:\/\/www.ghostysky.com\/es\/product\/gdu-s200-remote-controller\/","title":{"rendered":"Control remoto GDU S200"},"content":{"rendered":"<h3 data-path-to-node=\"2\">Caracter\u00edsticas principales y rendimiento<\/h3>\n<ul data-path-to-node=\"3\">\n<li>\n<p data-path-to-node=\"3,0,0\"><b data-path-to-node=\"3,0,0\" data-index-in-node=\"0\"><span class=\"citation-168\">Pantalla integrada de alto brillo:<\/span><\/b><span class=\"citation-168\"> Cuenta con una <\/span><b data-path-to-node=\"3,0,0\" data-index-in-node=\"47\"><span class=\"citation-168\">Pantalla t\u00e1ctil de 7 pulgadas y 1080p<\/span><\/b><span class=\"citation-168\"> con un brillo de <\/span><b data-path-to-node=\"3,0,0\" data-index-in-node=\"93\"><span class=\"citation-168\">1000 nits<\/span><\/b><span class=\"citation-168 citation-end-168\">, lo que lo hace completamente legible incluso bajo la luz solar directa.<\/span><\/p>\n<\/li>\n<li>\n<p data-path-to-node=\"3,1,0\"><b data-path-to-node=\"3,1,0\" data-index-in-node=\"0\"><span class=\"citation-167\">Rango extendido:<\/span><\/b><span class=\"citation-167\"> Equipado con un sistema de antena 2T4R, admite un rango de transmisi\u00f3n de hasta <\/span><b data-path-to-node=\"3,1,0\" data-index-in-node=\"95\"><span class=\"citation-167\">15 kil\u00f3metros (FCC)<\/span><\/b><span class=\"citation-167 citation-end-167\"> o 8 km (CE\/SRRC), lo que garantiza una transmisi\u00f3n de video estable de 4K\/60 fps.<\/span><\/p>\n<\/li>\n<li>\n<p data-path-to-node=\"3,2,0\"><b data-path-to-node=\"3,2,0\" data-index-in-node=\"0\"><span class=\"citation-166\">Durabilidad industrial:<\/span><\/b><span class=\"citation-166\"> Calificado en <\/span><b data-path-to-node=\"3,2,0\" data-index-in-node=\"32\"><span class=\"citation-166\">IP54<\/span><\/b><span class=\"citation-166\"> Para resistencia al polvo y al agua, el controlador est\u00e1 dise\u00f1ado para funcionar en temperaturas extremas que van desde <\/span><b data-path-to-node=\"3,2,0\" data-index-in-node=\"143\"><span class=\"citation-166\">-20\u00b0C a +55\u00b0C<\/span><\/b><span class=\"citation-166 citation-end-166\">.<\/span><\/p>\n<\/li>\n<li>\n<p data-path-to-node=\"3,3,0\"><b data-path-to-node=\"3,3,0\" data-index-in-node=\"0\"><span class=\"citation-165\">Ecosistema basado en Android:<\/span><\/b><span class=\"citation-165\"> Se ejecuta en un sistema Android con el <\/span><b data-path-to-node=\"3,3,0\" data-index-in-node=\"60\"><span class=\"citation-165\">Vuelo II de GDU<\/span><\/b><span class=\"citation-165 citation-end-165\"> Aplicaci\u00f3n preinstalada, compatible con desarrollo de terceros y mapeo de botones personalizable (L1\/L2\/R1\/R2 y C1\/C2).<\/span><\/p>\n<\/li>\n<li>\n<p data-path-to-node=\"3,4,0\"><b data-path-to-node=\"3,4,0\" data-index-in-node=\"0\"><span class=\"citation-164\">Sistema de bater\u00eda dual:<\/span><\/b><span class=\"citation-164\"> Incluye una bater\u00eda incorporada de 7000 mAh m\u00e1s soporte para una bater\u00eda externa opcional, lo que extiende el tiempo de funcionamiento total a aproximadamente <\/span><b data-path-to-node=\"3,4,0\" data-index-in-node=\"152\"><span class=\"citation-164\">3 horas<\/span><\/b><span class=\"citation-164 citation-end-164\">.<\/span><\/p>\n<p>&nbsp;<\/li>\n<\/ul>\n<h3 data-path-to-node=\"5\">Especificaciones t\u00e9cnicas<\/h3>\n<table data-path-to-node=\"6\">\n<thead>\n<tr>\n<td><strong>Caracter\u00edstica<\/strong><\/td>\n<td><strong>Detalles<\/strong><\/td>\n<\/tr>\n<\/thead>\n<tbody>\n<tr>\n<td><span data-path-to-node=\"6,1,0,0\"><b data-path-to-node=\"6,1,0,0\" data-index-in-node=\"0\">Pantalla<\/b><\/span><\/td>\n<td><span data-path-to-node=\"6,1,1,0\">Pantalla t\u00e1ctil de 7\u2033 (1920 x 1080), multit\u00e1ctil de 10 puntos<\/span><\/td>\n<\/tr>\n<tr>\n<td><span data-path-to-node=\"6,2,0,0\"><b data-path-to-node=\"6,2,0,0\" data-index-in-node=\"0\">Frecuencia de transmisi\u00f3n<\/b><\/span><\/td>\n<td><span data-path-to-node=\"6,2,1,0\">Doble banda de 2,4 GHz y 5,8 GHz<\/span><\/td>\n<\/tr>\n<tr>\n<td><span data-path-to-node=\"6,3,0,0\"><b data-path-to-node=\"6,3,0,0\" data-index-in-node=\"0\">Salida de v\u00eddeo<\/b><\/span><\/td>\n<td><span data-path-to-node=\"6,3,1,0\">HDMI (admite transmisi\u00f3n H.265 4K\/60 fps)<\/span><\/td>\n<\/tr>\n<tr>\n<td><span data-path-to-node=\"6,4,0,0\"><b data-path-to-node=\"6,4,0,0\" data-index-in-node=\"0\">Almacenamiento<\/b><\/span><\/td>\n<td><span data-path-to-node=\"6,4,1,0\">4 GB de RAM + 64 GB de ROM (ampliable mediante tarjeta SD a 128 GB)<\/span><\/td>\n<\/tr>\n<tr>\n<td><span data-path-to-node=\"6,5,0,0\"><b data-path-to-node=\"6,5,0,0\" data-index-in-node=\"0\">Conectividad<\/b><\/span><\/td>\n<td><span data-path-to-node=\"6,5,1,0\">USB-A, USB-C (carga\/datos), HDMI, ranura para tarjeta SIM<\/span><\/td>\n<\/tr>\n<tr>\n<td><span data-path-to-node=\"6,6,0,0\"><b data-path-to-node=\"6,6,0,0\" data-index-in-node=\"0\">Posicionamiento por sat\u00e9lite<\/b><\/span><\/td>\n<td><span data-path-to-node=\"6,6,1,0\">GPS + BeiDou<\/span><\/td>\n<\/tr>\n<tr>\n<td><span data-path-to-node=\"6,7,0,0\"><b data-path-to-node=\"6,7,0,0\" data-index-in-node=\"0\">Cargando<\/b><\/span><\/td>\n<td><span data-path-to-node=\"6,7,1,0\">Carga r\u00e1pida: 0\u201390% en 1,5 horas<\/span><\/td>\n<\/tr>\n<\/tbody>\n<\/table>\n<p>&nbsp;<\/p>\n<h3 data-path-to-node=\"8\">Experiencia y control del usuario<\/h3>\n<p data-path-to-node=\"9\">El controlador est\u00e1 dise\u00f1ado para un vuelo ergon\u00f3mico de alto riesgo. <span class=\"citation-163\">Incluye un dedicado <\/span><b data-path-to-node=\"9\" data-index-in-node=\"86\"><span class=\"citation-163\">Parada de emergencia<\/span><\/b><span class=\"citation-163\"> Bot\u00f3n para pasar el cursor instant\u00e1neamente, un bot\u00f3n f\u00edsico <\/span><b data-path-to-node=\"9\" data-index-in-node=\"141\"><span class=\"citation-163\">Interruptor de modo de vuelo<\/span><\/b><span class=\"citation-163 citation-end-163\"> (Modos Tr\u00edpode, Est\u00e1ndar, Deportivo y Actitud) y diales dobles para ajuste simult\u00e1neo del paso del card\u00e1n y EV.<\/span><\/p>\n<blockquote data-path-to-node=\"10\">\n<p data-path-to-node=\"10,0\"><b data-path-to-node=\"10,0\" data-index-in-node=\"0\">Nota:<\/b><span class=\"citation-162 citation-end-162\"> El dispositivo admite \u201ccomunicaci\u00f3n de mensajes cortos\u201d, lo que le permite enviar datos y mensajes incluso en \u00e1reas sin cobertura celular 4G\/5G tradicional cuando se combina con las capacidades satelitales del dron S200.<\/span><\/p>\n<\/blockquote>","protected":false},"excerpt":{"rendered":"<p><span class=\"citation-170\">El <\/span><b data-path-to-node=\"0\" data-index-in-node=\"4\"><span class=\"citation-170\">Unidad de distribuci\u00f3n de energ\u00eda PYK-200<\/span><\/b><span class=\"citation-170 citation-end-170\"> (com\u00fanmente conocido como controlador remoto S200) es una estaci\u00f3n de control terrestre de grado industrial dise\u00f1ada espec\u00edficamente para los drones de la serie GDU S200.<\/span> <span class=\"citation-169 citation-end-169\">Est\u00e1 dise\u00f1ado para manejar misiones profesionales como inspecciones de l\u00edneas el\u00e9ctricas, respuesta a emergencias y topograf\u00eda a gran escala combinando una \u00f3ptica de alto brillo con una conectividad robusta.<\/span><\/p>","protected":false},"featured_media":24127,"comment_status":"open","ping_status":"closed","template":"","meta":[],"product_brand":[1369],"product_cat":[29,1360,1362,1359],"product_tag":[1370,1374,1371],"class_list":{"0":"post-24126","1":"product","2":"type-product","3":"status-publish","4":"has-post-thumbnail","6":"product_brand-gdu-tech","7":"product_cat-drones","8":"product_cat-gdu-s200-series","9":"product_cat-gdu-s200-series-accessories","10":"product_cat-gdu-tech","11":"product_tag-gdu-s200-series","12":"product_tag-gdu-s200-series-accessories","13":"product_tag-gdu-tech","15":"first","16":"outofstock","17":"taxable","18":"shipping-taxable","19":"purchasable","20":"product-type-simple"},"yoast_head":"<!-- This site is optimized with the Yoast SEO plugin v27.1.1 - https:\/\/yoast.com\/product\/yoast-seo-wordpress\/ -->\n<title>GDU S200 remote controller - Ghostysky<\/title>\n<meta name=\"description\" content=\"The GDU PYK-200 (commonly referred to as the S200 Remote Controller) is an industrial-grade ground control station designed specifically for the GDU S200 series drones. It is built to handle professional missions like powerline inspections, emergency response, and large-scale surveying by combining high-brightness optics with robust connectivity.\" \/>\n<meta name=\"robots\" content=\"index, follow, max-snippet:-1, max-image-preview:large, max-video-preview:-1\" \/>\n<link rel=\"canonical\" href=\"https:\/\/www.ghostysky.com\/es\/producto-2\/gdu-s200-remote-controller\/\" \/>\n<meta property=\"og:locale\" content=\"es_ES\" \/>\n<meta property=\"og:type\" content=\"article\" \/>\n<meta property=\"og:title\" content=\"GDU S200 remote controller - Ghostysky\" \/>\n<meta property=\"og:description\" content=\"The GDU PYK-200 (commonly referred to as the S200 Remote Controller) is an industrial-grade ground control station designed specifically for the GDU S200 series drones. It is built to handle professional missions like powerline inspections, emergency response, and large-scale surveying by combining high-brightness optics with robust connectivity.\" \/>\n<meta property=\"og:url\" content=\"https:\/\/www.ghostysky.com\/es\/producto-2\/gdu-s200-remote-controller\/\" \/>\n<meta property=\"og:site_name\" content=\"Ghostysky\" \/>\n<meta property=\"article:publisher\" content=\"https:\/\/www.facebook.com\/people\/Ghostysky\/100057676170234\/\" \/>\n<meta property=\"article:modified_time\" content=\"2026-02-08T09:09:41+00:00\" \/>\n<meta property=\"og:image\" content=\"https:\/\/www.ghostysky.com\/wp-content\/uploads\/2026\/02\/GH_GDU-S200-remote-controller_.webp\" \/>\n\t<meta property=\"og:image:width\" content=\"1200\" \/>\n\t<meta property=\"og:image:height\" content=\"1200\" \/>\n\t<meta property=\"og:image:type\" content=\"image\/webp\" \/>\n<meta name=\"twitter:card\" content=\"summary_large_image\" \/>\n<meta name=\"twitter:site\" content=\"@Gh0stysky\" \/>\n<meta name=\"twitter:label1\" content=\"Tiempo de lectura\" \/>\n\t<meta name=\"twitter:data1\" content=\"2 minutos\" \/>\n<script type=\"application\/ld+json\" class=\"yoast-schema-graph\">{\"@context\":\"https:\/\/schema.org\",\"@graph\":[{\"@type\":\"WebPage\",\"@id\":\"https:\/\/www.ghostysky.com\/product\/gdu-s200-remote-controller\/\",\"url\":\"https:\/\/www.ghostysky.com\/product\/gdu-s200-remote-controller\/\",\"name\":\"GDU S200 remote controller - Ghostysky\",\"isPartOf\":{\"@id\":\"https:\/\/www.ghostysky.com\/#website\"},\"primaryImageOfPage\":{\"@id\":\"https:\/\/www.ghostysky.com\/product\/gdu-s200-remote-controller\/#primaryimage\"},\"image\":{\"@id\":\"https:\/\/www.ghostysky.com\/product\/gdu-s200-remote-controller\/#primaryimage\"},\"thumbnailUrl\":\"https:\/\/www.ghostysky.com\/wp-content\/uploads\/2026\/02\/GH_GDU-S200-remote-controller_.webp\",\"datePublished\":\"2026-02-08T09:02:34+00:00\",\"dateModified\":\"2026-02-08T09:09:41+00:00\",\"description\":\"The GDU PYK-200 (commonly referred to as the S200 Remote Controller) is an industrial-grade ground control station designed specifically for the GDU S200 series drones. It is built to handle professional missions like powerline inspections, emergency response, and large-scale surveying by combining high-brightness optics with robust connectivity.\",\"breadcrumb\":{\"@id\":\"https:\/\/www.ghostysky.com\/product\/gdu-s200-remote-controller\/#breadcrumb\"},\"inLanguage\":\"es\",\"potentialAction\":[{\"@type\":\"ReadAction\",\"target\":[\"https:\/\/www.ghostysky.com\/product\/gdu-s200-remote-controller\/\"]}]},{\"@type\":\"ImageObject\",\"inLanguage\":\"es\",\"@id\":\"https:\/\/www.ghostysky.com\/product\/gdu-s200-remote-controller\/#primaryimage\",\"url\":\"https:\/\/www.ghostysky.com\/wp-content\/uploads\/2026\/02\/GH_GDU-S200-remote-controller_.webp\",\"contentUrl\":\"https:\/\/www.ghostysky.com\/wp-content\/uploads\/2026\/02\/GH_GDU-S200-remote-controller_.webp\",\"width\":1200,\"height\":1200},{\"@type\":\"BreadcrumbList\",\"@id\":\"https:\/\/www.ghostysky.com\/product\/gdu-s200-remote-controller\/#breadcrumb\",\"itemListElement\":[{\"@type\":\"ListItem\",\"position\":1,\"name\":\"Home\",\"item\":\"https:\/\/www.ghostysky.com\/\"},{\"@type\":\"ListItem\",\"position\":2,\"name\":\"Shop\",\"item\":\"https:\/\/www.ghostysky.com\/shop\/\"},{\"@type\":\"ListItem\",\"position\":3,\"name\":\"GDU S200 remote controller\"}]},{\"@type\":\"WebSite\",\"@id\":\"https:\/\/www.ghostysky.com\/#website\",\"url\":\"https:\/\/www.ghostysky.com\/\",\"name\":\"Ghostysky\",\"description\":\"Delivering professional drones and services\",\"publisher\":{\"@id\":\"https:\/\/www.ghostysky.com\/#organization\"},\"potentialAction\":[{\"@type\":\"SearchAction\",\"target\":{\"@type\":\"EntryPoint\",\"urlTemplate\":\"https:\/\/www.ghostysky.com\/?s={search_term_string}\"},\"query-input\":{\"@type\":\"PropertyValueSpecification\",\"valueRequired\":true,\"valueName\":\"search_term_string\"}}],\"inLanguage\":\"es\"},{\"@type\":\"Organization\",\"@id\":\"https:\/\/www.ghostysky.com\/#organization\",\"name\":\"Ghostysky\",\"url\":\"https:\/\/www.ghostysky.com\/\",\"logo\":{\"@type\":\"ImageObject\",\"inLanguage\":\"es\",\"@id\":\"https:\/\/www.ghostysky.com\/#\/schema\/logo\/image\/\",\"url\":\"https:\/\/www.ghostysky.com\/wp-content\/uploads\/2020\/06\/cropped-ghostyskylogo_text_white2.png\",\"contentUrl\":\"https:\/\/www.ghostysky.com\/wp-content\/uploads\/2020\/06\/cropped-ghostyskylogo_text_white2.png\",\"width\":169,\"height\":56,\"caption\":\"Ghostysky\"},\"image\":{\"@id\":\"https:\/\/www.ghostysky.com\/#\/schema\/logo\/image\/\"},\"sameAs\":[\"https:\/\/www.facebook.com\/people\/Ghostysky\/100057676170234\/\",\"https:\/\/x.com\/Gh0stysky\",\"https:\/\/www.linkedin.com\/company\/34739653\",\"https:\/\/www.instagram.com\/gh0stysky\"]}]}<\/script>\n<!-- \/ Yoast SEO plugin. -->","yoast_head_json":{"title":"Control remoto GDU S200 - Ghostysky","description":"El GDU PYK-200 (com\u00fanmente conocido como el Control Remoto S200) es una estaci\u00f3n de control terrestre de grado industrial dise\u00f1ada espec\u00edficamente para los drones de la serie GDU S200. Est\u00e1 dise\u00f1ado para realizar misiones profesionales como inspecciones de l\u00edneas el\u00e9ctricas, respuesta a emergencias y topograf\u00eda a gran escala, combinando una \u00f3ptica de alto brillo con una conectividad robusta.","robots":{"index":"index","follow":"follow","max-snippet":"max-snippet:-1","max-image-preview":"max-image-preview:large","max-video-preview":"max-video-preview:-1"},"canonical":"https:\/\/www.ghostysky.com\/es\/producto-2\/gdu-s200-remote-controller\/","og_locale":"es_ES","og_type":"article","og_title":"GDU S200 remote controller - Ghostysky","og_description":"The GDU PYK-200 (commonly referred to as the S200 Remote Controller) is an industrial-grade ground control station designed specifically for the GDU S200 series drones. It is built to handle professional missions like powerline inspections, emergency response, and large-scale surveying by combining high-brightness optics with robust connectivity.","og_url":"https:\/\/www.ghostysky.com\/es\/producto-2\/gdu-s200-remote-controller\/","og_site_name":"Ghostysky","article_publisher":"https:\/\/www.facebook.com\/people\/Ghostysky\/100057676170234\/","article_modified_time":"2026-02-08T09:09:41+00:00","og_image":[{"width":1200,"height":1200,"url":"https:\/\/www.ghostysky.com\/wp-content\/uploads\/2026\/02\/GH_GDU-S200-remote-controller_.webp","type":"image\/webp"}],"twitter_card":"summary_large_image","twitter_site":"@Gh0stysky","twitter_misc":{"Tiempo de lectura":"2 minutos"},"schema":{"@context":"https:\/\/schema.org","@graph":[{"@type":"WebPage","@id":"https:\/\/www.ghostysky.com\/product\/gdu-s200-remote-controller\/","url":"https:\/\/www.ghostysky.com\/product\/gdu-s200-remote-controller\/","name":"Control remoto GDU S200 - Ghostysky","isPartOf":{"@id":"https:\/\/www.ghostysky.com\/#website"},"primaryImageOfPage":{"@id":"https:\/\/www.ghostysky.com\/product\/gdu-s200-remote-controller\/#primaryimage"},"image":{"@id":"https:\/\/www.ghostysky.com\/product\/gdu-s200-remote-controller\/#primaryimage"},"thumbnailUrl":"https:\/\/www.ghostysky.com\/wp-content\/uploads\/2026\/02\/GH_GDU-S200-remote-controller_.webp","datePublished":"2026-02-08T09:02:34+00:00","dateModified":"2026-02-08T09:09:41+00:00","description":"El GDU PYK-200 (com\u00fanmente conocido como el Control Remoto S200) es una estaci\u00f3n de control terrestre de grado industrial dise\u00f1ada espec\u00edficamente para los drones de la serie GDU S200. Est\u00e1 dise\u00f1ado para realizar misiones profesionales como inspecciones de l\u00edneas el\u00e9ctricas, respuesta a emergencias y topograf\u00eda a gran escala, combinando una \u00f3ptica de alto brillo con una conectividad robusta.","breadcrumb":{"@id":"https:\/\/www.ghostysky.com\/product\/gdu-s200-remote-controller\/#breadcrumb"},"inLanguage":"es","potentialAction":[{"@type":"ReadAction","target":["https:\/\/www.ghostysky.com\/product\/gdu-s200-remote-controller\/"]}]},{"@type":"ImageObject","inLanguage":"es","@id":"https:\/\/www.ghostysky.com\/product\/gdu-s200-remote-controller\/#primaryimage","url":"https:\/\/www.ghostysky.com\/wp-content\/uploads\/2026\/02\/GH_GDU-S200-remote-controller_.webp","contentUrl":"https:\/\/www.ghostysky.com\/wp-content\/uploads\/2026\/02\/GH_GDU-S200-remote-controller_.webp","width":1200,"height":1200},{"@type":"BreadcrumbList","@id":"https:\/\/www.ghostysky.com\/product\/gdu-s200-remote-controller\/#breadcrumb","itemListElement":[{"@type":"ListItem","position":1,"name":"Home","item":"https:\/\/www.ghostysky.com\/"},{"@type":"ListItem","position":2,"name":"Shop","item":"https:\/\/www.ghostysky.com\/shop\/"},{"@type":"ListItem","position":3,"name":"GDU S200 remote controller"}]},{"@type":"WebSite","@id":"https:\/\/www.ghostysky.com\/#website","url":"https:\/\/www.ghostysky.com\/","name":"Ghostysky","description":"Entrega de drones y servicios profesionales","publisher":{"@id":"https:\/\/www.ghostysky.com\/#organization"},"potentialAction":[{"@type":"SearchAction","target":{"@type":"EntryPoint","urlTemplate":"https:\/\/www.ghostysky.com\/?s={search_term_string}"},"query-input":{"@type":"PropertyValueSpecification","valueRequired":true,"valueName":"search_term_string"}}],"inLanguage":"es"},{"@type":"Organization","@id":"https:\/\/www.ghostysky.com\/#organization","name":"Ghostysky","url":"https:\/\/www.ghostysky.com\/","logo":{"@type":"ImageObject","inLanguage":"es","@id":"https:\/\/www.ghostysky.com\/#\/schema\/logo\/image\/","url":"https:\/\/www.ghostysky.com\/wp-content\/uploads\/2020\/06\/cropped-ghostyskylogo_text_white2.png","contentUrl":"https:\/\/www.ghostysky.com\/wp-content\/uploads\/2020\/06\/cropped-ghostyskylogo_text_white2.png","width":169,"height":56,"caption":"Ghostysky"},"image":{"@id":"https:\/\/www.ghostysky.com\/#\/schema\/logo\/image\/"},"sameAs":["https:\/\/www.facebook.com\/people\/Ghostysky\/100057676170234\/","https:\/\/x.com\/Gh0stysky","https:\/\/www.linkedin.com\/company\/34739653","https:\/\/www.instagram.com\/gh0stysky"]}]}},"_links":{"self":[{"href":"https:\/\/www.ghostysky.com\/es\/wp-json\/wp\/v2\/product\/24126","targetHints":{"allow":["GET"]}}],"collection":[{"href":"https:\/\/www.ghostysky.com\/es\/wp-json\/wp\/v2\/product"}],"about":[{"href":"https:\/\/www.ghostysky.com\/es\/wp-json\/wp\/v2\/types\/product"}],"replies":[{"embeddable":true,"href":"https:\/\/www.ghostysky.com\/es\/wp-json\/wp\/v2\/comments?post=24126"}],"wp:featuredmedia":[{"embeddable":true,"href":"https:\/\/www.ghostysky.com\/es\/wp-json\/wp\/v2\/media\/24127"}],"wp:attachment":[{"href":"https:\/\/www.ghostysky.com\/es\/wp-json\/wp\/v2\/media?parent=24126"}],"wp:term":[{"taxonomy":"product_brand","embeddable":true,"href":"https:\/\/www.ghostysky.com\/es\/wp-json\/wp\/v2\/product_brand?post=24126"},{"taxonomy":"product_cat","embeddable":true,"href":"https:\/\/www.ghostysky.com\/es\/wp-json\/wp\/v2\/product_cat?post=24126"},{"taxonomy":"product_tag","embeddable":true,"href":"https:\/\/www.ghostysky.com\/es\/wp-json\/wp\/v2\/product_tag?post=24126"}],"curies":[{"name":"wp","href":"https:\/\/api.w.org\/{rel}","templated":true}]}}